{"id":49561,"date":"2026-04-12T08:27:08","date_gmt":"2026-04-12T06:27:08","guid":{"rendered":"https:\/\/dev6.erresse-shop.it\/shop\/unkategorisiert\/portmeirion-pomona-teekanne-1-1-lt\/"},"modified":"2026-01-09T01:56:09","modified_gmt":"2026-01-09T00:56:09","slug":"portmeirion-pomona-teekanne-1-1-lt","status":"publish","type":"product","link":"https:\/\/dev6.erresse-shop.it\/de\/shop\/tisch\/teekannen-zuckerdosen-milchkannen\/portmeirion-pomona-teekanne-1-1-lt\/","title":{"rendered":"PORTMEIRION Pomona Teekanne 1.1 LT"},"content":{"rendered":"<p>Mit seinen Fruchtdarstellungen ist Pomona eine klassisch gestaltete Geschirrserie, die die Natur in das Herz des Hauses bringt. Benannt nach der antiken r\u00f6mischen G\u00f6ttin der Fr\u00fcchte, ist jedes Pomona-St\u00fcck mit einer von sechs \u00fcppigen Fr\u00fcchten aus handkolorierten B\u00fcchern der 1830er Jahre gemustert. Dieses Produkt wird in unseren Ateliers in Stoke on Trent, England, entworfen.<\/p>\n<p>Portmeirion wurde 1960 von der legend\u00e4ren T\u00f6pferin Susan Williams-Ellis und ihrem Mann Euan Cooper-Willis gegr\u00fcndet.<br \/>\nMit fast f\u00fcnfzig Jahren Kreativit\u00e4t war Susan Williams-Ellis\u2019 Beitrag zum britischen Designstil, zu Portmeirion Potteries und zur britischen Keramikindustrie unermesslich und stellt sie fest in die Gesellschaft einer kleinen Gruppe von gro\u00dfen und gefeierten Keramikdesignern des 20. Ihre Philosophie, dass Geschirr sowohl sch\u00f6n als auch praktisch sein sollte, wird auch weiterhin die Designwerte von Portmeirion durchdringen und den Erfolg des von ihr gegr\u00fcndeten Unternehmens bestimmen.<\/p>\n<p>Sp\u00fclmaschinenfest, gefrierschrank-, mikrowellen- und backofenfest bis 170\u00b0C.<\/p>\n<p>Siehe Portmeirion-Video an<\/p>\n","protected":false},"excerpt":{"rendered":"<p>Mit seinen Fruchtdarstellungen ist Pomona eine klassisch gestaltete Geschirrserie, die die Natur in das Herz des Hauses bringt. Benannt nach der antiken r\u00f6mischen G\u00f6ttin der Fr\u00fcchte, ist jedes Pomona-St\u00fcck mit einer von sechs \u00fcppigen Fr\u00fcchten aus handkolorierten B\u00fcchern der 1830er Jahre gemustert. Dieses Produkt wird in unseren Ateliers in Stoke on Trent, England, entworfen. Portmeirion [&hellip;]<\/p>\n","protected":false},"featured_media":6348970,"template":"","meta":{"_acf_changed":false},"product_cat":[11671,12114,12103],"product_tag":[],"class_list":{"0":"post-49561","1":"product","2":"type-product","3":"status-publish","4":"has-post-thumbnail","6":"product_cat-tavola","7":"product_cat-teekannen-zuckerdosen-milchkannen","8":"product_cat-tisch","10":"first","11":"outofstock","12":"sale","13":"taxable","14":"shipping-taxable","15":"purchasable","16":"product-type-simple","swatches":"rey-swatches","show_selected":"","stretch_labels":"rey-swatches--stretch-labels"},"acf":[],"yoast_head":"<!-- This site is optimized with the Yoast SEO plugin v25.4 - https:\/\/yoast.com\/wordpress\/plugins\/seo\/ -->\n<title>PORTMEIRION Pomona Teekanne 1.1 LT - dev6 Erresse<\/title>\n<meta name=\"description\" content=\"Mit seinen Fruchtdarstellungen ist Pomona eine klassisch gestaltete Geschirrserie, die die Natur in das Herz des Hauses bringt. Benannt nach der antiken\" \/>\n<meta name=\"robots\" content=\"noindex, follow, max-snippet:-1, max-image-preview:large, max-video-preview:-1\" \/>\n<meta property=\"og:locale\" content=\"de_DE\" \/>\n<meta property=\"og:type\" content=\"article\" \/>\n<meta property=\"og:title\" content=\"PORTMEIRION Pomona Teekanne 1.1 LT - dev6 Erresse\" \/>\n<meta property=\"og:description\" content=\"Mit seinen Fruchtdarstellungen ist Pomona eine klassisch gestaltete Geschirrserie, die die Natur in das Herz des Hauses bringt. Benannt nach der antiken\" \/>\n<meta property=\"og:url\" content=\"https:\/\/dev6.erresse-shop.it\/de\/shop\/tisch\/teekannen-zuckerdosen-milchkannen\/portmeirion-pomona-teekanne-1-1-lt\/\" \/>\n<meta property=\"og:site_name\" content=\"dev6 Erresse\" \/>\n<meta property=\"og:image\" content=\"https:\/\/interpim.erresse-shop.it\/img-catalogo\/portmeirion\/portmeirion-pomona-teiera-1.1lt.jpg\" \/><meta property=\"og:image\" content=\"https:\/\/interpim.erresse-shop.it\/img-catalogo\/portmeirion\/portmeirion-pomona-teiera-1.1lt.jpg\" \/>\n\t<meta property=\"og:image:width\" content=\"1024\" \/>\n\t<meta property=\"og:image:height\" content=\"1024\" \/>\n\t<meta property=\"og:image:type\" content=\"image\/jpeg\" \/>\n<meta name=\"twitter:card\" content=\"summary_large_image\" \/>\n<meta name=\"twitter:image\" content=\"https:\/\/interpim.erresse-shop.it\/img-catalogo\/portmeirion\/portmeirion-pomona-teiera-1.1lt.jpg\" \/>\n<script type=\"application\/ld+json\" class=\"yoast-schema-graph\">{\"@context\":\"https:\/\/schema.org\",\"@graph\":[{\"@type\":\"WebPage\",\"@id\":\"https:\/\/dev6.erresse-shop.it\/de\/shop\/tisch\/teekannen-zuckerdosen-milchkannen\/portmeirion-pomona-teekanne-1-1-lt\/\",\"url\":\"https:\/\/dev6.erresse-shop.it\/de\/shop\/tisch\/teekannen-zuckerdosen-milchkannen\/portmeirion-pomona-teekanne-1-1-lt\/\",\"name\":\"PORTMEIRION Pomona Teekanne 1.1 LT - dev6 Erresse\",\"isPartOf\":{\"@id\":\"https:\/\/dev6.erresse-shop.it\/#website\"},\"primaryImageOfPage\":{\"@id\":\"https:\/\/dev6.erresse-shop.it\/de\/shop\/tisch\/teekannen-zuckerdosen-milchkannen\/portmeirion-pomona-teekanne-1-1-lt\/#primaryimage\"},\"image\":{\"@id\":\"https:\/\/dev6.erresse-shop.it\/de\/shop\/tisch\/teekannen-zuckerdosen-milchkannen\/portmeirion-pomona-teekanne-1-1-lt\/#primaryimage\"},\"thumbnailUrl\":\"https:\/\/i2.wp.com\/interpim.erresse-shop.it\/img-catalogo\/portmeirion\/portmeirion-pomona-teiera-1.1lt.jpg?ssl=1\",\"datePublished\":\"2026-04-12T06:27:08+00:00\",\"description\":\"Mit seinen Fruchtdarstellungen ist Pomona eine klassisch gestaltete Geschirrserie, die die Natur in das Herz des Hauses bringt. Benannt nach der antiken\",\"breadcrumb\":{\"@id\":\"https:\/\/dev6.erresse-shop.it\/de\/shop\/tisch\/teekannen-zuckerdosen-milchkannen\/portmeirion-pomona-teekanne-1-1-lt\/#breadcrumb\"},\"inLanguage\":\"de\",\"potentialAction\":[{\"@type\":\"ReadAction\",\"target\":[\"https:\/\/dev6.erresse-shop.it\/de\/shop\/tisch\/teekannen-zuckerdosen-milchkannen\/portmeirion-pomona-teekanne-1-1-lt\/\"]}]},{\"@type\":\"ImageObject\",\"inLanguage\":\"de\",\"@id\":\"https:\/\/dev6.erresse-shop.it\/de\/shop\/tisch\/teekannen-zuckerdosen-milchkannen\/portmeirion-pomona-teekanne-1-1-lt\/#primaryimage\",\"url\":\"https:\/\/i2.wp.com\/interpim.erresse-shop.it\/img-catalogo\/portmeirion\/portmeirion-pomona-teiera-1.1lt.jpg?ssl=1\",\"contentUrl\":\"https:\/\/i2.wp.com\/interpim.erresse-shop.it\/img-catalogo\/portmeirion\/portmeirion-pomona-teiera-1.1lt.jpg?ssl=1\"},{\"@type\":\"BreadcrumbList\",\"@id\":\"https:\/\/dev6.erresse-shop.it\/de\/shop\/tisch\/teekannen-zuckerdosen-milchkannen\/portmeirion-pomona-teekanne-1-1-lt\/#breadcrumb\",\"itemListElement\":[{\"@type\":\"ListItem\",\"position\":1,\"name\":\"Home\",\"item\":\"https:\/\/dev6.erresse-shop.it\/\"},{\"@type\":\"ListItem\",\"position\":2,\"name\":\"Shop\",\"item\":\"https:\/\/dev6.erresse-shop.it\/shop\/\"},{\"@type\":\"ListItem\",\"position\":3,\"name\":\"PORTMEIRION Pomona Teekanne 1.1 LT\"}]},{\"@type\":\"WebSite\",\"@id\":\"https:\/\/dev6.erresse-shop.it\/#website\",\"url\":\"https:\/\/dev6.erresse-shop.it\/\",\"name\":\"Erresse Shop\",\"description\":\"\",\"publisher\":{\"@id\":\"https:\/\/dev6.erresse-shop.it\/#organization\"},\"potentialAction\":[{\"@type\":\"SearchAction\",\"target\":{\"@type\":\"EntryPoint\",\"urlTemplate\":\"https:\/\/dev6.erresse-shop.it\/?s={search_term_string}\"},\"query-input\":{\"@type\":\"PropertyValueSpecification\",\"valueRequired\":true,\"valueName\":\"search_term_string\"}}],\"inLanguage\":\"de\"},{\"@type\":\"Organization\",\"@id\":\"https:\/\/dev6.erresse-shop.it\/#organization\",\"name\":\"Erresse Shop\",\"url\":\"https:\/\/dev6.erresse-shop.it\/\",\"logo\":{\"@type\":\"ImageObject\",\"inLanguage\":\"de\",\"@id\":\"https:\/\/dev6.erresse-shop.it\/#\/schema\/logo\/image\/\",\"url\":\"https:\/\/dev6.erresse-shop.it\/wp-content\/uploads\/2025\/01\/LOGO-ERRESSE-CLASSICO.svg\",\"contentUrl\":\"https:\/\/dev6.erresse-shop.it\/wp-content\/uploads\/2025\/01\/LOGO-ERRESSE-CLASSICO.svg\",\"caption\":\"Erresse Shop\"},\"image\":{\"@id\":\"https:\/\/dev6.erresse-shop.it\/#\/schema\/logo\/image\/\"}}]}<\/script>\n<!-- \/ Yoast SEO plugin. -->","yoast_head_json":{"title":"PORTMEIRION Pomona Teekanne 1.1 LT - dev6 Erresse","description":"Mit seinen Fruchtdarstellungen ist Pomona eine klassisch gestaltete Geschirrserie, die die Natur in das Herz des Hauses bringt. Benannt nach der antiken","robots":{"index":"noindex","follow":"follow","max-snippet":"max-snippet:-1","max-image-preview":"max-image-preview:large","max-video-preview":"max-video-preview:-1"},"og_locale":"de_DE","og_type":"article","og_title":"PORTMEIRION Pomona Teekanne 1.1 LT - dev6 Erresse","og_description":"Mit seinen Fruchtdarstellungen ist Pomona eine klassisch gestaltete Geschirrserie, die die Natur in das Herz des Hauses bringt. Benannt nach der antiken","og_url":"https:\/\/dev6.erresse-shop.it\/de\/shop\/tisch\/teekannen-zuckerdosen-milchkannen\/portmeirion-pomona-teekanne-1-1-lt\/","og_site_name":"dev6 Erresse","og_image":[{"url":"https:\/\/interpim.erresse-shop.it\/img-catalogo\/portmeirion\/portmeirion-pomona-teiera-1.1lt.jpg","type":"","width":"","height":""},{"url":"https:\/\/interpim.erresse-shop.it\/img-catalogo\/portmeirion\/portmeirion-pomona-teiera-1.1lt.jpg","width":1024,"height":1024,"type":"image\/jpeg"}],"twitter_card":"summary_large_image","twitter_image":"https:\/\/interpim.erresse-shop.it\/img-catalogo\/portmeirion\/portmeirion-pomona-teiera-1.1lt.jpg","schema":{"@context":"https:\/\/schema.org","@graph":[{"@type":"WebPage","@id":"https:\/\/dev6.erresse-shop.it\/de\/shop\/tisch\/teekannen-zuckerdosen-milchkannen\/portmeirion-pomona-teekanne-1-1-lt\/","url":"https:\/\/dev6.erresse-shop.it\/de\/shop\/tisch\/teekannen-zuckerdosen-milchkannen\/portmeirion-pomona-teekanne-1-1-lt\/","name":"PORTMEIRION Pomona Teekanne 1.1 LT - dev6 Erresse","isPartOf":{"@id":"https:\/\/dev6.erresse-shop.it\/#website"},"primaryImageOfPage":{"@id":"https:\/\/dev6.erresse-shop.it\/de\/shop\/tisch\/teekannen-zuckerdosen-milchkannen\/portmeirion-pomona-teekanne-1-1-lt\/#primaryimage"},"image":{"@id":"https:\/\/dev6.erresse-shop.it\/de\/shop\/tisch\/teekannen-zuckerdosen-milchkannen\/portmeirion-pomona-teekanne-1-1-lt\/#primaryimage"},"thumbnailUrl":"https:\/\/i2.wp.com\/interpim.erresse-shop.it\/img-catalogo\/portmeirion\/portmeirion-pomona-teiera-1.1lt.jpg?ssl=1","datePublished":"2026-04-12T06:27:08+00:00","description":"Mit seinen Fruchtdarstellungen ist Pomona eine klassisch gestaltete Geschirrserie, die die Natur in das Herz des Hauses bringt. Benannt nach der antiken","breadcrumb":{"@id":"https:\/\/dev6.erresse-shop.it\/de\/shop\/tisch\/teekannen-zuckerdosen-milchkannen\/portmeirion-pomona-teekanne-1-1-lt\/#breadcrumb"},"inLanguage":"de","potentialAction":[{"@type":"ReadAction","target":["https:\/\/dev6.erresse-shop.it\/de\/shop\/tisch\/teekannen-zuckerdosen-milchkannen\/portmeirion-pomona-teekanne-1-1-lt\/"]}]},{"@type":"ImageObject","inLanguage":"de","@id":"https:\/\/dev6.erresse-shop.it\/de\/shop\/tisch\/teekannen-zuckerdosen-milchkannen\/portmeirion-pomona-teekanne-1-1-lt\/#primaryimage","url":"https:\/\/i2.wp.com\/interpim.erresse-shop.it\/img-catalogo\/portmeirion\/portmeirion-pomona-teiera-1.1lt.jpg?ssl=1","contentUrl":"https:\/\/i2.wp.com\/interpim.erresse-shop.it\/img-catalogo\/portmeirion\/portmeirion-pomona-teiera-1.1lt.jpg?ssl=1"},{"@type":"BreadcrumbList","@id":"https:\/\/dev6.erresse-shop.it\/de\/shop\/tisch\/teekannen-zuckerdosen-milchkannen\/portmeirion-pomona-teekanne-1-1-lt\/#breadcrumb","itemListElement":[{"@type":"ListItem","position":1,"name":"Home","item":"https:\/\/dev6.erresse-shop.it\/"},{"@type":"ListItem","position":2,"name":"Shop","item":"https:\/\/dev6.erresse-shop.it\/shop\/"},{"@type":"ListItem","position":3,"name":"PORTMEIRION Pomona Teekanne 1.1 LT"}]},{"@type":"WebSite","@id":"https:\/\/dev6.erresse-shop.it\/#website","url":"https:\/\/dev6.erresse-shop.it\/","name":"Erresse Shop","description":"","publisher":{"@id":"https:\/\/dev6.erresse-shop.it\/#organization"},"potentialAction":[{"@type":"SearchAction","target":{"@type":"EntryPoint","urlTemplate":"https:\/\/dev6.erresse-shop.it\/?s={search_term_string}"},"query-input":{"@type":"PropertyValueSpecification","valueRequired":true,"valueName":"search_term_string"}}],"inLanguage":"de"},{"@type":"Organization","@id":"https:\/\/dev6.erresse-shop.it\/#organization","name":"Erresse Shop","url":"https:\/\/dev6.erresse-shop.it\/","logo":{"@type":"ImageObject","inLanguage":"de","@id":"https:\/\/dev6.erresse-shop.it\/#\/schema\/logo\/image\/","url":"https:\/\/dev6.erresse-shop.it\/wp-content\/uploads\/2025\/01\/LOGO-ERRESSE-CLASSICO.svg","contentUrl":"https:\/\/dev6.erresse-shop.it\/wp-content\/uploads\/2025\/01\/LOGO-ERRESSE-CLASSICO.svg","caption":"Erresse Shop"},"image":{"@id":"https:\/\/dev6.erresse-shop.it\/#\/schema\/logo\/image\/"}}]}},"df_price":86.9,"df_sale_price":86.9,"df_regular_price":128.34,"df_image_link":"https:\/\/i2.wp.com\/interpim.erresse-shop.it\/img-catalogo\/portmeirion\/portmeirion-pomona-teiera-1.1lt.jpg?resize=300,300&ssl=1","fifu_image_url":"https:\/\/interpim.erresse-shop.it\/img-catalogo\/portmeirion\/portmeirion-pomona-teiera-1.1lt.jpg","_links":{"self":[{"href":"https:\/\/dev6.erresse-shop.it\/de\/wp-json\/wp\/v2\/product\/49561","targetHints":{"allow":["GET"]}}],"collection":[{"href":"https:\/\/dev6.erresse-shop.it\/de\/wp-json\/wp\/v2\/product"}],"about":[{"href":"https:\/\/dev6.erresse-shop.it\/de\/wp-json\/wp\/v2\/types\/product"}],"wp:featuredmedia":[{"embeddable":true,"href":"https:\/\/dev6.erresse-shop.it\/de\/wp-json\/wp\/v2\/media\/6348970"}],"wp:attachment":[{"href":"https:\/\/dev6.erresse-shop.it\/de\/wp-json\/wp\/v2\/media?parent=49561"}],"wp:term":[{"taxonomy":"product_cat","embeddable":true,"href":"https:\/\/dev6.erresse-shop.it\/de\/wp-json\/wp\/v2\/product_cat?post=49561"},{"taxonomy":"product_tag","embeddable":true,"href":"https:\/\/dev6.erresse-shop.it\/de\/wp-json\/wp\/v2\/product_tag?post=49561"}],"curies":[{"name":"wp","href":"https:\/\/api.w.org\/{rel}","templated":true}]}}