{"id":49413,"date":"2026-04-12T08:24:00","date_gmt":"2026-04-12T06:24:00","guid":{"rendered":"https:\/\/dev6.erresse-shop.it\/shop\/unkategorisiert\/taitu-dieta-mediterranea-schuesseln-peperoni-4-stuecke\/"},"modified":"2025-07-03T19:43:39","modified_gmt":"2025-07-03T17:43:39","slug":"taitu-dieta-mediterranea-schuesseln-peperoni-4-stuecke","status":"publish","type":"product","link":"https:\/\/dev6.erresse-shop.it\/de\/shop\/tisch\/koerbe-und-schalen\/taitu-dieta-mediterranea-schuesseln-peperoni-4-stuecke\/","title":{"rendered":"TAIT\u00d9 Dieta Mediterranea Sch\u00fcsseln Peperoni 4 St\u00fccke"},"content":{"rendered":"<p>4 Sch\u00fcssel | Teller NICHT enthalten<br \/>\nHandgemalt<br \/>\nMaterial: Fine Porcelain<\/p>\n<p>INNOVATIVE KONZEPTE<br \/>\nDas Konzept von TAIT\u00d9 dr\u00fcckt ein Gef\u00fchl von Freiheit in der Komposition und Verwendung in einer kaleidoskopischen Anordnung von Formen, Themen und Farben aus. Die Freiheit, die Kollektionen auf 1000 verschiedene Arten zu kombinieren und so jeden Tag neue Emotionen auf den Tisch zu bringen. Vielseitigkeit und K\u00fchnheit beleben den UNCONVENTIONAL TABLE, ein innovativer Ansatz, um einen personalisierten und unkonventionellen Tisch zu schaffen.<br \/>\nARTISANITY<br \/>\nWie immer zeichnet sich TAIT\u00d9 durch sein hohes handwerkliches Niveau aus, sowohl bei den Dekorationen als auch bei der Produktion. Vom Design bis zum Entwurf werden die Dekorationen weiterhin bis ins kleinste Detail komplett von Hand gefertigt: Jedes Blatt zum Beispiel ist das Ergebnis von 7 und mehr Gr\u00fcnschattierungen. Eine Perfektion, die von Meisterhandwerkern erreicht wird, die in der Lage sind, Farben, Dekorationen und Formen auf den wertvollsten Materialien bis zum Maximum zu veredeln.<br \/>\nITALIENISCHER STIL<br \/>\nUnd Qualit\u00e4t ist immer die beste Wahl: Das reine italienische Design und die kreativen Konzepte von TAIT\u00d9 bleiben von der anspruchsvollen Neugier der gr\u00f6\u00dften italienischen und internationalen K\u00f6che nicht unbemerkt. Meisterkoch Alain Ducasse, ein echter Espressokenner, hat sich entschieden, in seinen toskanischen Gasth\u00e4usern seinen Kaffee in TAIT\u00d9-Tassen zu servieren.<\/p>\n","protected":false},"excerpt":{"rendered":"<p>4 Sch\u00fcssel | Teller NICHT enthalten Handgemalt Material: Fine Porcelain INNOVATIVE KONZEPTE Das Konzept von TAIT\u00d9 dr\u00fcckt ein Gef\u00fchl von Freiheit in der Komposition und Verwendung in einer kaleidoskopischen Anordnung von Formen, Themen und Farben aus. Die Freiheit, die Kollektionen auf 1000 verschiedene Arten zu kombinieren und so jeden Tag neue Emotionen auf den Tisch [&hellip;]<\/p>\n","protected":false},"featured_media":6348194,"template":"","meta":{"_acf_changed":false},"product_cat":[12123,11671,12103],"product_tag":[],"class_list":{"0":"post-49413","1":"product","2":"type-product","3":"status-publish","4":"has-post-thumbnail","6":"product_cat-koerbe-und-schalen","7":"product_cat-tavola","8":"product_cat-tisch","10":"first","11":"outofstock","12":"sale","13":"taxable","14":"shipping-taxable","15":"purchasable","16":"product-type-simple","swatches":"rey-swatches","show_selected":"","stretch_labels":"rey-swatches--stretch-labels"},"acf":[],"yoast_head":"<!-- This site is optimized with the Yoast SEO plugin v25.4 - https:\/\/yoast.com\/wordpress\/plugins\/seo\/ -->\n<title>TAIT\u00d9 Dieta Mediterranea Sch\u00fcsseln Peperoni 4 St\u00fccke - dev6 Erresse<\/title>\n<meta name=\"description\" content=\"4 Sch\u00fcssel | Teller NICHT enthalten Handgemalt Material: Fine Porcelain INNOVATIVE KONZEPTE Das Konzept von TAIT\u00d9 dr\u00fcckt ein Gef\u00fchl von Freiheit in der\" \/>\n<meta name=\"robots\" content=\"noindex, follow, max-snippet:-1, max-image-preview:large, max-video-preview:-1\" \/>\n<meta property=\"og:locale\" content=\"de_DE\" \/>\n<meta property=\"og:type\" content=\"article\" \/>\n<meta property=\"og:title\" content=\"TAIT\u00d9 Dieta Mediterranea Sch\u00fcsseln Peperoni 4 St\u00fccke - dev6 Erresse\" \/>\n<meta property=\"og:description\" content=\"4 Sch\u00fcssel | Teller NICHT enthalten Handgemalt Material: Fine Porcelain INNOVATIVE KONZEPTE Das Konzept von TAIT\u00d9 dr\u00fcckt ein Gef\u00fchl von Freiheit in der\" \/>\n<meta property=\"og:url\" content=\"https:\/\/dev6.erresse-shop.it\/de\/shop\/tisch\/koerbe-und-schalen\/taitu-dieta-mediterranea-schuesseln-peperoni-4-stuecke\/\" \/>\n<meta property=\"og:site_name\" content=\"dev6 Erresse\" \/>\n<meta property=\"og:image\" content=\"https:\/\/interpim.erresse-shop.it\/img-catalogo\/taitu\/taitu-dieta-mediterranea-ciotola-piccola-peperoncini-4-pezzi-mix.jpg\" \/><meta property=\"og:image\" content=\"https:\/\/interpim.erresse-shop.it\/img-catalogo\/taitu\/taitu-dieta-mediterranea-ciotola-piccola-peperoncini-4-pezzi-mix.jpg\" \/>\n\t<meta property=\"og:image:width\" content=\"1024\" \/>\n\t<meta property=\"og:image:height\" content=\"1024\" \/>\n\t<meta property=\"og:image:type\" content=\"image\/jpeg\" \/>\n<meta name=\"twitter:card\" content=\"summary_large_image\" \/>\n<meta name=\"twitter:image\" content=\"https:\/\/interpim.erresse-shop.it\/img-catalogo\/taitu\/taitu-dieta-mediterranea-ciotola-piccola-peperoncini-4-pezzi-mix.jpg\" \/>\n<script type=\"application\/ld+json\" class=\"yoast-schema-graph\">{\"@context\":\"https:\/\/schema.org\",\"@graph\":[{\"@type\":\"WebPage\",\"@id\":\"https:\/\/dev6.erresse-shop.it\/de\/shop\/tisch\/koerbe-und-schalen\/taitu-dieta-mediterranea-schuesseln-peperoni-4-stuecke\/\",\"url\":\"https:\/\/dev6.erresse-shop.it\/de\/shop\/tisch\/koerbe-und-schalen\/taitu-dieta-mediterranea-schuesseln-peperoni-4-stuecke\/\",\"name\":\"TAIT\u00d9 Dieta Mediterranea Sch\u00fcsseln Peperoni 4 St\u00fccke - dev6 Erresse\",\"isPartOf\":{\"@id\":\"https:\/\/dev6.erresse-shop.it\/#website\"},\"primaryImageOfPage\":{\"@id\":\"https:\/\/dev6.erresse-shop.it\/de\/shop\/tisch\/koerbe-und-schalen\/taitu-dieta-mediterranea-schuesseln-peperoni-4-stuecke\/#primaryimage\"},\"image\":{\"@id\":\"https:\/\/dev6.erresse-shop.it\/de\/shop\/tisch\/koerbe-und-schalen\/taitu-dieta-mediterranea-schuesseln-peperoni-4-stuecke\/#primaryimage\"},\"thumbnailUrl\":\"https:\/\/i0.wp.com\/interpim.erresse-shop.it\/img-catalogo\/taitu\/taitu-dieta-mediterranea-ciotola-piccola-peperoncini-4-pezzi-mix.jpg?ssl=1\",\"datePublished\":\"2026-04-12T06:24:00+00:00\",\"description\":\"4 Sch\u00fcssel | Teller NICHT enthalten Handgemalt Material: Fine Porcelain INNOVATIVE KONZEPTE Das Konzept von TAIT\u00d9 dr\u00fcckt ein Gef\u00fchl von Freiheit in der\",\"breadcrumb\":{\"@id\":\"https:\/\/dev6.erresse-shop.it\/de\/shop\/tisch\/koerbe-und-schalen\/taitu-dieta-mediterranea-schuesseln-peperoni-4-stuecke\/#breadcrumb\"},\"inLanguage\":\"de\",\"potentialAction\":[{\"@type\":\"ReadAction\",\"target\":[\"https:\/\/dev6.erresse-shop.it\/de\/shop\/tisch\/koerbe-und-schalen\/taitu-dieta-mediterranea-schuesseln-peperoni-4-stuecke\/\"]}]},{\"@type\":\"ImageObject\",\"inLanguage\":\"de\",\"@id\":\"https:\/\/dev6.erresse-shop.it\/de\/shop\/tisch\/koerbe-und-schalen\/taitu-dieta-mediterranea-schuesseln-peperoni-4-stuecke\/#primaryimage\",\"url\":\"https:\/\/i0.wp.com\/interpim.erresse-shop.it\/img-catalogo\/taitu\/taitu-dieta-mediterranea-ciotola-piccola-peperoncini-4-pezzi-mix.jpg?ssl=1\",\"contentUrl\":\"https:\/\/i0.wp.com\/interpim.erresse-shop.it\/img-catalogo\/taitu\/taitu-dieta-mediterranea-ciotola-piccola-peperoncini-4-pezzi-mix.jpg?ssl=1\"},{\"@type\":\"BreadcrumbList\",\"@id\":\"https:\/\/dev6.erresse-shop.it\/de\/shop\/tisch\/koerbe-und-schalen\/taitu-dieta-mediterranea-schuesseln-peperoni-4-stuecke\/#breadcrumb\",\"itemListElement\":[{\"@type\":\"ListItem\",\"position\":1,\"name\":\"Home\",\"item\":\"https:\/\/dev6.erresse-shop.it\/\"},{\"@type\":\"ListItem\",\"position\":2,\"name\":\"Shop\",\"item\":\"https:\/\/dev6.erresse-shop.it\/shop\/\"},{\"@type\":\"ListItem\",\"position\":3,\"name\":\"TAIT\u00d9 Dieta Mediterranea Sch\u00fcsseln Peperoni 4 St\u00fccke\"}]},{\"@type\":\"WebSite\",\"@id\":\"https:\/\/dev6.erresse-shop.it\/#website\",\"url\":\"https:\/\/dev6.erresse-shop.it\/\",\"name\":\"Erresse Shop\",\"description\":\"\",\"publisher\":{\"@id\":\"https:\/\/dev6.erresse-shop.it\/#organization\"},\"potentialAction\":[{\"@type\":\"SearchAction\",\"target\":{\"@type\":\"EntryPoint\",\"urlTemplate\":\"https:\/\/dev6.erresse-shop.it\/?s={search_term_string}\"},\"query-input\":{\"@type\":\"PropertyValueSpecification\",\"valueRequired\":true,\"valueName\":\"search_term_string\"}}],\"inLanguage\":\"de\"},{\"@type\":\"Organization\",\"@id\":\"https:\/\/dev6.erresse-shop.it\/#organization\",\"name\":\"Erresse Shop\",\"url\":\"https:\/\/dev6.erresse-shop.it\/\",\"logo\":{\"@type\":\"ImageObject\",\"inLanguage\":\"de\",\"@id\":\"https:\/\/dev6.erresse-shop.it\/#\/schema\/logo\/image\/\",\"url\":\"https:\/\/dev6.erresse-shop.it\/wp-content\/uploads\/2025\/01\/LOGO-ERRESSE-CLASSICO.svg\",\"contentUrl\":\"https:\/\/dev6.erresse-shop.it\/wp-content\/uploads\/2025\/01\/LOGO-ERRESSE-CLASSICO.svg\",\"caption\":\"Erresse Shop\"},\"image\":{\"@id\":\"https:\/\/dev6.erresse-shop.it\/#\/schema\/logo\/image\/\"}}]}<\/script>\n<!-- \/ Yoast SEO plugin. -->","yoast_head_json":{"title":"TAIT\u00d9 Dieta Mediterranea Sch\u00fcsseln Peperoni 4 St\u00fccke - dev6 Erresse","description":"4 Sch\u00fcssel | Teller NICHT enthalten Handgemalt Material: Fine Porcelain INNOVATIVE KONZEPTE Das Konzept von TAIT\u00d9 dr\u00fcckt ein Gef\u00fchl von Freiheit in der","robots":{"index":"noindex","follow":"follow","max-snippet":"max-snippet:-1","max-image-preview":"max-image-preview:large","max-video-preview":"max-video-preview:-1"},"og_locale":"de_DE","og_type":"article","og_title":"TAIT\u00d9 Dieta Mediterranea Sch\u00fcsseln Peperoni 4 St\u00fccke - dev6 Erresse","og_description":"4 Sch\u00fcssel | Teller NICHT enthalten Handgemalt Material: Fine Porcelain INNOVATIVE KONZEPTE Das Konzept von TAIT\u00d9 dr\u00fcckt ein Gef\u00fchl von Freiheit in der","og_url":"https:\/\/dev6.erresse-shop.it\/de\/shop\/tisch\/koerbe-und-schalen\/taitu-dieta-mediterranea-schuesseln-peperoni-4-stuecke\/","og_site_name":"dev6 Erresse","og_image":[{"url":"https:\/\/interpim.erresse-shop.it\/img-catalogo\/taitu\/taitu-dieta-mediterranea-ciotola-piccola-peperoncini-4-pezzi-mix.jpg","type":"","width":"","height":""},{"url":"https:\/\/interpim.erresse-shop.it\/img-catalogo\/taitu\/taitu-dieta-mediterranea-ciotola-piccola-peperoncini-4-pezzi-mix.jpg","width":1024,"height":1024,"type":"image\/jpeg"}],"twitter_card":"summary_large_image","twitter_image":"https:\/\/interpim.erresse-shop.it\/img-catalogo\/taitu\/taitu-dieta-mediterranea-ciotola-piccola-peperoncini-4-pezzi-mix.jpg","schema":{"@context":"https:\/\/schema.org","@graph":[{"@type":"WebPage","@id":"https:\/\/dev6.erresse-shop.it\/de\/shop\/tisch\/koerbe-und-schalen\/taitu-dieta-mediterranea-schuesseln-peperoni-4-stuecke\/","url":"https:\/\/dev6.erresse-shop.it\/de\/shop\/tisch\/koerbe-und-schalen\/taitu-dieta-mediterranea-schuesseln-peperoni-4-stuecke\/","name":"TAIT\u00d9 Dieta Mediterranea Sch\u00fcsseln Peperoni 4 St\u00fccke - dev6 Erresse","isPartOf":{"@id":"https:\/\/dev6.erresse-shop.it\/#website"},"primaryImageOfPage":{"@id":"https:\/\/dev6.erresse-shop.it\/de\/shop\/tisch\/koerbe-und-schalen\/taitu-dieta-mediterranea-schuesseln-peperoni-4-stuecke\/#primaryimage"},"image":{"@id":"https:\/\/dev6.erresse-shop.it\/de\/shop\/tisch\/koerbe-und-schalen\/taitu-dieta-mediterranea-schuesseln-peperoni-4-stuecke\/#primaryimage"},"thumbnailUrl":"https:\/\/i0.wp.com\/interpim.erresse-shop.it\/img-catalogo\/taitu\/taitu-dieta-mediterranea-ciotola-piccola-peperoncini-4-pezzi-mix.jpg?ssl=1","datePublished":"2026-04-12T06:24:00+00:00","description":"4 Sch\u00fcssel | Teller NICHT enthalten Handgemalt Material: Fine Porcelain INNOVATIVE KONZEPTE Das Konzept von TAIT\u00d9 dr\u00fcckt ein Gef\u00fchl von Freiheit in der","breadcrumb":{"@id":"https:\/\/dev6.erresse-shop.it\/de\/shop\/tisch\/koerbe-und-schalen\/taitu-dieta-mediterranea-schuesseln-peperoni-4-stuecke\/#breadcrumb"},"inLanguage":"de","potentialAction":[{"@type":"ReadAction","target":["https:\/\/dev6.erresse-shop.it\/de\/shop\/tisch\/koerbe-und-schalen\/taitu-dieta-mediterranea-schuesseln-peperoni-4-stuecke\/"]}]},{"@type":"ImageObject","inLanguage":"de","@id":"https:\/\/dev6.erresse-shop.it\/de\/shop\/tisch\/koerbe-und-schalen\/taitu-dieta-mediterranea-schuesseln-peperoni-4-stuecke\/#primaryimage","url":"https:\/\/i0.wp.com\/interpim.erresse-shop.it\/img-catalogo\/taitu\/taitu-dieta-mediterranea-ciotola-piccola-peperoncini-4-pezzi-mix.jpg?ssl=1","contentUrl":"https:\/\/i0.wp.com\/interpim.erresse-shop.it\/img-catalogo\/taitu\/taitu-dieta-mediterranea-ciotola-piccola-peperoncini-4-pezzi-mix.jpg?ssl=1"},{"@type":"BreadcrumbList","@id":"https:\/\/dev6.erresse-shop.it\/de\/shop\/tisch\/koerbe-und-schalen\/taitu-dieta-mediterranea-schuesseln-peperoni-4-stuecke\/#breadcrumb","itemListElement":[{"@type":"ListItem","position":1,"name":"Home","item":"https:\/\/dev6.erresse-shop.it\/"},{"@type":"ListItem","position":2,"name":"Shop","item":"https:\/\/dev6.erresse-shop.it\/shop\/"},{"@type":"ListItem","position":3,"name":"TAIT\u00d9 Dieta Mediterranea Sch\u00fcsseln Peperoni 4 St\u00fccke"}]},{"@type":"WebSite","@id":"https:\/\/dev6.erresse-shop.it\/#website","url":"https:\/\/dev6.erresse-shop.it\/","name":"Erresse Shop","description":"","publisher":{"@id":"https:\/\/dev6.erresse-shop.it\/#organization"},"potentialAction":[{"@type":"SearchAction","target":{"@type":"EntryPoint","urlTemplate":"https:\/\/dev6.erresse-shop.it\/?s={search_term_string}"},"query-input":{"@type":"PropertyValueSpecification","valueRequired":true,"valueName":"search_term_string"}}],"inLanguage":"de"},{"@type":"Organization","@id":"https:\/\/dev6.erresse-shop.it\/#organization","name":"Erresse Shop","url":"https:\/\/dev6.erresse-shop.it\/","logo":{"@type":"ImageObject","inLanguage":"de","@id":"https:\/\/dev6.erresse-shop.it\/#\/schema\/logo\/image\/","url":"https:\/\/dev6.erresse-shop.it\/wp-content\/uploads\/2025\/01\/LOGO-ERRESSE-CLASSICO.svg","contentUrl":"https:\/\/dev6.erresse-shop.it\/wp-content\/uploads\/2025\/01\/LOGO-ERRESSE-CLASSICO.svg","caption":"Erresse Shop"},"image":{"@id":"https:\/\/dev6.erresse-shop.it\/#\/schema\/logo\/image\/"}}]}},"df_price":89,"df_sale_price":89,"df_regular_price":116,"df_image_link":"https:\/\/i0.wp.com\/interpim.erresse-shop.it\/img-catalogo\/taitu\/taitu-dieta-mediterranea-ciotola-piccola-peperoncini-4-pezzi-mix.jpg?resize=300,300&ssl=1","fifu_image_url":"https:\/\/interpim.erresse-shop.it\/img-catalogo\/taitu\/taitu-dieta-mediterranea-ciotola-piccola-peperoncini-4-pezzi-mix.jpg","_links":{"self":[{"href":"https:\/\/dev6.erresse-shop.it\/de\/wp-json\/wp\/v2\/product\/49413","targetHints":{"allow":["GET"]}}],"collection":[{"href":"https:\/\/dev6.erresse-shop.it\/de\/wp-json\/wp\/v2\/product"}],"about":[{"href":"https:\/\/dev6.erresse-shop.it\/de\/wp-json\/wp\/v2\/types\/product"}],"wp:featuredmedia":[{"embeddable":true,"href":"https:\/\/dev6.erresse-shop.it\/de\/wp-json\/wp\/v2\/media\/6348194"}],"wp:attachment":[{"href":"https:\/\/dev6.erresse-shop.it\/de\/wp-json\/wp\/v2\/media?parent=49413"}],"wp:term":[{"taxonomy":"product_cat","embeddable":true,"href":"https:\/\/dev6.erresse-shop.it\/de\/wp-json\/wp\/v2\/product_cat?post=49413"},{"taxonomy":"product_tag","embeddable":true,"href":"https:\/\/dev6.erresse-shop.it\/de\/wp-json\/wp\/v2\/product_tag?post=49413"}],"curies":[{"name":"wp","href":"https:\/\/api.w.org\/{rel}","templated":true}]}}