{"id":49401,"date":"2026-04-04T08:22:25","date_gmt":"2026-04-04T06:22:25","guid":{"rendered":"https:\/\/dev6.erresse-shop.it\/shop\/unkategorisiert\/la-pavoni-kaffeemaschine-espresso-professional-lusso-holzgriff\/"},"modified":"2025-07-19T03:41:51","modified_gmt":"2025-07-19T01:41:51","slug":"la-pavoni-kaffeemaschine-espresso-professional-lusso-holzgriff","status":"publish","type":"product","link":"https:\/\/dev6.erresse-shop.it\/de\/shop\/kleine-elektrogeraete\/kaffeemaschinen-espresso\/hebelbedienung\/la-pavoni-kaffeemaschine-espresso-professional-lusso-holzgriff\/","title":{"rendered":"LA PAVONI Kaffeemaschine Espresso Professional Lusso Holzgriff"},"content":{"rendered":"<p>Achtung: Verwenden Sie f\u00fcr optimale Ergebnisse NUR Kaffee, der mit einer guten Kaffeem\u00fchle gemahlen wurde (Jolly, Kube Mill, Zylinder \u2013 La Pavoni Serie) oder direkt von einem Kaffeer\u00f6ster gekauft wurde. Andernfalls ist die Verwendung von \u201cSupermarktkaffee\u201d keine Garantie f\u00fcr ein hervorragendes Ergebnis.<\/p>\n<p>Die Modelle Europiccola und Professional verk\u00f6rpern den h\u00f6chsten Ausdruck von Technologie und edel Materialien. Mit \u00dcberzug aus Dukatengold, ein kostbarer Einrichtungsgegenstand f\u00fcr cremige Espresso und sch\u00e4umende Cappuccino.<br \/>\nDer Siebtr\u00e4ger hat einen Ring \u201eSieb-Halter\u201c, der den Ausfall des Siebes verhindert, w\u00e4hrend der Abf\u00fchrung des Kaffeesatzes. In Jeder Hebelmaschine, ist der 1-Tassen-Sieb, sowohl mit Kaffeepulver als auch Pods ESE benutzbar.<br \/>\nDie Vorbr\u00fchung wird durch Hockdr\u00fccken des Handhebels erzielt. Die Espressobr\u00fchung erfolgt durch Herunterdr\u00fccken des Hebels, somit wird das hei\u00df Wasser durch das zuvor aufgequollene Kaffeemehl gepresst. Die manuelle Druckerzeugung durch Herunterdr\u00fccken des Handhebels verleiht dem Espresso ein individuelles zubereitungsergebnis.<br \/>\nDampfrohr: zum Aufsch\u00e4umen warmer Milch und f\u00fcr die Zubereitung von Tee und anderen warmen Getr\u00e4nken, mit dem Zubeh\u00f6rteil \u201eCappuccino Automatic\u201d auswechselbar.<br \/>\nOhne besonderen Aufwand, wird mit der \u201eCappuccino Automatic\u201c die Milch aus dem Beh\u00e4lter angesaugt, erhitzt und dicht aufgesch\u00e4umt direkt in die Tasse.<\/p>\n<p>Alle La Pavoni 230V Hebelmodelle sind zertifiziert durch:<\/p>\n<\/p>\n<p>Kesselvolumen Liter 1,6<br \/>\nKesselkapazit\u00e4t in Tassen 16<br \/>\nDampferzeugung 15 min<br \/>\nKesseldruck 0,7-0,8 bar<br \/>\nDurchschnittliche Aufheizzeit 5 min<br \/>\nSicherheitsventil<br \/>\nDampfhahn austauschbar mit Cappuccino Automatic<br \/>\nWasserstandsanzeige<br \/>\nEin\/Ausschalter<br \/>\nKontrolleuchte<br \/>\nCappuccino Automatic<br \/>\nRuckstellbare Thermosicherung<br \/>\nPressostat zur Aufrechterhaltung des Boilerdrucks<br \/>\nLeistung 950 W<br \/>\nAnschlu\u00dfwerte 220-240V 50\/60Hz \u2013 120V 60Hz<\/p>\n","protected":false},"excerpt":{"rendered":"<p>Achtung: Verwenden Sie f\u00fcr optimale Ergebnisse NUR Kaffee, der mit einer guten Kaffeem\u00fchle gemahlen wurde (Jolly, Kube Mill, Zylinder \u2013 La Pavoni Serie) oder direkt von einem Kaffeer\u00f6ster gekauft wurde. Andernfalls ist die Verwendung von \u201cSupermarktkaffee\u201d keine Garantie f\u00fcr ein hervorragendes Ergebnis. Die Modelle Europiccola und Professional verk\u00f6rpern den h\u00f6chsten Ausdruck von Technologie und edel [&hellip;]<\/p>\n","protected":false},"featured_media":6264824,"template":"","meta":{"_acf_changed":false},"product_cat":[11746,12178,12171,12163],"product_tag":[],"class_list":{"0":"post-49401","1":"product","2":"type-product","3":"status-publish","4":"has-post-thumbnail","6":"product_cat-aleva","7":"product_cat-hebelbedienung","8":"product_cat-kaffeemaschinen-espresso","9":"product_cat-kleine-elektrogeraete","11":"first","12":"outofstock","13":"sale","14":"taxable","15":"shipping-taxable","16":"purchasable","17":"product-type-simple","swatches":"rey-swatches","show_selected":"","stretch_labels":"rey-swatches--stretch-labels"},"acf":[],"yoast_head":"<!-- This site is optimized with the Yoast SEO plugin v25.4 - https:\/\/yoast.com\/wordpress\/plugins\/seo\/ -->\n<title>LA PAVONI Kaffeemaschine Espresso Professional Lusso Holzgriff - dev6 Erresse<\/title>\n<meta name=\"description\" content=\"Achtung: Verwenden Sie f\u00fcr optimale Ergebnisse NUR Kaffee, der mit einer guten Kaffeem\u00fchle gemahlen wurde (Jolly, Kube Mill, Zylinder \u2013 La Pavoni Serie)\" \/>\n<meta name=\"robots\" content=\"noindex, follow, max-snippet:-1, max-image-preview:large, max-video-preview:-1\" \/>\n<meta property=\"og:locale\" content=\"de_DE\" \/>\n<meta property=\"og:type\" content=\"article\" \/>\n<meta property=\"og:title\" content=\"LA PAVONI Kaffeemaschine Espresso Professional Lusso Holzgriff - dev6 Erresse\" \/>\n<meta property=\"og:description\" content=\"Achtung: Verwenden Sie f\u00fcr optimale Ergebnisse NUR Kaffee, der mit einer guten Kaffeem\u00fchle gemahlen wurde (Jolly, Kube Mill, Zylinder \u2013 La Pavoni Serie)\" \/>\n<meta property=\"og:url\" content=\"https:\/\/dev6.erresse-shop.it\/de\/shop\/kleine-elektrogeraete\/kaffeemaschinen-espresso\/hebelbedienung\/la-pavoni-kaffeemaschine-espresso-professional-lusso-holzgriff\/\" \/>\n<meta property=\"og:site_name\" content=\"dev6 Erresse\" \/>\n<meta property=\"og:image\" content=\"https:\/\/interpim.erresse-shop.it\/Import\/Prodotti\/la-pavoni-professional-lusso-con-manici-in-legno.jpg\" \/><meta property=\"og:image\" content=\"https:\/\/interpim.erresse-shop.it\/Import\/Prodotti\/la-pavoni-professional-lusso-con-manici-in-legno.jpg\" \/>\n\t<meta property=\"og:image:width\" content=\"1024\" \/>\n\t<meta property=\"og:image:height\" content=\"1024\" \/>\n\t<meta property=\"og:image:type\" content=\"image\/jpeg\" \/>\n<meta name=\"twitter:card\" content=\"summary_large_image\" \/>\n<meta name=\"twitter:image\" content=\"https:\/\/interpim.erresse-shop.it\/Import\/Prodotti\/la-pavoni-professional-lusso-con-manici-in-legno.jpg\" \/>\n<script type=\"application\/ld+json\" class=\"yoast-schema-graph\">{\"@context\":\"https:\/\/schema.org\",\"@graph\":[{\"@type\":\"WebPage\",\"@id\":\"https:\/\/dev6.erresse-shop.it\/de\/shop\/kleine-elektrogeraete\/kaffeemaschinen-espresso\/hebelbedienung\/la-pavoni-kaffeemaschine-espresso-professional-lusso-holzgriff\/\",\"url\":\"https:\/\/dev6.erresse-shop.it\/de\/shop\/kleine-elektrogeraete\/kaffeemaschinen-espresso\/hebelbedienung\/la-pavoni-kaffeemaschine-espresso-professional-lusso-holzgriff\/\",\"name\":\"LA PAVONI Kaffeemaschine Espresso Professional Lusso Holzgriff - dev6 Erresse\",\"isPartOf\":{\"@id\":\"https:\/\/dev6.erresse-shop.it\/#website\"},\"primaryImageOfPage\":{\"@id\":\"https:\/\/dev6.erresse-shop.it\/de\/shop\/kleine-elektrogeraete\/kaffeemaschinen-espresso\/hebelbedienung\/la-pavoni-kaffeemaschine-espresso-professional-lusso-holzgriff\/#primaryimage\"},\"image\":{\"@id\":\"https:\/\/dev6.erresse-shop.it\/de\/shop\/kleine-elektrogeraete\/kaffeemaschinen-espresso\/hebelbedienung\/la-pavoni-kaffeemaschine-espresso-professional-lusso-holzgriff\/#primaryimage\"},\"thumbnailUrl\":\"https:\/\/i2.wp.com\/interpim.erresse-shop.it\/Import\/Prodotti\/la-pavoni-professional-lusso-con-manici-in-legno.jpg?ssl=1\",\"datePublished\":\"2026-04-04T06:22:25+00:00\",\"description\":\"Achtung: Verwenden Sie f\u00fcr optimale Ergebnisse NUR Kaffee, der mit einer guten Kaffeem\u00fchle gemahlen wurde (Jolly, Kube Mill, Zylinder \u2013 La Pavoni Serie)\",\"breadcrumb\":{\"@id\":\"https:\/\/dev6.erresse-shop.it\/de\/shop\/kleine-elektrogeraete\/kaffeemaschinen-espresso\/hebelbedienung\/la-pavoni-kaffeemaschine-espresso-professional-lusso-holzgriff\/#breadcrumb\"},\"inLanguage\":\"de\",\"potentialAction\":[{\"@type\":\"ReadAction\",\"target\":[\"https:\/\/dev6.erresse-shop.it\/de\/shop\/kleine-elektrogeraete\/kaffeemaschinen-espresso\/hebelbedienung\/la-pavoni-kaffeemaschine-espresso-professional-lusso-holzgriff\/\"]}]},{\"@type\":\"ImageObject\",\"inLanguage\":\"de\",\"@id\":\"https:\/\/dev6.erresse-shop.it\/de\/shop\/kleine-elektrogeraete\/kaffeemaschinen-espresso\/hebelbedienung\/la-pavoni-kaffeemaschine-espresso-professional-lusso-holzgriff\/#primaryimage\",\"url\":\"https:\/\/i2.wp.com\/interpim.erresse-shop.it\/Import\/Prodotti\/la-pavoni-professional-lusso-con-manici-in-legno.jpg?ssl=1\",\"contentUrl\":\"https:\/\/i2.wp.com\/interpim.erresse-shop.it\/Import\/Prodotti\/la-pavoni-professional-lusso-con-manici-in-legno.jpg?ssl=1\"},{\"@type\":\"BreadcrumbList\",\"@id\":\"https:\/\/dev6.erresse-shop.it\/de\/shop\/kleine-elektrogeraete\/kaffeemaschinen-espresso\/hebelbedienung\/la-pavoni-kaffeemaschine-espresso-professional-lusso-holzgriff\/#breadcrumb\",\"itemListElement\":[{\"@type\":\"ListItem\",\"position\":1,\"name\":\"Home\",\"item\":\"https:\/\/dev6.erresse-shop.it\/\"},{\"@type\":\"ListItem\",\"position\":2,\"name\":\"Shop\",\"item\":\"https:\/\/dev6.erresse-shop.it\/shop\/\"},{\"@type\":\"ListItem\",\"position\":3,\"name\":\"LA PAVONI Kaffeemaschine Espresso Professional Lusso Holzgriff\"}]},{\"@type\":\"WebSite\",\"@id\":\"https:\/\/dev6.erresse-shop.it\/#website\",\"url\":\"https:\/\/dev6.erresse-shop.it\/\",\"name\":\"Erresse Shop\",\"description\":\"\",\"publisher\":{\"@id\":\"https:\/\/dev6.erresse-shop.it\/#organization\"},\"potentialAction\":[{\"@type\":\"SearchAction\",\"target\":{\"@type\":\"EntryPoint\",\"urlTemplate\":\"https:\/\/dev6.erresse-shop.it\/?s={search_term_string}\"},\"query-input\":{\"@type\":\"PropertyValueSpecification\",\"valueRequired\":true,\"valueName\":\"search_term_string\"}}],\"inLanguage\":\"de\"},{\"@type\":\"Organization\",\"@id\":\"https:\/\/dev6.erresse-shop.it\/#organization\",\"name\":\"Erresse Shop\",\"url\":\"https:\/\/dev6.erresse-shop.it\/\",\"logo\":{\"@type\":\"ImageObject\",\"inLanguage\":\"de\",\"@id\":\"https:\/\/dev6.erresse-shop.it\/#\/schema\/logo\/image\/\",\"url\":\"https:\/\/dev6.erresse-shop.it\/wp-content\/uploads\/2025\/01\/LOGO-ERRESSE-CLASSICO.svg\",\"contentUrl\":\"https:\/\/dev6.erresse-shop.it\/wp-content\/uploads\/2025\/01\/LOGO-ERRESSE-CLASSICO.svg\",\"caption\":\"Erresse Shop\"},\"image\":{\"@id\":\"https:\/\/dev6.erresse-shop.it\/#\/schema\/logo\/image\/\"}}]}<\/script>\n<!-- \/ Yoast SEO plugin. -->","yoast_head_json":{"title":"LA PAVONI Kaffeemaschine Espresso Professional Lusso Holzgriff - dev6 Erresse","description":"Achtung: Verwenden Sie f\u00fcr optimale Ergebnisse NUR Kaffee, der mit einer guten Kaffeem\u00fchle gemahlen wurde (Jolly, Kube Mill, Zylinder \u2013 La Pavoni Serie)","robots":{"index":"noindex","follow":"follow","max-snippet":"max-snippet:-1","max-image-preview":"max-image-preview:large","max-video-preview":"max-video-preview:-1"},"og_locale":"de_DE","og_type":"article","og_title":"LA PAVONI Kaffeemaschine Espresso Professional Lusso Holzgriff - dev6 Erresse","og_description":"Achtung: Verwenden Sie f\u00fcr optimale Ergebnisse NUR Kaffee, der mit einer guten Kaffeem\u00fchle gemahlen wurde (Jolly, Kube Mill, Zylinder \u2013 La Pavoni Serie)","og_url":"https:\/\/dev6.erresse-shop.it\/de\/shop\/kleine-elektrogeraete\/kaffeemaschinen-espresso\/hebelbedienung\/la-pavoni-kaffeemaschine-espresso-professional-lusso-holzgriff\/","og_site_name":"dev6 Erresse","og_image":[{"url":"https:\/\/interpim.erresse-shop.it\/Import\/Prodotti\/la-pavoni-professional-lusso-con-manici-in-legno.jpg","type":"","width":"","height":""},{"url":"https:\/\/interpim.erresse-shop.it\/Import\/Prodotti\/la-pavoni-professional-lusso-con-manici-in-legno.jpg","width":1024,"height":1024,"type":"image\/jpeg"}],"twitter_card":"summary_large_image","twitter_image":"https:\/\/interpim.erresse-shop.it\/Import\/Prodotti\/la-pavoni-professional-lusso-con-manici-in-legno.jpg","schema":{"@context":"https:\/\/schema.org","@graph":[{"@type":"WebPage","@id":"https:\/\/dev6.erresse-shop.it\/de\/shop\/kleine-elektrogeraete\/kaffeemaschinen-espresso\/hebelbedienung\/la-pavoni-kaffeemaschine-espresso-professional-lusso-holzgriff\/","url":"https:\/\/dev6.erresse-shop.it\/de\/shop\/kleine-elektrogeraete\/kaffeemaschinen-espresso\/hebelbedienung\/la-pavoni-kaffeemaschine-espresso-professional-lusso-holzgriff\/","name":"LA PAVONI Kaffeemaschine Espresso Professional Lusso Holzgriff - dev6 Erresse","isPartOf":{"@id":"https:\/\/dev6.erresse-shop.it\/#website"},"primaryImageOfPage":{"@id":"https:\/\/dev6.erresse-shop.it\/de\/shop\/kleine-elektrogeraete\/kaffeemaschinen-espresso\/hebelbedienung\/la-pavoni-kaffeemaschine-espresso-professional-lusso-holzgriff\/#primaryimage"},"image":{"@id":"https:\/\/dev6.erresse-shop.it\/de\/shop\/kleine-elektrogeraete\/kaffeemaschinen-espresso\/hebelbedienung\/la-pavoni-kaffeemaschine-espresso-professional-lusso-holzgriff\/#primaryimage"},"thumbnailUrl":"https:\/\/i2.wp.com\/interpim.erresse-shop.it\/Import\/Prodotti\/la-pavoni-professional-lusso-con-manici-in-legno.jpg?ssl=1","datePublished":"2026-04-04T06:22:25+00:00","description":"Achtung: Verwenden Sie f\u00fcr optimale Ergebnisse NUR Kaffee, der mit einer guten Kaffeem\u00fchle gemahlen wurde (Jolly, Kube Mill, Zylinder \u2013 La Pavoni Serie)","breadcrumb":{"@id":"https:\/\/dev6.erresse-shop.it\/de\/shop\/kleine-elektrogeraete\/kaffeemaschinen-espresso\/hebelbedienung\/la-pavoni-kaffeemaschine-espresso-professional-lusso-holzgriff\/#breadcrumb"},"inLanguage":"de","potentialAction":[{"@type":"ReadAction","target":["https:\/\/dev6.erresse-shop.it\/de\/shop\/kleine-elektrogeraete\/kaffeemaschinen-espresso\/hebelbedienung\/la-pavoni-kaffeemaschine-espresso-professional-lusso-holzgriff\/"]}]},{"@type":"ImageObject","inLanguage":"de","@id":"https:\/\/dev6.erresse-shop.it\/de\/shop\/kleine-elektrogeraete\/kaffeemaschinen-espresso\/hebelbedienung\/la-pavoni-kaffeemaschine-espresso-professional-lusso-holzgriff\/#primaryimage","url":"https:\/\/i2.wp.com\/interpim.erresse-shop.it\/Import\/Prodotti\/la-pavoni-professional-lusso-con-manici-in-legno.jpg?ssl=1","contentUrl":"https:\/\/i2.wp.com\/interpim.erresse-shop.it\/Import\/Prodotti\/la-pavoni-professional-lusso-con-manici-in-legno.jpg?ssl=1"},{"@type":"BreadcrumbList","@id":"https:\/\/dev6.erresse-shop.it\/de\/shop\/kleine-elektrogeraete\/kaffeemaschinen-espresso\/hebelbedienung\/la-pavoni-kaffeemaschine-espresso-professional-lusso-holzgriff\/#breadcrumb","itemListElement":[{"@type":"ListItem","position":1,"name":"Home","item":"https:\/\/dev6.erresse-shop.it\/"},{"@type":"ListItem","position":2,"name":"Shop","item":"https:\/\/dev6.erresse-shop.it\/shop\/"},{"@type":"ListItem","position":3,"name":"LA PAVONI Kaffeemaschine Espresso Professional Lusso Holzgriff"}]},{"@type":"WebSite","@id":"https:\/\/dev6.erresse-shop.it\/#website","url":"https:\/\/dev6.erresse-shop.it\/","name":"Erresse Shop","description":"","publisher":{"@id":"https:\/\/dev6.erresse-shop.it\/#organization"},"potentialAction":[{"@type":"SearchAction","target":{"@type":"EntryPoint","urlTemplate":"https:\/\/dev6.erresse-shop.it\/?s={search_term_string}"},"query-input":{"@type":"PropertyValueSpecification","valueRequired":true,"valueName":"search_term_string"}}],"inLanguage":"de"},{"@type":"Organization","@id":"https:\/\/dev6.erresse-shop.it\/#organization","name":"Erresse Shop","url":"https:\/\/dev6.erresse-shop.it\/","logo":{"@type":"ImageObject","inLanguage":"de","@id":"https:\/\/dev6.erresse-shop.it\/#\/schema\/logo\/image\/","url":"https:\/\/dev6.erresse-shop.it\/wp-content\/uploads\/2025\/01\/LOGO-ERRESSE-CLASSICO.svg","contentUrl":"https:\/\/dev6.erresse-shop.it\/wp-content\/uploads\/2025\/01\/LOGO-ERRESSE-CLASSICO.svg","caption":"Erresse Shop"},"image":{"@id":"https:\/\/dev6.erresse-shop.it\/#\/schema\/logo\/image\/"}}]}},"df_price":849,"df_sale_price":849,"df_regular_price":949,"df_image_link":"https:\/\/i2.wp.com\/interpim.erresse-shop.it\/Import\/Prodotti\/la-pavoni-professional-lusso-con-manici-in-legno.jpg?resize=300,300&ssl=1","fifu_image_url":"https:\/\/interpim.erresse-shop.it\/Import\/Prodotti\/la-pavoni-professional-lusso-con-manici-in-legno.jpg","_links":{"self":[{"href":"https:\/\/dev6.erresse-shop.it\/de\/wp-json\/wp\/v2\/product\/49401","targetHints":{"allow":["GET"]}}],"collection":[{"href":"https:\/\/dev6.erresse-shop.it\/de\/wp-json\/wp\/v2\/product"}],"about":[{"href":"https:\/\/dev6.erresse-shop.it\/de\/wp-json\/wp\/v2\/types\/product"}],"wp:featuredmedia":[{"embeddable":true,"href":"https:\/\/dev6.erresse-shop.it\/de\/wp-json\/wp\/v2\/media\/6264824"}],"wp:attachment":[{"href":"https:\/\/dev6.erresse-shop.it\/de\/wp-json\/wp\/v2\/media?parent=49401"}],"wp:term":[{"taxonomy":"product_cat","embeddable":true,"href":"https:\/\/dev6.erresse-shop.it\/de\/wp-json\/wp\/v2\/product_cat?post=49401"},{"taxonomy":"product_tag","embeddable":true,"href":"https:\/\/dev6.erresse-shop.it\/de\/wp-json\/wp\/v2\/product_tag?post=49401"}],"curies":[{"name":"wp","href":"https:\/\/api.w.org\/{rel}","templated":true}]}}