{"id":49329,"date":"2026-04-16T18:57:28","date_gmt":"2026-04-16T16:57:28","guid":{"rendered":"https:\/\/dev6.erresse-shop.it\/shop\/unkategorisiert\/la-pavoni-kaffeemaschine-espresso-esperto-competente\/"},"modified":"2025-07-03T19:43:06","modified_gmt":"2025-07-03T17:43:06","slug":"la-pavoni-kaffeemaschine-espresso-esperto-competente","status":"publish","type":"product","link":"https:\/\/dev6.erresse-shop.it\/de\/shop\/kleine-elektrogeraete\/kaffeemaschinen-espresso\/hebelbedienung\/la-pavoni-kaffeemaschine-espresso-esperto-competente\/","title":{"rendered":"LA PAVONI Kaffeemaschine Espresso Esperto Competente"},"content":{"rendered":"<p>Achtung: Verwenden Sie f\u00fcr optimale Ergebnisse NUR Kaffee, der mit einer guten Kaffeem\u00fchle gemahlen wurde (Jolly, Kube Mill, Zylinder \u2013 La Pavoni Serie) oder direkt von einem Kaffeer\u00f6ster gekauft wurde. Andernfalls ist die Verwendung von \u201cSupermarktkaffee\u201d keine Garantie f\u00fcr ein hervorragendes Ergebnis.<\/p>\n<p>Wettbewerbsmaschine f\u00fcr Espresso-Spezialisten.<\/p>\n<p>Das neue Spitzenmodell der Handhebelmaschinen f\u00fcr den Haushaltsgebrauch.<br \/>\nHochwertige Materialien und die M\u00f6glichkeit durch Absenken des Handhebels den Druck f\u00fcr die Kaffeezubereitung selbst zu bestimmen,<br \/>\nsind selbst f\u00fcr den anspruchsvollsten Nutzer eine Bereicherung zur Zubereitung eines individuellen Espressos.<br \/>\nDie neue Esperto-Linie ist ausgestattet mit :<br \/>\n\u2013 \u00dcberpr\u00fcfung des pumpendrucks bei der kaffeezubereitung<br \/>\n\u2013 Br\u00fchgruppe Temperaturanzeige<br \/>\n\u2013 2 Dampfhahn<br \/>\n\u2013 Filter \u201cCompetizione\u201d: 9,16,20 gr<br \/>\n\u2013 Sieb \u201cCompetizione\u201d mit Repro Membran<br \/>\n\u2013 Kaffeepresser inox 304, 300 gr Durchmesser: 51 mm<br \/>\n\u2013 Das Ger\u00e4t ist ideal um Espresso und Kaffee mit einer hervorragenden Crema zu machen.<\/p>\n<p>Alle La Pavoni 230V Hebelmodelle sind zertifiziert durch:<\/p>\n<\/p>\n<p>Kesselvolumen Liter 1,6<br \/>\nKesselkapazit\u00e4t in Tassen 16<br \/>\nDampferzeugung 15 min<br \/>\nKesseldruck 0,7-0,8 bar<br \/>\nDurchschnittliche Aufheizzeit 5 min<br \/>\nSicherheitsventil<br \/>\nDampfhahn austauschbar mit Cappuccino Automatic<br \/>\nDampfhahn mit D\u00fcse 1-Loch \u00d8 1,5 mm<br \/>\nDampfhahn mit D\u00fcse 1-Loch \u00d8 2 mm<br \/>\nKesseldruckmanometer<br \/>\n\u00dcberpr\u00fcfung des pumpendrucks bei der kaffeezubereitung<br \/>\nBr\u00fchgruppe Temperaturanzeige<br \/>\nSiebtr\u00e4ger in verchromtem Messing<br \/>\nProfessionelle bodenlosen Siebtr\u00e4ger in verchromtem Messing<br \/>\nFilter Competition 1 Tasse 9 g<br \/>\nFilter Competition 2 Tassen 14\/16 g<br \/>\nFilter Competition 20 g<br \/>\nSieb Competition mit Filtermembran 200 \u00b5m<br \/>\nWasserstandsanzeige<br \/>\nEin \/ Ausschalter<br \/>\nKontrolleuchte<br \/>\nCappuccino Automatic<br \/>\nTemperatur Anzeiger<br \/>\nRuckstellbare Thermosicherung<br \/>\nPressostat zur Konstanthaltung des Kesseldrucks<br \/>\nLeistung: 950 W<br \/>\nSpannungsversorgung 220-240V 50\/60Hz; 120V 60Hz<\/p>\n","protected":false},"excerpt":{"rendered":"<p>Achtung: Verwenden Sie f\u00fcr optimale Ergebnisse NUR Kaffee, der mit einer guten Kaffeem\u00fchle gemahlen wurde (Jolly, Kube Mill, Zylinder \u2013 La Pavoni Serie) oder direkt von einem Kaffeer\u00f6ster gekauft wurde. Andernfalls ist die Verwendung von \u201cSupermarktkaffee\u201d keine Garantie f\u00fcr ein hervorragendes Ergebnis. Wettbewerbsmaschine f\u00fcr Espresso-Spezialisten. Das neue Spitzenmodell der Handhebelmaschinen f\u00fcr den Haushaltsgebrauch. Hochwertige Materialien [&hellip;]<\/p>\n","protected":false},"featured_media":6487101,"template":"","meta":{"_acf_changed":false},"product_cat":[11746,12178,12171,12163],"product_tag":[],"class_list":{"0":"post-49329","1":"product","2":"type-product","3":"status-publish","4":"has-post-thumbnail","6":"product_cat-aleva","7":"product_cat-hebelbedienung","8":"product_cat-kaffeemaschinen-espresso","9":"product_cat-kleine-elektrogeraete","11":"first","12":"outofstock","13":"sale","14":"taxable","15":"shipping-taxable","16":"purchasable","17":"product-type-simple","swatches":"rey-swatches","show_selected":"","stretch_labels":"rey-swatches--stretch-labels"},"acf":[],"yoast_head":"<!-- This site is optimized with the Yoast SEO plugin v25.4 - https:\/\/yoast.com\/wordpress\/plugins\/seo\/ -->\n<title>LA PAVONI Kaffeemaschine Espresso Esperto Competente - dev6 Erresse<\/title>\n<meta name=\"description\" content=\"Achtung: Verwenden Sie f\u00fcr optimale Ergebnisse NUR Kaffee, der mit einer guten Kaffeem\u00fchle gemahlen wurde (Jolly, Kube Mill, Zylinder \u2013 La Pavoni Serie)\" \/>\n<meta name=\"robots\" content=\"noindex, follow, max-snippet:-1, max-image-preview:large, max-video-preview:-1\" \/>\n<meta property=\"og:locale\" content=\"de_DE\" \/>\n<meta property=\"og:type\" content=\"article\" \/>\n<meta property=\"og:title\" content=\"LA PAVONI Kaffeemaschine Espresso Esperto Competente - dev6 Erresse\" \/>\n<meta property=\"og:description\" content=\"Achtung: Verwenden Sie f\u00fcr optimale Ergebnisse NUR Kaffee, der mit einer guten Kaffeem\u00fchle gemahlen wurde (Jolly, Kube Mill, Zylinder \u2013 La Pavoni Serie)\" \/>\n<meta property=\"og:url\" content=\"https:\/\/dev6.erresse-shop.it\/de\/shop\/kleine-elektrogeraete\/kaffeemaschinen-espresso\/hebelbedienung\/la-pavoni-kaffeemaschine-espresso-esperto-competente\/\" \/>\n<meta property=\"og:site_name\" content=\"dev6 Erresse\" \/>\n<meta property=\"og:image\" content=\"https:\/\/interpim.erresse-shop.it\/Import\/Prodotti\/la-pavoni-esperto-competente.jpg\" \/><meta property=\"og:image\" content=\"https:\/\/interpim.erresse-shop.it\/Import\/Prodotti\/la-pavoni-esperto-competente.jpg\" \/>\n\t<meta property=\"og:image:width\" content=\"1024\" \/>\n\t<meta property=\"og:image:height\" content=\"1024\" \/>\n\t<meta property=\"og:image:type\" content=\"image\/jpeg\" \/>\n<meta name=\"twitter:card\" content=\"summary_large_image\" \/>\n<meta name=\"twitter:image\" content=\"https:\/\/interpim.erresse-shop.it\/Import\/Prodotti\/la-pavoni-esperto-competente.jpg\" \/>\n<script type=\"application\/ld+json\" class=\"yoast-schema-graph\">{\"@context\":\"https:\/\/schema.org\",\"@graph\":[{\"@type\":\"WebPage\",\"@id\":\"https:\/\/dev6.erresse-shop.it\/de\/shop\/kleine-elektrogeraete\/kaffeemaschinen-espresso\/hebelbedienung\/la-pavoni-kaffeemaschine-espresso-esperto-competente\/\",\"url\":\"https:\/\/dev6.erresse-shop.it\/de\/shop\/kleine-elektrogeraete\/kaffeemaschinen-espresso\/hebelbedienung\/la-pavoni-kaffeemaschine-espresso-esperto-competente\/\",\"name\":\"LA PAVONI Kaffeemaschine Espresso Esperto Competente - dev6 Erresse\",\"isPartOf\":{\"@id\":\"https:\/\/dev6.erresse-shop.it\/#website\"},\"primaryImageOfPage\":{\"@id\":\"https:\/\/dev6.erresse-shop.it\/de\/shop\/kleine-elektrogeraete\/kaffeemaschinen-espresso\/hebelbedienung\/la-pavoni-kaffeemaschine-espresso-esperto-competente\/#primaryimage\"},\"image\":{\"@id\":\"https:\/\/dev6.erresse-shop.it\/de\/shop\/kleine-elektrogeraete\/kaffeemaschinen-espresso\/hebelbedienung\/la-pavoni-kaffeemaschine-espresso-esperto-competente\/#primaryimage\"},\"thumbnailUrl\":\"https:\/\/i1.wp.com\/interpim.erresse-shop.it\/Import\/Prodotti\/la-pavoni-esperto-competente.jpg?ssl=1\",\"datePublished\":\"2026-04-16T16:57:28+00:00\",\"description\":\"Achtung: Verwenden Sie f\u00fcr optimale Ergebnisse NUR Kaffee, der mit einer guten Kaffeem\u00fchle gemahlen wurde (Jolly, Kube Mill, Zylinder \u2013 La Pavoni Serie)\",\"breadcrumb\":{\"@id\":\"https:\/\/dev6.erresse-shop.it\/de\/shop\/kleine-elektrogeraete\/kaffeemaschinen-espresso\/hebelbedienung\/la-pavoni-kaffeemaschine-espresso-esperto-competente\/#breadcrumb\"},\"inLanguage\":\"de\",\"potentialAction\":[{\"@type\":\"ReadAction\",\"target\":[\"https:\/\/dev6.erresse-shop.it\/de\/shop\/kleine-elektrogeraete\/kaffeemaschinen-espresso\/hebelbedienung\/la-pavoni-kaffeemaschine-espresso-esperto-competente\/\"]}]},{\"@type\":\"ImageObject\",\"inLanguage\":\"de\",\"@id\":\"https:\/\/dev6.erresse-shop.it\/de\/shop\/kleine-elektrogeraete\/kaffeemaschinen-espresso\/hebelbedienung\/la-pavoni-kaffeemaschine-espresso-esperto-competente\/#primaryimage\",\"url\":\"https:\/\/i1.wp.com\/interpim.erresse-shop.it\/Import\/Prodotti\/la-pavoni-esperto-competente.jpg?ssl=1\",\"contentUrl\":\"https:\/\/i1.wp.com\/interpim.erresse-shop.it\/Import\/Prodotti\/la-pavoni-esperto-competente.jpg?ssl=1\"},{\"@type\":\"BreadcrumbList\",\"@id\":\"https:\/\/dev6.erresse-shop.it\/de\/shop\/kleine-elektrogeraete\/kaffeemaschinen-espresso\/hebelbedienung\/la-pavoni-kaffeemaschine-espresso-esperto-competente\/#breadcrumb\",\"itemListElement\":[{\"@type\":\"ListItem\",\"position\":1,\"name\":\"Home\",\"item\":\"https:\/\/dev6.erresse-shop.it\/\"},{\"@type\":\"ListItem\",\"position\":2,\"name\":\"Shop\",\"item\":\"https:\/\/dev6.erresse-shop.it\/shop\/\"},{\"@type\":\"ListItem\",\"position\":3,\"name\":\"LA PAVONI Kaffeemaschine Espresso Esperto Competente\"}]},{\"@type\":\"WebSite\",\"@id\":\"https:\/\/dev6.erresse-shop.it\/#website\",\"url\":\"https:\/\/dev6.erresse-shop.it\/\",\"name\":\"Erresse Shop\",\"description\":\"\",\"publisher\":{\"@id\":\"https:\/\/dev6.erresse-shop.it\/#organization\"},\"potentialAction\":[{\"@type\":\"SearchAction\",\"target\":{\"@type\":\"EntryPoint\",\"urlTemplate\":\"https:\/\/dev6.erresse-shop.it\/?s={search_term_string}\"},\"query-input\":{\"@type\":\"PropertyValueSpecification\",\"valueRequired\":true,\"valueName\":\"search_term_string\"}}],\"inLanguage\":\"de\"},{\"@type\":\"Organization\",\"@id\":\"https:\/\/dev6.erresse-shop.it\/#organization\",\"name\":\"Erresse Shop\",\"url\":\"https:\/\/dev6.erresse-shop.it\/\",\"logo\":{\"@type\":\"ImageObject\",\"inLanguage\":\"de\",\"@id\":\"https:\/\/dev6.erresse-shop.it\/#\/schema\/logo\/image\/\",\"url\":\"https:\/\/dev6.erresse-shop.it\/wp-content\/uploads\/2025\/01\/LOGO-ERRESSE-CLASSICO.svg\",\"contentUrl\":\"https:\/\/dev6.erresse-shop.it\/wp-content\/uploads\/2025\/01\/LOGO-ERRESSE-CLASSICO.svg\",\"caption\":\"Erresse Shop\"},\"image\":{\"@id\":\"https:\/\/dev6.erresse-shop.it\/#\/schema\/logo\/image\/\"}}]}<\/script>\n<!-- \/ Yoast SEO plugin. -->","yoast_head_json":{"title":"LA PAVONI Kaffeemaschine Espresso Esperto Competente - dev6 Erresse","description":"Achtung: Verwenden Sie f\u00fcr optimale Ergebnisse NUR Kaffee, der mit einer guten Kaffeem\u00fchle gemahlen wurde (Jolly, Kube Mill, Zylinder \u2013 La Pavoni Serie)","robots":{"index":"noindex","follow":"follow","max-snippet":"max-snippet:-1","max-image-preview":"max-image-preview:large","max-video-preview":"max-video-preview:-1"},"og_locale":"de_DE","og_type":"article","og_title":"LA PAVONI Kaffeemaschine Espresso Esperto Competente - dev6 Erresse","og_description":"Achtung: Verwenden Sie f\u00fcr optimale Ergebnisse NUR Kaffee, der mit einer guten Kaffeem\u00fchle gemahlen wurde (Jolly, Kube Mill, Zylinder \u2013 La Pavoni Serie)","og_url":"https:\/\/dev6.erresse-shop.it\/de\/shop\/kleine-elektrogeraete\/kaffeemaschinen-espresso\/hebelbedienung\/la-pavoni-kaffeemaschine-espresso-esperto-competente\/","og_site_name":"dev6 Erresse","og_image":[{"url":"https:\/\/interpim.erresse-shop.it\/Import\/Prodotti\/la-pavoni-esperto-competente.jpg","type":"","width":"","height":""},{"url":"https:\/\/interpim.erresse-shop.it\/Import\/Prodotti\/la-pavoni-esperto-competente.jpg","width":1024,"height":1024,"type":"image\/jpeg"}],"twitter_card":"summary_large_image","twitter_image":"https:\/\/interpim.erresse-shop.it\/Import\/Prodotti\/la-pavoni-esperto-competente.jpg","schema":{"@context":"https:\/\/schema.org","@graph":[{"@type":"WebPage","@id":"https:\/\/dev6.erresse-shop.it\/de\/shop\/kleine-elektrogeraete\/kaffeemaschinen-espresso\/hebelbedienung\/la-pavoni-kaffeemaschine-espresso-esperto-competente\/","url":"https:\/\/dev6.erresse-shop.it\/de\/shop\/kleine-elektrogeraete\/kaffeemaschinen-espresso\/hebelbedienung\/la-pavoni-kaffeemaschine-espresso-esperto-competente\/","name":"LA PAVONI Kaffeemaschine Espresso Esperto Competente - dev6 Erresse","isPartOf":{"@id":"https:\/\/dev6.erresse-shop.it\/#website"},"primaryImageOfPage":{"@id":"https:\/\/dev6.erresse-shop.it\/de\/shop\/kleine-elektrogeraete\/kaffeemaschinen-espresso\/hebelbedienung\/la-pavoni-kaffeemaschine-espresso-esperto-competente\/#primaryimage"},"image":{"@id":"https:\/\/dev6.erresse-shop.it\/de\/shop\/kleine-elektrogeraete\/kaffeemaschinen-espresso\/hebelbedienung\/la-pavoni-kaffeemaschine-espresso-esperto-competente\/#primaryimage"},"thumbnailUrl":"https:\/\/i1.wp.com\/interpim.erresse-shop.it\/Import\/Prodotti\/la-pavoni-esperto-competente.jpg?ssl=1","datePublished":"2026-04-16T16:57:28+00:00","description":"Achtung: Verwenden Sie f\u00fcr optimale Ergebnisse NUR Kaffee, der mit einer guten Kaffeem\u00fchle gemahlen wurde (Jolly, Kube Mill, Zylinder \u2013 La Pavoni Serie)","breadcrumb":{"@id":"https:\/\/dev6.erresse-shop.it\/de\/shop\/kleine-elektrogeraete\/kaffeemaschinen-espresso\/hebelbedienung\/la-pavoni-kaffeemaschine-espresso-esperto-competente\/#breadcrumb"},"inLanguage":"de","potentialAction":[{"@type":"ReadAction","target":["https:\/\/dev6.erresse-shop.it\/de\/shop\/kleine-elektrogeraete\/kaffeemaschinen-espresso\/hebelbedienung\/la-pavoni-kaffeemaschine-espresso-esperto-competente\/"]}]},{"@type":"ImageObject","inLanguage":"de","@id":"https:\/\/dev6.erresse-shop.it\/de\/shop\/kleine-elektrogeraete\/kaffeemaschinen-espresso\/hebelbedienung\/la-pavoni-kaffeemaschine-espresso-esperto-competente\/#primaryimage","url":"https:\/\/i1.wp.com\/interpim.erresse-shop.it\/Import\/Prodotti\/la-pavoni-esperto-competente.jpg?ssl=1","contentUrl":"https:\/\/i1.wp.com\/interpim.erresse-shop.it\/Import\/Prodotti\/la-pavoni-esperto-competente.jpg?ssl=1"},{"@type":"BreadcrumbList","@id":"https:\/\/dev6.erresse-shop.it\/de\/shop\/kleine-elektrogeraete\/kaffeemaschinen-espresso\/hebelbedienung\/la-pavoni-kaffeemaschine-espresso-esperto-competente\/#breadcrumb","itemListElement":[{"@type":"ListItem","position":1,"name":"Home","item":"https:\/\/dev6.erresse-shop.it\/"},{"@type":"ListItem","position":2,"name":"Shop","item":"https:\/\/dev6.erresse-shop.it\/shop\/"},{"@type":"ListItem","position":3,"name":"LA PAVONI Kaffeemaschine Espresso Esperto Competente"}]},{"@type":"WebSite","@id":"https:\/\/dev6.erresse-shop.it\/#website","url":"https:\/\/dev6.erresse-shop.it\/","name":"Erresse Shop","description":"","publisher":{"@id":"https:\/\/dev6.erresse-shop.it\/#organization"},"potentialAction":[{"@type":"SearchAction","target":{"@type":"EntryPoint","urlTemplate":"https:\/\/dev6.erresse-shop.it\/?s={search_term_string}"},"query-input":{"@type":"PropertyValueSpecification","valueRequired":true,"valueName":"search_term_string"}}],"inLanguage":"de"},{"@type":"Organization","@id":"https:\/\/dev6.erresse-shop.it\/#organization","name":"Erresse Shop","url":"https:\/\/dev6.erresse-shop.it\/","logo":{"@type":"ImageObject","inLanguage":"de","@id":"https:\/\/dev6.erresse-shop.it\/#\/schema\/logo\/image\/","url":"https:\/\/dev6.erresse-shop.it\/wp-content\/uploads\/2025\/01\/LOGO-ERRESSE-CLASSICO.svg","contentUrl":"https:\/\/dev6.erresse-shop.it\/wp-content\/uploads\/2025\/01\/LOGO-ERRESSE-CLASSICO.svg","caption":"Erresse Shop"},"image":{"@id":"https:\/\/dev6.erresse-shop.it\/#\/schema\/logo\/image\/"}}]}},"df_price":1511.1,"df_sale_price":1511.1,"df_regular_price":1679,"df_image_link":"https:\/\/i1.wp.com\/interpim.erresse-shop.it\/Import\/Prodotti\/la-pavoni-esperto-competente.jpg?resize=300,300&ssl=1","fifu_image_url":"https:\/\/interpim.erresse-shop.it\/Import\/Prodotti\/la-pavoni-esperto-competente.jpg","_links":{"self":[{"href":"https:\/\/dev6.erresse-shop.it\/de\/wp-json\/wp\/v2\/product\/49329","targetHints":{"allow":["GET"]}}],"collection":[{"href":"https:\/\/dev6.erresse-shop.it\/de\/wp-json\/wp\/v2\/product"}],"about":[{"href":"https:\/\/dev6.erresse-shop.it\/de\/wp-json\/wp\/v2\/types\/product"}],"wp:featuredmedia":[{"embeddable":true,"href":"https:\/\/dev6.erresse-shop.it\/de\/wp-json\/wp\/v2\/media\/6487101"}],"wp:attachment":[{"href":"https:\/\/dev6.erresse-shop.it\/de\/wp-json\/wp\/v2\/media?parent=49329"}],"wp:term":[{"taxonomy":"product_cat","embeddable":true,"href":"https:\/\/dev6.erresse-shop.it\/de\/wp-json\/wp\/v2\/product_cat?post=49329"},{"taxonomy":"product_tag","embeddable":true,"href":"https:\/\/dev6.erresse-shop.it\/de\/wp-json\/wp\/v2\/product_tag?post=49329"}],"curies":[{"name":"wp","href":"https:\/\/api.w.org\/{rel}","templated":true}]}}