{"id":49325,"date":"2026-04-16T18:57:28","date_gmt":"2026-04-16T16:57:28","guid":{"rendered":"https:\/\/dev6.erresse-shop.it\/shop\/unkategorisiert\/zafferano-goto-muranese-set-6-glaeser-silbernes-blatt\/"},"modified":"2025-07-03T19:43:02","modified_gmt":"2025-07-03T17:43:02","slug":"zafferano-goto-muranese-set-6-glaeser-silbernes-blatt","status":"publish","type":"product","link":"https:\/\/dev6.erresse-shop.it\/de\/shop\/tisch\/trinkglaeser\/zafferano-goto-muranese-set-6-glaeser-silbernes-blatt\/","title":{"rendered":"ZAFFERANO Goto Muranese Set 6 Gl\u00e4ser Silbernes Blatt"},"content":{"rendered":"<p>Die Gl\u00e4ser k\u00f6nnen in von uns sortierten Packungen zu je sechs St\u00fcck erworben werden.<\/p>\n<p>In den letzten 20 Jahren hat sich in Murano viel ver\u00e4ndert, und diese Kollektion markiert den Beginn der kommerziellen Produktion von Trinkgl\u00e4sern f\u00fcr den Weltmarkt und stellt neben den ma\u00dfgeschneiderten Kollektionen f\u00fcr Privatk\u00e4ufer, die seit einigen Jahren das Standbein der Fabrik darstellen, einen neuen Ansto\u00df.<\/p>\n<p>Bei der Herstellung dieser atemberaubenden St\u00fccke werden traditionelle Glasherstellungstechniken verwendet. Die Hinzuf\u00fcgung wundersch\u00f6ner Elemente wie Murrine, Glasst\u00e4be und Blattsilber macht sie einzigartig und \u00e4u\u00dferst sammelw\u00fcrdig!<\/p>\n<p>Jedes St\u00fcck ist ein Kunstwerk und hat seine eigene Pers\u00f6nlichkeit\u2026<br \/>\nKeine zwei St\u00fccke werden jemals gleich sein!<\/p>\n<p>Abmessungen: CL: 44 T: 85 mm H: 105 mm (kann aufgrund der handwerklichen Technik variieren)<\/p>\n<p>\u00a0<\/p>\n","protected":false},"excerpt":{"rendered":"<p>Die Gl\u00e4ser k\u00f6nnen in von uns sortierten Packungen zu je sechs St\u00fcck erworben werden. In den letzten 20 Jahren hat sich in Murano viel ver\u00e4ndert, und diese Kollektion markiert den Beginn der kommerziellen Produktion von Trinkgl\u00e4sern f\u00fcr den Weltmarkt und stellt neben den ma\u00dfgeschneiderten Kollektionen f\u00fcr Privatk\u00e4ufer, die seit einigen Jahren das Standbein der Fabrik [&hellip;]<\/p>\n","protected":false},"featured_media":6487042,"template":"","meta":{"_acf_changed":false},"product_cat":[11671,12103,12117],"product_tag":[],"class_list":{"0":"post-49325","1":"product","2":"type-product","3":"status-publish","4":"has-post-thumbnail","6":"product_cat-tavola","7":"product_cat-tisch","8":"product_cat-trinkglaeser","10":"first","11":"outofstock","12":"taxable","13":"shipping-taxable","14":"product-type-simple","swatches":"rey-swatches","show_selected":"","stretch_labels":"rey-swatches--stretch-labels"},"acf":[],"yoast_head":"<!-- This site is optimized with the Yoast SEO plugin v25.4 - https:\/\/yoast.com\/wordpress\/plugins\/seo\/ -->\n<title>ZAFFERANO Goto Muranese Set 6 Gl\u00e4ser Silbernes Blatt - dev6 Erresse<\/title>\n<meta name=\"description\" content=\"Die Gl\u00e4ser k\u00f6nnen in von uns sortierten Packungen zu je sechs St\u00fcck erworben werden. In den letzten 20 Jahren hat sich in Murano viel ver\u00e4ndert, und diese\" \/>\n<meta name=\"robots\" content=\"noindex, follow, max-snippet:-1, max-image-preview:large, max-video-preview:-1\" \/>\n<meta property=\"og:locale\" content=\"de_DE\" \/>\n<meta property=\"og:type\" content=\"article\" \/>\n<meta property=\"og:title\" content=\"ZAFFERANO Goto Muranese Set 6 Gl\u00e4ser Silbernes Blatt - dev6 Erresse\" \/>\n<meta property=\"og:description\" content=\"Die Gl\u00e4ser k\u00f6nnen in von uns sortierten Packungen zu je sechs St\u00fcck erworben werden. In den letzten 20 Jahren hat sich in Murano viel ver\u00e4ndert, und diese\" \/>\n<meta property=\"og:url\" content=\"https:\/\/dev6.erresse-shop.it\/de\/shop\/tisch\/trinkglaeser\/zafferano-goto-muranese-set-6-glaeser-silbernes-blatt\/\" \/>\n<meta property=\"og:site_name\" content=\"dev6 Erresse\" \/>\n<meta property=\"og:image\" content=\"https:\/\/interpim.erresse-shop.it\/img-catalogo\/zafferano\/zafferano-goto-muranese-set-6-bicchieri-foglia-argento.jpg\" \/><meta property=\"og:image\" content=\"https:\/\/interpim.erresse-shop.it\/img-catalogo\/zafferano\/zafferano-goto-muranese-set-6-bicchieri-foglia-argento.jpg\" \/>\n\t<meta property=\"og:image:width\" content=\"1024\" \/>\n\t<meta property=\"og:image:height\" content=\"1024\" \/>\n\t<meta property=\"og:image:type\" content=\"image\/jpeg\" \/>\n<meta name=\"twitter:card\" content=\"summary_large_image\" \/>\n<meta name=\"twitter:image\" content=\"https:\/\/interpim.erresse-shop.it\/img-catalogo\/zafferano\/zafferano-goto-muranese-set-6-bicchieri-foglia-argento.jpg\" \/>\n<script type=\"application\/ld+json\" class=\"yoast-schema-graph\">{\"@context\":\"https:\/\/schema.org\",\"@graph\":[{\"@type\":\"WebPage\",\"@id\":\"https:\/\/dev6.erresse-shop.it\/de\/shop\/tisch\/trinkglaeser\/zafferano-goto-muranese-set-6-glaeser-silbernes-blatt\/\",\"url\":\"https:\/\/dev6.erresse-shop.it\/de\/shop\/tisch\/trinkglaeser\/zafferano-goto-muranese-set-6-glaeser-silbernes-blatt\/\",\"name\":\"ZAFFERANO Goto Muranese Set 6 Gl\u00e4ser Silbernes Blatt - dev6 Erresse\",\"isPartOf\":{\"@id\":\"https:\/\/dev6.erresse-shop.it\/#website\"},\"primaryImageOfPage\":{\"@id\":\"https:\/\/dev6.erresse-shop.it\/de\/shop\/tisch\/trinkglaeser\/zafferano-goto-muranese-set-6-glaeser-silbernes-blatt\/#primaryimage\"},\"image\":{\"@id\":\"https:\/\/dev6.erresse-shop.it\/de\/shop\/tisch\/trinkglaeser\/zafferano-goto-muranese-set-6-glaeser-silbernes-blatt\/#primaryimage\"},\"thumbnailUrl\":\"https:\/\/i2.wp.com\/interpim.erresse-shop.it\/img-catalogo\/zafferano\/zafferano-goto-muranese-set-6-bicchieri-foglia-argento.jpg?ssl=1\",\"datePublished\":\"2026-04-16T16:57:28+00:00\",\"description\":\"Die Gl\u00e4ser k\u00f6nnen in von uns sortierten Packungen zu je sechs St\u00fcck erworben werden. In den letzten 20 Jahren hat sich in Murano viel ver\u00e4ndert, und diese\",\"breadcrumb\":{\"@id\":\"https:\/\/dev6.erresse-shop.it\/de\/shop\/tisch\/trinkglaeser\/zafferano-goto-muranese-set-6-glaeser-silbernes-blatt\/#breadcrumb\"},\"inLanguage\":\"de\",\"potentialAction\":[{\"@type\":\"ReadAction\",\"target\":[\"https:\/\/dev6.erresse-shop.it\/de\/shop\/tisch\/trinkglaeser\/zafferano-goto-muranese-set-6-glaeser-silbernes-blatt\/\"]}]},{\"@type\":\"ImageObject\",\"inLanguage\":\"de\",\"@id\":\"https:\/\/dev6.erresse-shop.it\/de\/shop\/tisch\/trinkglaeser\/zafferano-goto-muranese-set-6-glaeser-silbernes-blatt\/#primaryimage\",\"url\":\"https:\/\/i2.wp.com\/interpim.erresse-shop.it\/img-catalogo\/zafferano\/zafferano-goto-muranese-set-6-bicchieri-foglia-argento.jpg?ssl=1\",\"contentUrl\":\"https:\/\/i2.wp.com\/interpim.erresse-shop.it\/img-catalogo\/zafferano\/zafferano-goto-muranese-set-6-bicchieri-foglia-argento.jpg?ssl=1\"},{\"@type\":\"BreadcrumbList\",\"@id\":\"https:\/\/dev6.erresse-shop.it\/de\/shop\/tisch\/trinkglaeser\/zafferano-goto-muranese-set-6-glaeser-silbernes-blatt\/#breadcrumb\",\"itemListElement\":[{\"@type\":\"ListItem\",\"position\":1,\"name\":\"Home\",\"item\":\"https:\/\/dev6.erresse-shop.it\/\"},{\"@type\":\"ListItem\",\"position\":2,\"name\":\"Shop\",\"item\":\"https:\/\/dev6.erresse-shop.it\/shop\/\"},{\"@type\":\"ListItem\",\"position\":3,\"name\":\"ZAFFERANO Goto Muranese Set 6 Gl\u00e4ser Silbernes Blatt\"}]},{\"@type\":\"WebSite\",\"@id\":\"https:\/\/dev6.erresse-shop.it\/#website\",\"url\":\"https:\/\/dev6.erresse-shop.it\/\",\"name\":\"Erresse Shop\",\"description\":\"\",\"publisher\":{\"@id\":\"https:\/\/dev6.erresse-shop.it\/#organization\"},\"potentialAction\":[{\"@type\":\"SearchAction\",\"target\":{\"@type\":\"EntryPoint\",\"urlTemplate\":\"https:\/\/dev6.erresse-shop.it\/?s={search_term_string}\"},\"query-input\":{\"@type\":\"PropertyValueSpecification\",\"valueRequired\":true,\"valueName\":\"search_term_string\"}}],\"inLanguage\":\"de\"},{\"@type\":\"Organization\",\"@id\":\"https:\/\/dev6.erresse-shop.it\/#organization\",\"name\":\"Erresse Shop\",\"url\":\"https:\/\/dev6.erresse-shop.it\/\",\"logo\":{\"@type\":\"ImageObject\",\"inLanguage\":\"de\",\"@id\":\"https:\/\/dev6.erresse-shop.it\/#\/schema\/logo\/image\/\",\"url\":\"https:\/\/dev6.erresse-shop.it\/wp-content\/uploads\/2025\/01\/LOGO-ERRESSE-CLASSICO.svg\",\"contentUrl\":\"https:\/\/dev6.erresse-shop.it\/wp-content\/uploads\/2025\/01\/LOGO-ERRESSE-CLASSICO.svg\",\"caption\":\"Erresse Shop\"},\"image\":{\"@id\":\"https:\/\/dev6.erresse-shop.it\/#\/schema\/logo\/image\/\"}}]}<\/script>\n<!-- \/ Yoast SEO plugin. -->","yoast_head_json":{"title":"ZAFFERANO Goto Muranese Set 6 Gl\u00e4ser Silbernes Blatt - dev6 Erresse","description":"Die Gl\u00e4ser k\u00f6nnen in von uns sortierten Packungen zu je sechs St\u00fcck erworben werden. In den letzten 20 Jahren hat sich in Murano viel ver\u00e4ndert, und diese","robots":{"index":"noindex","follow":"follow","max-snippet":"max-snippet:-1","max-image-preview":"max-image-preview:large","max-video-preview":"max-video-preview:-1"},"og_locale":"de_DE","og_type":"article","og_title":"ZAFFERANO Goto Muranese Set 6 Gl\u00e4ser Silbernes Blatt - dev6 Erresse","og_description":"Die Gl\u00e4ser k\u00f6nnen in von uns sortierten Packungen zu je sechs St\u00fcck erworben werden. In den letzten 20 Jahren hat sich in Murano viel ver\u00e4ndert, und diese","og_url":"https:\/\/dev6.erresse-shop.it\/de\/shop\/tisch\/trinkglaeser\/zafferano-goto-muranese-set-6-glaeser-silbernes-blatt\/","og_site_name":"dev6 Erresse","og_image":[{"url":"https:\/\/interpim.erresse-shop.it\/img-catalogo\/zafferano\/zafferano-goto-muranese-set-6-bicchieri-foglia-argento.jpg","type":"","width":"","height":""},{"url":"https:\/\/interpim.erresse-shop.it\/img-catalogo\/zafferano\/zafferano-goto-muranese-set-6-bicchieri-foglia-argento.jpg","width":1024,"height":1024,"type":"image\/jpeg"}],"twitter_card":"summary_large_image","twitter_image":"https:\/\/interpim.erresse-shop.it\/img-catalogo\/zafferano\/zafferano-goto-muranese-set-6-bicchieri-foglia-argento.jpg","schema":{"@context":"https:\/\/schema.org","@graph":[{"@type":"WebPage","@id":"https:\/\/dev6.erresse-shop.it\/de\/shop\/tisch\/trinkglaeser\/zafferano-goto-muranese-set-6-glaeser-silbernes-blatt\/","url":"https:\/\/dev6.erresse-shop.it\/de\/shop\/tisch\/trinkglaeser\/zafferano-goto-muranese-set-6-glaeser-silbernes-blatt\/","name":"ZAFFERANO Goto Muranese Set 6 Gl\u00e4ser Silbernes Blatt - dev6 Erresse","isPartOf":{"@id":"https:\/\/dev6.erresse-shop.it\/#website"},"primaryImageOfPage":{"@id":"https:\/\/dev6.erresse-shop.it\/de\/shop\/tisch\/trinkglaeser\/zafferano-goto-muranese-set-6-glaeser-silbernes-blatt\/#primaryimage"},"image":{"@id":"https:\/\/dev6.erresse-shop.it\/de\/shop\/tisch\/trinkglaeser\/zafferano-goto-muranese-set-6-glaeser-silbernes-blatt\/#primaryimage"},"thumbnailUrl":"https:\/\/i2.wp.com\/interpim.erresse-shop.it\/img-catalogo\/zafferano\/zafferano-goto-muranese-set-6-bicchieri-foglia-argento.jpg?ssl=1","datePublished":"2026-04-16T16:57:28+00:00","description":"Die Gl\u00e4ser k\u00f6nnen in von uns sortierten Packungen zu je sechs St\u00fcck erworben werden. In den letzten 20 Jahren hat sich in Murano viel ver\u00e4ndert, und diese","breadcrumb":{"@id":"https:\/\/dev6.erresse-shop.it\/de\/shop\/tisch\/trinkglaeser\/zafferano-goto-muranese-set-6-glaeser-silbernes-blatt\/#breadcrumb"},"inLanguage":"de","potentialAction":[{"@type":"ReadAction","target":["https:\/\/dev6.erresse-shop.it\/de\/shop\/tisch\/trinkglaeser\/zafferano-goto-muranese-set-6-glaeser-silbernes-blatt\/"]}]},{"@type":"ImageObject","inLanguage":"de","@id":"https:\/\/dev6.erresse-shop.it\/de\/shop\/tisch\/trinkglaeser\/zafferano-goto-muranese-set-6-glaeser-silbernes-blatt\/#primaryimage","url":"https:\/\/i2.wp.com\/interpim.erresse-shop.it\/img-catalogo\/zafferano\/zafferano-goto-muranese-set-6-bicchieri-foglia-argento.jpg?ssl=1","contentUrl":"https:\/\/i2.wp.com\/interpim.erresse-shop.it\/img-catalogo\/zafferano\/zafferano-goto-muranese-set-6-bicchieri-foglia-argento.jpg?ssl=1"},{"@type":"BreadcrumbList","@id":"https:\/\/dev6.erresse-shop.it\/de\/shop\/tisch\/trinkglaeser\/zafferano-goto-muranese-set-6-glaeser-silbernes-blatt\/#breadcrumb","itemListElement":[{"@type":"ListItem","position":1,"name":"Home","item":"https:\/\/dev6.erresse-shop.it\/"},{"@type":"ListItem","position":2,"name":"Shop","item":"https:\/\/dev6.erresse-shop.it\/shop\/"},{"@type":"ListItem","position":3,"name":"ZAFFERANO Goto Muranese Set 6 Gl\u00e4ser Silbernes Blatt"}]},{"@type":"WebSite","@id":"https:\/\/dev6.erresse-shop.it\/#website","url":"https:\/\/dev6.erresse-shop.it\/","name":"Erresse Shop","description":"","publisher":{"@id":"https:\/\/dev6.erresse-shop.it\/#organization"},"potentialAction":[{"@type":"SearchAction","target":{"@type":"EntryPoint","urlTemplate":"https:\/\/dev6.erresse-shop.it\/?s={search_term_string}"},"query-input":{"@type":"PropertyValueSpecification","valueRequired":true,"valueName":"search_term_string"}}],"inLanguage":"de"},{"@type":"Organization","@id":"https:\/\/dev6.erresse-shop.it\/#organization","name":"Erresse Shop","url":"https:\/\/dev6.erresse-shop.it\/","logo":{"@type":"ImageObject","inLanguage":"de","@id":"https:\/\/dev6.erresse-shop.it\/#\/schema\/logo\/image\/","url":"https:\/\/dev6.erresse-shop.it\/wp-content\/uploads\/2025\/01\/LOGO-ERRESSE-CLASSICO.svg","contentUrl":"https:\/\/dev6.erresse-shop.it\/wp-content\/uploads\/2025\/01\/LOGO-ERRESSE-CLASSICO.svg","caption":"Erresse Shop"},"image":{"@id":"https:\/\/dev6.erresse-shop.it\/#\/schema\/logo\/image\/"}}]}},"df_price":"","df_sale_price":"","df_regular_price":"","df_image_link":"https:\/\/i2.wp.com\/interpim.erresse-shop.it\/img-catalogo\/zafferano\/zafferano-goto-muranese-set-6-bicchieri-foglia-argento.jpg?resize=300,300&ssl=1","fifu_image_url":"https:\/\/interpim.erresse-shop.it\/img-catalogo\/zafferano\/zafferano-goto-muranese-set-6-bicchieri-foglia-argento.jpg","_links":{"self":[{"href":"https:\/\/dev6.erresse-shop.it\/de\/wp-json\/wp\/v2\/product\/49325","targetHints":{"allow":["GET"]}}],"collection":[{"href":"https:\/\/dev6.erresse-shop.it\/de\/wp-json\/wp\/v2\/product"}],"about":[{"href":"https:\/\/dev6.erresse-shop.it\/de\/wp-json\/wp\/v2\/types\/product"}],"wp:featuredmedia":[{"embeddable":true,"href":"https:\/\/dev6.erresse-shop.it\/de\/wp-json\/wp\/v2\/media\/6487042"}],"wp:attachment":[{"href":"https:\/\/dev6.erresse-shop.it\/de\/wp-json\/wp\/v2\/media?parent=49325"}],"wp:term":[{"taxonomy":"product_cat","embeddable":true,"href":"https:\/\/dev6.erresse-shop.it\/de\/wp-json\/wp\/v2\/product_cat?post=49325"},{"taxonomy":"product_tag","embeddable":true,"href":"https:\/\/dev6.erresse-shop.it\/de\/wp-json\/wp\/v2\/product_tag?post=49325"}],"curies":[{"name":"wp","href":"https:\/\/api.w.org\/{rel}","templated":true}]}}