{"id":49299,"date":"2026-04-12T08:22:29","date_gmt":"2026-04-12T06:22:29","guid":{"rendered":"https:\/\/dev6.erresse-shop.it\/shop\/unkategorisiert\/zwilling-enfinigy-wasserkocher\/"},"modified":"2025-07-03T19:42:38","modified_gmt":"2025-07-03T17:42:38","slug":"zwilling-enfinigy-wasserkocher","status":"publish","type":"product","link":"https:\/\/dev6.erresse-shop.it\/de\/shop\/kleine-elektrogeraete\/elektrische-wasserkocher\/zwilling-enfinigy-wasserkocher\/","title":{"rendered":"ZWILLING Enfinigy Wasserkocher"},"content":{"rendered":"<p>Ein Designerst\u00fcck zum Anfassen: der hochwertige Wasserkocher im modernen ZWILLING Design mit W\u00e4rmeisolierung. Das doppelwandige Geh\u00e4use h\u00e4lt das Wasser des 1850-Watt-Kochers im Inneren l\u00e4nger warm und sorgt gleichzeitig f\u00fcr eine k\u00fchle Au\u00dfenwand. Zudem verhindert die 70-Grad-\u00d6ffnung des Deckels den direkten Kontakt mit hei\u00dfem Wasserdampf. Der nahtlose 1,5-Liter-Beh\u00e4lter aus rostfreiem Edelstahl ist dabei besonders leicht zu reinigen und der integrierte Kalkfilter \u2013 ebenfalls teilweise aus Edelstahl \u2013 sorgt f\u00fcr besseren Geschmack. Der passgenaue Filter verschlie\u00dft zudem den Ausguss bei geschlossenem Deckel \u2013 so treten auch beim versehentlichen Umsto\u00dfen des Kochers nur sehr geringe Mengen Wasser aus. Zus\u00e4tzliche Sicherheit bieten der integrierte Trockengeh- und \u00dcberhitzungsschutz, denn die automatische Abschaltung verhindert, dass der Wasserkocher trocken l\u00e4uft und das Heizelement besch\u00e4digt wird. Auch beim Herunternehmen des Beh\u00e4lters von der Basisstation wird der Kocher automatisch abgeschaltet. Die Basisstation mit Kabelaufwicklung erm\u00f6glicht au\u00dferdem ein praktisches Verstauen.<\/p>\n<p>\u2013 Doppelwandgeh\u00e4use speichert die Temperatur im Inneren l\u00e4nger und sorgt f\u00fcr eine k\u00fchle Au\u00dfenwand<br \/>\n\u2013 70-Grad-\u00d6ffnung verhindert direkten Kontakt mit hei\u00dfem Dampf<br \/>\n\u2013 Trockengeh- und \u00dcberhitzungsschutz mit automatischer Abschaltung<br \/>\n\u2013 Nahtloser Edelstahlbeh\u00e4lter f\u00fcr einfache, r\u00fcckstandslose Reinigung<br \/>\n\u2013 Kalkfilter teilweise aus Edelstahl f\u00fcr besseren Geschmack und weniger Kalkablagerungen in Tee und Kaffee<br \/>\n\u2013 Integrierte Kabelaufwicklung zum komfortablen Verstauen<br \/>\n\u2013 Entwickelt von ZWILLING in Deutschland, designt in Mailand, Italien, von Matteo Thun &amp; Antonio Rodriguez<\/p>\n<p>Eigenschaften<br \/>\n\u2013 Farbe: silver<br \/>\n\u2013 Material: Kunststoff<br \/>\n\u2013 Voltzahl: 220-240 V<br \/>\n\u2013 Netzfrequenz: 50\/60 Hz<br \/>\n\u2013 Kabelaufbewahrung: Ja<br \/>\n\u2013 Leistung: 1.850 W<\/p>\n<p>Abmessungen<br \/>\n\u2013 Gewicht netto: 1,30 kg<br \/>\n\u2013 Fassungsverm\u00f6gen: 1,50 l<br \/>\n\u2013 Produktl\u00e4nge: 15,20 cm<br \/>\n\u2013 Produktbreite: 15,20 cm<br \/>\n\u2013 Produkth\u00f6he: 24,40 cm<\/p>\n<p>Not for sale outside from Europe<\/p>\n","protected":false},"excerpt":{"rendered":"<p>Ein Designerst\u00fcck zum Anfassen: der hochwertige Wasserkocher im modernen ZWILLING Design mit W\u00e4rmeisolierung. Das doppelwandige Geh\u00e4use h\u00e4lt das Wasser des 1850-Watt-Kochers im Inneren l\u00e4nger warm und sorgt gleichzeitig f\u00fcr eine k\u00fchle Au\u00dfenwand. Zudem verhindert die 70-Grad-\u00d6ffnung des Deckels den direkten Kontakt mit hei\u00dfem Wasserdampf. Der nahtlose 1,5-Liter-Beh\u00e4lter aus rostfreiem Edelstahl ist dabei besonders leicht zu [&hellip;]<\/p>\n","protected":false},"featured_media":6347869,"template":"","meta":{"_acf_changed":false},"product_cat":[11734,12166,12163],"product_tag":[],"class_list":{"0":"post-49299","1":"product","2":"type-product","3":"status-publish","4":"has-post-thumbnail","6":"product_cat-bollitori-elettrici","7":"product_cat-elektrische-wasserkocher","8":"product_cat-kleine-elektrogeraete","10":"first","11":"outofstock","12":"sale","13":"taxable","14":"shipping-taxable","15":"purchasable","16":"product-type-simple","swatches":"rey-swatches","show_selected":"","stretch_labels":"rey-swatches--stretch-labels"},"acf":[],"yoast_head":"<!-- This site is optimized with the Yoast SEO plugin v25.4 - https:\/\/yoast.com\/wordpress\/plugins\/seo\/ -->\n<title>ZWILLING Enfinigy Wasserkocher - dev6 Erresse<\/title>\n<meta name=\"description\" content=\"Ein Designerst\u00fcck zum Anfassen: der hochwertige Wasserkocher im modernen ZWILLING Design mit W\u00e4rmeisolierung. Das doppelwandige Geh\u00e4use h\u00e4lt das Wasser\" \/>\n<meta name=\"robots\" content=\"noindex, follow, max-snippet:-1, max-image-preview:large, max-video-preview:-1\" \/>\n<meta property=\"og:locale\" content=\"de_DE\" \/>\n<meta property=\"og:type\" content=\"article\" \/>\n<meta property=\"og:title\" content=\"ZWILLING Enfinigy Wasserkocher - dev6 Erresse\" \/>\n<meta property=\"og:description\" content=\"Ein Designerst\u00fcck zum Anfassen: der hochwertige Wasserkocher im modernen ZWILLING Design mit W\u00e4rmeisolierung. Das doppelwandige Geh\u00e4use h\u00e4lt das Wasser\" \/>\n<meta property=\"og:url\" content=\"https:\/\/dev6.erresse-shop.it\/de\/shop\/kleine-elektrogeraete\/elektrische-wasserkocher\/zwilling-enfinigy-wasserkocher\/\" \/>\n<meta property=\"og:site_name\" content=\"dev6 Erresse\" \/>\n<meta property=\"og:image\" content=\"https:\/\/interpim.erresse-shop.it\/Import\/Prodotti\/53005-000.jpg\" \/><meta property=\"og:image\" content=\"https:\/\/interpim.erresse-shop.it\/Import\/Prodotti\/53005-000.jpg\" \/>\n\t<meta property=\"og:image:width\" content=\"1024\" \/>\n\t<meta property=\"og:image:height\" content=\"1024\" \/>\n\t<meta property=\"og:image:type\" content=\"image\/jpeg\" \/>\n<meta name=\"twitter:card\" content=\"summary_large_image\" \/>\n<meta name=\"twitter:image\" content=\"https:\/\/interpim.erresse-shop.it\/Import\/Prodotti\/53005-000.jpg\" \/>\n<script type=\"application\/ld+json\" class=\"yoast-schema-graph\">{\"@context\":\"https:\/\/schema.org\",\"@graph\":[{\"@type\":\"WebPage\",\"@id\":\"https:\/\/dev6.erresse-shop.it\/de\/shop\/kleine-elektrogeraete\/elektrische-wasserkocher\/zwilling-enfinigy-wasserkocher\/\",\"url\":\"https:\/\/dev6.erresse-shop.it\/de\/shop\/kleine-elektrogeraete\/elektrische-wasserkocher\/zwilling-enfinigy-wasserkocher\/\",\"name\":\"ZWILLING Enfinigy Wasserkocher - dev6 Erresse\",\"isPartOf\":{\"@id\":\"https:\/\/dev6.erresse-shop.it\/#website\"},\"primaryImageOfPage\":{\"@id\":\"https:\/\/dev6.erresse-shop.it\/de\/shop\/kleine-elektrogeraete\/elektrische-wasserkocher\/zwilling-enfinigy-wasserkocher\/#primaryimage\"},\"image\":{\"@id\":\"https:\/\/dev6.erresse-shop.it\/de\/shop\/kleine-elektrogeraete\/elektrische-wasserkocher\/zwilling-enfinigy-wasserkocher\/#primaryimage\"},\"thumbnailUrl\":\"https:\/\/i2.wp.com\/interpim.erresse-shop.it\/Import\/Prodotti\/53005-000.jpg?ssl=1\",\"datePublished\":\"2026-04-12T06:22:29+00:00\",\"description\":\"Ein Designerst\u00fcck zum Anfassen: der hochwertige Wasserkocher im modernen ZWILLING Design mit W\u00e4rmeisolierung. Das doppelwandige Geh\u00e4use h\u00e4lt das Wasser\",\"breadcrumb\":{\"@id\":\"https:\/\/dev6.erresse-shop.it\/de\/shop\/kleine-elektrogeraete\/elektrische-wasserkocher\/zwilling-enfinigy-wasserkocher\/#breadcrumb\"},\"inLanguage\":\"de\",\"potentialAction\":[{\"@type\":\"ReadAction\",\"target\":[\"https:\/\/dev6.erresse-shop.it\/de\/shop\/kleine-elektrogeraete\/elektrische-wasserkocher\/zwilling-enfinigy-wasserkocher\/\"]}]},{\"@type\":\"ImageObject\",\"inLanguage\":\"de\",\"@id\":\"https:\/\/dev6.erresse-shop.it\/de\/shop\/kleine-elektrogeraete\/elektrische-wasserkocher\/zwilling-enfinigy-wasserkocher\/#primaryimage\",\"url\":\"https:\/\/i2.wp.com\/interpim.erresse-shop.it\/Import\/Prodotti\/53005-000.jpg?ssl=1\",\"contentUrl\":\"https:\/\/i2.wp.com\/interpim.erresse-shop.it\/Import\/Prodotti\/53005-000.jpg?ssl=1\"},{\"@type\":\"BreadcrumbList\",\"@id\":\"https:\/\/dev6.erresse-shop.it\/de\/shop\/kleine-elektrogeraete\/elektrische-wasserkocher\/zwilling-enfinigy-wasserkocher\/#breadcrumb\",\"itemListElement\":[{\"@type\":\"ListItem\",\"position\":1,\"name\":\"Home\",\"item\":\"https:\/\/dev6.erresse-shop.it\/\"},{\"@type\":\"ListItem\",\"position\":2,\"name\":\"Shop\",\"item\":\"https:\/\/dev6.erresse-shop.it\/shop\/\"},{\"@type\":\"ListItem\",\"position\":3,\"name\":\"ZWILLING Enfinigy Wasserkocher\"}]},{\"@type\":\"WebSite\",\"@id\":\"https:\/\/dev6.erresse-shop.it\/#website\",\"url\":\"https:\/\/dev6.erresse-shop.it\/\",\"name\":\"Erresse Shop\",\"description\":\"\",\"publisher\":{\"@id\":\"https:\/\/dev6.erresse-shop.it\/#organization\"},\"potentialAction\":[{\"@type\":\"SearchAction\",\"target\":{\"@type\":\"EntryPoint\",\"urlTemplate\":\"https:\/\/dev6.erresse-shop.it\/?s={search_term_string}\"},\"query-input\":{\"@type\":\"PropertyValueSpecification\",\"valueRequired\":true,\"valueName\":\"search_term_string\"}}],\"inLanguage\":\"de\"},{\"@type\":\"Organization\",\"@id\":\"https:\/\/dev6.erresse-shop.it\/#organization\",\"name\":\"Erresse Shop\",\"url\":\"https:\/\/dev6.erresse-shop.it\/\",\"logo\":{\"@type\":\"ImageObject\",\"inLanguage\":\"de\",\"@id\":\"https:\/\/dev6.erresse-shop.it\/#\/schema\/logo\/image\/\",\"url\":\"https:\/\/dev6.erresse-shop.it\/wp-content\/uploads\/2025\/01\/LOGO-ERRESSE-CLASSICO.svg\",\"contentUrl\":\"https:\/\/dev6.erresse-shop.it\/wp-content\/uploads\/2025\/01\/LOGO-ERRESSE-CLASSICO.svg\",\"caption\":\"Erresse Shop\"},\"image\":{\"@id\":\"https:\/\/dev6.erresse-shop.it\/#\/schema\/logo\/image\/\"}}]}<\/script>\n<!-- \/ Yoast SEO plugin. -->","yoast_head_json":{"title":"ZWILLING Enfinigy Wasserkocher - dev6 Erresse","description":"Ein Designerst\u00fcck zum Anfassen: der hochwertige Wasserkocher im modernen ZWILLING Design mit W\u00e4rmeisolierung. Das doppelwandige Geh\u00e4use h\u00e4lt das Wasser","robots":{"index":"noindex","follow":"follow","max-snippet":"max-snippet:-1","max-image-preview":"max-image-preview:large","max-video-preview":"max-video-preview:-1"},"og_locale":"de_DE","og_type":"article","og_title":"ZWILLING Enfinigy Wasserkocher - dev6 Erresse","og_description":"Ein Designerst\u00fcck zum Anfassen: der hochwertige Wasserkocher im modernen ZWILLING Design mit W\u00e4rmeisolierung. Das doppelwandige Geh\u00e4use h\u00e4lt das Wasser","og_url":"https:\/\/dev6.erresse-shop.it\/de\/shop\/kleine-elektrogeraete\/elektrische-wasserkocher\/zwilling-enfinigy-wasserkocher\/","og_site_name":"dev6 Erresse","og_image":[{"url":"https:\/\/interpim.erresse-shop.it\/Import\/Prodotti\/53005-000.jpg","type":"","width":"","height":""},{"url":"https:\/\/interpim.erresse-shop.it\/Import\/Prodotti\/53005-000.jpg","width":1024,"height":1024,"type":"image\/jpeg"}],"twitter_card":"summary_large_image","twitter_image":"https:\/\/interpim.erresse-shop.it\/Import\/Prodotti\/53005-000.jpg","schema":{"@context":"https:\/\/schema.org","@graph":[{"@type":"WebPage","@id":"https:\/\/dev6.erresse-shop.it\/de\/shop\/kleine-elektrogeraete\/elektrische-wasserkocher\/zwilling-enfinigy-wasserkocher\/","url":"https:\/\/dev6.erresse-shop.it\/de\/shop\/kleine-elektrogeraete\/elektrische-wasserkocher\/zwilling-enfinigy-wasserkocher\/","name":"ZWILLING Enfinigy Wasserkocher - dev6 Erresse","isPartOf":{"@id":"https:\/\/dev6.erresse-shop.it\/#website"},"primaryImageOfPage":{"@id":"https:\/\/dev6.erresse-shop.it\/de\/shop\/kleine-elektrogeraete\/elektrische-wasserkocher\/zwilling-enfinigy-wasserkocher\/#primaryimage"},"image":{"@id":"https:\/\/dev6.erresse-shop.it\/de\/shop\/kleine-elektrogeraete\/elektrische-wasserkocher\/zwilling-enfinigy-wasserkocher\/#primaryimage"},"thumbnailUrl":"https:\/\/i2.wp.com\/interpim.erresse-shop.it\/Import\/Prodotti\/53005-000.jpg?ssl=1","datePublished":"2026-04-12T06:22:29+00:00","description":"Ein Designerst\u00fcck zum Anfassen: der hochwertige Wasserkocher im modernen ZWILLING Design mit W\u00e4rmeisolierung. Das doppelwandige Geh\u00e4use h\u00e4lt das Wasser","breadcrumb":{"@id":"https:\/\/dev6.erresse-shop.it\/de\/shop\/kleine-elektrogeraete\/elektrische-wasserkocher\/zwilling-enfinigy-wasserkocher\/#breadcrumb"},"inLanguage":"de","potentialAction":[{"@type":"ReadAction","target":["https:\/\/dev6.erresse-shop.it\/de\/shop\/kleine-elektrogeraete\/elektrische-wasserkocher\/zwilling-enfinigy-wasserkocher\/"]}]},{"@type":"ImageObject","inLanguage":"de","@id":"https:\/\/dev6.erresse-shop.it\/de\/shop\/kleine-elektrogeraete\/elektrische-wasserkocher\/zwilling-enfinigy-wasserkocher\/#primaryimage","url":"https:\/\/i2.wp.com\/interpim.erresse-shop.it\/Import\/Prodotti\/53005-000.jpg?ssl=1","contentUrl":"https:\/\/i2.wp.com\/interpim.erresse-shop.it\/Import\/Prodotti\/53005-000.jpg?ssl=1"},{"@type":"BreadcrumbList","@id":"https:\/\/dev6.erresse-shop.it\/de\/shop\/kleine-elektrogeraete\/elektrische-wasserkocher\/zwilling-enfinigy-wasserkocher\/#breadcrumb","itemListElement":[{"@type":"ListItem","position":1,"name":"Home","item":"https:\/\/dev6.erresse-shop.it\/"},{"@type":"ListItem","position":2,"name":"Shop","item":"https:\/\/dev6.erresse-shop.it\/shop\/"},{"@type":"ListItem","position":3,"name":"ZWILLING Enfinigy Wasserkocher"}]},{"@type":"WebSite","@id":"https:\/\/dev6.erresse-shop.it\/#website","url":"https:\/\/dev6.erresse-shop.it\/","name":"Erresse Shop","description":"","publisher":{"@id":"https:\/\/dev6.erresse-shop.it\/#organization"},"potentialAction":[{"@type":"SearchAction","target":{"@type":"EntryPoint","urlTemplate":"https:\/\/dev6.erresse-shop.it\/?s={search_term_string}"},"query-input":{"@type":"PropertyValueSpecification","valueRequired":true,"valueName":"search_term_string"}}],"inLanguage":"de"},{"@type":"Organization","@id":"https:\/\/dev6.erresse-shop.it\/#organization","name":"Erresse Shop","url":"https:\/\/dev6.erresse-shop.it\/","logo":{"@type":"ImageObject","inLanguage":"de","@id":"https:\/\/dev6.erresse-shop.it\/#\/schema\/logo\/image\/","url":"https:\/\/dev6.erresse-shop.it\/wp-content\/uploads\/2025\/01\/LOGO-ERRESSE-CLASSICO.svg","contentUrl":"https:\/\/dev6.erresse-shop.it\/wp-content\/uploads\/2025\/01\/LOGO-ERRESSE-CLASSICO.svg","caption":"Erresse Shop"},"image":{"@id":"https:\/\/dev6.erresse-shop.it\/#\/schema\/logo\/image\/"}}]}},"df_price":79.95,"df_sale_price":79.95,"df_regular_price":89.95,"df_image_link":"https:\/\/i2.wp.com\/interpim.erresse-shop.it\/Import\/Prodotti\/53005-000.jpg?resize=300,300&ssl=1","fifu_image_url":"https:\/\/interpim.erresse-shop.it\/Import\/Prodotti\/53005-000.jpg","_links":{"self":[{"href":"https:\/\/dev6.erresse-shop.it\/de\/wp-json\/wp\/v2\/product\/49299","targetHints":{"allow":["GET"]}}],"collection":[{"href":"https:\/\/dev6.erresse-shop.it\/de\/wp-json\/wp\/v2\/product"}],"about":[{"href":"https:\/\/dev6.erresse-shop.it\/de\/wp-json\/wp\/v2\/types\/product"}],"wp:featuredmedia":[{"embeddable":true,"href":"https:\/\/dev6.erresse-shop.it\/de\/wp-json\/wp\/v2\/media\/6347869"}],"wp:attachment":[{"href":"https:\/\/dev6.erresse-shop.it\/de\/wp-json\/wp\/v2\/media?parent=49299"}],"wp:term":[{"taxonomy":"product_cat","embeddable":true,"href":"https:\/\/dev6.erresse-shop.it\/de\/wp-json\/wp\/v2\/product_cat?post=49299"},{"taxonomy":"product_tag","embeddable":true,"href":"https:\/\/dev6.erresse-shop.it\/de\/wp-json\/wp\/v2\/product_tag?post=49299"}],"curies":[{"name":"wp","href":"https:\/\/api.w.org\/{rel}","templated":true}]}}