{"id":49295,"date":"2026-04-04T08:21:41","date_gmt":"2026-04-04T06:21:41","guid":{"rendered":"https:\/\/dev6.erresse-shop.it\/shop\/unkategorisiert\/le-creuset-quadratische-grillpfanne-aus-gusseisen-26-x-26-cm-meringue\/"},"modified":"2025-11-30T17:47:03","modified_gmt":"2025-11-30T16:47:03","slug":"le-creuset-quadratische-grillpfanne-aus-gusseisen-26-x-26-cm-meringue","status":"publish","type":"product","link":"https:\/\/dev6.erresse-shop.it\/de\/shop\/toepfe-pfannen\/grillpfannen\/le-creuset-quadratische-grillpfanne-aus-gusseisen-26-x-26-cm-meringue\/","title":{"rendered":"LE CREUSET Quadratische Grillpfanne aus Gusseisen 26 x 26 cm Meringue"},"content":{"rendered":"<p>Die richtige Gr\u00f6\u00dfe f\u00fcr die ganze Familie! Mit dem rechteckigen Grill bereiten Sie Fleisch und Fisch f\u00fcr jedermann schnell und vor allem gesund zu. Genie\u00dfen Sie die M\u00f6glichkeit zu grillen, wann immer Sie wollen und auf jeder W\u00e4rmequelle!<br \/>\nLe Creuset bietet eine breite Palette von Gusseisenplatten, die gr\u00f6\u00dfte Auswahl auf dem Markt. W\u00e4hlen Sie eine gesunde und fettarme K\u00fcche: Diese Pfanne ben\u00f6tigt nur wenig \u00d6l! Le Creuset Pfannen sind perfekt zum Braten von Fleisch, H\u00fchnchen und Gem\u00fcse und bewahren ihren ganzen Geschmack. Sehr praktisch, sie k\u00f6nnen im Ofen und auf dem Grill verwendet werden. Unser ber\u00fchmtes Sortiment an emailliertem Gusseisen erm\u00f6glicht eine perfekte Verteilung und Warmhaltung. Das schwarze Emaillefutter ist langlebig, hygienisch und pflegeleicht. Probieren Sie es aus und die Ergebnisse werden Sie \u00fcberraschen.<\/p>\n<p>Eigenschaften von glasiertem Gusseisen:<\/p>\n<p>\u2013 Gleichm\u00e4\u00dfige W\u00e4rmeverteilung ohne \u00dcberhitzungszonen.<br \/>\n\u2013 Ausgezeichnete W\u00e4rmespeicherung.<br \/>\n\u2013 Griffe f\u00fcr optimale Griffigkeit.<br \/>\n\u2013 Emaillierte Innen- und Au\u00dfenfl\u00e4che. Nimmt keine Feuchtigkeit, Geschmack oder Geruch von Lebensmitteln auf.<br \/>\n\u2013 Kompatibel mit allen W\u00e4rmequellen, einschlie\u00dflich Induktion.<br \/>\n\u2013 Einfache Reinigung.<br \/>\n\u2013 Au\u00dfergew\u00f6hnliche Dauer.<br \/>\n\u2013 Lebenslange Garantie.<\/p>\n<p>See Movie 1See Movie 2<\/p>\n","protected":false},"excerpt":{"rendered":"<p>Die richtige Gr\u00f6\u00dfe f\u00fcr die ganze Familie! Mit dem rechteckigen Grill bereiten Sie Fleisch und Fisch f\u00fcr jedermann schnell und vor allem gesund zu. Genie\u00dfen Sie die M\u00f6glichkeit zu grillen, wann immer Sie wollen und auf jeder W\u00e4rmequelle! Le Creuset bietet eine breite Palette von Gusseisenplatten, die gr\u00f6\u00dfte Auswahl auf dem Markt. W\u00e4hlen Sie eine [&hellip;]<\/p>\n","protected":false},"featured_media":6264512,"template":"","meta":{"_acf_changed":false},"product_cat":[12128,11667,12099],"product_tag":[],"class_list":{"0":"post-49295","1":"product","2":"type-product","3":"status-publish","4":"has-post-thumbnail","6":"product_cat-grillpfannen","7":"product_cat-padelle-pentole","8":"product_cat-toepfe-pfannen","10":"first","11":"instock","12":"sale","13":"taxable","14":"shipping-taxable","15":"purchasable","16":"product-type-simple","swatches":"rey-swatches","show_selected":"","stretch_labels":"rey-swatches--stretch-labels"},"acf":[],"yoast_head":"<!-- This site is optimized with the Yoast SEO plugin v25.4 - https:\/\/yoast.com\/wordpress\/plugins\/seo\/ -->\n<title>LE CREUSET Quadratische Grillpfanne aus Gusseisen 26 x 26 cm Meringue - dev6 Erresse<\/title>\n<meta name=\"description\" content=\"Die richtige Gr\u00f6\u00dfe f\u00fcr die ganze Familie! Mit dem rechteckigen Grill bereiten Sie Fleisch und Fisch f\u00fcr jedermann schnell und vor allem gesund zu.\" \/>\n<meta name=\"robots\" content=\"noindex, follow, max-snippet:-1, max-image-preview:large, max-video-preview:-1\" \/>\n<meta property=\"og:locale\" content=\"de_DE\" \/>\n<meta property=\"og:type\" content=\"article\" \/>\n<meta property=\"og:title\" content=\"LE CREUSET Quadratische Grillpfanne aus Gusseisen 26 x 26 cm Meringue - dev6 Erresse\" \/>\n<meta property=\"og:description\" content=\"Die richtige Gr\u00f6\u00dfe f\u00fcr die ganze Familie! Mit dem rechteckigen Grill bereiten Sie Fleisch und Fisch f\u00fcr jedermann schnell und vor allem gesund zu.\" \/>\n<meta property=\"og:url\" content=\"https:\/\/dev6.erresse-shop.it\/de\/shop\/toepfe-pfannen\/grillpfannen\/le-creuset-quadratische-grillpfanne-aus-gusseisen-26-x-26-cm-meringue\/\" \/>\n<meta property=\"og:site_name\" content=\"dev6 Erresse\" \/>\n<meta property=\"og:image\" content=\"https:\/\/interpim.erresse-shop.it\/Import\/Prodotti\/le-creuset-bistecchiera-skillet-quadrata-evolution-26x26-cm-meringa.png\" \/><meta property=\"og:image\" content=\"https:\/\/interpim.erresse-shop.it\/Import\/Prodotti\/le-creuset-bistecchiera-skillet-quadrata-evolution-26x26-cm-meringa.png\" \/>\n\t<meta property=\"og:image:width\" content=\"1024\" \/>\n\t<meta property=\"og:image:height\" content=\"1024\" \/>\n\t<meta property=\"og:image:type\" content=\"image\/jpeg\" \/>\n<meta name=\"twitter:card\" content=\"summary_large_image\" \/>\n<meta name=\"twitter:image\" content=\"https:\/\/interpim.erresse-shop.it\/Import\/Prodotti\/le-creuset-bistecchiera-skillet-quadrata-evolution-26x26-cm-meringa.png\" \/>\n<script type=\"application\/ld+json\" class=\"yoast-schema-graph\">{\"@context\":\"https:\/\/schema.org\",\"@graph\":[{\"@type\":\"WebPage\",\"@id\":\"https:\/\/dev6.erresse-shop.it\/de\/shop\/toepfe-pfannen\/grillpfannen\/le-creuset-quadratische-grillpfanne-aus-gusseisen-26-x-26-cm-meringue\/\",\"url\":\"https:\/\/dev6.erresse-shop.it\/de\/shop\/toepfe-pfannen\/grillpfannen\/le-creuset-quadratische-grillpfanne-aus-gusseisen-26-x-26-cm-meringue\/\",\"name\":\"LE CREUSET Quadratische Grillpfanne aus Gusseisen 26 x 26 cm Meringue - dev6 Erresse\",\"isPartOf\":{\"@id\":\"https:\/\/dev6.erresse-shop.it\/#website\"},\"primaryImageOfPage\":{\"@id\":\"https:\/\/dev6.erresse-shop.it\/de\/shop\/toepfe-pfannen\/grillpfannen\/le-creuset-quadratische-grillpfanne-aus-gusseisen-26-x-26-cm-meringue\/#primaryimage\"},\"image\":{\"@id\":\"https:\/\/dev6.erresse-shop.it\/de\/shop\/toepfe-pfannen\/grillpfannen\/le-creuset-quadratische-grillpfanne-aus-gusseisen-26-x-26-cm-meringue\/#primaryimage\"},\"thumbnailUrl\":\"https:\/\/i3.wp.com\/interpim.erresse-shop.it\/Import\/Prodotti\/le-creuset-bistecchiera-skillet-quadrata-evolution-26x26-cm-meringa.png?ssl=1\",\"datePublished\":\"2026-04-04T06:21:41+00:00\",\"description\":\"Die richtige Gr\u00f6\u00dfe f\u00fcr die ganze Familie! Mit dem rechteckigen Grill bereiten Sie Fleisch und Fisch f\u00fcr jedermann schnell und vor allem gesund zu.\",\"breadcrumb\":{\"@id\":\"https:\/\/dev6.erresse-shop.it\/de\/shop\/toepfe-pfannen\/grillpfannen\/le-creuset-quadratische-grillpfanne-aus-gusseisen-26-x-26-cm-meringue\/#breadcrumb\"},\"inLanguage\":\"de\",\"potentialAction\":[{\"@type\":\"ReadAction\",\"target\":[\"https:\/\/dev6.erresse-shop.it\/de\/shop\/toepfe-pfannen\/grillpfannen\/le-creuset-quadratische-grillpfanne-aus-gusseisen-26-x-26-cm-meringue\/\"]}]},{\"@type\":\"ImageObject\",\"inLanguage\":\"de\",\"@id\":\"https:\/\/dev6.erresse-shop.it\/de\/shop\/toepfe-pfannen\/grillpfannen\/le-creuset-quadratische-grillpfanne-aus-gusseisen-26-x-26-cm-meringue\/#primaryimage\",\"url\":\"https:\/\/i3.wp.com\/interpim.erresse-shop.it\/Import\/Prodotti\/le-creuset-bistecchiera-skillet-quadrata-evolution-26x26-cm-meringa.png?ssl=1\",\"contentUrl\":\"https:\/\/i3.wp.com\/interpim.erresse-shop.it\/Import\/Prodotti\/le-creuset-bistecchiera-skillet-quadrata-evolution-26x26-cm-meringa.png?ssl=1\"},{\"@type\":\"BreadcrumbList\",\"@id\":\"https:\/\/dev6.erresse-shop.it\/de\/shop\/toepfe-pfannen\/grillpfannen\/le-creuset-quadratische-grillpfanne-aus-gusseisen-26-x-26-cm-meringue\/#breadcrumb\",\"itemListElement\":[{\"@type\":\"ListItem\",\"position\":1,\"name\":\"Home\",\"item\":\"https:\/\/dev6.erresse-shop.it\/\"},{\"@type\":\"ListItem\",\"position\":2,\"name\":\"Shop\",\"item\":\"https:\/\/dev6.erresse-shop.it\/shop\/\"},{\"@type\":\"ListItem\",\"position\":3,\"name\":\"LE CREUSET Quadratische Grillpfanne aus Gusseisen 26 x 26 cm Meringue\"}]},{\"@type\":\"WebSite\",\"@id\":\"https:\/\/dev6.erresse-shop.it\/#website\",\"url\":\"https:\/\/dev6.erresse-shop.it\/\",\"name\":\"Erresse Shop\",\"description\":\"\",\"publisher\":{\"@id\":\"https:\/\/dev6.erresse-shop.it\/#organization\"},\"potentialAction\":[{\"@type\":\"SearchAction\",\"target\":{\"@type\":\"EntryPoint\",\"urlTemplate\":\"https:\/\/dev6.erresse-shop.it\/?s={search_term_string}\"},\"query-input\":{\"@type\":\"PropertyValueSpecification\",\"valueRequired\":true,\"valueName\":\"search_term_string\"}}],\"inLanguage\":\"de\"},{\"@type\":\"Organization\",\"@id\":\"https:\/\/dev6.erresse-shop.it\/#organization\",\"name\":\"Erresse Shop\",\"url\":\"https:\/\/dev6.erresse-shop.it\/\",\"logo\":{\"@type\":\"ImageObject\",\"inLanguage\":\"de\",\"@id\":\"https:\/\/dev6.erresse-shop.it\/#\/schema\/logo\/image\/\",\"url\":\"https:\/\/dev6.erresse-shop.it\/wp-content\/uploads\/2025\/01\/LOGO-ERRESSE-CLASSICO.svg\",\"contentUrl\":\"https:\/\/dev6.erresse-shop.it\/wp-content\/uploads\/2025\/01\/LOGO-ERRESSE-CLASSICO.svg\",\"caption\":\"Erresse Shop\"},\"image\":{\"@id\":\"https:\/\/dev6.erresse-shop.it\/#\/schema\/logo\/image\/\"}}]}<\/script>\n<!-- \/ Yoast SEO plugin. -->","yoast_head_json":{"title":"LE CREUSET Quadratische Grillpfanne aus Gusseisen 26 x 26 cm Meringue - dev6 Erresse","description":"Die richtige Gr\u00f6\u00dfe f\u00fcr die ganze Familie! Mit dem rechteckigen Grill bereiten Sie Fleisch und Fisch f\u00fcr jedermann schnell und vor allem gesund zu.","robots":{"index":"noindex","follow":"follow","max-snippet":"max-snippet:-1","max-image-preview":"max-image-preview:large","max-video-preview":"max-video-preview:-1"},"og_locale":"de_DE","og_type":"article","og_title":"LE CREUSET Quadratische Grillpfanne aus Gusseisen 26 x 26 cm Meringue - dev6 Erresse","og_description":"Die richtige Gr\u00f6\u00dfe f\u00fcr die ganze Familie! Mit dem rechteckigen Grill bereiten Sie Fleisch und Fisch f\u00fcr jedermann schnell und vor allem gesund zu.","og_url":"https:\/\/dev6.erresse-shop.it\/de\/shop\/toepfe-pfannen\/grillpfannen\/le-creuset-quadratische-grillpfanne-aus-gusseisen-26-x-26-cm-meringue\/","og_site_name":"dev6 Erresse","og_image":[{"url":"https:\/\/interpim.erresse-shop.it\/Import\/Prodotti\/le-creuset-bistecchiera-skillet-quadrata-evolution-26x26-cm-meringa.png","type":"","width":"","height":""},{"url":"https:\/\/interpim.erresse-shop.it\/Import\/Prodotti\/le-creuset-bistecchiera-skillet-quadrata-evolution-26x26-cm-meringa.png","width":1024,"height":1024,"type":"image\/jpeg"}],"twitter_card":"summary_large_image","twitter_image":"https:\/\/interpim.erresse-shop.it\/Import\/Prodotti\/le-creuset-bistecchiera-skillet-quadrata-evolution-26x26-cm-meringa.png","schema":{"@context":"https:\/\/schema.org","@graph":[{"@type":"WebPage","@id":"https:\/\/dev6.erresse-shop.it\/de\/shop\/toepfe-pfannen\/grillpfannen\/le-creuset-quadratische-grillpfanne-aus-gusseisen-26-x-26-cm-meringue\/","url":"https:\/\/dev6.erresse-shop.it\/de\/shop\/toepfe-pfannen\/grillpfannen\/le-creuset-quadratische-grillpfanne-aus-gusseisen-26-x-26-cm-meringue\/","name":"LE CREUSET Quadratische Grillpfanne aus Gusseisen 26 x 26 cm Meringue - dev6 Erresse","isPartOf":{"@id":"https:\/\/dev6.erresse-shop.it\/#website"},"primaryImageOfPage":{"@id":"https:\/\/dev6.erresse-shop.it\/de\/shop\/toepfe-pfannen\/grillpfannen\/le-creuset-quadratische-grillpfanne-aus-gusseisen-26-x-26-cm-meringue\/#primaryimage"},"image":{"@id":"https:\/\/dev6.erresse-shop.it\/de\/shop\/toepfe-pfannen\/grillpfannen\/le-creuset-quadratische-grillpfanne-aus-gusseisen-26-x-26-cm-meringue\/#primaryimage"},"thumbnailUrl":"https:\/\/i3.wp.com\/interpim.erresse-shop.it\/Import\/Prodotti\/le-creuset-bistecchiera-skillet-quadrata-evolution-26x26-cm-meringa.png?ssl=1","datePublished":"2026-04-04T06:21:41+00:00","description":"Die richtige Gr\u00f6\u00dfe f\u00fcr die ganze Familie! Mit dem rechteckigen Grill bereiten Sie Fleisch und Fisch f\u00fcr jedermann schnell und vor allem gesund zu.","breadcrumb":{"@id":"https:\/\/dev6.erresse-shop.it\/de\/shop\/toepfe-pfannen\/grillpfannen\/le-creuset-quadratische-grillpfanne-aus-gusseisen-26-x-26-cm-meringue\/#breadcrumb"},"inLanguage":"de","potentialAction":[{"@type":"ReadAction","target":["https:\/\/dev6.erresse-shop.it\/de\/shop\/toepfe-pfannen\/grillpfannen\/le-creuset-quadratische-grillpfanne-aus-gusseisen-26-x-26-cm-meringue\/"]}]},{"@type":"ImageObject","inLanguage":"de","@id":"https:\/\/dev6.erresse-shop.it\/de\/shop\/toepfe-pfannen\/grillpfannen\/le-creuset-quadratische-grillpfanne-aus-gusseisen-26-x-26-cm-meringue\/#primaryimage","url":"https:\/\/i3.wp.com\/interpim.erresse-shop.it\/Import\/Prodotti\/le-creuset-bistecchiera-skillet-quadrata-evolution-26x26-cm-meringa.png?ssl=1","contentUrl":"https:\/\/i3.wp.com\/interpim.erresse-shop.it\/Import\/Prodotti\/le-creuset-bistecchiera-skillet-quadrata-evolution-26x26-cm-meringa.png?ssl=1"},{"@type":"BreadcrumbList","@id":"https:\/\/dev6.erresse-shop.it\/de\/shop\/toepfe-pfannen\/grillpfannen\/le-creuset-quadratische-grillpfanne-aus-gusseisen-26-x-26-cm-meringue\/#breadcrumb","itemListElement":[{"@type":"ListItem","position":1,"name":"Home","item":"https:\/\/dev6.erresse-shop.it\/"},{"@type":"ListItem","position":2,"name":"Shop","item":"https:\/\/dev6.erresse-shop.it\/shop\/"},{"@type":"ListItem","position":3,"name":"LE CREUSET Quadratische Grillpfanne aus Gusseisen 26 x 26 cm Meringue"}]},{"@type":"WebSite","@id":"https:\/\/dev6.erresse-shop.it\/#website","url":"https:\/\/dev6.erresse-shop.it\/","name":"Erresse Shop","description":"","publisher":{"@id":"https:\/\/dev6.erresse-shop.it\/#organization"},"potentialAction":[{"@type":"SearchAction","target":{"@type":"EntryPoint","urlTemplate":"https:\/\/dev6.erresse-shop.it\/?s={search_term_string}"},"query-input":{"@type":"PropertyValueSpecification","valueRequired":true,"valueName":"search_term_string"}}],"inLanguage":"de"},{"@type":"Organization","@id":"https:\/\/dev6.erresse-shop.it\/#organization","name":"Erresse Shop","url":"https:\/\/dev6.erresse-shop.it\/","logo":{"@type":"ImageObject","inLanguage":"de","@id":"https:\/\/dev6.erresse-shop.it\/#\/schema\/logo\/image\/","url":"https:\/\/dev6.erresse-shop.it\/wp-content\/uploads\/2025\/01\/LOGO-ERRESSE-CLASSICO.svg","contentUrl":"https:\/\/dev6.erresse-shop.it\/wp-content\/uploads\/2025\/01\/LOGO-ERRESSE-CLASSICO.svg","caption":"Erresse Shop"},"image":{"@id":"https:\/\/dev6.erresse-shop.it\/#\/schema\/logo\/image\/"}}]}},"df_price":154.95,"df_sale_price":154.95,"df_regular_price":185,"df_image_link":"https:\/\/i3.wp.com\/interpim.erresse-shop.it\/Import\/Prodotti\/le-creuset-bistecchiera-skillet-quadrata-evolution-26x26-cm-meringa.png?resize=300,300&ssl=1","fifu_image_url":"https:\/\/interpim.erresse-shop.it\/Import\/Prodotti\/le-creuset-bistecchiera-skillet-quadrata-evolution-26x26-cm-meringa.png","_links":{"self":[{"href":"https:\/\/dev6.erresse-shop.it\/de\/wp-json\/wp\/v2\/product\/49295","targetHints":{"allow":["GET"]}}],"collection":[{"href":"https:\/\/dev6.erresse-shop.it\/de\/wp-json\/wp\/v2\/product"}],"about":[{"href":"https:\/\/dev6.erresse-shop.it\/de\/wp-json\/wp\/v2\/types\/product"}],"wp:featuredmedia":[{"embeddable":true,"href":"https:\/\/dev6.erresse-shop.it\/de\/wp-json\/wp\/v2\/media\/6264512"}],"wp:attachment":[{"href":"https:\/\/dev6.erresse-shop.it\/de\/wp-json\/wp\/v2\/media?parent=49295"}],"wp:term":[{"taxonomy":"product_cat","embeddable":true,"href":"https:\/\/dev6.erresse-shop.it\/de\/wp-json\/wp\/v2\/product_cat?post=49295"},{"taxonomy":"product_tag","embeddable":true,"href":"https:\/\/dev6.erresse-shop.it\/de\/wp-json\/wp\/v2\/product_tag?post=49295"}],"curies":[{"name":"wp","href":"https:\/\/api.w.org\/{rel}","templated":true}]}}