{"id":49291,"date":"2026-04-04T08:21:41","date_gmt":"2026-04-04T06:21:41","guid":{"rendered":"https:\/\/dev6.erresse-shop.it\/shop\/unkategorisiert\/le-creuset-niedrige-bratpfanne-aus-gusseisen-28-cm-meringue\/"},"modified":"2025-09-14T00:29:39","modified_gmt":"2025-09-13T22:29:39","slug":"le-creuset-niedrige-bratpfanne-aus-gusseisen-28-cm-meringue","status":"publish","type":"product","link":"https:\/\/dev6.erresse-shop.it\/de\/shop\/toepfe-pfannen\/le-creuset-niedrige-bratpfanne-aus-gusseisen-28-cm-meringue\/","title":{"rendered":"LE CREUSET Niedrige Bratpfanne aus Gusseisen 28 cm Meringue"},"content":{"rendered":"<p>Mit unserer Evolution-Hochbratpfanne aus verglastem Gusseisen wird das Braten und Sautieren zum Vergn\u00fcgen und eignet sich perfekt f\u00fcr die Zubereitung vieler k\u00f6stlicher Gerichte. Mit h\u00f6heren Seitenw\u00e4nden zum Garen aller Speisen, einem eleganten, modernen Look, einem Holzgriff, der nicht hei\u00df wird, und einem gro\u00dfen Griff, damit die Pfanne leicht zu greifen und zu bewegen ist. Verwenden Sie diese Pfanne auf jeder W\u00e4rmequelle au\u00dfer dem Ofen. Geben Sie es nicht in die Sp\u00fclmaschine, um auch den Griff zu schonen.<\/p>\n<p>Gut schmeckendes Essen: Verglastes Gusseisen speichert die W\u00e4rme und erm\u00f6glicht so ein gleichm\u00e4\u00dfiges Garen und Anbraten. Ihre k\u00f6stlichen Kreationen bleiben auch am Tisch l\u00e4nger warm.<br \/>\nEine wertvolle Hilfe: Mit dem praktischen Griff k\u00f6nnen Sie das Produkt einfach anheben und vom Herd, zum Ofen und zum Tisch bewegen.<br \/>\nNicht zu hei\u00df: Kochen Sie bei gleichm\u00e4\u00dfiger, niedriger bis mittlerer Hitze, um Ihr Steingussprodukt zu schonen und k\u00f6stliche Ergebnisse zu erzielen.<br \/>\nEs verbessert sich mit der Zeit: Die verglaste Innenseite entwickelt eine nat\u00fcrliche Patina, die sich fast wie eine Antihaftoberfl\u00e4che verh\u00e4lt. Seine Oberfl\u00e4che verf\u00fcgt \u00fcber Eigenschaften, die ein Anhaften von Lebensmitteln auch bei geringeren \u00d6lmengen verhindern. Waschen Sie das Produkt nur mit Wasser, damit sich die Patina entwickeln kann.<br \/>\nUnsere Produkte werden aus den besten Materialien in Fabriken auf der ganzen Welt hergestellt, um die Qualit\u00e4t zu gew\u00e4hrleisten, die Sie von Le Creuset erwarten.<br \/>\nMit moderner Optik: Der Holzgriff hat ein elegantes Design und \u00fcberhitzt nicht.<\/p>\n<p>Material: verglastes Gusseisen<br \/>\nHergestellt in Frankreich<br \/>\nGarantie: lebenslang<\/p>\n<p>W\u00e4rmequelle:<\/p>\n<p>Elektroherd<br \/>\nKeramikglas<br \/>\nGasherd<br \/>\nInduktionskochfeld<\/p>\n<p>Reinigung und Pflege:<\/p>\n<p>Warten Sie, bis das Produkt abgek\u00fchlt ist, bevor Sie mit der Reinigung beginnen.<br \/>\nReinigen Sie alle R\u00fcckst\u00e4nde von der Unterseite und den Seiten des Produkts. Wenn Essensreste festsitzen, f\u00fcllen Sie das Produkt mit warmem Seifenwasser und lassen Sie es 15\u201320 Minuten einweichen, bevor Sie es wie gewohnt waschen.<br \/>\nVerwenden Sie auf keiner der Oberfl\u00e4chen Scheuermittel oder metallische, scheuernde oder sehr steife Schw\u00e4mme oder B\u00fcrsten.<br \/>\nNach dem Waschen gut trocknen und an einem trockenen Ort aufbewahren.<\/p>\n","protected":false},"excerpt":{"rendered":"<p>Mit unserer Evolution-Hochbratpfanne aus verglastem Gusseisen wird das Braten und Sautieren zum Vergn\u00fcgen und eignet sich perfekt f\u00fcr die Zubereitung vieler k\u00f6stlicher Gerichte. Mit h\u00f6heren Seitenw\u00e4nden zum Garen aller Speisen, einem eleganten, modernen Look, einem Holzgriff, der nicht hei\u00df wird, und einem gro\u00dfen Griff, damit die Pfanne leicht zu greifen und zu bewegen ist. Verwenden [&hellip;]<\/p>\n","protected":false},"featured_media":6264428,"template":"","meta":{"_acf_changed":false},"product_cat":[12099],"product_tag":[],"class_list":{"0":"post-49291","1":"product","2":"type-product","3":"status-publish","4":"has-post-thumbnail","6":"product_cat-toepfe-pfannen","8":"first","9":"outofstock","10":"sale","11":"taxable","12":"shipping-taxable","13":"purchasable","14":"product-type-simple","swatches":"rey-swatches","show_selected":"","stretch_labels":"rey-swatches--stretch-labels"},"acf":[],"yoast_head":"<!-- This site is optimized with the Yoast SEO plugin v25.4 - https:\/\/yoast.com\/wordpress\/plugins\/seo\/ -->\n<title>LE CREUSET Niedrige Bratpfanne aus Gusseisen 28 cm Meringue - dev6 Erresse<\/title>\n<meta name=\"description\" content=\"Mit unserer Evolution-Hochbratpfanne aus verglastem Gusseisen wird das Braten und Sautieren zum Vergn\u00fcgen und eignet sich perfekt f\u00fcr die Zubereitung\" \/>\n<meta name=\"robots\" content=\"noindex, follow, max-snippet:-1, max-image-preview:large, max-video-preview:-1\" \/>\n<meta property=\"og:locale\" content=\"de_DE\" \/>\n<meta property=\"og:type\" content=\"article\" \/>\n<meta property=\"og:title\" content=\"LE CREUSET Niedrige Bratpfanne aus Gusseisen 28 cm Meringue - dev6 Erresse\" \/>\n<meta property=\"og:description\" content=\"Mit unserer Evolution-Hochbratpfanne aus verglastem Gusseisen wird das Braten und Sautieren zum Vergn\u00fcgen und eignet sich perfekt f\u00fcr die Zubereitung\" \/>\n<meta property=\"og:url\" content=\"https:\/\/dev6.erresse-shop.it\/de\/shop\/toepfe-pfannen\/le-creuset-niedrige-bratpfanne-aus-gusseisen-28-cm-meringue\/\" \/>\n<meta property=\"og:site_name\" content=\"dev6 Erresse\" \/>\n<meta property=\"og:image\" content=\"https:\/\/interpim.erresse-shop.it\/wp-content\/uploads\/2020\/10\/LE-CREUSET-Padella-Bassa-in-Ghisa-28-cm-Meringa.jpg\/le-creuset-padella-bassa-in-ghisa-28-cm-meringa.jpg\" \/><meta property=\"og:image\" content=\"https:\/\/interpim.erresse-shop.it\/wp-content\/uploads\/2020\/10\/LE-CREUSET-Padella-Bassa-in-Ghisa-28-cm-Meringa.jpg\/le-creuset-padella-bassa-in-ghisa-28-cm-meringa.jpg\" \/>\n\t<meta property=\"og:image:width\" content=\"1024\" \/>\n\t<meta property=\"og:image:height\" content=\"1024\" \/>\n\t<meta property=\"og:image:type\" content=\"image\/jpeg\" \/>\n<meta name=\"twitter:card\" content=\"summary_large_image\" \/>\n<meta name=\"twitter:image\" content=\"https:\/\/interpim.erresse-shop.it\/wp-content\/uploads\/2020\/10\/LE-CREUSET-Padella-Bassa-in-Ghisa-28-cm-Meringa.jpg\/le-creuset-padella-bassa-in-ghisa-28-cm-meringa.jpg\" \/>\n<script type=\"application\/ld+json\" class=\"yoast-schema-graph\">{\"@context\":\"https:\/\/schema.org\",\"@graph\":[{\"@type\":\"WebPage\",\"@id\":\"https:\/\/dev6.erresse-shop.it\/de\/shop\/toepfe-pfannen\/le-creuset-niedrige-bratpfanne-aus-gusseisen-28-cm-meringue\/\",\"url\":\"https:\/\/dev6.erresse-shop.it\/de\/shop\/toepfe-pfannen\/le-creuset-niedrige-bratpfanne-aus-gusseisen-28-cm-meringue\/\",\"name\":\"LE CREUSET Niedrige Bratpfanne aus Gusseisen 28 cm Meringue - dev6 Erresse\",\"isPartOf\":{\"@id\":\"https:\/\/dev6.erresse-shop.it\/#website\"},\"primaryImageOfPage\":{\"@id\":\"https:\/\/dev6.erresse-shop.it\/de\/shop\/toepfe-pfannen\/le-creuset-niedrige-bratpfanne-aus-gusseisen-28-cm-meringue\/#primaryimage\"},\"image\":{\"@id\":\"https:\/\/dev6.erresse-shop.it\/de\/shop\/toepfe-pfannen\/le-creuset-niedrige-bratpfanne-aus-gusseisen-28-cm-meringue\/#primaryimage\"},\"thumbnailUrl\":\"https:\/\/i3.wp.com\/interpim.erresse-shop.it\/wp-content\/uploads\/2020\/10\/LE-CREUSET-Padella-Bassa-in-Ghisa-28-cm-Meringa.jpg\/le-creuset-padella-bassa-in-ghisa-28-cm-meringa.jpg?ssl=1\",\"datePublished\":\"2026-04-04T06:21:41+00:00\",\"description\":\"Mit unserer Evolution-Hochbratpfanne aus verglastem Gusseisen wird das Braten und Sautieren zum Vergn\u00fcgen und eignet sich perfekt f\u00fcr die Zubereitung\",\"breadcrumb\":{\"@id\":\"https:\/\/dev6.erresse-shop.it\/de\/shop\/toepfe-pfannen\/le-creuset-niedrige-bratpfanne-aus-gusseisen-28-cm-meringue\/#breadcrumb\"},\"inLanguage\":\"de\",\"potentialAction\":[{\"@type\":\"ReadAction\",\"target\":[\"https:\/\/dev6.erresse-shop.it\/de\/shop\/toepfe-pfannen\/le-creuset-niedrige-bratpfanne-aus-gusseisen-28-cm-meringue\/\"]}]},{\"@type\":\"ImageObject\",\"inLanguage\":\"de\",\"@id\":\"https:\/\/dev6.erresse-shop.it\/de\/shop\/toepfe-pfannen\/le-creuset-niedrige-bratpfanne-aus-gusseisen-28-cm-meringue\/#primaryimage\",\"url\":\"https:\/\/i3.wp.com\/interpim.erresse-shop.it\/wp-content\/uploads\/2020\/10\/LE-CREUSET-Padella-Bassa-in-Ghisa-28-cm-Meringa.jpg\/le-creuset-padella-bassa-in-ghisa-28-cm-meringa.jpg?ssl=1\",\"contentUrl\":\"https:\/\/i3.wp.com\/interpim.erresse-shop.it\/wp-content\/uploads\/2020\/10\/LE-CREUSET-Padella-Bassa-in-Ghisa-28-cm-Meringa.jpg\/le-creuset-padella-bassa-in-ghisa-28-cm-meringa.jpg?ssl=1\"},{\"@type\":\"BreadcrumbList\",\"@id\":\"https:\/\/dev6.erresse-shop.it\/de\/shop\/toepfe-pfannen\/le-creuset-niedrige-bratpfanne-aus-gusseisen-28-cm-meringue\/#breadcrumb\",\"itemListElement\":[{\"@type\":\"ListItem\",\"position\":1,\"name\":\"Home\",\"item\":\"https:\/\/dev6.erresse-shop.it\/\"},{\"@type\":\"ListItem\",\"position\":2,\"name\":\"Shop\",\"item\":\"https:\/\/dev6.erresse-shop.it\/shop\/\"},{\"@type\":\"ListItem\",\"position\":3,\"name\":\"LE CREUSET Niedrige Bratpfanne aus Gusseisen 28 cm Meringue\"}]},{\"@type\":\"WebSite\",\"@id\":\"https:\/\/dev6.erresse-shop.it\/#website\",\"url\":\"https:\/\/dev6.erresse-shop.it\/\",\"name\":\"Erresse Shop\",\"description\":\"\",\"publisher\":{\"@id\":\"https:\/\/dev6.erresse-shop.it\/#organization\"},\"potentialAction\":[{\"@type\":\"SearchAction\",\"target\":{\"@type\":\"EntryPoint\",\"urlTemplate\":\"https:\/\/dev6.erresse-shop.it\/?s={search_term_string}\"},\"query-input\":{\"@type\":\"PropertyValueSpecification\",\"valueRequired\":true,\"valueName\":\"search_term_string\"}}],\"inLanguage\":\"de\"},{\"@type\":\"Organization\",\"@id\":\"https:\/\/dev6.erresse-shop.it\/#organization\",\"name\":\"Erresse Shop\",\"url\":\"https:\/\/dev6.erresse-shop.it\/\",\"logo\":{\"@type\":\"ImageObject\",\"inLanguage\":\"de\",\"@id\":\"https:\/\/dev6.erresse-shop.it\/#\/schema\/logo\/image\/\",\"url\":\"https:\/\/dev6.erresse-shop.it\/wp-content\/uploads\/2025\/01\/LOGO-ERRESSE-CLASSICO.svg\",\"contentUrl\":\"https:\/\/dev6.erresse-shop.it\/wp-content\/uploads\/2025\/01\/LOGO-ERRESSE-CLASSICO.svg\",\"caption\":\"Erresse Shop\"},\"image\":{\"@id\":\"https:\/\/dev6.erresse-shop.it\/#\/schema\/logo\/image\/\"}}]}<\/script>\n<!-- \/ Yoast SEO plugin. -->","yoast_head_json":{"title":"LE CREUSET Niedrige Bratpfanne aus Gusseisen 28 cm Meringue - dev6 Erresse","description":"Mit unserer Evolution-Hochbratpfanne aus verglastem Gusseisen wird das Braten und Sautieren zum Vergn\u00fcgen und eignet sich perfekt f\u00fcr die Zubereitung","robots":{"index":"noindex","follow":"follow","max-snippet":"max-snippet:-1","max-image-preview":"max-image-preview:large","max-video-preview":"max-video-preview:-1"},"og_locale":"de_DE","og_type":"article","og_title":"LE CREUSET Niedrige Bratpfanne aus Gusseisen 28 cm Meringue - dev6 Erresse","og_description":"Mit unserer Evolution-Hochbratpfanne aus verglastem Gusseisen wird das Braten und Sautieren zum Vergn\u00fcgen und eignet sich perfekt f\u00fcr die Zubereitung","og_url":"https:\/\/dev6.erresse-shop.it\/de\/shop\/toepfe-pfannen\/le-creuset-niedrige-bratpfanne-aus-gusseisen-28-cm-meringue\/","og_site_name":"dev6 Erresse","og_image":[{"url":"https:\/\/interpim.erresse-shop.it\/wp-content\/uploads\/2020\/10\/LE-CREUSET-Padella-Bassa-in-Ghisa-28-cm-Meringa.jpg\/le-creuset-padella-bassa-in-ghisa-28-cm-meringa.jpg","type":"","width":"","height":""},{"url":"https:\/\/interpim.erresse-shop.it\/wp-content\/uploads\/2020\/10\/LE-CREUSET-Padella-Bassa-in-Ghisa-28-cm-Meringa.jpg\/le-creuset-padella-bassa-in-ghisa-28-cm-meringa.jpg","width":1024,"height":1024,"type":"image\/jpeg"}],"twitter_card":"summary_large_image","twitter_image":"https:\/\/interpim.erresse-shop.it\/wp-content\/uploads\/2020\/10\/LE-CREUSET-Padella-Bassa-in-Ghisa-28-cm-Meringa.jpg\/le-creuset-padella-bassa-in-ghisa-28-cm-meringa.jpg","schema":{"@context":"https:\/\/schema.org","@graph":[{"@type":"WebPage","@id":"https:\/\/dev6.erresse-shop.it\/de\/shop\/toepfe-pfannen\/le-creuset-niedrige-bratpfanne-aus-gusseisen-28-cm-meringue\/","url":"https:\/\/dev6.erresse-shop.it\/de\/shop\/toepfe-pfannen\/le-creuset-niedrige-bratpfanne-aus-gusseisen-28-cm-meringue\/","name":"LE CREUSET Niedrige Bratpfanne aus Gusseisen 28 cm Meringue - dev6 Erresse","isPartOf":{"@id":"https:\/\/dev6.erresse-shop.it\/#website"},"primaryImageOfPage":{"@id":"https:\/\/dev6.erresse-shop.it\/de\/shop\/toepfe-pfannen\/le-creuset-niedrige-bratpfanne-aus-gusseisen-28-cm-meringue\/#primaryimage"},"image":{"@id":"https:\/\/dev6.erresse-shop.it\/de\/shop\/toepfe-pfannen\/le-creuset-niedrige-bratpfanne-aus-gusseisen-28-cm-meringue\/#primaryimage"},"thumbnailUrl":"https:\/\/i3.wp.com\/interpim.erresse-shop.it\/wp-content\/uploads\/2020\/10\/LE-CREUSET-Padella-Bassa-in-Ghisa-28-cm-Meringa.jpg\/le-creuset-padella-bassa-in-ghisa-28-cm-meringa.jpg?ssl=1","datePublished":"2026-04-04T06:21:41+00:00","description":"Mit unserer Evolution-Hochbratpfanne aus verglastem Gusseisen wird das Braten und Sautieren zum Vergn\u00fcgen und eignet sich perfekt f\u00fcr die Zubereitung","breadcrumb":{"@id":"https:\/\/dev6.erresse-shop.it\/de\/shop\/toepfe-pfannen\/le-creuset-niedrige-bratpfanne-aus-gusseisen-28-cm-meringue\/#breadcrumb"},"inLanguage":"de","potentialAction":[{"@type":"ReadAction","target":["https:\/\/dev6.erresse-shop.it\/de\/shop\/toepfe-pfannen\/le-creuset-niedrige-bratpfanne-aus-gusseisen-28-cm-meringue\/"]}]},{"@type":"ImageObject","inLanguage":"de","@id":"https:\/\/dev6.erresse-shop.it\/de\/shop\/toepfe-pfannen\/le-creuset-niedrige-bratpfanne-aus-gusseisen-28-cm-meringue\/#primaryimage","url":"https:\/\/i3.wp.com\/interpim.erresse-shop.it\/wp-content\/uploads\/2020\/10\/LE-CREUSET-Padella-Bassa-in-Ghisa-28-cm-Meringa.jpg\/le-creuset-padella-bassa-in-ghisa-28-cm-meringa.jpg?ssl=1","contentUrl":"https:\/\/i3.wp.com\/interpim.erresse-shop.it\/wp-content\/uploads\/2020\/10\/LE-CREUSET-Padella-Bassa-in-Ghisa-28-cm-Meringa.jpg\/le-creuset-padella-bassa-in-ghisa-28-cm-meringa.jpg?ssl=1"},{"@type":"BreadcrumbList","@id":"https:\/\/dev6.erresse-shop.it\/de\/shop\/toepfe-pfannen\/le-creuset-niedrige-bratpfanne-aus-gusseisen-28-cm-meringue\/#breadcrumb","itemListElement":[{"@type":"ListItem","position":1,"name":"Home","item":"https:\/\/dev6.erresse-shop.it\/"},{"@type":"ListItem","position":2,"name":"Shop","item":"https:\/\/dev6.erresse-shop.it\/shop\/"},{"@type":"ListItem","position":3,"name":"LE CREUSET Niedrige Bratpfanne aus Gusseisen 28 cm Meringue"}]},{"@type":"WebSite","@id":"https:\/\/dev6.erresse-shop.it\/#website","url":"https:\/\/dev6.erresse-shop.it\/","name":"Erresse Shop","description":"","publisher":{"@id":"https:\/\/dev6.erresse-shop.it\/#organization"},"potentialAction":[{"@type":"SearchAction","target":{"@type":"EntryPoint","urlTemplate":"https:\/\/dev6.erresse-shop.it\/?s={search_term_string}"},"query-input":{"@type":"PropertyValueSpecification","valueRequired":true,"valueName":"search_term_string"}}],"inLanguage":"de"},{"@type":"Organization","@id":"https:\/\/dev6.erresse-shop.it\/#organization","name":"Erresse Shop","url":"https:\/\/dev6.erresse-shop.it\/","logo":{"@type":"ImageObject","inLanguage":"de","@id":"https:\/\/dev6.erresse-shop.it\/#\/schema\/logo\/image\/","url":"https:\/\/dev6.erresse-shop.it\/wp-content\/uploads\/2025\/01\/LOGO-ERRESSE-CLASSICO.svg","contentUrl":"https:\/\/dev6.erresse-shop.it\/wp-content\/uploads\/2025\/01\/LOGO-ERRESSE-CLASSICO.svg","caption":"Erresse Shop"},"image":{"@id":"https:\/\/dev6.erresse-shop.it\/#\/schema\/logo\/image\/"}}]}},"df_price":169.95,"df_sale_price":169.95,"df_regular_price":245,"df_image_link":"https:\/\/i3.wp.com\/interpim.erresse-shop.it\/wp-content\/uploads\/2020\/10\/LE-CREUSET-Padella-Bassa-in-Ghisa-28-cm-Meringa.jpg\/le-creuset-padella-bassa-in-ghisa-28-cm-meringa.jpg?resize=300,300&ssl=1","fifu_image_url":"https:\/\/interpim.erresse-shop.it\/wp-content\/uploads\/2020\/10\/LE-CREUSET-Padella-Bassa-in-Ghisa-28-cm-Meringa.jpg\/le-creuset-padella-bassa-in-ghisa-28-cm-meringa.jpg","_links":{"self":[{"href":"https:\/\/dev6.erresse-shop.it\/de\/wp-json\/wp\/v2\/product\/49291","targetHints":{"allow":["GET"]}}],"collection":[{"href":"https:\/\/dev6.erresse-shop.it\/de\/wp-json\/wp\/v2\/product"}],"about":[{"href":"https:\/\/dev6.erresse-shop.it\/de\/wp-json\/wp\/v2\/types\/product"}],"wp:featuredmedia":[{"embeddable":true,"href":"https:\/\/dev6.erresse-shop.it\/de\/wp-json\/wp\/v2\/media\/6264428"}],"wp:attachment":[{"href":"https:\/\/dev6.erresse-shop.it\/de\/wp-json\/wp\/v2\/media?parent=49291"}],"wp:term":[{"taxonomy":"product_cat","embeddable":true,"href":"https:\/\/dev6.erresse-shop.it\/de\/wp-json\/wp\/v2\/product_cat?post=49291"},{"taxonomy":"product_tag","embeddable":true,"href":"https:\/\/dev6.erresse-shop.it\/de\/wp-json\/wp\/v2\/product_tag?post=49291"}],"curies":[{"name":"wp","href":"https:\/\/api.w.org\/{rel}","templated":true}]}}