{"id":49285,"date":"2026-04-16T18:56:41","date_gmt":"2026-04-16T16:56:41","guid":{"rendered":"https:\/\/dev6.erresse-shop.it\/shop\/unkategorisiert\/zwilling-enfinigy-standmixer-universal\/"},"modified":"2025-07-03T19:42:24","modified_gmt":"2025-07-03T17:42:24","slug":"zwilling-enfinigy-standmixer-universal","status":"publish","type":"product","link":"https:\/\/dev6.erresse-shop.it\/de\/shop\/kleine-elektrogeraete\/mixer\/zwilling-enfinigy-standmixer-universal\/","title":{"rendered":"ZWILLING Enfinigy Standmixer Universal"},"content":{"rendered":"<p>Ein gutes Messer geh\u00f6rt in jeden Haushalt. Jetzt auch in den K\u00fcchenmixer. Der Standmixer Universal \u00fcberzeugt mit einer hochwertigen Kreuzklinge aus dem Hause ZWILLING. Die Edelstahlklinge wurde f\u00fcr die neuen K\u00fcchenmixer in Solingen entwickelt und sorgt mit ihrem speziellen Wellenschliff und Piranha-Zahnung f\u00fcr m\u00fcheloses Zerkleinern. Der 1200-Watt-Motor ist besonders leistungsstark und wurde in optimaler Abstimmung mit der Klinge und dem Geh\u00e4use angefertigt. Das Ergebnis sind feinste Mixergebnisse. Der 1,4-Liter-Mixbeh\u00e4lter aus BPA-freiem Tritan ist bruchfest und k\u00e4lte- sowie hitzebest\u00e4ndig \u2013 die Reinigung per Hand oder ganz einfach mit dem integrierten Reinigungsprogramm wird empfohlen. Auch die Oberfl\u00e4chen des Mixers sind durch das moderne One-Button-Design mit integriertem Display leicht zu reinigen. Durch die eingebaute Sicherheitsfunktion l\u00e4sst sich der Hochleistungsmixer nur mit Deckel betreiben \u2013 so besteht keine Verletzungsgefahr. Mit dem intuitiv zu bedienenden Drehknopf k\u00f6nnen 5 Automatikprogramme (Pulse, Smoothie, Cocktail, Eiscrusher und Reinigung) und 12 Geschwindigkeitsstufen des Table Blenders ausgew\u00e4hlt werden. Auch Shakes, Dips, Saucen und vieles mehr k\u00f6nnen so mit der idealen Geschwindigkeit zubereitet werden. Das passende Zubeh\u00f6r ist bereits enthalten: Ein Messbecher und ein hochwertiger Stampfer erg\u00e4nzen den Standmixer Universal.<\/p>\n<p>\u2013 Kraftvoller 1200-Watt-Hochleistungsmotor f\u00fcr Mixen ohne Leistungsabfall<br \/>\n\u2013 ZWILLING Kreuzklinge mit speziellem Wellenschliff und Piranha-Zahnung f\u00fcr feinste P\u00fcrierergebnisse<br \/>\n\u2013 5 Automatikprogramme: Pulse, Smoothie, Cocktail, Eiscrusher und Reinigung<br \/>\n\u2013 Zahlreiche Zusatzfeatures wie Sicherheitsverriegelung und beleuchtetes Display<br \/>\n\u2013 Messbecher und ein hochwertiger Stampfer werden als praktisches Zubeh\u00f6r mitgeliefert<br \/>\n\u2013 Bruchfester und leicht zu reinigender 1,4-Liter-Mixbeh\u00e4lter aus BPA-freiem Tritan<br \/>\n\u2013 Entwickelt von ZWILLING in Deutschland, designt in Mailand, Italien, von Matteo Thun &amp; Antonio Rodriguez<\/p>\n<p>Eigenschaften<br \/>\n\u2013 Farbe: Silver<br \/>\n\u2013 Material: Kunststoff<br \/>\n\u2013 Voltzahl: 220-240 V<br \/>\n\u2013 Fassungsverm\u00f6gen des Tritan-Gef\u00e4\u00dfes: 1400 ml<br \/>\n\u2013 Verriegelungssystem: Ja<br \/>\n\u2013 Motorart: AC Motor<br \/>\n\u2013 Kabelaufbewahrung: Ja<br \/>\n\u2013 Programme: 5<br \/>\n\u2013 Klingenart: Kreuzklinge<br \/>\n\u2013 Geschwindigkeitsstufen: 12<br \/>\n\u2013 Leistung: 1.200 W<\/p>\n<p>Abmessungen<br \/>\n\u2013 Gewicht netto: 3,90 kg<br \/>\n\u2013 Fassungsverm\u00f6gen: 1,40 l<br \/>\n\u2013 Produktl\u00e4nge: 16,50 cm<br \/>\n\u2013 Produktbreite: 16,50 cm<br \/>\n\u2013 Produkth\u00f6he: 39,90 cm<\/p>\n<p>Not for sale outside from Europe<\/p>\n","protected":false},"excerpt":{"rendered":"<p>Ein gutes Messer geh\u00f6rt in jeden Haushalt. Jetzt auch in den K\u00fcchenmixer. Der Standmixer Universal \u00fcberzeugt mit einer hochwertigen Kreuzklinge aus dem Hause ZWILLING. Die Edelstahlklinge wurde f\u00fcr die neuen K\u00fcchenmixer in Solingen entwickelt und sorgt mit ihrem speziellen Wellenschliff und Piranha-Zahnung f\u00fcr m\u00fcheloses Zerkleinern. Der 1200-Watt-Motor ist besonders leistungsstark und wurde in optimaler Abstimmung [&hellip;]<\/p>\n","protected":false},"featured_media":6486729,"template":"","meta":{"_acf_changed":false},"product_cat":[11737,12163,12169],"product_tag":[],"class_list":{"0":"post-49285","1":"product","2":"type-product","3":"status-publish","4":"has-post-thumbnail","6":"product_cat-frullatori","7":"product_cat-kleine-elektrogeraete","8":"product_cat-mixer","10":"first","11":"outofstock","12":"sale","13":"taxable","14":"shipping-taxable","15":"purchasable","16":"product-type-simple","swatches":"rey-swatches","show_selected":"","stretch_labels":"rey-swatches--stretch-labels"},"acf":[],"yoast_head":"<!-- This site is optimized with the Yoast SEO plugin v25.4 - https:\/\/yoast.com\/wordpress\/plugins\/seo\/ -->\n<title>ZWILLING Enfinigy Standmixer Universal - dev6 Erresse<\/title>\n<meta name=\"description\" content=\"Ein gutes Messer geh\u00f6rt in jeden Haushalt. Jetzt auch in den K\u00fcchenmixer. Der Standmixer Universal \u00fcberzeugt mit einer hochwertigen Kreuzklinge aus dem\" \/>\n<meta name=\"robots\" content=\"noindex, follow, max-snippet:-1, max-image-preview:large, max-video-preview:-1\" \/>\n<meta property=\"og:locale\" content=\"de_DE\" \/>\n<meta property=\"og:type\" content=\"article\" \/>\n<meta property=\"og:title\" content=\"ZWILLING Enfinigy Standmixer Universal - dev6 Erresse\" \/>\n<meta property=\"og:description\" content=\"Ein gutes Messer geh\u00f6rt in jeden Haushalt. Jetzt auch in den K\u00fcchenmixer. Der Standmixer Universal \u00fcberzeugt mit einer hochwertigen Kreuzklinge aus dem\" \/>\n<meta property=\"og:url\" content=\"https:\/\/dev6.erresse-shop.it\/de\/shop\/kleine-elektrogeraete\/mixer\/zwilling-enfinigy-standmixer-universal\/\" \/>\n<meta property=\"og:site_name\" content=\"dev6 Erresse\" \/>\n<meta property=\"og:image\" content=\"https:\/\/interpim.erresse-shop.it\/Import\/Prodotti\/53001-000.jpg\" \/><meta property=\"og:image\" content=\"https:\/\/interpim.erresse-shop.it\/Import\/Prodotti\/53001-000.jpg\" \/>\n\t<meta property=\"og:image:width\" content=\"1024\" \/>\n\t<meta property=\"og:image:height\" content=\"1024\" \/>\n\t<meta property=\"og:image:type\" content=\"image\/jpeg\" \/>\n<meta name=\"twitter:card\" content=\"summary_large_image\" \/>\n<meta name=\"twitter:image\" content=\"https:\/\/interpim.erresse-shop.it\/Import\/Prodotti\/53001-000.jpg\" \/>\n<script type=\"application\/ld+json\" class=\"yoast-schema-graph\">{\"@context\":\"https:\/\/schema.org\",\"@graph\":[{\"@type\":\"WebPage\",\"@id\":\"https:\/\/dev6.erresse-shop.it\/de\/shop\/kleine-elektrogeraete\/mixer\/zwilling-enfinigy-standmixer-universal\/\",\"url\":\"https:\/\/dev6.erresse-shop.it\/de\/shop\/kleine-elektrogeraete\/mixer\/zwilling-enfinigy-standmixer-universal\/\",\"name\":\"ZWILLING Enfinigy Standmixer Universal - dev6 Erresse\",\"isPartOf\":{\"@id\":\"https:\/\/dev6.erresse-shop.it\/#website\"},\"primaryImageOfPage\":{\"@id\":\"https:\/\/dev6.erresse-shop.it\/de\/shop\/kleine-elektrogeraete\/mixer\/zwilling-enfinigy-standmixer-universal\/#primaryimage\"},\"image\":{\"@id\":\"https:\/\/dev6.erresse-shop.it\/de\/shop\/kleine-elektrogeraete\/mixer\/zwilling-enfinigy-standmixer-universal\/#primaryimage\"},\"thumbnailUrl\":\"https:\/\/i2.wp.com\/interpim.erresse-shop.it\/Import\/Prodotti\/53001-000.jpg?ssl=1\",\"datePublished\":\"2026-04-16T16:56:41+00:00\",\"description\":\"Ein gutes Messer geh\u00f6rt in jeden Haushalt. Jetzt auch in den K\u00fcchenmixer. Der Standmixer Universal \u00fcberzeugt mit einer hochwertigen Kreuzklinge aus dem\",\"breadcrumb\":{\"@id\":\"https:\/\/dev6.erresse-shop.it\/de\/shop\/kleine-elektrogeraete\/mixer\/zwilling-enfinigy-standmixer-universal\/#breadcrumb\"},\"inLanguage\":\"de\",\"potentialAction\":[{\"@type\":\"ReadAction\",\"target\":[\"https:\/\/dev6.erresse-shop.it\/de\/shop\/kleine-elektrogeraete\/mixer\/zwilling-enfinigy-standmixer-universal\/\"]}]},{\"@type\":\"ImageObject\",\"inLanguage\":\"de\",\"@id\":\"https:\/\/dev6.erresse-shop.it\/de\/shop\/kleine-elektrogeraete\/mixer\/zwilling-enfinigy-standmixer-universal\/#primaryimage\",\"url\":\"https:\/\/i2.wp.com\/interpim.erresse-shop.it\/Import\/Prodotti\/53001-000.jpg?ssl=1\",\"contentUrl\":\"https:\/\/i2.wp.com\/interpim.erresse-shop.it\/Import\/Prodotti\/53001-000.jpg?ssl=1\"},{\"@type\":\"BreadcrumbList\",\"@id\":\"https:\/\/dev6.erresse-shop.it\/de\/shop\/kleine-elektrogeraete\/mixer\/zwilling-enfinigy-standmixer-universal\/#breadcrumb\",\"itemListElement\":[{\"@type\":\"ListItem\",\"position\":1,\"name\":\"Home\",\"item\":\"https:\/\/dev6.erresse-shop.it\/\"},{\"@type\":\"ListItem\",\"position\":2,\"name\":\"Shop\",\"item\":\"https:\/\/dev6.erresse-shop.it\/shop\/\"},{\"@type\":\"ListItem\",\"position\":3,\"name\":\"ZWILLING Enfinigy Standmixer Universal\"}]},{\"@type\":\"WebSite\",\"@id\":\"https:\/\/dev6.erresse-shop.it\/#website\",\"url\":\"https:\/\/dev6.erresse-shop.it\/\",\"name\":\"Erresse Shop\",\"description\":\"\",\"publisher\":{\"@id\":\"https:\/\/dev6.erresse-shop.it\/#organization\"},\"potentialAction\":[{\"@type\":\"SearchAction\",\"target\":{\"@type\":\"EntryPoint\",\"urlTemplate\":\"https:\/\/dev6.erresse-shop.it\/?s={search_term_string}\"},\"query-input\":{\"@type\":\"PropertyValueSpecification\",\"valueRequired\":true,\"valueName\":\"search_term_string\"}}],\"inLanguage\":\"de\"},{\"@type\":\"Organization\",\"@id\":\"https:\/\/dev6.erresse-shop.it\/#organization\",\"name\":\"Erresse Shop\",\"url\":\"https:\/\/dev6.erresse-shop.it\/\",\"logo\":{\"@type\":\"ImageObject\",\"inLanguage\":\"de\",\"@id\":\"https:\/\/dev6.erresse-shop.it\/#\/schema\/logo\/image\/\",\"url\":\"https:\/\/dev6.erresse-shop.it\/wp-content\/uploads\/2025\/01\/LOGO-ERRESSE-CLASSICO.svg\",\"contentUrl\":\"https:\/\/dev6.erresse-shop.it\/wp-content\/uploads\/2025\/01\/LOGO-ERRESSE-CLASSICO.svg\",\"caption\":\"Erresse Shop\"},\"image\":{\"@id\":\"https:\/\/dev6.erresse-shop.it\/#\/schema\/logo\/image\/\"}}]}<\/script>\n<!-- \/ Yoast SEO plugin. -->","yoast_head_json":{"title":"ZWILLING Enfinigy Standmixer Universal - dev6 Erresse","description":"Ein gutes Messer geh\u00f6rt in jeden Haushalt. Jetzt auch in den K\u00fcchenmixer. Der Standmixer Universal \u00fcberzeugt mit einer hochwertigen Kreuzklinge aus dem","robots":{"index":"noindex","follow":"follow","max-snippet":"max-snippet:-1","max-image-preview":"max-image-preview:large","max-video-preview":"max-video-preview:-1"},"og_locale":"de_DE","og_type":"article","og_title":"ZWILLING Enfinigy Standmixer Universal - dev6 Erresse","og_description":"Ein gutes Messer geh\u00f6rt in jeden Haushalt. Jetzt auch in den K\u00fcchenmixer. Der Standmixer Universal \u00fcberzeugt mit einer hochwertigen Kreuzklinge aus dem","og_url":"https:\/\/dev6.erresse-shop.it\/de\/shop\/kleine-elektrogeraete\/mixer\/zwilling-enfinigy-standmixer-universal\/","og_site_name":"dev6 Erresse","og_image":[{"url":"https:\/\/interpim.erresse-shop.it\/Import\/Prodotti\/53001-000.jpg","type":"","width":"","height":""},{"url":"https:\/\/interpim.erresse-shop.it\/Import\/Prodotti\/53001-000.jpg","width":1024,"height":1024,"type":"image\/jpeg"}],"twitter_card":"summary_large_image","twitter_image":"https:\/\/interpim.erresse-shop.it\/Import\/Prodotti\/53001-000.jpg","schema":{"@context":"https:\/\/schema.org","@graph":[{"@type":"WebPage","@id":"https:\/\/dev6.erresse-shop.it\/de\/shop\/kleine-elektrogeraete\/mixer\/zwilling-enfinigy-standmixer-universal\/","url":"https:\/\/dev6.erresse-shop.it\/de\/shop\/kleine-elektrogeraete\/mixer\/zwilling-enfinigy-standmixer-universal\/","name":"ZWILLING Enfinigy Standmixer Universal - dev6 Erresse","isPartOf":{"@id":"https:\/\/dev6.erresse-shop.it\/#website"},"primaryImageOfPage":{"@id":"https:\/\/dev6.erresse-shop.it\/de\/shop\/kleine-elektrogeraete\/mixer\/zwilling-enfinigy-standmixer-universal\/#primaryimage"},"image":{"@id":"https:\/\/dev6.erresse-shop.it\/de\/shop\/kleine-elektrogeraete\/mixer\/zwilling-enfinigy-standmixer-universal\/#primaryimage"},"thumbnailUrl":"https:\/\/i2.wp.com\/interpim.erresse-shop.it\/Import\/Prodotti\/53001-000.jpg?ssl=1","datePublished":"2026-04-16T16:56:41+00:00","description":"Ein gutes Messer geh\u00f6rt in jeden Haushalt. Jetzt auch in den K\u00fcchenmixer. Der Standmixer Universal \u00fcberzeugt mit einer hochwertigen Kreuzklinge aus dem","breadcrumb":{"@id":"https:\/\/dev6.erresse-shop.it\/de\/shop\/kleine-elektrogeraete\/mixer\/zwilling-enfinigy-standmixer-universal\/#breadcrumb"},"inLanguage":"de","potentialAction":[{"@type":"ReadAction","target":["https:\/\/dev6.erresse-shop.it\/de\/shop\/kleine-elektrogeraete\/mixer\/zwilling-enfinigy-standmixer-universal\/"]}]},{"@type":"ImageObject","inLanguage":"de","@id":"https:\/\/dev6.erresse-shop.it\/de\/shop\/kleine-elektrogeraete\/mixer\/zwilling-enfinigy-standmixer-universal\/#primaryimage","url":"https:\/\/i2.wp.com\/interpim.erresse-shop.it\/Import\/Prodotti\/53001-000.jpg?ssl=1","contentUrl":"https:\/\/i2.wp.com\/interpim.erresse-shop.it\/Import\/Prodotti\/53001-000.jpg?ssl=1"},{"@type":"BreadcrumbList","@id":"https:\/\/dev6.erresse-shop.it\/de\/shop\/kleine-elektrogeraete\/mixer\/zwilling-enfinigy-standmixer-universal\/#breadcrumb","itemListElement":[{"@type":"ListItem","position":1,"name":"Home","item":"https:\/\/dev6.erresse-shop.it\/"},{"@type":"ListItem","position":2,"name":"Shop","item":"https:\/\/dev6.erresse-shop.it\/shop\/"},{"@type":"ListItem","position":3,"name":"ZWILLING Enfinigy Standmixer Universal"}]},{"@type":"WebSite","@id":"https:\/\/dev6.erresse-shop.it\/#website","url":"https:\/\/dev6.erresse-shop.it\/","name":"Erresse Shop","description":"","publisher":{"@id":"https:\/\/dev6.erresse-shop.it\/#organization"},"potentialAction":[{"@type":"SearchAction","target":{"@type":"EntryPoint","urlTemplate":"https:\/\/dev6.erresse-shop.it\/?s={search_term_string}"},"query-input":{"@type":"PropertyValueSpecification","valueRequired":true,"valueName":"search_term_string"}}],"inLanguage":"de"},{"@type":"Organization","@id":"https:\/\/dev6.erresse-shop.it\/#organization","name":"Erresse Shop","url":"https:\/\/dev6.erresse-shop.it\/","logo":{"@type":"ImageObject","inLanguage":"de","@id":"https:\/\/dev6.erresse-shop.it\/#\/schema\/logo\/image\/","url":"https:\/\/dev6.erresse-shop.it\/wp-content\/uploads\/2025\/01\/LOGO-ERRESSE-CLASSICO.svg","contentUrl":"https:\/\/dev6.erresse-shop.it\/wp-content\/uploads\/2025\/01\/LOGO-ERRESSE-CLASSICO.svg","caption":"Erresse Shop"},"image":{"@id":"https:\/\/dev6.erresse-shop.it\/#\/schema\/logo\/image\/"}}]}},"df_price":159,"df_sale_price":159,"df_regular_price":199,"df_image_link":"https:\/\/i2.wp.com\/interpim.erresse-shop.it\/Import\/Prodotti\/53001-000.jpg?resize=300,300&ssl=1","fifu_image_url":"https:\/\/interpim.erresse-shop.it\/Import\/Prodotti\/53001-000.jpg","_links":{"self":[{"href":"https:\/\/dev6.erresse-shop.it\/de\/wp-json\/wp\/v2\/product\/49285","targetHints":{"allow":["GET"]}}],"collection":[{"href":"https:\/\/dev6.erresse-shop.it\/de\/wp-json\/wp\/v2\/product"}],"about":[{"href":"https:\/\/dev6.erresse-shop.it\/de\/wp-json\/wp\/v2\/types\/product"}],"wp:featuredmedia":[{"embeddable":true,"href":"https:\/\/dev6.erresse-shop.it\/de\/wp-json\/wp\/v2\/media\/6486729"}],"wp:attachment":[{"href":"https:\/\/dev6.erresse-shop.it\/de\/wp-json\/wp\/v2\/media?parent=49285"}],"wp:term":[{"taxonomy":"product_cat","embeddable":true,"href":"https:\/\/dev6.erresse-shop.it\/de\/wp-json\/wp\/v2\/product_cat?post=49285"},{"taxonomy":"product_tag","embeddable":true,"href":"https:\/\/dev6.erresse-shop.it\/de\/wp-json\/wp\/v2\/product_tag?post=49285"}],"curies":[{"name":"wp","href":"https:\/\/api.w.org\/{rel}","templated":true}]}}