{"id":49281,"date":"2026-04-16T18:56:41","date_gmt":"2026-04-16T16:56:41","guid":{"rendered":"https:\/\/dev6.erresse-shop.it\/shop\/unkategorisiert\/zwilling-enfinigy-blender-power-pro\/"},"modified":"2026-01-16T22:10:22","modified_gmt":"2026-01-16T21:10:22","slug":"zwilling-enfinigy-blender-power-pro","status":"publish","type":"product","link":"https:\/\/dev6.erresse-shop.it\/de\/shop\/kleine-elektrogeraete\/mixer\/zwilling-enfinigy-blender-power-pro\/","title":{"rendered":"ZWILLING Enfinigy Blender Power Pro"},"content":{"rendered":"<p>Die wichtigsten Komponenten eines Mixers sind das Messer und der Motor. Deshalb ist jeder ZWILLING Standmixer mit original ZWILLING Edelstahlmessern ausgestattet. Motor, Mixbeh\u00e4lter und Messer sind optimal aufeinander abgestimmt. Der Effekt? Ein Mischergebnis, das der Marke ZWILLING w\u00fcrdig ist.<\/p>\n<p>DETAILS MACHEN DEN UNTERSCHIED<br \/>\nZWILLING-Klinge mit spezieller Piranha-Verzahnung<br \/>\nZWILLING-Klinge, die sich durch hervorragende Festigkeit und Sch\u00e4rfe auszeichnet<br \/>\nZWILLING-Klinge \u2013 entwickelt in Solingen, Deutschland<\/p>\n<p>JEDE GR\u00d6SSE REDUZIEREN.<br \/>\nIntuitiv, wie ein Messer. Bis zu sieben Automatikprogramme und 12 Geschwindigkeitsstufen erm\u00f6glichen es Ihnen, m\u00fchelos die richtige Einstellung f\u00fcr jeden Anlass zu finden \u2013 mit einer einfachen Drehung eines Knopfes.<\/p>\n<p>PREMIUM-GER\u00c4TE F\u00dcR MODERNE K\u00dcCHEN: FUNKTIONEN<br \/>\n\u2013 Pulse: Der Mixer l\u00e4uft mit minimaler und maximaler Geschwindigkeit. Geeignet f\u00fcr kurzes, manuelles Mischen und f\u00fcr zus\u00e4tzliches Mischen, f\u00fcr noch feinere Ergebnisse.<br \/>\n\u2013 Smoothie: Verwandeln Sie Obst und Gem\u00fcse in k\u00f6stliche cremige Smoothies.<br \/>\n\u2013 Cocktails: Geeignet f\u00fcr Getr\u00e4nke wie Cocktails auf Eisbasis wie Margaritas sowie gr\u00fcne Smoothies mit hohem Chlorophyllgehalt und hausgemachte Nussgetr\u00e4nke.<br \/>\n\u2013 Eis: Zur schnellen und einfachen Zubereitung Ihrer Eisspezialit\u00e4ten. Dazu k\u00f6nnen frische oder gefrorene Fruchtsorbets in Kombination mit Eisw\u00fcrfeln geh\u00f6ren. Oder probieren Sie das k\u00f6stliche Eis mit Milchprodukten.<br \/>\n\u2013 Eiszerkleinerer: Verwandelt jede Art von Eisw\u00fcrfeln in fein zersto\u00dfenes Eis.<br \/>\n\u2013 Suppe: Die Zutaten zerkleinern und erhitzen, mit der Hitze der Rotation des Messers. In nur 10 Minuten sind Suppen und P\u00fcrees erhitzt und sofort servierfertig.<br \/>\n\u2013 Reinigung: Der einfachste Weg, Ihren Mixer zu reinigen: Geben Sie einfach etwas Wasser und einen Tropfen Sp\u00fclmittel hinzu, starten Sie das Reinigungsprogramm und sp\u00fclen Sie ihn anschlie\u00dfend aus.<\/p>\n<p>VERL\u00c4NGERTE LEBENSDAUER.<br \/>\nNicht nur das Design der ZWILLING Mixer ist zeitlos, auch die Ger\u00e4te selbst sind unglaublich langlebig. Die Klingen bestehen aus Edelstahl und die Kannen aus widerstandsf\u00e4higem Tritan. Tritan ist ein hochwertiges Material, das halb so viel wiegt wie Glas und deutlich robuster ist. Es ist sowohl hitze- als auch k\u00e4ltebest\u00e4ndig und weist eine hohe Bruchfestigkeit auf.<\/p>\n<p>SCHNEIDEN SIE ALLES. AUSSER IHREM FINGER.<br \/>\nDie Sicherheitsverriegelung des Mixers und die spezielle Piranha-Verzahnung sorgen f\u00fcr sicheres Mixen.<br \/>\nSicherheitsverriegelung: Das Ger\u00e4t startet nur, wenn der Deckel richtig eingesetzt ist.<br \/>\nAuto-Off-Funktion: Der Mixer schaltet sich jedes Mal automatisch aus, wenn er w\u00e4hrend des Mixens ge\u00f6ffnet wird.<br \/>\nSpezielle Piranha-Verzahnung: Nur die kleine Verzahnung auf der Innenseite der Klinge ist scharf. Dadurch ist eine sichere Handreinigung gew\u00e4hrleistet.<\/p>\n<p>POWER BLENDER PRO<br \/>\nDas Spitzenmodell Power Blender Pro ist mit einem besonders leisen Motor mit geringem Verbrauch und einer Leistung von 1200 W ausgestattet. Konstante Messergeschwindigkeit, automatische Sicherheitsabschaltung. Es gibt 7 w\u00e4hlbare Funktionen: Smoothie, Cocktail, Eismaschine, Eis-Crusher, Suppe, Reinigung und Pulse, w\u00e4hrend die Rotationsgeschwindigkeit der Messer in 12 stufenlosen Stufen eingestellt werden kann. Der robuste und ger\u00e4umige 1,8-Liter-Krug besteht aus Tritan, dem innovativen recycelbaren Polymer ohne potenziell sch\u00e4dliche Bestandteile (BPA-frei). Dar\u00fcber hinaus ist der Power Blender Pro mit einer integrierten Waage mit Tarafunktion ausgestattet.<\/p>\n<p>Nicht zum Verkauf au\u00dferhalb Europas<\/p>\n","protected":false},"excerpt":{"rendered":"<p>Die wichtigsten Komponenten eines Mixers sind das Messer und der Motor. Deshalb ist jeder ZWILLING Standmixer mit original ZWILLING Edelstahlmessern ausgestattet. Motor, Mixbeh\u00e4lter und Messer sind optimal aufeinander abgestimmt. Der Effekt? Ein Mischergebnis, das der Marke ZWILLING w\u00fcrdig ist. DETAILS MACHEN DEN UNTERSCHIED ZWILLING-Klinge mit spezieller Piranha-Verzahnung ZWILLING-Klinge, die sich durch hervorragende Festigkeit und Sch\u00e4rfe [&hellip;]<\/p>\n","protected":false},"featured_media":6486687,"template":"","meta":{"_acf_changed":false},"product_cat":[11737,12163,12169],"product_tag":[],"class_list":{"0":"post-49281","1":"product","2":"type-product","3":"status-publish","4":"has-post-thumbnail","6":"product_cat-frullatori","7":"product_cat-kleine-elektrogeraete","8":"product_cat-mixer","10":"first","11":"outofstock","12":"sale","13":"taxable","14":"shipping-taxable","15":"purchasable","16":"product-type-simple","swatches":"rey-swatches","show_selected":"","stretch_labels":"rey-swatches--stretch-labels"},"acf":[],"yoast_head":"<!-- This site is optimized with the Yoast SEO plugin v25.4 - https:\/\/yoast.com\/wordpress\/plugins\/seo\/ -->\n<title>ZWILLING Enfinigy Blender Power Pro - dev6 Erresse<\/title>\n<meta name=\"description\" content=\"Die wichtigsten Komponenten eines Mixers sind das Messer und der Motor. Deshalb ist jeder ZWILLING Standmixer mit original ZWILLING Edelstahlmessern\" \/>\n<meta name=\"robots\" content=\"noindex, follow, max-snippet:-1, max-image-preview:large, max-video-preview:-1\" \/>\n<meta property=\"og:locale\" content=\"de_DE\" \/>\n<meta property=\"og:type\" content=\"article\" \/>\n<meta property=\"og:title\" content=\"ZWILLING Enfinigy Blender Power Pro - dev6 Erresse\" \/>\n<meta property=\"og:description\" content=\"Die wichtigsten Komponenten eines Mixers sind das Messer und der Motor. Deshalb ist jeder ZWILLING Standmixer mit original ZWILLING Edelstahlmessern\" \/>\n<meta property=\"og:url\" content=\"https:\/\/dev6.erresse-shop.it\/de\/shop\/kleine-elektrogeraete\/mixer\/zwilling-enfinigy-blender-power-pro\/\" \/>\n<meta property=\"og:site_name\" content=\"dev6 Erresse\" \/>\n<meta property=\"og:image\" content=\"https:\/\/interpim.erresse-shop.it\/Import\/Prodotti\/53001-000.jpg\" \/><meta property=\"og:image\" content=\"https:\/\/interpim.erresse-shop.it\/Import\/Prodotti\/53001-000.jpg\" \/>\n\t<meta property=\"og:image:width\" content=\"1024\" \/>\n\t<meta property=\"og:image:height\" content=\"1024\" \/>\n\t<meta property=\"og:image:type\" content=\"image\/jpeg\" \/>\n<meta name=\"twitter:card\" content=\"summary_large_image\" \/>\n<meta name=\"twitter:image\" content=\"https:\/\/interpim.erresse-shop.it\/Import\/Prodotti\/53001-000.jpg\" \/>\n<script type=\"application\/ld+json\" class=\"yoast-schema-graph\">{\"@context\":\"https:\/\/schema.org\",\"@graph\":[{\"@type\":\"WebPage\",\"@id\":\"https:\/\/dev6.erresse-shop.it\/de\/shop\/kleine-elektrogeraete\/mixer\/zwilling-enfinigy-blender-power-pro\/\",\"url\":\"https:\/\/dev6.erresse-shop.it\/de\/shop\/kleine-elektrogeraete\/mixer\/zwilling-enfinigy-blender-power-pro\/\",\"name\":\"ZWILLING Enfinigy Blender Power Pro - dev6 Erresse\",\"isPartOf\":{\"@id\":\"https:\/\/dev6.erresse-shop.it\/#website\"},\"primaryImageOfPage\":{\"@id\":\"https:\/\/dev6.erresse-shop.it\/de\/shop\/kleine-elektrogeraete\/mixer\/zwilling-enfinigy-blender-power-pro\/#primaryimage\"},\"image\":{\"@id\":\"https:\/\/dev6.erresse-shop.it\/de\/shop\/kleine-elektrogeraete\/mixer\/zwilling-enfinigy-blender-power-pro\/#primaryimage\"},\"thumbnailUrl\":\"https:\/\/i2.wp.com\/interpim.erresse-shop.it\/Import\/Prodotti\/53001-000.jpg?ssl=1\",\"datePublished\":\"2026-04-16T16:56:41+00:00\",\"description\":\"Die wichtigsten Komponenten eines Mixers sind das Messer und der Motor. Deshalb ist jeder ZWILLING Standmixer mit original ZWILLING Edelstahlmessern\",\"breadcrumb\":{\"@id\":\"https:\/\/dev6.erresse-shop.it\/de\/shop\/kleine-elektrogeraete\/mixer\/zwilling-enfinigy-blender-power-pro\/#breadcrumb\"},\"inLanguage\":\"de\",\"potentialAction\":[{\"@type\":\"ReadAction\",\"target\":[\"https:\/\/dev6.erresse-shop.it\/de\/shop\/kleine-elektrogeraete\/mixer\/zwilling-enfinigy-blender-power-pro\/\"]}]},{\"@type\":\"ImageObject\",\"inLanguage\":\"de\",\"@id\":\"https:\/\/dev6.erresse-shop.it\/de\/shop\/kleine-elektrogeraete\/mixer\/zwilling-enfinigy-blender-power-pro\/#primaryimage\",\"url\":\"https:\/\/i2.wp.com\/interpim.erresse-shop.it\/Import\/Prodotti\/53001-000.jpg?ssl=1\",\"contentUrl\":\"https:\/\/i2.wp.com\/interpim.erresse-shop.it\/Import\/Prodotti\/53001-000.jpg?ssl=1\"},{\"@type\":\"BreadcrumbList\",\"@id\":\"https:\/\/dev6.erresse-shop.it\/de\/shop\/kleine-elektrogeraete\/mixer\/zwilling-enfinigy-blender-power-pro\/#breadcrumb\",\"itemListElement\":[{\"@type\":\"ListItem\",\"position\":1,\"name\":\"Home\",\"item\":\"https:\/\/dev6.erresse-shop.it\/\"},{\"@type\":\"ListItem\",\"position\":2,\"name\":\"Shop\",\"item\":\"https:\/\/dev6.erresse-shop.it\/shop\/\"},{\"@type\":\"ListItem\",\"position\":3,\"name\":\"ZWILLING Enfinigy Blender Power Pro\"}]},{\"@type\":\"WebSite\",\"@id\":\"https:\/\/dev6.erresse-shop.it\/#website\",\"url\":\"https:\/\/dev6.erresse-shop.it\/\",\"name\":\"Erresse Shop\",\"description\":\"\",\"publisher\":{\"@id\":\"https:\/\/dev6.erresse-shop.it\/#organization\"},\"potentialAction\":[{\"@type\":\"SearchAction\",\"target\":{\"@type\":\"EntryPoint\",\"urlTemplate\":\"https:\/\/dev6.erresse-shop.it\/?s={search_term_string}\"},\"query-input\":{\"@type\":\"PropertyValueSpecification\",\"valueRequired\":true,\"valueName\":\"search_term_string\"}}],\"inLanguage\":\"de\"},{\"@type\":\"Organization\",\"@id\":\"https:\/\/dev6.erresse-shop.it\/#organization\",\"name\":\"Erresse Shop\",\"url\":\"https:\/\/dev6.erresse-shop.it\/\",\"logo\":{\"@type\":\"ImageObject\",\"inLanguage\":\"de\",\"@id\":\"https:\/\/dev6.erresse-shop.it\/#\/schema\/logo\/image\/\",\"url\":\"https:\/\/dev6.erresse-shop.it\/wp-content\/uploads\/2025\/01\/LOGO-ERRESSE-CLASSICO.svg\",\"contentUrl\":\"https:\/\/dev6.erresse-shop.it\/wp-content\/uploads\/2025\/01\/LOGO-ERRESSE-CLASSICO.svg\",\"caption\":\"Erresse Shop\"},\"image\":{\"@id\":\"https:\/\/dev6.erresse-shop.it\/#\/schema\/logo\/image\/\"}}]}<\/script>\n<!-- \/ Yoast SEO plugin. -->","yoast_head_json":{"title":"ZWILLING Enfinigy Blender Power Pro - dev6 Erresse","description":"Die wichtigsten Komponenten eines Mixers sind das Messer und der Motor. Deshalb ist jeder ZWILLING Standmixer mit original ZWILLING Edelstahlmessern","robots":{"index":"noindex","follow":"follow","max-snippet":"max-snippet:-1","max-image-preview":"max-image-preview:large","max-video-preview":"max-video-preview:-1"},"og_locale":"de_DE","og_type":"article","og_title":"ZWILLING Enfinigy Blender Power Pro - dev6 Erresse","og_description":"Die wichtigsten Komponenten eines Mixers sind das Messer und der Motor. Deshalb ist jeder ZWILLING Standmixer mit original ZWILLING Edelstahlmessern","og_url":"https:\/\/dev6.erresse-shop.it\/de\/shop\/kleine-elektrogeraete\/mixer\/zwilling-enfinigy-blender-power-pro\/","og_site_name":"dev6 Erresse","og_image":[{"url":"https:\/\/interpim.erresse-shop.it\/Import\/Prodotti\/53001-000.jpg","type":"","width":"","height":""},{"url":"https:\/\/interpim.erresse-shop.it\/Import\/Prodotti\/53001-000.jpg","width":1024,"height":1024,"type":"image\/jpeg"}],"twitter_card":"summary_large_image","twitter_image":"https:\/\/interpim.erresse-shop.it\/Import\/Prodotti\/53001-000.jpg","schema":{"@context":"https:\/\/schema.org","@graph":[{"@type":"WebPage","@id":"https:\/\/dev6.erresse-shop.it\/de\/shop\/kleine-elektrogeraete\/mixer\/zwilling-enfinigy-blender-power-pro\/","url":"https:\/\/dev6.erresse-shop.it\/de\/shop\/kleine-elektrogeraete\/mixer\/zwilling-enfinigy-blender-power-pro\/","name":"ZWILLING Enfinigy Blender Power Pro - dev6 Erresse","isPartOf":{"@id":"https:\/\/dev6.erresse-shop.it\/#website"},"primaryImageOfPage":{"@id":"https:\/\/dev6.erresse-shop.it\/de\/shop\/kleine-elektrogeraete\/mixer\/zwilling-enfinigy-blender-power-pro\/#primaryimage"},"image":{"@id":"https:\/\/dev6.erresse-shop.it\/de\/shop\/kleine-elektrogeraete\/mixer\/zwilling-enfinigy-blender-power-pro\/#primaryimage"},"thumbnailUrl":"https:\/\/i2.wp.com\/interpim.erresse-shop.it\/Import\/Prodotti\/53001-000.jpg?ssl=1","datePublished":"2026-04-16T16:56:41+00:00","description":"Die wichtigsten Komponenten eines Mixers sind das Messer und der Motor. Deshalb ist jeder ZWILLING Standmixer mit original ZWILLING Edelstahlmessern","breadcrumb":{"@id":"https:\/\/dev6.erresse-shop.it\/de\/shop\/kleine-elektrogeraete\/mixer\/zwilling-enfinigy-blender-power-pro\/#breadcrumb"},"inLanguage":"de","potentialAction":[{"@type":"ReadAction","target":["https:\/\/dev6.erresse-shop.it\/de\/shop\/kleine-elektrogeraete\/mixer\/zwilling-enfinigy-blender-power-pro\/"]}]},{"@type":"ImageObject","inLanguage":"de","@id":"https:\/\/dev6.erresse-shop.it\/de\/shop\/kleine-elektrogeraete\/mixer\/zwilling-enfinigy-blender-power-pro\/#primaryimage","url":"https:\/\/i2.wp.com\/interpim.erresse-shop.it\/Import\/Prodotti\/53001-000.jpg?ssl=1","contentUrl":"https:\/\/i2.wp.com\/interpim.erresse-shop.it\/Import\/Prodotti\/53001-000.jpg?ssl=1"},{"@type":"BreadcrumbList","@id":"https:\/\/dev6.erresse-shop.it\/de\/shop\/kleine-elektrogeraete\/mixer\/zwilling-enfinigy-blender-power-pro\/#breadcrumb","itemListElement":[{"@type":"ListItem","position":1,"name":"Home","item":"https:\/\/dev6.erresse-shop.it\/"},{"@type":"ListItem","position":2,"name":"Shop","item":"https:\/\/dev6.erresse-shop.it\/shop\/"},{"@type":"ListItem","position":3,"name":"ZWILLING Enfinigy Blender Power Pro"}]},{"@type":"WebSite","@id":"https:\/\/dev6.erresse-shop.it\/#website","url":"https:\/\/dev6.erresse-shop.it\/","name":"Erresse Shop","description":"","publisher":{"@id":"https:\/\/dev6.erresse-shop.it\/#organization"},"potentialAction":[{"@type":"SearchAction","target":{"@type":"EntryPoint","urlTemplate":"https:\/\/dev6.erresse-shop.it\/?s={search_term_string}"},"query-input":{"@type":"PropertyValueSpecification","valueRequired":true,"valueName":"search_term_string"}}],"inLanguage":"de"},{"@type":"Organization","@id":"https:\/\/dev6.erresse-shop.it\/#organization","name":"Erresse Shop","url":"https:\/\/dev6.erresse-shop.it\/","logo":{"@type":"ImageObject","inLanguage":"de","@id":"https:\/\/dev6.erresse-shop.it\/#\/schema\/logo\/image\/","url":"https:\/\/dev6.erresse-shop.it\/wp-content\/uploads\/2025\/01\/LOGO-ERRESSE-CLASSICO.svg","contentUrl":"https:\/\/dev6.erresse-shop.it\/wp-content\/uploads\/2025\/01\/LOGO-ERRESSE-CLASSICO.svg","caption":"Erresse Shop"},"image":{"@id":"https:\/\/dev6.erresse-shop.it\/#\/schema\/logo\/image\/"}}]}},"df_price":469.95,"df_sale_price":469.95,"df_regular_price":699,"df_image_link":"https:\/\/i2.wp.com\/interpim.erresse-shop.it\/Import\/Prodotti\/53001-000.jpg?resize=300,300&ssl=1","fifu_image_url":"https:\/\/interpim.erresse-shop.it\/Import\/Prodotti\/53001-000.jpg","_links":{"self":[{"href":"https:\/\/dev6.erresse-shop.it\/de\/wp-json\/wp\/v2\/product\/49281","targetHints":{"allow":["GET"]}}],"collection":[{"href":"https:\/\/dev6.erresse-shop.it\/de\/wp-json\/wp\/v2\/product"}],"about":[{"href":"https:\/\/dev6.erresse-shop.it\/de\/wp-json\/wp\/v2\/types\/product"}],"wp:featuredmedia":[{"embeddable":true,"href":"https:\/\/dev6.erresse-shop.it\/de\/wp-json\/wp\/v2\/media\/6486687"}],"wp:attachment":[{"href":"https:\/\/dev6.erresse-shop.it\/de\/wp-json\/wp\/v2\/media?parent=49281"}],"wp:term":[{"taxonomy":"product_cat","embeddable":true,"href":"https:\/\/dev6.erresse-shop.it\/de\/wp-json\/wp\/v2\/product_cat?post=49281"},{"taxonomy":"product_tag","embeddable":true,"href":"https:\/\/dev6.erresse-shop.it\/de\/wp-json\/wp\/v2\/product_tag?post=49281"}],"curies":[{"name":"wp","href":"https:\/\/api.w.org\/{rel}","templated":true}]}}