{"id":49279,"date":"2026-04-04T08:21:41","date_gmt":"2026-04-04T06:21:41","guid":{"rendered":"https:\/\/dev6.erresse-shop.it\/shop\/unkategorisiert\/zwilling-enfinigy-digitale-kuchenwaage\/"},"modified":"2025-09-14T00:29:32","modified_gmt":"2025-09-13T22:29:32","slug":"zwilling-enfinigy-digitale-kuchenwaage","status":"publish","type":"product","link":"https:\/\/dev6.erresse-shop.it\/de\/shop\/kleine-elektrogeraete\/skalen\/zwilling-enfinigy-digitale-kuchenwaage\/","title":{"rendered":"ZWILLING Enfinigy Digitale Kuchenwaage"},"content":{"rendered":"<p>Waage und ZWILLING sind das perfekte Paar. Die neue digitale K\u00fcchenwaage mit Akku vereint ein puristisches, modernes Design mit absoluter Pr\u00e4zision. Dank des wiederaufladbaren Li-Ionen-Akkus, der im wei\u00dfen Geh\u00e4use integriert ist, entf\u00e4llt das Hinzukaufen neuer Batterien. Die elektronische Waage wird ganz einfach via USB-Kabel aufgeladen. Sie l\u00e4sst sich per Sensor-Touch-Bedienung an- und ausschalten und schaltet sich bei Nichtbenutzung automatisch ab. Die hochwertige Wiegefl\u00e4che aus Glas ist besonders einfach zu reinigen. So kann auch Fleisch oder Obst direkt auf der Oberfl\u00e4che abgewogen werden. Das integrierte LCD-Display bleibt zudem dank der gro\u00dfen Wiegefl\u00e4che auch bei gro\u00dfen Mengen stets sichtbar. Es kann einfach von Gramm auf Unzen umgestellt werden \u2013 besonders praktisch beim Kochen von internationalen Rezepten. Bis zu 10 kg lassen sich mit der ZWILLING Digitalwaage pr\u00e4zise abwiegen. Dank der integrierten Tara-Funktion k\u00f6nnen Sie auch mit schweren Gef\u00e4\u00dfen und gr\u00f6\u00dferen Mengen verschiedener Zutaten arbeiten. F\u00fcr gro\u00dfe Genauigkeit bei gro\u00dfen Anl\u00e4ssen.<\/p>\n<p>\u2013 Digitale K\u00fcchenwaage mit integriertem Li-Ionen-Akku, wiederaufladbar per USB-Kabel<br \/>\n\u2013 Dank gro\u00dfer Wiegefl\u00e4che bleibt das LCD-Display auch beim Abwiegen gr\u00f6\u00dferer Mengen und Gef\u00e4\u00dfe sichtbar<br \/>\n\u2013 Leicht zu reinigende Oberfl\u00e4che aus Glas erm\u00f6glicht direktes Abwiegen von Zutaten<br \/>\n\u2013 Tara-Funktion f\u00fcr einfaches Zuwiegen<br \/>\n\u2013 Einfaches Umschalten von Gramm auf Unzen<br \/>\n\u2013 Wiegegewicht bis zu 10 kg<br \/>\n\u2013 LCD-Display mit Sensor-Touch-Bedienung und Abschaltautomatik<br \/>\n\u2013 Entwickelt von ZWILLING in Deutschland, designt in Mailand, Italien, von Matteo Thun &amp; Antonio Rodriguez<\/p>\n<p>Not for sale outside from Europe<\/p>\n","protected":false},"excerpt":{"rendered":"<p>Waage und ZWILLING sind das perfekte Paar. Die neue digitale K\u00fcchenwaage mit Akku vereint ein puristisches, modernes Design mit absoluter Pr\u00e4zision. Dank des wiederaufladbaren Li-Ionen-Akkus, der im wei\u00dfen Geh\u00e4use integriert ist, entf\u00e4llt das Hinzukaufen neuer Batterien. Die elektronische Waage wird ganz einfach via USB-Kabel aufgeladen. Sie l\u00e4sst sich per Sensor-Touch-Bedienung an- und ausschalten und schaltet [&hellip;]<\/p>\n","protected":false},"featured_media":6264328,"template":"","meta":{"_acf_changed":false},"product_cat":[11753,11668,12163,12100,12185,12107],"product_tag":[],"class_list":{"0":"post-49279","1":"product","2":"type-product","3":"status-publish","4":"has-post-thumbnail","6":"product_cat-bilance","7":"product_cat-cucina","8":"product_cat-kleine-elektrogeraete","9":"product_cat-kuche","10":"product_cat-skalen","11":"product_cat-messerblocke-messer","13":"first","14":"outofstock","15":"taxable","16":"shipping-taxable","17":"purchasable","18":"product-type-simple","swatches":"rey-swatches","show_selected":"","stretch_labels":"rey-swatches--stretch-labels"},"acf":[],"yoast_head":"<!-- This site is optimized with the Yoast SEO plugin v25.4 - https:\/\/yoast.com\/wordpress\/plugins\/seo\/ -->\n<title>ZWILLING Enfinigy Digitale Kuchenwaage - dev6 Erresse<\/title>\n<meta name=\"description\" content=\"Waage und ZWILLING sind das perfekte Paar. Die neue digitale K\u00fcchenwaage mit Akku vereint ein puristisches, modernes Design mit absoluter Pr\u00e4zision. Dank\" \/>\n<meta name=\"robots\" content=\"noindex, follow, max-snippet:-1, max-image-preview:large, max-video-preview:-1\" \/>\n<meta property=\"og:locale\" content=\"de_DE\" \/>\n<meta property=\"og:type\" content=\"article\" \/>\n<meta property=\"og:title\" content=\"ZWILLING Enfinigy Digitale Kuchenwaage - dev6 Erresse\" \/>\n<meta property=\"og:description\" content=\"Waage und ZWILLING sind das perfekte Paar. Die neue digitale K\u00fcchenwaage mit Akku vereint ein puristisches, modernes Design mit absoluter Pr\u00e4zision. Dank\" \/>\n<meta property=\"og:url\" content=\"https:\/\/dev6.erresse-shop.it\/de\/shop\/kleine-elektrogeraete\/skalen\/zwilling-enfinigy-digitale-kuchenwaage\/\" \/>\n<meta property=\"og:site_name\" content=\"dev6 Erresse\" \/>\n<meta property=\"og:image\" content=\"https:\/\/interpim.erresse-shop.it\/Import\/Prodotti\/53011-050.jpg\" \/><meta property=\"og:image\" content=\"https:\/\/interpim.erresse-shop.it\/Import\/Prodotti\/53011-050.jpg\" \/>\n\t<meta property=\"og:image:width\" content=\"1024\" \/>\n\t<meta property=\"og:image:height\" content=\"1024\" \/>\n\t<meta property=\"og:image:type\" content=\"image\/jpeg\" \/>\n<meta name=\"twitter:card\" content=\"summary_large_image\" \/>\n<meta name=\"twitter:image\" content=\"https:\/\/interpim.erresse-shop.it\/Import\/Prodotti\/53011-050.jpg\" \/>\n<script type=\"application\/ld+json\" class=\"yoast-schema-graph\">{\"@context\":\"https:\/\/schema.org\",\"@graph\":[{\"@type\":\"WebPage\",\"@id\":\"https:\/\/dev6.erresse-shop.it\/de\/shop\/kleine-elektrogeraete\/skalen\/zwilling-enfinigy-digitale-kuchenwaage\/\",\"url\":\"https:\/\/dev6.erresse-shop.it\/de\/shop\/kleine-elektrogeraete\/skalen\/zwilling-enfinigy-digitale-kuchenwaage\/\",\"name\":\"ZWILLING Enfinigy Digitale Kuchenwaage - dev6 Erresse\",\"isPartOf\":{\"@id\":\"https:\/\/dev6.erresse-shop.it\/#website\"},\"primaryImageOfPage\":{\"@id\":\"https:\/\/dev6.erresse-shop.it\/de\/shop\/kleine-elektrogeraete\/skalen\/zwilling-enfinigy-digitale-kuchenwaage\/#primaryimage\"},\"image\":{\"@id\":\"https:\/\/dev6.erresse-shop.it\/de\/shop\/kleine-elektrogeraete\/skalen\/zwilling-enfinigy-digitale-kuchenwaage\/#primaryimage\"},\"thumbnailUrl\":\"https:\/\/i3.wp.com\/interpim.erresse-shop.it\/Import\/Prodotti\/53011-050.jpg?ssl=1\",\"datePublished\":\"2026-04-04T06:21:41+00:00\",\"description\":\"Waage und ZWILLING sind das perfekte Paar. Die neue digitale K\u00fcchenwaage mit Akku vereint ein puristisches, modernes Design mit absoluter Pr\u00e4zision. Dank\",\"breadcrumb\":{\"@id\":\"https:\/\/dev6.erresse-shop.it\/de\/shop\/kleine-elektrogeraete\/skalen\/zwilling-enfinigy-digitale-kuchenwaage\/#breadcrumb\"},\"inLanguage\":\"de\",\"potentialAction\":[{\"@type\":\"ReadAction\",\"target\":[\"https:\/\/dev6.erresse-shop.it\/de\/shop\/kleine-elektrogeraete\/skalen\/zwilling-enfinigy-digitale-kuchenwaage\/\"]}]},{\"@type\":\"ImageObject\",\"inLanguage\":\"de\",\"@id\":\"https:\/\/dev6.erresse-shop.it\/de\/shop\/kleine-elektrogeraete\/skalen\/zwilling-enfinigy-digitale-kuchenwaage\/#primaryimage\",\"url\":\"https:\/\/i3.wp.com\/interpim.erresse-shop.it\/Import\/Prodotti\/53011-050.jpg?ssl=1\",\"contentUrl\":\"https:\/\/i3.wp.com\/interpim.erresse-shop.it\/Import\/Prodotti\/53011-050.jpg?ssl=1\"},{\"@type\":\"BreadcrumbList\",\"@id\":\"https:\/\/dev6.erresse-shop.it\/de\/shop\/kleine-elektrogeraete\/skalen\/zwilling-enfinigy-digitale-kuchenwaage\/#breadcrumb\",\"itemListElement\":[{\"@type\":\"ListItem\",\"position\":1,\"name\":\"Home\",\"item\":\"https:\/\/dev6.erresse-shop.it\/\"},{\"@type\":\"ListItem\",\"position\":2,\"name\":\"Shop\",\"item\":\"https:\/\/dev6.erresse-shop.it\/shop\/\"},{\"@type\":\"ListItem\",\"position\":3,\"name\":\"ZWILLING Enfinigy Digitale Kuchenwaage\"}]},{\"@type\":\"WebSite\",\"@id\":\"https:\/\/dev6.erresse-shop.it\/#website\",\"url\":\"https:\/\/dev6.erresse-shop.it\/\",\"name\":\"Erresse Shop\",\"description\":\"\",\"publisher\":{\"@id\":\"https:\/\/dev6.erresse-shop.it\/#organization\"},\"potentialAction\":[{\"@type\":\"SearchAction\",\"target\":{\"@type\":\"EntryPoint\",\"urlTemplate\":\"https:\/\/dev6.erresse-shop.it\/?s={search_term_string}\"},\"query-input\":{\"@type\":\"PropertyValueSpecification\",\"valueRequired\":true,\"valueName\":\"search_term_string\"}}],\"inLanguage\":\"de\"},{\"@type\":\"Organization\",\"@id\":\"https:\/\/dev6.erresse-shop.it\/#organization\",\"name\":\"Erresse Shop\",\"url\":\"https:\/\/dev6.erresse-shop.it\/\",\"logo\":{\"@type\":\"ImageObject\",\"inLanguage\":\"de\",\"@id\":\"https:\/\/dev6.erresse-shop.it\/#\/schema\/logo\/image\/\",\"url\":\"https:\/\/dev6.erresse-shop.it\/wp-content\/uploads\/2025\/01\/LOGO-ERRESSE-CLASSICO.svg\",\"contentUrl\":\"https:\/\/dev6.erresse-shop.it\/wp-content\/uploads\/2025\/01\/LOGO-ERRESSE-CLASSICO.svg\",\"caption\":\"Erresse Shop\"},\"image\":{\"@id\":\"https:\/\/dev6.erresse-shop.it\/#\/schema\/logo\/image\/\"}}]}<\/script>\n<!-- \/ Yoast SEO plugin. -->","yoast_head_json":{"title":"ZWILLING Enfinigy Digitale Kuchenwaage - dev6 Erresse","description":"Waage und ZWILLING sind das perfekte Paar. Die neue digitale K\u00fcchenwaage mit Akku vereint ein puristisches, modernes Design mit absoluter Pr\u00e4zision. Dank","robots":{"index":"noindex","follow":"follow","max-snippet":"max-snippet:-1","max-image-preview":"max-image-preview:large","max-video-preview":"max-video-preview:-1"},"og_locale":"de_DE","og_type":"article","og_title":"ZWILLING Enfinigy Digitale Kuchenwaage - dev6 Erresse","og_description":"Waage und ZWILLING sind das perfekte Paar. Die neue digitale K\u00fcchenwaage mit Akku vereint ein puristisches, modernes Design mit absoluter Pr\u00e4zision. Dank","og_url":"https:\/\/dev6.erresse-shop.it\/de\/shop\/kleine-elektrogeraete\/skalen\/zwilling-enfinigy-digitale-kuchenwaage\/","og_site_name":"dev6 Erresse","og_image":[{"url":"https:\/\/interpim.erresse-shop.it\/Import\/Prodotti\/53011-050.jpg","type":"","width":"","height":""},{"url":"https:\/\/interpim.erresse-shop.it\/Import\/Prodotti\/53011-050.jpg","width":1024,"height":1024,"type":"image\/jpeg"}],"twitter_card":"summary_large_image","twitter_image":"https:\/\/interpim.erresse-shop.it\/Import\/Prodotti\/53011-050.jpg","schema":{"@context":"https:\/\/schema.org","@graph":[{"@type":"WebPage","@id":"https:\/\/dev6.erresse-shop.it\/de\/shop\/kleine-elektrogeraete\/skalen\/zwilling-enfinigy-digitale-kuchenwaage\/","url":"https:\/\/dev6.erresse-shop.it\/de\/shop\/kleine-elektrogeraete\/skalen\/zwilling-enfinigy-digitale-kuchenwaage\/","name":"ZWILLING Enfinigy Digitale Kuchenwaage - dev6 Erresse","isPartOf":{"@id":"https:\/\/dev6.erresse-shop.it\/#website"},"primaryImageOfPage":{"@id":"https:\/\/dev6.erresse-shop.it\/de\/shop\/kleine-elektrogeraete\/skalen\/zwilling-enfinigy-digitale-kuchenwaage\/#primaryimage"},"image":{"@id":"https:\/\/dev6.erresse-shop.it\/de\/shop\/kleine-elektrogeraete\/skalen\/zwilling-enfinigy-digitale-kuchenwaage\/#primaryimage"},"thumbnailUrl":"https:\/\/i3.wp.com\/interpim.erresse-shop.it\/Import\/Prodotti\/53011-050.jpg?ssl=1","datePublished":"2026-04-04T06:21:41+00:00","description":"Waage und ZWILLING sind das perfekte Paar. Die neue digitale K\u00fcchenwaage mit Akku vereint ein puristisches, modernes Design mit absoluter Pr\u00e4zision. Dank","breadcrumb":{"@id":"https:\/\/dev6.erresse-shop.it\/de\/shop\/kleine-elektrogeraete\/skalen\/zwilling-enfinigy-digitale-kuchenwaage\/#breadcrumb"},"inLanguage":"de","potentialAction":[{"@type":"ReadAction","target":["https:\/\/dev6.erresse-shop.it\/de\/shop\/kleine-elektrogeraete\/skalen\/zwilling-enfinigy-digitale-kuchenwaage\/"]}]},{"@type":"ImageObject","inLanguage":"de","@id":"https:\/\/dev6.erresse-shop.it\/de\/shop\/kleine-elektrogeraete\/skalen\/zwilling-enfinigy-digitale-kuchenwaage\/#primaryimage","url":"https:\/\/i3.wp.com\/interpim.erresse-shop.it\/Import\/Prodotti\/53011-050.jpg?ssl=1","contentUrl":"https:\/\/i3.wp.com\/interpim.erresse-shop.it\/Import\/Prodotti\/53011-050.jpg?ssl=1"},{"@type":"BreadcrumbList","@id":"https:\/\/dev6.erresse-shop.it\/de\/shop\/kleine-elektrogeraete\/skalen\/zwilling-enfinigy-digitale-kuchenwaage\/#breadcrumb","itemListElement":[{"@type":"ListItem","position":1,"name":"Home","item":"https:\/\/dev6.erresse-shop.it\/"},{"@type":"ListItem","position":2,"name":"Shop","item":"https:\/\/dev6.erresse-shop.it\/shop\/"},{"@type":"ListItem","position":3,"name":"ZWILLING Enfinigy Digitale Kuchenwaage"}]},{"@type":"WebSite","@id":"https:\/\/dev6.erresse-shop.it\/#website","url":"https:\/\/dev6.erresse-shop.it\/","name":"Erresse Shop","description":"","publisher":{"@id":"https:\/\/dev6.erresse-shop.it\/#organization"},"potentialAction":[{"@type":"SearchAction","target":{"@type":"EntryPoint","urlTemplate":"https:\/\/dev6.erresse-shop.it\/?s={search_term_string}"},"query-input":{"@type":"PropertyValueSpecification","valueRequired":true,"valueName":"search_term_string"}}],"inLanguage":"de"},{"@type":"Organization","@id":"https:\/\/dev6.erresse-shop.it\/#organization","name":"Erresse Shop","url":"https:\/\/dev6.erresse-shop.it\/","logo":{"@type":"ImageObject","inLanguage":"de","@id":"https:\/\/dev6.erresse-shop.it\/#\/schema\/logo\/image\/","url":"https:\/\/dev6.erresse-shop.it\/wp-content\/uploads\/2025\/01\/LOGO-ERRESSE-CLASSICO.svg","contentUrl":"https:\/\/dev6.erresse-shop.it\/wp-content\/uploads\/2025\/01\/LOGO-ERRESSE-CLASSICO.svg","caption":"Erresse Shop"},"image":{"@id":"https:\/\/dev6.erresse-shop.it\/#\/schema\/logo\/image\/"}}]}},"df_price":39.95,"df_sale_price":"","df_regular_price":39.95,"df_image_link":"https:\/\/i3.wp.com\/interpim.erresse-shop.it\/Import\/Prodotti\/53011-050.jpg?resize=300,300&ssl=1","fifu_image_url":"https:\/\/interpim.erresse-shop.it\/Import\/Prodotti\/53011-050.jpg","_links":{"self":[{"href":"https:\/\/dev6.erresse-shop.it\/de\/wp-json\/wp\/v2\/product\/49279","targetHints":{"allow":["GET"]}}],"collection":[{"href":"https:\/\/dev6.erresse-shop.it\/de\/wp-json\/wp\/v2\/product"}],"about":[{"href":"https:\/\/dev6.erresse-shop.it\/de\/wp-json\/wp\/v2\/types\/product"}],"wp:featuredmedia":[{"embeddable":true,"href":"https:\/\/dev6.erresse-shop.it\/de\/wp-json\/wp\/v2\/media\/6264328"}],"wp:attachment":[{"href":"https:\/\/dev6.erresse-shop.it\/de\/wp-json\/wp\/v2\/media?parent=49279"}],"wp:term":[{"taxonomy":"product_cat","embeddable":true,"href":"https:\/\/dev6.erresse-shop.it\/de\/wp-json\/wp\/v2\/product_cat?post=49279"},{"taxonomy":"product_tag","embeddable":true,"href":"https:\/\/dev6.erresse-shop.it\/de\/wp-json\/wp\/v2\/product_tag?post=49279"}],"curies":[{"name":"wp","href":"https:\/\/api.w.org\/{rel}","templated":true}]}}