{"id":49249,"date":"2026-04-04T08:21:00","date_gmt":"2026-04-04T06:21:00","guid":{"rendered":"https:\/\/dev6.erresse-shop.it\/shop\/unkategorisiert\/le-creuset-la-marmite-karibik-26cm\/"},"modified":"2025-09-14T00:29:00","modified_gmt":"2025-09-13T22:29:00","slug":"le-creuset-la-marmite-karibik-26cm","status":"publish","type":"product","link":"https:\/\/dev6.erresse-shop.it\/de\/shop\/toepfe-pfannen\/schalldaempfer-und-kokotten\/le-creuset-la-marmite-karibik-26cm\/","title":{"rendered":"LE CREUSET La Marmite Karibik 26cm"},"content":{"rendered":"<p>La Marmite, der Familientopf, hat eine gew\u00f6lbte Innenseite ohne Ecken und Kanten. Dadurch ist einfaches R\u00fchren m\u00f6glich. Ideal f\u00fcr Eint\u00f6pfe und Fleischgerichte.<\/p>\n<p>Die Le Creuset Spezial-Br\u00e4ter bestechen durch ihre diversen Formen und die vielseitigen Einsatzm\u00f6glichkeiten. Die farbenfrohen Br\u00e4ter eignen sich dar\u00fcber hinaus perfekt zum Servieren am Tisch: Zum einen ist Gusseisen ein hervorragender W\u00e4rmespeicher, so dass der Nachschub im Br\u00e4ter lange warm bleibt und zum anderen lassen sich die bunten Farben sehr gut in eine festlich geschm\u00fcckte Tafel integrieren.<\/p>\n<p>W\u00c4RMESPEICHER<br \/>\nGusseisernes Kochgeschirr von Le Creuset ist besonders energiesparend, da sich die W\u00e4rme optimal vom Boden bis in die W\u00e4nde verteilt und lange gespeichert wird.<\/p>\n<p>HELLE EMAILLE<br \/>\nUnsere helle Emaille wird \u00fcberwiegend in Br\u00e4tern und T\u00f6pfen verwendet und kann auf Grund ihrer glatten und weichen Oberfl\u00e4che besonders leicht gereinigt werden.<\/p>\n<p>SCHWARZE EMAILLE<br \/>\nDie schwarze Emaille wird \u00fcberwiegend in Pfannen aus Gusseisen verwendet. Diese Emaille wurde speziell zum Anbraten bei h\u00f6heren Temperaturen entwickelt. R\u00f6st- und Brataromen k\u00f6nnen sich optimal entfalten und sorgen f\u00fcr ein au\u00dfergew\u00f6hnliches Geschmackserlebnis.<\/p>\n<p>EIGENSCHAFTEN<br \/>\n\u2013 Energieeffizientes Kochen durch exzellente W\u00e4rmespeicherf\u00e4higkeit<br \/>\n\u2013 Extrem hochwertige und strapazierf\u00e4hige Emaille<br \/>\n\u2013 Besonders einfach zu reinigen<br \/>\n\u2013 Gro\u00dfe Griffe f\u00fcr den einfachen und sicheren Transport<br \/>\n\u2013 Hitzebest\u00e4ndiger ergonomisch geformter Edelstahlknauf<br \/>\n\u2013 F\u00fcr alle Herdarten geeignet, inkl. Induktion<\/p>\n<p>See Movie 1See Movie 2<\/p>\n","protected":false},"excerpt":{"rendered":"<p>La Marmite, der Familientopf, hat eine gew\u00f6lbte Innenseite ohne Ecken und Kanten. Dadurch ist einfaches R\u00fchren m\u00f6glich. Ideal f\u00fcr Eint\u00f6pfe und Fleischgerichte. Die Le Creuset Spezial-Br\u00e4ter bestechen durch ihre diversen Formen und die vielseitigen Einsatzm\u00f6glichkeiten. Die farbenfrohen Br\u00e4ter eignen sich dar\u00fcber hinaus perfekt zum Servieren am Tisch: Zum einen ist Gusseisen ein hervorragender W\u00e4rmespeicher, so [&hellip;]<\/p>\n","protected":false},"featured_media":6264057,"template":"","meta":{"_acf_changed":false},"product_cat":[11667,12108,12099],"product_tag":[],"class_list":{"0":"post-49249","1":"product","2":"type-product","3":"status-publish","4":"has-post-thumbnail","6":"product_cat-padelle-pentole","7":"product_cat-schalldaempfer-und-kokotten","8":"product_cat-toepfe-pfannen","10":"first","11":"outofstock","12":"sale","13":"taxable","14":"shipping-taxable","15":"purchasable","16":"product-type-simple","swatches":"rey-swatches","show_selected":"","stretch_labels":"rey-swatches--stretch-labels"},"acf":[],"yoast_head":"<!-- This site is optimized with the Yoast SEO plugin v25.4 - https:\/\/yoast.com\/wordpress\/plugins\/seo\/ -->\n<title>LE CREUSET La Marmite Karibik 26cm - dev6 Erresse<\/title>\n<meta name=\"description\" content=\"La Marmite, der Familientopf, hat eine gew\u00f6lbte Innenseite ohne Ecken und Kanten. Dadurch ist einfaches R\u00fchren m\u00f6glich. Ideal f\u00fcr Eint\u00f6pfe und\" \/>\n<meta name=\"robots\" content=\"noindex, follow, max-snippet:-1, max-image-preview:large, max-video-preview:-1\" \/>\n<meta property=\"og:locale\" content=\"de_DE\" \/>\n<meta property=\"og:type\" content=\"article\" \/>\n<meta property=\"og:title\" content=\"LE CREUSET La Marmite Karibik 26cm - dev6 Erresse\" \/>\n<meta property=\"og:description\" content=\"La Marmite, der Familientopf, hat eine gew\u00f6lbte Innenseite ohne Ecken und Kanten. Dadurch ist einfaches R\u00fchren m\u00f6glich. Ideal f\u00fcr Eint\u00f6pfe und\" \/>\n<meta property=\"og:url\" content=\"https:\/\/dev6.erresse-shop.it\/de\/shop\/toepfe-pfannen\/schalldaempfer-und-kokotten\/le-creuset-la-marmite-karibik-26cm\/\" \/>\n<meta property=\"og:site_name\" content=\"dev6 Erresse\" \/>\n<meta property=\"og:image\" content=\"https:\/\/interpim.erresse-shop.it\/Import\/Prodotti\/le-creuset-marmitta-26-cm-blu-caribe.jpg\" \/><meta property=\"og:image\" content=\"https:\/\/interpim.erresse-shop.it\/Import\/Prodotti\/le-creuset-marmitta-26-cm-blu-caribe.jpg\" \/>\n\t<meta property=\"og:image:width\" content=\"1024\" \/>\n\t<meta property=\"og:image:height\" content=\"1024\" \/>\n\t<meta property=\"og:image:type\" content=\"image\/jpeg\" \/>\n<meta name=\"twitter:card\" content=\"summary_large_image\" \/>\n<meta name=\"twitter:image\" content=\"https:\/\/interpim.erresse-shop.it\/Import\/Prodotti\/le-creuset-marmitta-26-cm-blu-caribe.jpg\" \/>\n<script type=\"application\/ld+json\" class=\"yoast-schema-graph\">{\"@context\":\"https:\/\/schema.org\",\"@graph\":[{\"@type\":\"WebPage\",\"@id\":\"https:\/\/dev6.erresse-shop.it\/de\/shop\/toepfe-pfannen\/schalldaempfer-und-kokotten\/le-creuset-la-marmite-karibik-26cm\/\",\"url\":\"https:\/\/dev6.erresse-shop.it\/de\/shop\/toepfe-pfannen\/schalldaempfer-und-kokotten\/le-creuset-la-marmite-karibik-26cm\/\",\"name\":\"LE CREUSET La Marmite Karibik 26cm - dev6 Erresse\",\"isPartOf\":{\"@id\":\"https:\/\/dev6.erresse-shop.it\/#website\"},\"primaryImageOfPage\":{\"@id\":\"https:\/\/dev6.erresse-shop.it\/de\/shop\/toepfe-pfannen\/schalldaempfer-und-kokotten\/le-creuset-la-marmite-karibik-26cm\/#primaryimage\"},\"image\":{\"@id\":\"https:\/\/dev6.erresse-shop.it\/de\/shop\/toepfe-pfannen\/schalldaempfer-und-kokotten\/le-creuset-la-marmite-karibik-26cm\/#primaryimage\"},\"thumbnailUrl\":\"https:\/\/i0.wp.com\/interpim.erresse-shop.it\/Import\/Prodotti\/le-creuset-marmitta-26-cm-blu-caribe.jpg?ssl=1\",\"datePublished\":\"2026-04-04T06:21:00+00:00\",\"description\":\"La Marmite, der Familientopf, hat eine gew\u00f6lbte Innenseite ohne Ecken und Kanten. Dadurch ist einfaches R\u00fchren m\u00f6glich. Ideal f\u00fcr Eint\u00f6pfe und\",\"breadcrumb\":{\"@id\":\"https:\/\/dev6.erresse-shop.it\/de\/shop\/toepfe-pfannen\/schalldaempfer-und-kokotten\/le-creuset-la-marmite-karibik-26cm\/#breadcrumb\"},\"inLanguage\":\"de\",\"potentialAction\":[{\"@type\":\"ReadAction\",\"target\":[\"https:\/\/dev6.erresse-shop.it\/de\/shop\/toepfe-pfannen\/schalldaempfer-und-kokotten\/le-creuset-la-marmite-karibik-26cm\/\"]}]},{\"@type\":\"ImageObject\",\"inLanguage\":\"de\",\"@id\":\"https:\/\/dev6.erresse-shop.it\/de\/shop\/toepfe-pfannen\/schalldaempfer-und-kokotten\/le-creuset-la-marmite-karibik-26cm\/#primaryimage\",\"url\":\"https:\/\/i0.wp.com\/interpim.erresse-shop.it\/Import\/Prodotti\/le-creuset-marmitta-26-cm-blu-caribe.jpg?ssl=1\",\"contentUrl\":\"https:\/\/i0.wp.com\/interpim.erresse-shop.it\/Import\/Prodotti\/le-creuset-marmitta-26-cm-blu-caribe.jpg?ssl=1\"},{\"@type\":\"BreadcrumbList\",\"@id\":\"https:\/\/dev6.erresse-shop.it\/de\/shop\/toepfe-pfannen\/schalldaempfer-und-kokotten\/le-creuset-la-marmite-karibik-26cm\/#breadcrumb\",\"itemListElement\":[{\"@type\":\"ListItem\",\"position\":1,\"name\":\"Home\",\"item\":\"https:\/\/dev6.erresse-shop.it\/\"},{\"@type\":\"ListItem\",\"position\":2,\"name\":\"Shop\",\"item\":\"https:\/\/dev6.erresse-shop.it\/shop\/\"},{\"@type\":\"ListItem\",\"position\":3,\"name\":\"LE CREUSET La Marmite Karibik 26cm\"}]},{\"@type\":\"WebSite\",\"@id\":\"https:\/\/dev6.erresse-shop.it\/#website\",\"url\":\"https:\/\/dev6.erresse-shop.it\/\",\"name\":\"Erresse Shop\",\"description\":\"\",\"publisher\":{\"@id\":\"https:\/\/dev6.erresse-shop.it\/#organization\"},\"potentialAction\":[{\"@type\":\"SearchAction\",\"target\":{\"@type\":\"EntryPoint\",\"urlTemplate\":\"https:\/\/dev6.erresse-shop.it\/?s={search_term_string}\"},\"query-input\":{\"@type\":\"PropertyValueSpecification\",\"valueRequired\":true,\"valueName\":\"search_term_string\"}}],\"inLanguage\":\"de\"},{\"@type\":\"Organization\",\"@id\":\"https:\/\/dev6.erresse-shop.it\/#organization\",\"name\":\"Erresse Shop\",\"url\":\"https:\/\/dev6.erresse-shop.it\/\",\"logo\":{\"@type\":\"ImageObject\",\"inLanguage\":\"de\",\"@id\":\"https:\/\/dev6.erresse-shop.it\/#\/schema\/logo\/image\/\",\"url\":\"https:\/\/dev6.erresse-shop.it\/wp-content\/uploads\/2025\/01\/LOGO-ERRESSE-CLASSICO.svg\",\"contentUrl\":\"https:\/\/dev6.erresse-shop.it\/wp-content\/uploads\/2025\/01\/LOGO-ERRESSE-CLASSICO.svg\",\"caption\":\"Erresse Shop\"},\"image\":{\"@id\":\"https:\/\/dev6.erresse-shop.it\/#\/schema\/logo\/image\/\"}}]}<\/script>\n<!-- \/ Yoast SEO plugin. -->","yoast_head_json":{"title":"LE CREUSET La Marmite Karibik 26cm - dev6 Erresse","description":"La Marmite, der Familientopf, hat eine gew\u00f6lbte Innenseite ohne Ecken und Kanten. Dadurch ist einfaches R\u00fchren m\u00f6glich. Ideal f\u00fcr Eint\u00f6pfe und","robots":{"index":"noindex","follow":"follow","max-snippet":"max-snippet:-1","max-image-preview":"max-image-preview:large","max-video-preview":"max-video-preview:-1"},"og_locale":"de_DE","og_type":"article","og_title":"LE CREUSET La Marmite Karibik 26cm - dev6 Erresse","og_description":"La Marmite, der Familientopf, hat eine gew\u00f6lbte Innenseite ohne Ecken und Kanten. Dadurch ist einfaches R\u00fchren m\u00f6glich. Ideal f\u00fcr Eint\u00f6pfe und","og_url":"https:\/\/dev6.erresse-shop.it\/de\/shop\/toepfe-pfannen\/schalldaempfer-und-kokotten\/le-creuset-la-marmite-karibik-26cm\/","og_site_name":"dev6 Erresse","og_image":[{"url":"https:\/\/interpim.erresse-shop.it\/Import\/Prodotti\/le-creuset-marmitta-26-cm-blu-caribe.jpg","type":"","width":"","height":""},{"url":"https:\/\/interpim.erresse-shop.it\/Import\/Prodotti\/le-creuset-marmitta-26-cm-blu-caribe.jpg","width":1024,"height":1024,"type":"image\/jpeg"}],"twitter_card":"summary_large_image","twitter_image":"https:\/\/interpim.erresse-shop.it\/Import\/Prodotti\/le-creuset-marmitta-26-cm-blu-caribe.jpg","schema":{"@context":"https:\/\/schema.org","@graph":[{"@type":"WebPage","@id":"https:\/\/dev6.erresse-shop.it\/de\/shop\/toepfe-pfannen\/schalldaempfer-und-kokotten\/le-creuset-la-marmite-karibik-26cm\/","url":"https:\/\/dev6.erresse-shop.it\/de\/shop\/toepfe-pfannen\/schalldaempfer-und-kokotten\/le-creuset-la-marmite-karibik-26cm\/","name":"LE CREUSET La Marmite Karibik 26cm - dev6 Erresse","isPartOf":{"@id":"https:\/\/dev6.erresse-shop.it\/#website"},"primaryImageOfPage":{"@id":"https:\/\/dev6.erresse-shop.it\/de\/shop\/toepfe-pfannen\/schalldaempfer-und-kokotten\/le-creuset-la-marmite-karibik-26cm\/#primaryimage"},"image":{"@id":"https:\/\/dev6.erresse-shop.it\/de\/shop\/toepfe-pfannen\/schalldaempfer-und-kokotten\/le-creuset-la-marmite-karibik-26cm\/#primaryimage"},"thumbnailUrl":"https:\/\/i0.wp.com\/interpim.erresse-shop.it\/Import\/Prodotti\/le-creuset-marmitta-26-cm-blu-caribe.jpg?ssl=1","datePublished":"2026-04-04T06:21:00+00:00","description":"La Marmite, der Familientopf, hat eine gew\u00f6lbte Innenseite ohne Ecken und Kanten. Dadurch ist einfaches R\u00fchren m\u00f6glich. Ideal f\u00fcr Eint\u00f6pfe und","breadcrumb":{"@id":"https:\/\/dev6.erresse-shop.it\/de\/shop\/toepfe-pfannen\/schalldaempfer-und-kokotten\/le-creuset-la-marmite-karibik-26cm\/#breadcrumb"},"inLanguage":"de","potentialAction":[{"@type":"ReadAction","target":["https:\/\/dev6.erresse-shop.it\/de\/shop\/toepfe-pfannen\/schalldaempfer-und-kokotten\/le-creuset-la-marmite-karibik-26cm\/"]}]},{"@type":"ImageObject","inLanguage":"de","@id":"https:\/\/dev6.erresse-shop.it\/de\/shop\/toepfe-pfannen\/schalldaempfer-und-kokotten\/le-creuset-la-marmite-karibik-26cm\/#primaryimage","url":"https:\/\/i0.wp.com\/interpim.erresse-shop.it\/Import\/Prodotti\/le-creuset-marmitta-26-cm-blu-caribe.jpg?ssl=1","contentUrl":"https:\/\/i0.wp.com\/interpim.erresse-shop.it\/Import\/Prodotti\/le-creuset-marmitta-26-cm-blu-caribe.jpg?ssl=1"},{"@type":"BreadcrumbList","@id":"https:\/\/dev6.erresse-shop.it\/de\/shop\/toepfe-pfannen\/schalldaempfer-und-kokotten\/le-creuset-la-marmite-karibik-26cm\/#breadcrumb","itemListElement":[{"@type":"ListItem","position":1,"name":"Home","item":"https:\/\/dev6.erresse-shop.it\/"},{"@type":"ListItem","position":2,"name":"Shop","item":"https:\/\/dev6.erresse-shop.it\/shop\/"},{"@type":"ListItem","position":3,"name":"LE CREUSET La Marmite Karibik 26cm"}]},{"@type":"WebSite","@id":"https:\/\/dev6.erresse-shop.it\/#website","url":"https:\/\/dev6.erresse-shop.it\/","name":"Erresse Shop","description":"","publisher":{"@id":"https:\/\/dev6.erresse-shop.it\/#organization"},"potentialAction":[{"@type":"SearchAction","target":{"@type":"EntryPoint","urlTemplate":"https:\/\/dev6.erresse-shop.it\/?s={search_term_string}"},"query-input":{"@type":"PropertyValueSpecification","valueRequired":true,"valueName":"search_term_string"}}],"inLanguage":"de"},{"@type":"Organization","@id":"https:\/\/dev6.erresse-shop.it\/#organization","name":"Erresse Shop","url":"https:\/\/dev6.erresse-shop.it\/","logo":{"@type":"ImageObject","inLanguage":"de","@id":"https:\/\/dev6.erresse-shop.it\/#\/schema\/logo\/image\/","url":"https:\/\/dev6.erresse-shop.it\/wp-content\/uploads\/2025\/01\/LOGO-ERRESSE-CLASSICO.svg","contentUrl":"https:\/\/dev6.erresse-shop.it\/wp-content\/uploads\/2025\/01\/LOGO-ERRESSE-CLASSICO.svg","caption":"Erresse Shop"},"image":{"@id":"https:\/\/dev6.erresse-shop.it\/#\/schema\/logo\/image\/"}}]}},"df_price":229.95,"df_sale_price":229.95,"df_regular_price":329,"df_image_link":"https:\/\/i0.wp.com\/interpim.erresse-shop.it\/Import\/Prodotti\/le-creuset-marmitta-26-cm-blu-caribe.jpg?resize=300,300&ssl=1","fifu_image_url":"https:\/\/interpim.erresse-shop.it\/Import\/Prodotti\/le-creuset-marmitta-26-cm-blu-caribe.jpg","_links":{"self":[{"href":"https:\/\/dev6.erresse-shop.it\/de\/wp-json\/wp\/v2\/product\/49249","targetHints":{"allow":["GET"]}}],"collection":[{"href":"https:\/\/dev6.erresse-shop.it\/de\/wp-json\/wp\/v2\/product"}],"about":[{"href":"https:\/\/dev6.erresse-shop.it\/de\/wp-json\/wp\/v2\/types\/product"}],"wp:featuredmedia":[{"embeddable":true,"href":"https:\/\/dev6.erresse-shop.it\/de\/wp-json\/wp\/v2\/media\/6264057"}],"wp:attachment":[{"href":"https:\/\/dev6.erresse-shop.it\/de\/wp-json\/wp\/v2\/media?parent=49249"}],"wp:term":[{"taxonomy":"product_cat","embeddable":true,"href":"https:\/\/dev6.erresse-shop.it\/de\/wp-json\/wp\/v2\/product_cat?post=49249"},{"taxonomy":"product_tag","embeddable":true,"href":"https:\/\/dev6.erresse-shop.it\/de\/wp-json\/wp\/v2\/product_tag?post=49249"}],"curies":[{"name":"wp","href":"https:\/\/api.w.org\/{rel}","templated":true}]}}