{"id":49233,"date":"2026-04-16T18:56:00","date_gmt":"2026-04-16T16:56:00","guid":{"rendered":"https:\/\/dev6.erresse-shop.it\/shop\/unkategorisiert\/staub-schmorpfanne-chistera-28-cm-graphit-grau\/"},"modified":"2025-11-22T17:46:12","modified_gmt":"2025-11-22T16:46:12","slug":"staub-schmorpfanne-chistera-28-cm-graphit-grau","status":"publish","type":"product","link":"https:\/\/dev6.erresse-shop.it\/de\/shop\/toepfe-pfannen\/schmorpfannen\/staub-schmorpfanne-chistera-28-cm-graphit-grau\/","title":{"rendered":"STAUB Schmorpfanne Chistera 28 cm Graphit Grau"},"content":{"rendered":"<p>Im runden grafitgrauen Multifunktionsbr\u00e4ter mit Chistera Drop- Structure wird das Gargut immer wieder befeuchtet, denn dieser Br\u00e4ter besitzt einen Deckel mit einer speziellen Struktur auf der Innenseite. An ihr kondensieren aufsteigende D\u00e4mpfe und werden tr\u00f6pfchenweise wieder \u00fcber das gesamte Gargut verteilt. Dadurch wird Fleisch sehr zart und Gem\u00fcse bleibt besonders saftig. Ein Hinzuf\u00fcgen von Wasser oder anderen Fl\u00fcssigkeiten ist bei diesem Br\u00e4ter daher kaum n\u00f6tig. Der runde Multifunktionsbr\u00e4ter von Staub hat einen Durchmesser von 28 cm und fasst 3,7 l. Seine H\u00f6he betr\u00e4gt 12,6 cm. Des Weiteren liegt Gusseisen durch sein Gewicht besonders plan auf. Durch seine Griffe l\u00e4sst sich dieser Br\u00e4ter gut handhaben und wird neben der Verwendung auf einer Kochstelle auch gern im Backofen benutzt. Selbst f\u00fcr ein Induktionskochfeld ist der Br\u00e4ter geeignet, denn er besteht aus Gusseisen. Ihn k\u00f6nnen Sie au\u00dferdem sehr gut zum Servieren Ihrer Speisen verwenden. Im Multifunktionsbr\u00e4ter braten und schmoren Sie vielerlei k\u00f6stliche Gerichte. In ihm gelingt Ihnen neben Schmorgerichten mit Fleisch auch ein vegetarisches Ratatouille oder ein Eintopf aus Gem\u00fcsesorten der Saison. Sie k\u00f6nnen Ihrer Kreativit\u00e4t deshalb freien Lauf lassen und in Ihrem neuen Multifunktionsbr\u00e4ter aus der Serie Br\u00e4ter eigene leckere Rezepte entwickeln, mit denen Sie sich selbst, Ihre Familie und Ihre Freunde verw\u00f6hnen.<\/p>\n<p>\u2013 Ideal zum Anbraten und langsamen Garen von Fleisch, Fisch oder Gem\u00fcse<br \/>\n\u2013 Saftiges und zartes Kochergebnis durch die spezielle Chistera-Tropfenstruktur im Deckel<br \/>\n\u2013 Die schwarzmatte Innenemaillierung eignet sich zum besonders krossen Anbraten und ist besonders strapazierf\u00e4hig<br \/>\n\u2013 F\u00fcr alle Herdarten inkl. Induktion geeignet, auch im Backofen\/Grill einsetzbar<\/p>\n<p>Eigenschaften<br \/>\n\u2013 Hitzebest\u00e4ndigkeit: 240,00 \u00baC<br \/>\n\u2013 K\u00e4ltebest\u00e4ndigkeit: -20,00 \u00baC<br \/>\n\u2013 Material: Gusseisen<br \/>\n\u2013 Griffart: Seitengriff<br \/>\n\u2013 Deckel vorhanden: Ja<br \/>\n\u2013 Induktion: Ja<br \/>\n\u2013 Backofen geeignet: Ja<br \/>\n\u2013 Gefrierschrank geeignet: Ja<br \/>\n\u2013 Herdplatten geeignet: Ja<br \/>\n\u2013 sp\u00fclmaschinengeeignet: Ja<\/p>\n<p>Abmessungen<br \/>\n\u2013 Gewicht netto: 5,40 kg<br \/>\n\u2013 Volumen: 3,70 l<br \/>\n\u2013 Produktl\u00e4nge: 36,10 cm<br \/>\n\u2013 Produktbreite: 28,00 cm<br \/>\n\u2013 Produkth\u00f6he: 12,60 cm<br \/>\n\u2013 Produkth\u00f6he ohne Deckel: 7,60 cm<br \/>\n\u2013 Oberer Durchmesser: 28,00 cm<br \/>\n\u2013 Bodendurchmesser: 22,20 cm<br \/>\n\u2013 Griffl\u00e4nge: 4,00 cm<\/p>\n","protected":false},"excerpt":{"rendered":"<p>Im runden grafitgrauen Multifunktionsbr\u00e4ter mit Chistera Drop- Structure wird das Gargut immer wieder befeuchtet, denn dieser Br\u00e4ter besitzt einen Deckel mit einer speziellen Struktur auf der Innenseite. An ihr kondensieren aufsteigende D\u00e4mpfe und werden tr\u00f6pfchenweise wieder \u00fcber das gesamte Gargut verteilt. Dadurch wird Fleisch sehr zart und Gem\u00fcse bleibt besonders saftig. Ein Hinzuf\u00fcgen von Wasser [&hellip;]<\/p>\n","protected":false},"featured_media":6486327,"template":"","meta":{"_acf_changed":false},"product_cat":[11667,12120,12099],"product_tag":[],"class_list":{"0":"post-49233","1":"product","2":"type-product","3":"status-publish","4":"has-post-thumbnail","6":"product_cat-padelle-pentole","7":"product_cat-schmorpfannen","8":"product_cat-toepfe-pfannen","10":"first","11":"outofstock","12":"sale","13":"taxable","14":"shipping-taxable","15":"purchasable","16":"product-type-simple","swatches":"rey-swatches","show_selected":"","stretch_labels":"rey-swatches--stretch-labels"},"acf":[],"yoast_head":"<!-- This site is optimized with the Yoast SEO plugin v25.4 - https:\/\/yoast.com\/wordpress\/plugins\/seo\/ -->\n<title>STAUB Schmorpfanne Chistera 28 cm Graphit Grau - dev6 Erresse<\/title>\n<meta name=\"description\" content=\"Im runden grafitgrauen Multifunktionsbr\u00e4ter mit Chistera Drop- Structure wird das Gargut immer wieder befeuchtet, denn dieser Br\u00e4ter besitzt einen Deckel\" \/>\n<meta name=\"robots\" content=\"noindex, follow, max-snippet:-1, max-image-preview:large, max-video-preview:-1\" \/>\n<meta property=\"og:locale\" content=\"de_DE\" \/>\n<meta property=\"og:type\" content=\"article\" \/>\n<meta property=\"og:title\" content=\"STAUB Schmorpfanne Chistera 28 cm Graphit Grau - dev6 Erresse\" \/>\n<meta property=\"og:description\" content=\"Im runden grafitgrauen Multifunktionsbr\u00e4ter mit Chistera Drop- Structure wird das Gargut immer wieder befeuchtet, denn dieser Br\u00e4ter besitzt einen Deckel\" \/>\n<meta property=\"og:url\" content=\"https:\/\/dev6.erresse-shop.it\/de\/shop\/toepfe-pfannen\/schmorpfannen\/staub-schmorpfanne-chistera-28-cm-graphit-grau\/\" \/>\n<meta property=\"og:site_name\" content=\"dev6 Erresse\" \/>\n<meta property=\"og:image\" content=\"https:\/\/interpim.erresse-shop.it\/img-catalogo\/staub\/tegame-grigio-40511-471-0_1.jpg\" \/><meta property=\"og:image\" content=\"https:\/\/interpim.erresse-shop.it\/img-catalogo\/staub\/tegame-grigio-40511-471-0_1.jpg\" \/>\n\t<meta property=\"og:image:width\" content=\"1024\" \/>\n\t<meta property=\"og:image:height\" content=\"1024\" \/>\n\t<meta property=\"og:image:type\" content=\"image\/jpeg\" \/>\n<meta name=\"twitter:card\" content=\"summary_large_image\" \/>\n<meta name=\"twitter:image\" content=\"https:\/\/interpim.erresse-shop.it\/img-catalogo\/staub\/tegame-grigio-40511-471-0_1.jpg\" \/>\n<script type=\"application\/ld+json\" class=\"yoast-schema-graph\">{\"@context\":\"https:\/\/schema.org\",\"@graph\":[{\"@type\":\"WebPage\",\"@id\":\"https:\/\/dev6.erresse-shop.it\/de\/shop\/toepfe-pfannen\/schmorpfannen\/staub-schmorpfanne-chistera-28-cm-graphit-grau\/\",\"url\":\"https:\/\/dev6.erresse-shop.it\/de\/shop\/toepfe-pfannen\/schmorpfannen\/staub-schmorpfanne-chistera-28-cm-graphit-grau\/\",\"name\":\"STAUB Schmorpfanne Chistera 28 cm Graphit Grau - dev6 Erresse\",\"isPartOf\":{\"@id\":\"https:\/\/dev6.erresse-shop.it\/#website\"},\"primaryImageOfPage\":{\"@id\":\"https:\/\/dev6.erresse-shop.it\/de\/shop\/toepfe-pfannen\/schmorpfannen\/staub-schmorpfanne-chistera-28-cm-graphit-grau\/#primaryimage\"},\"image\":{\"@id\":\"https:\/\/dev6.erresse-shop.it\/de\/shop\/toepfe-pfannen\/schmorpfannen\/staub-schmorpfanne-chistera-28-cm-graphit-grau\/#primaryimage\"},\"thumbnailUrl\":\"https:\/\/i2.wp.com\/interpim.erresse-shop.it\/img-catalogo\/staub\/tegame-grigio-40511-471-0_1.jpg?ssl=1\",\"datePublished\":\"2026-04-16T16:56:00+00:00\",\"description\":\"Im runden grafitgrauen Multifunktionsbr\u00e4ter mit Chistera Drop- Structure wird das Gargut immer wieder befeuchtet, denn dieser Br\u00e4ter besitzt einen Deckel\",\"breadcrumb\":{\"@id\":\"https:\/\/dev6.erresse-shop.it\/de\/shop\/toepfe-pfannen\/schmorpfannen\/staub-schmorpfanne-chistera-28-cm-graphit-grau\/#breadcrumb\"},\"inLanguage\":\"de\",\"potentialAction\":[{\"@type\":\"ReadAction\",\"target\":[\"https:\/\/dev6.erresse-shop.it\/de\/shop\/toepfe-pfannen\/schmorpfannen\/staub-schmorpfanne-chistera-28-cm-graphit-grau\/\"]}]},{\"@type\":\"ImageObject\",\"inLanguage\":\"de\",\"@id\":\"https:\/\/dev6.erresse-shop.it\/de\/shop\/toepfe-pfannen\/schmorpfannen\/staub-schmorpfanne-chistera-28-cm-graphit-grau\/#primaryimage\",\"url\":\"https:\/\/i2.wp.com\/interpim.erresse-shop.it\/img-catalogo\/staub\/tegame-grigio-40511-471-0_1.jpg?ssl=1\",\"contentUrl\":\"https:\/\/i2.wp.com\/interpim.erresse-shop.it\/img-catalogo\/staub\/tegame-grigio-40511-471-0_1.jpg?ssl=1\"},{\"@type\":\"BreadcrumbList\",\"@id\":\"https:\/\/dev6.erresse-shop.it\/de\/shop\/toepfe-pfannen\/schmorpfannen\/staub-schmorpfanne-chistera-28-cm-graphit-grau\/#breadcrumb\",\"itemListElement\":[{\"@type\":\"ListItem\",\"position\":1,\"name\":\"Home\",\"item\":\"https:\/\/dev6.erresse-shop.it\/\"},{\"@type\":\"ListItem\",\"position\":2,\"name\":\"Shop\",\"item\":\"https:\/\/dev6.erresse-shop.it\/shop\/\"},{\"@type\":\"ListItem\",\"position\":3,\"name\":\"STAUB Schmorpfanne Chistera 28 cm Graphit Grau\"}]},{\"@type\":\"WebSite\",\"@id\":\"https:\/\/dev6.erresse-shop.it\/#website\",\"url\":\"https:\/\/dev6.erresse-shop.it\/\",\"name\":\"Erresse Shop\",\"description\":\"\",\"publisher\":{\"@id\":\"https:\/\/dev6.erresse-shop.it\/#organization\"},\"potentialAction\":[{\"@type\":\"SearchAction\",\"target\":{\"@type\":\"EntryPoint\",\"urlTemplate\":\"https:\/\/dev6.erresse-shop.it\/?s={search_term_string}\"},\"query-input\":{\"@type\":\"PropertyValueSpecification\",\"valueRequired\":true,\"valueName\":\"search_term_string\"}}],\"inLanguage\":\"de\"},{\"@type\":\"Organization\",\"@id\":\"https:\/\/dev6.erresse-shop.it\/#organization\",\"name\":\"Erresse Shop\",\"url\":\"https:\/\/dev6.erresse-shop.it\/\",\"logo\":{\"@type\":\"ImageObject\",\"inLanguage\":\"de\",\"@id\":\"https:\/\/dev6.erresse-shop.it\/#\/schema\/logo\/image\/\",\"url\":\"https:\/\/dev6.erresse-shop.it\/wp-content\/uploads\/2025\/01\/LOGO-ERRESSE-CLASSICO.svg\",\"contentUrl\":\"https:\/\/dev6.erresse-shop.it\/wp-content\/uploads\/2025\/01\/LOGO-ERRESSE-CLASSICO.svg\",\"caption\":\"Erresse Shop\"},\"image\":{\"@id\":\"https:\/\/dev6.erresse-shop.it\/#\/schema\/logo\/image\/\"}}]}<\/script>\n<!-- \/ Yoast SEO plugin. -->","yoast_head_json":{"title":"STAUB Schmorpfanne Chistera 28 cm Graphit Grau - dev6 Erresse","description":"Im runden grafitgrauen Multifunktionsbr\u00e4ter mit Chistera Drop- Structure wird das Gargut immer wieder befeuchtet, denn dieser Br\u00e4ter besitzt einen Deckel","robots":{"index":"noindex","follow":"follow","max-snippet":"max-snippet:-1","max-image-preview":"max-image-preview:large","max-video-preview":"max-video-preview:-1"},"og_locale":"de_DE","og_type":"article","og_title":"STAUB Schmorpfanne Chistera 28 cm Graphit Grau - dev6 Erresse","og_description":"Im runden grafitgrauen Multifunktionsbr\u00e4ter mit Chistera Drop- Structure wird das Gargut immer wieder befeuchtet, denn dieser Br\u00e4ter besitzt einen Deckel","og_url":"https:\/\/dev6.erresse-shop.it\/de\/shop\/toepfe-pfannen\/schmorpfannen\/staub-schmorpfanne-chistera-28-cm-graphit-grau\/","og_site_name":"dev6 Erresse","og_image":[{"url":"https:\/\/interpim.erresse-shop.it\/img-catalogo\/staub\/tegame-grigio-40511-471-0_1.jpg","type":"","width":"","height":""},{"url":"https:\/\/interpim.erresse-shop.it\/img-catalogo\/staub\/tegame-grigio-40511-471-0_1.jpg","width":1024,"height":1024,"type":"image\/jpeg"}],"twitter_card":"summary_large_image","twitter_image":"https:\/\/interpim.erresse-shop.it\/img-catalogo\/staub\/tegame-grigio-40511-471-0_1.jpg","schema":{"@context":"https:\/\/schema.org","@graph":[{"@type":"WebPage","@id":"https:\/\/dev6.erresse-shop.it\/de\/shop\/toepfe-pfannen\/schmorpfannen\/staub-schmorpfanne-chistera-28-cm-graphit-grau\/","url":"https:\/\/dev6.erresse-shop.it\/de\/shop\/toepfe-pfannen\/schmorpfannen\/staub-schmorpfanne-chistera-28-cm-graphit-grau\/","name":"STAUB Schmorpfanne Chistera 28 cm Graphit Grau - dev6 Erresse","isPartOf":{"@id":"https:\/\/dev6.erresse-shop.it\/#website"},"primaryImageOfPage":{"@id":"https:\/\/dev6.erresse-shop.it\/de\/shop\/toepfe-pfannen\/schmorpfannen\/staub-schmorpfanne-chistera-28-cm-graphit-grau\/#primaryimage"},"image":{"@id":"https:\/\/dev6.erresse-shop.it\/de\/shop\/toepfe-pfannen\/schmorpfannen\/staub-schmorpfanne-chistera-28-cm-graphit-grau\/#primaryimage"},"thumbnailUrl":"https:\/\/i2.wp.com\/interpim.erresse-shop.it\/img-catalogo\/staub\/tegame-grigio-40511-471-0_1.jpg?ssl=1","datePublished":"2026-04-16T16:56:00+00:00","description":"Im runden grafitgrauen Multifunktionsbr\u00e4ter mit Chistera Drop- Structure wird das Gargut immer wieder befeuchtet, denn dieser Br\u00e4ter besitzt einen Deckel","breadcrumb":{"@id":"https:\/\/dev6.erresse-shop.it\/de\/shop\/toepfe-pfannen\/schmorpfannen\/staub-schmorpfanne-chistera-28-cm-graphit-grau\/#breadcrumb"},"inLanguage":"de","potentialAction":[{"@type":"ReadAction","target":["https:\/\/dev6.erresse-shop.it\/de\/shop\/toepfe-pfannen\/schmorpfannen\/staub-schmorpfanne-chistera-28-cm-graphit-grau\/"]}]},{"@type":"ImageObject","inLanguage":"de","@id":"https:\/\/dev6.erresse-shop.it\/de\/shop\/toepfe-pfannen\/schmorpfannen\/staub-schmorpfanne-chistera-28-cm-graphit-grau\/#primaryimage","url":"https:\/\/i2.wp.com\/interpim.erresse-shop.it\/img-catalogo\/staub\/tegame-grigio-40511-471-0_1.jpg?ssl=1","contentUrl":"https:\/\/i2.wp.com\/interpim.erresse-shop.it\/img-catalogo\/staub\/tegame-grigio-40511-471-0_1.jpg?ssl=1"},{"@type":"BreadcrumbList","@id":"https:\/\/dev6.erresse-shop.it\/de\/shop\/toepfe-pfannen\/schmorpfannen\/staub-schmorpfanne-chistera-28-cm-graphit-grau\/#breadcrumb","itemListElement":[{"@type":"ListItem","position":1,"name":"Home","item":"https:\/\/dev6.erresse-shop.it\/"},{"@type":"ListItem","position":2,"name":"Shop","item":"https:\/\/dev6.erresse-shop.it\/shop\/"},{"@type":"ListItem","position":3,"name":"STAUB Schmorpfanne Chistera 28 cm Graphit Grau"}]},{"@type":"WebSite","@id":"https:\/\/dev6.erresse-shop.it\/#website","url":"https:\/\/dev6.erresse-shop.it\/","name":"Erresse Shop","description":"","publisher":{"@id":"https:\/\/dev6.erresse-shop.it\/#organization"},"potentialAction":[{"@type":"SearchAction","target":{"@type":"EntryPoint","urlTemplate":"https:\/\/dev6.erresse-shop.it\/?s={search_term_string}"},"query-input":{"@type":"PropertyValueSpecification","valueRequired":true,"valueName":"search_term_string"}}],"inLanguage":"de"},{"@type":"Organization","@id":"https:\/\/dev6.erresse-shop.it\/#organization","name":"Erresse Shop","url":"https:\/\/dev6.erresse-shop.it\/","logo":{"@type":"ImageObject","inLanguage":"de","@id":"https:\/\/dev6.erresse-shop.it\/#\/schema\/logo\/image\/","url":"https:\/\/dev6.erresse-shop.it\/wp-content\/uploads\/2025\/01\/LOGO-ERRESSE-CLASSICO.svg","contentUrl":"https:\/\/dev6.erresse-shop.it\/wp-content\/uploads\/2025\/01\/LOGO-ERRESSE-CLASSICO.svg","caption":"Erresse Shop"},"image":{"@id":"https:\/\/dev6.erresse-shop.it\/#\/schema\/logo\/image\/"}}]}},"df_price":159.95,"df_sale_price":159.95,"df_regular_price":249,"df_image_link":"https:\/\/i2.wp.com\/interpim.erresse-shop.it\/img-catalogo\/staub\/tegame-grigio-40511-471-0_1.jpg?resize=300,300&ssl=1","fifu_image_url":"https:\/\/interpim.erresse-shop.it\/img-catalogo\/staub\/tegame-grigio-40511-471-0_1.jpg","_links":{"self":[{"href":"https:\/\/dev6.erresse-shop.it\/de\/wp-json\/wp\/v2\/product\/49233","targetHints":{"allow":["GET"]}}],"collection":[{"href":"https:\/\/dev6.erresse-shop.it\/de\/wp-json\/wp\/v2\/product"}],"about":[{"href":"https:\/\/dev6.erresse-shop.it\/de\/wp-json\/wp\/v2\/types\/product"}],"wp:featuredmedia":[{"embeddable":true,"href":"https:\/\/dev6.erresse-shop.it\/de\/wp-json\/wp\/v2\/media\/6486327"}],"wp:attachment":[{"href":"https:\/\/dev6.erresse-shop.it\/de\/wp-json\/wp\/v2\/media?parent=49233"}],"wp:term":[{"taxonomy":"product_cat","embeddable":true,"href":"https:\/\/dev6.erresse-shop.it\/de\/wp-json\/wp\/v2\/product_cat?post=49233"},{"taxonomy":"product_tag","embeddable":true,"href":"https:\/\/dev6.erresse-shop.it\/de\/wp-json\/wp\/v2\/product_tag?post=49233"}],"curies":[{"name":"wp","href":"https:\/\/api.w.org\/{rel}","templated":true}]}}