{"id":49223,"date":"2026-04-16T18:56:00","date_gmt":"2026-04-16T16:56:00","guid":{"rendered":"https:\/\/dev6.erresse-shop.it\/shop\/unkategorisiert\/staub-schmorpfanne-chistera-24-cm-kirschrot\/"},"modified":"2025-11-22T17:46:06","modified_gmt":"2025-11-22T16:46:06","slug":"staub-schmorpfanne-chistera-24-cm-kirschrot","status":"publish","type":"product","link":"https:\/\/dev6.erresse-shop.it\/de\/shop\/toepfe-pfannen\/schmorpfannen\/staub-schmorpfanne-chistera-24-cm-kirschrot\/","title":{"rendered":"STAUB Schmorpfanne Chistera 24 cm Kirschrot"},"content":{"rendered":"<p>Mit dem Multifunktionsbr\u00e4ter von Staub bieten sich Ihnen zahlreiche M\u00f6glichkeiten der Zubereitung wohlschmeckender Fleisch-, Gem\u00fcse- und Fischgerichte. Dank der Materialeigenschaften des aus emailliertem Gusseisen gefertigten Br\u00e4ters m\u00fcssen Sie beim Kochen nur vergleichsweise wenig \u00d6l zugeben und servieren Ihrer Familie und Ihren G\u00e4sten deshalb gleicherma\u00dfen leichte wie gesunde Speisen. Zwei Griffe erm\u00f6glichen Ihnen den sicheren Transport des Br\u00e4ters, den Sie auf allen Herdarten \u2013 auch Induktion \u2013 nutzen k\u00f6nnen. Der Multifunktionsbr\u00e4ter ist mit der Chistera Drop-Structure ausgestattet. Das hei\u00dft, im Deckel befindet sich ein Tropfenmuster, welches das Kondenswasser auf Ihr Bratgut herabregnen l\u00e4sst. Das gleichm\u00e4\u00dfig befeuchtete Fleisch oder Gem\u00fcse bleibt zart und schmeckt besonders aromatisch. Das spezielle Design verwirklicht ein solches Selbstbefeuchtungssystem erstmals in einem gew\u00f6lbten Deckel, wodurch Ihnen viel Volumen geboten wird. Der runde Multifunktionsbr\u00e4ter ist 11,6 cm hoch, mit Griffen 31,7 cm breit, 24 cm breit und hat ein Fassungsverm\u00f6gen von 2,4 l. Dank der ansprechenden kirschroten Farbe setzt der Br\u00e4ter einen leuchtenden Farbakzent in Ihrer K\u00fcche und kann auch zum stilvollen Servieren der Speisen genutzt werden. Mit dem Multifunktionsbr\u00e4ter aus der Serie Br\u00e4ter von Staub profitieren Sie von einem einzigartigen Selbstbefeuchtungssystem und erg\u00e4nzen Ihr Kochgeschirr um einen attraktiven Blickfang.<\/p>\n<p>\u2013 Ideal zum Anbraten und langsamen Garen von Fleisch, Fisch oder Gem\u00fcse<br \/>\n\u2013 Saftiges und zartes Kochergebnis durch die spezielle Tropfenstruktur im Deckel<br \/>\n\u2013 Die schwarzmatte Innenemaillierung eignet sich zum besonders krossen Anbraten und ist besonders strapazierf\u00e4hig<br \/>\n\u2013 F\u00fcr alle Herdarten inkl. Induktion geeignet, auch im Backofen\/Grill einsetzbar<\/p>\n<p>Eigenschaften<br \/>\n\u2013 Hitzebest\u00e4ndigkeit: 240,00 \u00baC<br \/>\n\u2013 K\u00e4ltebest\u00e4ndigkeit: -20,00 \u00baC<br \/>\n\u2013 Material: Gusseisen<br \/>\n\u2013 Griffart: Seitengriff<br \/>\n\u2013 Deckel vorhanden: Ja<br \/>\n\u2013 Induktion: Ja<br \/>\n\u2013 Backofen geeignet: Ja<br \/>\n\u2013 Gefrierschrank geeignet: Ja<br \/>\n\u2013 Herdplatten geeignet: Ja<br \/>\n\u2013 sp\u00fclmaschinengeeignet: Ja<\/p>\n<p>Abmessungen<br \/>\n\u2013 Gewicht netto: 4,24 kg<br \/>\n\u2013 Volumen: 2,40 l<br \/>\n\u2013 Produktl\u00e4nge: 31,70 cm<br \/>\n\u2013 Produktbreite: 24,00 cm<br \/>\n\u2013 Produkth\u00f6he: 11,60 cm<br \/>\n\u2013 Produkth\u00f6he ohne Deckel: 7,00 cm<br \/>\n\u2013 Oberer Durchmesser: 24,00 cm<br \/>\n\u2013 Bodendurchmesser: 18,50 cm<br \/>\n\u2013 Griffl\u00e4nge: 4,00 cm<\/p>\n","protected":false},"excerpt":{"rendered":"<p>Mit dem Multifunktionsbr\u00e4ter von Staub bieten sich Ihnen zahlreiche M\u00f6glichkeiten der Zubereitung wohlschmeckender Fleisch-, Gem\u00fcse- und Fischgerichte. Dank der Materialeigenschaften des aus emailliertem Gusseisen gefertigten Br\u00e4ters m\u00fcssen Sie beim Kochen nur vergleichsweise wenig \u00d6l zugeben und servieren Ihrer Familie und Ihren G\u00e4sten deshalb gleicherma\u00dfen leichte wie gesunde Speisen. Zwei Griffe erm\u00f6glichen Ihnen den sicheren Transport [&hellip;]<\/p>\n","protected":false},"featured_media":6486275,"template":"","meta":{"_acf_changed":false},"product_cat":[11667,12120,12099],"product_tag":[],"class_list":{"0":"post-49223","1":"product","2":"type-product","3":"status-publish","4":"has-post-thumbnail","6":"product_cat-padelle-pentole","7":"product_cat-schmorpfannen","8":"product_cat-toepfe-pfannen","10":"first","11":"outofstock","12":"sale","13":"taxable","14":"shipping-taxable","15":"purchasable","16":"product-type-simple","swatches":"rey-swatches","show_selected":"","stretch_labels":"rey-swatches--stretch-labels"},"acf":[],"yoast_head":"<!-- This site is optimized with the Yoast SEO plugin v25.4 - https:\/\/yoast.com\/wordpress\/plugins\/seo\/ -->\n<title>STAUB Schmorpfanne Chistera 24 cm Kirschrot - dev6 Erresse<\/title>\n<meta name=\"description\" content=\"Mit dem Multifunktionsbr\u00e4ter von Staub bieten sich Ihnen zahlreiche M\u00f6glichkeiten der Zubereitung wohlschmeckender Fleisch-, Gem\u00fcse- und Fischgerichte.\" \/>\n<meta name=\"robots\" content=\"noindex, follow, max-snippet:-1, max-image-preview:large, max-video-preview:-1\" \/>\n<meta property=\"og:locale\" content=\"de_DE\" \/>\n<meta property=\"og:type\" content=\"article\" \/>\n<meta property=\"og:title\" content=\"STAUB Schmorpfanne Chistera 24 cm Kirschrot - dev6 Erresse\" \/>\n<meta property=\"og:description\" content=\"Mit dem Multifunktionsbr\u00e4ter von Staub bieten sich Ihnen zahlreiche M\u00f6glichkeiten der Zubereitung wohlschmeckender Fleisch-, Gem\u00fcse- und Fischgerichte.\" \/>\n<meta property=\"og:url\" content=\"https:\/\/dev6.erresse-shop.it\/de\/shop\/toepfe-pfannen\/schmorpfannen\/staub-schmorpfanne-chistera-24-cm-kirschrot\/\" \/>\n<meta property=\"og:site_name\" content=\"dev6 Erresse\" \/>\n<meta property=\"og:image\" content=\"https:\/\/interpim.erresse-shop.it\/img-catalogo\/staub\/tegame-ciliegia-40511-475.jpg\" \/><meta property=\"og:image\" content=\"https:\/\/interpim.erresse-shop.it\/img-catalogo\/staub\/tegame-ciliegia-40511-475.jpg\" \/>\n\t<meta property=\"og:image:width\" content=\"1024\" \/>\n\t<meta property=\"og:image:height\" content=\"1024\" \/>\n\t<meta property=\"og:image:type\" content=\"image\/jpeg\" \/>\n<meta name=\"twitter:card\" content=\"summary_large_image\" \/>\n<meta name=\"twitter:image\" content=\"https:\/\/interpim.erresse-shop.it\/img-catalogo\/staub\/tegame-ciliegia-40511-475.jpg\" \/>\n<script type=\"application\/ld+json\" class=\"yoast-schema-graph\">{\"@context\":\"https:\/\/schema.org\",\"@graph\":[{\"@type\":\"WebPage\",\"@id\":\"https:\/\/dev6.erresse-shop.it\/de\/shop\/toepfe-pfannen\/schmorpfannen\/staub-schmorpfanne-chistera-24-cm-kirschrot\/\",\"url\":\"https:\/\/dev6.erresse-shop.it\/de\/shop\/toepfe-pfannen\/schmorpfannen\/staub-schmorpfanne-chistera-24-cm-kirschrot\/\",\"name\":\"STAUB Schmorpfanne Chistera 24 cm Kirschrot - dev6 Erresse\",\"isPartOf\":{\"@id\":\"https:\/\/dev6.erresse-shop.it\/#website\"},\"primaryImageOfPage\":{\"@id\":\"https:\/\/dev6.erresse-shop.it\/de\/shop\/toepfe-pfannen\/schmorpfannen\/staub-schmorpfanne-chistera-24-cm-kirschrot\/#primaryimage\"},\"image\":{\"@id\":\"https:\/\/dev6.erresse-shop.it\/de\/shop\/toepfe-pfannen\/schmorpfannen\/staub-schmorpfanne-chistera-24-cm-kirschrot\/#primaryimage\"},\"thumbnailUrl\":\"https:\/\/i2.wp.com\/interpim.erresse-shop.it\/img-catalogo\/staub\/tegame-ciliegia-40511-475.jpg?ssl=1\",\"datePublished\":\"2026-04-16T16:56:00+00:00\",\"description\":\"Mit dem Multifunktionsbr\u00e4ter von Staub bieten sich Ihnen zahlreiche M\u00f6glichkeiten der Zubereitung wohlschmeckender Fleisch-, Gem\u00fcse- und Fischgerichte.\",\"breadcrumb\":{\"@id\":\"https:\/\/dev6.erresse-shop.it\/de\/shop\/toepfe-pfannen\/schmorpfannen\/staub-schmorpfanne-chistera-24-cm-kirschrot\/#breadcrumb\"},\"inLanguage\":\"de\",\"potentialAction\":[{\"@type\":\"ReadAction\",\"target\":[\"https:\/\/dev6.erresse-shop.it\/de\/shop\/toepfe-pfannen\/schmorpfannen\/staub-schmorpfanne-chistera-24-cm-kirschrot\/\"]}]},{\"@type\":\"ImageObject\",\"inLanguage\":\"de\",\"@id\":\"https:\/\/dev6.erresse-shop.it\/de\/shop\/toepfe-pfannen\/schmorpfannen\/staub-schmorpfanne-chistera-24-cm-kirschrot\/#primaryimage\",\"url\":\"https:\/\/i2.wp.com\/interpim.erresse-shop.it\/img-catalogo\/staub\/tegame-ciliegia-40511-475.jpg?ssl=1\",\"contentUrl\":\"https:\/\/i2.wp.com\/interpim.erresse-shop.it\/img-catalogo\/staub\/tegame-ciliegia-40511-475.jpg?ssl=1\"},{\"@type\":\"BreadcrumbList\",\"@id\":\"https:\/\/dev6.erresse-shop.it\/de\/shop\/toepfe-pfannen\/schmorpfannen\/staub-schmorpfanne-chistera-24-cm-kirschrot\/#breadcrumb\",\"itemListElement\":[{\"@type\":\"ListItem\",\"position\":1,\"name\":\"Home\",\"item\":\"https:\/\/dev6.erresse-shop.it\/\"},{\"@type\":\"ListItem\",\"position\":2,\"name\":\"Shop\",\"item\":\"https:\/\/dev6.erresse-shop.it\/shop\/\"},{\"@type\":\"ListItem\",\"position\":3,\"name\":\"STAUB Schmorpfanne Chistera 24 cm Kirschrot\"}]},{\"@type\":\"WebSite\",\"@id\":\"https:\/\/dev6.erresse-shop.it\/#website\",\"url\":\"https:\/\/dev6.erresse-shop.it\/\",\"name\":\"Erresse Shop\",\"description\":\"\",\"publisher\":{\"@id\":\"https:\/\/dev6.erresse-shop.it\/#organization\"},\"potentialAction\":[{\"@type\":\"SearchAction\",\"target\":{\"@type\":\"EntryPoint\",\"urlTemplate\":\"https:\/\/dev6.erresse-shop.it\/?s={search_term_string}\"},\"query-input\":{\"@type\":\"PropertyValueSpecification\",\"valueRequired\":true,\"valueName\":\"search_term_string\"}}],\"inLanguage\":\"de\"},{\"@type\":\"Organization\",\"@id\":\"https:\/\/dev6.erresse-shop.it\/#organization\",\"name\":\"Erresse Shop\",\"url\":\"https:\/\/dev6.erresse-shop.it\/\",\"logo\":{\"@type\":\"ImageObject\",\"inLanguage\":\"de\",\"@id\":\"https:\/\/dev6.erresse-shop.it\/#\/schema\/logo\/image\/\",\"url\":\"https:\/\/dev6.erresse-shop.it\/wp-content\/uploads\/2025\/01\/LOGO-ERRESSE-CLASSICO.svg\",\"contentUrl\":\"https:\/\/dev6.erresse-shop.it\/wp-content\/uploads\/2025\/01\/LOGO-ERRESSE-CLASSICO.svg\",\"caption\":\"Erresse Shop\"},\"image\":{\"@id\":\"https:\/\/dev6.erresse-shop.it\/#\/schema\/logo\/image\/\"}}]}<\/script>\n<!-- \/ Yoast SEO plugin. -->","yoast_head_json":{"title":"STAUB Schmorpfanne Chistera 24 cm Kirschrot - dev6 Erresse","description":"Mit dem Multifunktionsbr\u00e4ter von Staub bieten sich Ihnen zahlreiche M\u00f6glichkeiten der Zubereitung wohlschmeckender Fleisch-, Gem\u00fcse- und Fischgerichte.","robots":{"index":"noindex","follow":"follow","max-snippet":"max-snippet:-1","max-image-preview":"max-image-preview:large","max-video-preview":"max-video-preview:-1"},"og_locale":"de_DE","og_type":"article","og_title":"STAUB Schmorpfanne Chistera 24 cm Kirschrot - dev6 Erresse","og_description":"Mit dem Multifunktionsbr\u00e4ter von Staub bieten sich Ihnen zahlreiche M\u00f6glichkeiten der Zubereitung wohlschmeckender Fleisch-, Gem\u00fcse- und Fischgerichte.","og_url":"https:\/\/dev6.erresse-shop.it\/de\/shop\/toepfe-pfannen\/schmorpfannen\/staub-schmorpfanne-chistera-24-cm-kirschrot\/","og_site_name":"dev6 Erresse","og_image":[{"url":"https:\/\/interpim.erresse-shop.it\/img-catalogo\/staub\/tegame-ciliegia-40511-475.jpg","type":"","width":"","height":""},{"url":"https:\/\/interpim.erresse-shop.it\/img-catalogo\/staub\/tegame-ciliegia-40511-475.jpg","width":1024,"height":1024,"type":"image\/jpeg"}],"twitter_card":"summary_large_image","twitter_image":"https:\/\/interpim.erresse-shop.it\/img-catalogo\/staub\/tegame-ciliegia-40511-475.jpg","schema":{"@context":"https:\/\/schema.org","@graph":[{"@type":"WebPage","@id":"https:\/\/dev6.erresse-shop.it\/de\/shop\/toepfe-pfannen\/schmorpfannen\/staub-schmorpfanne-chistera-24-cm-kirschrot\/","url":"https:\/\/dev6.erresse-shop.it\/de\/shop\/toepfe-pfannen\/schmorpfannen\/staub-schmorpfanne-chistera-24-cm-kirschrot\/","name":"STAUB Schmorpfanne Chistera 24 cm Kirschrot - dev6 Erresse","isPartOf":{"@id":"https:\/\/dev6.erresse-shop.it\/#website"},"primaryImageOfPage":{"@id":"https:\/\/dev6.erresse-shop.it\/de\/shop\/toepfe-pfannen\/schmorpfannen\/staub-schmorpfanne-chistera-24-cm-kirschrot\/#primaryimage"},"image":{"@id":"https:\/\/dev6.erresse-shop.it\/de\/shop\/toepfe-pfannen\/schmorpfannen\/staub-schmorpfanne-chistera-24-cm-kirschrot\/#primaryimage"},"thumbnailUrl":"https:\/\/i2.wp.com\/interpim.erresse-shop.it\/img-catalogo\/staub\/tegame-ciliegia-40511-475.jpg?ssl=1","datePublished":"2026-04-16T16:56:00+00:00","description":"Mit dem Multifunktionsbr\u00e4ter von Staub bieten sich Ihnen zahlreiche M\u00f6glichkeiten der Zubereitung wohlschmeckender Fleisch-, Gem\u00fcse- und Fischgerichte.","breadcrumb":{"@id":"https:\/\/dev6.erresse-shop.it\/de\/shop\/toepfe-pfannen\/schmorpfannen\/staub-schmorpfanne-chistera-24-cm-kirschrot\/#breadcrumb"},"inLanguage":"de","potentialAction":[{"@type":"ReadAction","target":["https:\/\/dev6.erresse-shop.it\/de\/shop\/toepfe-pfannen\/schmorpfannen\/staub-schmorpfanne-chistera-24-cm-kirschrot\/"]}]},{"@type":"ImageObject","inLanguage":"de","@id":"https:\/\/dev6.erresse-shop.it\/de\/shop\/toepfe-pfannen\/schmorpfannen\/staub-schmorpfanne-chistera-24-cm-kirschrot\/#primaryimage","url":"https:\/\/i2.wp.com\/interpim.erresse-shop.it\/img-catalogo\/staub\/tegame-ciliegia-40511-475.jpg?ssl=1","contentUrl":"https:\/\/i2.wp.com\/interpim.erresse-shop.it\/img-catalogo\/staub\/tegame-ciliegia-40511-475.jpg?ssl=1"},{"@type":"BreadcrumbList","@id":"https:\/\/dev6.erresse-shop.it\/de\/shop\/toepfe-pfannen\/schmorpfannen\/staub-schmorpfanne-chistera-24-cm-kirschrot\/#breadcrumb","itemListElement":[{"@type":"ListItem","position":1,"name":"Home","item":"https:\/\/dev6.erresse-shop.it\/"},{"@type":"ListItem","position":2,"name":"Shop","item":"https:\/\/dev6.erresse-shop.it\/shop\/"},{"@type":"ListItem","position":3,"name":"STAUB Schmorpfanne Chistera 24 cm Kirschrot"}]},{"@type":"WebSite","@id":"https:\/\/dev6.erresse-shop.it\/#website","url":"https:\/\/dev6.erresse-shop.it\/","name":"Erresse Shop","description":"","publisher":{"@id":"https:\/\/dev6.erresse-shop.it\/#organization"},"potentialAction":[{"@type":"SearchAction","target":{"@type":"EntryPoint","urlTemplate":"https:\/\/dev6.erresse-shop.it\/?s={search_term_string}"},"query-input":{"@type":"PropertyValueSpecification","valueRequired":true,"valueName":"search_term_string"}}],"inLanguage":"de"},{"@type":"Organization","@id":"https:\/\/dev6.erresse-shop.it\/#organization","name":"Erresse Shop","url":"https:\/\/dev6.erresse-shop.it\/","logo":{"@type":"ImageObject","inLanguage":"de","@id":"https:\/\/dev6.erresse-shop.it\/#\/schema\/logo\/image\/","url":"https:\/\/dev6.erresse-shop.it\/wp-content\/uploads\/2025\/01\/LOGO-ERRESSE-CLASSICO.svg","contentUrl":"https:\/\/dev6.erresse-shop.it\/wp-content\/uploads\/2025\/01\/LOGO-ERRESSE-CLASSICO.svg","caption":"Erresse Shop"},"image":{"@id":"https:\/\/dev6.erresse-shop.it\/#\/schema\/logo\/image\/"}}]}},"df_price":142,"df_sale_price":142,"df_regular_price":219,"df_image_link":"https:\/\/i2.wp.com\/interpim.erresse-shop.it\/img-catalogo\/staub\/tegame-ciliegia-40511-475.jpg?resize=300,300&ssl=1","fifu_image_url":"https:\/\/interpim.erresse-shop.it\/img-catalogo\/staub\/tegame-ciliegia-40511-475.jpg","_links":{"self":[{"href":"https:\/\/dev6.erresse-shop.it\/de\/wp-json\/wp\/v2\/product\/49223","targetHints":{"allow":["GET"]}}],"collection":[{"href":"https:\/\/dev6.erresse-shop.it\/de\/wp-json\/wp\/v2\/product"}],"about":[{"href":"https:\/\/dev6.erresse-shop.it\/de\/wp-json\/wp\/v2\/types\/product"}],"wp:featuredmedia":[{"embeddable":true,"href":"https:\/\/dev6.erresse-shop.it\/de\/wp-json\/wp\/v2\/media\/6486275"}],"wp:attachment":[{"href":"https:\/\/dev6.erresse-shop.it\/de\/wp-json\/wp\/v2\/media?parent=49223"}],"wp:term":[{"taxonomy":"product_cat","embeddable":true,"href":"https:\/\/dev6.erresse-shop.it\/de\/wp-json\/wp\/v2\/product_cat?post=49223"},{"taxonomy":"product_tag","embeddable":true,"href":"https:\/\/dev6.erresse-shop.it\/de\/wp-json\/wp\/v2\/product_tag?post=49223"}],"curies":[{"name":"wp","href":"https:\/\/api.w.org\/{rel}","templated":true}]}}