{"id":49217,"date":"2026-04-16T18:55:20","date_gmt":"2026-04-16T16:55:20","guid":{"rendered":"https:\/\/dev6.erresse-shop.it\/shop\/unkategorisiert\/staub-schmorpfanne-chistera-28-cm-basilikum-gruen\/"},"modified":"2025-09-14T00:28:23","modified_gmt":"2025-09-13T22:28:23","slug":"staub-schmorpfanne-chistera-28-cm-basilikum-gruen","status":"publish","type":"product","link":"https:\/\/dev6.erresse-shop.it\/de\/shop\/toepfe-pfannen\/schmorpfannen\/staub-schmorpfanne-chistera-28-cm-basilikum-gruen\/","title":{"rendered":"STAUB Schmorpfanne Chistera 28 cm Basilikum-Gr\u00fcn"},"content":{"rendered":"<p>Der runde Multifunktionsbr\u00e4ter von Braisers aus dem Hause Staub eignet sich zur Zubereitung von Braten, Gem\u00fcsegerichten oder Ratatouille. Der gusseiserne Br\u00e4ter sorgt durch seine schnelle W\u00e4rmeaufnahme auf dem Herd f\u00fcr ein scharfes Anbraten. Gusseisen ist f\u00fcr seine lange W\u00e4rmespeicherung bekannt. Mit dem ansprechend designten Kochgeschirr k\u00f6nnen Sie Ihre G\u00e4ste \u00fcber die gesamte Mahlzeit hinweg mit leckeren, warmen Speisen versorgen. Einer der innovativsten Entwicklungen von Staub ist der Deckel, in dessen innerer W\u00f6lbung sich die Chistera Drop Structure befindet, die das Kondenswasser sammelt und gleichm\u00e4\u00dfig an das Gargut abgibt. Auf diese Weise gelingen saftige, zarte Fleischst\u00fccke und aromatische, herzhafte Gem\u00fcsegerichte. Der Multifunktionsbr\u00e4ter wurde in Grenadine gestaltet. Der satte, tiefe Farbton passt besonders gut zum Landhausstil und bringt einen Hauch urspr\u00fcnglicher Kochtradition in die K\u00fcche. Die Emaillierung des Gusseisens verhilft dem Kochgeschirr von Staub zu einer verbesserten Widerstandsf\u00e4higkeit und ist dar\u00fcber hinaus leicht zu reinigen. Der gr\u00f6\u00dfte Vorteil jedoch liegt darin, dass sie im Laufe der Zeit immer st\u00e4rker den Geschmack der im Br\u00e4ter zubereiteten Speisen unterst\u00fctzt. Der Anti-Haft-Effekt erleichtert zudem das fettarme Anbraten und Kochen. Der Br\u00e4ter mit Chistera-Deckel misst 28 cm im Durchmesser und ist f\u00fcr alle Herdarten geeignet. Bereiten Sie in diesem Multitalent f\u00fcr die K\u00fcche schmackhafte und gesunde Speisen f\u00fcr die gesamte Familie zu.<\/p>\n<p>\u2013 Ideal zum Anbraten und langsamen Garen von Fleisch, Fisch oder Gem\u00fcse<br \/>\n\u2013 Saftiges und zartes Kochergebnis durch die spezielle Chistera-Tropfenstruktur im Deckel<br \/>\n\u2013 Die schwarzmatte Innenemaillierung eignet sich zum besonders krossen Anbraten und ist besonders strapazierf\u00e4hig<br \/>\n\u2013 F\u00fcr alle Herdarten inkl. Induktion geeignet, auch im Backofen\/Grill einsetzbar<br \/>\n\u2013 Gew\u00f6lbter Glasdeckel als exklusives Zubeh\u00f6r<\/p>\n<p>Eigenschaften<br \/>\n\u2013 Farbe: Grenadine-Rot<br \/>\n\u2013 Material: Gusseisen<br \/>\n\u2013 Induktion: Ja<br \/>\n\u2013 Backofen geeignet: Ja<br \/>\n\u2013 Herdplatten geeignet: Ja<br \/>\n\u2013 Sp\u00fclmaschinengeeignet: Ja<\/p>\n<p>Abmessungen<br \/>\n\u2013 Gewicht netto: 5,40 kg<br \/>\n\u2013 Fassungsverm\u00f6gen: 3,70 l<br \/>\n\u2013 Produktl\u00e4nge: 36,10 cm<br \/>\n\u2013 Produktbreite: 28,00 cm<br \/>\n\u2013 Produkth\u00f6he: 12,60 cm<br \/>\n\u2013 Produkth\u00f6he ohne Deckel: 7,60 cm<br \/>\n\u2013 Bodenst\u00e4rke: 0,40 cm<br \/>\n\u2013 Oberer Durchmesser: 28,00 cm<br \/>\n\u2013 Bodendurchmesser: 22,20 cm<\/p>\n","protected":false},"excerpt":{"rendered":"<p>Der runde Multifunktionsbr\u00e4ter von Braisers aus dem Hause Staub eignet sich zur Zubereitung von Braten, Gem\u00fcsegerichten oder Ratatouille. Der gusseiserne Br\u00e4ter sorgt durch seine schnelle W\u00e4rmeaufnahme auf dem Herd f\u00fcr ein scharfes Anbraten. Gusseisen ist f\u00fcr seine lange W\u00e4rmespeicherung bekannt. Mit dem ansprechend designten Kochgeschirr k\u00f6nnen Sie Ihre G\u00e4ste \u00fcber die gesamte Mahlzeit hinweg mit [&hellip;]<\/p>\n","protected":false},"featured_media":6486262,"template":"","meta":{"_acf_changed":false},"product_cat":[11667,12120,12099],"product_tag":[],"class_list":{"0":"post-49217","1":"product","2":"type-product","3":"status-publish","4":"has-post-thumbnail","6":"product_cat-padelle-pentole","7":"product_cat-schmorpfannen","8":"product_cat-toepfe-pfannen","10":"first","11":"outofstock","12":"sale","13":"taxable","14":"shipping-taxable","15":"purchasable","16":"product-type-simple","swatches":"rey-swatches","show_selected":"","stretch_labels":"rey-swatches--stretch-labels"},"acf":[],"yoast_head":"<!-- This site is optimized with the Yoast SEO plugin v25.4 - https:\/\/yoast.com\/wordpress\/plugins\/seo\/ -->\n<title>STAUB Schmorpfanne Chistera 28 cm Basilikum-Gr\u00fcn - dev6 Erresse<\/title>\n<meta name=\"description\" content=\"Der runde Multifunktionsbr\u00e4ter von Braisers aus dem Hause Staub eignet sich zur Zubereitung von Braten, Gem\u00fcsegerichten oder Ratatouille. Der gusseiserne\" \/>\n<meta name=\"robots\" content=\"noindex, follow, max-snippet:-1, max-image-preview:large, max-video-preview:-1\" \/>\n<meta property=\"og:locale\" content=\"de_DE\" \/>\n<meta property=\"og:type\" content=\"article\" \/>\n<meta property=\"og:title\" content=\"STAUB Schmorpfanne Chistera 28 cm Basilikum-Gr\u00fcn - dev6 Erresse\" \/>\n<meta property=\"og:description\" content=\"Der runde Multifunktionsbr\u00e4ter von Braisers aus dem Hause Staub eignet sich zur Zubereitung von Braten, Gem\u00fcsegerichten oder Ratatouille. Der gusseiserne\" \/>\n<meta property=\"og:url\" content=\"https:\/\/dev6.erresse-shop.it\/de\/shop\/toepfe-pfannen\/schmorpfannen\/staub-schmorpfanne-chistera-28-cm-basilikum-gruen\/\" \/>\n<meta property=\"og:site_name\" content=\"dev6 Erresse\" \/>\n<meta property=\"og:image\" content=\"https:\/\/interpim.erresse-shop.it\/img-catalogo\/staub\/tegame-basilico-40511-479.jpg\" \/><meta property=\"og:image\" content=\"https:\/\/interpim.erresse-shop.it\/img-catalogo\/staub\/tegame-basilico-40511-479.jpg\" \/>\n\t<meta property=\"og:image:width\" content=\"1024\" \/>\n\t<meta property=\"og:image:height\" content=\"1024\" \/>\n\t<meta property=\"og:image:type\" content=\"image\/jpeg\" \/>\n<meta name=\"twitter:card\" content=\"summary_large_image\" \/>\n<meta name=\"twitter:image\" content=\"https:\/\/interpim.erresse-shop.it\/img-catalogo\/staub\/tegame-basilico-40511-479.jpg\" \/>\n<script type=\"application\/ld+json\" class=\"yoast-schema-graph\">{\"@context\":\"https:\/\/schema.org\",\"@graph\":[{\"@type\":\"WebPage\",\"@id\":\"https:\/\/dev6.erresse-shop.it\/de\/shop\/toepfe-pfannen\/schmorpfannen\/staub-schmorpfanne-chistera-28-cm-basilikum-gruen\/\",\"url\":\"https:\/\/dev6.erresse-shop.it\/de\/shop\/toepfe-pfannen\/schmorpfannen\/staub-schmorpfanne-chistera-28-cm-basilikum-gruen\/\",\"name\":\"STAUB Schmorpfanne Chistera 28 cm Basilikum-Gr\u00fcn - dev6 Erresse\",\"isPartOf\":{\"@id\":\"https:\/\/dev6.erresse-shop.it\/#website\"},\"primaryImageOfPage\":{\"@id\":\"https:\/\/dev6.erresse-shop.it\/de\/shop\/toepfe-pfannen\/schmorpfannen\/staub-schmorpfanne-chistera-28-cm-basilikum-gruen\/#primaryimage\"},\"image\":{\"@id\":\"https:\/\/dev6.erresse-shop.it\/de\/shop\/toepfe-pfannen\/schmorpfannen\/staub-schmorpfanne-chistera-28-cm-basilikum-gruen\/#primaryimage\"},\"thumbnailUrl\":\"https:\/\/i3.wp.com\/interpim.erresse-shop.it\/img-catalogo\/staub\/tegame-basilico-40511-479.jpg?ssl=1\",\"datePublished\":\"2026-04-16T16:55:20+00:00\",\"description\":\"Der runde Multifunktionsbr\u00e4ter von Braisers aus dem Hause Staub eignet sich zur Zubereitung von Braten, Gem\u00fcsegerichten oder Ratatouille. Der gusseiserne\",\"breadcrumb\":{\"@id\":\"https:\/\/dev6.erresse-shop.it\/de\/shop\/toepfe-pfannen\/schmorpfannen\/staub-schmorpfanne-chistera-28-cm-basilikum-gruen\/#breadcrumb\"},\"inLanguage\":\"de\",\"potentialAction\":[{\"@type\":\"ReadAction\",\"target\":[\"https:\/\/dev6.erresse-shop.it\/de\/shop\/toepfe-pfannen\/schmorpfannen\/staub-schmorpfanne-chistera-28-cm-basilikum-gruen\/\"]}]},{\"@type\":\"ImageObject\",\"inLanguage\":\"de\",\"@id\":\"https:\/\/dev6.erresse-shop.it\/de\/shop\/toepfe-pfannen\/schmorpfannen\/staub-schmorpfanne-chistera-28-cm-basilikum-gruen\/#primaryimage\",\"url\":\"https:\/\/i3.wp.com\/interpim.erresse-shop.it\/img-catalogo\/staub\/tegame-basilico-40511-479.jpg?ssl=1\",\"contentUrl\":\"https:\/\/i3.wp.com\/interpim.erresse-shop.it\/img-catalogo\/staub\/tegame-basilico-40511-479.jpg?ssl=1\"},{\"@type\":\"BreadcrumbList\",\"@id\":\"https:\/\/dev6.erresse-shop.it\/de\/shop\/toepfe-pfannen\/schmorpfannen\/staub-schmorpfanne-chistera-28-cm-basilikum-gruen\/#breadcrumb\",\"itemListElement\":[{\"@type\":\"ListItem\",\"position\":1,\"name\":\"Home\",\"item\":\"https:\/\/dev6.erresse-shop.it\/\"},{\"@type\":\"ListItem\",\"position\":2,\"name\":\"Shop\",\"item\":\"https:\/\/dev6.erresse-shop.it\/shop\/\"},{\"@type\":\"ListItem\",\"position\":3,\"name\":\"STAUB Schmorpfanne Chistera 28 cm Basilikum-Gr\u00fcn\"}]},{\"@type\":\"WebSite\",\"@id\":\"https:\/\/dev6.erresse-shop.it\/#website\",\"url\":\"https:\/\/dev6.erresse-shop.it\/\",\"name\":\"Erresse Shop\",\"description\":\"\",\"publisher\":{\"@id\":\"https:\/\/dev6.erresse-shop.it\/#organization\"},\"potentialAction\":[{\"@type\":\"SearchAction\",\"target\":{\"@type\":\"EntryPoint\",\"urlTemplate\":\"https:\/\/dev6.erresse-shop.it\/?s={search_term_string}\"},\"query-input\":{\"@type\":\"PropertyValueSpecification\",\"valueRequired\":true,\"valueName\":\"search_term_string\"}}],\"inLanguage\":\"de\"},{\"@type\":\"Organization\",\"@id\":\"https:\/\/dev6.erresse-shop.it\/#organization\",\"name\":\"Erresse Shop\",\"url\":\"https:\/\/dev6.erresse-shop.it\/\",\"logo\":{\"@type\":\"ImageObject\",\"inLanguage\":\"de\",\"@id\":\"https:\/\/dev6.erresse-shop.it\/#\/schema\/logo\/image\/\",\"url\":\"https:\/\/dev6.erresse-shop.it\/wp-content\/uploads\/2025\/01\/LOGO-ERRESSE-CLASSICO.svg\",\"contentUrl\":\"https:\/\/dev6.erresse-shop.it\/wp-content\/uploads\/2025\/01\/LOGO-ERRESSE-CLASSICO.svg\",\"caption\":\"Erresse Shop\"},\"image\":{\"@id\":\"https:\/\/dev6.erresse-shop.it\/#\/schema\/logo\/image\/\"}}]}<\/script>\n<!-- \/ Yoast SEO plugin. -->","yoast_head_json":{"title":"STAUB Schmorpfanne Chistera 28 cm Basilikum-Gr\u00fcn - dev6 Erresse","description":"Der runde Multifunktionsbr\u00e4ter von Braisers aus dem Hause Staub eignet sich zur Zubereitung von Braten, Gem\u00fcsegerichten oder Ratatouille. Der gusseiserne","robots":{"index":"noindex","follow":"follow","max-snippet":"max-snippet:-1","max-image-preview":"max-image-preview:large","max-video-preview":"max-video-preview:-1"},"og_locale":"de_DE","og_type":"article","og_title":"STAUB Schmorpfanne Chistera 28 cm Basilikum-Gr\u00fcn - dev6 Erresse","og_description":"Der runde Multifunktionsbr\u00e4ter von Braisers aus dem Hause Staub eignet sich zur Zubereitung von Braten, Gem\u00fcsegerichten oder Ratatouille. Der gusseiserne","og_url":"https:\/\/dev6.erresse-shop.it\/de\/shop\/toepfe-pfannen\/schmorpfannen\/staub-schmorpfanne-chistera-28-cm-basilikum-gruen\/","og_site_name":"dev6 Erresse","og_image":[{"url":"https:\/\/interpim.erresse-shop.it\/img-catalogo\/staub\/tegame-basilico-40511-479.jpg","type":"","width":"","height":""},{"url":"https:\/\/interpim.erresse-shop.it\/img-catalogo\/staub\/tegame-basilico-40511-479.jpg","width":1024,"height":1024,"type":"image\/jpeg"}],"twitter_card":"summary_large_image","twitter_image":"https:\/\/interpim.erresse-shop.it\/img-catalogo\/staub\/tegame-basilico-40511-479.jpg","schema":{"@context":"https:\/\/schema.org","@graph":[{"@type":"WebPage","@id":"https:\/\/dev6.erresse-shop.it\/de\/shop\/toepfe-pfannen\/schmorpfannen\/staub-schmorpfanne-chistera-28-cm-basilikum-gruen\/","url":"https:\/\/dev6.erresse-shop.it\/de\/shop\/toepfe-pfannen\/schmorpfannen\/staub-schmorpfanne-chistera-28-cm-basilikum-gruen\/","name":"STAUB Schmorpfanne Chistera 28 cm Basilikum-Gr\u00fcn - dev6 Erresse","isPartOf":{"@id":"https:\/\/dev6.erresse-shop.it\/#website"},"primaryImageOfPage":{"@id":"https:\/\/dev6.erresse-shop.it\/de\/shop\/toepfe-pfannen\/schmorpfannen\/staub-schmorpfanne-chistera-28-cm-basilikum-gruen\/#primaryimage"},"image":{"@id":"https:\/\/dev6.erresse-shop.it\/de\/shop\/toepfe-pfannen\/schmorpfannen\/staub-schmorpfanne-chistera-28-cm-basilikum-gruen\/#primaryimage"},"thumbnailUrl":"https:\/\/i3.wp.com\/interpim.erresse-shop.it\/img-catalogo\/staub\/tegame-basilico-40511-479.jpg?ssl=1","datePublished":"2026-04-16T16:55:20+00:00","description":"Der runde Multifunktionsbr\u00e4ter von Braisers aus dem Hause Staub eignet sich zur Zubereitung von Braten, Gem\u00fcsegerichten oder Ratatouille. Der gusseiserne","breadcrumb":{"@id":"https:\/\/dev6.erresse-shop.it\/de\/shop\/toepfe-pfannen\/schmorpfannen\/staub-schmorpfanne-chistera-28-cm-basilikum-gruen\/#breadcrumb"},"inLanguage":"de","potentialAction":[{"@type":"ReadAction","target":["https:\/\/dev6.erresse-shop.it\/de\/shop\/toepfe-pfannen\/schmorpfannen\/staub-schmorpfanne-chistera-28-cm-basilikum-gruen\/"]}]},{"@type":"ImageObject","inLanguage":"de","@id":"https:\/\/dev6.erresse-shop.it\/de\/shop\/toepfe-pfannen\/schmorpfannen\/staub-schmorpfanne-chistera-28-cm-basilikum-gruen\/#primaryimage","url":"https:\/\/i3.wp.com\/interpim.erresse-shop.it\/img-catalogo\/staub\/tegame-basilico-40511-479.jpg?ssl=1","contentUrl":"https:\/\/i3.wp.com\/interpim.erresse-shop.it\/img-catalogo\/staub\/tegame-basilico-40511-479.jpg?ssl=1"},{"@type":"BreadcrumbList","@id":"https:\/\/dev6.erresse-shop.it\/de\/shop\/toepfe-pfannen\/schmorpfannen\/staub-schmorpfanne-chistera-28-cm-basilikum-gruen\/#breadcrumb","itemListElement":[{"@type":"ListItem","position":1,"name":"Home","item":"https:\/\/dev6.erresse-shop.it\/"},{"@type":"ListItem","position":2,"name":"Shop","item":"https:\/\/dev6.erresse-shop.it\/shop\/"},{"@type":"ListItem","position":3,"name":"STAUB Schmorpfanne Chistera 28 cm Basilikum-Gr\u00fcn"}]},{"@type":"WebSite","@id":"https:\/\/dev6.erresse-shop.it\/#website","url":"https:\/\/dev6.erresse-shop.it\/","name":"Erresse Shop","description":"","publisher":{"@id":"https:\/\/dev6.erresse-shop.it\/#organization"},"potentialAction":[{"@type":"SearchAction","target":{"@type":"EntryPoint","urlTemplate":"https:\/\/dev6.erresse-shop.it\/?s={search_term_string}"},"query-input":{"@type":"PropertyValueSpecification","valueRequired":true,"valueName":"search_term_string"}}],"inLanguage":"de"},{"@type":"Organization","@id":"https:\/\/dev6.erresse-shop.it\/#organization","name":"Erresse Shop","url":"https:\/\/dev6.erresse-shop.it\/","logo":{"@type":"ImageObject","inLanguage":"de","@id":"https:\/\/dev6.erresse-shop.it\/#\/schema\/logo\/image\/","url":"https:\/\/dev6.erresse-shop.it\/wp-content\/uploads\/2025\/01\/LOGO-ERRESSE-CLASSICO.svg","contentUrl":"https:\/\/dev6.erresse-shop.it\/wp-content\/uploads\/2025\/01\/LOGO-ERRESSE-CLASSICO.svg","caption":"Erresse Shop"},"image":{"@id":"https:\/\/dev6.erresse-shop.it\/#\/schema\/logo\/image\/"}}]}},"df_price":169.95,"df_sale_price":169.95,"df_regular_price":269,"df_image_link":"https:\/\/i3.wp.com\/interpim.erresse-shop.it\/img-catalogo\/staub\/tegame-basilico-40511-479.jpg?resize=300,300&ssl=1","fifu_image_url":"https:\/\/interpim.erresse-shop.it\/img-catalogo\/staub\/tegame-basilico-40511-479.jpg","_links":{"self":[{"href":"https:\/\/dev6.erresse-shop.it\/de\/wp-json\/wp\/v2\/product\/49217","targetHints":{"allow":["GET"]}}],"collection":[{"href":"https:\/\/dev6.erresse-shop.it\/de\/wp-json\/wp\/v2\/product"}],"about":[{"href":"https:\/\/dev6.erresse-shop.it\/de\/wp-json\/wp\/v2\/types\/product"}],"wp:featuredmedia":[{"embeddable":true,"href":"https:\/\/dev6.erresse-shop.it\/de\/wp-json\/wp\/v2\/media\/6486262"}],"wp:attachment":[{"href":"https:\/\/dev6.erresse-shop.it\/de\/wp-json\/wp\/v2\/media?parent=49217"}],"wp:term":[{"taxonomy":"product_cat","embeddable":true,"href":"https:\/\/dev6.erresse-shop.it\/de\/wp-json\/wp\/v2\/product_cat?post=49217"},{"taxonomy":"product_tag","embeddable":true,"href":"https:\/\/dev6.erresse-shop.it\/de\/wp-json\/wp\/v2\/product_tag?post=49217"}],"curies":[{"name":"wp","href":"https:\/\/api.w.org\/{rel}","templated":true}]}}