{"id":49213,"date":"2026-04-04T08:20:22","date_gmt":"2026-04-04T06:20:22","guid":{"rendered":"https:\/\/dev6.erresse-shop.it\/shop\/unkategorisiert\/staub-schmorpfanne-chistera-24-cm-grenadine-rot\/"},"modified":"2025-09-14T00:28:17","modified_gmt":"2025-09-13T22:28:17","slug":"staub-schmorpfanne-chistera-24-cm-grenadine-rot","status":"publish","type":"product","link":"https:\/\/dev6.erresse-shop.it\/de\/shop\/toepfe-pfannen\/schmorpfannen\/staub-schmorpfanne-chistera-24-cm-grenadine-rot\/","title":{"rendered":"STAUB Schmorpfanne Chistera 24 cm Grenadine-Rot"},"content":{"rendered":"<p>Im runden Multifunktionsbr\u00e4ter von Staub werden Schmorgerichte besonders saftig. In ihm geht keine Feuchtigkeit verloren, denn der Deckel ist auf seiner Innenseite mit einer speziellen Struktur versehen. Sie sammelt das aufsteigende Kondenswasser und verteilt es tr\u00f6pfchenweise und gleichm\u00e4\u00dfig wieder im Topf. Dieser Br\u00e4ter hat au\u00dferdem den Vorteil, dass er aus Gusseisen besteht. Die Hitze verteilt sich daher \u00fcber den ganzen Boden bis an den Rand. So wird das gesamte Gargut gleichm\u00e4\u00dfig gegart und kann sein Aroma voll entfalten. Gusseisen ist kratz- und schnittfest, sehr robust und damit langlebig. Es zeichnet sich au\u00dferdem durch seine Pflegeleichtigkeit aus. Der grenadinefarbene Multifunktionsbr\u00e4ter ist aber nicht nur hochwertig und praktisch im Gebrauch. Er sieht durch seine Farbe auch auf dem Tisch gut aus und eignet sich deshalb zum Servieren der Speisen. Diesen Br\u00e4ter mit einem Durchmesser von 24 cm, einer H\u00f6he von rund 12 cm und einem Fassungsverm\u00f6gen von 2,4 l k\u00f6nnen Sie auf jeder Kochplatte und selbst auf einem Induktionskochfeld sowie im Backofen benutzen. In ihm gelingen Ihnen viele k\u00f6stliche Gerichte wie ein Gulasch, ein Boeuf Stroganoff oder auch ein vegetarischer Eintopf mit dem Gem\u00fcse der Saison. Die Emaillierung auf seiner Innenseite sorgt daf\u00fcr, dass nichts anbrennt. Mit dem Multifunktionsbr\u00e4ter der Serie Br\u00e4ter verw\u00f6hnen Sie Ihre G\u00e4ste mit saftigen K\u00f6stlichkeiten und einem Hauch von franz\u00f6sischem Flair.<\/p>\n<p>\u2013 Ideal zum Anbraten und langsamen Garen von Fleisch, Fisch oder Gem\u00fcse<br \/>\n\u2013 Saftiges und zartes Kochergebnis durch die spezielle Tropfenstruktur im Deckel<br \/>\n\u2013 Die schwarzmatte Innenemaillierung eignet sich zum besonders krossen Anbraten und ist besonders strapazierf\u00e4hig<br \/>\n\u2013 F\u00fcr alle Herdarten inkl. Induktion geeignet, auch im Backofen\/Grill einsetzbar<\/p>\n<p>Eigenschaften<br \/>\n\u2013 Farbe: Grenadine-Red<br \/>\n\u2013 Material: Gusseisen<br \/>\n\u2013 Induktion: Ja<br \/>\n\u2013 Backofen geeignet: Ja<br \/>\n\u2013 Herdplatten geeignet: Ja<br \/>\n\u2013 Sp\u00fclmaschinengeeignet: Ja<\/p>\n<p>Abmessungen<br \/>\n\u2013 Gewicht netto: 4,24 kg<br \/>\n\u2013 Fassungsverm\u00f6gen: 2,40 l<br \/>\n\u2013 Produktl\u00e4nge: 31,70 cm<br \/>\n\u2013 Produktbreite: 24,00 cm<br \/>\n\u2013 Produkth\u00f6he: 11,60 cm<br \/>\n\u2013 Produkth\u00f6he ohne Deckel: 7,00 cm<br \/>\n\u2013 Bodenst\u00e4rke: 0,40 cm<br \/>\n\u2013 Oberer Durchmesser: 24,00 cm<br \/>\n\u2013 Bodendurchmesser: 18,50 cm<\/p>\n","protected":false},"excerpt":{"rendered":"<p>Im runden Multifunktionsbr\u00e4ter von Staub werden Schmorgerichte besonders saftig. In ihm geht keine Feuchtigkeit verloren, denn der Deckel ist auf seiner Innenseite mit einer speziellen Struktur versehen. Sie sammelt das aufsteigende Kondenswasser und verteilt es tr\u00f6pfchenweise und gleichm\u00e4\u00dfig wieder im Topf. Dieser Br\u00e4ter hat au\u00dferdem den Vorteil, dass er aus Gusseisen besteht. Die Hitze verteilt [&hellip;]<\/p>\n","protected":false},"featured_media":6263898,"template":"","meta":{"_acf_changed":false},"product_cat":[11667,12120,12099],"product_tag":[],"class_list":{"0":"post-49213","1":"product","2":"type-product","3":"status-publish","4":"has-post-thumbnail","6":"product_cat-padelle-pentole","7":"product_cat-schmorpfannen","8":"product_cat-toepfe-pfannen","10":"first","11":"outofstock","12":"sale","13":"taxable","14":"shipping-taxable","15":"purchasable","16":"product-type-simple","swatches":"rey-swatches","show_selected":"","stretch_labels":"rey-swatches--stretch-labels"},"acf":[],"yoast_head":"<!-- This site is optimized with the Yoast SEO plugin v25.4 - https:\/\/yoast.com\/wordpress\/plugins\/seo\/ -->\n<title>STAUB Schmorpfanne Chistera 24 cm Grenadine-Rot - dev6 Erresse<\/title>\n<meta name=\"description\" content=\"Im runden Multifunktionsbr\u00e4ter von Staub werden Schmorgerichte besonders saftig. In ihm geht keine Feuchtigkeit verloren, denn der Deckel ist auf seiner\" \/>\n<meta name=\"robots\" content=\"noindex, follow, max-snippet:-1, max-image-preview:large, max-video-preview:-1\" \/>\n<meta property=\"og:locale\" content=\"de_DE\" \/>\n<meta property=\"og:type\" content=\"article\" \/>\n<meta property=\"og:title\" content=\"STAUB Schmorpfanne Chistera 24 cm Grenadine-Rot - dev6 Erresse\" \/>\n<meta property=\"og:description\" content=\"Im runden Multifunktionsbr\u00e4ter von Staub werden Schmorgerichte besonders saftig. In ihm geht keine Feuchtigkeit verloren, denn der Deckel ist auf seiner\" \/>\n<meta property=\"og:url\" content=\"https:\/\/dev6.erresse-shop.it\/de\/shop\/toepfe-pfannen\/schmorpfannen\/staub-schmorpfanne-chistera-24-cm-grenadine-rot\/\" \/>\n<meta property=\"og:site_name\" content=\"dev6 Erresse\" \/>\n<meta property=\"og:image\" content=\"https:\/\/interpim.erresse-shop.it\/img-catalogo\/staub\/tegame-granata-40511-513.jpg\" \/><meta property=\"og:image\" content=\"https:\/\/interpim.erresse-shop.it\/img-catalogo\/staub\/tegame-granata-40511-513.jpg\" \/>\n\t<meta property=\"og:image:width\" content=\"1024\" \/>\n\t<meta property=\"og:image:height\" content=\"1024\" \/>\n\t<meta property=\"og:image:type\" content=\"image\/jpeg\" \/>\n<meta name=\"twitter:card\" content=\"summary_large_image\" \/>\n<meta name=\"twitter:image\" content=\"https:\/\/interpim.erresse-shop.it\/img-catalogo\/staub\/tegame-granata-40511-513.jpg\" \/>\n<script type=\"application\/ld+json\" class=\"yoast-schema-graph\">{\"@context\":\"https:\/\/schema.org\",\"@graph\":[{\"@type\":\"WebPage\",\"@id\":\"https:\/\/dev6.erresse-shop.it\/de\/shop\/toepfe-pfannen\/schmorpfannen\/staub-schmorpfanne-chistera-24-cm-grenadine-rot\/\",\"url\":\"https:\/\/dev6.erresse-shop.it\/de\/shop\/toepfe-pfannen\/schmorpfannen\/staub-schmorpfanne-chistera-24-cm-grenadine-rot\/\",\"name\":\"STAUB Schmorpfanne Chistera 24 cm Grenadine-Rot - dev6 Erresse\",\"isPartOf\":{\"@id\":\"https:\/\/dev6.erresse-shop.it\/#website\"},\"primaryImageOfPage\":{\"@id\":\"https:\/\/dev6.erresse-shop.it\/de\/shop\/toepfe-pfannen\/schmorpfannen\/staub-schmorpfanne-chistera-24-cm-grenadine-rot\/#primaryimage\"},\"image\":{\"@id\":\"https:\/\/dev6.erresse-shop.it\/de\/shop\/toepfe-pfannen\/schmorpfannen\/staub-schmorpfanne-chistera-24-cm-grenadine-rot\/#primaryimage\"},\"thumbnailUrl\":\"https:\/\/i1.wp.com\/interpim.erresse-shop.it\/img-catalogo\/staub\/tegame-granata-40511-513.jpg?ssl=1\",\"datePublished\":\"2026-04-04T06:20:22+00:00\",\"description\":\"Im runden Multifunktionsbr\u00e4ter von Staub werden Schmorgerichte besonders saftig. In ihm geht keine Feuchtigkeit verloren, denn der Deckel ist auf seiner\",\"breadcrumb\":{\"@id\":\"https:\/\/dev6.erresse-shop.it\/de\/shop\/toepfe-pfannen\/schmorpfannen\/staub-schmorpfanne-chistera-24-cm-grenadine-rot\/#breadcrumb\"},\"inLanguage\":\"de\",\"potentialAction\":[{\"@type\":\"ReadAction\",\"target\":[\"https:\/\/dev6.erresse-shop.it\/de\/shop\/toepfe-pfannen\/schmorpfannen\/staub-schmorpfanne-chistera-24-cm-grenadine-rot\/\"]}]},{\"@type\":\"ImageObject\",\"inLanguage\":\"de\",\"@id\":\"https:\/\/dev6.erresse-shop.it\/de\/shop\/toepfe-pfannen\/schmorpfannen\/staub-schmorpfanne-chistera-24-cm-grenadine-rot\/#primaryimage\",\"url\":\"https:\/\/i1.wp.com\/interpim.erresse-shop.it\/img-catalogo\/staub\/tegame-granata-40511-513.jpg?ssl=1\",\"contentUrl\":\"https:\/\/i1.wp.com\/interpim.erresse-shop.it\/img-catalogo\/staub\/tegame-granata-40511-513.jpg?ssl=1\"},{\"@type\":\"BreadcrumbList\",\"@id\":\"https:\/\/dev6.erresse-shop.it\/de\/shop\/toepfe-pfannen\/schmorpfannen\/staub-schmorpfanne-chistera-24-cm-grenadine-rot\/#breadcrumb\",\"itemListElement\":[{\"@type\":\"ListItem\",\"position\":1,\"name\":\"Home\",\"item\":\"https:\/\/dev6.erresse-shop.it\/\"},{\"@type\":\"ListItem\",\"position\":2,\"name\":\"Shop\",\"item\":\"https:\/\/dev6.erresse-shop.it\/shop\/\"},{\"@type\":\"ListItem\",\"position\":3,\"name\":\"STAUB Schmorpfanne Chistera 24 cm Grenadine-Rot\"}]},{\"@type\":\"WebSite\",\"@id\":\"https:\/\/dev6.erresse-shop.it\/#website\",\"url\":\"https:\/\/dev6.erresse-shop.it\/\",\"name\":\"Erresse Shop\",\"description\":\"\",\"publisher\":{\"@id\":\"https:\/\/dev6.erresse-shop.it\/#organization\"},\"potentialAction\":[{\"@type\":\"SearchAction\",\"target\":{\"@type\":\"EntryPoint\",\"urlTemplate\":\"https:\/\/dev6.erresse-shop.it\/?s={search_term_string}\"},\"query-input\":{\"@type\":\"PropertyValueSpecification\",\"valueRequired\":true,\"valueName\":\"search_term_string\"}}],\"inLanguage\":\"de\"},{\"@type\":\"Organization\",\"@id\":\"https:\/\/dev6.erresse-shop.it\/#organization\",\"name\":\"Erresse Shop\",\"url\":\"https:\/\/dev6.erresse-shop.it\/\",\"logo\":{\"@type\":\"ImageObject\",\"inLanguage\":\"de\",\"@id\":\"https:\/\/dev6.erresse-shop.it\/#\/schema\/logo\/image\/\",\"url\":\"https:\/\/dev6.erresse-shop.it\/wp-content\/uploads\/2025\/01\/LOGO-ERRESSE-CLASSICO.svg\",\"contentUrl\":\"https:\/\/dev6.erresse-shop.it\/wp-content\/uploads\/2025\/01\/LOGO-ERRESSE-CLASSICO.svg\",\"caption\":\"Erresse Shop\"},\"image\":{\"@id\":\"https:\/\/dev6.erresse-shop.it\/#\/schema\/logo\/image\/\"}}]}<\/script>\n<!-- \/ Yoast SEO plugin. -->","yoast_head_json":{"title":"STAUB Schmorpfanne Chistera 24 cm Grenadine-Rot - dev6 Erresse","description":"Im runden Multifunktionsbr\u00e4ter von Staub werden Schmorgerichte besonders saftig. In ihm geht keine Feuchtigkeit verloren, denn der Deckel ist auf seiner","robots":{"index":"noindex","follow":"follow","max-snippet":"max-snippet:-1","max-image-preview":"max-image-preview:large","max-video-preview":"max-video-preview:-1"},"og_locale":"de_DE","og_type":"article","og_title":"STAUB Schmorpfanne Chistera 24 cm Grenadine-Rot - dev6 Erresse","og_description":"Im runden Multifunktionsbr\u00e4ter von Staub werden Schmorgerichte besonders saftig. In ihm geht keine Feuchtigkeit verloren, denn der Deckel ist auf seiner","og_url":"https:\/\/dev6.erresse-shop.it\/de\/shop\/toepfe-pfannen\/schmorpfannen\/staub-schmorpfanne-chistera-24-cm-grenadine-rot\/","og_site_name":"dev6 Erresse","og_image":[{"url":"https:\/\/interpim.erresse-shop.it\/img-catalogo\/staub\/tegame-granata-40511-513.jpg","type":"","width":"","height":""},{"url":"https:\/\/interpim.erresse-shop.it\/img-catalogo\/staub\/tegame-granata-40511-513.jpg","width":1024,"height":1024,"type":"image\/jpeg"}],"twitter_card":"summary_large_image","twitter_image":"https:\/\/interpim.erresse-shop.it\/img-catalogo\/staub\/tegame-granata-40511-513.jpg","schema":{"@context":"https:\/\/schema.org","@graph":[{"@type":"WebPage","@id":"https:\/\/dev6.erresse-shop.it\/de\/shop\/toepfe-pfannen\/schmorpfannen\/staub-schmorpfanne-chistera-24-cm-grenadine-rot\/","url":"https:\/\/dev6.erresse-shop.it\/de\/shop\/toepfe-pfannen\/schmorpfannen\/staub-schmorpfanne-chistera-24-cm-grenadine-rot\/","name":"STAUB Schmorpfanne Chistera 24 cm Grenadine-Rot - dev6 Erresse","isPartOf":{"@id":"https:\/\/dev6.erresse-shop.it\/#website"},"primaryImageOfPage":{"@id":"https:\/\/dev6.erresse-shop.it\/de\/shop\/toepfe-pfannen\/schmorpfannen\/staub-schmorpfanne-chistera-24-cm-grenadine-rot\/#primaryimage"},"image":{"@id":"https:\/\/dev6.erresse-shop.it\/de\/shop\/toepfe-pfannen\/schmorpfannen\/staub-schmorpfanne-chistera-24-cm-grenadine-rot\/#primaryimage"},"thumbnailUrl":"https:\/\/i1.wp.com\/interpim.erresse-shop.it\/img-catalogo\/staub\/tegame-granata-40511-513.jpg?ssl=1","datePublished":"2026-04-04T06:20:22+00:00","description":"Im runden Multifunktionsbr\u00e4ter von Staub werden Schmorgerichte besonders saftig. In ihm geht keine Feuchtigkeit verloren, denn der Deckel ist auf seiner","breadcrumb":{"@id":"https:\/\/dev6.erresse-shop.it\/de\/shop\/toepfe-pfannen\/schmorpfannen\/staub-schmorpfanne-chistera-24-cm-grenadine-rot\/#breadcrumb"},"inLanguage":"de","potentialAction":[{"@type":"ReadAction","target":["https:\/\/dev6.erresse-shop.it\/de\/shop\/toepfe-pfannen\/schmorpfannen\/staub-schmorpfanne-chistera-24-cm-grenadine-rot\/"]}]},{"@type":"ImageObject","inLanguage":"de","@id":"https:\/\/dev6.erresse-shop.it\/de\/shop\/toepfe-pfannen\/schmorpfannen\/staub-schmorpfanne-chistera-24-cm-grenadine-rot\/#primaryimage","url":"https:\/\/i1.wp.com\/interpim.erresse-shop.it\/img-catalogo\/staub\/tegame-granata-40511-513.jpg?ssl=1","contentUrl":"https:\/\/i1.wp.com\/interpim.erresse-shop.it\/img-catalogo\/staub\/tegame-granata-40511-513.jpg?ssl=1"},{"@type":"BreadcrumbList","@id":"https:\/\/dev6.erresse-shop.it\/de\/shop\/toepfe-pfannen\/schmorpfannen\/staub-schmorpfanne-chistera-24-cm-grenadine-rot\/#breadcrumb","itemListElement":[{"@type":"ListItem","position":1,"name":"Home","item":"https:\/\/dev6.erresse-shop.it\/"},{"@type":"ListItem","position":2,"name":"Shop","item":"https:\/\/dev6.erresse-shop.it\/shop\/"},{"@type":"ListItem","position":3,"name":"STAUB Schmorpfanne Chistera 24 cm Grenadine-Rot"}]},{"@type":"WebSite","@id":"https:\/\/dev6.erresse-shop.it\/#website","url":"https:\/\/dev6.erresse-shop.it\/","name":"Erresse Shop","description":"","publisher":{"@id":"https:\/\/dev6.erresse-shop.it\/#organization"},"potentialAction":[{"@type":"SearchAction","target":{"@type":"EntryPoint","urlTemplate":"https:\/\/dev6.erresse-shop.it\/?s={search_term_string}"},"query-input":{"@type":"PropertyValueSpecification","valueRequired":true,"valueName":"search_term_string"}}],"inLanguage":"de"},{"@type":"Organization","@id":"https:\/\/dev6.erresse-shop.it\/#organization","name":"Erresse Shop","url":"https:\/\/dev6.erresse-shop.it\/","logo":{"@type":"ImageObject","inLanguage":"de","@id":"https:\/\/dev6.erresse-shop.it\/#\/schema\/logo\/image\/","url":"https:\/\/dev6.erresse-shop.it\/wp-content\/uploads\/2025\/01\/LOGO-ERRESSE-CLASSICO.svg","contentUrl":"https:\/\/dev6.erresse-shop.it\/wp-content\/uploads\/2025\/01\/LOGO-ERRESSE-CLASSICO.svg","caption":"Erresse Shop"},"image":{"@id":"https:\/\/dev6.erresse-shop.it\/#\/schema\/logo\/image\/"}}]}},"df_price":159,"df_sale_price":159,"df_regular_price":239,"df_image_link":"https:\/\/i1.wp.com\/interpim.erresse-shop.it\/img-catalogo\/staub\/tegame-granata-40511-513.jpg?resize=300,300&ssl=1","fifu_image_url":"https:\/\/interpim.erresse-shop.it\/img-catalogo\/staub\/tegame-granata-40511-513.jpg","_links":{"self":[{"href":"https:\/\/dev6.erresse-shop.it\/de\/wp-json\/wp\/v2\/product\/49213","targetHints":{"allow":["GET"]}}],"collection":[{"href":"https:\/\/dev6.erresse-shop.it\/de\/wp-json\/wp\/v2\/product"}],"about":[{"href":"https:\/\/dev6.erresse-shop.it\/de\/wp-json\/wp\/v2\/types\/product"}],"wp:featuredmedia":[{"embeddable":true,"href":"https:\/\/dev6.erresse-shop.it\/de\/wp-json\/wp\/v2\/media\/6263898"}],"wp:attachment":[{"href":"https:\/\/dev6.erresse-shop.it\/de\/wp-json\/wp\/v2\/media?parent=49213"}],"wp:term":[{"taxonomy":"product_cat","embeddable":true,"href":"https:\/\/dev6.erresse-shop.it\/de\/wp-json\/wp\/v2\/product_cat?post=49213"},{"taxonomy":"product_tag","embeddable":true,"href":"https:\/\/dev6.erresse-shop.it\/de\/wp-json\/wp\/v2\/product_tag?post=49213"}],"curies":[{"name":"wp","href":"https:\/\/api.w.org\/{rel}","templated":true}]}}