{"id":49195,"date":"2026-04-16T18:55:20","date_gmt":"2026-04-16T16:55:20","guid":{"rendered":"https:\/\/dev6.erresse-shop.it\/shop\/unkategorisiert\/zwilling-universalmesser-twin-pollux-13cm\/"},"modified":"2026-01-16T22:10:20","modified_gmt":"2026-01-16T21:10:20","slug":"zwilling-universalmesser-twin-pollux-13cm","status":"publish","type":"product","link":"https:\/\/dev6.erresse-shop.it\/de\/shop\/kuche\/messer\/kuechenmesser\/zwilling-universalmesser-twin-pollux-13cm\/","title":{"rendered":"ZWILLING Universalmesser TWIN\u00ae Pollux 13cm"},"content":{"rendered":"<p>TWIN\u00ae Pollux<\/p>\n<p>BESCHREIBUNG<br \/>\nDas Fleischmesser mit ergonomisch geschwungenem Griff ist ein vielseitiges K\u00fcchenutensil. Mit seiner scharfen, langen Klinge eignet es sich zum Zubereiten und Schneiden von rohem Fleisch sowie zum Tranchieren von gebratenem Fleisch oder Gefl\u00fcgel. Mit der durchdachten Form und dem Drei-Nieten-Design im Griff l\u00e4sst es sich gut handhaben und sieht zudem attraktiv aus. Durch die veredelte Sonderschmelze von ZWILLING ist der Edelstahl der Messerklinge besonders korrosionsfest. Die 20 cm lange FRIODUR\u00ae-Klinge wurde durch Eish\u00e4rtung zus\u00e4tzlich stabilisiert und sorgt f\u00fcr entsprechend pr\u00e4zise Schnitte. Die Schneideigenschaften sowie die Best\u00e4ndigkeit des rostfreien Spezialstahls werden durch den Komfortgriff noch optimiert, der von einem kleinen ZWILLING-Logo in Rot geziert wird. Mit dem hochwertigen und flexibel einsetzbaren Fleischmesser der Reihe TWIN\u00ae Pollux k\u00f6nnen Sie auch festes Fleisch mit Kruste in gleichm\u00e4\u00dfige Scheiben schneiden oder Gefl\u00fcgel tranchieren.<br \/>\nFRIODUR\u00ae eisgeh\u00e4rtete Klinge f\u00fcr besonders lange Haltbarkeit der Schneide und Korrosionsbest\u00e4ndigkeit.<br \/>\nRostfreier Spezialstahl, ZWILLING Sonderschmelze: Diese Messer sind stabil, korrosionsbest\u00e4ndig und zugleich flexibel.<br \/>\nKlassisches Drei-Nieten-Design<br \/>\nKomfortabler Griff mit eingelegtem ZWILLING-Logo f\u00fcr beste Handhabung.<br \/>\nGeringes Gewicht f\u00fcr erm\u00fcdungsfreies Arbeiten.<\/p>\n","protected":false},"excerpt":{"rendered":"<p>TWIN\u00ae Pollux BESCHREIBUNG Das Fleischmesser mit ergonomisch geschwungenem Griff ist ein vielseitiges K\u00fcchenutensil. Mit seiner scharfen, langen Klinge eignet es sich zum Zubereiten und Schneiden von rohem Fleisch sowie zum Tranchieren von gebratenem Fleisch oder Gefl\u00fcgel. Mit der durchdachten Form und dem Drei-Nieten-Design im Griff l\u00e4sst es sich gut handhaben und sieht zudem attraktiv aus. [&hellip;]<\/p>\n","protected":false},"featured_media":6486189,"template":"","meta":{"_acf_changed":false},"product_cat":[12100,12105],"product_tag":[],"class_list":{"0":"post-49195","1":"product","2":"type-product","3":"status-publish","4":"has-post-thumbnail","6":"product_cat-kuche","7":"product_cat-kuechenmesser","9":"first","10":"outofstock","11":"sale","12":"taxable","13":"shipping-taxable","14":"purchasable","15":"product-type-simple","swatches":"rey-swatches","show_selected":"","stretch_labels":"rey-swatches--stretch-labels"},"acf":[],"yoast_head":"<!-- This site is optimized with the Yoast SEO plugin v25.4 - https:\/\/yoast.com\/wordpress\/plugins\/seo\/ -->\n<title>ZWILLING Universalmesser TWIN\u00ae Pollux 13cm - dev6 Erresse<\/title>\n<meta name=\"description\" content=\"TWIN\u00ae Pollux BESCHREIBUNG Das Fleischmesser mit ergonomisch geschwungenem Griff ist ein vielseitiges K\u00fcchenutensil. Mit seiner scharfen, langen Klinge\" \/>\n<meta name=\"robots\" content=\"noindex, follow, max-snippet:-1, max-image-preview:large, max-video-preview:-1\" \/>\n<meta property=\"og:locale\" content=\"de_DE\" \/>\n<meta property=\"og:type\" content=\"article\" \/>\n<meta property=\"og:title\" content=\"ZWILLING Universalmesser TWIN\u00ae Pollux 13cm - dev6 Erresse\" \/>\n<meta property=\"og:description\" content=\"TWIN\u00ae Pollux BESCHREIBUNG Das Fleischmesser mit ergonomisch geschwungenem Griff ist ein vielseitiges K\u00fcchenutensil. Mit seiner scharfen, langen Klinge\" \/>\n<meta property=\"og:url\" content=\"https:\/\/dev6.erresse-shop.it\/de\/shop\/kuche\/messer\/kuechenmesser\/zwilling-universalmesser-twin-pollux-13cm\/\" \/>\n<meta property=\"og:site_name\" content=\"dev6 Erresse\" \/>\n<meta property=\"og:image\" content=\"https:\/\/interpim.erresse-shop.it\/Import\/Prodotti\/30720-132-0_1-e1597760725880.jpg\" \/><meta property=\"og:image\" content=\"https:\/\/interpim.erresse-shop.it\/Import\/Prodotti\/30720-132-0_1-e1597760725880.jpg\" \/>\n\t<meta property=\"og:image:width\" content=\"1024\" \/>\n\t<meta property=\"og:image:height\" content=\"1024\" \/>\n\t<meta property=\"og:image:type\" content=\"image\/jpeg\" \/>\n<meta name=\"twitter:card\" content=\"summary_large_image\" \/>\n<meta name=\"twitter:image\" content=\"https:\/\/interpim.erresse-shop.it\/Import\/Prodotti\/30720-132-0_1-e1597760725880.jpg\" \/>\n<script type=\"application\/ld+json\" class=\"yoast-schema-graph\">{\"@context\":\"https:\/\/schema.org\",\"@graph\":[{\"@type\":\"WebPage\",\"@id\":\"https:\/\/dev6.erresse-shop.it\/de\/shop\/kuche\/messer\/kuechenmesser\/zwilling-universalmesser-twin-pollux-13cm\/\",\"url\":\"https:\/\/dev6.erresse-shop.it\/de\/shop\/kuche\/messer\/kuechenmesser\/zwilling-universalmesser-twin-pollux-13cm\/\",\"name\":\"ZWILLING Universalmesser TWIN\u00ae Pollux 13cm - dev6 Erresse\",\"isPartOf\":{\"@id\":\"https:\/\/dev6.erresse-shop.it\/#website\"},\"primaryImageOfPage\":{\"@id\":\"https:\/\/dev6.erresse-shop.it\/de\/shop\/kuche\/messer\/kuechenmesser\/zwilling-universalmesser-twin-pollux-13cm\/#primaryimage\"},\"image\":{\"@id\":\"https:\/\/dev6.erresse-shop.it\/de\/shop\/kuche\/messer\/kuechenmesser\/zwilling-universalmesser-twin-pollux-13cm\/#primaryimage\"},\"thumbnailUrl\":\"https:\/\/i1.wp.com\/interpim.erresse-shop.it\/Import\/Prodotti\/30720-132-0_1-e1597760725880.jpg?ssl=1\",\"datePublished\":\"2026-04-16T16:55:20+00:00\",\"description\":\"TWIN\u00ae Pollux BESCHREIBUNG Das Fleischmesser mit ergonomisch geschwungenem Griff ist ein vielseitiges K\u00fcchenutensil. Mit seiner scharfen, langen Klinge\",\"breadcrumb\":{\"@id\":\"https:\/\/dev6.erresse-shop.it\/de\/shop\/kuche\/messer\/kuechenmesser\/zwilling-universalmesser-twin-pollux-13cm\/#breadcrumb\"},\"inLanguage\":\"de\",\"potentialAction\":[{\"@type\":\"ReadAction\",\"target\":[\"https:\/\/dev6.erresse-shop.it\/de\/shop\/kuche\/messer\/kuechenmesser\/zwilling-universalmesser-twin-pollux-13cm\/\"]}]},{\"@type\":\"ImageObject\",\"inLanguage\":\"de\",\"@id\":\"https:\/\/dev6.erresse-shop.it\/de\/shop\/kuche\/messer\/kuechenmesser\/zwilling-universalmesser-twin-pollux-13cm\/#primaryimage\",\"url\":\"https:\/\/i1.wp.com\/interpim.erresse-shop.it\/Import\/Prodotti\/30720-132-0_1-e1597760725880.jpg?ssl=1\",\"contentUrl\":\"https:\/\/i1.wp.com\/interpim.erresse-shop.it\/Import\/Prodotti\/30720-132-0_1-e1597760725880.jpg?ssl=1\"},{\"@type\":\"BreadcrumbList\",\"@id\":\"https:\/\/dev6.erresse-shop.it\/de\/shop\/kuche\/messer\/kuechenmesser\/zwilling-universalmesser-twin-pollux-13cm\/#breadcrumb\",\"itemListElement\":[{\"@type\":\"ListItem\",\"position\":1,\"name\":\"Home\",\"item\":\"https:\/\/dev6.erresse-shop.it\/\"},{\"@type\":\"ListItem\",\"position\":2,\"name\":\"Shop\",\"item\":\"https:\/\/dev6.erresse-shop.it\/shop\/\"},{\"@type\":\"ListItem\",\"position\":3,\"name\":\"ZWILLING Universalmesser TWIN\u00ae Pollux 13cm\"}]},{\"@type\":\"WebSite\",\"@id\":\"https:\/\/dev6.erresse-shop.it\/#website\",\"url\":\"https:\/\/dev6.erresse-shop.it\/\",\"name\":\"Erresse Shop\",\"description\":\"\",\"publisher\":{\"@id\":\"https:\/\/dev6.erresse-shop.it\/#organization\"},\"potentialAction\":[{\"@type\":\"SearchAction\",\"target\":{\"@type\":\"EntryPoint\",\"urlTemplate\":\"https:\/\/dev6.erresse-shop.it\/?s={search_term_string}\"},\"query-input\":{\"@type\":\"PropertyValueSpecification\",\"valueRequired\":true,\"valueName\":\"search_term_string\"}}],\"inLanguage\":\"de\"},{\"@type\":\"Organization\",\"@id\":\"https:\/\/dev6.erresse-shop.it\/#organization\",\"name\":\"Erresse Shop\",\"url\":\"https:\/\/dev6.erresse-shop.it\/\",\"logo\":{\"@type\":\"ImageObject\",\"inLanguage\":\"de\",\"@id\":\"https:\/\/dev6.erresse-shop.it\/#\/schema\/logo\/image\/\",\"url\":\"https:\/\/dev6.erresse-shop.it\/wp-content\/uploads\/2025\/01\/LOGO-ERRESSE-CLASSICO.svg\",\"contentUrl\":\"https:\/\/dev6.erresse-shop.it\/wp-content\/uploads\/2025\/01\/LOGO-ERRESSE-CLASSICO.svg\",\"caption\":\"Erresse Shop\"},\"image\":{\"@id\":\"https:\/\/dev6.erresse-shop.it\/#\/schema\/logo\/image\/\"}}]}<\/script>\n<!-- \/ Yoast SEO plugin. -->","yoast_head_json":{"title":"ZWILLING Universalmesser TWIN\u00ae Pollux 13cm - dev6 Erresse","description":"TWIN\u00ae Pollux BESCHREIBUNG Das Fleischmesser mit ergonomisch geschwungenem Griff ist ein vielseitiges K\u00fcchenutensil. Mit seiner scharfen, langen Klinge","robots":{"index":"noindex","follow":"follow","max-snippet":"max-snippet:-1","max-image-preview":"max-image-preview:large","max-video-preview":"max-video-preview:-1"},"og_locale":"de_DE","og_type":"article","og_title":"ZWILLING Universalmesser TWIN\u00ae Pollux 13cm - dev6 Erresse","og_description":"TWIN\u00ae Pollux BESCHREIBUNG Das Fleischmesser mit ergonomisch geschwungenem Griff ist ein vielseitiges K\u00fcchenutensil. Mit seiner scharfen, langen Klinge","og_url":"https:\/\/dev6.erresse-shop.it\/de\/shop\/kuche\/messer\/kuechenmesser\/zwilling-universalmesser-twin-pollux-13cm\/","og_site_name":"dev6 Erresse","og_image":[{"url":"https:\/\/interpim.erresse-shop.it\/Import\/Prodotti\/30720-132-0_1-e1597760725880.jpg","type":"","width":"","height":""},{"url":"https:\/\/interpim.erresse-shop.it\/Import\/Prodotti\/30720-132-0_1-e1597760725880.jpg","width":1024,"height":1024,"type":"image\/jpeg"}],"twitter_card":"summary_large_image","twitter_image":"https:\/\/interpim.erresse-shop.it\/Import\/Prodotti\/30720-132-0_1-e1597760725880.jpg","schema":{"@context":"https:\/\/schema.org","@graph":[{"@type":"WebPage","@id":"https:\/\/dev6.erresse-shop.it\/de\/shop\/kuche\/messer\/kuechenmesser\/zwilling-universalmesser-twin-pollux-13cm\/","url":"https:\/\/dev6.erresse-shop.it\/de\/shop\/kuche\/messer\/kuechenmesser\/zwilling-universalmesser-twin-pollux-13cm\/","name":"ZWILLING Universalmesser TWIN\u00ae Pollux 13cm - dev6 Erresse","isPartOf":{"@id":"https:\/\/dev6.erresse-shop.it\/#website"},"primaryImageOfPage":{"@id":"https:\/\/dev6.erresse-shop.it\/de\/shop\/kuche\/messer\/kuechenmesser\/zwilling-universalmesser-twin-pollux-13cm\/#primaryimage"},"image":{"@id":"https:\/\/dev6.erresse-shop.it\/de\/shop\/kuche\/messer\/kuechenmesser\/zwilling-universalmesser-twin-pollux-13cm\/#primaryimage"},"thumbnailUrl":"https:\/\/i1.wp.com\/interpim.erresse-shop.it\/Import\/Prodotti\/30720-132-0_1-e1597760725880.jpg?ssl=1","datePublished":"2026-04-16T16:55:20+00:00","description":"TWIN\u00ae Pollux BESCHREIBUNG Das Fleischmesser mit ergonomisch geschwungenem Griff ist ein vielseitiges K\u00fcchenutensil. Mit seiner scharfen, langen Klinge","breadcrumb":{"@id":"https:\/\/dev6.erresse-shop.it\/de\/shop\/kuche\/messer\/kuechenmesser\/zwilling-universalmesser-twin-pollux-13cm\/#breadcrumb"},"inLanguage":"de","potentialAction":[{"@type":"ReadAction","target":["https:\/\/dev6.erresse-shop.it\/de\/shop\/kuche\/messer\/kuechenmesser\/zwilling-universalmesser-twin-pollux-13cm\/"]}]},{"@type":"ImageObject","inLanguage":"de","@id":"https:\/\/dev6.erresse-shop.it\/de\/shop\/kuche\/messer\/kuechenmesser\/zwilling-universalmesser-twin-pollux-13cm\/#primaryimage","url":"https:\/\/i1.wp.com\/interpim.erresse-shop.it\/Import\/Prodotti\/30720-132-0_1-e1597760725880.jpg?ssl=1","contentUrl":"https:\/\/i1.wp.com\/interpim.erresse-shop.it\/Import\/Prodotti\/30720-132-0_1-e1597760725880.jpg?ssl=1"},{"@type":"BreadcrumbList","@id":"https:\/\/dev6.erresse-shop.it\/de\/shop\/kuche\/messer\/kuechenmesser\/zwilling-universalmesser-twin-pollux-13cm\/#breadcrumb","itemListElement":[{"@type":"ListItem","position":1,"name":"Home","item":"https:\/\/dev6.erresse-shop.it\/"},{"@type":"ListItem","position":2,"name":"Shop","item":"https:\/\/dev6.erresse-shop.it\/shop\/"},{"@type":"ListItem","position":3,"name":"ZWILLING Universalmesser TWIN\u00ae Pollux 13cm"}]},{"@type":"WebSite","@id":"https:\/\/dev6.erresse-shop.it\/#website","url":"https:\/\/dev6.erresse-shop.it\/","name":"Erresse Shop","description":"","publisher":{"@id":"https:\/\/dev6.erresse-shop.it\/#organization"},"potentialAction":[{"@type":"SearchAction","target":{"@type":"EntryPoint","urlTemplate":"https:\/\/dev6.erresse-shop.it\/?s={search_term_string}"},"query-input":{"@type":"PropertyValueSpecification","valueRequired":true,"valueName":"search_term_string"}}],"inLanguage":"de"},{"@type":"Organization","@id":"https:\/\/dev6.erresse-shop.it\/#organization","name":"Erresse Shop","url":"https:\/\/dev6.erresse-shop.it\/","logo":{"@type":"ImageObject","inLanguage":"de","@id":"https:\/\/dev6.erresse-shop.it\/#\/schema\/logo\/image\/","url":"https:\/\/dev6.erresse-shop.it\/wp-content\/uploads\/2025\/01\/LOGO-ERRESSE-CLASSICO.svg","contentUrl":"https:\/\/dev6.erresse-shop.it\/wp-content\/uploads\/2025\/01\/LOGO-ERRESSE-CLASSICO.svg","caption":"Erresse Shop"},"image":{"@id":"https:\/\/dev6.erresse-shop.it\/#\/schema\/logo\/image\/"}}]}},"df_price":36.9,"df_sale_price":36.9,"df_regular_price":43.95,"df_image_link":"https:\/\/i1.wp.com\/interpim.erresse-shop.it\/Import\/Prodotti\/30720-132-0_1-e1597760725880.jpg?resize=300,300&ssl=1","fifu_image_url":"https:\/\/interpim.erresse-shop.it\/Import\/Prodotti\/30720-132-0_1-e1597760725880.jpg","_links":{"self":[{"href":"https:\/\/dev6.erresse-shop.it\/de\/wp-json\/wp\/v2\/product\/49195","targetHints":{"allow":["GET"]}}],"collection":[{"href":"https:\/\/dev6.erresse-shop.it\/de\/wp-json\/wp\/v2\/product"}],"about":[{"href":"https:\/\/dev6.erresse-shop.it\/de\/wp-json\/wp\/v2\/types\/product"}],"wp:featuredmedia":[{"embeddable":true,"href":"https:\/\/dev6.erresse-shop.it\/de\/wp-json\/wp\/v2\/media\/6486189"}],"wp:attachment":[{"href":"https:\/\/dev6.erresse-shop.it\/de\/wp-json\/wp\/v2\/media?parent=49195"}],"wp:term":[{"taxonomy":"product_cat","embeddable":true,"href":"https:\/\/dev6.erresse-shop.it\/de\/wp-json\/wp\/v2\/product_cat?post=49195"},{"taxonomy":"product_tag","embeddable":true,"href":"https:\/\/dev6.erresse-shop.it\/de\/wp-json\/wp\/v2\/product_tag?post=49195"}],"curies":[{"name":"wp","href":"https:\/\/api.w.org\/{rel}","templated":true}]}}