{"id":49187,"date":"2026-04-10T08:59:45","date_gmt":"2026-04-10T06:59:45","guid":{"rendered":"https:\/\/dev6.erresse-shop.it\/shop\/unkategorisiert\/le-creuset-ovale-grillpfanne-aus-gusseisen-32-cm-schwarz-matt\/"},"modified":"2025-11-30T17:46:59","modified_gmt":"2025-11-30T16:46:59","slug":"le-creuset-ovale-grillpfanne-aus-gusseisen-32-cm-schwarz-matt","status":"publish","type":"product","link":"https:\/\/dev6.erresse-shop.it\/de\/shop\/toepfe-pfannen\/grillpfannen\/le-creuset-ovale-grillpfanne-aus-gusseisen-32-cm-schwarz-matt\/","title":{"rendered":"LE CREUSET Ovale Grillpfanne aus Gusseisen 32 cm Schwarz Matt"},"content":{"rendered":"<p>Kochen Sie f\u00fcr die ganze Familie? Diese extragro\u00dfe Grillpfanne mit Grillrillen hat eine besonders gro\u00dfe Grillfl\u00e4che und eignet sich daher perfekt f\u00fcr die Bewirtung von G\u00e4sten. Sie k\u00f6nnen Fleisch, Fisch und Gem\u00fcse in gro\u00dfen Mengen anbraten oder in den Backofen schieben und garen lassen. Dieser Gusseisen-Klassiker ist Ihr Schl\u00fcssel zu intensivem, k\u00f6stlichem Geschmack.<\/p>\n<p>Eigenschaften<br \/>\nUnser hitzebest\u00e4ndiger Deckelknopf (bis 250 \u00b0C) ist auf eine bessere Griffigkeit ausgelegt, auch wenn der Deckel mit Ofenhandschuhen angehoben wird.<br \/>\nSchnelle Reinigung: Die emaillierte Innenseite erleichtert die Reinigung.<br \/>\nEin echtes Allroundtalent: geeignet f\u00fcr Backofen, Herd, Induktion oder Backofen mit Grillfunktion.<br \/>\nDas Gusseisen speichert sehr gut die W\u00e4rme f\u00fcr gleichm\u00e4\u00dfiges Kochen und Braten. Ihre k\u00f6stlichen Kreationen bleiben zudem l\u00e4nger warm auf dem Tisch.<br \/>\nEinfache Handhabung: Die eleganten und praktischen Griffe erm\u00f6glichen ein sicheres Anheben.<br \/>\nKreieren Sie authentische Grillrillen f\u00fcr optisch ansprechende Gerichte.<br \/>\nEine helfende Hand: Dank des Gegengriffs ist ein leichtes Anheben und Bewegen zwischen Herd, Backofen und Tisch m\u00f6glich.<br \/>\nPerfektes Ausgie\u00dfen: Ausgie\u00dfer an den Seiten machen das Ausgie\u00dfen einfach (und tropffrei).<br \/>\nNicht zu hei\u00df: Kochen Sie mit einer gleichm\u00e4\u00dfigen, niedrigen bis mittleren Hitze, um Ihr Gusseisen zu schonen und leckere Ergebnisse zu erzielen.<br \/>\nAltert anmutig: Die emaillierte Innenseite entwickelt mit der Zeit eine nat\u00fcrliche Patina, die sich \u00e4hnlich wie eine antihaftbeschichtete Oberfl\u00e4che verh\u00e4lt. Die Oberfl\u00e4che hat au\u00dferdem hervorragende Eigenschaften zum L\u00f6sen von Speisen. Reinigen Sie das Produkt nur mit Wasser, damit sich eine Patina aufbauen kann.<\/p>\n<p>Material: Emailliertes Gusseisen<br \/>\nHergestellt in Frankreich<br \/>\nGarantie: 30 Jahre<\/p>\n<p>Abmessungen<br \/>\nL\u00e4nge: 40.1 cm<br \/>\nBreite: 35.4 cm<br \/>\nH\u00f6he: 5.2 cm<br \/>\nTiefe: 3.6 cm<\/p>\n<p>See Movie 1See Movie 2<\/p>\n","protected":false},"excerpt":{"rendered":"<p>Kochen Sie f\u00fcr die ganze Familie? Diese extragro\u00dfe Grillpfanne mit Grillrillen hat eine besonders gro\u00dfe Grillfl\u00e4che und eignet sich daher perfekt f\u00fcr die Bewirtung von G\u00e4sten. Sie k\u00f6nnen Fleisch, Fisch und Gem\u00fcse in gro\u00dfen Mengen anbraten oder in den Backofen schieben und garen lassen. Dieser Gusseisen-Klassiker ist Ihr Schl\u00fcssel zu intensivem, k\u00f6stlichem Geschmack. Eigenschaften Unser [&hellip;]<\/p>\n","protected":false},"featured_media":6305471,"template":"","meta":{"_acf_changed":false},"product_cat":[12128,11667,12099],"product_tag":[],"class_list":{"0":"post-49187","1":"product","2":"type-product","3":"status-publish","4":"has-post-thumbnail","6":"product_cat-grillpfannen","7":"product_cat-padelle-pentole","8":"product_cat-toepfe-pfannen","10":"first","11":"instock","12":"sale","13":"taxable","14":"shipping-taxable","15":"purchasable","16":"product-type-simple","swatches":"rey-swatches","show_selected":"","stretch_labels":"rey-swatches--stretch-labels"},"acf":[],"yoast_head":"<!-- This site is optimized with the Yoast SEO plugin v25.4 - https:\/\/yoast.com\/wordpress\/plugins\/seo\/ -->\n<title>LE CREUSET Ovale Grillpfanne aus Gusseisen 32 cm Schwarz Matt - dev6 Erresse<\/title>\n<meta name=\"description\" content=\"Kochen Sie f\u00fcr die ganze Familie? Diese extragro\u00dfe Grillpfanne mit Grillrillen hat eine besonders gro\u00dfe Grillfl\u00e4che und eignet sich daher perfekt f\u00fcr die\" \/>\n<meta name=\"robots\" content=\"noindex, follow, max-snippet:-1, max-image-preview:large, max-video-preview:-1\" \/>\n<meta property=\"og:locale\" content=\"de_DE\" \/>\n<meta property=\"og:type\" content=\"article\" \/>\n<meta property=\"og:title\" content=\"LE CREUSET Ovale Grillpfanne aus Gusseisen 32 cm Schwarz Matt - dev6 Erresse\" \/>\n<meta property=\"og:description\" content=\"Kochen Sie f\u00fcr die ganze Familie? Diese extragro\u00dfe Grillpfanne mit Grillrillen hat eine besonders gro\u00dfe Grillfl\u00e4che und eignet sich daher perfekt f\u00fcr die\" \/>\n<meta property=\"og:url\" content=\"https:\/\/dev6.erresse-shop.it\/de\/shop\/toepfe-pfannen\/grillpfannen\/le-creuset-ovale-grillpfanne-aus-gusseisen-32-cm-schwarz-matt\/\" \/>\n<meta property=\"og:site_name\" content=\"dev6 Erresse\" \/>\n<meta property=\"og:image\" content=\"https:\/\/interpim.erresse-shop.it\/Import\/Prodotti\/le-creuset-bistecchiera-skillet-evolution-ovale-32-cm-nero.png\" \/><meta property=\"og:image\" content=\"https:\/\/interpim.erresse-shop.it\/Import\/Prodotti\/le-creuset-bistecchiera-skillet-evolution-ovale-32-cm-nero.png\" \/>\n\t<meta property=\"og:image:width\" content=\"1024\" \/>\n\t<meta property=\"og:image:height\" content=\"1024\" \/>\n\t<meta property=\"og:image:type\" content=\"image\/jpeg\" \/>\n<meta name=\"twitter:card\" content=\"summary_large_image\" \/>\n<meta name=\"twitter:image\" content=\"https:\/\/interpim.erresse-shop.it\/Import\/Prodotti\/le-creuset-bistecchiera-skillet-evolution-ovale-32-cm-nero.png\" \/>\n<script type=\"application\/ld+json\" class=\"yoast-schema-graph\">{\"@context\":\"https:\/\/schema.org\",\"@graph\":[{\"@type\":\"WebPage\",\"@id\":\"https:\/\/dev6.erresse-shop.it\/de\/shop\/toepfe-pfannen\/grillpfannen\/le-creuset-ovale-grillpfanne-aus-gusseisen-32-cm-schwarz-matt\/\",\"url\":\"https:\/\/dev6.erresse-shop.it\/de\/shop\/toepfe-pfannen\/grillpfannen\/le-creuset-ovale-grillpfanne-aus-gusseisen-32-cm-schwarz-matt\/\",\"name\":\"LE CREUSET Ovale Grillpfanne aus Gusseisen 32 cm Schwarz Matt - dev6 Erresse\",\"isPartOf\":{\"@id\":\"https:\/\/dev6.erresse-shop.it\/#website\"},\"primaryImageOfPage\":{\"@id\":\"https:\/\/dev6.erresse-shop.it\/de\/shop\/toepfe-pfannen\/grillpfannen\/le-creuset-ovale-grillpfanne-aus-gusseisen-32-cm-schwarz-matt\/#primaryimage\"},\"image\":{\"@id\":\"https:\/\/dev6.erresse-shop.it\/de\/shop\/toepfe-pfannen\/grillpfannen\/le-creuset-ovale-grillpfanne-aus-gusseisen-32-cm-schwarz-matt\/#primaryimage\"},\"thumbnailUrl\":\"https:\/\/i0.wp.com\/interpim.erresse-shop.it\/Import\/Prodotti\/le-creuset-bistecchiera-skillet-evolution-ovale-32-cm-nero.png?ssl=1\",\"datePublished\":\"2026-04-10T06:59:45+00:00\",\"description\":\"Kochen Sie f\u00fcr die ganze Familie? Diese extragro\u00dfe Grillpfanne mit Grillrillen hat eine besonders gro\u00dfe Grillfl\u00e4che und eignet sich daher perfekt f\u00fcr die\",\"breadcrumb\":{\"@id\":\"https:\/\/dev6.erresse-shop.it\/de\/shop\/toepfe-pfannen\/grillpfannen\/le-creuset-ovale-grillpfanne-aus-gusseisen-32-cm-schwarz-matt\/#breadcrumb\"},\"inLanguage\":\"de\",\"potentialAction\":[{\"@type\":\"ReadAction\",\"target\":[\"https:\/\/dev6.erresse-shop.it\/de\/shop\/toepfe-pfannen\/grillpfannen\/le-creuset-ovale-grillpfanne-aus-gusseisen-32-cm-schwarz-matt\/\"]}]},{\"@type\":\"ImageObject\",\"inLanguage\":\"de\",\"@id\":\"https:\/\/dev6.erresse-shop.it\/de\/shop\/toepfe-pfannen\/grillpfannen\/le-creuset-ovale-grillpfanne-aus-gusseisen-32-cm-schwarz-matt\/#primaryimage\",\"url\":\"https:\/\/i0.wp.com\/interpim.erresse-shop.it\/Import\/Prodotti\/le-creuset-bistecchiera-skillet-evolution-ovale-32-cm-nero.png?ssl=1\",\"contentUrl\":\"https:\/\/i0.wp.com\/interpim.erresse-shop.it\/Import\/Prodotti\/le-creuset-bistecchiera-skillet-evolution-ovale-32-cm-nero.png?ssl=1\"},{\"@type\":\"BreadcrumbList\",\"@id\":\"https:\/\/dev6.erresse-shop.it\/de\/shop\/toepfe-pfannen\/grillpfannen\/le-creuset-ovale-grillpfanne-aus-gusseisen-32-cm-schwarz-matt\/#breadcrumb\",\"itemListElement\":[{\"@type\":\"ListItem\",\"position\":1,\"name\":\"Home\",\"item\":\"https:\/\/dev6.erresse-shop.it\/\"},{\"@type\":\"ListItem\",\"position\":2,\"name\":\"Shop\",\"item\":\"https:\/\/dev6.erresse-shop.it\/shop\/\"},{\"@type\":\"ListItem\",\"position\":3,\"name\":\"LE CREUSET Ovale Grillpfanne aus Gusseisen 32 cm Schwarz Matt\"}]},{\"@type\":\"WebSite\",\"@id\":\"https:\/\/dev6.erresse-shop.it\/#website\",\"url\":\"https:\/\/dev6.erresse-shop.it\/\",\"name\":\"Erresse Shop\",\"description\":\"\",\"publisher\":{\"@id\":\"https:\/\/dev6.erresse-shop.it\/#organization\"},\"potentialAction\":[{\"@type\":\"SearchAction\",\"target\":{\"@type\":\"EntryPoint\",\"urlTemplate\":\"https:\/\/dev6.erresse-shop.it\/?s={search_term_string}\"},\"query-input\":{\"@type\":\"PropertyValueSpecification\",\"valueRequired\":true,\"valueName\":\"search_term_string\"}}],\"inLanguage\":\"de\"},{\"@type\":\"Organization\",\"@id\":\"https:\/\/dev6.erresse-shop.it\/#organization\",\"name\":\"Erresse Shop\",\"url\":\"https:\/\/dev6.erresse-shop.it\/\",\"logo\":{\"@type\":\"ImageObject\",\"inLanguage\":\"de\",\"@id\":\"https:\/\/dev6.erresse-shop.it\/#\/schema\/logo\/image\/\",\"url\":\"https:\/\/dev6.erresse-shop.it\/wp-content\/uploads\/2025\/01\/LOGO-ERRESSE-CLASSICO.svg\",\"contentUrl\":\"https:\/\/dev6.erresse-shop.it\/wp-content\/uploads\/2025\/01\/LOGO-ERRESSE-CLASSICO.svg\",\"caption\":\"Erresse Shop\"},\"image\":{\"@id\":\"https:\/\/dev6.erresse-shop.it\/#\/schema\/logo\/image\/\"}}]}<\/script>\n<!-- \/ Yoast SEO plugin. -->","yoast_head_json":{"title":"LE CREUSET Ovale Grillpfanne aus Gusseisen 32 cm Schwarz Matt - dev6 Erresse","description":"Kochen Sie f\u00fcr die ganze Familie? Diese extragro\u00dfe Grillpfanne mit Grillrillen hat eine besonders gro\u00dfe Grillfl\u00e4che und eignet sich daher perfekt f\u00fcr die","robots":{"index":"noindex","follow":"follow","max-snippet":"max-snippet:-1","max-image-preview":"max-image-preview:large","max-video-preview":"max-video-preview:-1"},"og_locale":"de_DE","og_type":"article","og_title":"LE CREUSET Ovale Grillpfanne aus Gusseisen 32 cm Schwarz Matt - dev6 Erresse","og_description":"Kochen Sie f\u00fcr die ganze Familie? Diese extragro\u00dfe Grillpfanne mit Grillrillen hat eine besonders gro\u00dfe Grillfl\u00e4che und eignet sich daher perfekt f\u00fcr die","og_url":"https:\/\/dev6.erresse-shop.it\/de\/shop\/toepfe-pfannen\/grillpfannen\/le-creuset-ovale-grillpfanne-aus-gusseisen-32-cm-schwarz-matt\/","og_site_name":"dev6 Erresse","og_image":[{"url":"https:\/\/interpim.erresse-shop.it\/Import\/Prodotti\/le-creuset-bistecchiera-skillet-evolution-ovale-32-cm-nero.png","type":"","width":"","height":""},{"url":"https:\/\/interpim.erresse-shop.it\/Import\/Prodotti\/le-creuset-bistecchiera-skillet-evolution-ovale-32-cm-nero.png","width":1024,"height":1024,"type":"image\/jpeg"}],"twitter_card":"summary_large_image","twitter_image":"https:\/\/interpim.erresse-shop.it\/Import\/Prodotti\/le-creuset-bistecchiera-skillet-evolution-ovale-32-cm-nero.png","schema":{"@context":"https:\/\/schema.org","@graph":[{"@type":"WebPage","@id":"https:\/\/dev6.erresse-shop.it\/de\/shop\/toepfe-pfannen\/grillpfannen\/le-creuset-ovale-grillpfanne-aus-gusseisen-32-cm-schwarz-matt\/","url":"https:\/\/dev6.erresse-shop.it\/de\/shop\/toepfe-pfannen\/grillpfannen\/le-creuset-ovale-grillpfanne-aus-gusseisen-32-cm-schwarz-matt\/","name":"LE CREUSET Ovale Grillpfanne aus Gusseisen 32 cm Schwarz Matt - dev6 Erresse","isPartOf":{"@id":"https:\/\/dev6.erresse-shop.it\/#website"},"primaryImageOfPage":{"@id":"https:\/\/dev6.erresse-shop.it\/de\/shop\/toepfe-pfannen\/grillpfannen\/le-creuset-ovale-grillpfanne-aus-gusseisen-32-cm-schwarz-matt\/#primaryimage"},"image":{"@id":"https:\/\/dev6.erresse-shop.it\/de\/shop\/toepfe-pfannen\/grillpfannen\/le-creuset-ovale-grillpfanne-aus-gusseisen-32-cm-schwarz-matt\/#primaryimage"},"thumbnailUrl":"https:\/\/i0.wp.com\/interpim.erresse-shop.it\/Import\/Prodotti\/le-creuset-bistecchiera-skillet-evolution-ovale-32-cm-nero.png?ssl=1","datePublished":"2026-04-10T06:59:45+00:00","description":"Kochen Sie f\u00fcr die ganze Familie? Diese extragro\u00dfe Grillpfanne mit Grillrillen hat eine besonders gro\u00dfe Grillfl\u00e4che und eignet sich daher perfekt f\u00fcr die","breadcrumb":{"@id":"https:\/\/dev6.erresse-shop.it\/de\/shop\/toepfe-pfannen\/grillpfannen\/le-creuset-ovale-grillpfanne-aus-gusseisen-32-cm-schwarz-matt\/#breadcrumb"},"inLanguage":"de","potentialAction":[{"@type":"ReadAction","target":["https:\/\/dev6.erresse-shop.it\/de\/shop\/toepfe-pfannen\/grillpfannen\/le-creuset-ovale-grillpfanne-aus-gusseisen-32-cm-schwarz-matt\/"]}]},{"@type":"ImageObject","inLanguage":"de","@id":"https:\/\/dev6.erresse-shop.it\/de\/shop\/toepfe-pfannen\/grillpfannen\/le-creuset-ovale-grillpfanne-aus-gusseisen-32-cm-schwarz-matt\/#primaryimage","url":"https:\/\/i0.wp.com\/interpim.erresse-shop.it\/Import\/Prodotti\/le-creuset-bistecchiera-skillet-evolution-ovale-32-cm-nero.png?ssl=1","contentUrl":"https:\/\/i0.wp.com\/interpim.erresse-shop.it\/Import\/Prodotti\/le-creuset-bistecchiera-skillet-evolution-ovale-32-cm-nero.png?ssl=1"},{"@type":"BreadcrumbList","@id":"https:\/\/dev6.erresse-shop.it\/de\/shop\/toepfe-pfannen\/grillpfannen\/le-creuset-ovale-grillpfanne-aus-gusseisen-32-cm-schwarz-matt\/#breadcrumb","itemListElement":[{"@type":"ListItem","position":1,"name":"Home","item":"https:\/\/dev6.erresse-shop.it\/"},{"@type":"ListItem","position":2,"name":"Shop","item":"https:\/\/dev6.erresse-shop.it\/shop\/"},{"@type":"ListItem","position":3,"name":"LE CREUSET Ovale Grillpfanne aus Gusseisen 32 cm Schwarz Matt"}]},{"@type":"WebSite","@id":"https:\/\/dev6.erresse-shop.it\/#website","url":"https:\/\/dev6.erresse-shop.it\/","name":"Erresse Shop","description":"","publisher":{"@id":"https:\/\/dev6.erresse-shop.it\/#organization"},"potentialAction":[{"@type":"SearchAction","target":{"@type":"EntryPoint","urlTemplate":"https:\/\/dev6.erresse-shop.it\/?s={search_term_string}"},"query-input":{"@type":"PropertyValueSpecification","valueRequired":true,"valueName":"search_term_string"}}],"inLanguage":"de"},{"@type":"Organization","@id":"https:\/\/dev6.erresse-shop.it\/#organization","name":"Erresse Shop","url":"https:\/\/dev6.erresse-shop.it\/","logo":{"@type":"ImageObject","inLanguage":"de","@id":"https:\/\/dev6.erresse-shop.it\/#\/schema\/logo\/image\/","url":"https:\/\/dev6.erresse-shop.it\/wp-content\/uploads\/2025\/01\/LOGO-ERRESSE-CLASSICO.svg","contentUrl":"https:\/\/dev6.erresse-shop.it\/wp-content\/uploads\/2025\/01\/LOGO-ERRESSE-CLASSICO.svg","caption":"Erresse Shop"},"image":{"@id":"https:\/\/dev6.erresse-shop.it\/#\/schema\/logo\/image\/"}}]}},"df_price":179.95,"df_sale_price":179.95,"df_regular_price":219,"df_image_link":"https:\/\/i0.wp.com\/interpim.erresse-shop.it\/Import\/Prodotti\/le-creuset-bistecchiera-skillet-evolution-ovale-32-cm-nero.png?resize=300,300&ssl=1","fifu_image_url":"https:\/\/interpim.erresse-shop.it\/Import\/Prodotti\/le-creuset-bistecchiera-skillet-evolution-ovale-32-cm-nero.png","_links":{"self":[{"href":"https:\/\/dev6.erresse-shop.it\/de\/wp-json\/wp\/v2\/product\/49187","targetHints":{"allow":["GET"]}}],"collection":[{"href":"https:\/\/dev6.erresse-shop.it\/de\/wp-json\/wp\/v2\/product"}],"about":[{"href":"https:\/\/dev6.erresse-shop.it\/de\/wp-json\/wp\/v2\/types\/product"}],"wp:featuredmedia":[{"embeddable":true,"href":"https:\/\/dev6.erresse-shop.it\/de\/wp-json\/wp\/v2\/media\/6305471"}],"wp:attachment":[{"href":"https:\/\/dev6.erresse-shop.it\/de\/wp-json\/wp\/v2\/media?parent=49187"}],"wp:term":[{"taxonomy":"product_cat","embeddable":true,"href":"https:\/\/dev6.erresse-shop.it\/de\/wp-json\/wp\/v2\/product_cat?post=49187"},{"taxonomy":"product_tag","embeddable":true,"href":"https:\/\/dev6.erresse-shop.it\/de\/wp-json\/wp\/v2\/product_tag?post=49187"}],"curies":[{"name":"wp","href":"https:\/\/api.w.org\/{rel}","templated":true}]}}