{"id":49151,"date":"2026-04-12T08:20:30","date_gmt":"2026-04-12T06:20:30","guid":{"rendered":"https:\/\/dev6.erresse-shop.it\/shop\/unkategorisiert\/marcato-maschine-fuer-frische-nudeln\/"},"modified":"2025-09-14T00:27:05","modified_gmt":"2025-09-13T22:27:05","slug":"marcato-maschine-fuer-frische-nudeln","status":"publish","type":"product","link":"https:\/\/dev6.erresse-shop.it\/de\/shop\/kuche\/nudelmaschinen\/marcato-maschine-fuer-frische-nudeln\/","title":{"rendered":"MARCATO Maschine f\u00fcr Frische Nudeln"},"content":{"rendered":"<p>Knete Brot, Pizza und Nudeln in 3 Minuten. Der einzige Pasta Fresca, der von Hand geknetet wird. Kneten Sie bis zu 750 g Bayonet-Beschl\u00e4ge, die mit Zubeh\u00f6r f\u00fcr frische Nudeln kompatibel sind.<\/p>\n<p>Pasta Fresca ist der au\u00dfergew\u00f6hnliche Marcato Mixer, der den perfekten Teig f\u00fcr Pasta, Brot und Pizza zu Hause macht.<br \/>\nIn nur 3 Minuten kann Pasta Mixer 500 g Mehl (750 g Gesamtteig unter Zusatz aller Zutaten) mit demselben Ergebnis kneten, das von Hand erzielt werden w\u00fcrde: einem kompakten, elastischen und homogenen Teig.<br \/>\nDie Vielseitigkeit des Pasta Mixer ist au\u00dfergew\u00f6hnlich, dank der Bajonettkupplung, die mit dem Marcato-Zubeh\u00f6r f\u00fcr frische Pasta kompatibel ist im Paket.<br \/>\nDie praktische Bedienungsanleitung und das Rezeptbuch f\u00fcr Pasta, Brot, Pizza und Kekse sind im Paket enthalten. Pasta Fresca ist ein originales Marcato-Produkt, das vollst\u00e4ndig in Italien hergestellt wird. Seit 1930 sind Marcato-Produkte in der K\u00fcche all derer vorhanden, die das Vergn\u00fcgen einer gesunden und echten Ern\u00e4hrung wiederentdeckt haben.<br \/>\nEin authentisches \u201cMade in Italy\u201d, das sich durch Designstil, Detailqualit\u00e4t und Langlebigkeit auszeichnet.<\/p>\n<p>Verpackungsinhalt Pasta Fresca:<\/p>\n<p>AE-150-SFO: Geb\u00e4ckzubeh\u00f6r<br \/>\nAE-150-TAG: Zubeh\u00f6r f\u00fcr Nudeln<br \/>\nAE-150-FET: Zubeh\u00f6r f\u00fcr Fettuccine<br \/>\nNetzkabel; Handbuch mit Rezeptbuch<\/p>\n<p>Nicht zum Verkauf au\u00dferhalb Europas<\/p>\n","protected":false},"excerpt":{"rendered":"<p>Knete Brot, Pizza und Nudeln in 3 Minuten. Der einzige Pasta Fresca, der von Hand geknetet wird. Kneten Sie bis zu 750 g Bayonet-Beschl\u00e4ge, die mit Zubeh\u00f6r f\u00fcr frische Nudeln kompatibel sind. Pasta Fresca ist der au\u00dfergew\u00f6hnliche Marcato Mixer, der den perfekten Teig f\u00fcr Pasta, Brot und Pizza zu Hause macht. In nur 3 Minuten [&hellip;]<\/p>\n","protected":false},"featured_media":6346812,"template":"","meta":{"_acf_changed":false},"product_cat":[11668,12100,12160],"product_tag":[],"class_list":{"0":"post-49151","1":"product","2":"type-product","3":"status-publish","4":"has-post-thumbnail","6":"product_cat-cucina","7":"product_cat-kuche","8":"product_cat-nudelmaschinen","10":"first","11":"outofstock","12":"sale","13":"taxable","14":"shipping-taxable","15":"purchasable","16":"product-type-simple","swatches":"rey-swatches","show_selected":"","stretch_labels":"rey-swatches--stretch-labels"},"acf":[],"yoast_head":"<!-- This site is optimized with the Yoast SEO plugin v25.4 - https:\/\/yoast.com\/wordpress\/plugins\/seo\/ -->\n<title>MARCATO Maschine f\u00fcr Frische Nudeln - dev6 Erresse<\/title>\n<meta name=\"description\" content=\"Knete Brot, Pizza und Nudeln in 3 Minuten. Der einzige Pasta Fresca, der von Hand geknetet wird. Kneten Sie bis zu 750 g Bayonet-Beschl\u00e4ge, die mit\" \/>\n<meta name=\"robots\" content=\"noindex, follow, max-snippet:-1, max-image-preview:large, max-video-preview:-1\" \/>\n<meta property=\"og:locale\" content=\"de_DE\" \/>\n<meta property=\"og:type\" content=\"article\" \/>\n<meta property=\"og:title\" content=\"MARCATO Maschine f\u00fcr Frische Nudeln - dev6 Erresse\" \/>\n<meta property=\"og:description\" content=\"Knete Brot, Pizza und Nudeln in 3 Minuten. Der einzige Pasta Fresca, der von Hand geknetet wird. Kneten Sie bis zu 750 g Bayonet-Beschl\u00e4ge, die mit\" \/>\n<meta property=\"og:url\" content=\"https:\/\/dev6.erresse-shop.it\/de\/shop\/kuche\/nudelmaschinen\/marcato-maschine-fuer-frische-nudeln\/\" \/>\n<meta property=\"og:site_name\" content=\"dev6 Erresse\" \/>\n<meta property=\"og:image\" content=\"https:\/\/interpim.erresse-shop.it\/Import\/Prodotti\/marcato-macchina-per-pasta-elettrica.jpg\" \/><meta property=\"og:image\" content=\"https:\/\/interpim.erresse-shop.it\/Import\/Prodotti\/marcato-macchina-per-pasta-elettrica.jpg\" \/>\n\t<meta property=\"og:image:width\" content=\"1024\" \/>\n\t<meta property=\"og:image:height\" content=\"1024\" \/>\n\t<meta property=\"og:image:type\" content=\"image\/jpeg\" \/>\n<meta name=\"twitter:card\" content=\"summary_large_image\" \/>\n<meta name=\"twitter:image\" content=\"https:\/\/interpim.erresse-shop.it\/Import\/Prodotti\/marcato-macchina-per-pasta-elettrica.jpg\" \/>\n<script type=\"application\/ld+json\" class=\"yoast-schema-graph\">{\"@context\":\"https:\/\/schema.org\",\"@graph\":[{\"@type\":\"WebPage\",\"@id\":\"https:\/\/dev6.erresse-shop.it\/de\/shop\/kuche\/nudelmaschinen\/marcato-maschine-fuer-frische-nudeln\/\",\"url\":\"https:\/\/dev6.erresse-shop.it\/de\/shop\/kuche\/nudelmaschinen\/marcato-maschine-fuer-frische-nudeln\/\",\"name\":\"MARCATO Maschine f\u00fcr Frische Nudeln - dev6 Erresse\",\"isPartOf\":{\"@id\":\"https:\/\/dev6.erresse-shop.it\/#website\"},\"primaryImageOfPage\":{\"@id\":\"https:\/\/dev6.erresse-shop.it\/de\/shop\/kuche\/nudelmaschinen\/marcato-maschine-fuer-frische-nudeln\/#primaryimage\"},\"image\":{\"@id\":\"https:\/\/dev6.erresse-shop.it\/de\/shop\/kuche\/nudelmaschinen\/marcato-maschine-fuer-frische-nudeln\/#primaryimage\"},\"thumbnailUrl\":\"https:\/\/i0.wp.com\/interpim.erresse-shop.it\/Import\/Prodotti\/marcato-macchina-per-pasta-elettrica.jpg?ssl=1\",\"datePublished\":\"2026-04-12T06:20:30+00:00\",\"description\":\"Knete Brot, Pizza und Nudeln in 3 Minuten. Der einzige Pasta Fresca, der von Hand geknetet wird. Kneten Sie bis zu 750 g Bayonet-Beschl\u00e4ge, die mit\",\"breadcrumb\":{\"@id\":\"https:\/\/dev6.erresse-shop.it\/de\/shop\/kuche\/nudelmaschinen\/marcato-maschine-fuer-frische-nudeln\/#breadcrumb\"},\"inLanguage\":\"de\",\"potentialAction\":[{\"@type\":\"ReadAction\",\"target\":[\"https:\/\/dev6.erresse-shop.it\/de\/shop\/kuche\/nudelmaschinen\/marcato-maschine-fuer-frische-nudeln\/\"]}]},{\"@type\":\"ImageObject\",\"inLanguage\":\"de\",\"@id\":\"https:\/\/dev6.erresse-shop.it\/de\/shop\/kuche\/nudelmaschinen\/marcato-maschine-fuer-frische-nudeln\/#primaryimage\",\"url\":\"https:\/\/i0.wp.com\/interpim.erresse-shop.it\/Import\/Prodotti\/marcato-macchina-per-pasta-elettrica.jpg?ssl=1\",\"contentUrl\":\"https:\/\/i0.wp.com\/interpim.erresse-shop.it\/Import\/Prodotti\/marcato-macchina-per-pasta-elettrica.jpg?ssl=1\"},{\"@type\":\"BreadcrumbList\",\"@id\":\"https:\/\/dev6.erresse-shop.it\/de\/shop\/kuche\/nudelmaschinen\/marcato-maschine-fuer-frische-nudeln\/#breadcrumb\",\"itemListElement\":[{\"@type\":\"ListItem\",\"position\":1,\"name\":\"Home\",\"item\":\"https:\/\/dev6.erresse-shop.it\/\"},{\"@type\":\"ListItem\",\"position\":2,\"name\":\"Shop\",\"item\":\"https:\/\/dev6.erresse-shop.it\/shop\/\"},{\"@type\":\"ListItem\",\"position\":3,\"name\":\"MARCATO Maschine f\u00fcr Frische Nudeln\"}]},{\"@type\":\"WebSite\",\"@id\":\"https:\/\/dev6.erresse-shop.it\/#website\",\"url\":\"https:\/\/dev6.erresse-shop.it\/\",\"name\":\"Erresse Shop\",\"description\":\"\",\"publisher\":{\"@id\":\"https:\/\/dev6.erresse-shop.it\/#organization\"},\"potentialAction\":[{\"@type\":\"SearchAction\",\"target\":{\"@type\":\"EntryPoint\",\"urlTemplate\":\"https:\/\/dev6.erresse-shop.it\/?s={search_term_string}\"},\"query-input\":{\"@type\":\"PropertyValueSpecification\",\"valueRequired\":true,\"valueName\":\"search_term_string\"}}],\"inLanguage\":\"de\"},{\"@type\":\"Organization\",\"@id\":\"https:\/\/dev6.erresse-shop.it\/#organization\",\"name\":\"Erresse Shop\",\"url\":\"https:\/\/dev6.erresse-shop.it\/\",\"logo\":{\"@type\":\"ImageObject\",\"inLanguage\":\"de\",\"@id\":\"https:\/\/dev6.erresse-shop.it\/#\/schema\/logo\/image\/\",\"url\":\"https:\/\/dev6.erresse-shop.it\/wp-content\/uploads\/2025\/01\/LOGO-ERRESSE-CLASSICO.svg\",\"contentUrl\":\"https:\/\/dev6.erresse-shop.it\/wp-content\/uploads\/2025\/01\/LOGO-ERRESSE-CLASSICO.svg\",\"caption\":\"Erresse Shop\"},\"image\":{\"@id\":\"https:\/\/dev6.erresse-shop.it\/#\/schema\/logo\/image\/\"}}]}<\/script>\n<!-- \/ Yoast SEO plugin. -->","yoast_head_json":{"title":"MARCATO Maschine f\u00fcr Frische Nudeln - dev6 Erresse","description":"Knete Brot, Pizza und Nudeln in 3 Minuten. Der einzige Pasta Fresca, der von Hand geknetet wird. Kneten Sie bis zu 750 g Bayonet-Beschl\u00e4ge, die mit","robots":{"index":"noindex","follow":"follow","max-snippet":"max-snippet:-1","max-image-preview":"max-image-preview:large","max-video-preview":"max-video-preview:-1"},"og_locale":"de_DE","og_type":"article","og_title":"MARCATO Maschine f\u00fcr Frische Nudeln - dev6 Erresse","og_description":"Knete Brot, Pizza und Nudeln in 3 Minuten. Der einzige Pasta Fresca, der von Hand geknetet wird. Kneten Sie bis zu 750 g Bayonet-Beschl\u00e4ge, die mit","og_url":"https:\/\/dev6.erresse-shop.it\/de\/shop\/kuche\/nudelmaschinen\/marcato-maschine-fuer-frische-nudeln\/","og_site_name":"dev6 Erresse","og_image":[{"url":"https:\/\/interpim.erresse-shop.it\/Import\/Prodotti\/marcato-macchina-per-pasta-elettrica.jpg","type":"","width":"","height":""},{"url":"https:\/\/interpim.erresse-shop.it\/Import\/Prodotti\/marcato-macchina-per-pasta-elettrica.jpg","width":1024,"height":1024,"type":"image\/jpeg"}],"twitter_card":"summary_large_image","twitter_image":"https:\/\/interpim.erresse-shop.it\/Import\/Prodotti\/marcato-macchina-per-pasta-elettrica.jpg","schema":{"@context":"https:\/\/schema.org","@graph":[{"@type":"WebPage","@id":"https:\/\/dev6.erresse-shop.it\/de\/shop\/kuche\/nudelmaschinen\/marcato-maschine-fuer-frische-nudeln\/","url":"https:\/\/dev6.erresse-shop.it\/de\/shop\/kuche\/nudelmaschinen\/marcato-maschine-fuer-frische-nudeln\/","name":"MARCATO Maschine f\u00fcr Frische Nudeln - dev6 Erresse","isPartOf":{"@id":"https:\/\/dev6.erresse-shop.it\/#website"},"primaryImageOfPage":{"@id":"https:\/\/dev6.erresse-shop.it\/de\/shop\/kuche\/nudelmaschinen\/marcato-maschine-fuer-frische-nudeln\/#primaryimage"},"image":{"@id":"https:\/\/dev6.erresse-shop.it\/de\/shop\/kuche\/nudelmaschinen\/marcato-maschine-fuer-frische-nudeln\/#primaryimage"},"thumbnailUrl":"https:\/\/i0.wp.com\/interpim.erresse-shop.it\/Import\/Prodotti\/marcato-macchina-per-pasta-elettrica.jpg?ssl=1","datePublished":"2026-04-12T06:20:30+00:00","description":"Knete Brot, Pizza und Nudeln in 3 Minuten. Der einzige Pasta Fresca, der von Hand geknetet wird. Kneten Sie bis zu 750 g Bayonet-Beschl\u00e4ge, die mit","breadcrumb":{"@id":"https:\/\/dev6.erresse-shop.it\/de\/shop\/kuche\/nudelmaschinen\/marcato-maschine-fuer-frische-nudeln\/#breadcrumb"},"inLanguage":"de","potentialAction":[{"@type":"ReadAction","target":["https:\/\/dev6.erresse-shop.it\/de\/shop\/kuche\/nudelmaschinen\/marcato-maschine-fuer-frische-nudeln\/"]}]},{"@type":"ImageObject","inLanguage":"de","@id":"https:\/\/dev6.erresse-shop.it\/de\/shop\/kuche\/nudelmaschinen\/marcato-maschine-fuer-frische-nudeln\/#primaryimage","url":"https:\/\/i0.wp.com\/interpim.erresse-shop.it\/Import\/Prodotti\/marcato-macchina-per-pasta-elettrica.jpg?ssl=1","contentUrl":"https:\/\/i0.wp.com\/interpim.erresse-shop.it\/Import\/Prodotti\/marcato-macchina-per-pasta-elettrica.jpg?ssl=1"},{"@type":"BreadcrumbList","@id":"https:\/\/dev6.erresse-shop.it\/de\/shop\/kuche\/nudelmaschinen\/marcato-maschine-fuer-frische-nudeln\/#breadcrumb","itemListElement":[{"@type":"ListItem","position":1,"name":"Home","item":"https:\/\/dev6.erresse-shop.it\/"},{"@type":"ListItem","position":2,"name":"Shop","item":"https:\/\/dev6.erresse-shop.it\/shop\/"},{"@type":"ListItem","position":3,"name":"MARCATO Maschine f\u00fcr Frische Nudeln"}]},{"@type":"WebSite","@id":"https:\/\/dev6.erresse-shop.it\/#website","url":"https:\/\/dev6.erresse-shop.it\/","name":"Erresse Shop","description":"","publisher":{"@id":"https:\/\/dev6.erresse-shop.it\/#organization"},"potentialAction":[{"@type":"SearchAction","target":{"@type":"EntryPoint","urlTemplate":"https:\/\/dev6.erresse-shop.it\/?s={search_term_string}"},"query-input":{"@type":"PropertyValueSpecification","valueRequired":true,"valueName":"search_term_string"}}],"inLanguage":"de"},{"@type":"Organization","@id":"https:\/\/dev6.erresse-shop.it\/#organization","name":"Erresse Shop","url":"https:\/\/dev6.erresse-shop.it\/","logo":{"@type":"ImageObject","inLanguage":"de","@id":"https:\/\/dev6.erresse-shop.it\/#\/schema\/logo\/image\/","url":"https:\/\/dev6.erresse-shop.it\/wp-content\/uploads\/2025\/01\/LOGO-ERRESSE-CLASSICO.svg","contentUrl":"https:\/\/dev6.erresse-shop.it\/wp-content\/uploads\/2025\/01\/LOGO-ERRESSE-CLASSICO.svg","caption":"Erresse Shop"},"image":{"@id":"https:\/\/dev6.erresse-shop.it\/#\/schema\/logo\/image\/"}}]}},"df_price":299.95,"df_sale_price":299.95,"df_regular_price":492.9,"df_image_link":"https:\/\/i0.wp.com\/interpim.erresse-shop.it\/Import\/Prodotti\/marcato-macchina-per-pasta-elettrica.jpg?resize=300,300&ssl=1","fifu_image_url":"https:\/\/interpim.erresse-shop.it\/Import\/Prodotti\/marcato-macchina-per-pasta-elettrica.jpg","_links":{"self":[{"href":"https:\/\/dev6.erresse-shop.it\/de\/wp-json\/wp\/v2\/product\/49151","targetHints":{"allow":["GET"]}}],"collection":[{"href":"https:\/\/dev6.erresse-shop.it\/de\/wp-json\/wp\/v2\/product"}],"about":[{"href":"https:\/\/dev6.erresse-shop.it\/de\/wp-json\/wp\/v2\/types\/product"}],"wp:featuredmedia":[{"embeddable":true,"href":"https:\/\/dev6.erresse-shop.it\/de\/wp-json\/wp\/v2\/media\/6346812"}],"wp:attachment":[{"href":"https:\/\/dev6.erresse-shop.it\/de\/wp-json\/wp\/v2\/media?parent=49151"}],"wp:term":[{"taxonomy":"product_cat","embeddable":true,"href":"https:\/\/dev6.erresse-shop.it\/de\/wp-json\/wp\/v2\/product_cat?post=49151"},{"taxonomy":"product_tag","embeddable":true,"href":"https:\/\/dev6.erresse-shop.it\/de\/wp-json\/wp\/v2\/product_tag?post=49151"}],"curies":[{"name":"wp","href":"https:\/\/api.w.org\/{rel}","templated":true}]}}