{"id":49129,"date":"2026-04-21T01:36:03","date_gmt":"2026-04-20T23:36:03","guid":{"rendered":"https:\/\/dev6.erresse-shop.it\/shop\/unkategorisiert\/le-creuset-aluminium-antihaft-pfanne-oval\/"},"modified":"2025-09-14T00:26:47","modified_gmt":"2025-09-13T22:26:47","slug":"le-creuset-aluminium-antihaft-pfanne-oval","status":"publish","type":"product","link":"https:\/\/dev6.erresse-shop.it\/de\/shop\/toepfe-pfannen\/schmorpfannen\/le-creuset-aluminium-antihaft-pfanne-oval\/","title":{"rendered":"LE CREUSET  Aluminium-Antihaft Pfanne Oval"},"content":{"rendered":"<p>Eigenschaften<br \/>\nGro\u00dfartige Erg\u00e4nzungen: Erreichen Sie neue Geschmackserlebnisse, indem Sie Ihre bevorzugte Pfanne mit hitzebest\u00e4ndigen Glasdeckeln versehen, die wir separat anbieten.<br \/>\nDie Reinigung ist ein Traum: Mit unserer Antihaftbeschichtung lassen sich Speisen problemlos l\u00f6sen und die Reinigung ist kinderleicht.<br \/>\nStark durch und durch: Das Material wurde hart eloxiert, um eine effiziente W\u00e4rmeleitung und -verteilung zu schaffen, die ein gleichm\u00e4\u00dfiges Kochen erm\u00f6glicht.<br \/>\nH\u00e4lt l\u00e4nger: Unsere Pfannen sind abriebfest und so hergestellt, dass sie viele Jahre in Ihrer K\u00fcche erfreuen.<br \/>\nGes\u00fcnderes Kochen: Unsere widerstandsf\u00e4hige, PFOA-freie antihaftbeschichtete Oberfl\u00e4che ist f\u00fcr alle Bratweisen geeignet \u2013 auch ohne \u00d6l oder Fett.<\/p>\n<p>Material<br \/>\nGeschmiedetes Aluminium<\/p>\n<p>Garantie<br \/>\n30 Jahre<\/p>\n<p>See Movie 1See Movie 2<\/p>\n","protected":false},"excerpt":{"rendered":"<p>Eigenschaften Gro\u00dfartige Erg\u00e4nzungen: Erreichen Sie neue Geschmackserlebnisse, indem Sie Ihre bevorzugte Pfanne mit hitzebest\u00e4ndigen Glasdeckeln versehen, die wir separat anbieten. Die Reinigung ist ein Traum: Mit unserer Antihaftbeschichtung lassen sich Speisen problemlos l\u00f6sen und die Reinigung ist kinderleicht. Stark durch und durch: Das Material wurde hart eloxiert, um eine effiziente W\u00e4rmeleitung und -verteilung zu schaffen, [&hellip;]<\/p>\n","protected":false},"featured_media":6707732,"template":"","meta":{"_acf_changed":false},"product_cat":[12131,11699,12120,12099],"product_tag":[],"class_list":{"0":"post-49129","1":"product","2":"type-product","3":"status-publish","4":"has-post-thumbnail","6":"product_cat-fischtoepfe","7":"product_cat-pesciere","8":"product_cat-schmorpfannen","9":"product_cat-toepfe-pfannen","11":"first","12":"outofstock","13":"sale","14":"taxable","15":"shipping-taxable","16":"purchasable","17":"product-type-simple","swatches":"rey-swatches","show_selected":"","stretch_labels":"rey-swatches--stretch-labels"},"acf":[],"yoast_head":"<!-- This site is optimized with the Yoast SEO plugin v25.4 - https:\/\/yoast.com\/wordpress\/plugins\/seo\/ -->\n<title>LE CREUSET Aluminium-Antihaft Pfanne Oval - dev6 Erresse<\/title>\n<meta name=\"description\" content=\"Eigenschaften Gro\u00dfartige Erg\u00e4nzungen: Erreichen Sie neue Geschmackserlebnisse, indem Sie Ihre bevorzugte Pfanne mit hitzebest\u00e4ndigen Glasdeckeln versehen,\" \/>\n<meta name=\"robots\" content=\"noindex, follow, max-snippet:-1, max-image-preview:large, max-video-preview:-1\" \/>\n<meta property=\"og:locale\" content=\"de_DE\" \/>\n<meta property=\"og:type\" content=\"article\" \/>\n<meta property=\"og:title\" content=\"LE CREUSET Aluminium-Antihaft Pfanne Oval - dev6 Erresse\" \/>\n<meta property=\"og:description\" content=\"Eigenschaften Gro\u00dfartige Erg\u00e4nzungen: Erreichen Sie neue Geschmackserlebnisse, indem Sie Ihre bevorzugte Pfanne mit hitzebest\u00e4ndigen Glasdeckeln versehen,\" \/>\n<meta property=\"og:url\" content=\"https:\/\/dev6.erresse-shop.it\/de\/shop\/toepfe-pfannen\/schmorpfannen\/le-creuset-aluminium-antihaft-pfanne-oval\/\" \/>\n<meta property=\"og:site_name\" content=\"dev6 Erresse\" \/>\n<meta property=\"og:image\" content=\"https:\/\/interpim.erresse-shop.it\/Import\/Prodotti\/le-creuset-pesciera-41cm-3.jpg\" \/><meta property=\"og:image\" content=\"https:\/\/interpim.erresse-shop.it\/Import\/Prodotti\/le-creuset-pesciera-41cm-3.jpg\" \/>\n\t<meta property=\"og:image:width\" content=\"1024\" \/>\n\t<meta property=\"og:image:height\" content=\"1024\" \/>\n\t<meta property=\"og:image:type\" content=\"image\/jpeg\" \/>\n<meta name=\"twitter:card\" content=\"summary_large_image\" \/>\n<meta name=\"twitter:image\" content=\"https:\/\/interpim.erresse-shop.it\/Import\/Prodotti\/le-creuset-pesciera-41cm-3.jpg\" \/>\n<script type=\"application\/ld+json\" class=\"yoast-schema-graph\">{\"@context\":\"https:\/\/schema.org\",\"@graph\":[{\"@type\":\"WebPage\",\"@id\":\"https:\/\/dev6.erresse-shop.it\/de\/shop\/toepfe-pfannen\/schmorpfannen\/le-creuset-aluminium-antihaft-pfanne-oval\/\",\"url\":\"https:\/\/dev6.erresse-shop.it\/de\/shop\/toepfe-pfannen\/schmorpfannen\/le-creuset-aluminium-antihaft-pfanne-oval\/\",\"name\":\"LE CREUSET Aluminium-Antihaft Pfanne Oval - dev6 Erresse\",\"isPartOf\":{\"@id\":\"https:\/\/dev6.erresse-shop.it\/#website\"},\"primaryImageOfPage\":{\"@id\":\"https:\/\/dev6.erresse-shop.it\/de\/shop\/toepfe-pfannen\/schmorpfannen\/le-creuset-aluminium-antihaft-pfanne-oval\/#primaryimage\"},\"image\":{\"@id\":\"https:\/\/dev6.erresse-shop.it\/de\/shop\/toepfe-pfannen\/schmorpfannen\/le-creuset-aluminium-antihaft-pfanne-oval\/#primaryimage\"},\"thumbnailUrl\":\"https:\/\/i0.wp.com\/interpim.erresse-shop.it\/Import\/Prodotti\/le-creuset-pesciera-41cm-3.jpg?ssl=1\",\"datePublished\":\"2026-04-20T23:36:03+00:00\",\"description\":\"Eigenschaften Gro\u00dfartige Erg\u00e4nzungen: Erreichen Sie neue Geschmackserlebnisse, indem Sie Ihre bevorzugte Pfanne mit hitzebest\u00e4ndigen Glasdeckeln versehen,\",\"breadcrumb\":{\"@id\":\"https:\/\/dev6.erresse-shop.it\/de\/shop\/toepfe-pfannen\/schmorpfannen\/le-creuset-aluminium-antihaft-pfanne-oval\/#breadcrumb\"},\"inLanguage\":\"de\",\"potentialAction\":[{\"@type\":\"ReadAction\",\"target\":[\"https:\/\/dev6.erresse-shop.it\/de\/shop\/toepfe-pfannen\/schmorpfannen\/le-creuset-aluminium-antihaft-pfanne-oval\/\"]}]},{\"@type\":\"ImageObject\",\"inLanguage\":\"de\",\"@id\":\"https:\/\/dev6.erresse-shop.it\/de\/shop\/toepfe-pfannen\/schmorpfannen\/le-creuset-aluminium-antihaft-pfanne-oval\/#primaryimage\",\"url\":\"https:\/\/i0.wp.com\/interpim.erresse-shop.it\/Import\/Prodotti\/le-creuset-pesciera-41cm-3.jpg?ssl=1\",\"contentUrl\":\"https:\/\/i0.wp.com\/interpim.erresse-shop.it\/Import\/Prodotti\/le-creuset-pesciera-41cm-3.jpg?ssl=1\"},{\"@type\":\"BreadcrumbList\",\"@id\":\"https:\/\/dev6.erresse-shop.it\/de\/shop\/toepfe-pfannen\/schmorpfannen\/le-creuset-aluminium-antihaft-pfanne-oval\/#breadcrumb\",\"itemListElement\":[{\"@type\":\"ListItem\",\"position\":1,\"name\":\"Home\",\"item\":\"https:\/\/dev6.erresse-shop.it\/\"},{\"@type\":\"ListItem\",\"position\":2,\"name\":\"Shop\",\"item\":\"https:\/\/dev6.erresse-shop.it\/shop\/\"},{\"@type\":\"ListItem\",\"position\":3,\"name\":\"LE CREUSET Aluminium-Antihaft Pfanne Oval\"}]},{\"@type\":\"WebSite\",\"@id\":\"https:\/\/dev6.erresse-shop.it\/#website\",\"url\":\"https:\/\/dev6.erresse-shop.it\/\",\"name\":\"Erresse Shop\",\"description\":\"\",\"publisher\":{\"@id\":\"https:\/\/dev6.erresse-shop.it\/#organization\"},\"potentialAction\":[{\"@type\":\"SearchAction\",\"target\":{\"@type\":\"EntryPoint\",\"urlTemplate\":\"https:\/\/dev6.erresse-shop.it\/?s={search_term_string}\"},\"query-input\":{\"@type\":\"PropertyValueSpecification\",\"valueRequired\":true,\"valueName\":\"search_term_string\"}}],\"inLanguage\":\"de\"},{\"@type\":\"Organization\",\"@id\":\"https:\/\/dev6.erresse-shop.it\/#organization\",\"name\":\"Erresse Shop\",\"url\":\"https:\/\/dev6.erresse-shop.it\/\",\"logo\":{\"@type\":\"ImageObject\",\"inLanguage\":\"de\",\"@id\":\"https:\/\/dev6.erresse-shop.it\/#\/schema\/logo\/image\/\",\"url\":\"https:\/\/dev6.erresse-shop.it\/wp-content\/uploads\/2025\/01\/LOGO-ERRESSE-CLASSICO.svg\",\"contentUrl\":\"https:\/\/dev6.erresse-shop.it\/wp-content\/uploads\/2025\/01\/LOGO-ERRESSE-CLASSICO.svg\",\"caption\":\"Erresse Shop\"},\"image\":{\"@id\":\"https:\/\/dev6.erresse-shop.it\/#\/schema\/logo\/image\/\"}}]}<\/script>\n<!-- \/ Yoast SEO plugin. -->","yoast_head_json":{"title":"LE CREUSET Aluminium-Antihaft Pfanne Oval - dev6 Erresse","description":"Eigenschaften Gro\u00dfartige Erg\u00e4nzungen: Erreichen Sie neue Geschmackserlebnisse, indem Sie Ihre bevorzugte Pfanne mit hitzebest\u00e4ndigen Glasdeckeln versehen,","robots":{"index":"noindex","follow":"follow","max-snippet":"max-snippet:-1","max-image-preview":"max-image-preview:large","max-video-preview":"max-video-preview:-1"},"og_locale":"de_DE","og_type":"article","og_title":"LE CREUSET Aluminium-Antihaft Pfanne Oval - dev6 Erresse","og_description":"Eigenschaften Gro\u00dfartige Erg\u00e4nzungen: Erreichen Sie neue Geschmackserlebnisse, indem Sie Ihre bevorzugte Pfanne mit hitzebest\u00e4ndigen Glasdeckeln versehen,","og_url":"https:\/\/dev6.erresse-shop.it\/de\/shop\/toepfe-pfannen\/schmorpfannen\/le-creuset-aluminium-antihaft-pfanne-oval\/","og_site_name":"dev6 Erresse","og_image":[{"url":"https:\/\/interpim.erresse-shop.it\/Import\/Prodotti\/le-creuset-pesciera-41cm-3.jpg","type":"","width":"","height":""},{"url":"https:\/\/interpim.erresse-shop.it\/Import\/Prodotti\/le-creuset-pesciera-41cm-3.jpg","width":1024,"height":1024,"type":"image\/jpeg"}],"twitter_card":"summary_large_image","twitter_image":"https:\/\/interpim.erresse-shop.it\/Import\/Prodotti\/le-creuset-pesciera-41cm-3.jpg","schema":{"@context":"https:\/\/schema.org","@graph":[{"@type":"WebPage","@id":"https:\/\/dev6.erresse-shop.it\/de\/shop\/toepfe-pfannen\/schmorpfannen\/le-creuset-aluminium-antihaft-pfanne-oval\/","url":"https:\/\/dev6.erresse-shop.it\/de\/shop\/toepfe-pfannen\/schmorpfannen\/le-creuset-aluminium-antihaft-pfanne-oval\/","name":"LE CREUSET Aluminium-Antihaft Pfanne Oval - dev6 Erresse","isPartOf":{"@id":"https:\/\/dev6.erresse-shop.it\/#website"},"primaryImageOfPage":{"@id":"https:\/\/dev6.erresse-shop.it\/de\/shop\/toepfe-pfannen\/schmorpfannen\/le-creuset-aluminium-antihaft-pfanne-oval\/#primaryimage"},"image":{"@id":"https:\/\/dev6.erresse-shop.it\/de\/shop\/toepfe-pfannen\/schmorpfannen\/le-creuset-aluminium-antihaft-pfanne-oval\/#primaryimage"},"thumbnailUrl":"https:\/\/i0.wp.com\/interpim.erresse-shop.it\/Import\/Prodotti\/le-creuset-pesciera-41cm-3.jpg?ssl=1","datePublished":"2026-04-20T23:36:03+00:00","description":"Eigenschaften Gro\u00dfartige Erg\u00e4nzungen: Erreichen Sie neue Geschmackserlebnisse, indem Sie Ihre bevorzugte Pfanne mit hitzebest\u00e4ndigen Glasdeckeln versehen,","breadcrumb":{"@id":"https:\/\/dev6.erresse-shop.it\/de\/shop\/toepfe-pfannen\/schmorpfannen\/le-creuset-aluminium-antihaft-pfanne-oval\/#breadcrumb"},"inLanguage":"de","potentialAction":[{"@type":"ReadAction","target":["https:\/\/dev6.erresse-shop.it\/de\/shop\/toepfe-pfannen\/schmorpfannen\/le-creuset-aluminium-antihaft-pfanne-oval\/"]}]},{"@type":"ImageObject","inLanguage":"de","@id":"https:\/\/dev6.erresse-shop.it\/de\/shop\/toepfe-pfannen\/schmorpfannen\/le-creuset-aluminium-antihaft-pfanne-oval\/#primaryimage","url":"https:\/\/i0.wp.com\/interpim.erresse-shop.it\/Import\/Prodotti\/le-creuset-pesciera-41cm-3.jpg?ssl=1","contentUrl":"https:\/\/i0.wp.com\/interpim.erresse-shop.it\/Import\/Prodotti\/le-creuset-pesciera-41cm-3.jpg?ssl=1"},{"@type":"BreadcrumbList","@id":"https:\/\/dev6.erresse-shop.it\/de\/shop\/toepfe-pfannen\/schmorpfannen\/le-creuset-aluminium-antihaft-pfanne-oval\/#breadcrumb","itemListElement":[{"@type":"ListItem","position":1,"name":"Home","item":"https:\/\/dev6.erresse-shop.it\/"},{"@type":"ListItem","position":2,"name":"Shop","item":"https:\/\/dev6.erresse-shop.it\/shop\/"},{"@type":"ListItem","position":3,"name":"LE CREUSET Aluminium-Antihaft Pfanne Oval"}]},{"@type":"WebSite","@id":"https:\/\/dev6.erresse-shop.it\/#website","url":"https:\/\/dev6.erresse-shop.it\/","name":"Erresse Shop","description":"","publisher":{"@id":"https:\/\/dev6.erresse-shop.it\/#organization"},"potentialAction":[{"@type":"SearchAction","target":{"@type":"EntryPoint","urlTemplate":"https:\/\/dev6.erresse-shop.it\/?s={search_term_string}"},"query-input":{"@type":"PropertyValueSpecification","valueRequired":true,"valueName":"search_term_string"}}],"inLanguage":"de"},{"@type":"Organization","@id":"https:\/\/dev6.erresse-shop.it\/#organization","name":"Erresse Shop","url":"https:\/\/dev6.erresse-shop.it\/","logo":{"@type":"ImageObject","inLanguage":"de","@id":"https:\/\/dev6.erresse-shop.it\/#\/schema\/logo\/image\/","url":"https:\/\/dev6.erresse-shop.it\/wp-content\/uploads\/2025\/01\/LOGO-ERRESSE-CLASSICO.svg","contentUrl":"https:\/\/dev6.erresse-shop.it\/wp-content\/uploads\/2025\/01\/LOGO-ERRESSE-CLASSICO.svg","caption":"Erresse Shop"},"image":{"@id":"https:\/\/dev6.erresse-shop.it\/#\/schema\/logo\/image\/"}}]}},"df_price":129.95,"df_sale_price":129.95,"df_regular_price":169,"df_image_link":"https:\/\/i0.wp.com\/interpim.erresse-shop.it\/Import\/Prodotti\/le-creuset-pesciera-41cm-3.jpg?resize=300,300&ssl=1","fifu_image_url":"https:\/\/interpim.erresse-shop.it\/Import\/Prodotti\/le-creuset-pesciera-41cm-3.jpg","_links":{"self":[{"href":"https:\/\/dev6.erresse-shop.it\/de\/wp-json\/wp\/v2\/product\/49129","targetHints":{"allow":["GET"]}}],"collection":[{"href":"https:\/\/dev6.erresse-shop.it\/de\/wp-json\/wp\/v2\/product"}],"about":[{"href":"https:\/\/dev6.erresse-shop.it\/de\/wp-json\/wp\/v2\/types\/product"}],"wp:featuredmedia":[{"embeddable":true,"href":"https:\/\/dev6.erresse-shop.it\/de\/wp-json\/wp\/v2\/media\/6707732"}],"wp:attachment":[{"href":"https:\/\/dev6.erresse-shop.it\/de\/wp-json\/wp\/v2\/media?parent=49129"}],"wp:term":[{"taxonomy":"product_cat","embeddable":true,"href":"https:\/\/dev6.erresse-shop.it\/de\/wp-json\/wp\/v2\/product_cat?post=49129"},{"taxonomy":"product_tag","embeddable":true,"href":"https:\/\/dev6.erresse-shop.it\/de\/wp-json\/wp\/v2\/product_tag?post=49129"}],"curies":[{"name":"wp","href":"https:\/\/api.w.org\/{rel}","templated":true}]}}