{"id":49125,"date":"2026-04-12T08:19:51","date_gmt":"2026-04-12T06:19:51","guid":{"rendered":"https:\/\/dev6.erresse-shop.it\/shop\/unkategorisiert\/le-creuset-bistro-grillplatte-aus-gusseisen-32-cm-kirschrot\/"},"modified":"2025-09-14T00:26:43","modified_gmt":"2025-09-13T22:26:43","slug":"le-creuset-bistro-grillplatte-aus-gusseisen-32-cm-kirschrot","status":"publish","type":"product","link":"https:\/\/dev6.erresse-shop.it\/de\/shop\/toepfe-pfannen\/grillpfannen\/le-creuset-bistro-grillplatte-aus-gusseisen-32-cm-kirschrot\/","title":{"rendered":"LE CREUSET Bistro Grillplatte aus Gusseisen 32 cm Kirschrot"},"content":{"rendered":"<p>Die richtige Gr\u00f6\u00dfe f\u00fcr die ganze Familie! Mit dem runden Grill bereiten Sie Fleisch und Fisch f\u00fcr jedermann schnell und vor allem gesund zu. Genie\u00dfen Sie ein Barbecue, wann immer Sie wollen und auf jeder beliebigen W\u00e4rmequelle!<br \/>\nCreuset bietet eine gro\u00dfe Auswahl an Gusseisenplatten, das breiteste Sortiment auf dem Markt. Entscheiden Sie sich f\u00fcr eine gesunde, fettarme K\u00fcche: Diese Pfanne braucht nur wenig \u00d6l! Die Pfannen von Le Creuset eignen sich hervorragend zum Braten von Fleisch, Huhn und Gem\u00fcse, wobei ihr ganzer Geschmack erhalten bleibt. Sie sind \u00e4u\u00dferst praktisch und k\u00f6nnen im Ofen und auf dem Grill verwendet werden. Unser ber\u00fchmtes Sortiment an emailliertem Gusseisen erm\u00f6glicht eine perfekte W\u00e4rmeverteilung und -speicherung. Die schwarze Emailleschicht ist haltbar, hygienisch und leicht zu reinigen. Probieren Sie es aus und die Ergebnisse werden Sie \u00fcberraschen.<\/p>\n<p>Charakteristika von emailliertem Gusseisen:<\/p>\n<p>\u2013 Gleichm\u00e4\u00dfige W\u00e4rmeverteilung ohne \u00dcberhitzungszonen.<br \/>\n\u2013 Ausgezeichnetes W\u00e4rmer\u00fcckhalteverm\u00f6gen.<br \/>\n\u2013 Griffe, die f\u00fcr einen guten Griff ausgelegt sind.<br \/>\n\u2013 Innen und au\u00dfen verglaste Oberfl\u00e4che. Es absorbiert weder Feuchtigkeit noch Geschmack oder Geruch von Lebensmitteln.<br \/>\n\u2013 Kompatibel mit allen W\u00e4rmequellen, einschlie\u00dflich Induktion.<br \/>\n\u2013 Leicht zu reinigen.<br \/>\n\u2013 Au\u00dfergew\u00f6hnliche Haltbarkeit.<br \/>\n\u2013 Lebenslange Garantie.<\/p>\n<p>Siehe Film 1<br \/>\nSiehe Film 2<\/p>\n","protected":false},"excerpt":{"rendered":"<p>Die richtige Gr\u00f6\u00dfe f\u00fcr die ganze Familie! Mit dem runden Grill bereiten Sie Fleisch und Fisch f\u00fcr jedermann schnell und vor allem gesund zu. Genie\u00dfen Sie ein Barbecue, wann immer Sie wollen und auf jeder beliebigen W\u00e4rmequelle! Creuset bietet eine gro\u00dfe Auswahl an Gusseisenplatten, das breiteste Sortiment auf dem Markt. Entscheiden Sie sich f\u00fcr eine [&hellip;]<\/p>\n","protected":false},"featured_media":6346600,"template":"","meta":{"_acf_changed":false},"product_cat":[12128,11667,12099],"product_tag":[],"class_list":{"0":"post-49125","1":"product","2":"type-product","3":"status-publish","4":"has-post-thumbnail","6":"product_cat-grillpfannen","7":"product_cat-padelle-pentole","8":"product_cat-toepfe-pfannen","10":"first","11":"instock","12":"sale","13":"taxable","14":"shipping-taxable","15":"purchasable","16":"product-type-simple","swatches":"rey-swatches","show_selected":"","stretch_labels":"rey-swatches--stretch-labels"},"acf":[],"yoast_head":"<!-- This site is optimized with the Yoast SEO plugin v25.4 - https:\/\/yoast.com\/wordpress\/plugins\/seo\/ -->\n<title>LE CREUSET Bistro Grillplatte aus Gusseisen 32 cm Kirschrot - dev6 Erresse<\/title>\n<meta name=\"description\" content=\"Die richtige Gr\u00f6\u00dfe f\u00fcr die ganze Familie! Mit dem runden Grill bereiten Sie Fleisch und Fisch f\u00fcr jedermann schnell und vor allem gesund zu. Genie\u00dfen Sie\" \/>\n<meta name=\"robots\" content=\"noindex, follow, max-snippet:-1, max-image-preview:large, max-video-preview:-1\" \/>\n<meta property=\"og:locale\" content=\"de_DE\" \/>\n<meta property=\"og:type\" content=\"article\" \/>\n<meta property=\"og:title\" content=\"LE CREUSET Bistro Grillplatte aus Gusseisen 32 cm Kirschrot - dev6 Erresse\" \/>\n<meta property=\"og:description\" content=\"Die richtige Gr\u00f6\u00dfe f\u00fcr die ganze Familie! Mit dem runden Grill bereiten Sie Fleisch und Fisch f\u00fcr jedermann schnell und vor allem gesund zu. Genie\u00dfen Sie\" \/>\n<meta property=\"og:url\" content=\"https:\/\/dev6.erresse-shop.it\/de\/shop\/toepfe-pfannen\/grillpfannen\/le-creuset-bistro-grillplatte-aus-gusseisen-32-cm-kirschrot\/\" \/>\n<meta property=\"og:site_name\" content=\"dev6 Erresse\" \/>\n<meta property=\"og:image\" content=\"https:\/\/interpim.erresse-shop.it\/Import\/Prodotti\/le-creuset-grill-rotondo-extralarge-32-cm-ciliegia.png\" \/><meta property=\"og:image\" content=\"https:\/\/interpim.erresse-shop.it\/Import\/Prodotti\/le-creuset-grill-rotondo-extralarge-32-cm-ciliegia.png\" \/>\n\t<meta property=\"og:image:width\" content=\"1024\" \/>\n\t<meta property=\"og:image:height\" content=\"1024\" \/>\n\t<meta property=\"og:image:type\" content=\"image\/jpeg\" \/>\n<meta name=\"twitter:card\" content=\"summary_large_image\" \/>\n<meta name=\"twitter:image\" content=\"https:\/\/interpim.erresse-shop.it\/Import\/Prodotti\/le-creuset-grill-rotondo-extralarge-32-cm-ciliegia.png\" \/>\n<script type=\"application\/ld+json\" class=\"yoast-schema-graph\">{\"@context\":\"https:\/\/schema.org\",\"@graph\":[{\"@type\":\"WebPage\",\"@id\":\"https:\/\/dev6.erresse-shop.it\/de\/shop\/toepfe-pfannen\/grillpfannen\/le-creuset-bistro-grillplatte-aus-gusseisen-32-cm-kirschrot\/\",\"url\":\"https:\/\/dev6.erresse-shop.it\/de\/shop\/toepfe-pfannen\/grillpfannen\/le-creuset-bistro-grillplatte-aus-gusseisen-32-cm-kirschrot\/\",\"name\":\"LE CREUSET Bistro Grillplatte aus Gusseisen 32 cm Kirschrot - dev6 Erresse\",\"isPartOf\":{\"@id\":\"https:\/\/dev6.erresse-shop.it\/#website\"},\"primaryImageOfPage\":{\"@id\":\"https:\/\/dev6.erresse-shop.it\/de\/shop\/toepfe-pfannen\/grillpfannen\/le-creuset-bistro-grillplatte-aus-gusseisen-32-cm-kirschrot\/#primaryimage\"},\"image\":{\"@id\":\"https:\/\/dev6.erresse-shop.it\/de\/shop\/toepfe-pfannen\/grillpfannen\/le-creuset-bistro-grillplatte-aus-gusseisen-32-cm-kirschrot\/#primaryimage\"},\"thumbnailUrl\":\"https:\/\/i3.wp.com\/interpim.erresse-shop.it\/Import\/Prodotti\/le-creuset-grill-rotondo-extralarge-32-cm-ciliegia.png?ssl=1\",\"datePublished\":\"2026-04-12T06:19:51+00:00\",\"description\":\"Die richtige Gr\u00f6\u00dfe f\u00fcr die ganze Familie! Mit dem runden Grill bereiten Sie Fleisch und Fisch f\u00fcr jedermann schnell und vor allem gesund zu. Genie\u00dfen Sie\",\"breadcrumb\":{\"@id\":\"https:\/\/dev6.erresse-shop.it\/de\/shop\/toepfe-pfannen\/grillpfannen\/le-creuset-bistro-grillplatte-aus-gusseisen-32-cm-kirschrot\/#breadcrumb\"},\"inLanguage\":\"de\",\"potentialAction\":[{\"@type\":\"ReadAction\",\"target\":[\"https:\/\/dev6.erresse-shop.it\/de\/shop\/toepfe-pfannen\/grillpfannen\/le-creuset-bistro-grillplatte-aus-gusseisen-32-cm-kirschrot\/\"]}]},{\"@type\":\"ImageObject\",\"inLanguage\":\"de\",\"@id\":\"https:\/\/dev6.erresse-shop.it\/de\/shop\/toepfe-pfannen\/grillpfannen\/le-creuset-bistro-grillplatte-aus-gusseisen-32-cm-kirschrot\/#primaryimage\",\"url\":\"https:\/\/i3.wp.com\/interpim.erresse-shop.it\/Import\/Prodotti\/le-creuset-grill-rotondo-extralarge-32-cm-ciliegia.png?ssl=1\",\"contentUrl\":\"https:\/\/i3.wp.com\/interpim.erresse-shop.it\/Import\/Prodotti\/le-creuset-grill-rotondo-extralarge-32-cm-ciliegia.png?ssl=1\"},{\"@type\":\"BreadcrumbList\",\"@id\":\"https:\/\/dev6.erresse-shop.it\/de\/shop\/toepfe-pfannen\/grillpfannen\/le-creuset-bistro-grillplatte-aus-gusseisen-32-cm-kirschrot\/#breadcrumb\",\"itemListElement\":[{\"@type\":\"ListItem\",\"position\":1,\"name\":\"Home\",\"item\":\"https:\/\/dev6.erresse-shop.it\/\"},{\"@type\":\"ListItem\",\"position\":2,\"name\":\"Shop\",\"item\":\"https:\/\/dev6.erresse-shop.it\/shop\/\"},{\"@type\":\"ListItem\",\"position\":3,\"name\":\"LE CREUSET Bistro Grillplatte aus Gusseisen 32 cm Kirschrot\"}]},{\"@type\":\"WebSite\",\"@id\":\"https:\/\/dev6.erresse-shop.it\/#website\",\"url\":\"https:\/\/dev6.erresse-shop.it\/\",\"name\":\"Erresse Shop\",\"description\":\"\",\"publisher\":{\"@id\":\"https:\/\/dev6.erresse-shop.it\/#organization\"},\"potentialAction\":[{\"@type\":\"SearchAction\",\"target\":{\"@type\":\"EntryPoint\",\"urlTemplate\":\"https:\/\/dev6.erresse-shop.it\/?s={search_term_string}\"},\"query-input\":{\"@type\":\"PropertyValueSpecification\",\"valueRequired\":true,\"valueName\":\"search_term_string\"}}],\"inLanguage\":\"de\"},{\"@type\":\"Organization\",\"@id\":\"https:\/\/dev6.erresse-shop.it\/#organization\",\"name\":\"Erresse Shop\",\"url\":\"https:\/\/dev6.erresse-shop.it\/\",\"logo\":{\"@type\":\"ImageObject\",\"inLanguage\":\"de\",\"@id\":\"https:\/\/dev6.erresse-shop.it\/#\/schema\/logo\/image\/\",\"url\":\"https:\/\/dev6.erresse-shop.it\/wp-content\/uploads\/2025\/01\/LOGO-ERRESSE-CLASSICO.svg\",\"contentUrl\":\"https:\/\/dev6.erresse-shop.it\/wp-content\/uploads\/2025\/01\/LOGO-ERRESSE-CLASSICO.svg\",\"caption\":\"Erresse Shop\"},\"image\":{\"@id\":\"https:\/\/dev6.erresse-shop.it\/#\/schema\/logo\/image\/\"}}]}<\/script>\n<!-- \/ Yoast SEO plugin. -->","yoast_head_json":{"title":"LE CREUSET Bistro Grillplatte aus Gusseisen 32 cm Kirschrot - dev6 Erresse","description":"Die richtige Gr\u00f6\u00dfe f\u00fcr die ganze Familie! Mit dem runden Grill bereiten Sie Fleisch und Fisch f\u00fcr jedermann schnell und vor allem gesund zu. Genie\u00dfen Sie","robots":{"index":"noindex","follow":"follow","max-snippet":"max-snippet:-1","max-image-preview":"max-image-preview:large","max-video-preview":"max-video-preview:-1"},"og_locale":"de_DE","og_type":"article","og_title":"LE CREUSET Bistro Grillplatte aus Gusseisen 32 cm Kirschrot - dev6 Erresse","og_description":"Die richtige Gr\u00f6\u00dfe f\u00fcr die ganze Familie! Mit dem runden Grill bereiten Sie Fleisch und Fisch f\u00fcr jedermann schnell und vor allem gesund zu. Genie\u00dfen Sie","og_url":"https:\/\/dev6.erresse-shop.it\/de\/shop\/toepfe-pfannen\/grillpfannen\/le-creuset-bistro-grillplatte-aus-gusseisen-32-cm-kirschrot\/","og_site_name":"dev6 Erresse","og_image":[{"url":"https:\/\/interpim.erresse-shop.it\/Import\/Prodotti\/le-creuset-grill-rotondo-extralarge-32-cm-ciliegia.png","type":"","width":"","height":""},{"url":"https:\/\/interpim.erresse-shop.it\/Import\/Prodotti\/le-creuset-grill-rotondo-extralarge-32-cm-ciliegia.png","width":1024,"height":1024,"type":"image\/jpeg"}],"twitter_card":"summary_large_image","twitter_image":"https:\/\/interpim.erresse-shop.it\/Import\/Prodotti\/le-creuset-grill-rotondo-extralarge-32-cm-ciliegia.png","schema":{"@context":"https:\/\/schema.org","@graph":[{"@type":"WebPage","@id":"https:\/\/dev6.erresse-shop.it\/de\/shop\/toepfe-pfannen\/grillpfannen\/le-creuset-bistro-grillplatte-aus-gusseisen-32-cm-kirschrot\/","url":"https:\/\/dev6.erresse-shop.it\/de\/shop\/toepfe-pfannen\/grillpfannen\/le-creuset-bistro-grillplatte-aus-gusseisen-32-cm-kirschrot\/","name":"LE CREUSET Bistro Grillplatte aus Gusseisen 32 cm Kirschrot - dev6 Erresse","isPartOf":{"@id":"https:\/\/dev6.erresse-shop.it\/#website"},"primaryImageOfPage":{"@id":"https:\/\/dev6.erresse-shop.it\/de\/shop\/toepfe-pfannen\/grillpfannen\/le-creuset-bistro-grillplatte-aus-gusseisen-32-cm-kirschrot\/#primaryimage"},"image":{"@id":"https:\/\/dev6.erresse-shop.it\/de\/shop\/toepfe-pfannen\/grillpfannen\/le-creuset-bistro-grillplatte-aus-gusseisen-32-cm-kirschrot\/#primaryimage"},"thumbnailUrl":"https:\/\/i3.wp.com\/interpim.erresse-shop.it\/Import\/Prodotti\/le-creuset-grill-rotondo-extralarge-32-cm-ciliegia.png?ssl=1","datePublished":"2026-04-12T06:19:51+00:00","description":"Die richtige Gr\u00f6\u00dfe f\u00fcr die ganze Familie! Mit dem runden Grill bereiten Sie Fleisch und Fisch f\u00fcr jedermann schnell und vor allem gesund zu. Genie\u00dfen Sie","breadcrumb":{"@id":"https:\/\/dev6.erresse-shop.it\/de\/shop\/toepfe-pfannen\/grillpfannen\/le-creuset-bistro-grillplatte-aus-gusseisen-32-cm-kirschrot\/#breadcrumb"},"inLanguage":"de","potentialAction":[{"@type":"ReadAction","target":["https:\/\/dev6.erresse-shop.it\/de\/shop\/toepfe-pfannen\/grillpfannen\/le-creuset-bistro-grillplatte-aus-gusseisen-32-cm-kirschrot\/"]}]},{"@type":"ImageObject","inLanguage":"de","@id":"https:\/\/dev6.erresse-shop.it\/de\/shop\/toepfe-pfannen\/grillpfannen\/le-creuset-bistro-grillplatte-aus-gusseisen-32-cm-kirschrot\/#primaryimage","url":"https:\/\/i3.wp.com\/interpim.erresse-shop.it\/Import\/Prodotti\/le-creuset-grill-rotondo-extralarge-32-cm-ciliegia.png?ssl=1","contentUrl":"https:\/\/i3.wp.com\/interpim.erresse-shop.it\/Import\/Prodotti\/le-creuset-grill-rotondo-extralarge-32-cm-ciliegia.png?ssl=1"},{"@type":"BreadcrumbList","@id":"https:\/\/dev6.erresse-shop.it\/de\/shop\/toepfe-pfannen\/grillpfannen\/le-creuset-bistro-grillplatte-aus-gusseisen-32-cm-kirschrot\/#breadcrumb","itemListElement":[{"@type":"ListItem","position":1,"name":"Home","item":"https:\/\/dev6.erresse-shop.it\/"},{"@type":"ListItem","position":2,"name":"Shop","item":"https:\/\/dev6.erresse-shop.it\/shop\/"},{"@type":"ListItem","position":3,"name":"LE CREUSET Bistro Grillplatte aus Gusseisen 32 cm Kirschrot"}]},{"@type":"WebSite","@id":"https:\/\/dev6.erresse-shop.it\/#website","url":"https:\/\/dev6.erresse-shop.it\/","name":"Erresse Shop","description":"","publisher":{"@id":"https:\/\/dev6.erresse-shop.it\/#organization"},"potentialAction":[{"@type":"SearchAction","target":{"@type":"EntryPoint","urlTemplate":"https:\/\/dev6.erresse-shop.it\/?s={search_term_string}"},"query-input":{"@type":"PropertyValueSpecification","valueRequired":true,"valueName":"search_term_string"}}],"inLanguage":"de"},{"@type":"Organization","@id":"https:\/\/dev6.erresse-shop.it\/#organization","name":"Erresse Shop","url":"https:\/\/dev6.erresse-shop.it\/","logo":{"@type":"ImageObject","inLanguage":"de","@id":"https:\/\/dev6.erresse-shop.it\/#\/schema\/logo\/image\/","url":"https:\/\/dev6.erresse-shop.it\/wp-content\/uploads\/2025\/01\/LOGO-ERRESSE-CLASSICO.svg","contentUrl":"https:\/\/dev6.erresse-shop.it\/wp-content\/uploads\/2025\/01\/LOGO-ERRESSE-CLASSICO.svg","caption":"Erresse Shop"},"image":{"@id":"https:\/\/dev6.erresse-shop.it\/#\/schema\/logo\/image\/"}}]}},"df_price":144.95,"df_sale_price":144.95,"df_regular_price":169,"df_image_link":"https:\/\/i3.wp.com\/interpim.erresse-shop.it\/Import\/Prodotti\/le-creuset-grill-rotondo-extralarge-32-cm-ciliegia.png?resize=300,300&ssl=1","fifu_image_url":"https:\/\/interpim.erresse-shop.it\/Import\/Prodotti\/le-creuset-grill-rotondo-extralarge-32-cm-ciliegia.png","_links":{"self":[{"href":"https:\/\/dev6.erresse-shop.it\/de\/wp-json\/wp\/v2\/product\/49125","targetHints":{"allow":["GET"]}}],"collection":[{"href":"https:\/\/dev6.erresse-shop.it\/de\/wp-json\/wp\/v2\/product"}],"about":[{"href":"https:\/\/dev6.erresse-shop.it\/de\/wp-json\/wp\/v2\/types\/product"}],"wp:featuredmedia":[{"embeddable":true,"href":"https:\/\/dev6.erresse-shop.it\/de\/wp-json\/wp\/v2\/media\/6346600"}],"wp:attachment":[{"href":"https:\/\/dev6.erresse-shop.it\/de\/wp-json\/wp\/v2\/media?parent=49125"}],"wp:term":[{"taxonomy":"product_cat","embeddable":true,"href":"https:\/\/dev6.erresse-shop.it\/de\/wp-json\/wp\/v2\/product_cat?post=49125"},{"taxonomy":"product_tag","embeddable":true,"href":"https:\/\/dev6.erresse-shop.it\/de\/wp-json\/wp\/v2\/product_tag?post=49125"}],"curies":[{"name":"wp","href":"https:\/\/api.w.org\/{rel}","templated":true}]}}