{"id":49115,"date":"2026-04-04T08:18:59","date_gmt":"2026-04-04T06:18:59","guid":{"rendered":"https:\/\/dev6.erresse-shop.it\/shop\/unkategorisiert\/le-creuset-rechteckige-grillpfanne-mit-silikongriff-aus-gusseisen-36-x-20-cm\/"},"modified":"2025-07-03T19:39:24","modified_gmt":"2025-07-03T17:39:24","slug":"le-creuset-rechteckige-grillpfanne-mit-silikongriff-aus-gusseisen-36-x-20-cm","status":"publish","type":"product","link":"https:\/\/dev6.erresse-shop.it\/de\/shop\/toepfe-pfannen\/grillpfannen\/le-creuset-rechteckige-grillpfanne-mit-silikongriff-aus-gusseisen-36-x-20-cm\/","title":{"rendered":"LE CREUSET Rechteckige Grillpfanne mit Silikongriff aus Gusseisen 36 x 20 cm"},"content":{"rendered":"<p>Steak. H\u00e4hnchen. Fisch. Diese vielseitige Steakgrillpfanne perfektioniert jedes Filet. Die Rillen fangen das Fett auf, sodass Sie den k\u00f6stlichen Geschmack von gebratenen Speisen genie\u00dfen und gleichzeitig auf Ihre Gesundheit achten k\u00f6nnen. Der geriffelte Boden sorgt auch f\u00fcr die unverzichtbaren Gitterlinien, damit Ihre Gerichte so gut aussehen, wie sie schmecken.<\/p>\n<p>Produktinformationen<br \/>\nEin echtes Allroundtalent: geeignet f\u00fcr Backofen, Herd, Induktion oder Backofen mit Grillfunktion.<\/p>\n<p>Das Gusseisen speichert die W\u00e4rme sehr gut, perfekt f\u00fcr gleichm\u00e4\u00dfiges Kochen und Braten. Ihre k\u00f6stlichen Kreationen bleiben zudem l\u00e4nger warm auf dem Tisch.<\/p>\n<p>Handling: Diese Pfanne hat einen abnehmbaren Griff, sodass sie auch im Backofen verwendet werden kann, um Ihre Gerichte fertig zu garen und auf der perfekten Temperatur zu halten<\/p>\n<p>Kreieren Sie authentische Grillrillen f\u00fcr optisch ansprechende Gerichte.<\/p>\n<p>Perfektes Ausgie\u00dfen: Ausgie\u00dfer an den Seiten machen das Ausgie\u00dfen einfach (und tropffrei).<\/p>\n<p>Nicht zu hei\u00df: Kochen Sie mit einer gleichm\u00e4\u00dfigen, niedrigen bis mittleren Hitze, um Ihr Gusseisen zu schonen und leckere Ergebnisse zu erzielen.<\/p>\n<p>Altert anmutig: Die emaillierte Innenseite entwickelt mit der Zeit eine nat\u00fcrliche Patina, die sich \u00e4hnlich wie eine antihaftbeschichtete Oberfl\u00e4che verh\u00e4lt. Die Oberfl\u00e4che hat au\u00dferdem hervorragende Eigenschaften zum L\u00f6sen von Speisen. Reinigen Sie das Produkt nur mit Wasser, damit sich eine Patina aufbauen kann.<\/p>\n<p>Perfektes Ausgie\u00dfen: ein Ausgie\u00dfer an den Seiten macht das Ausgie\u00dfen einfach (und tropffrei).<\/p>\n<p>Branchenf\u00fchrend: Unsere Produkte werden in Herstellungsbetrieben auf der ganzen Welt aus den hochwertigsten Materialien gefertigt \u2013 damit wir die Qualit\u00e4t gew\u00e4hrleisten k\u00f6nnen, die Sie von Le Creuset erwarten.<\/p>\n<p>Material: Emailliertes Gusseisen<br \/>\nHergestellt in: Frankreich<br \/>\nGarantie: 30 Jahre<\/p>\n<p>W\u00e4rmequelle<br \/>\nBackofen mit Grillfunktion<br \/>\nBackofen<br \/>\nElektroherd<br \/>\nGlaskeramik-Kochfeld<br \/>\nGasherd<br \/>\nInduktionsherd<\/p>\n<p>Abmessungen<br \/>\nL\u00e4nge: 36.4 cm<br \/>\nBreite: 21.5 cm<br \/>\nH\u00f6he: 8 cm<br \/>\nTiefe: 1.3 cm<\/p>\n<p>Gebrauch &amp; Pflege<br \/>\nF\u00fcr den Gefrierschrank geeignet<\/p>\n<p>Sp\u00fclmaschinengeeignet<\/p>\n<p>Wir w\u00fcnschen Ihnen viel Freude beim Auspacken Ihres neuen Einkaufs! (Entfernen Sie die Aufkleber und die Verpackung.)<\/p>\n<p>Sp\u00fclen Sie Ihr Produkt von Le Creuset vor dem ersten Gebrauch mit hei\u00dfem Sp\u00fclwasser; sp\u00fclen Sie es abschlie\u00dfend gr\u00fcndlich ab und trocknen Sie es.<\/p>\n<p>Sch\u00fctzen Sie sich \u2013 verwenden Sie beim Umgang mit hei\u00dfen Gegenst\u00e4nden stets Ofenhandschuhe.<\/p>\n<p>Wir empfehlen, nur K\u00fcchenhelfer aus Silikon, Holz oder hitzebest\u00e4ndigem Kunststoff von Le Creuset zu verwenden. Verwenden Sie KEINE Messer oder Metallutensilien, da dies zu Verf\u00e4rbungen und Kratzern auf der emaillierten Oberfl\u00e4che des Produkts f\u00fchren kann.<\/p>\n<p>Verwenden Sie das Produkt auf dem Kochfeld mit der am besten geeigneten Gr\u00f6\u00dfe \u2013 dadurch werden Ihre Speisen gleichm\u00e4\u00dfiger gegart und das Risiko von Besch\u00e4digungen an den Griffen und Seiten verringert. Dies ist besonders wichtig bei Induktionsherden: Wenn Sie ein Kochfeld mit falschem Durchmesser verwenden, besteht die Gefahr, dass das Produkt vom Kochfeld nicht \u201eerkannt\u201c wird.<\/p>\n<p>Das Kochen bei mittlerer oder niedriger Hitze bringt die besten Ergebnisse \u2013 auch beim Braten und Anbraten. Lassen Sie die Pfanne allm\u00e4hlich hei\u00df werden, um gleichm\u00e4\u00dfig gegarte, wohlschmeckende Gerichte zu erzielen. Sollten Sie dennoch eine hohe Temperatur ben\u00f6tigen, mindern Sie die Hitze, sobald die gew\u00fcnschte Temperatur erreicht ist.<\/p>\n<p>Schieben Sie das Produkt niemals \u00fcber ein Glaskeramikfeld\/eine Herdplatte, da dies zu Besch\u00e4digungen der Unterseite des Produkts und der Glasplatte f\u00fchren kann. Heben Sie das Produkt stattdessen immer an und stellen Sie es auf der Oberfl\u00e4che ab.<\/p>\n<p>Lassen Sie Ihr Produkt abk\u00fchlen, bevor Sie es reinigen.<\/p>\n<p>S\u00e4ubern Sie alle Reste vom Boden und den Seiten des Produkts ab. Falls Speisereste anhaften, f\u00fcllen Sie das Produkt mit warmem Sp\u00fclwasser und lassen Sie es 15 bis 20 Minuten einweichen, bevor Sie es wie gewohnt sp\u00fclen.<\/p>\n<p>Verwenden Sie auf keiner der Oberfl\u00e4chen scheuernde Reinigungsmittel oder Metall, raue oder sehr harte Reinigungspads bzw. -b\u00fcrsten.<\/p>\n<p>Trocknen Sie die Produkte nach dem Sp\u00fclen gut ab und bewahren Sie es an einem trockenen Ort auf.<\/p>\n<p>See Movie 1See Movie 2<\/p>\n","protected":false},"excerpt":{"rendered":"<p>Steak. H\u00e4hnchen. Fisch. Diese vielseitige Steakgrillpfanne perfektioniert jedes Filet. Die Rillen fangen das Fett auf, sodass Sie den k\u00f6stlichen Geschmack von gebratenen Speisen genie\u00dfen und gleichzeitig auf Ihre Gesundheit achten k\u00f6nnen. Der geriffelte Boden sorgt auch f\u00fcr die unverzichtbaren Gitterlinien, damit Ihre Gerichte so gut aussehen, wie sie schmecken. Produktinformationen Ein echtes Allroundtalent: geeignet f\u00fcr [&hellip;]<\/p>\n","protected":false},"featured_media":6263184,"template":"","meta":{"_acf_changed":false},"product_cat":[12128,11667,12099],"product_tag":[],"class_list":{"0":"post-49115","1":"product","2":"type-product","3":"status-publish","4":"has-post-thumbnail","6":"product_cat-grillpfannen","7":"product_cat-padelle-pentole","8":"product_cat-toepfe-pfannen","10":"first","11":"instock","12":"sale","13":"taxable","14":"shipping-taxable","15":"purchasable","16":"product-type-simple","swatches":"rey-swatches","show_selected":"","stretch_labels":"rey-swatches--stretch-labels"},"acf":[],"yoast_head":"<!-- This site is optimized with the Yoast SEO plugin v25.4 - https:\/\/yoast.com\/wordpress\/plugins\/seo\/ -->\n<title>LE CREUSET Rechteckige Grillpfanne mit Silikongriff aus Gusseisen 36 x 20 cm - dev6 Erresse<\/title>\n<meta name=\"description\" content=\"Steak. H\u00e4hnchen. Fisch. Diese vielseitige Steakgrillpfanne perfektioniert jedes Filet. Die Rillen fangen das Fett auf, sodass Sie den k\u00f6stlichen Geschmack\" \/>\n<meta name=\"robots\" content=\"noindex, follow, max-snippet:-1, max-image-preview:large, max-video-preview:-1\" \/>\n<meta property=\"og:locale\" content=\"de_DE\" \/>\n<meta property=\"og:type\" content=\"article\" \/>\n<meta property=\"og:title\" content=\"LE CREUSET Rechteckige Grillpfanne mit Silikongriff aus Gusseisen 36 x 20 cm - dev6 Erresse\" \/>\n<meta property=\"og:description\" content=\"Steak. H\u00e4hnchen. Fisch. Diese vielseitige Steakgrillpfanne perfektioniert jedes Filet. Die Rillen fangen das Fett auf, sodass Sie den k\u00f6stlichen Geschmack\" \/>\n<meta property=\"og:url\" content=\"https:\/\/dev6.erresse-shop.it\/de\/shop\/toepfe-pfannen\/grillpfannen\/le-creuset-rechteckige-grillpfanne-mit-silikongriff-aus-gusseisen-36-x-20-cm\/\" \/>\n<meta property=\"og:site_name\" content=\"dev6 Erresse\" \/>\n<meta property=\"og:image\" content=\"https:\/\/interpim.erresse-shop.it\/wp-content\/uploads\/2020\/06\/LE-CREUSET-Bistecchiera-Rettangolare-con-Manico-Pieghevole-in-Silicone-36x20-cm.jpg\/le-creuset-bistecchiera-rettangolare-con-manico-pieghevole-in-silicone-36x20-cm.jpg\" \/><meta property=\"og:image\" content=\"https:\/\/interpim.erresse-shop.it\/wp-content\/uploads\/2020\/06\/LE-CREUSET-Bistecchiera-Rettangolare-con-Manico-Pieghevole-in-Silicone-36x20-cm.jpg\/le-creuset-bistecchiera-rettangolare-con-manico-pieghevole-in-silicone-36x20-cm.jpg\" \/>\n\t<meta property=\"og:image:width\" content=\"1024\" \/>\n\t<meta property=\"og:image:height\" content=\"1024\" \/>\n\t<meta property=\"og:image:type\" content=\"image\/jpeg\" \/>\n<meta name=\"twitter:card\" content=\"summary_large_image\" \/>\n<meta name=\"twitter:image\" content=\"https:\/\/interpim.erresse-shop.it\/wp-content\/uploads\/2020\/06\/LE-CREUSET-Bistecchiera-Rettangolare-con-Manico-Pieghevole-in-Silicone-36x20-cm.jpg\/le-creuset-bistecchiera-rettangolare-con-manico-pieghevole-in-silicone-36x20-cm.jpg\" \/>\n<script type=\"application\/ld+json\" class=\"yoast-schema-graph\">{\"@context\":\"https:\/\/schema.org\",\"@graph\":[{\"@type\":\"WebPage\",\"@id\":\"https:\/\/dev6.erresse-shop.it\/de\/shop\/toepfe-pfannen\/grillpfannen\/le-creuset-rechteckige-grillpfanne-mit-silikongriff-aus-gusseisen-36-x-20-cm\/\",\"url\":\"https:\/\/dev6.erresse-shop.it\/de\/shop\/toepfe-pfannen\/grillpfannen\/le-creuset-rechteckige-grillpfanne-mit-silikongriff-aus-gusseisen-36-x-20-cm\/\",\"name\":\"LE CREUSET Rechteckige Grillpfanne mit Silikongriff aus Gusseisen 36 x 20 cm - dev6 Erresse\",\"isPartOf\":{\"@id\":\"https:\/\/dev6.erresse-shop.it\/#website\"},\"primaryImageOfPage\":{\"@id\":\"https:\/\/dev6.erresse-shop.it\/de\/shop\/toepfe-pfannen\/grillpfannen\/le-creuset-rechteckige-grillpfanne-mit-silikongriff-aus-gusseisen-36-x-20-cm\/#primaryimage\"},\"image\":{\"@id\":\"https:\/\/dev6.erresse-shop.it\/de\/shop\/toepfe-pfannen\/grillpfannen\/le-creuset-rechteckige-grillpfanne-mit-silikongriff-aus-gusseisen-36-x-20-cm\/#primaryimage\"},\"thumbnailUrl\":\"https:\/\/i3.wp.com\/interpim.erresse-shop.it\/wp-content\/uploads\/2020\/06\/LE-CREUSET-Bistecchiera-Rettangolare-con-Manico-Pieghevole-in-Silicone-36x20-cm.jpg\/le-creuset-bistecchiera-rettangolare-con-manico-pieghevole-in-silicone-36x20-cm.jpg?ssl=1\",\"datePublished\":\"2026-04-04T06:18:59+00:00\",\"description\":\"Steak. H\u00e4hnchen. Fisch. Diese vielseitige Steakgrillpfanne perfektioniert jedes Filet. Die Rillen fangen das Fett auf, sodass Sie den k\u00f6stlichen Geschmack\",\"breadcrumb\":{\"@id\":\"https:\/\/dev6.erresse-shop.it\/de\/shop\/toepfe-pfannen\/grillpfannen\/le-creuset-rechteckige-grillpfanne-mit-silikongriff-aus-gusseisen-36-x-20-cm\/#breadcrumb\"},\"inLanguage\":\"de\",\"potentialAction\":[{\"@type\":\"ReadAction\",\"target\":[\"https:\/\/dev6.erresse-shop.it\/de\/shop\/toepfe-pfannen\/grillpfannen\/le-creuset-rechteckige-grillpfanne-mit-silikongriff-aus-gusseisen-36-x-20-cm\/\"]}]},{\"@type\":\"ImageObject\",\"inLanguage\":\"de\",\"@id\":\"https:\/\/dev6.erresse-shop.it\/de\/shop\/toepfe-pfannen\/grillpfannen\/le-creuset-rechteckige-grillpfanne-mit-silikongriff-aus-gusseisen-36-x-20-cm\/#primaryimage\",\"url\":\"https:\/\/i3.wp.com\/interpim.erresse-shop.it\/wp-content\/uploads\/2020\/06\/LE-CREUSET-Bistecchiera-Rettangolare-con-Manico-Pieghevole-in-Silicone-36x20-cm.jpg\/le-creuset-bistecchiera-rettangolare-con-manico-pieghevole-in-silicone-36x20-cm.jpg?ssl=1\",\"contentUrl\":\"https:\/\/i3.wp.com\/interpim.erresse-shop.it\/wp-content\/uploads\/2020\/06\/LE-CREUSET-Bistecchiera-Rettangolare-con-Manico-Pieghevole-in-Silicone-36x20-cm.jpg\/le-creuset-bistecchiera-rettangolare-con-manico-pieghevole-in-silicone-36x20-cm.jpg?ssl=1\"},{\"@type\":\"BreadcrumbList\",\"@id\":\"https:\/\/dev6.erresse-shop.it\/de\/shop\/toepfe-pfannen\/grillpfannen\/le-creuset-rechteckige-grillpfanne-mit-silikongriff-aus-gusseisen-36-x-20-cm\/#breadcrumb\",\"itemListElement\":[{\"@type\":\"ListItem\",\"position\":1,\"name\":\"Home\",\"item\":\"https:\/\/dev6.erresse-shop.it\/\"},{\"@type\":\"ListItem\",\"position\":2,\"name\":\"Shop\",\"item\":\"https:\/\/dev6.erresse-shop.it\/shop\/\"},{\"@type\":\"ListItem\",\"position\":3,\"name\":\"LE CREUSET Rechteckige Grillpfanne mit Silikongriff aus Gusseisen 36 x 20 cm\"}]},{\"@type\":\"WebSite\",\"@id\":\"https:\/\/dev6.erresse-shop.it\/#website\",\"url\":\"https:\/\/dev6.erresse-shop.it\/\",\"name\":\"Erresse Shop\",\"description\":\"\",\"publisher\":{\"@id\":\"https:\/\/dev6.erresse-shop.it\/#organization\"},\"potentialAction\":[{\"@type\":\"SearchAction\",\"target\":{\"@type\":\"EntryPoint\",\"urlTemplate\":\"https:\/\/dev6.erresse-shop.it\/?s={search_term_string}\"},\"query-input\":{\"@type\":\"PropertyValueSpecification\",\"valueRequired\":true,\"valueName\":\"search_term_string\"}}],\"inLanguage\":\"de\"},{\"@type\":\"Organization\",\"@id\":\"https:\/\/dev6.erresse-shop.it\/#organization\",\"name\":\"Erresse Shop\",\"url\":\"https:\/\/dev6.erresse-shop.it\/\",\"logo\":{\"@type\":\"ImageObject\",\"inLanguage\":\"de\",\"@id\":\"https:\/\/dev6.erresse-shop.it\/#\/schema\/logo\/image\/\",\"url\":\"https:\/\/dev6.erresse-shop.it\/wp-content\/uploads\/2025\/01\/LOGO-ERRESSE-CLASSICO.svg\",\"contentUrl\":\"https:\/\/dev6.erresse-shop.it\/wp-content\/uploads\/2025\/01\/LOGO-ERRESSE-CLASSICO.svg\",\"caption\":\"Erresse Shop\"},\"image\":{\"@id\":\"https:\/\/dev6.erresse-shop.it\/#\/schema\/logo\/image\/\"}}]}<\/script>\n<!-- \/ Yoast SEO plugin. -->","yoast_head_json":{"title":"LE CREUSET Rechteckige Grillpfanne mit Silikongriff aus Gusseisen 36 x 20 cm - dev6 Erresse","description":"Steak. H\u00e4hnchen. Fisch. Diese vielseitige Steakgrillpfanne perfektioniert jedes Filet. Die Rillen fangen das Fett auf, sodass Sie den k\u00f6stlichen Geschmack","robots":{"index":"noindex","follow":"follow","max-snippet":"max-snippet:-1","max-image-preview":"max-image-preview:large","max-video-preview":"max-video-preview:-1"},"og_locale":"de_DE","og_type":"article","og_title":"LE CREUSET Rechteckige Grillpfanne mit Silikongriff aus Gusseisen 36 x 20 cm - dev6 Erresse","og_description":"Steak. H\u00e4hnchen. Fisch. Diese vielseitige Steakgrillpfanne perfektioniert jedes Filet. Die Rillen fangen das Fett auf, sodass Sie den k\u00f6stlichen Geschmack","og_url":"https:\/\/dev6.erresse-shop.it\/de\/shop\/toepfe-pfannen\/grillpfannen\/le-creuset-rechteckige-grillpfanne-mit-silikongriff-aus-gusseisen-36-x-20-cm\/","og_site_name":"dev6 Erresse","og_image":[{"url":"https:\/\/interpim.erresse-shop.it\/wp-content\/uploads\/2020\/06\/LE-CREUSET-Bistecchiera-Rettangolare-con-Manico-Pieghevole-in-Silicone-36x20-cm.jpg\/le-creuset-bistecchiera-rettangolare-con-manico-pieghevole-in-silicone-36x20-cm.jpg","type":"","width":"","height":""},{"url":"https:\/\/interpim.erresse-shop.it\/wp-content\/uploads\/2020\/06\/LE-CREUSET-Bistecchiera-Rettangolare-con-Manico-Pieghevole-in-Silicone-36x20-cm.jpg\/le-creuset-bistecchiera-rettangolare-con-manico-pieghevole-in-silicone-36x20-cm.jpg","width":1024,"height":1024,"type":"image\/jpeg"}],"twitter_card":"summary_large_image","twitter_image":"https:\/\/interpim.erresse-shop.it\/wp-content\/uploads\/2020\/06\/LE-CREUSET-Bistecchiera-Rettangolare-con-Manico-Pieghevole-in-Silicone-36x20-cm.jpg\/le-creuset-bistecchiera-rettangolare-con-manico-pieghevole-in-silicone-36x20-cm.jpg","schema":{"@context":"https:\/\/schema.org","@graph":[{"@type":"WebPage","@id":"https:\/\/dev6.erresse-shop.it\/de\/shop\/toepfe-pfannen\/grillpfannen\/le-creuset-rechteckige-grillpfanne-mit-silikongriff-aus-gusseisen-36-x-20-cm\/","url":"https:\/\/dev6.erresse-shop.it\/de\/shop\/toepfe-pfannen\/grillpfannen\/le-creuset-rechteckige-grillpfanne-mit-silikongriff-aus-gusseisen-36-x-20-cm\/","name":"LE CREUSET Rechteckige Grillpfanne mit Silikongriff aus Gusseisen 36 x 20 cm - dev6 Erresse","isPartOf":{"@id":"https:\/\/dev6.erresse-shop.it\/#website"},"primaryImageOfPage":{"@id":"https:\/\/dev6.erresse-shop.it\/de\/shop\/toepfe-pfannen\/grillpfannen\/le-creuset-rechteckige-grillpfanne-mit-silikongriff-aus-gusseisen-36-x-20-cm\/#primaryimage"},"image":{"@id":"https:\/\/dev6.erresse-shop.it\/de\/shop\/toepfe-pfannen\/grillpfannen\/le-creuset-rechteckige-grillpfanne-mit-silikongriff-aus-gusseisen-36-x-20-cm\/#primaryimage"},"thumbnailUrl":"https:\/\/i3.wp.com\/interpim.erresse-shop.it\/wp-content\/uploads\/2020\/06\/LE-CREUSET-Bistecchiera-Rettangolare-con-Manico-Pieghevole-in-Silicone-36x20-cm.jpg\/le-creuset-bistecchiera-rettangolare-con-manico-pieghevole-in-silicone-36x20-cm.jpg?ssl=1","datePublished":"2026-04-04T06:18:59+00:00","description":"Steak. H\u00e4hnchen. Fisch. Diese vielseitige Steakgrillpfanne perfektioniert jedes Filet. Die Rillen fangen das Fett auf, sodass Sie den k\u00f6stlichen Geschmack","breadcrumb":{"@id":"https:\/\/dev6.erresse-shop.it\/de\/shop\/toepfe-pfannen\/grillpfannen\/le-creuset-rechteckige-grillpfanne-mit-silikongriff-aus-gusseisen-36-x-20-cm\/#breadcrumb"},"inLanguage":"de","potentialAction":[{"@type":"ReadAction","target":["https:\/\/dev6.erresse-shop.it\/de\/shop\/toepfe-pfannen\/grillpfannen\/le-creuset-rechteckige-grillpfanne-mit-silikongriff-aus-gusseisen-36-x-20-cm\/"]}]},{"@type":"ImageObject","inLanguage":"de","@id":"https:\/\/dev6.erresse-shop.it\/de\/shop\/toepfe-pfannen\/grillpfannen\/le-creuset-rechteckige-grillpfanne-mit-silikongriff-aus-gusseisen-36-x-20-cm\/#primaryimage","url":"https:\/\/i3.wp.com\/interpim.erresse-shop.it\/wp-content\/uploads\/2020\/06\/LE-CREUSET-Bistecchiera-Rettangolare-con-Manico-Pieghevole-in-Silicone-36x20-cm.jpg\/le-creuset-bistecchiera-rettangolare-con-manico-pieghevole-in-silicone-36x20-cm.jpg?ssl=1","contentUrl":"https:\/\/i3.wp.com\/interpim.erresse-shop.it\/wp-content\/uploads\/2020\/06\/LE-CREUSET-Bistecchiera-Rettangolare-con-Manico-Pieghevole-in-Silicone-36x20-cm.jpg\/le-creuset-bistecchiera-rettangolare-con-manico-pieghevole-in-silicone-36x20-cm.jpg?ssl=1"},{"@type":"BreadcrumbList","@id":"https:\/\/dev6.erresse-shop.it\/de\/shop\/toepfe-pfannen\/grillpfannen\/le-creuset-rechteckige-grillpfanne-mit-silikongriff-aus-gusseisen-36-x-20-cm\/#breadcrumb","itemListElement":[{"@type":"ListItem","position":1,"name":"Home","item":"https:\/\/dev6.erresse-shop.it\/"},{"@type":"ListItem","position":2,"name":"Shop","item":"https:\/\/dev6.erresse-shop.it\/shop\/"},{"@type":"ListItem","position":3,"name":"LE CREUSET Rechteckige Grillpfanne mit Silikongriff aus Gusseisen 36 x 20 cm"}]},{"@type":"WebSite","@id":"https:\/\/dev6.erresse-shop.it\/#website","url":"https:\/\/dev6.erresse-shop.it\/","name":"Erresse Shop","description":"","publisher":{"@id":"https:\/\/dev6.erresse-shop.it\/#organization"},"potentialAction":[{"@type":"SearchAction","target":{"@type":"EntryPoint","urlTemplate":"https:\/\/dev6.erresse-shop.it\/?s={search_term_string}"},"query-input":{"@type":"PropertyValueSpecification","valueRequired":true,"valueName":"search_term_string"}}],"inLanguage":"de"},{"@type":"Organization","@id":"https:\/\/dev6.erresse-shop.it\/#organization","name":"Erresse Shop","url":"https:\/\/dev6.erresse-shop.it\/","logo":{"@type":"ImageObject","inLanguage":"de","@id":"https:\/\/dev6.erresse-shop.it\/#\/schema\/logo\/image\/","url":"https:\/\/dev6.erresse-shop.it\/wp-content\/uploads\/2025\/01\/LOGO-ERRESSE-CLASSICO.svg","contentUrl":"https:\/\/dev6.erresse-shop.it\/wp-content\/uploads\/2025\/01\/LOGO-ERRESSE-CLASSICO.svg","caption":"Erresse Shop"},"image":{"@id":"https:\/\/dev6.erresse-shop.it\/#\/schema\/logo\/image\/"}}]}},"df_price":125.95,"df_sale_price":125.95,"df_regular_price":145,"df_image_link":"https:\/\/i3.wp.com\/interpim.erresse-shop.it\/wp-content\/uploads\/2020\/06\/LE-CREUSET-Bistecchiera-Rettangolare-con-Manico-Pieghevole-in-Silicone-36x20-cm.jpg\/le-creuset-bistecchiera-rettangolare-con-manico-pieghevole-in-silicone-36x20-cm.jpg?resize=300,300&ssl=1","fifu_image_url":"https:\/\/interpim.erresse-shop.it\/wp-content\/uploads\/2020\/06\/LE-CREUSET-Bistecchiera-Rettangolare-con-Manico-Pieghevole-in-Silicone-36x20-cm.jpg\/le-creuset-bistecchiera-rettangolare-con-manico-pieghevole-in-silicone-36x20-cm.jpg","_links":{"self":[{"href":"https:\/\/dev6.erresse-shop.it\/de\/wp-json\/wp\/v2\/product\/49115","targetHints":{"allow":["GET"]}}],"collection":[{"href":"https:\/\/dev6.erresse-shop.it\/de\/wp-json\/wp\/v2\/product"}],"about":[{"href":"https:\/\/dev6.erresse-shop.it\/de\/wp-json\/wp\/v2\/types\/product"}],"wp:featuredmedia":[{"embeddable":true,"href":"https:\/\/dev6.erresse-shop.it\/de\/wp-json\/wp\/v2\/media\/6263184"}],"wp:attachment":[{"href":"https:\/\/dev6.erresse-shop.it\/de\/wp-json\/wp\/v2\/media?parent=49115"}],"wp:term":[{"taxonomy":"product_cat","embeddable":true,"href":"https:\/\/dev6.erresse-shop.it\/de\/wp-json\/wp\/v2\/product_cat?post=49115"},{"taxonomy":"product_tag","embeddable":true,"href":"https:\/\/dev6.erresse-shop.it\/de\/wp-json\/wp\/v2\/product_tag?post=49115"}],"curies":[{"name":"wp","href":"https:\/\/api.w.org\/{rel}","templated":true}]}}