{"id":49091,"date":"2026-04-04T08:18:18","date_gmt":"2026-04-04T06:18:18","guid":{"rendered":"https:\/\/dev6.erresse-shop.it\/shop\/unkategorisiert\/le-creuset-aluminium-antihaft-bratreine-35-x-27-cm\/"},"modified":"2025-09-14T00:26:14","modified_gmt":"2025-09-13T22:26:14","slug":"le-creuset-aluminium-antihaft-bratreine-35-x-27-cm","status":"publish","type":"product","link":"https:\/\/dev6.erresse-shop.it\/de\/shop\/toepfe-pfannen\/toepfe-und-backformen\/le-creuset-aluminium-antihaft-bratreine-35-x-27-cm\/","title":{"rendered":"LE CREUSET Aluminium-Antihaft Bratreine 35 x 27 cm"},"content":{"rendered":"<p>Diese elegante Bratreine aus Aluminium mit Antihaftbeschichtung eignet sich f\u00fcr viele Gerichte: von \u00fcppigen Sonntagsessen bis hin zu einem schnellen Abendessen unter der Woche. Sie k\u00f6nnen damit braten, backen, pochieren oder im Wasserbad kochen. Die gro\u00dfe, rechteckige Form sorgt daf\u00fcr, dass f\u00fcr alle genug da ist.<\/p>\n<p>Produktinformationen<br \/>\n\u2013 Eigenschaften: Unsere beste Antihaftbeschichtung: Getestet, bew\u00e4hrt und mit 30 Jahre Garantie ist unsere Antihaftbeschichtung jetzt 4x st\u00e4rker. (Die Abriebfestigkeit gegen\u00fcber Metallutensilien wurde in einem unabh\u00e4ngigen Labor getestet.)<br \/>\nGleichm\u00e4\u00dfige W\u00e4rme: Die Konstruktion erm\u00f6glicht eine schnelle und gleichm\u00e4\u00dfige W\u00e4rmeleitung, ideal f\u00fcr die Zubereitung schneller und leckerer Gerichte. F\u00fcr gro\u00dfartige Ergebnisse reicht es aus, bei niedriger oder mittlerer Temperatur zu kochen.<br \/>\nGesundes Kochen, einfache Reinigung: Unsere Antihaftbeschichtung, sowohl innen als auch au\u00dfen, minimiert die Menge des ben\u00f6tigten \u00d6ls und sorgt f\u00fcr eine einfache Reinigung.<br \/>\nBleibt in Form: Unser Aluminum-Antihaft-Sortiment hat eine starke und robuste Oberfl\u00e4che, die dem t\u00e4glichen Gebrauch standh\u00e4lt.<br \/>\nSt\u00e4rkere Schichten: Wir haben die drei Antihaft-Schichten verst\u00e4rkt und so gestaltet, dass sie noch jahrelang Freude bereiten.<br \/>\n\u2013 Material: Aluminium-Guss<br \/>\n\u2013 Garantie: 30 Jahre<\/p>\n<p>W\u00e4rmequelle<br \/>\n\u2013 Backofen<br \/>\n\u2013 Backofen mit Grillfunktion<br \/>\n\u2013 Elektroherd<br \/>\n\u2013 Glaskeramik-Kochfeld<br \/>\n\u2013 Gasherd<br \/>\n\u2013 Induktionsherd<\/p>\n<p>Abmessungen<br \/>\n\u2013 Fassungsverm\u00f6gen: 5.5 l<br \/>\n\u2013 L\u00e4nge: 41.35 cm<br \/>\n\u2013 Breite: 27.87 cm<br \/>\n\u2013 H\u00f6he: 10.88 cm<br \/>\n\u2013 Tiefe: 11 cm<\/p>\n<p>Gebrauch &amp; Pflege<br \/>\n\u2013 Aufbewahrung: F\u00fcr den Gefrierschrank geeignet<br \/>\n\u2013 Pflege: Sp\u00fclmaschinengeeignet<br \/>\n\u2013 Vor dem ersten Gebrauch: Wir w\u00fcnschen Ihnen viel Freude beim Auspacken Ihres neuen Einkaufs! (Entfernen Sie die Aufkleber und die Verpackung.)<br \/>\nSp\u00fclen Sie Ihr Produkt von Le Creuset vor dem ersten Gebrauch mit hei\u00dfem Sp\u00fclwasser; sp\u00fclen Sie es abschlie\u00dfend gr\u00fcndlich ab und trocknen Sie es.<br \/>\nReiben Sie die Innenseite der antihaftbeschichteten Oberfl\u00e4che leicht mit einem Tuch mit Pflanzen- oder Mais\u00f6l ein. Das Produkt danach mit hei\u00dfem Wasser absp\u00fclen und gut abtrocknen.<br \/>\nReiben Sie die schwarze \u00e4u\u00dfere Seitenwand NICHT mit \u00d6l ein.<br \/>\n\u2013 Kochen: Sch\u00fctzen Sie sich \u2013 verwenden Sie beim Umgang mit hei\u00dfen Gegenst\u00e4nden stets Ofenhandschuhe.<br \/>\nBeim Kochen empfehlen wir, K\u00fcchenhelfer aus Silikon, Holz oder hitzebest\u00e4ndigem Kunststoff von Le Creuset zu verwenden. Metallutensilien sollten mit Vorsicht verwendet werden. Sie sollten nicht stark \u00fcber die antihaftbeschichtete Oberfl\u00e4che kratzen oder schaben. Vermeiden Sie das Abklopfen von Metallutensilien am oberen Rand von antihaftbeschichteten Produkten, um Besch\u00e4digungen zu vermeiden. Verwenden Sie KEINE elektrischen oder batteriebetriebenen Handquirle oder Mixer, Messer oder scharfen Arbeitsger\u00e4te in antihaftbeschichteten Pfannen, da diese die Oberfl\u00e4che besch\u00e4digen k\u00f6nnen.<br \/>\nVerwenden Sie das Produkt auf dem Kochfeld mit der am besten geeigneten Gr\u00f6\u00dfe \u2013 dadurch werden Ihre Speisen gleichm\u00e4\u00dfiger gegart und das Risiko von Besch\u00e4digungen an den Griffen und Seiten verringert. Dies ist besonders wichtig bei Induktionsherden: Wenn Sie ein Kochfeld mit falschem Durchmesser verwenden, besteht die Gefahr, dass das Produkt vom Kochfeld nicht \u201eerkannt\u201c wird.<br \/>\nDas Kochen bei mittlerer oder niedriger Hitze bringt die besten Ergebnisse \u2013 auch beim Braten und Anbraten. Lassen Sie die Pfanne allm\u00e4hlich hei\u00df werden, um gleichm\u00e4\u00dfig gegarte, wohlschmeckende Gerichte zu erzielen. Sollten Sie dennoch eine hohe Temperatur ben\u00f6tigen, mindern Sie die Hitze, sobald die gew\u00fcnschte Temperatur erreicht ist.<br \/>\nErhitzen Sie Ihr Produkt zum fettfreien Kochen bei mittlerer Hitze etwa f\u00fcr 2 Minuten. Geben Sie dann Ihre Lebensmittel hinzu. Lassen Sie das Produkt nicht unbeaufsichtigt und achten Sie darauf, dass die trockene antihaftbeschichtete Oberfl\u00e4che nicht \u00fcberhitzt wird. Dies k\u00f6nnte zu Besch\u00e4digungen f\u00fchren.<br \/>\n\u00d6le mit einem niedrigen Rauchpunkt (z. B. Oliven\u00f6l) k\u00f6nnen bei h\u00f6heren Temperaturen dauerhafte Besch\u00e4digungen der antihaftbeschichteten Oberfl\u00e4che und Verf\u00e4rbungen verursachen. Verwenden Sie keine Speise\u00f6le zum Aufspr\u00fchen, da sie einen niedrigen Rauchpunkt haben.<br \/>\nVermeiden Sie beim Kochen auf Induktionsherden die \u201ePower\u201c-Funktion, da sie nur zum schnellen Erhitzen gro\u00dfer Wassermengen verwendet werden sollte.<br \/>\nSchieben Sie das Produkt niemals \u00fcber ein Glaskeramikfeld\/eine Herdplatte, da dies zu Besch\u00e4digungen der Unterseite des Produkts und der Glasplatte f\u00fchren kann. Heben Sie das Produkt stattdessen immer an und stellen Sie es auf der Oberfl\u00e4che ab.<br \/>\nBei Verwendung im Backofen mit Grillfunktion sollten Sie immer einen Abstand von mindestens 6,5 cm (2\u00bd Zoll) zwischen der W\u00e4rmequelle und der Oberseite Ihres Produkts einhalten.<br \/>\nDie besten Ergebnisse erhalten Sie, wenn Sie Ihr Produkt auf ein Rost oder Backblech stellen. Stellen Sie Ihr Produkt niemals auf den Boden Ihres Backofens \u2013 dies w\u00fcrde die Gartemperatur erh\u00f6hen und zu einem schnelleren, unkontrollierten Kochen f\u00fchren, was Besch\u00e4digungen zur Folge haben k\u00f6nnte.<br \/>\n\u2013 Reinigung: Lassen Sie das Produkt vor dem Reinigen ein paar Minuten abk\u00fchlen. Tauchen Sie es niemals hei\u00df in kaltes Wasser ein oder f\u00fcllen es nicht mit kaltem Wasser, da eine \u00fcberm\u00e4\u00dfige Ver\u00e4nderung der Oberfl\u00e4chentemperatur das Produkt besch\u00e4digen kann.<br \/>\nWir empfehlen eine Reinigung von Hand mit warmem Sp\u00fclwasser und nicht in der Sp\u00fclmaschine, da die antihaftbeschichtete Oberfl\u00e4che so l\u00e4nger h\u00e4lt.<br \/>\nVerwenden Sie auf keiner der Oberfl\u00e4chen scheuernde Reinigungsmittel oder Metall, raue oder sehr harte Reinigungspads bzw. -b\u00fcrsten.<\/p>\n","protected":false},"excerpt":{"rendered":"<p>Diese elegante Bratreine aus Aluminium mit Antihaftbeschichtung eignet sich f\u00fcr viele Gerichte: von \u00fcppigen Sonntagsessen bis hin zu einem schnellen Abendessen unter der Woche. Sie k\u00f6nnen damit braten, backen, pochieren oder im Wasserbad kochen. Die gro\u00dfe, rechteckige Form sorgt daf\u00fcr, dass f\u00fcr alle genug da ist. Produktinformationen \u2013 Eigenschaften: Unsere beste Antihaftbeschichtung: Getestet, bew\u00e4hrt und [&hellip;]<\/p>\n","protected":false},"featured_media":6263011,"template":"","meta":{"_acf_changed":false},"product_cat":[12158,11667,12099],"product_tag":[],"class_list":{"0":"post-49091","1":"product","2":"type-product","3":"status-publish","4":"has-post-thumbnail","6":"product_cat-toepfe-und-backformen","7":"product_cat-padelle-pentole","8":"product_cat-toepfe-pfannen","10":"first","11":"instock","12":"sale","13":"taxable","14":"shipping-taxable","15":"purchasable","16":"product-type-simple","swatches":"rey-swatches","show_selected":"","stretch_labels":"rey-swatches--stretch-labels"},"acf":[],"yoast_head":"<!-- This site is optimized with the Yoast SEO plugin v25.4 - https:\/\/yoast.com\/wordpress\/plugins\/seo\/ -->\n<title>LE CREUSET Aluminium-Antihaft Bratreine 35 x 27 cm - dev6 Erresse<\/title>\n<meta name=\"description\" content=\"Diese elegante Bratreine aus Aluminium mit Antihaftbeschichtung eignet sich f\u00fcr viele Gerichte: von \u00fcppigen Sonntagsessen bis hin zu einem schnellen\" \/>\n<meta name=\"robots\" content=\"noindex, follow, max-snippet:-1, max-image-preview:large, max-video-preview:-1\" \/>\n<meta property=\"og:locale\" content=\"de_DE\" \/>\n<meta property=\"og:type\" content=\"article\" \/>\n<meta property=\"og:title\" content=\"LE CREUSET Aluminium-Antihaft Bratreine 35 x 27 cm - dev6 Erresse\" \/>\n<meta property=\"og:description\" content=\"Diese elegante Bratreine aus Aluminium mit Antihaftbeschichtung eignet sich f\u00fcr viele Gerichte: von \u00fcppigen Sonntagsessen bis hin zu einem schnellen\" \/>\n<meta property=\"og:url\" content=\"https:\/\/dev6.erresse-shop.it\/de\/shop\/toepfe-pfannen\/toepfe-und-backformen\/le-creuset-aluminium-antihaft-bratreine-35-x-27-cm\/\" \/>\n<meta property=\"og:site_name\" content=\"dev6 Erresse\" \/>\n<meta property=\"og:image\" content=\"https:\/\/interpim.erresse-shop.it\/Import\/Prodotti\/le-creuset-arrostiera-rettangolare-alluminio-3.jpg\" \/><meta property=\"og:image\" content=\"https:\/\/interpim.erresse-shop.it\/Import\/Prodotti\/le-creuset-arrostiera-rettangolare-alluminio-3.jpg\" \/>\n\t<meta property=\"og:image:width\" content=\"1024\" \/>\n\t<meta property=\"og:image:height\" content=\"1024\" \/>\n\t<meta property=\"og:image:type\" content=\"image\/jpeg\" \/>\n<meta name=\"twitter:card\" content=\"summary_large_image\" \/>\n<meta name=\"twitter:image\" content=\"https:\/\/interpim.erresse-shop.it\/Import\/Prodotti\/le-creuset-arrostiera-rettangolare-alluminio-3.jpg\" \/>\n<script type=\"application\/ld+json\" class=\"yoast-schema-graph\">{\"@context\":\"https:\/\/schema.org\",\"@graph\":[{\"@type\":\"WebPage\",\"@id\":\"https:\/\/dev6.erresse-shop.it\/de\/shop\/toepfe-pfannen\/toepfe-und-backformen\/le-creuset-aluminium-antihaft-bratreine-35-x-27-cm\/\",\"url\":\"https:\/\/dev6.erresse-shop.it\/de\/shop\/toepfe-pfannen\/toepfe-und-backformen\/le-creuset-aluminium-antihaft-bratreine-35-x-27-cm\/\",\"name\":\"LE CREUSET Aluminium-Antihaft Bratreine 35 x 27 cm - dev6 Erresse\",\"isPartOf\":{\"@id\":\"https:\/\/dev6.erresse-shop.it\/#website\"},\"primaryImageOfPage\":{\"@id\":\"https:\/\/dev6.erresse-shop.it\/de\/shop\/toepfe-pfannen\/toepfe-und-backformen\/le-creuset-aluminium-antihaft-bratreine-35-x-27-cm\/#primaryimage\"},\"image\":{\"@id\":\"https:\/\/dev6.erresse-shop.it\/de\/shop\/toepfe-pfannen\/toepfe-und-backformen\/le-creuset-aluminium-antihaft-bratreine-35-x-27-cm\/#primaryimage\"},\"thumbnailUrl\":\"https:\/\/i1.wp.com\/interpim.erresse-shop.it\/Import\/Prodotti\/le-creuset-arrostiera-rettangolare-alluminio-3.jpg?ssl=1\",\"datePublished\":\"2026-04-04T06:18:18+00:00\",\"description\":\"Diese elegante Bratreine aus Aluminium mit Antihaftbeschichtung eignet sich f\u00fcr viele Gerichte: von \u00fcppigen Sonntagsessen bis hin zu einem schnellen\",\"breadcrumb\":{\"@id\":\"https:\/\/dev6.erresse-shop.it\/de\/shop\/toepfe-pfannen\/toepfe-und-backformen\/le-creuset-aluminium-antihaft-bratreine-35-x-27-cm\/#breadcrumb\"},\"inLanguage\":\"de\",\"potentialAction\":[{\"@type\":\"ReadAction\",\"target\":[\"https:\/\/dev6.erresse-shop.it\/de\/shop\/toepfe-pfannen\/toepfe-und-backformen\/le-creuset-aluminium-antihaft-bratreine-35-x-27-cm\/\"]}]},{\"@type\":\"ImageObject\",\"inLanguage\":\"de\",\"@id\":\"https:\/\/dev6.erresse-shop.it\/de\/shop\/toepfe-pfannen\/toepfe-und-backformen\/le-creuset-aluminium-antihaft-bratreine-35-x-27-cm\/#primaryimage\",\"url\":\"https:\/\/i1.wp.com\/interpim.erresse-shop.it\/Import\/Prodotti\/le-creuset-arrostiera-rettangolare-alluminio-3.jpg?ssl=1\",\"contentUrl\":\"https:\/\/i1.wp.com\/interpim.erresse-shop.it\/Import\/Prodotti\/le-creuset-arrostiera-rettangolare-alluminio-3.jpg?ssl=1\"},{\"@type\":\"BreadcrumbList\",\"@id\":\"https:\/\/dev6.erresse-shop.it\/de\/shop\/toepfe-pfannen\/toepfe-und-backformen\/le-creuset-aluminium-antihaft-bratreine-35-x-27-cm\/#breadcrumb\",\"itemListElement\":[{\"@type\":\"ListItem\",\"position\":1,\"name\":\"Home\",\"item\":\"https:\/\/dev6.erresse-shop.it\/\"},{\"@type\":\"ListItem\",\"position\":2,\"name\":\"Shop\",\"item\":\"https:\/\/dev6.erresse-shop.it\/shop\/\"},{\"@type\":\"ListItem\",\"position\":3,\"name\":\"LE CREUSET Aluminium-Antihaft Bratreine 35 x 27 cm\"}]},{\"@type\":\"WebSite\",\"@id\":\"https:\/\/dev6.erresse-shop.it\/#website\",\"url\":\"https:\/\/dev6.erresse-shop.it\/\",\"name\":\"Erresse Shop\",\"description\":\"\",\"publisher\":{\"@id\":\"https:\/\/dev6.erresse-shop.it\/#organization\"},\"potentialAction\":[{\"@type\":\"SearchAction\",\"target\":{\"@type\":\"EntryPoint\",\"urlTemplate\":\"https:\/\/dev6.erresse-shop.it\/?s={search_term_string}\"},\"query-input\":{\"@type\":\"PropertyValueSpecification\",\"valueRequired\":true,\"valueName\":\"search_term_string\"}}],\"inLanguage\":\"de\"},{\"@type\":\"Organization\",\"@id\":\"https:\/\/dev6.erresse-shop.it\/#organization\",\"name\":\"Erresse Shop\",\"url\":\"https:\/\/dev6.erresse-shop.it\/\",\"logo\":{\"@type\":\"ImageObject\",\"inLanguage\":\"de\",\"@id\":\"https:\/\/dev6.erresse-shop.it\/#\/schema\/logo\/image\/\",\"url\":\"https:\/\/dev6.erresse-shop.it\/wp-content\/uploads\/2025\/01\/LOGO-ERRESSE-CLASSICO.svg\",\"contentUrl\":\"https:\/\/dev6.erresse-shop.it\/wp-content\/uploads\/2025\/01\/LOGO-ERRESSE-CLASSICO.svg\",\"caption\":\"Erresse Shop\"},\"image\":{\"@id\":\"https:\/\/dev6.erresse-shop.it\/#\/schema\/logo\/image\/\"}}]}<\/script>\n<!-- \/ Yoast SEO plugin. -->","yoast_head_json":{"title":"LE CREUSET Aluminium-Antihaft Bratreine 35 x 27 cm - dev6 Erresse","description":"Diese elegante Bratreine aus Aluminium mit Antihaftbeschichtung eignet sich f\u00fcr viele Gerichte: von \u00fcppigen Sonntagsessen bis hin zu einem schnellen","robots":{"index":"noindex","follow":"follow","max-snippet":"max-snippet:-1","max-image-preview":"max-image-preview:large","max-video-preview":"max-video-preview:-1"},"og_locale":"de_DE","og_type":"article","og_title":"LE CREUSET Aluminium-Antihaft Bratreine 35 x 27 cm - dev6 Erresse","og_description":"Diese elegante Bratreine aus Aluminium mit Antihaftbeschichtung eignet sich f\u00fcr viele Gerichte: von \u00fcppigen Sonntagsessen bis hin zu einem schnellen","og_url":"https:\/\/dev6.erresse-shop.it\/de\/shop\/toepfe-pfannen\/toepfe-und-backformen\/le-creuset-aluminium-antihaft-bratreine-35-x-27-cm\/","og_site_name":"dev6 Erresse","og_image":[{"url":"https:\/\/interpim.erresse-shop.it\/Import\/Prodotti\/le-creuset-arrostiera-rettangolare-alluminio-3.jpg","type":"","width":"","height":""},{"url":"https:\/\/interpim.erresse-shop.it\/Import\/Prodotti\/le-creuset-arrostiera-rettangolare-alluminio-3.jpg","width":1024,"height":1024,"type":"image\/jpeg"}],"twitter_card":"summary_large_image","twitter_image":"https:\/\/interpim.erresse-shop.it\/Import\/Prodotti\/le-creuset-arrostiera-rettangolare-alluminio-3.jpg","schema":{"@context":"https:\/\/schema.org","@graph":[{"@type":"WebPage","@id":"https:\/\/dev6.erresse-shop.it\/de\/shop\/toepfe-pfannen\/toepfe-und-backformen\/le-creuset-aluminium-antihaft-bratreine-35-x-27-cm\/","url":"https:\/\/dev6.erresse-shop.it\/de\/shop\/toepfe-pfannen\/toepfe-und-backformen\/le-creuset-aluminium-antihaft-bratreine-35-x-27-cm\/","name":"LE CREUSET Aluminium-Antihaft Bratreine 35 x 27 cm - dev6 Erresse","isPartOf":{"@id":"https:\/\/dev6.erresse-shop.it\/#website"},"primaryImageOfPage":{"@id":"https:\/\/dev6.erresse-shop.it\/de\/shop\/toepfe-pfannen\/toepfe-und-backformen\/le-creuset-aluminium-antihaft-bratreine-35-x-27-cm\/#primaryimage"},"image":{"@id":"https:\/\/dev6.erresse-shop.it\/de\/shop\/toepfe-pfannen\/toepfe-und-backformen\/le-creuset-aluminium-antihaft-bratreine-35-x-27-cm\/#primaryimage"},"thumbnailUrl":"https:\/\/i1.wp.com\/interpim.erresse-shop.it\/Import\/Prodotti\/le-creuset-arrostiera-rettangolare-alluminio-3.jpg?ssl=1","datePublished":"2026-04-04T06:18:18+00:00","description":"Diese elegante Bratreine aus Aluminium mit Antihaftbeschichtung eignet sich f\u00fcr viele Gerichte: von \u00fcppigen Sonntagsessen bis hin zu einem schnellen","breadcrumb":{"@id":"https:\/\/dev6.erresse-shop.it\/de\/shop\/toepfe-pfannen\/toepfe-und-backformen\/le-creuset-aluminium-antihaft-bratreine-35-x-27-cm\/#breadcrumb"},"inLanguage":"de","potentialAction":[{"@type":"ReadAction","target":["https:\/\/dev6.erresse-shop.it\/de\/shop\/toepfe-pfannen\/toepfe-und-backformen\/le-creuset-aluminium-antihaft-bratreine-35-x-27-cm\/"]}]},{"@type":"ImageObject","inLanguage":"de","@id":"https:\/\/dev6.erresse-shop.it\/de\/shop\/toepfe-pfannen\/toepfe-und-backformen\/le-creuset-aluminium-antihaft-bratreine-35-x-27-cm\/#primaryimage","url":"https:\/\/i1.wp.com\/interpim.erresse-shop.it\/Import\/Prodotti\/le-creuset-arrostiera-rettangolare-alluminio-3.jpg?ssl=1","contentUrl":"https:\/\/i1.wp.com\/interpim.erresse-shop.it\/Import\/Prodotti\/le-creuset-arrostiera-rettangolare-alluminio-3.jpg?ssl=1"},{"@type":"BreadcrumbList","@id":"https:\/\/dev6.erresse-shop.it\/de\/shop\/toepfe-pfannen\/toepfe-und-backformen\/le-creuset-aluminium-antihaft-bratreine-35-x-27-cm\/#breadcrumb","itemListElement":[{"@type":"ListItem","position":1,"name":"Home","item":"https:\/\/dev6.erresse-shop.it\/"},{"@type":"ListItem","position":2,"name":"Shop","item":"https:\/\/dev6.erresse-shop.it\/shop\/"},{"@type":"ListItem","position":3,"name":"LE CREUSET Aluminium-Antihaft Bratreine 35 x 27 cm"}]},{"@type":"WebSite","@id":"https:\/\/dev6.erresse-shop.it\/#website","url":"https:\/\/dev6.erresse-shop.it\/","name":"Erresse Shop","description":"","publisher":{"@id":"https:\/\/dev6.erresse-shop.it\/#organization"},"potentialAction":[{"@type":"SearchAction","target":{"@type":"EntryPoint","urlTemplate":"https:\/\/dev6.erresse-shop.it\/?s={search_term_string}"},"query-input":{"@type":"PropertyValueSpecification","valueRequired":true,"valueName":"search_term_string"}}],"inLanguage":"de"},{"@type":"Organization","@id":"https:\/\/dev6.erresse-shop.it\/#organization","name":"Erresse Shop","url":"https:\/\/dev6.erresse-shop.it\/","logo":{"@type":"ImageObject","inLanguage":"de","@id":"https:\/\/dev6.erresse-shop.it\/#\/schema\/logo\/image\/","url":"https:\/\/dev6.erresse-shop.it\/wp-content\/uploads\/2025\/01\/LOGO-ERRESSE-CLASSICO.svg","contentUrl":"https:\/\/dev6.erresse-shop.it\/wp-content\/uploads\/2025\/01\/LOGO-ERRESSE-CLASSICO.svg","caption":"Erresse Shop"},"image":{"@id":"https:\/\/dev6.erresse-shop.it\/#\/schema\/logo\/image\/"}}]}},"df_price":139.95,"df_sale_price":139.95,"df_regular_price":189,"df_image_link":"https:\/\/i1.wp.com\/interpim.erresse-shop.it\/Import\/Prodotti\/le-creuset-arrostiera-rettangolare-alluminio-3.jpg?resize=300,300&ssl=1","fifu_image_url":"https:\/\/interpim.erresse-shop.it\/Import\/Prodotti\/le-creuset-arrostiera-rettangolare-alluminio-3.jpg","_links":{"self":[{"href":"https:\/\/dev6.erresse-shop.it\/de\/wp-json\/wp\/v2\/product\/49091","targetHints":{"allow":["GET"]}}],"collection":[{"href":"https:\/\/dev6.erresse-shop.it\/de\/wp-json\/wp\/v2\/product"}],"about":[{"href":"https:\/\/dev6.erresse-shop.it\/de\/wp-json\/wp\/v2\/types\/product"}],"wp:featuredmedia":[{"embeddable":true,"href":"https:\/\/dev6.erresse-shop.it\/de\/wp-json\/wp\/v2\/media\/6263011"}],"wp:attachment":[{"href":"https:\/\/dev6.erresse-shop.it\/de\/wp-json\/wp\/v2\/media?parent=49091"}],"wp:term":[{"taxonomy":"product_cat","embeddable":true,"href":"https:\/\/dev6.erresse-shop.it\/de\/wp-json\/wp\/v2\/product_cat?post=49091"},{"taxonomy":"product_tag","embeddable":true,"href":"https:\/\/dev6.erresse-shop.it\/de\/wp-json\/wp\/v2\/product_tag?post=49091"}],"curies":[{"name":"wp","href":"https:\/\/api.w.org\/{rel}","templated":true}]}}