{"id":49069,"date":"2026-04-10T08:57:44","date_gmt":"2026-04-10T06:57:44","guid":{"rendered":"https:\/\/dev6.erresse-shop.it\/shop\/unkategorisiert\/le-creuset-aluminium-antihaft-fleischtopf-20cm\/"},"modified":"2025-11-27T16:52:49","modified_gmt":"2025-11-27T15:52:49","slug":"le-creuset-aluminium-antihaft-fleischtopf-20cm","status":"publish","type":"product","link":"https:\/\/dev6.erresse-shop.it\/de\/shop\/toepfe-pfannen\/toepfe-und-kochtoepfen\/le-creuset-aluminium-antihaft-fleischtopf-20cm\/","title":{"rendered":"LE CREUSET Aluminium-Antihaft Fleischtopf 20cm"},"content":{"rendered":"<p>Ausgestattet mit zwei ergonomischen Griffen, die einen bequemen Griff einschlie\u00dflich Glasdeckel erm\u00f6glichen, ist der Le Creuset Topf mit Deckel dank seiner Tiefe \u00e4u\u00dferst vielseitig. Ideal f\u00fcr alle Arten von Zubereitungen: von Nudeln \u00fcber Braten bis hin zu Saucen. Was auch immer das Rezept ist, mit diesem Topf k\u00f6nnen Sie es schnell zubereiten. Unentbehrlich f\u00fcr diejenigen, die sich gesund ern\u00e4hren wollen, erlaubt er Ihnen, ohne Zugabe von \u00d6l zu kochen.<\/p>\n<p>Le Creuset verwendet nur die besten Materialien und die fortschrittlichsten Produktionstechniken, ohne Kompromisse bei der Qualit\u00e4t einzugehen. Aus diesem Grund werden unsere Produkte von Profik\u00f6chen aus der ganzen Welt verwendet, die die Garantie einer au\u00dfergew\u00f6hnlichen und konstanten Leistung im Laufe der Zeit verlangen.<\/p>\n<p>UNSERE BESTE ANTIHAFTBESCHICHTUNG ALLER ZEITEN*.<br \/>\nJetzt 4 Mal widerstandsf\u00e4higer* Die neue verst\u00e4rkte Beschichtung, die im Inneren jeder Le Creuset Antihaftpfanne verwendet wird, ist jetzt noch widerstandsf\u00e4higer gegen Abrieb und tr\u00e4gt dazu bei, das urspr\u00fcngliche Aussehen zu erhalten. Unsere Antihaftbeschichtung bl\u00e4ttert w\u00e4hrend des Gebrauchs niemals ab und ist leicht zu reinigen: Die Lebensmittel l\u00f6sen sich perfekt ab, so dass Sie mit wenig oder gar keinem Fett oder \u00d6l und auf gesunde Weise kochen k\u00f6nnen.<\/p>\n<p>6-SCHICHT-AUFBAU<br \/>\nUnser spezieller 6-Schichtaufbau ist robust, langlebig und gleichzeitig leicht und praktisch f\u00fcr den t\u00e4glichen Gebrauch. Der K\u00f6rper aus eloxiertem Aluminium ist noch widerstandsf\u00e4higer, verformt oder verbiegt sich nicht bei Hitze und garantiert perfektes Garen dank der gleichm\u00e4\u00dfigen W\u00e4rmeverteilung in allen Teilen der Pfanne (nicht nur im Boden) f\u00fcr ein richtiges Anbraten und Kochen.<\/p>\n<p>Die Merkmale des Le Creuset Antihaft-Aluminiums auf den Punkt gebracht:<\/p>\n<p>VERSATILIT\u00c4T<br \/>\nDas vielseitig einsetzbare Antihaft-Aluminium ist ideal f\u00fcr das schnelle und schmackhafte Kochen von Speisen. Diese Pfannen eignen sich zum Schmoren, Anbraten, Frittieren, aber auch zum Braten oder Backen, aber auch zum Garen von Gem\u00fcse, zum Braten und Schmoren oder sogar f\u00fcr Saucen.<br \/>\nGENIETETE GRIFFE<br \/>\nExklusives Design und professioneller Stil, die Griffe sind ergonomisch, einfach zu handhaben und bleiben beim Kochen k\u00fchl. Die T\u00f6pfe sind mit Griffen ausgestattet, die mit Edelstahlnieten befestigt sind. Die genieteten Griffe l\u00f6sen sich nicht und halten l\u00e4nger. Unsere gr\u00f6\u00dferen T\u00f6pfe haben gro\u00dfe Zusatzgriffe, die bequem getragen und angehoben werden k\u00f6nnen, wenn das Essen gekocht wird.<br \/>\nF\u00dcR ALLE W\u00c4RMEQUELLEN GEEIGNET<br \/>\nDer robuste Sockel aus eloxiertem und geschmiedetem Aluminium ist f\u00fcr alle W\u00e4rmequellen geeignet. Die Magnetplatte aus rostfreiem Stahl garantiert Kompatibilit\u00e4t und Effizienz bei allen W\u00e4rmequellen und ist perfekt f\u00fcr Induktionskochfelder geeignet. Die Pfannen k\u00f6nnen auch in \u00d6fen bis 260\u00b0C eingesetzt werden (bei Verwendung eines Glasdeckels bis 220\u00b0C).<br \/>\nGARANTIE OHNE KOMPROMISSE<br \/>\nDie gesamte Antihaft-Aluminiumlinie hat eine lebenslange Garantie. Unsere Garantie erstreckt sich auf Herstellungsfehler sowohl im Material als auch in der Verarbeitung.<br \/>\n* Getestet in einem unabh\u00e4ngigen Labor mit Tests zur Abriebfestigkeit von Metallwerkzeugen<\/p>\n","protected":false},"excerpt":{"rendered":"<p>Ausgestattet mit zwei ergonomischen Griffen, die einen bequemen Griff einschlie\u00dflich Glasdeckel erm\u00f6glichen, ist der Le Creuset Topf mit Deckel dank seiner Tiefe \u00e4u\u00dferst vielseitig. Ideal f\u00fcr alle Arten von Zubereitungen: von Nudeln \u00fcber Braten bis hin zu Saucen. Was auch immer das Rezept ist, mit diesem Topf k\u00f6nnen Sie es schnell zubereiten. Unentbehrlich f\u00fcr diejenigen, [&hellip;]<\/p>\n","protected":false},"featured_media":6304548,"template":"","meta":{"_acf_changed":false},"product_cat":[11667,12109,12099],"product_tag":[],"class_list":{"0":"post-49069","1":"product","2":"type-product","3":"status-publish","4":"has-post-thumbnail","6":"product_cat-padelle-pentole","7":"product_cat-toepfe-und-kochtoepfen","8":"product_cat-toepfe-pfannen","10":"first","11":"instock","12":"sale","13":"taxable","14":"shipping-taxable","15":"purchasable","16":"product-type-simple","swatches":"rey-swatches","show_selected":"","stretch_labels":"rey-swatches--stretch-labels"},"acf":[],"yoast_head":"<!-- This site is optimized with the Yoast SEO plugin v25.4 - https:\/\/yoast.com\/wordpress\/plugins\/seo\/ -->\n<title>LE CREUSET Aluminium-Antihaft Fleischtopf 20cm - dev6 Erresse<\/title>\n<meta name=\"description\" content=\"Ausgestattet mit zwei ergonomischen Griffen, die einen bequemen Griff einschlie\u00dflich Glasdeckel erm\u00f6glichen, ist der Le Creuset Topf mit Deckel dank\" \/>\n<meta name=\"robots\" content=\"noindex, follow, max-snippet:-1, max-image-preview:large, max-video-preview:-1\" \/>\n<meta property=\"og:locale\" content=\"de_DE\" \/>\n<meta property=\"og:type\" content=\"article\" \/>\n<meta property=\"og:title\" content=\"LE CREUSET Aluminium-Antihaft Fleischtopf 20cm - dev6 Erresse\" \/>\n<meta property=\"og:description\" content=\"Ausgestattet mit zwei ergonomischen Griffen, die einen bequemen Griff einschlie\u00dflich Glasdeckel erm\u00f6glichen, ist der Le Creuset Topf mit Deckel dank\" \/>\n<meta property=\"og:url\" content=\"https:\/\/dev6.erresse-shop.it\/de\/shop\/toepfe-pfannen\/toepfe-und-kochtoepfen\/le-creuset-aluminium-antihaft-fleischtopf-20cm\/\" \/>\n<meta property=\"og:site_name\" content=\"dev6 Erresse\" \/>\n<meta property=\"og:image\" content=\"https:\/\/interpim.erresse-shop.it\/Import\/Prodotti\/le-creuset-pentola-alluminio-coperchio-2.jpg\" \/><meta property=\"og:image\" content=\"https:\/\/interpim.erresse-shop.it\/Import\/Prodotti\/le-creuset-pentola-alluminio-coperchio-2.jpg\" \/>\n\t<meta property=\"og:image:width\" content=\"1024\" \/>\n\t<meta property=\"og:image:height\" content=\"1024\" \/>\n\t<meta property=\"og:image:type\" content=\"image\/jpeg\" \/>\n<meta name=\"twitter:card\" content=\"summary_large_image\" \/>\n<meta name=\"twitter:image\" content=\"https:\/\/interpim.erresse-shop.it\/Import\/Prodotti\/le-creuset-pentola-alluminio-coperchio-2.jpg\" \/>\n<script type=\"application\/ld+json\" class=\"yoast-schema-graph\">{\"@context\":\"https:\/\/schema.org\",\"@graph\":[{\"@type\":\"WebPage\",\"@id\":\"https:\/\/dev6.erresse-shop.it\/de\/shop\/toepfe-pfannen\/toepfe-und-kochtoepfen\/le-creuset-aluminium-antihaft-fleischtopf-20cm\/\",\"url\":\"https:\/\/dev6.erresse-shop.it\/de\/shop\/toepfe-pfannen\/toepfe-und-kochtoepfen\/le-creuset-aluminium-antihaft-fleischtopf-20cm\/\",\"name\":\"LE CREUSET Aluminium-Antihaft Fleischtopf 20cm - dev6 Erresse\",\"isPartOf\":{\"@id\":\"https:\/\/dev6.erresse-shop.it\/#website\"},\"primaryImageOfPage\":{\"@id\":\"https:\/\/dev6.erresse-shop.it\/de\/shop\/toepfe-pfannen\/toepfe-und-kochtoepfen\/le-creuset-aluminium-antihaft-fleischtopf-20cm\/#primaryimage\"},\"image\":{\"@id\":\"https:\/\/dev6.erresse-shop.it\/de\/shop\/toepfe-pfannen\/toepfe-und-kochtoepfen\/le-creuset-aluminium-antihaft-fleischtopf-20cm\/#primaryimage\"},\"thumbnailUrl\":\"https:\/\/i3.wp.com\/interpim.erresse-shop.it\/Import\/Prodotti\/le-creuset-pentola-alluminio-coperchio-2.jpg?ssl=1\",\"datePublished\":\"2026-04-10T06:57:44+00:00\",\"description\":\"Ausgestattet mit zwei ergonomischen Griffen, die einen bequemen Griff einschlie\u00dflich Glasdeckel erm\u00f6glichen, ist der Le Creuset Topf mit Deckel dank\",\"breadcrumb\":{\"@id\":\"https:\/\/dev6.erresse-shop.it\/de\/shop\/toepfe-pfannen\/toepfe-und-kochtoepfen\/le-creuset-aluminium-antihaft-fleischtopf-20cm\/#breadcrumb\"},\"inLanguage\":\"de\",\"potentialAction\":[{\"@type\":\"ReadAction\",\"target\":[\"https:\/\/dev6.erresse-shop.it\/de\/shop\/toepfe-pfannen\/toepfe-und-kochtoepfen\/le-creuset-aluminium-antihaft-fleischtopf-20cm\/\"]}]},{\"@type\":\"ImageObject\",\"inLanguage\":\"de\",\"@id\":\"https:\/\/dev6.erresse-shop.it\/de\/shop\/toepfe-pfannen\/toepfe-und-kochtoepfen\/le-creuset-aluminium-antihaft-fleischtopf-20cm\/#primaryimage\",\"url\":\"https:\/\/i3.wp.com\/interpim.erresse-shop.it\/Import\/Prodotti\/le-creuset-pentola-alluminio-coperchio-2.jpg?ssl=1\",\"contentUrl\":\"https:\/\/i3.wp.com\/interpim.erresse-shop.it\/Import\/Prodotti\/le-creuset-pentola-alluminio-coperchio-2.jpg?ssl=1\"},{\"@type\":\"BreadcrumbList\",\"@id\":\"https:\/\/dev6.erresse-shop.it\/de\/shop\/toepfe-pfannen\/toepfe-und-kochtoepfen\/le-creuset-aluminium-antihaft-fleischtopf-20cm\/#breadcrumb\",\"itemListElement\":[{\"@type\":\"ListItem\",\"position\":1,\"name\":\"Home\",\"item\":\"https:\/\/dev6.erresse-shop.it\/\"},{\"@type\":\"ListItem\",\"position\":2,\"name\":\"Shop\",\"item\":\"https:\/\/dev6.erresse-shop.it\/shop\/\"},{\"@type\":\"ListItem\",\"position\":3,\"name\":\"LE CREUSET Aluminium-Antihaft Fleischtopf 20cm\"}]},{\"@type\":\"WebSite\",\"@id\":\"https:\/\/dev6.erresse-shop.it\/#website\",\"url\":\"https:\/\/dev6.erresse-shop.it\/\",\"name\":\"Erresse Shop\",\"description\":\"\",\"publisher\":{\"@id\":\"https:\/\/dev6.erresse-shop.it\/#organization\"},\"potentialAction\":[{\"@type\":\"SearchAction\",\"target\":{\"@type\":\"EntryPoint\",\"urlTemplate\":\"https:\/\/dev6.erresse-shop.it\/?s={search_term_string}\"},\"query-input\":{\"@type\":\"PropertyValueSpecification\",\"valueRequired\":true,\"valueName\":\"search_term_string\"}}],\"inLanguage\":\"de\"},{\"@type\":\"Organization\",\"@id\":\"https:\/\/dev6.erresse-shop.it\/#organization\",\"name\":\"Erresse Shop\",\"url\":\"https:\/\/dev6.erresse-shop.it\/\",\"logo\":{\"@type\":\"ImageObject\",\"inLanguage\":\"de\",\"@id\":\"https:\/\/dev6.erresse-shop.it\/#\/schema\/logo\/image\/\",\"url\":\"https:\/\/dev6.erresse-shop.it\/wp-content\/uploads\/2025\/01\/LOGO-ERRESSE-CLASSICO.svg\",\"contentUrl\":\"https:\/\/dev6.erresse-shop.it\/wp-content\/uploads\/2025\/01\/LOGO-ERRESSE-CLASSICO.svg\",\"caption\":\"Erresse Shop\"},\"image\":{\"@id\":\"https:\/\/dev6.erresse-shop.it\/#\/schema\/logo\/image\/\"}}]}<\/script>\n<!-- \/ Yoast SEO plugin. -->","yoast_head_json":{"title":"LE CREUSET Aluminium-Antihaft Fleischtopf 20cm - dev6 Erresse","description":"Ausgestattet mit zwei ergonomischen Griffen, die einen bequemen Griff einschlie\u00dflich Glasdeckel erm\u00f6glichen, ist der Le Creuset Topf mit Deckel dank","robots":{"index":"noindex","follow":"follow","max-snippet":"max-snippet:-1","max-image-preview":"max-image-preview:large","max-video-preview":"max-video-preview:-1"},"og_locale":"de_DE","og_type":"article","og_title":"LE CREUSET Aluminium-Antihaft Fleischtopf 20cm - dev6 Erresse","og_description":"Ausgestattet mit zwei ergonomischen Griffen, die einen bequemen Griff einschlie\u00dflich Glasdeckel erm\u00f6glichen, ist der Le Creuset Topf mit Deckel dank","og_url":"https:\/\/dev6.erresse-shop.it\/de\/shop\/toepfe-pfannen\/toepfe-und-kochtoepfen\/le-creuset-aluminium-antihaft-fleischtopf-20cm\/","og_site_name":"dev6 Erresse","og_image":[{"url":"https:\/\/interpim.erresse-shop.it\/Import\/Prodotti\/le-creuset-pentola-alluminio-coperchio-2.jpg","type":"","width":"","height":""},{"url":"https:\/\/interpim.erresse-shop.it\/Import\/Prodotti\/le-creuset-pentola-alluminio-coperchio-2.jpg","width":1024,"height":1024,"type":"image\/jpeg"}],"twitter_card":"summary_large_image","twitter_image":"https:\/\/interpim.erresse-shop.it\/Import\/Prodotti\/le-creuset-pentola-alluminio-coperchio-2.jpg","schema":{"@context":"https:\/\/schema.org","@graph":[{"@type":"WebPage","@id":"https:\/\/dev6.erresse-shop.it\/de\/shop\/toepfe-pfannen\/toepfe-und-kochtoepfen\/le-creuset-aluminium-antihaft-fleischtopf-20cm\/","url":"https:\/\/dev6.erresse-shop.it\/de\/shop\/toepfe-pfannen\/toepfe-und-kochtoepfen\/le-creuset-aluminium-antihaft-fleischtopf-20cm\/","name":"LE CREUSET Aluminium-Antihaft Fleischtopf 20cm - dev6 Erresse","isPartOf":{"@id":"https:\/\/dev6.erresse-shop.it\/#website"},"primaryImageOfPage":{"@id":"https:\/\/dev6.erresse-shop.it\/de\/shop\/toepfe-pfannen\/toepfe-und-kochtoepfen\/le-creuset-aluminium-antihaft-fleischtopf-20cm\/#primaryimage"},"image":{"@id":"https:\/\/dev6.erresse-shop.it\/de\/shop\/toepfe-pfannen\/toepfe-und-kochtoepfen\/le-creuset-aluminium-antihaft-fleischtopf-20cm\/#primaryimage"},"thumbnailUrl":"https:\/\/i3.wp.com\/interpim.erresse-shop.it\/Import\/Prodotti\/le-creuset-pentola-alluminio-coperchio-2.jpg?ssl=1","datePublished":"2026-04-10T06:57:44+00:00","description":"Ausgestattet mit zwei ergonomischen Griffen, die einen bequemen Griff einschlie\u00dflich Glasdeckel erm\u00f6glichen, ist der Le Creuset Topf mit Deckel dank","breadcrumb":{"@id":"https:\/\/dev6.erresse-shop.it\/de\/shop\/toepfe-pfannen\/toepfe-und-kochtoepfen\/le-creuset-aluminium-antihaft-fleischtopf-20cm\/#breadcrumb"},"inLanguage":"de","potentialAction":[{"@type":"ReadAction","target":["https:\/\/dev6.erresse-shop.it\/de\/shop\/toepfe-pfannen\/toepfe-und-kochtoepfen\/le-creuset-aluminium-antihaft-fleischtopf-20cm\/"]}]},{"@type":"ImageObject","inLanguage":"de","@id":"https:\/\/dev6.erresse-shop.it\/de\/shop\/toepfe-pfannen\/toepfe-und-kochtoepfen\/le-creuset-aluminium-antihaft-fleischtopf-20cm\/#primaryimage","url":"https:\/\/i3.wp.com\/interpim.erresse-shop.it\/Import\/Prodotti\/le-creuset-pentola-alluminio-coperchio-2.jpg?ssl=1","contentUrl":"https:\/\/i3.wp.com\/interpim.erresse-shop.it\/Import\/Prodotti\/le-creuset-pentola-alluminio-coperchio-2.jpg?ssl=1"},{"@type":"BreadcrumbList","@id":"https:\/\/dev6.erresse-shop.it\/de\/shop\/toepfe-pfannen\/toepfe-und-kochtoepfen\/le-creuset-aluminium-antihaft-fleischtopf-20cm\/#breadcrumb","itemListElement":[{"@type":"ListItem","position":1,"name":"Home","item":"https:\/\/dev6.erresse-shop.it\/"},{"@type":"ListItem","position":2,"name":"Shop","item":"https:\/\/dev6.erresse-shop.it\/shop\/"},{"@type":"ListItem","position":3,"name":"LE CREUSET Aluminium-Antihaft Fleischtopf 20cm"}]},{"@type":"WebSite","@id":"https:\/\/dev6.erresse-shop.it\/#website","url":"https:\/\/dev6.erresse-shop.it\/","name":"Erresse Shop","description":"","publisher":{"@id":"https:\/\/dev6.erresse-shop.it\/#organization"},"potentialAction":[{"@type":"SearchAction","target":{"@type":"EntryPoint","urlTemplate":"https:\/\/dev6.erresse-shop.it\/?s={search_term_string}"},"query-input":{"@type":"PropertyValueSpecification","valueRequired":true,"valueName":"search_term_string"}}],"inLanguage":"de"},{"@type":"Organization","@id":"https:\/\/dev6.erresse-shop.it\/#organization","name":"Erresse Shop","url":"https:\/\/dev6.erresse-shop.it\/","logo":{"@type":"ImageObject","inLanguage":"de","@id":"https:\/\/dev6.erresse-shop.it\/#\/schema\/logo\/image\/","url":"https:\/\/dev6.erresse-shop.it\/wp-content\/uploads\/2025\/01\/LOGO-ERRESSE-CLASSICO.svg","contentUrl":"https:\/\/dev6.erresse-shop.it\/wp-content\/uploads\/2025\/01\/LOGO-ERRESSE-CLASSICO.svg","caption":"Erresse Shop"},"image":{"@id":"https:\/\/dev6.erresse-shop.it\/#\/schema\/logo\/image\/"}}]}},"df_price":149.95,"df_sale_price":149.95,"df_regular_price":215,"df_image_link":"https:\/\/i3.wp.com\/interpim.erresse-shop.it\/Import\/Prodotti\/le-creuset-pentola-alluminio-coperchio-2.jpg?resize=300,300&ssl=1","fifu_image_url":"https:\/\/interpim.erresse-shop.it\/Import\/Prodotti\/le-creuset-pentola-alluminio-coperchio-2.jpg","_links":{"self":[{"href":"https:\/\/dev6.erresse-shop.it\/de\/wp-json\/wp\/v2\/product\/49069","targetHints":{"allow":["GET"]}}],"collection":[{"href":"https:\/\/dev6.erresse-shop.it\/de\/wp-json\/wp\/v2\/product"}],"about":[{"href":"https:\/\/dev6.erresse-shop.it\/de\/wp-json\/wp\/v2\/types\/product"}],"wp:featuredmedia":[{"embeddable":true,"href":"https:\/\/dev6.erresse-shop.it\/de\/wp-json\/wp\/v2\/media\/6304548"}],"wp:attachment":[{"href":"https:\/\/dev6.erresse-shop.it\/de\/wp-json\/wp\/v2\/media?parent=49069"}],"wp:term":[{"taxonomy":"product_cat","embeddable":true,"href":"https:\/\/dev6.erresse-shop.it\/de\/wp-json\/wp\/v2\/product_cat?post=49069"},{"taxonomy":"product_tag","embeddable":true,"href":"https:\/\/dev6.erresse-shop.it\/de\/wp-json\/wp\/v2\/product_tag?post=49069"}],"curies":[{"name":"wp","href":"https:\/\/api.w.org\/{rel}","templated":true}]}}