{"id":49049,"date":"2026-04-21T01:34:34","date_gmt":"2026-04-20T23:34:34","guid":{"rendered":"https:\/\/dev6.erresse-shop.it\/shop\/unkategorisiert\/le-creuset-leverpull-lm-250-aus-metall-mit-kapselschneider\/"},"modified":"2025-09-14T00:25:33","modified_gmt":"2025-09-13T22:25:33","slug":"le-creuset-leverpull-lm-250-aus-metall-mit-kapselschneider","status":"publish","type":"product","link":"https:\/\/dev6.erresse-shop.it\/de\/shop\/tisch\/weinbar-korkenzieher-dekanter-eiskubel\/le-creuset-leverpull-lm-250-aus-metall-mit-kapselschneider\/","title":{"rendered":"LE CREUSET Leverpull LM-250 aus Metall mit Kapselschneider"},"content":{"rendered":"<p>Unerreichte Leistung. Gr\u00fcndlich getestet. Allseits bewundert. Dieses technische Meisterst\u00fcck \u00f6ffnet Weinflaschen so leichter denn je. Die innovative Neugestaltung des Hebelkorkenziehers von Herbert Allen entkorkt jede Flasche m\u00fchelos.<\/p>\n<p>Produktinformationen<br \/>\n\u2013 Material: Kunststoff<br \/>\n\u2013 Garantie: 10 Jahre<\/p>\n<p>Abmessungen<br \/>\n\u2013 L\u00e4nge: 20.5 cm<br \/>\n\u2013 Breite: 14 cm<br \/>\n\u2013 H\u00f6he: 6 cm<\/p>\n<p>Gebrauch &amp; Pflege<br \/>\n\u2013 Vor dem ersten Gebrauch: Vor dem ersten Gebrauch Ihres Wein-Accessoires sollten Sie immer die Anweisungen f\u00fcr Ihr spezifisches Modell beachten.<br \/>\n\u2013 Reinigung: Seien Sie vorsichtig beim Reinigen \u2013 die Spitze des Korkenziehers ist scharf!<br \/>\nReinigen Sie Ihren Korkenzieher gelegentlich mit einem feuchten Tuch oder warmem Seifenwasser.<br \/>\nTrocknen Sie es nach dem Sp\u00fclen gut ab und bewahren Sie es an einem trockenen Ort auf.<br \/>\n\u2013 Gebrauch: Entfernen Sie alle Folien, die den Korken bedecken, und pr\u00fcfen Sie, ob Hals und Rand der Flasche frei von Absplitterungen und Rissen sind.<br \/>\nHalten Sie die Flasche beim \u00d6ffnen auf einer festen, ebenen Oberfl\u00e4che.<br \/>\nVorsicht beim \u00d6ffnen \u2013 die Spitze des Korkenziehers ist scharf! Achten Sie darauf, dass der Korkenzieher vor dem \u00d6ffnen der Flasche immer rechtwinklig auf dem Flaschenhals sitzt.<br \/>\nM\u00fcssen Sie eine abgenutzte Spirale ersetzen? Schrauben Sie die verchromte Schutzkappe ab, entfernen Sie die alte Spirale, setzen Sie dann die neue Spirale ein und setzen Sie die Schutzkappe wieder auf. Lesen Sie immer zuerst die Anweisungen f\u00fcr Ihr spezifisches Modell.<\/p>\n","protected":false},"excerpt":{"rendered":"<p>Unerreichte Leistung. Gr\u00fcndlich getestet. Allseits bewundert. Dieses technische Meisterst\u00fcck \u00f6ffnet Weinflaschen so leichter denn je. Die innovative Neugestaltung des Hebelkorkenziehers von Herbert Allen entkorkt jede Flasche m\u00fchelos. Produktinformationen \u2013 Material: Kunststoff \u2013 Garantie: 10 Jahre Abmessungen \u2013 L\u00e4nge: 20.5 cm \u2013 Breite: 14 cm \u2013 H\u00f6he: 6 cm Gebrauch &amp; Pflege \u2013 Vor dem ersten [&hellip;]<\/p>\n","protected":false},"featured_media":6707107,"template":"","meta":{"_acf_changed":false},"product_cat":[12103,11745,12177],"product_tag":[],"class_list":{"0":"post-49049","1":"product","2":"type-product","3":"status-publish","4":"has-post-thumbnail","6":"product_cat-tisch","7":"product_cat-enoteca-bar-cavatappi-vino","8":"product_cat-weinbar-korkenzieher-dekanter-eiskubel","10":"first","11":"instock","12":"sale","13":"taxable","14":"shipping-taxable","15":"purchasable","16":"product-type-simple","swatches":"rey-swatches","show_selected":"","stretch_labels":"rey-swatches--stretch-labels"},"acf":[],"yoast_head":"<!-- This site is optimized with the Yoast SEO plugin v25.4 - https:\/\/yoast.com\/wordpress\/plugins\/seo\/ -->\n<title>LE CREUSET Leverpull LM-250 aus Metall mit Kapselschneider - dev6 Erresse<\/title>\n<meta name=\"description\" content=\"Unerreichte Leistung. Gr\u00fcndlich getestet. Allseits bewundert. Dieses technische Meisterst\u00fcck \u00f6ffnet Weinflaschen so leichter denn je. Die innovative\" \/>\n<meta name=\"robots\" content=\"noindex, follow, max-snippet:-1, max-image-preview:large, max-video-preview:-1\" \/>\n<meta property=\"og:locale\" content=\"de_DE\" \/>\n<meta property=\"og:type\" content=\"article\" \/>\n<meta property=\"og:title\" content=\"LE CREUSET Leverpull LM-250 aus Metall mit Kapselschneider - dev6 Erresse\" \/>\n<meta property=\"og:description\" content=\"Unerreichte Leistung. Gr\u00fcndlich getestet. Allseits bewundert. Dieses technische Meisterst\u00fcck \u00f6ffnet Weinflaschen so leichter denn je. Die innovative\" \/>\n<meta property=\"og:url\" content=\"https:\/\/dev6.erresse-shop.it\/de\/shop\/tisch\/weinbar-korkenzieher-dekanter-eiskubel\/le-creuset-leverpull-lm-250-aus-metall-mit-kapselschneider\/\" \/>\n<meta property=\"og:site_name\" content=\"dev6 Erresse\" \/>\n<meta property=\"og:image\" content=\"https:\/\/interpim.erresse-shop.it\/Import\/Prodotti\/le-creuset-cavatappi-lm250-acciaio-5.jpg\" \/><meta property=\"og:image\" content=\"https:\/\/interpim.erresse-shop.it\/Import\/Prodotti\/le-creuset-cavatappi-lm250-acciaio-5.jpg\" \/>\n\t<meta property=\"og:image:width\" content=\"1024\" \/>\n\t<meta property=\"og:image:height\" content=\"1024\" \/>\n\t<meta property=\"og:image:type\" content=\"image\/jpeg\" \/>\n<meta name=\"twitter:card\" content=\"summary_large_image\" \/>\n<meta name=\"twitter:image\" content=\"https:\/\/interpim.erresse-shop.it\/Import\/Prodotti\/le-creuset-cavatappi-lm250-acciaio-5.jpg\" \/>\n<script type=\"application\/ld+json\" class=\"yoast-schema-graph\">{\"@context\":\"https:\/\/schema.org\",\"@graph\":[{\"@type\":\"WebPage\",\"@id\":\"https:\/\/dev6.erresse-shop.it\/de\/shop\/tisch\/weinbar-korkenzieher-dekanter-eiskubel\/le-creuset-leverpull-lm-250-aus-metall-mit-kapselschneider\/\",\"url\":\"https:\/\/dev6.erresse-shop.it\/de\/shop\/tisch\/weinbar-korkenzieher-dekanter-eiskubel\/le-creuset-leverpull-lm-250-aus-metall-mit-kapselschneider\/\",\"name\":\"LE CREUSET Leverpull LM-250 aus Metall mit Kapselschneider - dev6 Erresse\",\"isPartOf\":{\"@id\":\"https:\/\/dev6.erresse-shop.it\/#website\"},\"primaryImageOfPage\":{\"@id\":\"https:\/\/dev6.erresse-shop.it\/de\/shop\/tisch\/weinbar-korkenzieher-dekanter-eiskubel\/le-creuset-leverpull-lm-250-aus-metall-mit-kapselschneider\/#primaryimage\"},\"image\":{\"@id\":\"https:\/\/dev6.erresse-shop.it\/de\/shop\/tisch\/weinbar-korkenzieher-dekanter-eiskubel\/le-creuset-leverpull-lm-250-aus-metall-mit-kapselschneider\/#primaryimage\"},\"thumbnailUrl\":\"https:\/\/i1.wp.com\/interpim.erresse-shop.it\/Import\/Prodotti\/le-creuset-cavatappi-lm250-acciaio-5.jpg?ssl=1\",\"datePublished\":\"2026-04-20T23:34:34+00:00\",\"description\":\"Unerreichte Leistung. Gr\u00fcndlich getestet. Allseits bewundert. Dieses technische Meisterst\u00fcck \u00f6ffnet Weinflaschen so leichter denn je. Die innovative\",\"breadcrumb\":{\"@id\":\"https:\/\/dev6.erresse-shop.it\/de\/shop\/tisch\/weinbar-korkenzieher-dekanter-eiskubel\/le-creuset-leverpull-lm-250-aus-metall-mit-kapselschneider\/#breadcrumb\"},\"inLanguage\":\"de\",\"potentialAction\":[{\"@type\":\"ReadAction\",\"target\":[\"https:\/\/dev6.erresse-shop.it\/de\/shop\/tisch\/weinbar-korkenzieher-dekanter-eiskubel\/le-creuset-leverpull-lm-250-aus-metall-mit-kapselschneider\/\"]}]},{\"@type\":\"ImageObject\",\"inLanguage\":\"de\",\"@id\":\"https:\/\/dev6.erresse-shop.it\/de\/shop\/tisch\/weinbar-korkenzieher-dekanter-eiskubel\/le-creuset-leverpull-lm-250-aus-metall-mit-kapselschneider\/#primaryimage\",\"url\":\"https:\/\/i1.wp.com\/interpim.erresse-shop.it\/Import\/Prodotti\/le-creuset-cavatappi-lm250-acciaio-5.jpg?ssl=1\",\"contentUrl\":\"https:\/\/i1.wp.com\/interpim.erresse-shop.it\/Import\/Prodotti\/le-creuset-cavatappi-lm250-acciaio-5.jpg?ssl=1\"},{\"@type\":\"BreadcrumbList\",\"@id\":\"https:\/\/dev6.erresse-shop.it\/de\/shop\/tisch\/weinbar-korkenzieher-dekanter-eiskubel\/le-creuset-leverpull-lm-250-aus-metall-mit-kapselschneider\/#breadcrumb\",\"itemListElement\":[{\"@type\":\"ListItem\",\"position\":1,\"name\":\"Home\",\"item\":\"https:\/\/dev6.erresse-shop.it\/\"},{\"@type\":\"ListItem\",\"position\":2,\"name\":\"Shop\",\"item\":\"https:\/\/dev6.erresse-shop.it\/shop\/\"},{\"@type\":\"ListItem\",\"position\":3,\"name\":\"LE CREUSET Leverpull LM-250 aus Metall mit Kapselschneider\"}]},{\"@type\":\"WebSite\",\"@id\":\"https:\/\/dev6.erresse-shop.it\/#website\",\"url\":\"https:\/\/dev6.erresse-shop.it\/\",\"name\":\"Erresse Shop\",\"description\":\"\",\"publisher\":{\"@id\":\"https:\/\/dev6.erresse-shop.it\/#organization\"},\"potentialAction\":[{\"@type\":\"SearchAction\",\"target\":{\"@type\":\"EntryPoint\",\"urlTemplate\":\"https:\/\/dev6.erresse-shop.it\/?s={search_term_string}\"},\"query-input\":{\"@type\":\"PropertyValueSpecification\",\"valueRequired\":true,\"valueName\":\"search_term_string\"}}],\"inLanguage\":\"de\"},{\"@type\":\"Organization\",\"@id\":\"https:\/\/dev6.erresse-shop.it\/#organization\",\"name\":\"Erresse Shop\",\"url\":\"https:\/\/dev6.erresse-shop.it\/\",\"logo\":{\"@type\":\"ImageObject\",\"inLanguage\":\"de\",\"@id\":\"https:\/\/dev6.erresse-shop.it\/#\/schema\/logo\/image\/\",\"url\":\"https:\/\/dev6.erresse-shop.it\/wp-content\/uploads\/2025\/01\/LOGO-ERRESSE-CLASSICO.svg\",\"contentUrl\":\"https:\/\/dev6.erresse-shop.it\/wp-content\/uploads\/2025\/01\/LOGO-ERRESSE-CLASSICO.svg\",\"caption\":\"Erresse Shop\"},\"image\":{\"@id\":\"https:\/\/dev6.erresse-shop.it\/#\/schema\/logo\/image\/\"}}]}<\/script>\n<!-- \/ Yoast SEO plugin. -->","yoast_head_json":{"title":"LE CREUSET Leverpull LM-250 aus Metall mit Kapselschneider - dev6 Erresse","description":"Unerreichte Leistung. Gr\u00fcndlich getestet. Allseits bewundert. Dieses technische Meisterst\u00fcck \u00f6ffnet Weinflaschen so leichter denn je. Die innovative","robots":{"index":"noindex","follow":"follow","max-snippet":"max-snippet:-1","max-image-preview":"max-image-preview:large","max-video-preview":"max-video-preview:-1"},"og_locale":"de_DE","og_type":"article","og_title":"LE CREUSET Leverpull LM-250 aus Metall mit Kapselschneider - dev6 Erresse","og_description":"Unerreichte Leistung. Gr\u00fcndlich getestet. Allseits bewundert. Dieses technische Meisterst\u00fcck \u00f6ffnet Weinflaschen so leichter denn je. Die innovative","og_url":"https:\/\/dev6.erresse-shop.it\/de\/shop\/tisch\/weinbar-korkenzieher-dekanter-eiskubel\/le-creuset-leverpull-lm-250-aus-metall-mit-kapselschneider\/","og_site_name":"dev6 Erresse","og_image":[{"url":"https:\/\/interpim.erresse-shop.it\/Import\/Prodotti\/le-creuset-cavatappi-lm250-acciaio-5.jpg","type":"","width":"","height":""},{"url":"https:\/\/interpim.erresse-shop.it\/Import\/Prodotti\/le-creuset-cavatappi-lm250-acciaio-5.jpg","width":1024,"height":1024,"type":"image\/jpeg"}],"twitter_card":"summary_large_image","twitter_image":"https:\/\/interpim.erresse-shop.it\/Import\/Prodotti\/le-creuset-cavatappi-lm250-acciaio-5.jpg","schema":{"@context":"https:\/\/schema.org","@graph":[{"@type":"WebPage","@id":"https:\/\/dev6.erresse-shop.it\/de\/shop\/tisch\/weinbar-korkenzieher-dekanter-eiskubel\/le-creuset-leverpull-lm-250-aus-metall-mit-kapselschneider\/","url":"https:\/\/dev6.erresse-shop.it\/de\/shop\/tisch\/weinbar-korkenzieher-dekanter-eiskubel\/le-creuset-leverpull-lm-250-aus-metall-mit-kapselschneider\/","name":"LE CREUSET Leverpull LM-250 aus Metall mit Kapselschneider - dev6 Erresse","isPartOf":{"@id":"https:\/\/dev6.erresse-shop.it\/#website"},"primaryImageOfPage":{"@id":"https:\/\/dev6.erresse-shop.it\/de\/shop\/tisch\/weinbar-korkenzieher-dekanter-eiskubel\/le-creuset-leverpull-lm-250-aus-metall-mit-kapselschneider\/#primaryimage"},"image":{"@id":"https:\/\/dev6.erresse-shop.it\/de\/shop\/tisch\/weinbar-korkenzieher-dekanter-eiskubel\/le-creuset-leverpull-lm-250-aus-metall-mit-kapselschneider\/#primaryimage"},"thumbnailUrl":"https:\/\/i1.wp.com\/interpim.erresse-shop.it\/Import\/Prodotti\/le-creuset-cavatappi-lm250-acciaio-5.jpg?ssl=1","datePublished":"2026-04-20T23:34:34+00:00","description":"Unerreichte Leistung. Gr\u00fcndlich getestet. Allseits bewundert. Dieses technische Meisterst\u00fcck \u00f6ffnet Weinflaschen so leichter denn je. Die innovative","breadcrumb":{"@id":"https:\/\/dev6.erresse-shop.it\/de\/shop\/tisch\/weinbar-korkenzieher-dekanter-eiskubel\/le-creuset-leverpull-lm-250-aus-metall-mit-kapselschneider\/#breadcrumb"},"inLanguage":"de","potentialAction":[{"@type":"ReadAction","target":["https:\/\/dev6.erresse-shop.it\/de\/shop\/tisch\/weinbar-korkenzieher-dekanter-eiskubel\/le-creuset-leverpull-lm-250-aus-metall-mit-kapselschneider\/"]}]},{"@type":"ImageObject","inLanguage":"de","@id":"https:\/\/dev6.erresse-shop.it\/de\/shop\/tisch\/weinbar-korkenzieher-dekanter-eiskubel\/le-creuset-leverpull-lm-250-aus-metall-mit-kapselschneider\/#primaryimage","url":"https:\/\/i1.wp.com\/interpim.erresse-shop.it\/Import\/Prodotti\/le-creuset-cavatappi-lm250-acciaio-5.jpg?ssl=1","contentUrl":"https:\/\/i1.wp.com\/interpim.erresse-shop.it\/Import\/Prodotti\/le-creuset-cavatappi-lm250-acciaio-5.jpg?ssl=1"},{"@type":"BreadcrumbList","@id":"https:\/\/dev6.erresse-shop.it\/de\/shop\/tisch\/weinbar-korkenzieher-dekanter-eiskubel\/le-creuset-leverpull-lm-250-aus-metall-mit-kapselschneider\/#breadcrumb","itemListElement":[{"@type":"ListItem","position":1,"name":"Home","item":"https:\/\/dev6.erresse-shop.it\/"},{"@type":"ListItem","position":2,"name":"Shop","item":"https:\/\/dev6.erresse-shop.it\/shop\/"},{"@type":"ListItem","position":3,"name":"LE CREUSET Leverpull LM-250 aus Metall mit Kapselschneider"}]},{"@type":"WebSite","@id":"https:\/\/dev6.erresse-shop.it\/#website","url":"https:\/\/dev6.erresse-shop.it\/","name":"Erresse Shop","description":"","publisher":{"@id":"https:\/\/dev6.erresse-shop.it\/#organization"},"potentialAction":[{"@type":"SearchAction","target":{"@type":"EntryPoint","urlTemplate":"https:\/\/dev6.erresse-shop.it\/?s={search_term_string}"},"query-input":{"@type":"PropertyValueSpecification","valueRequired":true,"valueName":"search_term_string"}}],"inLanguage":"de"},{"@type":"Organization","@id":"https:\/\/dev6.erresse-shop.it\/#organization","name":"Erresse Shop","url":"https:\/\/dev6.erresse-shop.it\/","logo":{"@type":"ImageObject","inLanguage":"de","@id":"https:\/\/dev6.erresse-shop.it\/#\/schema\/logo\/image\/","url":"https:\/\/dev6.erresse-shop.it\/wp-content\/uploads\/2025\/01\/LOGO-ERRESSE-CLASSICO.svg","contentUrl":"https:\/\/dev6.erresse-shop.it\/wp-content\/uploads\/2025\/01\/LOGO-ERRESSE-CLASSICO.svg","caption":"Erresse Shop"},"image":{"@id":"https:\/\/dev6.erresse-shop.it\/#\/schema\/logo\/image\/"}}]}},"df_price":149.95,"df_sale_price":149.95,"df_regular_price":215,"df_image_link":"https:\/\/i1.wp.com\/interpim.erresse-shop.it\/Import\/Prodotti\/le-creuset-cavatappi-lm250-acciaio-5.jpg?resize=300,300&ssl=1","fifu_image_url":"https:\/\/interpim.erresse-shop.it\/Import\/Prodotti\/le-creuset-cavatappi-lm250-acciaio-5.jpg","_links":{"self":[{"href":"https:\/\/dev6.erresse-shop.it\/de\/wp-json\/wp\/v2\/product\/49049","targetHints":{"allow":["GET"]}}],"collection":[{"href":"https:\/\/dev6.erresse-shop.it\/de\/wp-json\/wp\/v2\/product"}],"about":[{"href":"https:\/\/dev6.erresse-shop.it\/de\/wp-json\/wp\/v2\/types\/product"}],"wp:featuredmedia":[{"embeddable":true,"href":"https:\/\/dev6.erresse-shop.it\/de\/wp-json\/wp\/v2\/media\/6707107"}],"wp:attachment":[{"href":"https:\/\/dev6.erresse-shop.it\/de\/wp-json\/wp\/v2\/media?parent=49049"}],"wp:term":[{"taxonomy":"product_cat","embeddable":true,"href":"https:\/\/dev6.erresse-shop.it\/de\/wp-json\/wp\/v2\/product_cat?post=49049"},{"taxonomy":"product_tag","embeddable":true,"href":"https:\/\/dev6.erresse-shop.it\/de\/wp-json\/wp\/v2\/product_tag?post=49049"}],"curies":[{"name":"wp","href":"https:\/\/api.w.org\/{rel}","templated":true}]}}