{"id":49047,"date":"2026-05-06T10:04:46","date_gmt":"2026-05-06T08:04:46","guid":{"rendered":"https:\/\/dev6.erresse-shop.it\/shop\/unkategorisiert\/le-creuset-langer-evolution-topf-aus-gusseisen-31-cm-schwarz\/"},"modified":"2025-09-14T00:25:31","modified_gmt":"2025-09-13T22:25:31","slug":"le-creuset-langer-evolution-topf-aus-gusseisen-31-cm-schwarz","status":"publish","type":"product","link":"https:\/\/dev6.erresse-shop.it\/de\/shop\/toepfe-pfannen\/toepfe-und-kochtoepfen\/le-creuset-langer-evolution-topf-aus-gusseisen-31-cm-schwarz\/","title":{"rendered":"LE CREUSET Langer Evolution Topf aus Gusseisen 31 cm Schwarz"},"content":{"rendered":"<p>JEDER AM TISCH!<\/p>\n<p>Diese ovale Cocotte ist genauso vielseitig wie das klassische runde Modell und bietet Platz f\u00fcr eine ganze Lammkeule, ohne den gesamten Ofen einzunehmen, sodass Sie auch Platz f\u00fcr Beilagen haben. Wo auch immer Ihr kulinarisches Flair Sie hinf\u00fchrt, Sie haben den idealen Begleiter f\u00fcr eine berauschende Reise durch Geschm\u00e4cker und Aromen gefunden.<\/p>\n<p>Seit Generationen sch\u00e4tzen Familien die klassische Kokotte aus Gusseisen, die die W\u00e4rme gleichm\u00e4\u00dfig verteilt. Gusseisen ist als hervorragender W\u00e4rmeleiter eines der besten Materialien f\u00fcr die K\u00fcche. Dar\u00fcber hinaus sind Boden, W\u00e4nde und Deckel gleich dick, was eine gleichm\u00e4\u00dfige W\u00e4rmeaufnahme und -verteilung gew\u00e4hrleistet, ohne dass es zu \u00fcberhitzten Bereichen kommt. Das Ergebnis ist, dass die Lebensmittel nicht anbrennen oder im Inneren roh bleiben. Dar\u00fcber hinaus verlieren sie beim Kochen keine Fl\u00fcssigkeit, wodurch ihre N\u00e4hrstoffe und Vitamine erhalten bleiben.<\/p>\n<p style=\"text-align: justify;\">Eigenschaften von emaillierten Kokotten aus Gusseisen:<\/p>\n<p style=\"text-align: justify;\">\u2013 Gleichm\u00e4\u00dfige W\u00e4rmeverteilung ohne \u00dcberhitzung von Bereichen.<br \/>\n\u2013 Hervorragende W\u00e4rmespeicherung.<br \/>\n\u2013 Edelstahlknopf, best\u00e4ndig gegen jede Temperatur.<br \/>\n\u2013 Griffe f\u00fcr hervorragenden Halt.<br \/>\n\u2013 Verglaste Innen- und Au\u00dfenfl\u00e4che. Es nimmt weder Feuchtigkeit noch Geschmack oder Geruch aus Lebensmitteln auf.<br \/>\n\u2013 Von den besten K\u00f6chen und Bloggern f\u00fcr die Zubereitung von Brot im Ofen empfohlen.<br \/>\n\u2013 Einfache Reinigung.<br \/>\n\u2013 Au\u00dfergew\u00f6hnliche Haltbarkeit.<\/p>\n<p>Material: verglastes Gusseisen<br \/>\nHergestellt in Frankreich<br \/>\nGarantie: lebenslang<\/p>\n<p>W\u00e4rmequelle:<\/p>\n<p>Ofen<br \/>\nOfen im Grillmodus<br \/>\nElektroherd<br \/>\nKeramikglas<br \/>\nGasherd<br \/>\nInduktionskochfeld<\/p>\n<p>Reinigung und Pflege:<\/p>\n<p>Warten Sie, bis das Produkt abgek\u00fchlt ist, bevor Sie mit der Reinigung beginnen.<br \/>\nReinigen Sie alle R\u00fcckst\u00e4nde von der Unterseite und den Seiten des Produkts. Wenn Essensreste festsitzen, f\u00fcllen Sie das Produkt mit warmem Seifenwasser und lassen Sie es 15\u201320 Minuten einweichen, bevor Sie es wie gewohnt waschen.<br \/>\nVerwenden Sie auf keiner der Oberfl\u00e4chen Scheuermittel oder metallische, scheuernde oder sehr steife Schw\u00e4mme oder B\u00fcrsten.<br \/>\nNach dem Waschen gut trocknen und an einem trockenen Ort aufbewahren.<\/p>\n","protected":false},"excerpt":{"rendered":"<p>JEDER AM TISCH! Diese ovale Cocotte ist genauso vielseitig wie das klassische runde Modell und bietet Platz f\u00fcr eine ganze Lammkeule, ohne den gesamten Ofen einzunehmen, sodass Sie auch Platz f\u00fcr Beilagen haben. Wo auch immer Ihr kulinarisches Flair Sie hinf\u00fchrt, Sie haben den idealen Begleiter f\u00fcr eine berauschende Reise durch Geschm\u00e4cker und Aromen gefunden. [&hellip;]<\/p>\n","protected":false},"featured_media":7005101,"template":"","meta":{"_acf_changed":false},"product_cat":[11667,12109,12099],"product_tag":[],"class_list":{"0":"post-49047","1":"product","2":"type-product","3":"status-publish","4":"has-post-thumbnail","6":"product_cat-padelle-pentole","7":"product_cat-toepfe-und-kochtoepfen","8":"product_cat-toepfe-pfannen","10":"first","11":"instock","12":"sale","13":"taxable","14":"shipping-taxable","15":"purchasable","16":"product-type-simple","swatches":"rey-swatches","show_selected":"","stretch_labels":"rey-swatches--stretch-labels"},"acf":[],"yoast_head":"<!-- This site is optimized with the Yoast SEO plugin v25.4 - https:\/\/yoast.com\/wordpress\/plugins\/seo\/ -->\n<title>LE CREUSET Langer Evolution Topf aus Gusseisen 31 cm Schwarz - dev6 Erresse<\/title>\n<meta name=\"description\" content=\"JEDER AM TISCH! Diese ovale Cocotte ist genauso vielseitig wie das klassische runde Modell und bietet Platz f\u00fcr eine ganze Lammkeule, ohne den gesamten\" \/>\n<meta name=\"robots\" content=\"noindex, follow, max-snippet:-1, max-image-preview:large, max-video-preview:-1\" \/>\n<meta property=\"og:locale\" content=\"de_DE\" \/>\n<meta property=\"og:type\" content=\"article\" \/>\n<meta property=\"og:title\" content=\"LE CREUSET Langer Evolution Topf aus Gusseisen 31 cm Schwarz - dev6 Erresse\" \/>\n<meta property=\"og:description\" content=\"JEDER AM TISCH! Diese ovale Cocotte ist genauso vielseitig wie das klassische runde Modell und bietet Platz f\u00fcr eine ganze Lammkeule, ohne den gesamten\" \/>\n<meta property=\"og:url\" content=\"https:\/\/dev6.erresse-shop.it\/de\/shop\/toepfe-pfannen\/toepfe-und-kochtoepfen\/le-creuset-langer-evolution-topf-aus-gusseisen-31-cm-schwarz\/\" \/>\n<meta property=\"og:site_name\" content=\"dev6 Erresse\" \/>\n<meta property=\"og:image\" content=\"https:\/\/interpim.erresse-shop.it\/Import\/Prodotti\/le-creuset-casseruola-oblong-evolution-in-ghisa-31-cm-nero.png\" \/><meta property=\"og:image\" content=\"https:\/\/interpim.erresse-shop.it\/Import\/Prodotti\/le-creuset-casseruola-oblong-evolution-in-ghisa-31-cm-nero.png\" \/>\n\t<meta property=\"og:image:width\" content=\"1024\" \/>\n\t<meta property=\"og:image:height\" content=\"1024\" \/>\n\t<meta property=\"og:image:type\" content=\"image\/jpeg\" \/>\n<meta name=\"twitter:card\" content=\"summary_large_image\" \/>\n<meta name=\"twitter:image\" content=\"https:\/\/interpim.erresse-shop.it\/Import\/Prodotti\/le-creuset-casseruola-oblong-evolution-in-ghisa-31-cm-nero.png\" \/>\n<script type=\"application\/ld+json\" class=\"yoast-schema-graph\">{\"@context\":\"https:\/\/schema.org\",\"@graph\":[{\"@type\":\"WebPage\",\"@id\":\"https:\/\/dev6.erresse-shop.it\/de\/shop\/toepfe-pfannen\/toepfe-und-kochtoepfen\/le-creuset-langer-evolution-topf-aus-gusseisen-31-cm-schwarz\/\",\"url\":\"https:\/\/dev6.erresse-shop.it\/de\/shop\/toepfe-pfannen\/toepfe-und-kochtoepfen\/le-creuset-langer-evolution-topf-aus-gusseisen-31-cm-schwarz\/\",\"name\":\"LE CREUSET Langer Evolution Topf aus Gusseisen 31 cm Schwarz - dev6 Erresse\",\"isPartOf\":{\"@id\":\"https:\/\/dev6.erresse-shop.it\/#website\"},\"primaryImageOfPage\":{\"@id\":\"https:\/\/dev6.erresse-shop.it\/de\/shop\/toepfe-pfannen\/toepfe-und-kochtoepfen\/le-creuset-langer-evolution-topf-aus-gusseisen-31-cm-schwarz\/#primaryimage\"},\"image\":{\"@id\":\"https:\/\/dev6.erresse-shop.it\/de\/shop\/toepfe-pfannen\/toepfe-und-kochtoepfen\/le-creuset-langer-evolution-topf-aus-gusseisen-31-cm-schwarz\/#primaryimage\"},\"thumbnailUrl\":\"https:\/\/i2.wp.com\/interpim.erresse-shop.it\/Import\/Prodotti\/le-creuset-casseruola-oblong-evolution-in-ghisa-31-cm-nero.png?ssl=1\",\"datePublished\":\"2026-05-06T08:04:46+00:00\",\"description\":\"JEDER AM TISCH! Diese ovale Cocotte ist genauso vielseitig wie das klassische runde Modell und bietet Platz f\u00fcr eine ganze Lammkeule, ohne den gesamten\",\"breadcrumb\":{\"@id\":\"https:\/\/dev6.erresse-shop.it\/de\/shop\/toepfe-pfannen\/toepfe-und-kochtoepfen\/le-creuset-langer-evolution-topf-aus-gusseisen-31-cm-schwarz\/#breadcrumb\"},\"inLanguage\":\"de\",\"potentialAction\":[{\"@type\":\"ReadAction\",\"target\":[\"https:\/\/dev6.erresse-shop.it\/de\/shop\/toepfe-pfannen\/toepfe-und-kochtoepfen\/le-creuset-langer-evolution-topf-aus-gusseisen-31-cm-schwarz\/\"]}]},{\"@type\":\"ImageObject\",\"inLanguage\":\"de\",\"@id\":\"https:\/\/dev6.erresse-shop.it\/de\/shop\/toepfe-pfannen\/toepfe-und-kochtoepfen\/le-creuset-langer-evolution-topf-aus-gusseisen-31-cm-schwarz\/#primaryimage\",\"url\":\"https:\/\/i2.wp.com\/interpim.erresse-shop.it\/Import\/Prodotti\/le-creuset-casseruola-oblong-evolution-in-ghisa-31-cm-nero.png?ssl=1\",\"contentUrl\":\"https:\/\/i2.wp.com\/interpim.erresse-shop.it\/Import\/Prodotti\/le-creuset-casseruola-oblong-evolution-in-ghisa-31-cm-nero.png?ssl=1\"},{\"@type\":\"BreadcrumbList\",\"@id\":\"https:\/\/dev6.erresse-shop.it\/de\/shop\/toepfe-pfannen\/toepfe-und-kochtoepfen\/le-creuset-langer-evolution-topf-aus-gusseisen-31-cm-schwarz\/#breadcrumb\",\"itemListElement\":[{\"@type\":\"ListItem\",\"position\":1,\"name\":\"Home\",\"item\":\"https:\/\/dev6.erresse-shop.it\/\"},{\"@type\":\"ListItem\",\"position\":2,\"name\":\"Shop\",\"item\":\"https:\/\/dev6.erresse-shop.it\/shop\/\"},{\"@type\":\"ListItem\",\"position\":3,\"name\":\"LE CREUSET Langer Evolution Topf aus Gusseisen 31 cm Schwarz\"}]},{\"@type\":\"WebSite\",\"@id\":\"https:\/\/dev6.erresse-shop.it\/#website\",\"url\":\"https:\/\/dev6.erresse-shop.it\/\",\"name\":\"Erresse Shop\",\"description\":\"\",\"publisher\":{\"@id\":\"https:\/\/dev6.erresse-shop.it\/#organization\"},\"potentialAction\":[{\"@type\":\"SearchAction\",\"target\":{\"@type\":\"EntryPoint\",\"urlTemplate\":\"https:\/\/dev6.erresse-shop.it\/?s={search_term_string}\"},\"query-input\":{\"@type\":\"PropertyValueSpecification\",\"valueRequired\":true,\"valueName\":\"search_term_string\"}}],\"inLanguage\":\"de\"},{\"@type\":\"Organization\",\"@id\":\"https:\/\/dev6.erresse-shop.it\/#organization\",\"name\":\"Erresse Shop\",\"url\":\"https:\/\/dev6.erresse-shop.it\/\",\"logo\":{\"@type\":\"ImageObject\",\"inLanguage\":\"de\",\"@id\":\"https:\/\/dev6.erresse-shop.it\/#\/schema\/logo\/image\/\",\"url\":\"https:\/\/dev6.erresse-shop.it\/wp-content\/uploads\/2025\/01\/LOGO-ERRESSE-CLASSICO.svg\",\"contentUrl\":\"https:\/\/dev6.erresse-shop.it\/wp-content\/uploads\/2025\/01\/LOGO-ERRESSE-CLASSICO.svg\",\"caption\":\"Erresse Shop\"},\"image\":{\"@id\":\"https:\/\/dev6.erresse-shop.it\/#\/schema\/logo\/image\/\"}}]}<\/script>\n<!-- \/ Yoast SEO plugin. -->","yoast_head_json":{"title":"LE CREUSET Langer Evolution Topf aus Gusseisen 31 cm Schwarz - dev6 Erresse","description":"JEDER AM TISCH! Diese ovale Cocotte ist genauso vielseitig wie das klassische runde Modell und bietet Platz f\u00fcr eine ganze Lammkeule, ohne den gesamten","robots":{"index":"noindex","follow":"follow","max-snippet":"max-snippet:-1","max-image-preview":"max-image-preview:large","max-video-preview":"max-video-preview:-1"},"og_locale":"de_DE","og_type":"article","og_title":"LE CREUSET Langer Evolution Topf aus Gusseisen 31 cm Schwarz - dev6 Erresse","og_description":"JEDER AM TISCH! Diese ovale Cocotte ist genauso vielseitig wie das klassische runde Modell und bietet Platz f\u00fcr eine ganze Lammkeule, ohne den gesamten","og_url":"https:\/\/dev6.erresse-shop.it\/de\/shop\/toepfe-pfannen\/toepfe-und-kochtoepfen\/le-creuset-langer-evolution-topf-aus-gusseisen-31-cm-schwarz\/","og_site_name":"dev6 Erresse","og_image":[{"url":"https:\/\/interpim.erresse-shop.it\/Import\/Prodotti\/le-creuset-casseruola-oblong-evolution-in-ghisa-31-cm-nero.png","type":"","width":"","height":""},{"url":"https:\/\/interpim.erresse-shop.it\/Import\/Prodotti\/le-creuset-casseruola-oblong-evolution-in-ghisa-31-cm-nero.png","width":1024,"height":1024,"type":"image\/jpeg"}],"twitter_card":"summary_large_image","twitter_image":"https:\/\/interpim.erresse-shop.it\/Import\/Prodotti\/le-creuset-casseruola-oblong-evolution-in-ghisa-31-cm-nero.png","schema":{"@context":"https:\/\/schema.org","@graph":[{"@type":"WebPage","@id":"https:\/\/dev6.erresse-shop.it\/de\/shop\/toepfe-pfannen\/toepfe-und-kochtoepfen\/le-creuset-langer-evolution-topf-aus-gusseisen-31-cm-schwarz\/","url":"https:\/\/dev6.erresse-shop.it\/de\/shop\/toepfe-pfannen\/toepfe-und-kochtoepfen\/le-creuset-langer-evolution-topf-aus-gusseisen-31-cm-schwarz\/","name":"LE CREUSET Langer Evolution Topf aus Gusseisen 31 cm Schwarz - dev6 Erresse","isPartOf":{"@id":"https:\/\/dev6.erresse-shop.it\/#website"},"primaryImageOfPage":{"@id":"https:\/\/dev6.erresse-shop.it\/de\/shop\/toepfe-pfannen\/toepfe-und-kochtoepfen\/le-creuset-langer-evolution-topf-aus-gusseisen-31-cm-schwarz\/#primaryimage"},"image":{"@id":"https:\/\/dev6.erresse-shop.it\/de\/shop\/toepfe-pfannen\/toepfe-und-kochtoepfen\/le-creuset-langer-evolution-topf-aus-gusseisen-31-cm-schwarz\/#primaryimage"},"thumbnailUrl":"https:\/\/i2.wp.com\/interpim.erresse-shop.it\/Import\/Prodotti\/le-creuset-casseruola-oblong-evolution-in-ghisa-31-cm-nero.png?ssl=1","datePublished":"2026-05-06T08:04:46+00:00","description":"JEDER AM TISCH! Diese ovale Cocotte ist genauso vielseitig wie das klassische runde Modell und bietet Platz f\u00fcr eine ganze Lammkeule, ohne den gesamten","breadcrumb":{"@id":"https:\/\/dev6.erresse-shop.it\/de\/shop\/toepfe-pfannen\/toepfe-und-kochtoepfen\/le-creuset-langer-evolution-topf-aus-gusseisen-31-cm-schwarz\/#breadcrumb"},"inLanguage":"de","potentialAction":[{"@type":"ReadAction","target":["https:\/\/dev6.erresse-shop.it\/de\/shop\/toepfe-pfannen\/toepfe-und-kochtoepfen\/le-creuset-langer-evolution-topf-aus-gusseisen-31-cm-schwarz\/"]}]},{"@type":"ImageObject","inLanguage":"de","@id":"https:\/\/dev6.erresse-shop.it\/de\/shop\/toepfe-pfannen\/toepfe-und-kochtoepfen\/le-creuset-langer-evolution-topf-aus-gusseisen-31-cm-schwarz\/#primaryimage","url":"https:\/\/i2.wp.com\/interpim.erresse-shop.it\/Import\/Prodotti\/le-creuset-casseruola-oblong-evolution-in-ghisa-31-cm-nero.png?ssl=1","contentUrl":"https:\/\/i2.wp.com\/interpim.erresse-shop.it\/Import\/Prodotti\/le-creuset-casseruola-oblong-evolution-in-ghisa-31-cm-nero.png?ssl=1"},{"@type":"BreadcrumbList","@id":"https:\/\/dev6.erresse-shop.it\/de\/shop\/toepfe-pfannen\/toepfe-und-kochtoepfen\/le-creuset-langer-evolution-topf-aus-gusseisen-31-cm-schwarz\/#breadcrumb","itemListElement":[{"@type":"ListItem","position":1,"name":"Home","item":"https:\/\/dev6.erresse-shop.it\/"},{"@type":"ListItem","position":2,"name":"Shop","item":"https:\/\/dev6.erresse-shop.it\/shop\/"},{"@type":"ListItem","position":3,"name":"LE CREUSET Langer Evolution Topf aus Gusseisen 31 cm Schwarz"}]},{"@type":"WebSite","@id":"https:\/\/dev6.erresse-shop.it\/#website","url":"https:\/\/dev6.erresse-shop.it\/","name":"Erresse Shop","description":"","publisher":{"@id":"https:\/\/dev6.erresse-shop.it\/#organization"},"potentialAction":[{"@type":"SearchAction","target":{"@type":"EntryPoint","urlTemplate":"https:\/\/dev6.erresse-shop.it\/?s={search_term_string}"},"query-input":{"@type":"PropertyValueSpecification","valueRequired":true,"valueName":"search_term_string"}}],"inLanguage":"de"},{"@type":"Organization","@id":"https:\/\/dev6.erresse-shop.it\/#organization","name":"Erresse Shop","url":"https:\/\/dev6.erresse-shop.it\/","logo":{"@type":"ImageObject","inLanguage":"de","@id":"https:\/\/dev6.erresse-shop.it\/#\/schema\/logo\/image\/","url":"https:\/\/dev6.erresse-shop.it\/wp-content\/uploads\/2025\/01\/LOGO-ERRESSE-CLASSICO.svg","contentUrl":"https:\/\/dev6.erresse-shop.it\/wp-content\/uploads\/2025\/01\/LOGO-ERRESSE-CLASSICO.svg","caption":"Erresse Shop"},"image":{"@id":"https:\/\/dev6.erresse-shop.it\/#\/schema\/logo\/image\/"}}]}},"df_price":209.95,"df_sale_price":209.95,"df_regular_price":299,"df_image_link":"https:\/\/i2.wp.com\/interpim.erresse-shop.it\/Import\/Prodotti\/le-creuset-casseruola-oblong-evolution-in-ghisa-31-cm-nero.png?resize=300,300&ssl=1","fifu_image_url":"https:\/\/interpim.erresse-shop.it\/Import\/Prodotti\/le-creuset-casseruola-oblong-evolution-in-ghisa-31-cm-nero.png","_links":{"self":[{"href":"https:\/\/dev6.erresse-shop.it\/de\/wp-json\/wp\/v2\/product\/49047","targetHints":{"allow":["GET"]}}],"collection":[{"href":"https:\/\/dev6.erresse-shop.it\/de\/wp-json\/wp\/v2\/product"}],"about":[{"href":"https:\/\/dev6.erresse-shop.it\/de\/wp-json\/wp\/v2\/types\/product"}],"wp:featuredmedia":[{"embeddable":true,"href":"https:\/\/dev6.erresse-shop.it\/de\/wp-json\/wp\/v2\/media\/7005101"}],"wp:attachment":[{"href":"https:\/\/dev6.erresse-shop.it\/de\/wp-json\/wp\/v2\/media?parent=49047"}],"wp:term":[{"taxonomy":"product_cat","embeddable":true,"href":"https:\/\/dev6.erresse-shop.it\/de\/wp-json\/wp\/v2\/product_cat?post=49047"},{"taxonomy":"product_tag","embeddable":true,"href":"https:\/\/dev6.erresse-shop.it\/de\/wp-json\/wp\/v2\/product_tag?post=49047"}],"curies":[{"name":"wp","href":"https:\/\/api.w.org\/{rel}","templated":true}]}}