{"id":48959,"date":"2026-04-04T08:16:09","date_gmt":"2026-04-04T06:16:09","guid":{"rendered":"https:\/\/dev6.erresse-shop.it\/shop\/unkategorisiert\/le-creuset-niedrige-antihaftbeschichtete-aluminium-bratpfanne-28-cm\/"},"modified":"2025-09-14T00:23:58","modified_gmt":"2025-09-13T22:23:58","slug":"le-creuset-niedrige-antihaftbeschichtete-aluminium-bratpfanne-28-cm","status":"publish","type":"product","link":"https:\/\/dev6.erresse-shop.it\/de\/shop\/toepfe-pfannen\/le-creuset-niedrige-antihaftbeschichtete-aluminium-bratpfanne-28-cm\/","title":{"rendered":"LE CREUSET Niedrige antihaftbeschichtete Aluminium-Bratpfanne 28 cm"},"content":{"rendered":"<p>Diese flache Bratpfanne mit Antihaftbeschichtung ist in der K\u00fcche unverzichtbar und ein sehr vielseitiges Werkzeug. Ausgestattet mit unserer besten Antihaftbeschichtung aller Zeiten und einer langlebigen, leicht zu reinigenden Au\u00dfenseite ist es einfach zu verwenden und perfekt f\u00fcr jede W\u00e4rmequelle. Mit seinen klaren und eleganten Linien wird es eine atemberaubende Erg\u00e4nzung f\u00fcr Ihre K\u00fcche sein.<\/p>\n<p>Perfektes Zubeh\u00f6r: Erhalten Sie au\u00dfergew\u00f6hnliche Aromen und Aromen, indem Sie Ihre Lieblingspfannen mit separat erh\u00e4ltlichen Glasdeckeln erg\u00e4nzen.<br \/>\nEinwandfreie Sauberkeit: Unsere Antihaftprodukte verhindern das Anhaften von Lebensmitteln und erleichtern die Reinigung.<br \/>\nUnsere beste Antihaftbeschichtung aller Zeiten: getestet, zuverl\u00e4ssig, lebenslang garantiert und viermal st\u00e4rker. (getestet in einem unabh\u00e4ngigen Labor mit Tests auf Abriebfestigkeit durch Metallwerkzeuge).<br \/>\nExtreme Widerstandsf\u00e4higkeit: Die eloxierte Struktur bietet eine effiziente W\u00e4rmeleitung und -verteilung f\u00fcr ein gleichm\u00e4\u00dfiges Garen.<br \/>\nGr\u00f6\u00dfere Haltbarkeit: Unsere abriebfesten Pfannen sind daf\u00fcr gemacht, Ihnen jahrelang in der K\u00fcche Gesellschaft zu leisten.<br \/>\nGes\u00fcnderes Kochen: Unsere Antihaftbeschichtung ist PFOA-frei und eignet sich f\u00fcr alle Bratarten, auch ohne \u00d6l oder Fett.<br \/>\nUnsere Produkte werden aus den besten Materialien in Fabriken auf der ganzen Welt hergestellt, um die Qualit\u00e4t zu gew\u00e4hrleisten, die Sie von Le Creuset erwarten.<\/p>\n<p>Material: Antihaftbeschichtetes Aluminium<br \/>\nGarantie: Lebenslang<\/p>\n<p>Zul\u00e4ssige W\u00e4rmequellen:<\/p>\n<p>Ofen im Grillmodus<br \/>\nOfen<br \/>\nElektroherd<br \/>\nKeramikglas<br \/>\nGasherd<br \/>\nInduktionskochfeld<\/p>\n<p>Reinigung:<\/p>\n<p>Lassen Sie das Produkt vor dem Waschen einige Minuten vollst\u00e4ndig abk\u00fchlen. Tauchen Sie es nicht ein und f\u00fcllen Sie es nicht mit kaltem Wasser, wenn es hei\u00df ist: Pl\u00f6tzliche Temperaturschwankungen an der Oberfl\u00e4che k\u00f6nnen das Produkt besch\u00e4digen.<br \/>\nDamit die Antihaftbeschichtung l\u00e4nger h\u00e4lt, empfehlen wir, sie von Hand in warmem Seifenwasser zu waschen, anstatt sie in der Sp\u00fclmaschine zu waschen.<br \/>\nVerwenden Sie zum Reinigen der Oberfl\u00e4chen keine Scheuermittel oder Metallreiniger, Scheuerschw\u00e4mme oder sehr harte, steife B\u00fcrsten.<\/p>\n","protected":false},"excerpt":{"rendered":"<p>Diese flache Bratpfanne mit Antihaftbeschichtung ist in der K\u00fcche unverzichtbar und ein sehr vielseitiges Werkzeug. Ausgestattet mit unserer besten Antihaftbeschichtung aller Zeiten und einer langlebigen, leicht zu reinigenden Au\u00dfenseite ist es einfach zu verwenden und perfekt f\u00fcr jede W\u00e4rmequelle. Mit seinen klaren und eleganten Linien wird es eine atemberaubende Erg\u00e4nzung f\u00fcr Ihre K\u00fcche sein. Perfektes [&hellip;]<\/p>\n","protected":false},"featured_media":6262102,"template":"","meta":{"_acf_changed":false},"product_cat":[12099],"product_tag":[],"class_list":{"0":"post-48959","1":"product","2":"type-product","3":"status-publish","4":"has-post-thumbnail","6":"product_cat-toepfe-pfannen","8":"first","9":"instock","10":"sale","11":"taxable","12":"shipping-taxable","13":"purchasable","14":"product-type-simple","swatches":"rey-swatches","show_selected":"","stretch_labels":"rey-swatches--stretch-labels"},"acf":[],"yoast_head":"<!-- This site is optimized with the Yoast SEO plugin v25.4 - https:\/\/yoast.com\/wordpress\/plugins\/seo\/ -->\n<title>LE CREUSET Niedrige antihaftbeschichtete Aluminium-Bratpfanne 28 cm - dev6 Erresse<\/title>\n<meta name=\"description\" content=\"Diese flache Bratpfanne mit Antihaftbeschichtung ist in der K\u00fcche unverzichtbar und ein sehr vielseitiges Werkzeug. Ausgestattet mit unserer besten\" \/>\n<meta name=\"robots\" content=\"noindex, follow, max-snippet:-1, max-image-preview:large, max-video-preview:-1\" \/>\n<meta property=\"og:locale\" content=\"de_DE\" \/>\n<meta property=\"og:type\" content=\"article\" \/>\n<meta property=\"og:title\" content=\"LE CREUSET Niedrige antihaftbeschichtete Aluminium-Bratpfanne 28 cm - dev6 Erresse\" \/>\n<meta property=\"og:description\" content=\"Diese flache Bratpfanne mit Antihaftbeschichtung ist in der K\u00fcche unverzichtbar und ein sehr vielseitiges Werkzeug. Ausgestattet mit unserer besten\" \/>\n<meta property=\"og:url\" content=\"https:\/\/dev6.erresse-shop.it\/de\/shop\/toepfe-pfannen\/le-creuset-niedrige-antihaftbeschichtete-aluminium-bratpfanne-28-cm\/\" \/>\n<meta property=\"og:site_name\" content=\"dev6 Erresse\" \/>\n<meta property=\"og:image\" content=\"https:\/\/interpim.erresse-shop.it\/Import\/Prodotti\/le-creuset-padella-bassa-alluminio-antiaderente-6.jpg\" \/><meta property=\"og:image\" content=\"https:\/\/interpim.erresse-shop.it\/Import\/Prodotti\/le-creuset-padella-bassa-alluminio-antiaderente-6.jpg\" \/>\n\t<meta property=\"og:image:width\" content=\"1024\" \/>\n\t<meta property=\"og:image:height\" content=\"1024\" \/>\n\t<meta property=\"og:image:type\" content=\"image\/jpeg\" \/>\n<meta name=\"twitter:card\" content=\"summary_large_image\" \/>\n<meta name=\"twitter:image\" content=\"https:\/\/interpim.erresse-shop.it\/Import\/Prodotti\/le-creuset-padella-bassa-alluminio-antiaderente-6.jpg\" \/>\n<script type=\"application\/ld+json\" class=\"yoast-schema-graph\">{\"@context\":\"https:\/\/schema.org\",\"@graph\":[{\"@type\":\"WebPage\",\"@id\":\"https:\/\/dev6.erresse-shop.it\/de\/shop\/toepfe-pfannen\/le-creuset-niedrige-antihaftbeschichtete-aluminium-bratpfanne-28-cm\/\",\"url\":\"https:\/\/dev6.erresse-shop.it\/de\/shop\/toepfe-pfannen\/le-creuset-niedrige-antihaftbeschichtete-aluminium-bratpfanne-28-cm\/\",\"name\":\"LE CREUSET Niedrige antihaftbeschichtete Aluminium-Bratpfanne 28 cm - dev6 Erresse\",\"isPartOf\":{\"@id\":\"https:\/\/dev6.erresse-shop.it\/#website\"},\"primaryImageOfPage\":{\"@id\":\"https:\/\/dev6.erresse-shop.it\/de\/shop\/toepfe-pfannen\/le-creuset-niedrige-antihaftbeschichtete-aluminium-bratpfanne-28-cm\/#primaryimage\"},\"image\":{\"@id\":\"https:\/\/dev6.erresse-shop.it\/de\/shop\/toepfe-pfannen\/le-creuset-niedrige-antihaftbeschichtete-aluminium-bratpfanne-28-cm\/#primaryimage\"},\"thumbnailUrl\":\"https:\/\/i3.wp.com\/interpim.erresse-shop.it\/Import\/Prodotti\/le-creuset-padella-bassa-alluminio-antiaderente-6.jpg?ssl=1\",\"datePublished\":\"2026-04-04T06:16:09+00:00\",\"description\":\"Diese flache Bratpfanne mit Antihaftbeschichtung ist in der K\u00fcche unverzichtbar und ein sehr vielseitiges Werkzeug. Ausgestattet mit unserer besten\",\"breadcrumb\":{\"@id\":\"https:\/\/dev6.erresse-shop.it\/de\/shop\/toepfe-pfannen\/le-creuset-niedrige-antihaftbeschichtete-aluminium-bratpfanne-28-cm\/#breadcrumb\"},\"inLanguage\":\"de\",\"potentialAction\":[{\"@type\":\"ReadAction\",\"target\":[\"https:\/\/dev6.erresse-shop.it\/de\/shop\/toepfe-pfannen\/le-creuset-niedrige-antihaftbeschichtete-aluminium-bratpfanne-28-cm\/\"]}]},{\"@type\":\"ImageObject\",\"inLanguage\":\"de\",\"@id\":\"https:\/\/dev6.erresse-shop.it\/de\/shop\/toepfe-pfannen\/le-creuset-niedrige-antihaftbeschichtete-aluminium-bratpfanne-28-cm\/#primaryimage\",\"url\":\"https:\/\/i3.wp.com\/interpim.erresse-shop.it\/Import\/Prodotti\/le-creuset-padella-bassa-alluminio-antiaderente-6.jpg?ssl=1\",\"contentUrl\":\"https:\/\/i3.wp.com\/interpim.erresse-shop.it\/Import\/Prodotti\/le-creuset-padella-bassa-alluminio-antiaderente-6.jpg?ssl=1\"},{\"@type\":\"BreadcrumbList\",\"@id\":\"https:\/\/dev6.erresse-shop.it\/de\/shop\/toepfe-pfannen\/le-creuset-niedrige-antihaftbeschichtete-aluminium-bratpfanne-28-cm\/#breadcrumb\",\"itemListElement\":[{\"@type\":\"ListItem\",\"position\":1,\"name\":\"Home\",\"item\":\"https:\/\/dev6.erresse-shop.it\/\"},{\"@type\":\"ListItem\",\"position\":2,\"name\":\"Shop\",\"item\":\"https:\/\/dev6.erresse-shop.it\/shop\/\"},{\"@type\":\"ListItem\",\"position\":3,\"name\":\"LE CREUSET Niedrige antihaftbeschichtete Aluminium-Bratpfanne 28 cm\"}]},{\"@type\":\"WebSite\",\"@id\":\"https:\/\/dev6.erresse-shop.it\/#website\",\"url\":\"https:\/\/dev6.erresse-shop.it\/\",\"name\":\"Erresse Shop\",\"description\":\"\",\"publisher\":{\"@id\":\"https:\/\/dev6.erresse-shop.it\/#organization\"},\"potentialAction\":[{\"@type\":\"SearchAction\",\"target\":{\"@type\":\"EntryPoint\",\"urlTemplate\":\"https:\/\/dev6.erresse-shop.it\/?s={search_term_string}\"},\"query-input\":{\"@type\":\"PropertyValueSpecification\",\"valueRequired\":true,\"valueName\":\"search_term_string\"}}],\"inLanguage\":\"de\"},{\"@type\":\"Organization\",\"@id\":\"https:\/\/dev6.erresse-shop.it\/#organization\",\"name\":\"Erresse Shop\",\"url\":\"https:\/\/dev6.erresse-shop.it\/\",\"logo\":{\"@type\":\"ImageObject\",\"inLanguage\":\"de\",\"@id\":\"https:\/\/dev6.erresse-shop.it\/#\/schema\/logo\/image\/\",\"url\":\"https:\/\/dev6.erresse-shop.it\/wp-content\/uploads\/2025\/01\/LOGO-ERRESSE-CLASSICO.svg\",\"contentUrl\":\"https:\/\/dev6.erresse-shop.it\/wp-content\/uploads\/2025\/01\/LOGO-ERRESSE-CLASSICO.svg\",\"caption\":\"Erresse Shop\"},\"image\":{\"@id\":\"https:\/\/dev6.erresse-shop.it\/#\/schema\/logo\/image\/\"}}]}<\/script>\n<!-- \/ Yoast SEO plugin. -->","yoast_head_json":{"title":"LE CREUSET Niedrige antihaftbeschichtete Aluminium-Bratpfanne 28 cm - dev6 Erresse","description":"Diese flache Bratpfanne mit Antihaftbeschichtung ist in der K\u00fcche unverzichtbar und ein sehr vielseitiges Werkzeug. Ausgestattet mit unserer besten","robots":{"index":"noindex","follow":"follow","max-snippet":"max-snippet:-1","max-image-preview":"max-image-preview:large","max-video-preview":"max-video-preview:-1"},"og_locale":"de_DE","og_type":"article","og_title":"LE CREUSET Niedrige antihaftbeschichtete Aluminium-Bratpfanne 28 cm - dev6 Erresse","og_description":"Diese flache Bratpfanne mit Antihaftbeschichtung ist in der K\u00fcche unverzichtbar und ein sehr vielseitiges Werkzeug. Ausgestattet mit unserer besten","og_url":"https:\/\/dev6.erresse-shop.it\/de\/shop\/toepfe-pfannen\/le-creuset-niedrige-antihaftbeschichtete-aluminium-bratpfanne-28-cm\/","og_site_name":"dev6 Erresse","og_image":[{"url":"https:\/\/interpim.erresse-shop.it\/Import\/Prodotti\/le-creuset-padella-bassa-alluminio-antiaderente-6.jpg","type":"","width":"","height":""},{"url":"https:\/\/interpim.erresse-shop.it\/Import\/Prodotti\/le-creuset-padella-bassa-alluminio-antiaderente-6.jpg","width":1024,"height":1024,"type":"image\/jpeg"}],"twitter_card":"summary_large_image","twitter_image":"https:\/\/interpim.erresse-shop.it\/Import\/Prodotti\/le-creuset-padella-bassa-alluminio-antiaderente-6.jpg","schema":{"@context":"https:\/\/schema.org","@graph":[{"@type":"WebPage","@id":"https:\/\/dev6.erresse-shop.it\/de\/shop\/toepfe-pfannen\/le-creuset-niedrige-antihaftbeschichtete-aluminium-bratpfanne-28-cm\/","url":"https:\/\/dev6.erresse-shop.it\/de\/shop\/toepfe-pfannen\/le-creuset-niedrige-antihaftbeschichtete-aluminium-bratpfanne-28-cm\/","name":"LE CREUSET Niedrige antihaftbeschichtete Aluminium-Bratpfanne 28 cm - dev6 Erresse","isPartOf":{"@id":"https:\/\/dev6.erresse-shop.it\/#website"},"primaryImageOfPage":{"@id":"https:\/\/dev6.erresse-shop.it\/de\/shop\/toepfe-pfannen\/le-creuset-niedrige-antihaftbeschichtete-aluminium-bratpfanne-28-cm\/#primaryimage"},"image":{"@id":"https:\/\/dev6.erresse-shop.it\/de\/shop\/toepfe-pfannen\/le-creuset-niedrige-antihaftbeschichtete-aluminium-bratpfanne-28-cm\/#primaryimage"},"thumbnailUrl":"https:\/\/i3.wp.com\/interpim.erresse-shop.it\/Import\/Prodotti\/le-creuset-padella-bassa-alluminio-antiaderente-6.jpg?ssl=1","datePublished":"2026-04-04T06:16:09+00:00","description":"Diese flache Bratpfanne mit Antihaftbeschichtung ist in der K\u00fcche unverzichtbar und ein sehr vielseitiges Werkzeug. Ausgestattet mit unserer besten","breadcrumb":{"@id":"https:\/\/dev6.erresse-shop.it\/de\/shop\/toepfe-pfannen\/le-creuset-niedrige-antihaftbeschichtete-aluminium-bratpfanne-28-cm\/#breadcrumb"},"inLanguage":"de","potentialAction":[{"@type":"ReadAction","target":["https:\/\/dev6.erresse-shop.it\/de\/shop\/toepfe-pfannen\/le-creuset-niedrige-antihaftbeschichtete-aluminium-bratpfanne-28-cm\/"]}]},{"@type":"ImageObject","inLanguage":"de","@id":"https:\/\/dev6.erresse-shop.it\/de\/shop\/toepfe-pfannen\/le-creuset-niedrige-antihaftbeschichtete-aluminium-bratpfanne-28-cm\/#primaryimage","url":"https:\/\/i3.wp.com\/interpim.erresse-shop.it\/Import\/Prodotti\/le-creuset-padella-bassa-alluminio-antiaderente-6.jpg?ssl=1","contentUrl":"https:\/\/i3.wp.com\/interpim.erresse-shop.it\/Import\/Prodotti\/le-creuset-padella-bassa-alluminio-antiaderente-6.jpg?ssl=1"},{"@type":"BreadcrumbList","@id":"https:\/\/dev6.erresse-shop.it\/de\/shop\/toepfe-pfannen\/le-creuset-niedrige-antihaftbeschichtete-aluminium-bratpfanne-28-cm\/#breadcrumb","itemListElement":[{"@type":"ListItem","position":1,"name":"Home","item":"https:\/\/dev6.erresse-shop.it\/"},{"@type":"ListItem","position":2,"name":"Shop","item":"https:\/\/dev6.erresse-shop.it\/shop\/"},{"@type":"ListItem","position":3,"name":"LE CREUSET Niedrige antihaftbeschichtete Aluminium-Bratpfanne 28 cm"}]},{"@type":"WebSite","@id":"https:\/\/dev6.erresse-shop.it\/#website","url":"https:\/\/dev6.erresse-shop.it\/","name":"Erresse Shop","description":"","publisher":{"@id":"https:\/\/dev6.erresse-shop.it\/#organization"},"potentialAction":[{"@type":"SearchAction","target":{"@type":"EntryPoint","urlTemplate":"https:\/\/dev6.erresse-shop.it\/?s={search_term_string}"},"query-input":{"@type":"PropertyValueSpecification","valueRequired":true,"valueName":"search_term_string"}}],"inLanguage":"de"},{"@type":"Organization","@id":"https:\/\/dev6.erresse-shop.it\/#organization","name":"Erresse Shop","url":"https:\/\/dev6.erresse-shop.it\/","logo":{"@type":"ImageObject","inLanguage":"de","@id":"https:\/\/dev6.erresse-shop.it\/#\/schema\/logo\/image\/","url":"https:\/\/dev6.erresse-shop.it\/wp-content\/uploads\/2025\/01\/LOGO-ERRESSE-CLASSICO.svg","contentUrl":"https:\/\/dev6.erresse-shop.it\/wp-content\/uploads\/2025\/01\/LOGO-ERRESSE-CLASSICO.svg","caption":"Erresse Shop"},"image":{"@id":"https:\/\/dev6.erresse-shop.it\/#\/schema\/logo\/image\/"}}]}},"df_price":124.95,"df_sale_price":124.95,"df_regular_price":165,"df_image_link":"https:\/\/i3.wp.com\/interpim.erresse-shop.it\/Import\/Prodotti\/le-creuset-padella-bassa-alluminio-antiaderente-6.jpg?resize=300,300&ssl=1","fifu_image_url":"https:\/\/interpim.erresse-shop.it\/Import\/Prodotti\/le-creuset-padella-bassa-alluminio-antiaderente-6.jpg","_links":{"self":[{"href":"https:\/\/dev6.erresse-shop.it\/de\/wp-json\/wp\/v2\/product\/48959","targetHints":{"allow":["GET"]}}],"collection":[{"href":"https:\/\/dev6.erresse-shop.it\/de\/wp-json\/wp\/v2\/product"}],"about":[{"href":"https:\/\/dev6.erresse-shop.it\/de\/wp-json\/wp\/v2\/types\/product"}],"wp:featuredmedia":[{"embeddable":true,"href":"https:\/\/dev6.erresse-shop.it\/de\/wp-json\/wp\/v2\/media\/6262102"}],"wp:attachment":[{"href":"https:\/\/dev6.erresse-shop.it\/de\/wp-json\/wp\/v2\/media?parent=48959"}],"wp:term":[{"taxonomy":"product_cat","embeddable":true,"href":"https:\/\/dev6.erresse-shop.it\/de\/wp-json\/wp\/v2\/product_cat?post=48959"},{"taxonomy":"product_tag","embeddable":true,"href":"https:\/\/dev6.erresse-shop.it\/de\/wp-json\/wp\/v2\/product_tag?post=48959"}],"curies":[{"name":"wp","href":"https:\/\/api.w.org\/{rel}","templated":true}]}}