{"id":48875,"date":"2026-04-21T01:31:32","date_gmt":"2026-04-20T23:31:32","guid":{"rendered":"https:\/\/dev6.erresse-shop.it\/shop\/unkategorisiert\/seletti-diesel-wunderkrammer-bone\/"},"modified":"2026-04-22T02:40:53","modified_gmt":"2026-04-22T00:40:53","slug":"seletti-diesel-wunderkrammer-bone","status":"publish","type":"product","link":"https:\/\/dev6.erresse-shop.it\/de\/shop\/einrichtung-haus\/dekoartikel\/seletti-diesel-wunderkrammer-bone\/","title":{"rendered":"SELETTI Diesel Wunderkrammer Bone"},"content":{"rendered":"<p>Seletti ist eine Geschichte des Sehens und der Evolution. Gegr\u00fcndet im Jahr 1964, in Cicognara, Mantova. \u201cHeute ist Seletti mit jungen italienischen und internationalen Designer, die schnell ihre eigenen Marke arbeiten, ist der Wunsch, eine Gruppe, die zusammen wachsen und sich entwickeln, eine Herausforderung, dass, so weit, macht tolle Ergebnisse zu schaffen.\u201d I arbeite auch mit Leuten au\u00dferhalb der Designwelt, K\u00fcnstler, Vision\u00e4re, mit denen ich m\u00f6chte einige Barrieren abzubauen. Meine unkonventionellen nicht-akademischen Ausbildung f\u00fchrt mich nat\u00fcrlich auf \u201cCrossover\u201d, eine Reise auf die Idee, eine \u201cneue Sch\u00f6nheit\u201d. F\u00fcr uns ist diese (r) evolution \u201c.<br \/>\n\u00a0<br \/>\nWolfssch\u00e4del, Schlangen aufwerfend, Knochen aus geheimnisvollen Tieren \u2026 alles in edlem goldfarbenem Metall. Wunderkammer ist eine Sammlung seltener und ungew\u00f6hnlicher Gegenst\u00e4nde, die aus einem Renaissance-Raum der Wunder in die Gegenwart reisen.<br \/>\n\u00a0<br \/>\nMaterial: Aluminium<br \/>\nSize:\u00a0Cm 37\u00d712,5\u00d712,5<\/p>\n","protected":false},"excerpt":{"rendered":"<p>Seletti ist eine Geschichte des Sehens und der Evolution. Gegr\u00fcndet im Jahr 1964, in Cicognara, Mantova. \u201cHeute ist Seletti mit jungen italienischen und internationalen Designer, die schnell ihre eigenen Marke arbeiten, ist der Wunsch, eine Gruppe, die zusammen wachsen und sich entwickeln, eine Herausforderung, dass, so weit, macht tolle Ergebnisse zu schaffen.\u201d I arbeite auch [&hellip;]<\/p>\n","protected":false},"featured_media":6706071,"template":"","meta":{"_acf_changed":false},"product_cat":[11666,12129,12098],"product_tag":[],"class_list":{"0":"post-48875","1":"product","2":"type-product","3":"status-publish","4":"has-post-thumbnail","6":"product_cat-arredamento-casa","7":"product_cat-dekoartikel","8":"product_cat-einrichtung-haus","10":"first","11":"outofstock","12":"sale","13":"taxable","14":"shipping-taxable","15":"purchasable","16":"product-type-simple","swatches":"rey-swatches","show_selected":"","stretch_labels":"rey-swatches--stretch-labels"},"acf":[],"yoast_head":"<!-- This site is optimized with the Yoast SEO plugin v25.4 - https:\/\/yoast.com\/wordpress\/plugins\/seo\/ -->\n<title>SELETTI Diesel Wunderkrammer Bone - dev6 Erresse<\/title>\n<meta name=\"description\" content=\"Seletti ist eine Geschichte des Sehens und der Evolution. Gegr\u00fcndet im Jahr 1964, in Cicognara, Mantova. \u201cHeute ist Seletti mit jungen italienischen und\" \/>\n<meta name=\"robots\" content=\"noindex, follow, max-snippet:-1, max-image-preview:large, max-video-preview:-1\" \/>\n<meta property=\"og:locale\" content=\"de_DE\" \/>\n<meta property=\"og:type\" content=\"article\" \/>\n<meta property=\"og:title\" content=\"SELETTI Diesel Wunderkrammer Bone - dev6 Erresse\" \/>\n<meta property=\"og:description\" content=\"Seletti ist eine Geschichte des Sehens und der Evolution. Gegr\u00fcndet im Jahr 1964, in Cicognara, Mantova. \u201cHeute ist Seletti mit jungen italienischen und\" \/>\n<meta property=\"og:url\" content=\"https:\/\/dev6.erresse-shop.it\/de\/shop\/einrichtung-haus\/dekoartikel\/seletti-diesel-wunderkrammer-bone\/\" \/>\n<meta property=\"og:site_name\" content=\"dev6 Erresse\" \/>\n<meta property=\"article:modified_time\" content=\"2026-04-22T00:40:53+00:00\" \/>\n<meta property=\"og:image\" content=\"https:\/\/interpim.erresse-shop.it\/Import\/Prodotti\/products-10890.jpg\" \/><meta property=\"og:image\" content=\"https:\/\/interpim.erresse-shop.it\/Import\/Prodotti\/products-10890.jpg\" \/>\n\t<meta property=\"og:image:width\" content=\"1024\" \/>\n\t<meta property=\"og:image:height\" content=\"1024\" \/>\n\t<meta property=\"og:image:type\" content=\"image\/jpeg\" \/>\n<meta name=\"twitter:card\" content=\"summary_large_image\" \/>\n<meta name=\"twitter:image\" content=\"https:\/\/interpim.erresse-shop.it\/Import\/Prodotti\/products-10890.jpg\" \/>\n<script type=\"application\/ld+json\" class=\"yoast-schema-graph\">{\"@context\":\"https:\/\/schema.org\",\"@graph\":[{\"@type\":\"WebPage\",\"@id\":\"https:\/\/dev6.erresse-shop.it\/de\/shop\/einrichtung-haus\/dekoartikel\/seletti-diesel-wunderkrammer-bone\/\",\"url\":\"https:\/\/dev6.erresse-shop.it\/de\/shop\/einrichtung-haus\/dekoartikel\/seletti-diesel-wunderkrammer-bone\/\",\"name\":\"SELETTI Diesel Wunderkrammer Bone - dev6 Erresse\",\"isPartOf\":{\"@id\":\"https:\/\/dev6.erresse-shop.it\/#website\"},\"primaryImageOfPage\":{\"@id\":\"https:\/\/dev6.erresse-shop.it\/de\/shop\/einrichtung-haus\/dekoartikel\/seletti-diesel-wunderkrammer-bone\/#primaryimage\"},\"image\":{\"@id\":\"https:\/\/dev6.erresse-shop.it\/de\/shop\/einrichtung-haus\/dekoartikel\/seletti-diesel-wunderkrammer-bone\/#primaryimage\"},\"thumbnailUrl\":\"https:\/\/i3.wp.com\/interpim.erresse-shop.it\/Import\/Prodotti\/products-10890.jpg?ssl=1\",\"datePublished\":\"2026-04-20T23:31:32+00:00\",\"dateModified\":\"2026-04-22T00:40:53+00:00\",\"description\":\"Seletti ist eine Geschichte des Sehens und der Evolution. Gegr\u00fcndet im Jahr 1964, in Cicognara, Mantova. \u201cHeute ist Seletti mit jungen italienischen und\",\"breadcrumb\":{\"@id\":\"https:\/\/dev6.erresse-shop.it\/de\/shop\/einrichtung-haus\/dekoartikel\/seletti-diesel-wunderkrammer-bone\/#breadcrumb\"},\"inLanguage\":\"de\",\"potentialAction\":[{\"@type\":\"ReadAction\",\"target\":[\"https:\/\/dev6.erresse-shop.it\/de\/shop\/einrichtung-haus\/dekoartikel\/seletti-diesel-wunderkrammer-bone\/\"]}]},{\"@type\":\"ImageObject\",\"inLanguage\":\"de\",\"@id\":\"https:\/\/dev6.erresse-shop.it\/de\/shop\/einrichtung-haus\/dekoartikel\/seletti-diesel-wunderkrammer-bone\/#primaryimage\",\"url\":\"https:\/\/i3.wp.com\/interpim.erresse-shop.it\/Import\/Prodotti\/products-10890.jpg?ssl=1\",\"contentUrl\":\"https:\/\/i3.wp.com\/interpim.erresse-shop.it\/Import\/Prodotti\/products-10890.jpg?ssl=1\"},{\"@type\":\"BreadcrumbList\",\"@id\":\"https:\/\/dev6.erresse-shop.it\/de\/shop\/einrichtung-haus\/dekoartikel\/seletti-diesel-wunderkrammer-bone\/#breadcrumb\",\"itemListElement\":[{\"@type\":\"ListItem\",\"position\":1,\"name\":\"Home\",\"item\":\"https:\/\/dev6.erresse-shop.it\/\"},{\"@type\":\"ListItem\",\"position\":2,\"name\":\"Shop\",\"item\":\"https:\/\/dev6.erresse-shop.it\/shop\/\"},{\"@type\":\"ListItem\",\"position\":3,\"name\":\"SELETTI Diesel Wunderkrammer Bone\"}]},{\"@type\":\"WebSite\",\"@id\":\"https:\/\/dev6.erresse-shop.it\/#website\",\"url\":\"https:\/\/dev6.erresse-shop.it\/\",\"name\":\"Erresse Shop\",\"description\":\"\",\"publisher\":{\"@id\":\"https:\/\/dev6.erresse-shop.it\/#organization\"},\"potentialAction\":[{\"@type\":\"SearchAction\",\"target\":{\"@type\":\"EntryPoint\",\"urlTemplate\":\"https:\/\/dev6.erresse-shop.it\/?s={search_term_string}\"},\"query-input\":{\"@type\":\"PropertyValueSpecification\",\"valueRequired\":true,\"valueName\":\"search_term_string\"}}],\"inLanguage\":\"de\"},{\"@type\":\"Organization\",\"@id\":\"https:\/\/dev6.erresse-shop.it\/#organization\",\"name\":\"Erresse Shop\",\"url\":\"https:\/\/dev6.erresse-shop.it\/\",\"logo\":{\"@type\":\"ImageObject\",\"inLanguage\":\"de\",\"@id\":\"https:\/\/dev6.erresse-shop.it\/#\/schema\/logo\/image\/\",\"url\":\"https:\/\/dev6.erresse-shop.it\/wp-content\/uploads\/2025\/01\/LOGO-ERRESSE-CLASSICO.svg\",\"contentUrl\":\"https:\/\/dev6.erresse-shop.it\/wp-content\/uploads\/2025\/01\/LOGO-ERRESSE-CLASSICO.svg\",\"caption\":\"Erresse Shop\"},\"image\":{\"@id\":\"https:\/\/dev6.erresse-shop.it\/#\/schema\/logo\/image\/\"}}]}<\/script>\n<!-- \/ Yoast SEO plugin. -->","yoast_head_json":{"title":"SELETTI Diesel Wunderkrammer Bone - dev6 Erresse","description":"Seletti ist eine Geschichte des Sehens und der Evolution. Gegr\u00fcndet im Jahr 1964, in Cicognara, Mantova. \u201cHeute ist Seletti mit jungen italienischen und","robots":{"index":"noindex","follow":"follow","max-snippet":"max-snippet:-1","max-image-preview":"max-image-preview:large","max-video-preview":"max-video-preview:-1"},"og_locale":"de_DE","og_type":"article","og_title":"SELETTI Diesel Wunderkrammer Bone - dev6 Erresse","og_description":"Seletti ist eine Geschichte des Sehens und der Evolution. Gegr\u00fcndet im Jahr 1964, in Cicognara, Mantova. \u201cHeute ist Seletti mit jungen italienischen und","og_url":"https:\/\/dev6.erresse-shop.it\/de\/shop\/einrichtung-haus\/dekoartikel\/seletti-diesel-wunderkrammer-bone\/","og_site_name":"dev6 Erresse","article_modified_time":"2026-04-22T00:40:53+00:00","og_image":[{"url":"https:\/\/interpim.erresse-shop.it\/Import\/Prodotti\/products-10890.jpg","type":"","width":"","height":""},{"url":"https:\/\/interpim.erresse-shop.it\/Import\/Prodotti\/products-10890.jpg","width":1024,"height":1024,"type":"image\/jpeg"}],"twitter_card":"summary_large_image","twitter_image":"https:\/\/interpim.erresse-shop.it\/Import\/Prodotti\/products-10890.jpg","schema":{"@context":"https:\/\/schema.org","@graph":[{"@type":"WebPage","@id":"https:\/\/dev6.erresse-shop.it\/de\/shop\/einrichtung-haus\/dekoartikel\/seletti-diesel-wunderkrammer-bone\/","url":"https:\/\/dev6.erresse-shop.it\/de\/shop\/einrichtung-haus\/dekoartikel\/seletti-diesel-wunderkrammer-bone\/","name":"SELETTI Diesel Wunderkrammer Bone - dev6 Erresse","isPartOf":{"@id":"https:\/\/dev6.erresse-shop.it\/#website"},"primaryImageOfPage":{"@id":"https:\/\/dev6.erresse-shop.it\/de\/shop\/einrichtung-haus\/dekoartikel\/seletti-diesel-wunderkrammer-bone\/#primaryimage"},"image":{"@id":"https:\/\/dev6.erresse-shop.it\/de\/shop\/einrichtung-haus\/dekoartikel\/seletti-diesel-wunderkrammer-bone\/#primaryimage"},"thumbnailUrl":"https:\/\/i3.wp.com\/interpim.erresse-shop.it\/Import\/Prodotti\/products-10890.jpg?ssl=1","datePublished":"2026-04-20T23:31:32+00:00","dateModified":"2026-04-22T00:40:53+00:00","description":"Seletti ist eine Geschichte des Sehens und der Evolution. Gegr\u00fcndet im Jahr 1964, in Cicognara, Mantova. \u201cHeute ist Seletti mit jungen italienischen und","breadcrumb":{"@id":"https:\/\/dev6.erresse-shop.it\/de\/shop\/einrichtung-haus\/dekoartikel\/seletti-diesel-wunderkrammer-bone\/#breadcrumb"},"inLanguage":"de","potentialAction":[{"@type":"ReadAction","target":["https:\/\/dev6.erresse-shop.it\/de\/shop\/einrichtung-haus\/dekoartikel\/seletti-diesel-wunderkrammer-bone\/"]}]},{"@type":"ImageObject","inLanguage":"de","@id":"https:\/\/dev6.erresse-shop.it\/de\/shop\/einrichtung-haus\/dekoartikel\/seletti-diesel-wunderkrammer-bone\/#primaryimage","url":"https:\/\/i3.wp.com\/interpim.erresse-shop.it\/Import\/Prodotti\/products-10890.jpg?ssl=1","contentUrl":"https:\/\/i3.wp.com\/interpim.erresse-shop.it\/Import\/Prodotti\/products-10890.jpg?ssl=1"},{"@type":"BreadcrumbList","@id":"https:\/\/dev6.erresse-shop.it\/de\/shop\/einrichtung-haus\/dekoartikel\/seletti-diesel-wunderkrammer-bone\/#breadcrumb","itemListElement":[{"@type":"ListItem","position":1,"name":"Home","item":"https:\/\/dev6.erresse-shop.it\/"},{"@type":"ListItem","position":2,"name":"Shop","item":"https:\/\/dev6.erresse-shop.it\/shop\/"},{"@type":"ListItem","position":3,"name":"SELETTI Diesel Wunderkrammer Bone"}]},{"@type":"WebSite","@id":"https:\/\/dev6.erresse-shop.it\/#website","url":"https:\/\/dev6.erresse-shop.it\/","name":"Erresse Shop","description":"","publisher":{"@id":"https:\/\/dev6.erresse-shop.it\/#organization"},"potentialAction":[{"@type":"SearchAction","target":{"@type":"EntryPoint","urlTemplate":"https:\/\/dev6.erresse-shop.it\/?s={search_term_string}"},"query-input":{"@type":"PropertyValueSpecification","valueRequired":true,"valueName":"search_term_string"}}],"inLanguage":"de"},{"@type":"Organization","@id":"https:\/\/dev6.erresse-shop.it\/#organization","name":"Erresse Shop","url":"https:\/\/dev6.erresse-shop.it\/","logo":{"@type":"ImageObject","inLanguage":"de","@id":"https:\/\/dev6.erresse-shop.it\/#\/schema\/logo\/image\/","url":"https:\/\/dev6.erresse-shop.it\/wp-content\/uploads\/2025\/01\/LOGO-ERRESSE-CLASSICO.svg","contentUrl":"https:\/\/dev6.erresse-shop.it\/wp-content\/uploads\/2025\/01\/LOGO-ERRESSE-CLASSICO.svg","caption":"Erresse Shop"},"image":{"@id":"https:\/\/dev6.erresse-shop.it\/#\/schema\/logo\/image\/"}}]}},"df_price":149.95,"df_sale_price":149.95,"df_regular_price":188,"df_image_link":"https:\/\/i3.wp.com\/interpim.erresse-shop.it\/Import\/Prodotti\/products-10890.jpg?resize=300,300&ssl=1","fifu_image_url":"https:\/\/interpim.erresse-shop.it\/Import\/Prodotti\/products-10890.jpg","_links":{"self":[{"href":"https:\/\/dev6.erresse-shop.it\/de\/wp-json\/wp\/v2\/product\/48875","targetHints":{"allow":["GET"]}}],"collection":[{"href":"https:\/\/dev6.erresse-shop.it\/de\/wp-json\/wp\/v2\/product"}],"about":[{"href":"https:\/\/dev6.erresse-shop.it\/de\/wp-json\/wp\/v2\/types\/product"}],"wp:featuredmedia":[{"embeddable":true,"href":"https:\/\/dev6.erresse-shop.it\/de\/wp-json\/wp\/v2\/media\/6706071"}],"wp:attachment":[{"href":"https:\/\/dev6.erresse-shop.it\/de\/wp-json\/wp\/v2\/media?parent=48875"}],"wp:term":[{"taxonomy":"product_cat","embeddable":true,"href":"https:\/\/dev6.erresse-shop.it\/de\/wp-json\/wp\/v2\/product_cat?post=48875"},{"taxonomy":"product_tag","embeddable":true,"href":"https:\/\/dev6.erresse-shop.it\/de\/wp-json\/wp\/v2\/product_tag?post=48875"}],"curies":[{"name":"wp","href":"https:\/\/api.w.org\/{rel}","templated":true}]}}