{"id":48847,"date":"2026-04-04T08:14:52","date_gmt":"2026-04-04T06:14:52","guid":{"rendered":"https:\/\/dev6.erresse-shop.it\/shop\/unkategorisiert\/le-creuset-crepespfanne-27cm-schwarz\/"},"modified":"2025-09-14T00:23:05","modified_gmt":"2025-09-13T22:23:05","slug":"le-creuset-crepespfanne-27cm-schwarz","status":"publish","type":"product","link":"https:\/\/dev6.erresse-shop.it\/de\/shop\/toepfe-pfannen\/kuchenfoermchen-und-crepes-toepfe\/le-creuset-crepespfanne-27cm-schwarz\/","title":{"rendered":"LE CREUSET  Crepespfanne 27cm Schwarz"},"content":{"rendered":"<p>Ihre Cr\u00eapes sind mit Le Creuset Gusseisenkreppeisen immer ein Hit. S\u00fc\u00df oder herzhaft, sie sind eine schnelle und perfekte Vorbereitung f\u00fcr einen besonderen Tag. Ideal zum Pr\u00e4sentieren auf dem Tisch.<br \/>\nUnsere ber\u00fchmte Le Creuset-Serie aus glasiertem Gusseisen erm\u00f6glicht eine perfekte W\u00e4rmeverteilung und -speicherung. Es ist das haltbarste und hygienischste Material auf dem Markt. Probieren Sie es aus und die Ergebnisse werden Sie \u00fcberraschen.<\/p>\n<p>Steinzeug aus geschmolzenem Gusseisen<\/p>\n<p>\u2013 Gleichm\u00e4\u00dfige W\u00e4rmeverteilung ohne \u00dcberhitzungszonen.<br \/>\n\u2013 Ausgezeichnete W\u00e4rmespeicherung.<br \/>\n\u2013 Rostfreier Stahlknopf, der gegen irgendeine Temperatur best\u00e4ndig ist und \/ oder phenoplastischer Knopf best\u00e4ndig bis 180 \u00b0 C.<br \/>\n\u2013 Griffe f\u00fcr optimale Griffigkeit.<br \/>\n\u2013 Innere und \u00e4u\u00dfere verglaste Oberfl\u00e4che. Nimmt keine Feuchtigkeit, Geschmack oder Geruch von Lebensmitteln auf.<br \/>\n\u2013 Kompatibel mit allen W\u00e4rmequellen, einschlie\u00dflich Induktion.<br \/>\n\u2013 Einfache Reinigung.<br \/>\n\u2013 Au\u00dfergew\u00f6hnliche Dauer.<br \/>\n\u2013 Lebenslange Garantie.<\/p>\n<p>See Movie 1See Movie 2<\/p>\n","protected":false},"excerpt":{"rendered":"<p>Ihre Cr\u00eapes sind mit Le Creuset Gusseisenkreppeisen immer ein Hit. S\u00fc\u00df oder herzhaft, sie sind eine schnelle und perfekte Vorbereitung f\u00fcr einen besonderen Tag. Ideal zum Pr\u00e4sentieren auf dem Tisch. Unsere ber\u00fchmte Le Creuset-Serie aus glasiertem Gusseisen erm\u00f6glicht eine perfekte W\u00e4rmeverteilung und -speicherung. Es ist das haltbarste und hygienischste Material auf dem Markt. Probieren Sie [&hellip;]<\/p>\n","protected":false},"featured_media":6261521,"template":"","meta":{"_acf_changed":false},"product_cat":[12135,11667,12099],"product_tag":[],"class_list":{"0":"post-48847","1":"product","2":"type-product","3":"status-publish","4":"has-post-thumbnail","6":"product_cat-kuchenfoermchen-und-crepes-toepfe","7":"product_cat-padelle-pentole","8":"product_cat-toepfe-pfannen","10":"first","11":"instock","12":"sale","13":"taxable","14":"shipping-taxable","15":"purchasable","16":"product-type-simple","swatches":"rey-swatches","show_selected":"","stretch_labels":"rey-swatches--stretch-labels"},"acf":[],"yoast_head":"<!-- This site is optimized with the Yoast SEO plugin v25.4 - https:\/\/yoast.com\/wordpress\/plugins\/seo\/ -->\n<title>LE CREUSET Crepespfanne 27cm Schwarz - dev6 Erresse<\/title>\n<meta name=\"description\" content=\"Ihre Cr\u00eapes sind mit Le Creuset Gusseisenkreppeisen immer ein Hit. S\u00fc\u00df oder herzhaft, sie sind eine schnelle und perfekte Vorbereitung f\u00fcr einen\" \/>\n<meta name=\"robots\" content=\"noindex, follow, max-snippet:-1, max-image-preview:large, max-video-preview:-1\" \/>\n<meta property=\"og:locale\" content=\"de_DE\" \/>\n<meta property=\"og:type\" content=\"article\" \/>\n<meta property=\"og:title\" content=\"LE CREUSET Crepespfanne 27cm Schwarz - dev6 Erresse\" \/>\n<meta property=\"og:description\" content=\"Ihre Cr\u00eapes sind mit Le Creuset Gusseisenkreppeisen immer ein Hit. S\u00fc\u00df oder herzhaft, sie sind eine schnelle und perfekte Vorbereitung f\u00fcr einen\" \/>\n<meta property=\"og:url\" content=\"https:\/\/dev6.erresse-shop.it\/de\/shop\/toepfe-pfannen\/kuchenfoermchen-und-crepes-toepfe\/le-creuset-crepespfanne-27cm-schwarz\/\" \/>\n<meta property=\"og:site_name\" content=\"dev6 Erresse\" \/>\n<meta property=\"og:image\" content=\"https:\/\/interpim.erresse-shop.it\/Import\/Prodotti\/le-creuset-crepiera-in-ghisa-27-cm-nero.png\" \/><meta property=\"og:image\" content=\"https:\/\/interpim.erresse-shop.it\/Import\/Prodotti\/le-creuset-crepiera-in-ghisa-27-cm-nero.png\" \/>\n\t<meta property=\"og:image:width\" content=\"1024\" \/>\n\t<meta property=\"og:image:height\" content=\"1024\" \/>\n\t<meta property=\"og:image:type\" content=\"image\/jpeg\" \/>\n<meta name=\"twitter:card\" content=\"summary_large_image\" \/>\n<meta name=\"twitter:image\" content=\"https:\/\/interpim.erresse-shop.it\/Import\/Prodotti\/le-creuset-crepiera-in-ghisa-27-cm-nero.png\" \/>\n<script type=\"application\/ld+json\" class=\"yoast-schema-graph\">{\"@context\":\"https:\/\/schema.org\",\"@graph\":[{\"@type\":\"WebPage\",\"@id\":\"https:\/\/dev6.erresse-shop.it\/de\/shop\/toepfe-pfannen\/kuchenfoermchen-und-crepes-toepfe\/le-creuset-crepespfanne-27cm-schwarz\/\",\"url\":\"https:\/\/dev6.erresse-shop.it\/de\/shop\/toepfe-pfannen\/kuchenfoermchen-und-crepes-toepfe\/le-creuset-crepespfanne-27cm-schwarz\/\",\"name\":\"LE CREUSET Crepespfanne 27cm Schwarz - dev6 Erresse\",\"isPartOf\":{\"@id\":\"https:\/\/dev6.erresse-shop.it\/#website\"},\"primaryImageOfPage\":{\"@id\":\"https:\/\/dev6.erresse-shop.it\/de\/shop\/toepfe-pfannen\/kuchenfoermchen-und-crepes-toepfe\/le-creuset-crepespfanne-27cm-schwarz\/#primaryimage\"},\"image\":{\"@id\":\"https:\/\/dev6.erresse-shop.it\/de\/shop\/toepfe-pfannen\/kuchenfoermchen-und-crepes-toepfe\/le-creuset-crepespfanne-27cm-schwarz\/#primaryimage\"},\"thumbnailUrl\":\"https:\/\/i1.wp.com\/interpim.erresse-shop.it\/Import\/Prodotti\/le-creuset-crepiera-in-ghisa-27-cm-nero.png?ssl=1\",\"datePublished\":\"2026-04-04T06:14:52+00:00\",\"description\":\"Ihre Cr\u00eapes sind mit Le Creuset Gusseisenkreppeisen immer ein Hit. S\u00fc\u00df oder herzhaft, sie sind eine schnelle und perfekte Vorbereitung f\u00fcr einen\",\"breadcrumb\":{\"@id\":\"https:\/\/dev6.erresse-shop.it\/de\/shop\/toepfe-pfannen\/kuchenfoermchen-und-crepes-toepfe\/le-creuset-crepespfanne-27cm-schwarz\/#breadcrumb\"},\"inLanguage\":\"de\",\"potentialAction\":[{\"@type\":\"ReadAction\",\"target\":[\"https:\/\/dev6.erresse-shop.it\/de\/shop\/toepfe-pfannen\/kuchenfoermchen-und-crepes-toepfe\/le-creuset-crepespfanne-27cm-schwarz\/\"]}]},{\"@type\":\"ImageObject\",\"inLanguage\":\"de\",\"@id\":\"https:\/\/dev6.erresse-shop.it\/de\/shop\/toepfe-pfannen\/kuchenfoermchen-und-crepes-toepfe\/le-creuset-crepespfanne-27cm-schwarz\/#primaryimage\",\"url\":\"https:\/\/i1.wp.com\/interpim.erresse-shop.it\/Import\/Prodotti\/le-creuset-crepiera-in-ghisa-27-cm-nero.png?ssl=1\",\"contentUrl\":\"https:\/\/i1.wp.com\/interpim.erresse-shop.it\/Import\/Prodotti\/le-creuset-crepiera-in-ghisa-27-cm-nero.png?ssl=1\"},{\"@type\":\"BreadcrumbList\",\"@id\":\"https:\/\/dev6.erresse-shop.it\/de\/shop\/toepfe-pfannen\/kuchenfoermchen-und-crepes-toepfe\/le-creuset-crepespfanne-27cm-schwarz\/#breadcrumb\",\"itemListElement\":[{\"@type\":\"ListItem\",\"position\":1,\"name\":\"Home\",\"item\":\"https:\/\/dev6.erresse-shop.it\/\"},{\"@type\":\"ListItem\",\"position\":2,\"name\":\"Shop\",\"item\":\"https:\/\/dev6.erresse-shop.it\/shop\/\"},{\"@type\":\"ListItem\",\"position\":3,\"name\":\"LE CREUSET Crepespfanne 27cm Schwarz\"}]},{\"@type\":\"WebSite\",\"@id\":\"https:\/\/dev6.erresse-shop.it\/#website\",\"url\":\"https:\/\/dev6.erresse-shop.it\/\",\"name\":\"Erresse Shop\",\"description\":\"\",\"publisher\":{\"@id\":\"https:\/\/dev6.erresse-shop.it\/#organization\"},\"potentialAction\":[{\"@type\":\"SearchAction\",\"target\":{\"@type\":\"EntryPoint\",\"urlTemplate\":\"https:\/\/dev6.erresse-shop.it\/?s={search_term_string}\"},\"query-input\":{\"@type\":\"PropertyValueSpecification\",\"valueRequired\":true,\"valueName\":\"search_term_string\"}}],\"inLanguage\":\"de\"},{\"@type\":\"Organization\",\"@id\":\"https:\/\/dev6.erresse-shop.it\/#organization\",\"name\":\"Erresse Shop\",\"url\":\"https:\/\/dev6.erresse-shop.it\/\",\"logo\":{\"@type\":\"ImageObject\",\"inLanguage\":\"de\",\"@id\":\"https:\/\/dev6.erresse-shop.it\/#\/schema\/logo\/image\/\",\"url\":\"https:\/\/dev6.erresse-shop.it\/wp-content\/uploads\/2025\/01\/LOGO-ERRESSE-CLASSICO.svg\",\"contentUrl\":\"https:\/\/dev6.erresse-shop.it\/wp-content\/uploads\/2025\/01\/LOGO-ERRESSE-CLASSICO.svg\",\"caption\":\"Erresse Shop\"},\"image\":{\"@id\":\"https:\/\/dev6.erresse-shop.it\/#\/schema\/logo\/image\/\"}}]}<\/script>\n<!-- \/ Yoast SEO plugin. -->","yoast_head_json":{"title":"LE CREUSET Crepespfanne 27cm Schwarz - dev6 Erresse","description":"Ihre Cr\u00eapes sind mit Le Creuset Gusseisenkreppeisen immer ein Hit. S\u00fc\u00df oder herzhaft, sie sind eine schnelle und perfekte Vorbereitung f\u00fcr einen","robots":{"index":"noindex","follow":"follow","max-snippet":"max-snippet:-1","max-image-preview":"max-image-preview:large","max-video-preview":"max-video-preview:-1"},"og_locale":"de_DE","og_type":"article","og_title":"LE CREUSET Crepespfanne 27cm Schwarz - dev6 Erresse","og_description":"Ihre Cr\u00eapes sind mit Le Creuset Gusseisenkreppeisen immer ein Hit. S\u00fc\u00df oder herzhaft, sie sind eine schnelle und perfekte Vorbereitung f\u00fcr einen","og_url":"https:\/\/dev6.erresse-shop.it\/de\/shop\/toepfe-pfannen\/kuchenfoermchen-und-crepes-toepfe\/le-creuset-crepespfanne-27cm-schwarz\/","og_site_name":"dev6 Erresse","og_image":[{"url":"https:\/\/interpim.erresse-shop.it\/Import\/Prodotti\/le-creuset-crepiera-in-ghisa-27-cm-nero.png","type":"","width":"","height":""},{"url":"https:\/\/interpim.erresse-shop.it\/Import\/Prodotti\/le-creuset-crepiera-in-ghisa-27-cm-nero.png","width":1024,"height":1024,"type":"image\/jpeg"}],"twitter_card":"summary_large_image","twitter_image":"https:\/\/interpim.erresse-shop.it\/Import\/Prodotti\/le-creuset-crepiera-in-ghisa-27-cm-nero.png","schema":{"@context":"https:\/\/schema.org","@graph":[{"@type":"WebPage","@id":"https:\/\/dev6.erresse-shop.it\/de\/shop\/toepfe-pfannen\/kuchenfoermchen-und-crepes-toepfe\/le-creuset-crepespfanne-27cm-schwarz\/","url":"https:\/\/dev6.erresse-shop.it\/de\/shop\/toepfe-pfannen\/kuchenfoermchen-und-crepes-toepfe\/le-creuset-crepespfanne-27cm-schwarz\/","name":"LE CREUSET Crepespfanne 27cm Schwarz - dev6 Erresse","isPartOf":{"@id":"https:\/\/dev6.erresse-shop.it\/#website"},"primaryImageOfPage":{"@id":"https:\/\/dev6.erresse-shop.it\/de\/shop\/toepfe-pfannen\/kuchenfoermchen-und-crepes-toepfe\/le-creuset-crepespfanne-27cm-schwarz\/#primaryimage"},"image":{"@id":"https:\/\/dev6.erresse-shop.it\/de\/shop\/toepfe-pfannen\/kuchenfoermchen-und-crepes-toepfe\/le-creuset-crepespfanne-27cm-schwarz\/#primaryimage"},"thumbnailUrl":"https:\/\/i1.wp.com\/interpim.erresse-shop.it\/Import\/Prodotti\/le-creuset-crepiera-in-ghisa-27-cm-nero.png?ssl=1","datePublished":"2026-04-04T06:14:52+00:00","description":"Ihre Cr\u00eapes sind mit Le Creuset Gusseisenkreppeisen immer ein Hit. S\u00fc\u00df oder herzhaft, sie sind eine schnelle und perfekte Vorbereitung f\u00fcr einen","breadcrumb":{"@id":"https:\/\/dev6.erresse-shop.it\/de\/shop\/toepfe-pfannen\/kuchenfoermchen-und-crepes-toepfe\/le-creuset-crepespfanne-27cm-schwarz\/#breadcrumb"},"inLanguage":"de","potentialAction":[{"@type":"ReadAction","target":["https:\/\/dev6.erresse-shop.it\/de\/shop\/toepfe-pfannen\/kuchenfoermchen-und-crepes-toepfe\/le-creuset-crepespfanne-27cm-schwarz\/"]}]},{"@type":"ImageObject","inLanguage":"de","@id":"https:\/\/dev6.erresse-shop.it\/de\/shop\/toepfe-pfannen\/kuchenfoermchen-und-crepes-toepfe\/le-creuset-crepespfanne-27cm-schwarz\/#primaryimage","url":"https:\/\/i1.wp.com\/interpim.erresse-shop.it\/Import\/Prodotti\/le-creuset-crepiera-in-ghisa-27-cm-nero.png?ssl=1","contentUrl":"https:\/\/i1.wp.com\/interpim.erresse-shop.it\/Import\/Prodotti\/le-creuset-crepiera-in-ghisa-27-cm-nero.png?ssl=1"},{"@type":"BreadcrumbList","@id":"https:\/\/dev6.erresse-shop.it\/de\/shop\/toepfe-pfannen\/kuchenfoermchen-und-crepes-toepfe\/le-creuset-crepespfanne-27cm-schwarz\/#breadcrumb","itemListElement":[{"@type":"ListItem","position":1,"name":"Home","item":"https:\/\/dev6.erresse-shop.it\/"},{"@type":"ListItem","position":2,"name":"Shop","item":"https:\/\/dev6.erresse-shop.it\/shop\/"},{"@type":"ListItem","position":3,"name":"LE CREUSET Crepespfanne 27cm Schwarz"}]},{"@type":"WebSite","@id":"https:\/\/dev6.erresse-shop.it\/#website","url":"https:\/\/dev6.erresse-shop.it\/","name":"Erresse Shop","description":"","publisher":{"@id":"https:\/\/dev6.erresse-shop.it\/#organization"},"potentialAction":[{"@type":"SearchAction","target":{"@type":"EntryPoint","urlTemplate":"https:\/\/dev6.erresse-shop.it\/?s={search_term_string}"},"query-input":{"@type":"PropertyValueSpecification","valueRequired":true,"valueName":"search_term_string"}}],"inLanguage":"de"},{"@type":"Organization","@id":"https:\/\/dev6.erresse-shop.it\/#organization","name":"Erresse Shop","url":"https:\/\/dev6.erresse-shop.it\/","logo":{"@type":"ImageObject","inLanguage":"de","@id":"https:\/\/dev6.erresse-shop.it\/#\/schema\/logo\/image\/","url":"https:\/\/dev6.erresse-shop.it\/wp-content\/uploads\/2025\/01\/LOGO-ERRESSE-CLASSICO.svg","contentUrl":"https:\/\/dev6.erresse-shop.it\/wp-content\/uploads\/2025\/01\/LOGO-ERRESSE-CLASSICO.svg","caption":"Erresse Shop"},"image":{"@id":"https:\/\/dev6.erresse-shop.it\/#\/schema\/logo\/image\/"}}]}},"df_price":109.95,"df_sale_price":109.95,"df_regular_price":145,"df_image_link":"https:\/\/i1.wp.com\/interpim.erresse-shop.it\/Import\/Prodotti\/le-creuset-crepiera-in-ghisa-27-cm-nero.png?resize=300,300&ssl=1","fifu_image_url":"https:\/\/interpim.erresse-shop.it\/Import\/Prodotti\/le-creuset-crepiera-in-ghisa-27-cm-nero.png","_links":{"self":[{"href":"https:\/\/dev6.erresse-shop.it\/de\/wp-json\/wp\/v2\/product\/48847","targetHints":{"allow":["GET"]}}],"collection":[{"href":"https:\/\/dev6.erresse-shop.it\/de\/wp-json\/wp\/v2\/product"}],"about":[{"href":"https:\/\/dev6.erresse-shop.it\/de\/wp-json\/wp\/v2\/types\/product"}],"wp:featuredmedia":[{"embeddable":true,"href":"https:\/\/dev6.erresse-shop.it\/de\/wp-json\/wp\/v2\/media\/6261521"}],"wp:attachment":[{"href":"https:\/\/dev6.erresse-shop.it\/de\/wp-json\/wp\/v2\/media?parent=48847"}],"wp:term":[{"taxonomy":"product_cat","embeddable":true,"href":"https:\/\/dev6.erresse-shop.it\/de\/wp-json\/wp\/v2\/product_cat?post=48847"},{"taxonomy":"product_tag","embeddable":true,"href":"https:\/\/dev6.erresse-shop.it\/de\/wp-json\/wp\/v2\/product_tag?post=48847"}],"curies":[{"name":"wp","href":"https:\/\/api.w.org\/{rel}","templated":true}]}}