{"id":48827,"date":"2026-04-16T18:49:15","date_gmt":"2026-04-16T16:49:15","guid":{"rendered":"https:\/\/dev6.erresse-shop.it\/shop\/unkategorisiert\/seletti-kintsugi-kaffeetasse-n3\/"},"modified":"2025-09-14T00:22:49","modified_gmt":"2025-09-13T22:22:49","slug":"seletti-kintsugi-kaffeetasse-n3","status":"publish","type":"product","link":"https:\/\/dev6.erresse-shop.it\/de\/shop\/tisch\/tassen\/seletti-kintsugi-kaffeetasse-n3\/","title":{"rendered":"SELETTI Kintsugi Kaffeetasse n\u00b03"},"content":{"rendered":"<p>Seletti ist eine Geschichte des Sehens und der Evolution. Gegr\u00fcndet im Jahr 1964, in Cicognara, Mantova. \u201cHeute ist Seletti mit jungen italienischen und internationalen Designer, die schnell ihre eigenen Marke arbeiten, ist der Wunsch, eine Gruppe, die zusammen wachsen und sich entwickeln, eine Herausforderung, dass, so weit, macht tolle Ergebnisse zu schaffen.\u201d I arbeite auch mit Leuten au\u00dferhalb der Designwelt, K\u00fcnstler, Vision\u00e4re, mit denen ich m\u00f6chte einige Barrieren abzubauen. Meine unkonventionellen nicht-akademischen Ausbildung f\u00fchrt mich nat\u00fcrlich auf \u201cCrossover\u201d, eine Reise auf die Idee, eine \u201cneue Sch\u00f6nheit\u201d. F\u00fcr uns ist diese (r) evolution \u201c.<\/p>\n<p>Die Kintugi-Linie, die von Marcantonio Raimondi Malerba f\u00fcr Seletti entworfen wurde, lehnt sich an die japanische Kintsugi-Technik an, bei der Edelmetalle wie 24-Karat-Gold zur Reparatur von Porzellangef\u00e4\u00dfen verwendet werden. Die Kintsugi-Technik der Porzellanreparatur kommt von der Philosophie, das Leben zu einem zerbrochenen oder gerissenen Objekt zu machen und es somit nicht mehr nutzbar zu machen. Das macht es noch wertvoller als vor der Reparatur. Eine Transformation, die zus\u00e4tzlich zum Wert des Objekts selbst ein neues Aussehen erh\u00e4lt und es wieder verwendet werden kann. Seletti mit der Porzellanlinie Kintsugi widmet dem Tisch eine ganze Kollektion, Marcantonio Raimondi Malerba bietet 6 Teller, 3 Schalen, 3 Tassen und 3 Teetassen mit Untertasse, alle Elemente mit 24 Karat Gold angereichert.<\/p>\n","protected":false},"excerpt":{"rendered":"<p>Seletti ist eine Geschichte des Sehens und der Evolution. Gegr\u00fcndet im Jahr 1964, in Cicognara, Mantova. \u201cHeute ist Seletti mit jungen italienischen und internationalen Designer, die schnell ihre eigenen Marke arbeiten, ist der Wunsch, eine Gruppe, die zusammen wachsen und sich entwickeln, eine Herausforderung, dass, so weit, macht tolle Ergebnisse zu schaffen.\u201d I arbeite auch [&hellip;]<\/p>\n","protected":false},"featured_media":6483802,"template":"","meta":{"_acf_changed":false},"product_cat":[12121,11671,12103],"product_tag":[],"class_list":{"0":"post-48827","1":"product","2":"type-product","3":"status-publish","4":"has-post-thumbnail","6":"product_cat-tassen","7":"product_cat-tavola","8":"product_cat-tisch","10":"first","11":"outofstock","12":"sale","13":"taxable","14":"shipping-taxable","15":"purchasable","16":"product-type-simple","swatches":"rey-swatches","show_selected":"","stretch_labels":"rey-swatches--stretch-labels"},"acf":[],"yoast_head":"<!-- This site is optimized with the Yoast SEO plugin v25.4 - https:\/\/yoast.com\/wordpress\/plugins\/seo\/ -->\n<title>SELETTI Kintsugi Kaffeetasse n\u00b03 - dev6 Erresse<\/title>\n<meta name=\"description\" content=\"Seletti ist eine Geschichte des Sehens und der Evolution. Gegr\u00fcndet im Jahr 1964, in Cicognara, Mantova. \u201cHeute ist Seletti mit jungen italienischen und\" \/>\n<meta name=\"robots\" content=\"noindex, follow, max-snippet:-1, max-image-preview:large, max-video-preview:-1\" \/>\n<meta property=\"og:locale\" content=\"de_DE\" \/>\n<meta property=\"og:type\" content=\"article\" \/>\n<meta property=\"og:title\" content=\"SELETTI Kintsugi Kaffeetasse n\u00b03 - dev6 Erresse\" \/>\n<meta property=\"og:description\" content=\"Seletti ist eine Geschichte des Sehens und der Evolution. Gegr\u00fcndet im Jahr 1964, in Cicognara, Mantova. \u201cHeute ist Seletti mit jungen italienischen und\" \/>\n<meta property=\"og:url\" content=\"https:\/\/dev6.erresse-shop.it\/de\/shop\/tisch\/tassen\/seletti-kintsugi-kaffeetasse-n3\/\" \/>\n<meta property=\"og:site_name\" content=\"dev6 Erresse\" \/>\n<meta property=\"og:image\" content=\"https:\/\/interpim.erresse-shop.it\/Import\/Prodotti\/products-09643.jpg\" \/><meta property=\"og:image\" content=\"https:\/\/interpim.erresse-shop.it\/Import\/Prodotti\/products-09643.jpg\" \/>\n\t<meta property=\"og:image:width\" content=\"1024\" \/>\n\t<meta property=\"og:image:height\" content=\"1024\" \/>\n\t<meta property=\"og:image:type\" content=\"image\/jpeg\" \/>\n<meta name=\"twitter:card\" content=\"summary_large_image\" \/>\n<meta name=\"twitter:image\" content=\"https:\/\/interpim.erresse-shop.it\/Import\/Prodotti\/products-09643.jpg\" \/>\n<script type=\"application\/ld+json\" class=\"yoast-schema-graph\">{\"@context\":\"https:\/\/schema.org\",\"@graph\":[{\"@type\":\"WebPage\",\"@id\":\"https:\/\/dev6.erresse-shop.it\/de\/shop\/tisch\/tassen\/seletti-kintsugi-kaffeetasse-n3\/\",\"url\":\"https:\/\/dev6.erresse-shop.it\/de\/shop\/tisch\/tassen\/seletti-kintsugi-kaffeetasse-n3\/\",\"name\":\"SELETTI Kintsugi Kaffeetasse n\u00b03 - dev6 Erresse\",\"isPartOf\":{\"@id\":\"https:\/\/dev6.erresse-shop.it\/#website\"},\"primaryImageOfPage\":{\"@id\":\"https:\/\/dev6.erresse-shop.it\/de\/shop\/tisch\/tassen\/seletti-kintsugi-kaffeetasse-n3\/#primaryimage\"},\"image\":{\"@id\":\"https:\/\/dev6.erresse-shop.it\/de\/shop\/tisch\/tassen\/seletti-kintsugi-kaffeetasse-n3\/#primaryimage\"},\"thumbnailUrl\":\"https:\/\/i0.wp.com\/interpim.erresse-shop.it\/Import\/Prodotti\/products-09643.jpg?ssl=1\",\"datePublished\":\"2026-04-16T16:49:15+00:00\",\"description\":\"Seletti ist eine Geschichte des Sehens und der Evolution. Gegr\u00fcndet im Jahr 1964, in Cicognara, Mantova. \u201cHeute ist Seletti mit jungen italienischen und\",\"breadcrumb\":{\"@id\":\"https:\/\/dev6.erresse-shop.it\/de\/shop\/tisch\/tassen\/seletti-kintsugi-kaffeetasse-n3\/#breadcrumb\"},\"inLanguage\":\"de\",\"potentialAction\":[{\"@type\":\"ReadAction\",\"target\":[\"https:\/\/dev6.erresse-shop.it\/de\/shop\/tisch\/tassen\/seletti-kintsugi-kaffeetasse-n3\/\"]}]},{\"@type\":\"ImageObject\",\"inLanguage\":\"de\",\"@id\":\"https:\/\/dev6.erresse-shop.it\/de\/shop\/tisch\/tassen\/seletti-kintsugi-kaffeetasse-n3\/#primaryimage\",\"url\":\"https:\/\/i0.wp.com\/interpim.erresse-shop.it\/Import\/Prodotti\/products-09643.jpg?ssl=1\",\"contentUrl\":\"https:\/\/i0.wp.com\/interpim.erresse-shop.it\/Import\/Prodotti\/products-09643.jpg?ssl=1\"},{\"@type\":\"BreadcrumbList\",\"@id\":\"https:\/\/dev6.erresse-shop.it\/de\/shop\/tisch\/tassen\/seletti-kintsugi-kaffeetasse-n3\/#breadcrumb\",\"itemListElement\":[{\"@type\":\"ListItem\",\"position\":1,\"name\":\"Home\",\"item\":\"https:\/\/dev6.erresse-shop.it\/\"},{\"@type\":\"ListItem\",\"position\":2,\"name\":\"Shop\",\"item\":\"https:\/\/dev6.erresse-shop.it\/shop\/\"},{\"@type\":\"ListItem\",\"position\":3,\"name\":\"SELETTI Kintsugi Kaffeetasse n\u00b03\"}]},{\"@type\":\"WebSite\",\"@id\":\"https:\/\/dev6.erresse-shop.it\/#website\",\"url\":\"https:\/\/dev6.erresse-shop.it\/\",\"name\":\"Erresse Shop\",\"description\":\"\",\"publisher\":{\"@id\":\"https:\/\/dev6.erresse-shop.it\/#organization\"},\"potentialAction\":[{\"@type\":\"SearchAction\",\"target\":{\"@type\":\"EntryPoint\",\"urlTemplate\":\"https:\/\/dev6.erresse-shop.it\/?s={search_term_string}\"},\"query-input\":{\"@type\":\"PropertyValueSpecification\",\"valueRequired\":true,\"valueName\":\"search_term_string\"}}],\"inLanguage\":\"de\"},{\"@type\":\"Organization\",\"@id\":\"https:\/\/dev6.erresse-shop.it\/#organization\",\"name\":\"Erresse Shop\",\"url\":\"https:\/\/dev6.erresse-shop.it\/\",\"logo\":{\"@type\":\"ImageObject\",\"inLanguage\":\"de\",\"@id\":\"https:\/\/dev6.erresse-shop.it\/#\/schema\/logo\/image\/\",\"url\":\"https:\/\/dev6.erresse-shop.it\/wp-content\/uploads\/2025\/01\/LOGO-ERRESSE-CLASSICO.svg\",\"contentUrl\":\"https:\/\/dev6.erresse-shop.it\/wp-content\/uploads\/2025\/01\/LOGO-ERRESSE-CLASSICO.svg\",\"caption\":\"Erresse Shop\"},\"image\":{\"@id\":\"https:\/\/dev6.erresse-shop.it\/#\/schema\/logo\/image\/\"}}]}<\/script>\n<!-- \/ Yoast SEO plugin. -->","yoast_head_json":{"title":"SELETTI Kintsugi Kaffeetasse n\u00b03 - dev6 Erresse","description":"Seletti ist eine Geschichte des Sehens und der Evolution. Gegr\u00fcndet im Jahr 1964, in Cicognara, Mantova. \u201cHeute ist Seletti mit jungen italienischen und","robots":{"index":"noindex","follow":"follow","max-snippet":"max-snippet:-1","max-image-preview":"max-image-preview:large","max-video-preview":"max-video-preview:-1"},"og_locale":"de_DE","og_type":"article","og_title":"SELETTI Kintsugi Kaffeetasse n\u00b03 - dev6 Erresse","og_description":"Seletti ist eine Geschichte des Sehens und der Evolution. Gegr\u00fcndet im Jahr 1964, in Cicognara, Mantova. \u201cHeute ist Seletti mit jungen italienischen und","og_url":"https:\/\/dev6.erresse-shop.it\/de\/shop\/tisch\/tassen\/seletti-kintsugi-kaffeetasse-n3\/","og_site_name":"dev6 Erresse","og_image":[{"url":"https:\/\/interpim.erresse-shop.it\/Import\/Prodotti\/products-09643.jpg","type":"","width":"","height":""},{"url":"https:\/\/interpim.erresse-shop.it\/Import\/Prodotti\/products-09643.jpg","width":1024,"height":1024,"type":"image\/jpeg"}],"twitter_card":"summary_large_image","twitter_image":"https:\/\/interpim.erresse-shop.it\/Import\/Prodotti\/products-09643.jpg","schema":{"@context":"https:\/\/schema.org","@graph":[{"@type":"WebPage","@id":"https:\/\/dev6.erresse-shop.it\/de\/shop\/tisch\/tassen\/seletti-kintsugi-kaffeetasse-n3\/","url":"https:\/\/dev6.erresse-shop.it\/de\/shop\/tisch\/tassen\/seletti-kintsugi-kaffeetasse-n3\/","name":"SELETTI Kintsugi Kaffeetasse n\u00b03 - dev6 Erresse","isPartOf":{"@id":"https:\/\/dev6.erresse-shop.it\/#website"},"primaryImageOfPage":{"@id":"https:\/\/dev6.erresse-shop.it\/de\/shop\/tisch\/tassen\/seletti-kintsugi-kaffeetasse-n3\/#primaryimage"},"image":{"@id":"https:\/\/dev6.erresse-shop.it\/de\/shop\/tisch\/tassen\/seletti-kintsugi-kaffeetasse-n3\/#primaryimage"},"thumbnailUrl":"https:\/\/i0.wp.com\/interpim.erresse-shop.it\/Import\/Prodotti\/products-09643.jpg?ssl=1","datePublished":"2026-04-16T16:49:15+00:00","description":"Seletti ist eine Geschichte des Sehens und der Evolution. Gegr\u00fcndet im Jahr 1964, in Cicognara, Mantova. \u201cHeute ist Seletti mit jungen italienischen und","breadcrumb":{"@id":"https:\/\/dev6.erresse-shop.it\/de\/shop\/tisch\/tassen\/seletti-kintsugi-kaffeetasse-n3\/#breadcrumb"},"inLanguage":"de","potentialAction":[{"@type":"ReadAction","target":["https:\/\/dev6.erresse-shop.it\/de\/shop\/tisch\/tassen\/seletti-kintsugi-kaffeetasse-n3\/"]}]},{"@type":"ImageObject","inLanguage":"de","@id":"https:\/\/dev6.erresse-shop.it\/de\/shop\/tisch\/tassen\/seletti-kintsugi-kaffeetasse-n3\/#primaryimage","url":"https:\/\/i0.wp.com\/interpim.erresse-shop.it\/Import\/Prodotti\/products-09643.jpg?ssl=1","contentUrl":"https:\/\/i0.wp.com\/interpim.erresse-shop.it\/Import\/Prodotti\/products-09643.jpg?ssl=1"},{"@type":"BreadcrumbList","@id":"https:\/\/dev6.erresse-shop.it\/de\/shop\/tisch\/tassen\/seletti-kintsugi-kaffeetasse-n3\/#breadcrumb","itemListElement":[{"@type":"ListItem","position":1,"name":"Home","item":"https:\/\/dev6.erresse-shop.it\/"},{"@type":"ListItem","position":2,"name":"Shop","item":"https:\/\/dev6.erresse-shop.it\/shop\/"},{"@type":"ListItem","position":3,"name":"SELETTI Kintsugi Kaffeetasse n\u00b03"}]},{"@type":"WebSite","@id":"https:\/\/dev6.erresse-shop.it\/#website","url":"https:\/\/dev6.erresse-shop.it\/","name":"Erresse Shop","description":"","publisher":{"@id":"https:\/\/dev6.erresse-shop.it\/#organization"},"potentialAction":[{"@type":"SearchAction","target":{"@type":"EntryPoint","urlTemplate":"https:\/\/dev6.erresse-shop.it\/?s={search_term_string}"},"query-input":{"@type":"PropertyValueSpecification","valueRequired":true,"valueName":"search_term_string"}}],"inLanguage":"de"},{"@type":"Organization","@id":"https:\/\/dev6.erresse-shop.it\/#organization","name":"Erresse Shop","url":"https:\/\/dev6.erresse-shop.it\/","logo":{"@type":"ImageObject","inLanguage":"de","@id":"https:\/\/dev6.erresse-shop.it\/#\/schema\/logo\/image\/","url":"https:\/\/dev6.erresse-shop.it\/wp-content\/uploads\/2025\/01\/LOGO-ERRESSE-CLASSICO.svg","contentUrl":"https:\/\/dev6.erresse-shop.it\/wp-content\/uploads\/2025\/01\/LOGO-ERRESSE-CLASSICO.svg","caption":"Erresse Shop"},"image":{"@id":"https:\/\/dev6.erresse-shop.it\/#\/schema\/logo\/image\/"}}]}},"df_price":49.95,"df_sale_price":49.95,"df_regular_price":55,"df_image_link":"https:\/\/i0.wp.com\/interpim.erresse-shop.it\/Import\/Prodotti\/products-09643.jpg?resize=300,300&ssl=1","fifu_image_url":"https:\/\/interpim.erresse-shop.it\/Import\/Prodotti\/products-09643.jpg","_links":{"self":[{"href":"https:\/\/dev6.erresse-shop.it\/de\/wp-json\/wp\/v2\/product\/48827","targetHints":{"allow":["GET"]}}],"collection":[{"href":"https:\/\/dev6.erresse-shop.it\/de\/wp-json\/wp\/v2\/product"}],"about":[{"href":"https:\/\/dev6.erresse-shop.it\/de\/wp-json\/wp\/v2\/types\/product"}],"wp:featuredmedia":[{"embeddable":true,"href":"https:\/\/dev6.erresse-shop.it\/de\/wp-json\/wp\/v2\/media\/6483802"}],"wp:attachment":[{"href":"https:\/\/dev6.erresse-shop.it\/de\/wp-json\/wp\/v2\/media?parent=48827"}],"wp:term":[{"taxonomy":"product_cat","embeddable":true,"href":"https:\/\/dev6.erresse-shop.it\/de\/wp-json\/wp\/v2\/product_cat?post=48827"},{"taxonomy":"product_tag","embeddable":true,"href":"https:\/\/dev6.erresse-shop.it\/de\/wp-json\/wp\/v2\/product_tag?post=48827"}],"curies":[{"name":"wp","href":"https:\/\/api.w.org\/{rel}","templated":true}]}}