{"id":48727,"date":"2026-04-12T08:14:05","date_gmt":"2026-04-12T06:14:05","guid":{"rendered":"https:\/\/dev6.erresse-shop.it\/shop\/unkategorisiert\/le-creuset-niedriger-kochtopf-aus-gusseisen-30-cm-orange\/"},"modified":"2025-09-14T00:21:31","modified_gmt":"2025-09-13T22:21:31","slug":"le-creuset-niedriger-kochtopf-aus-gusseisen-30-cm-orange","status":"publish","type":"product","link":"https:\/\/dev6.erresse-shop.it\/de\/shop\/toepfe-pfannen\/schmorpfannen\/le-creuset-niedriger-kochtopf-aus-gusseisen-30-cm-orange\/","title":{"rendered":"LE CREUSET Niedriger Kochtopf aus Gusseisen 30 cm Orange"},"content":{"rendered":"<p>GL\u00dcCK IM HERD<\/p>\n<p>Unsere in unserer franz\u00f6sischen Gie\u00dferei hergestellten Produkte aus verglastem Gusseisen sind zu Legenden in der Welt der Kochkunst geworden. Diese flache Pfanne ist keine Ausnahme. Durch die breite, flache Form und die flachen Seiten eignet es sich perfekt zum Anbraten von Fleisch und Gem\u00fcse, zum K\u00f6cheln, Braten und Backen. Es verbessert auch die Karamellisierung und sorgt so f\u00fcr noch einladendere Gerichte.<\/p>\n<p>Unser hitzebest\u00e4ndiger Knopf (bis 260 \u00b0C) ist f\u00fcr einen hervorragenden Halt konzipiert, selbst wenn Sie zum Anheben des Deckels einen Topflappen verwenden.<br \/>\nSchnelle Reinigung: Eine d\u00fcnne verglaste Innenschicht erleichtert die Reinigung.<br \/>\nTraumhafte Griffe: Dank unserer gro\u00dfen Griffe k\u00f6nnen Sie auch mit Ofenhandschuhen problemlos von der Herdplatte auf den Tisch gelangen.<br \/>\nVielseitigkeit: Dieses Produkt ist f\u00fcr \u00d6fen, Herde und den Ofen im Grillmodus geeignet.<br \/>\nGut schmeckendes Essen: Verglastes Gusseisen speichert die W\u00e4rme und erm\u00f6glicht so ein gleichm\u00e4\u00dfiges Garen und Anbraten. Ihre k\u00f6stlichen Kreationen bleiben auch am Tisch l\u00e4nger warm.<br \/>\nErh\u00e4lt die Saftigkeit: Unser Deckel bewahrt den beim Garen von Speisen entstehenden Dampf und verst\u00e4rkt den Geschmack f\u00fcr au\u00dfergew\u00f6hnliche Kochergebnisse.<br \/>\nLeicht zu greifen: Die eleganten und bequemen Griffe erm\u00f6glichen ein sicheres Anheben des Produkts.<br \/>\nNicht zu hei\u00df: Kochen Sie bei gleichm\u00e4\u00dfiger, niedriger bis mittlerer Hitze, um Ihr Steingussprodukt zu schonen und k\u00f6stliche Ergebnisse zu erzielen.<br \/>\nUnsere Produkte werden aus den besten Materialien in Fabriken auf der ganzen Welt hergestellt, um die Qualit\u00e4t zu gew\u00e4hrleisten, die Sie von Le Creuset erwarten.<\/p>\n<p>Material: verglastes Gusseisen<br \/>\nHergestellt in Frankreich<br \/>\nGarantie: lebenslang<\/p>\n<p>W\u00e4rmequelle:<\/p>\n<p>Ofen<br \/>\nOfengrillmodus<br \/>\nElektroherd<br \/>\nKeramikglas<br \/>\nGasherd<br \/>\nInduktionskochfeld<\/p>\n<p>Reinigung und Pflege:<\/p>\n<p>Warten Sie, bis das Produkt abgek\u00fchlt ist, bevor Sie mit der Reinigung beginnen.<br \/>\nReinigen Sie alle R\u00fcckst\u00e4nde von der Unterseite und den Seiten des Produkts. Wenn Essensreste festsitzen, f\u00fcllen Sie das Produkt mit warmem Seifenwasser und lassen Sie es 15\u201320 Minuten einweichen, bevor Sie es wie gewohnt waschen.<br \/>\nVerwenden Sie auf keiner der Oberfl\u00e4chen Scheuermittel oder metallische, scheuernde oder sehr steife Schw\u00e4mme oder B\u00fcrsten.<br \/>\nNach dem Waschen gut trocknen und an einem trockenen Ort aufbewahren.<\/p>\n","protected":false},"excerpt":{"rendered":"<p>GL\u00dcCK IM HERD Unsere in unserer franz\u00f6sischen Gie\u00dferei hergestellten Produkte aus verglastem Gusseisen sind zu Legenden in der Welt der Kochkunst geworden. Diese flache Pfanne ist keine Ausnahme. Durch die breite, flache Form und die flachen Seiten eignet es sich perfekt zum Anbraten von Fleisch und Gem\u00fcse, zum K\u00f6cheln, Braten und Backen. Es verbessert auch [&hellip;]<\/p>\n","protected":false},"featured_media":6344078,"template":"","meta":{"_acf_changed":false},"product_cat":[11667,12120,12099],"product_tag":[],"class_list":{"0":"post-48727","1":"product","2":"type-product","3":"status-publish","4":"has-post-thumbnail","6":"product_cat-padelle-pentole","7":"product_cat-schmorpfannen","8":"product_cat-toepfe-pfannen","10":"first","11":"instock","12":"sale","13":"taxable","14":"shipping-taxable","15":"purchasable","16":"product-type-simple","swatches":"rey-swatches","show_selected":"","stretch_labels":"rey-swatches--stretch-labels"},"acf":[],"yoast_head":"<!-- This site is optimized with the Yoast SEO plugin v25.4 - https:\/\/yoast.com\/wordpress\/plugins\/seo\/ -->\n<title>LE CREUSET Niedriger Kochtopf aus Gusseisen 30 cm Orange - dev6 Erresse<\/title>\n<meta name=\"description\" content=\"GL\u00dcCK IM HERD Unsere in unserer franz\u00f6sischen Gie\u00dferei hergestellten Produkte aus verglastem Gusseisen sind zu Legenden in der Welt der Kochkunst\" \/>\n<meta name=\"robots\" content=\"noindex, follow, max-snippet:-1, max-image-preview:large, max-video-preview:-1\" \/>\n<meta property=\"og:locale\" content=\"de_DE\" \/>\n<meta property=\"og:type\" content=\"article\" \/>\n<meta property=\"og:title\" content=\"LE CREUSET Niedriger Kochtopf aus Gusseisen 30 cm Orange - dev6 Erresse\" \/>\n<meta property=\"og:description\" content=\"GL\u00dcCK IM HERD Unsere in unserer franz\u00f6sischen Gie\u00dferei hergestellten Produkte aus verglastem Gusseisen sind zu Legenden in der Welt der Kochkunst\" \/>\n<meta property=\"og:url\" content=\"https:\/\/dev6.erresse-shop.it\/de\/shop\/toepfe-pfannen\/schmorpfannen\/le-creuset-niedriger-kochtopf-aus-gusseisen-30-cm-orange\/\" \/>\n<meta property=\"og:site_name\" content=\"dev6 Erresse\" \/>\n<meta property=\"og:image\" content=\"https:\/\/interpim.erresse-shop.it\/Import\/Prodotti\/le-creuset-tegame-basso-in-ghisa-30-cm-arancio.jpg\" \/><meta property=\"og:image\" content=\"https:\/\/interpim.erresse-shop.it\/Import\/Prodotti\/le-creuset-tegame-basso-in-ghisa-30-cm-arancio.jpg\" \/>\n\t<meta property=\"og:image:width\" content=\"1024\" \/>\n\t<meta property=\"og:image:height\" content=\"1024\" \/>\n\t<meta property=\"og:image:type\" content=\"image\/jpeg\" \/>\n<meta name=\"twitter:card\" content=\"summary_large_image\" \/>\n<meta name=\"twitter:image\" content=\"https:\/\/interpim.erresse-shop.it\/Import\/Prodotti\/le-creuset-tegame-basso-in-ghisa-30-cm-arancio.jpg\" \/>\n<script type=\"application\/ld+json\" class=\"yoast-schema-graph\">{\"@context\":\"https:\/\/schema.org\",\"@graph\":[{\"@type\":\"WebPage\",\"@id\":\"https:\/\/dev6.erresse-shop.it\/de\/shop\/toepfe-pfannen\/schmorpfannen\/le-creuset-niedriger-kochtopf-aus-gusseisen-30-cm-orange\/\",\"url\":\"https:\/\/dev6.erresse-shop.it\/de\/shop\/toepfe-pfannen\/schmorpfannen\/le-creuset-niedriger-kochtopf-aus-gusseisen-30-cm-orange\/\",\"name\":\"LE CREUSET Niedriger Kochtopf aus Gusseisen 30 cm Orange - dev6 Erresse\",\"isPartOf\":{\"@id\":\"https:\/\/dev6.erresse-shop.it\/#website\"},\"primaryImageOfPage\":{\"@id\":\"https:\/\/dev6.erresse-shop.it\/de\/shop\/toepfe-pfannen\/schmorpfannen\/le-creuset-niedriger-kochtopf-aus-gusseisen-30-cm-orange\/#primaryimage\"},\"image\":{\"@id\":\"https:\/\/dev6.erresse-shop.it\/de\/shop\/toepfe-pfannen\/schmorpfannen\/le-creuset-niedriger-kochtopf-aus-gusseisen-30-cm-orange\/#primaryimage\"},\"thumbnailUrl\":\"https:\/\/i3.wp.com\/interpim.erresse-shop.it\/Import\/Prodotti\/le-creuset-tegame-basso-in-ghisa-30-cm-arancio.jpg?ssl=1\",\"datePublished\":\"2026-04-12T06:14:05+00:00\",\"description\":\"GL\u00dcCK IM HERD Unsere in unserer franz\u00f6sischen Gie\u00dferei hergestellten Produkte aus verglastem Gusseisen sind zu Legenden in der Welt der Kochkunst\",\"breadcrumb\":{\"@id\":\"https:\/\/dev6.erresse-shop.it\/de\/shop\/toepfe-pfannen\/schmorpfannen\/le-creuset-niedriger-kochtopf-aus-gusseisen-30-cm-orange\/#breadcrumb\"},\"inLanguage\":\"de\",\"potentialAction\":[{\"@type\":\"ReadAction\",\"target\":[\"https:\/\/dev6.erresse-shop.it\/de\/shop\/toepfe-pfannen\/schmorpfannen\/le-creuset-niedriger-kochtopf-aus-gusseisen-30-cm-orange\/\"]}]},{\"@type\":\"ImageObject\",\"inLanguage\":\"de\",\"@id\":\"https:\/\/dev6.erresse-shop.it\/de\/shop\/toepfe-pfannen\/schmorpfannen\/le-creuset-niedriger-kochtopf-aus-gusseisen-30-cm-orange\/#primaryimage\",\"url\":\"https:\/\/i3.wp.com\/interpim.erresse-shop.it\/Import\/Prodotti\/le-creuset-tegame-basso-in-ghisa-30-cm-arancio.jpg?ssl=1\",\"contentUrl\":\"https:\/\/i3.wp.com\/interpim.erresse-shop.it\/Import\/Prodotti\/le-creuset-tegame-basso-in-ghisa-30-cm-arancio.jpg?ssl=1\"},{\"@type\":\"BreadcrumbList\",\"@id\":\"https:\/\/dev6.erresse-shop.it\/de\/shop\/toepfe-pfannen\/schmorpfannen\/le-creuset-niedriger-kochtopf-aus-gusseisen-30-cm-orange\/#breadcrumb\",\"itemListElement\":[{\"@type\":\"ListItem\",\"position\":1,\"name\":\"Home\",\"item\":\"https:\/\/dev6.erresse-shop.it\/\"},{\"@type\":\"ListItem\",\"position\":2,\"name\":\"Shop\",\"item\":\"https:\/\/dev6.erresse-shop.it\/shop\/\"},{\"@type\":\"ListItem\",\"position\":3,\"name\":\"LE CREUSET Niedriger Kochtopf aus Gusseisen 30 cm Orange\"}]},{\"@type\":\"WebSite\",\"@id\":\"https:\/\/dev6.erresse-shop.it\/#website\",\"url\":\"https:\/\/dev6.erresse-shop.it\/\",\"name\":\"Erresse Shop\",\"description\":\"\",\"publisher\":{\"@id\":\"https:\/\/dev6.erresse-shop.it\/#organization\"},\"potentialAction\":[{\"@type\":\"SearchAction\",\"target\":{\"@type\":\"EntryPoint\",\"urlTemplate\":\"https:\/\/dev6.erresse-shop.it\/?s={search_term_string}\"},\"query-input\":{\"@type\":\"PropertyValueSpecification\",\"valueRequired\":true,\"valueName\":\"search_term_string\"}}],\"inLanguage\":\"de\"},{\"@type\":\"Organization\",\"@id\":\"https:\/\/dev6.erresse-shop.it\/#organization\",\"name\":\"Erresse Shop\",\"url\":\"https:\/\/dev6.erresse-shop.it\/\",\"logo\":{\"@type\":\"ImageObject\",\"inLanguage\":\"de\",\"@id\":\"https:\/\/dev6.erresse-shop.it\/#\/schema\/logo\/image\/\",\"url\":\"https:\/\/dev6.erresse-shop.it\/wp-content\/uploads\/2025\/01\/LOGO-ERRESSE-CLASSICO.svg\",\"contentUrl\":\"https:\/\/dev6.erresse-shop.it\/wp-content\/uploads\/2025\/01\/LOGO-ERRESSE-CLASSICO.svg\",\"caption\":\"Erresse Shop\"},\"image\":{\"@id\":\"https:\/\/dev6.erresse-shop.it\/#\/schema\/logo\/image\/\"}}]}<\/script>\n<!-- \/ Yoast SEO plugin. -->","yoast_head_json":{"title":"LE CREUSET Niedriger Kochtopf aus Gusseisen 30 cm Orange - dev6 Erresse","description":"GL\u00dcCK IM HERD Unsere in unserer franz\u00f6sischen Gie\u00dferei hergestellten Produkte aus verglastem Gusseisen sind zu Legenden in der Welt der Kochkunst","robots":{"index":"noindex","follow":"follow","max-snippet":"max-snippet:-1","max-image-preview":"max-image-preview:large","max-video-preview":"max-video-preview:-1"},"og_locale":"de_DE","og_type":"article","og_title":"LE CREUSET Niedriger Kochtopf aus Gusseisen 30 cm Orange - dev6 Erresse","og_description":"GL\u00dcCK IM HERD Unsere in unserer franz\u00f6sischen Gie\u00dferei hergestellten Produkte aus verglastem Gusseisen sind zu Legenden in der Welt der Kochkunst","og_url":"https:\/\/dev6.erresse-shop.it\/de\/shop\/toepfe-pfannen\/schmorpfannen\/le-creuset-niedriger-kochtopf-aus-gusseisen-30-cm-orange\/","og_site_name":"dev6 Erresse","og_image":[{"url":"https:\/\/interpim.erresse-shop.it\/Import\/Prodotti\/le-creuset-tegame-basso-in-ghisa-30-cm-arancio.jpg","type":"","width":"","height":""},{"url":"https:\/\/interpim.erresse-shop.it\/Import\/Prodotti\/le-creuset-tegame-basso-in-ghisa-30-cm-arancio.jpg","width":1024,"height":1024,"type":"image\/jpeg"}],"twitter_card":"summary_large_image","twitter_image":"https:\/\/interpim.erresse-shop.it\/Import\/Prodotti\/le-creuset-tegame-basso-in-ghisa-30-cm-arancio.jpg","schema":{"@context":"https:\/\/schema.org","@graph":[{"@type":"WebPage","@id":"https:\/\/dev6.erresse-shop.it\/de\/shop\/toepfe-pfannen\/schmorpfannen\/le-creuset-niedriger-kochtopf-aus-gusseisen-30-cm-orange\/","url":"https:\/\/dev6.erresse-shop.it\/de\/shop\/toepfe-pfannen\/schmorpfannen\/le-creuset-niedriger-kochtopf-aus-gusseisen-30-cm-orange\/","name":"LE CREUSET Niedriger Kochtopf aus Gusseisen 30 cm Orange - dev6 Erresse","isPartOf":{"@id":"https:\/\/dev6.erresse-shop.it\/#website"},"primaryImageOfPage":{"@id":"https:\/\/dev6.erresse-shop.it\/de\/shop\/toepfe-pfannen\/schmorpfannen\/le-creuset-niedriger-kochtopf-aus-gusseisen-30-cm-orange\/#primaryimage"},"image":{"@id":"https:\/\/dev6.erresse-shop.it\/de\/shop\/toepfe-pfannen\/schmorpfannen\/le-creuset-niedriger-kochtopf-aus-gusseisen-30-cm-orange\/#primaryimage"},"thumbnailUrl":"https:\/\/i3.wp.com\/interpim.erresse-shop.it\/Import\/Prodotti\/le-creuset-tegame-basso-in-ghisa-30-cm-arancio.jpg?ssl=1","datePublished":"2026-04-12T06:14:05+00:00","description":"GL\u00dcCK IM HERD Unsere in unserer franz\u00f6sischen Gie\u00dferei hergestellten Produkte aus verglastem Gusseisen sind zu Legenden in der Welt der Kochkunst","breadcrumb":{"@id":"https:\/\/dev6.erresse-shop.it\/de\/shop\/toepfe-pfannen\/schmorpfannen\/le-creuset-niedriger-kochtopf-aus-gusseisen-30-cm-orange\/#breadcrumb"},"inLanguage":"de","potentialAction":[{"@type":"ReadAction","target":["https:\/\/dev6.erresse-shop.it\/de\/shop\/toepfe-pfannen\/schmorpfannen\/le-creuset-niedriger-kochtopf-aus-gusseisen-30-cm-orange\/"]}]},{"@type":"ImageObject","inLanguage":"de","@id":"https:\/\/dev6.erresse-shop.it\/de\/shop\/toepfe-pfannen\/schmorpfannen\/le-creuset-niedriger-kochtopf-aus-gusseisen-30-cm-orange\/#primaryimage","url":"https:\/\/i3.wp.com\/interpim.erresse-shop.it\/Import\/Prodotti\/le-creuset-tegame-basso-in-ghisa-30-cm-arancio.jpg?ssl=1","contentUrl":"https:\/\/i3.wp.com\/interpim.erresse-shop.it\/Import\/Prodotti\/le-creuset-tegame-basso-in-ghisa-30-cm-arancio.jpg?ssl=1"},{"@type":"BreadcrumbList","@id":"https:\/\/dev6.erresse-shop.it\/de\/shop\/toepfe-pfannen\/schmorpfannen\/le-creuset-niedriger-kochtopf-aus-gusseisen-30-cm-orange\/#breadcrumb","itemListElement":[{"@type":"ListItem","position":1,"name":"Home","item":"https:\/\/dev6.erresse-shop.it\/"},{"@type":"ListItem","position":2,"name":"Shop","item":"https:\/\/dev6.erresse-shop.it\/shop\/"},{"@type":"ListItem","position":3,"name":"LE CREUSET Niedriger Kochtopf aus Gusseisen 30 cm Orange"}]},{"@type":"WebSite","@id":"https:\/\/dev6.erresse-shop.it\/#website","url":"https:\/\/dev6.erresse-shop.it\/","name":"Erresse Shop","description":"","publisher":{"@id":"https:\/\/dev6.erresse-shop.it\/#organization"},"potentialAction":[{"@type":"SearchAction","target":{"@type":"EntryPoint","urlTemplate":"https:\/\/dev6.erresse-shop.it\/?s={search_term_string}"},"query-input":{"@type":"PropertyValueSpecification","valueRequired":true,"valueName":"search_term_string"}}],"inLanguage":"de"},{"@type":"Organization","@id":"https:\/\/dev6.erresse-shop.it\/#organization","name":"Erresse Shop","url":"https:\/\/dev6.erresse-shop.it\/","logo":{"@type":"ImageObject","inLanguage":"de","@id":"https:\/\/dev6.erresse-shop.it\/#\/schema\/logo\/image\/","url":"https:\/\/dev6.erresse-shop.it\/wp-content\/uploads\/2025\/01\/LOGO-ERRESSE-CLASSICO.svg","contentUrl":"https:\/\/dev6.erresse-shop.it\/wp-content\/uploads\/2025\/01\/LOGO-ERRESSE-CLASSICO.svg","caption":"Erresse Shop"},"image":{"@id":"https:\/\/dev6.erresse-shop.it\/#\/schema\/logo\/image\/"}}]}},"df_price":229.95,"df_sale_price":229.95,"df_regular_price":339,"df_image_link":"https:\/\/i3.wp.com\/interpim.erresse-shop.it\/Import\/Prodotti\/le-creuset-tegame-basso-in-ghisa-30-cm-arancio.jpg?resize=300,300&ssl=1","fifu_image_url":"https:\/\/interpim.erresse-shop.it\/Import\/Prodotti\/le-creuset-tegame-basso-in-ghisa-30-cm-arancio.jpg","_links":{"self":[{"href":"https:\/\/dev6.erresse-shop.it\/de\/wp-json\/wp\/v2\/product\/48727","targetHints":{"allow":["GET"]}}],"collection":[{"href":"https:\/\/dev6.erresse-shop.it\/de\/wp-json\/wp\/v2\/product"}],"about":[{"href":"https:\/\/dev6.erresse-shop.it\/de\/wp-json\/wp\/v2\/types\/product"}],"wp:featuredmedia":[{"embeddable":true,"href":"https:\/\/dev6.erresse-shop.it\/de\/wp-json\/wp\/v2\/media\/6344078"}],"wp:attachment":[{"href":"https:\/\/dev6.erresse-shop.it\/de\/wp-json\/wp\/v2\/media?parent=48727"}],"wp:term":[{"taxonomy":"product_cat","embeddable":true,"href":"https:\/\/dev6.erresse-shop.it\/de\/wp-json\/wp\/v2\/product_cat?post=48727"},{"taxonomy":"product_tag","embeddable":true,"href":"https:\/\/dev6.erresse-shop.it\/de\/wp-json\/wp\/v2\/product_tag?post=48727"}],"curies":[{"name":"wp","href":"https:\/\/api.w.org\/{rel}","templated":true}]}}