{"id":48575,"date":"2026-04-29T08:53:56","date_gmt":"2026-04-29T06:53:56","guid":{"rendered":"https:\/\/dev6.erresse-shop.it\/shop\/unkategorisiert\/zafferano-bilia-6-glaeser-mix\/"},"modified":"2025-09-14T00:19:39","modified_gmt":"2025-09-13T22:19:39","slug":"zafferano-bilia-6-glaeser-mix","status":"publish","type":"product","link":"https:\/\/dev6.erresse-shop.it\/de\/shop\/tisch\/trinkglaeser\/zafferano-bilia-6-glaeser-mix\/","title":{"rendered":"ZAFFERANO Bilia 6 Gl\u00e4ser mix"},"content":{"rendered":"<p>Zafferano. Ein Weinglas deklamiert, entwickelt und vollst\u00e4ndig erg\u00e4nzt die Fl\u00fcssigkeit h\u00e4lt \u2013 und es ist auch ein Kunstwerk.<\/p>\n<p>Die Arbeit von Federico de Majo inspiriert von der visuellen und traditionsreichsten der Zeilen, die andere mit einem einzigartig technischen Inhalt, was die Begeisterung f\u00fcr Innovation und Forschung.<\/p>\n<p>Zafferano bringt die Kunst der Glasmacher und die Kultur des Weines.<br \/>\nDie Geschichte von Federico de Majo hat seine Anf\u00e4nge in den Familienbetrieb auf der Insel Murano (Venedig). Es war hier, in der Mitte der 1970er Jahre, dass Federico de Majo begann, und k\u00fcnstlerische Glas Allgemeinen. Danach wird ein Gef\u00fchl f\u00fcr die Bedeutung und den Genuss von gutem Wein f\u00fchrte ihn eine Firma auf die Entwicklung und Herstellung von Verkostungsgl\u00e4ser gewidmet.<\/p>\n<p>Zafferano Sammlungen sind mundgeblasen und von Handwerksmeistern, die noch arbeiten, wie vor handgefertigt. Diese Handwerkskunst macht jedes St\u00fcck einzigartig und unterscheidet sich von anderen, und aus diesem Grund umso wertvoller. Das markante Logo, mit dem Kelch und der Z von Zafferano innerhalb bescheinigt, dass das Produkt ist handgefertigt.<\/p>\n<p>Set mit 6 Farben erh\u00e4ltlich: wei\u00df, bernsteinfarben, gr\u00fcn, rosa, blau, goldgelb, transparent und schwarz<\/p>\n","protected":false},"excerpt":{"rendered":"<p>Zafferano. Ein Weinglas deklamiert, entwickelt und vollst\u00e4ndig erg\u00e4nzt die Fl\u00fcssigkeit h\u00e4lt \u2013 und es ist auch ein Kunstwerk. Die Arbeit von Federico de Majo inspiriert von der visuellen und traditionsreichsten der Zeilen, die andere mit einem einzigartig technischen Inhalt, was die Begeisterung f\u00fcr Innovation und Forschung. Zafferano bringt die Kunst der Glasmacher und die Kultur [&hellip;]<\/p>\n","protected":false},"featured_media":6949220,"template":"","meta":{"_acf_changed":false},"product_cat":[11671,12103,12117],"product_tag":[],"class_list":{"0":"post-48575","1":"product","2":"type-product","3":"status-publish","4":"has-post-thumbnail","6":"product_cat-tavola","7":"product_cat-tisch","8":"product_cat-trinkglaeser","10":"first","11":"outofstock","12":"sale","13":"taxable","14":"shipping-taxable","15":"purchasable","16":"product-type-simple","swatches":"rey-swatches","show_selected":"","stretch_labels":"rey-swatches--stretch-labels"},"acf":[],"yoast_head":"<!-- This site is optimized with the Yoast SEO plugin v25.4 - https:\/\/yoast.com\/wordpress\/plugins\/seo\/ -->\n<title>ZAFFERANO Bilia 6 Gl\u00e4ser mix - dev6 Erresse<\/title>\n<meta name=\"description\" content=\"Zafferano. Ein Weinglas deklamiert, entwickelt und vollst\u00e4ndig erg\u00e4nzt die Fl\u00fcssigkeit h\u00e4lt \u2013 und es ist auch ein Kunstwerk. Die Arbeit von Federico de\" \/>\n<meta name=\"robots\" content=\"noindex, follow, max-snippet:-1, max-image-preview:large, max-video-preview:-1\" \/>\n<meta property=\"og:locale\" content=\"de_DE\" \/>\n<meta property=\"og:type\" content=\"article\" \/>\n<meta property=\"og:title\" content=\"ZAFFERANO Bilia 6 Gl\u00e4ser mix - dev6 Erresse\" \/>\n<meta property=\"og:description\" content=\"Zafferano. Ein Weinglas deklamiert, entwickelt und vollst\u00e4ndig erg\u00e4nzt die Fl\u00fcssigkeit h\u00e4lt \u2013 und es ist auch ein Kunstwerk. Die Arbeit von Federico de\" \/>\n<meta property=\"og:url\" content=\"https:\/\/dev6.erresse-shop.it\/de\/shop\/tisch\/trinkglaeser\/zafferano-bilia-6-glaeser-mix\/\" \/>\n<meta property=\"og:site_name\" content=\"dev6 Erresse\" \/>\n<meta property=\"og:image\" content=\"https:\/\/interpim.erresse-shop.it\/img-catalogo\/zafferano\/zafferano-bilia-6-bicchieri-mix.jpg\" \/><meta property=\"og:image\" content=\"https:\/\/interpim.erresse-shop.it\/img-catalogo\/zafferano\/zafferano-bilia-6-bicchieri-mix.jpg\" \/>\n\t<meta property=\"og:image:width\" content=\"1024\" \/>\n\t<meta property=\"og:image:height\" content=\"1024\" \/>\n\t<meta property=\"og:image:type\" content=\"image\/jpeg\" \/>\n<meta name=\"twitter:card\" content=\"summary_large_image\" \/>\n<meta name=\"twitter:image\" content=\"https:\/\/interpim.erresse-shop.it\/img-catalogo\/zafferano\/zafferano-bilia-6-bicchieri-mix.jpg\" \/>\n<script type=\"application\/ld+json\" class=\"yoast-schema-graph\">{\"@context\":\"https:\/\/schema.org\",\"@graph\":[{\"@type\":\"WebPage\",\"@id\":\"https:\/\/dev6.erresse-shop.it\/de\/shop\/tisch\/trinkglaeser\/zafferano-bilia-6-glaeser-mix\/\",\"url\":\"https:\/\/dev6.erresse-shop.it\/de\/shop\/tisch\/trinkglaeser\/zafferano-bilia-6-glaeser-mix\/\",\"name\":\"ZAFFERANO Bilia 6 Gl\u00e4ser mix - dev6 Erresse\",\"isPartOf\":{\"@id\":\"https:\/\/dev6.erresse-shop.it\/#website\"},\"primaryImageOfPage\":{\"@id\":\"https:\/\/dev6.erresse-shop.it\/de\/shop\/tisch\/trinkglaeser\/zafferano-bilia-6-glaeser-mix\/#primaryimage\"},\"image\":{\"@id\":\"https:\/\/dev6.erresse-shop.it\/de\/shop\/tisch\/trinkglaeser\/zafferano-bilia-6-glaeser-mix\/#primaryimage\"},\"thumbnailUrl\":\"https:\/\/i0.wp.com\/interpim.erresse-shop.it\/img-catalogo\/zafferano\/zafferano-bilia-6-bicchieri-mix.jpg?ssl=1\",\"datePublished\":\"2026-04-29T06:53:56+00:00\",\"description\":\"Zafferano. Ein Weinglas deklamiert, entwickelt und vollst\u00e4ndig erg\u00e4nzt die Fl\u00fcssigkeit h\u00e4lt \u2013 und es ist auch ein Kunstwerk. Die Arbeit von Federico de\",\"breadcrumb\":{\"@id\":\"https:\/\/dev6.erresse-shop.it\/de\/shop\/tisch\/trinkglaeser\/zafferano-bilia-6-glaeser-mix\/#breadcrumb\"},\"inLanguage\":\"de\",\"potentialAction\":[{\"@type\":\"ReadAction\",\"target\":[\"https:\/\/dev6.erresse-shop.it\/de\/shop\/tisch\/trinkglaeser\/zafferano-bilia-6-glaeser-mix\/\"]}]},{\"@type\":\"ImageObject\",\"inLanguage\":\"de\",\"@id\":\"https:\/\/dev6.erresse-shop.it\/de\/shop\/tisch\/trinkglaeser\/zafferano-bilia-6-glaeser-mix\/#primaryimage\",\"url\":\"https:\/\/i0.wp.com\/interpim.erresse-shop.it\/img-catalogo\/zafferano\/zafferano-bilia-6-bicchieri-mix.jpg?ssl=1\",\"contentUrl\":\"https:\/\/i0.wp.com\/interpim.erresse-shop.it\/img-catalogo\/zafferano\/zafferano-bilia-6-bicchieri-mix.jpg?ssl=1\"},{\"@type\":\"BreadcrumbList\",\"@id\":\"https:\/\/dev6.erresse-shop.it\/de\/shop\/tisch\/trinkglaeser\/zafferano-bilia-6-glaeser-mix\/#breadcrumb\",\"itemListElement\":[{\"@type\":\"ListItem\",\"position\":1,\"name\":\"Home\",\"item\":\"https:\/\/dev6.erresse-shop.it\/\"},{\"@type\":\"ListItem\",\"position\":2,\"name\":\"Shop\",\"item\":\"https:\/\/dev6.erresse-shop.it\/shop\/\"},{\"@type\":\"ListItem\",\"position\":3,\"name\":\"ZAFFERANO Bilia 6 Gl\u00e4ser mix\"}]},{\"@type\":\"WebSite\",\"@id\":\"https:\/\/dev6.erresse-shop.it\/#website\",\"url\":\"https:\/\/dev6.erresse-shop.it\/\",\"name\":\"Erresse Shop\",\"description\":\"\",\"publisher\":{\"@id\":\"https:\/\/dev6.erresse-shop.it\/#organization\"},\"potentialAction\":[{\"@type\":\"SearchAction\",\"target\":{\"@type\":\"EntryPoint\",\"urlTemplate\":\"https:\/\/dev6.erresse-shop.it\/?s={search_term_string}\"},\"query-input\":{\"@type\":\"PropertyValueSpecification\",\"valueRequired\":true,\"valueName\":\"search_term_string\"}}],\"inLanguage\":\"de\"},{\"@type\":\"Organization\",\"@id\":\"https:\/\/dev6.erresse-shop.it\/#organization\",\"name\":\"Erresse Shop\",\"url\":\"https:\/\/dev6.erresse-shop.it\/\",\"logo\":{\"@type\":\"ImageObject\",\"inLanguage\":\"de\",\"@id\":\"https:\/\/dev6.erresse-shop.it\/#\/schema\/logo\/image\/\",\"url\":\"https:\/\/dev6.erresse-shop.it\/wp-content\/uploads\/2025\/01\/LOGO-ERRESSE-CLASSICO.svg\",\"contentUrl\":\"https:\/\/dev6.erresse-shop.it\/wp-content\/uploads\/2025\/01\/LOGO-ERRESSE-CLASSICO.svg\",\"caption\":\"Erresse Shop\"},\"image\":{\"@id\":\"https:\/\/dev6.erresse-shop.it\/#\/schema\/logo\/image\/\"}}]}<\/script>\n<!-- \/ Yoast SEO plugin. -->","yoast_head_json":{"title":"ZAFFERANO Bilia 6 Gl\u00e4ser mix - dev6 Erresse","description":"Zafferano. Ein Weinglas deklamiert, entwickelt und vollst\u00e4ndig erg\u00e4nzt die Fl\u00fcssigkeit h\u00e4lt \u2013 und es ist auch ein Kunstwerk. Die Arbeit von Federico de","robots":{"index":"noindex","follow":"follow","max-snippet":"max-snippet:-1","max-image-preview":"max-image-preview:large","max-video-preview":"max-video-preview:-1"},"og_locale":"de_DE","og_type":"article","og_title":"ZAFFERANO Bilia 6 Gl\u00e4ser mix - dev6 Erresse","og_description":"Zafferano. Ein Weinglas deklamiert, entwickelt und vollst\u00e4ndig erg\u00e4nzt die Fl\u00fcssigkeit h\u00e4lt \u2013 und es ist auch ein Kunstwerk. Die Arbeit von Federico de","og_url":"https:\/\/dev6.erresse-shop.it\/de\/shop\/tisch\/trinkglaeser\/zafferano-bilia-6-glaeser-mix\/","og_site_name":"dev6 Erresse","og_image":[{"url":"https:\/\/interpim.erresse-shop.it\/img-catalogo\/zafferano\/zafferano-bilia-6-bicchieri-mix.jpg","type":"","width":"","height":""},{"url":"https:\/\/interpim.erresse-shop.it\/img-catalogo\/zafferano\/zafferano-bilia-6-bicchieri-mix.jpg","width":1024,"height":1024,"type":"image\/jpeg"}],"twitter_card":"summary_large_image","twitter_image":"https:\/\/interpim.erresse-shop.it\/img-catalogo\/zafferano\/zafferano-bilia-6-bicchieri-mix.jpg","schema":{"@context":"https:\/\/schema.org","@graph":[{"@type":"WebPage","@id":"https:\/\/dev6.erresse-shop.it\/de\/shop\/tisch\/trinkglaeser\/zafferano-bilia-6-glaeser-mix\/","url":"https:\/\/dev6.erresse-shop.it\/de\/shop\/tisch\/trinkglaeser\/zafferano-bilia-6-glaeser-mix\/","name":"ZAFFERANO Bilia 6 Gl\u00e4ser mix - dev6 Erresse","isPartOf":{"@id":"https:\/\/dev6.erresse-shop.it\/#website"},"primaryImageOfPage":{"@id":"https:\/\/dev6.erresse-shop.it\/de\/shop\/tisch\/trinkglaeser\/zafferano-bilia-6-glaeser-mix\/#primaryimage"},"image":{"@id":"https:\/\/dev6.erresse-shop.it\/de\/shop\/tisch\/trinkglaeser\/zafferano-bilia-6-glaeser-mix\/#primaryimage"},"thumbnailUrl":"https:\/\/i0.wp.com\/interpim.erresse-shop.it\/img-catalogo\/zafferano\/zafferano-bilia-6-bicchieri-mix.jpg?ssl=1","datePublished":"2026-04-29T06:53:56+00:00","description":"Zafferano. Ein Weinglas deklamiert, entwickelt und vollst\u00e4ndig erg\u00e4nzt die Fl\u00fcssigkeit h\u00e4lt \u2013 und es ist auch ein Kunstwerk. Die Arbeit von Federico de","breadcrumb":{"@id":"https:\/\/dev6.erresse-shop.it\/de\/shop\/tisch\/trinkglaeser\/zafferano-bilia-6-glaeser-mix\/#breadcrumb"},"inLanguage":"de","potentialAction":[{"@type":"ReadAction","target":["https:\/\/dev6.erresse-shop.it\/de\/shop\/tisch\/trinkglaeser\/zafferano-bilia-6-glaeser-mix\/"]}]},{"@type":"ImageObject","inLanguage":"de","@id":"https:\/\/dev6.erresse-shop.it\/de\/shop\/tisch\/trinkglaeser\/zafferano-bilia-6-glaeser-mix\/#primaryimage","url":"https:\/\/i0.wp.com\/interpim.erresse-shop.it\/img-catalogo\/zafferano\/zafferano-bilia-6-bicchieri-mix.jpg?ssl=1","contentUrl":"https:\/\/i0.wp.com\/interpim.erresse-shop.it\/img-catalogo\/zafferano\/zafferano-bilia-6-bicchieri-mix.jpg?ssl=1"},{"@type":"BreadcrumbList","@id":"https:\/\/dev6.erresse-shop.it\/de\/shop\/tisch\/trinkglaeser\/zafferano-bilia-6-glaeser-mix\/#breadcrumb","itemListElement":[{"@type":"ListItem","position":1,"name":"Home","item":"https:\/\/dev6.erresse-shop.it\/"},{"@type":"ListItem","position":2,"name":"Shop","item":"https:\/\/dev6.erresse-shop.it\/shop\/"},{"@type":"ListItem","position":3,"name":"ZAFFERANO Bilia 6 Gl\u00e4ser mix"}]},{"@type":"WebSite","@id":"https:\/\/dev6.erresse-shop.it\/#website","url":"https:\/\/dev6.erresse-shop.it\/","name":"Erresse Shop","description":"","publisher":{"@id":"https:\/\/dev6.erresse-shop.it\/#organization"},"potentialAction":[{"@type":"SearchAction","target":{"@type":"EntryPoint","urlTemplate":"https:\/\/dev6.erresse-shop.it\/?s={search_term_string}"},"query-input":{"@type":"PropertyValueSpecification","valueRequired":true,"valueName":"search_term_string"}}],"inLanguage":"de"},{"@type":"Organization","@id":"https:\/\/dev6.erresse-shop.it\/#organization","name":"Erresse Shop","url":"https:\/\/dev6.erresse-shop.it\/","logo":{"@type":"ImageObject","inLanguage":"de","@id":"https:\/\/dev6.erresse-shop.it\/#\/schema\/logo\/image\/","url":"https:\/\/dev6.erresse-shop.it\/wp-content\/uploads\/2025\/01\/LOGO-ERRESSE-CLASSICO.svg","contentUrl":"https:\/\/dev6.erresse-shop.it\/wp-content\/uploads\/2025\/01\/LOGO-ERRESSE-CLASSICO.svg","caption":"Erresse Shop"},"image":{"@id":"https:\/\/dev6.erresse-shop.it\/#\/schema\/logo\/image\/"}}]}},"df_price":59.95,"df_sale_price":59.95,"df_regular_price":70.2,"df_image_link":"https:\/\/i0.wp.com\/interpim.erresse-shop.it\/img-catalogo\/zafferano\/zafferano-bilia-6-bicchieri-mix.jpg?resize=300,300&ssl=1","fifu_image_url":"https:\/\/interpim.erresse-shop.it\/img-catalogo\/zafferano\/zafferano-bilia-6-bicchieri-mix.jpg","_links":{"self":[{"href":"https:\/\/dev6.erresse-shop.it\/de\/wp-json\/wp\/v2\/product\/48575","targetHints":{"allow":["GET"]}}],"collection":[{"href":"https:\/\/dev6.erresse-shop.it\/de\/wp-json\/wp\/v2\/product"}],"about":[{"href":"https:\/\/dev6.erresse-shop.it\/de\/wp-json\/wp\/v2\/types\/product"}],"wp:featuredmedia":[{"embeddable":true,"href":"https:\/\/dev6.erresse-shop.it\/de\/wp-json\/wp\/v2\/media\/6949220"}],"wp:attachment":[{"href":"https:\/\/dev6.erresse-shop.it\/de\/wp-json\/wp\/v2\/media?parent=48575"}],"wp:term":[{"taxonomy":"product_cat","embeddable":true,"href":"https:\/\/dev6.erresse-shop.it\/de\/wp-json\/wp\/v2\/product_cat?post=48575"},{"taxonomy":"product_tag","embeddable":true,"href":"https:\/\/dev6.erresse-shop.it\/de\/wp-json\/wp\/v2\/product_tag?post=48575"}],"curies":[{"name":"wp","href":"https:\/\/api.w.org\/{rel}","templated":true}]}}