{"id":48571,"date":"2026-04-10T08:50:18","date_gmt":"2026-04-10T06:50:18","guid":{"rendered":"https:\/\/dev6.erresse-shop.it\/shop\/unkategorisiert\/magimix-juice-expert-3-gemueseschneider-weiss\/"},"modified":"2025-07-19T03:40:39","modified_gmt":"2025-07-19T01:40:39","slug":"magimix-juice-expert-3-gemueseschneider-weiss","status":"publish","type":"product","link":"https:\/\/dev6.erresse-shop.it\/de\/shop\/kleine-elektrogeraete\/extraktoren-und-zentrifugen\/magimix-juice-expert-3-gemueseschneider-weiss\/","title":{"rendered":"MAGIMIX Juice Expert 3 + Gem\u00fcseschneider Wei\u00df"},"content":{"rendered":"<p>MAGIMIX.\u00a0Es ist in Frankreich, im Herzen der Region Burgund, ber\u00fchmt f\u00fcr seine Gastronomie, da\u00df Magimix erfunden, vor mehr als vierzig Jahren, die K\u00fcchenmaschine.<br \/>\nHeute Magimix Ger\u00e4te sind die inl\u00e4ndische Version der Ger\u00e4te f\u00fcr Profis gedacht. Die besten Restaurants in der ganzen Welt nutzen die Profi-Version unserer Produkte.<br \/>\nIm Bereich Magimix, werden Sie die gesamte Palette der K\u00fcchenger\u00e4te zu finden.<br \/>\nImmer an der Spitze der Innovation in der K\u00fcche, ist stolz darauf, Magimix ihre neueste Kollektion f\u00fcr das Vergn\u00fcgen des Kochens als gro\u00dfer Koch zu pr\u00e4sentieren.<\/p>\n<p>Juice Expert 3 mit kostenlosem Gem\u00fcseschneider<\/p>\n<p>Magimix ist der Multifunktionssaft-Experte!<br \/>\nTag f\u00fcr Tag kombiniert der Juice Expert Magimix das Beste aus der Natur mit der besten Technologie, um Gesundheit und Vergn\u00fcgen in Einklang zu bringen.<br \/>\nDUNSTABZUG Saft Expert 3 MULTIFUNKTION 3 Funktionen:<br \/>\n\u2013 Extra Press XL Neue Magimix patentierte Erfindung zur Kaltextraktion von weichen und gekochten Fr\u00fcchten, Gem\u00fcsen, S\u00e4ften, Nektaren oder So\u00dfen.<br \/>\n\u2013 Filtersieb XL f\u00fcr die kalte Extraktion von Obst und Gem\u00fcse mit Sodal\u00f6sung (\u00c4pfel, Karotten) und gr\u00fcnem Gem\u00fcse. Magimix-Patent.<br \/>\n\u2013 Zitruspresse f\u00fcr frischen und schnellen Zitrussaft ohne Samen. 2 Kegel. Pulp System f\u00fcr einen Saft ohne Fruchtfleisch.<\/p>\n<p>Technische Beschreibung<br \/>\n\u2013 EXTRA PRESS XL hei\u00dfe und kalte cremige S\u00e4fte und Smoothies Maximaler Ertrag 96%<br \/>\n\u2013 FILTER SETACCIO XL reine und klare S\u00e4fte Gro\u00dfe Kapazit\u00e4t Stahlkorb, Korb mit abnehmbarem Kragen und<br \/>\n\u2013 SPREMIAGRUMI mit Deckarm &#43; 2 Pulp System Zitruszapfen mit oder ohne Fruchtfleisch<\/p>\n<p>Cold Press Cold Extraction: Respekt f\u00fcr N\u00e4hrstoffe<br \/>\nProfessionelle Geschwindigkeit<br \/>\nHOPPER X L 90 x 75 mm<br \/>\nExtraktion des Saftes direkt in das Glas<br \/>\nEASY REINIGUNG sp\u00fclmaschinenfest<br \/>\nReinigungsspachtel 1<\/p>\n<p>Buch der Rezepte mehr als 40 Rezepte<br \/>\nKostenlose MAGIMIX-Anwendung mehr als 100 Rezepte, verf\u00fcgbar f\u00fcr Smartphones und Tablets<\/p>\n<p>Material 0% BPA<br \/>\nMotorleistung 400 W<br \/>\nUltraleiser professioneller Motor<br \/>\nMotorgarantie 30 Jahre<br \/>\nGARANTIE 3 Jahre<br \/>\nABMESSUNGEN H415 x L214 x P183 mm<br \/>\nGewicht 7,5 kg<\/p>\n<p>Please note:\u00a0the power plug is European Schuko<\/p>\n<p>Not for sale outside from Europe<\/p>\n","protected":false},"excerpt":{"rendered":"<p>MAGIMIX.\u00a0Es ist in Frankreich, im Herzen der Region Burgund, ber\u00fchmt f\u00fcr seine Gastronomie, da\u00df Magimix erfunden, vor mehr als vierzig Jahren, die K\u00fcchenmaschine. Heute Magimix Ger\u00e4te sind die inl\u00e4ndische Version der Ger\u00e4te f\u00fcr Profis gedacht. Die besten Restaurants in der ganzen Welt nutzen die Profi-Version unserer Produkte. Im Bereich Magimix, werden Sie die gesamte Palette [&hellip;]<\/p>\n","protected":false},"featured_media":6301555,"template":"","meta":{"_acf_changed":false},"product_cat":[11736,12168,12163],"product_tag":[],"class_list":{"0":"post-48571","1":"product","2":"type-product","3":"status-publish","4":"has-post-thumbnail","6":"product_cat-estrattori-centrifughe","7":"product_cat-extraktoren-und-zentrifugen","8":"product_cat-kleine-elektrogeraete","10":"first","11":"instock","12":"sale","13":"taxable","14":"shipping-taxable","15":"purchasable","16":"product-type-simple","swatches":"rey-swatches","show_selected":"","stretch_labels":"rey-swatches--stretch-labels"},"acf":[],"yoast_head":"<!-- This site is optimized with the Yoast SEO plugin v25.4 - https:\/\/yoast.com\/wordpress\/plugins\/seo\/ -->\n<title>MAGIMIX Juice Expert 3 + Gem\u00fcseschneider Wei\u00df - dev6 Erresse<\/title>\n<meta name=\"description\" content=\"MAGIMIX.\u00a0Es ist in Frankreich, im Herzen der Region Burgund, ber\u00fchmt f\u00fcr seine Gastronomie, da\u00df Magimix erfunden, vor mehr als vierzig Jahren, die\" \/>\n<meta name=\"robots\" content=\"noindex, follow, max-snippet:-1, max-image-preview:large, max-video-preview:-1\" \/>\n<meta property=\"og:locale\" content=\"de_DE\" \/>\n<meta property=\"og:type\" content=\"article\" \/>\n<meta property=\"og:title\" content=\"MAGIMIX Juice Expert 3 + Gem\u00fcseschneider Wei\u00df - dev6 Erresse\" \/>\n<meta property=\"og:description\" content=\"MAGIMIX.\u00a0Es ist in Frankreich, im Herzen der Region Burgund, ber\u00fchmt f\u00fcr seine Gastronomie, da\u00df Magimix erfunden, vor mehr als vierzig Jahren, die\" \/>\n<meta property=\"og:url\" content=\"https:\/\/dev6.erresse-shop.it\/de\/shop\/kleine-elektrogeraete\/extraktoren-und-zentrifugen\/magimix-juice-expert-3-gemueseschneider-weiss\/\" \/>\n<meta property=\"og:site_name\" content=\"dev6 Erresse\" \/>\n<meta property=\"og:image\" content=\"https:\/\/interpim.erresse-shop.it\/Import\/Prodotti\/magimix-estrattore-juice-expert-3-con-tagliaverdure-bianco.png\" \/><meta property=\"og:image\" content=\"https:\/\/interpim.erresse-shop.it\/Import\/Prodotti\/magimix-estrattore-juice-expert-3-con-tagliaverdure-bianco.png\" \/>\n\t<meta property=\"og:image:width\" content=\"1024\" \/>\n\t<meta property=\"og:image:height\" content=\"1024\" \/>\n\t<meta property=\"og:image:type\" content=\"image\/jpeg\" \/>\n<meta name=\"twitter:card\" content=\"summary_large_image\" \/>\n<meta name=\"twitter:image\" content=\"https:\/\/interpim.erresse-shop.it\/Import\/Prodotti\/magimix-estrattore-juice-expert-3-con-tagliaverdure-bianco.png\" \/>\n<script type=\"application\/ld+json\" class=\"yoast-schema-graph\">{\"@context\":\"https:\/\/schema.org\",\"@graph\":[{\"@type\":\"WebPage\",\"@id\":\"https:\/\/dev6.erresse-shop.it\/de\/shop\/kleine-elektrogeraete\/extraktoren-und-zentrifugen\/magimix-juice-expert-3-gemueseschneider-weiss\/\",\"url\":\"https:\/\/dev6.erresse-shop.it\/de\/shop\/kleine-elektrogeraete\/extraktoren-und-zentrifugen\/magimix-juice-expert-3-gemueseschneider-weiss\/\",\"name\":\"MAGIMIX Juice Expert 3 + Gem\u00fcseschneider Wei\u00df - dev6 Erresse\",\"isPartOf\":{\"@id\":\"https:\/\/dev6.erresse-shop.it\/#website\"},\"primaryImageOfPage\":{\"@id\":\"https:\/\/dev6.erresse-shop.it\/de\/shop\/kleine-elektrogeraete\/extraktoren-und-zentrifugen\/magimix-juice-expert-3-gemueseschneider-weiss\/#primaryimage\"},\"image\":{\"@id\":\"https:\/\/dev6.erresse-shop.it\/de\/shop\/kleine-elektrogeraete\/extraktoren-und-zentrifugen\/magimix-juice-expert-3-gemueseschneider-weiss\/#primaryimage\"},\"thumbnailUrl\":\"https:\/\/i2.wp.com\/interpim.erresse-shop.it\/Import\/Prodotti\/magimix-estrattore-juice-expert-3-con-tagliaverdure-bianco.png?ssl=1\",\"datePublished\":\"2026-04-10T06:50:18+00:00\",\"description\":\"MAGIMIX.\u00a0Es ist in Frankreich, im Herzen der Region Burgund, ber\u00fchmt f\u00fcr seine Gastronomie, da\u00df Magimix erfunden, vor mehr als vierzig Jahren, die\",\"breadcrumb\":{\"@id\":\"https:\/\/dev6.erresse-shop.it\/de\/shop\/kleine-elektrogeraete\/extraktoren-und-zentrifugen\/magimix-juice-expert-3-gemueseschneider-weiss\/#breadcrumb\"},\"inLanguage\":\"de\",\"potentialAction\":[{\"@type\":\"ReadAction\",\"target\":[\"https:\/\/dev6.erresse-shop.it\/de\/shop\/kleine-elektrogeraete\/extraktoren-und-zentrifugen\/magimix-juice-expert-3-gemueseschneider-weiss\/\"]}]},{\"@type\":\"ImageObject\",\"inLanguage\":\"de\",\"@id\":\"https:\/\/dev6.erresse-shop.it\/de\/shop\/kleine-elektrogeraete\/extraktoren-und-zentrifugen\/magimix-juice-expert-3-gemueseschneider-weiss\/#primaryimage\",\"url\":\"https:\/\/i2.wp.com\/interpim.erresse-shop.it\/Import\/Prodotti\/magimix-estrattore-juice-expert-3-con-tagliaverdure-bianco.png?ssl=1\",\"contentUrl\":\"https:\/\/i2.wp.com\/interpim.erresse-shop.it\/Import\/Prodotti\/magimix-estrattore-juice-expert-3-con-tagliaverdure-bianco.png?ssl=1\"},{\"@type\":\"BreadcrumbList\",\"@id\":\"https:\/\/dev6.erresse-shop.it\/de\/shop\/kleine-elektrogeraete\/extraktoren-und-zentrifugen\/magimix-juice-expert-3-gemueseschneider-weiss\/#breadcrumb\",\"itemListElement\":[{\"@type\":\"ListItem\",\"position\":1,\"name\":\"Home\",\"item\":\"https:\/\/dev6.erresse-shop.it\/\"},{\"@type\":\"ListItem\",\"position\":2,\"name\":\"Shop\",\"item\":\"https:\/\/dev6.erresse-shop.it\/shop\/\"},{\"@type\":\"ListItem\",\"position\":3,\"name\":\"MAGIMIX Juice Expert 3 + Gem\u00fcseschneider Wei\u00df\"}]},{\"@type\":\"WebSite\",\"@id\":\"https:\/\/dev6.erresse-shop.it\/#website\",\"url\":\"https:\/\/dev6.erresse-shop.it\/\",\"name\":\"Erresse Shop\",\"description\":\"\",\"publisher\":{\"@id\":\"https:\/\/dev6.erresse-shop.it\/#organization\"},\"potentialAction\":[{\"@type\":\"SearchAction\",\"target\":{\"@type\":\"EntryPoint\",\"urlTemplate\":\"https:\/\/dev6.erresse-shop.it\/?s={search_term_string}\"},\"query-input\":{\"@type\":\"PropertyValueSpecification\",\"valueRequired\":true,\"valueName\":\"search_term_string\"}}],\"inLanguage\":\"de\"},{\"@type\":\"Organization\",\"@id\":\"https:\/\/dev6.erresse-shop.it\/#organization\",\"name\":\"Erresse Shop\",\"url\":\"https:\/\/dev6.erresse-shop.it\/\",\"logo\":{\"@type\":\"ImageObject\",\"inLanguage\":\"de\",\"@id\":\"https:\/\/dev6.erresse-shop.it\/#\/schema\/logo\/image\/\",\"url\":\"https:\/\/dev6.erresse-shop.it\/wp-content\/uploads\/2025\/01\/LOGO-ERRESSE-CLASSICO.svg\",\"contentUrl\":\"https:\/\/dev6.erresse-shop.it\/wp-content\/uploads\/2025\/01\/LOGO-ERRESSE-CLASSICO.svg\",\"caption\":\"Erresse Shop\"},\"image\":{\"@id\":\"https:\/\/dev6.erresse-shop.it\/#\/schema\/logo\/image\/\"}}]}<\/script>\n<!-- \/ Yoast SEO plugin. -->","yoast_head_json":{"title":"MAGIMIX Juice Expert 3 + Gem\u00fcseschneider Wei\u00df - dev6 Erresse","description":"MAGIMIX.\u00a0Es ist in Frankreich, im Herzen der Region Burgund, ber\u00fchmt f\u00fcr seine Gastronomie, da\u00df Magimix erfunden, vor mehr als vierzig Jahren, die","robots":{"index":"noindex","follow":"follow","max-snippet":"max-snippet:-1","max-image-preview":"max-image-preview:large","max-video-preview":"max-video-preview:-1"},"og_locale":"de_DE","og_type":"article","og_title":"MAGIMIX Juice Expert 3 + Gem\u00fcseschneider Wei\u00df - dev6 Erresse","og_description":"MAGIMIX.\u00a0Es ist in Frankreich, im Herzen der Region Burgund, ber\u00fchmt f\u00fcr seine Gastronomie, da\u00df Magimix erfunden, vor mehr als vierzig Jahren, die","og_url":"https:\/\/dev6.erresse-shop.it\/de\/shop\/kleine-elektrogeraete\/extraktoren-und-zentrifugen\/magimix-juice-expert-3-gemueseschneider-weiss\/","og_site_name":"dev6 Erresse","og_image":[{"url":"https:\/\/interpim.erresse-shop.it\/Import\/Prodotti\/magimix-estrattore-juice-expert-3-con-tagliaverdure-bianco.png","type":"","width":"","height":""},{"url":"https:\/\/interpim.erresse-shop.it\/Import\/Prodotti\/magimix-estrattore-juice-expert-3-con-tagliaverdure-bianco.png","width":1024,"height":1024,"type":"image\/jpeg"}],"twitter_card":"summary_large_image","twitter_image":"https:\/\/interpim.erresse-shop.it\/Import\/Prodotti\/magimix-estrattore-juice-expert-3-con-tagliaverdure-bianco.png","schema":{"@context":"https:\/\/schema.org","@graph":[{"@type":"WebPage","@id":"https:\/\/dev6.erresse-shop.it\/de\/shop\/kleine-elektrogeraete\/extraktoren-und-zentrifugen\/magimix-juice-expert-3-gemueseschneider-weiss\/","url":"https:\/\/dev6.erresse-shop.it\/de\/shop\/kleine-elektrogeraete\/extraktoren-und-zentrifugen\/magimix-juice-expert-3-gemueseschneider-weiss\/","name":"MAGIMIX Juice Expert 3 + Gem\u00fcseschneider Wei\u00df - dev6 Erresse","isPartOf":{"@id":"https:\/\/dev6.erresse-shop.it\/#website"},"primaryImageOfPage":{"@id":"https:\/\/dev6.erresse-shop.it\/de\/shop\/kleine-elektrogeraete\/extraktoren-und-zentrifugen\/magimix-juice-expert-3-gemueseschneider-weiss\/#primaryimage"},"image":{"@id":"https:\/\/dev6.erresse-shop.it\/de\/shop\/kleine-elektrogeraete\/extraktoren-und-zentrifugen\/magimix-juice-expert-3-gemueseschneider-weiss\/#primaryimage"},"thumbnailUrl":"https:\/\/i2.wp.com\/interpim.erresse-shop.it\/Import\/Prodotti\/magimix-estrattore-juice-expert-3-con-tagliaverdure-bianco.png?ssl=1","datePublished":"2026-04-10T06:50:18+00:00","description":"MAGIMIX.\u00a0Es ist in Frankreich, im Herzen der Region Burgund, ber\u00fchmt f\u00fcr seine Gastronomie, da\u00df Magimix erfunden, vor mehr als vierzig Jahren, die","breadcrumb":{"@id":"https:\/\/dev6.erresse-shop.it\/de\/shop\/kleine-elektrogeraete\/extraktoren-und-zentrifugen\/magimix-juice-expert-3-gemueseschneider-weiss\/#breadcrumb"},"inLanguage":"de","potentialAction":[{"@type":"ReadAction","target":["https:\/\/dev6.erresse-shop.it\/de\/shop\/kleine-elektrogeraete\/extraktoren-und-zentrifugen\/magimix-juice-expert-3-gemueseschneider-weiss\/"]}]},{"@type":"ImageObject","inLanguage":"de","@id":"https:\/\/dev6.erresse-shop.it\/de\/shop\/kleine-elektrogeraete\/extraktoren-und-zentrifugen\/magimix-juice-expert-3-gemueseschneider-weiss\/#primaryimage","url":"https:\/\/i2.wp.com\/interpim.erresse-shop.it\/Import\/Prodotti\/magimix-estrattore-juice-expert-3-con-tagliaverdure-bianco.png?ssl=1","contentUrl":"https:\/\/i2.wp.com\/interpim.erresse-shop.it\/Import\/Prodotti\/magimix-estrattore-juice-expert-3-con-tagliaverdure-bianco.png?ssl=1"},{"@type":"BreadcrumbList","@id":"https:\/\/dev6.erresse-shop.it\/de\/shop\/kleine-elektrogeraete\/extraktoren-und-zentrifugen\/magimix-juice-expert-3-gemueseschneider-weiss\/#breadcrumb","itemListElement":[{"@type":"ListItem","position":1,"name":"Home","item":"https:\/\/dev6.erresse-shop.it\/"},{"@type":"ListItem","position":2,"name":"Shop","item":"https:\/\/dev6.erresse-shop.it\/shop\/"},{"@type":"ListItem","position":3,"name":"MAGIMIX Juice Expert 3 + Gem\u00fcseschneider Wei\u00df"}]},{"@type":"WebSite","@id":"https:\/\/dev6.erresse-shop.it\/#website","url":"https:\/\/dev6.erresse-shop.it\/","name":"Erresse Shop","description":"","publisher":{"@id":"https:\/\/dev6.erresse-shop.it\/#organization"},"potentialAction":[{"@type":"SearchAction","target":{"@type":"EntryPoint","urlTemplate":"https:\/\/dev6.erresse-shop.it\/?s={search_term_string}"},"query-input":{"@type":"PropertyValueSpecification","valueRequired":true,"valueName":"search_term_string"}}],"inLanguage":"de"},{"@type":"Organization","@id":"https:\/\/dev6.erresse-shop.it\/#organization","name":"Erresse Shop","url":"https:\/\/dev6.erresse-shop.it\/","logo":{"@type":"ImageObject","inLanguage":"de","@id":"https:\/\/dev6.erresse-shop.it\/#\/schema\/logo\/image\/","url":"https:\/\/dev6.erresse-shop.it\/wp-content\/uploads\/2025\/01\/LOGO-ERRESSE-CLASSICO.svg","contentUrl":"https:\/\/dev6.erresse-shop.it\/wp-content\/uploads\/2025\/01\/LOGO-ERRESSE-CLASSICO.svg","caption":"Erresse Shop"},"image":{"@id":"https:\/\/dev6.erresse-shop.it\/#\/schema\/logo\/image\/"}}]}},"df_price":289.95,"df_sale_price":289.95,"df_regular_price":340,"df_image_link":"https:\/\/i2.wp.com\/interpim.erresse-shop.it\/Import\/Prodotti\/magimix-estrattore-juice-expert-3-con-tagliaverdure-bianco.png?resize=300,300&ssl=1","fifu_image_url":"https:\/\/interpim.erresse-shop.it\/Import\/Prodotti\/magimix-estrattore-juice-expert-3-con-tagliaverdure-bianco.png","_links":{"self":[{"href":"https:\/\/dev6.erresse-shop.it\/de\/wp-json\/wp\/v2\/product\/48571","targetHints":{"allow":["GET"]}}],"collection":[{"href":"https:\/\/dev6.erresse-shop.it\/de\/wp-json\/wp\/v2\/product"}],"about":[{"href":"https:\/\/dev6.erresse-shop.it\/de\/wp-json\/wp\/v2\/types\/product"}],"wp:featuredmedia":[{"embeddable":true,"href":"https:\/\/dev6.erresse-shop.it\/de\/wp-json\/wp\/v2\/media\/6301555"}],"wp:attachment":[{"href":"https:\/\/dev6.erresse-shop.it\/de\/wp-json\/wp\/v2\/media?parent=48571"}],"wp:term":[{"taxonomy":"product_cat","embeddable":true,"href":"https:\/\/dev6.erresse-shop.it\/de\/wp-json\/wp\/v2\/product_cat?post=48571"},{"taxonomy":"product_tag","embeddable":true,"href":"https:\/\/dev6.erresse-shop.it\/de\/wp-json\/wp\/v2\/product_tag?post=48571"}],"curies":[{"name":"wp","href":"https:\/\/api.w.org\/{rel}","templated":true}]}}