{"id":48563,"date":"2026-04-04T08:11:18","date_gmt":"2026-04-04T06:11:18","guid":{"rendered":"https:\/\/dev6.erresse-shop.it\/shop\/unkategorisiert\/illy-iperespresso-y3-3-schwarz-14-kapseln-inbegriffen\/"},"modified":"2025-09-14T00:19:35","modified_gmt":"2025-09-13T22:19:35","slug":"illy-iperespresso-y3-3-schwarz-14-kapseln-inbegriffen","status":"publish","type":"product","link":"https:\/\/dev6.erresse-shop.it\/de\/shop\/kleine-elektrogeraete\/kaffeemaschinen-espresso\/pads-und-kapseln\/illy-iperespresso-y3-3-schwarz-14-kapseln-inbegriffen\/","title":{"rendered":"ILLY Iperespresso Y3.3 Schwarz 14 Kapseln inbegriffen"},"content":{"rendered":"<p>Mit der neuen Y3.3 k\u00f6nnen Sie schnell und einfach eine perfekte Tasse Espresso und einen exzellenten Kaffee nach amerikanischer Art zubereiten.<br \/>\nDurch seine kleine und kompakte Gr\u00f6\u00dfe ist er f\u00fcr jede Art von Umgebung und Anforderung geeignet. Elegant und funktionell: Das ist die neue Iperespresso-Maschine f\u00fcr alle.<br \/>\nSie k\u00f6nnen zwischen Espresso und Kaffee nach amerikanischer Art w\u00e4hlen.<br \/>\nMinimalistisch und elegant. Der Architekt Piero Lissoni hat eine Maschine mit klaren Linien entworfen, die einfach und intuitiv zu bedienen ist.<br \/>\nDas Y3 ist in drei Farben erh\u00e4ltlich: schwarz, rot und wei\u00df.<\/p>\n<p>Garantie: 2 Jahre<br \/>\nProgrammierbares Tassenvolumen<br \/>\nAutomatischer Br\u00fchstopp<br \/>\nZwei H\u00f6hen f\u00fcr das Becherhaltergitter<br \/>\nAutomatischer Standby-Modus bei Nichtgebrauch<\/p>\n<p>Technische Daten:<\/p>\n<p>Tankinhalt: 0,75 l<br \/>\nAbmessungen (cm): 10 x 29,8 x 25,4<br \/>\nSpannung: 230 V, 1 m langes Kabel<br \/>\nPumpendruck: 19 bar<\/p>\n<p>Zubereitung: Espresso-Kapseln (Iperespresso)<br \/>\nKaffeeformat: Iperespresso-Kapseln<br \/>\nKabell\u00e4nge: 1 m<br \/>\nTankinhalt: 0,75 l<br \/>\nAbmessungen: (cm) 10 x 29,8 x 25,4<br \/>\nEinstellbare Kaffeeausgabe: Automatisch<br \/>\nTassenw\u00e4rmer: Nein<br \/>\nEinstellbare Schalenh\u00f6he: Ja<br \/>\nGarantie: 2 Jahre<br \/>\nSpannung: 230 v<br \/>\nMaterial: Kunststoff<br \/>\nEnergieeinsparung: Ja<br \/>\nFunktionen: Multi-Getr\u00e4nke<\/p>\n","protected":false},"excerpt":{"rendered":"<p>Mit der neuen Y3.3 k\u00f6nnen Sie schnell und einfach eine perfekte Tasse Espresso und einen exzellenten Kaffee nach amerikanischer Art zubereiten. Durch seine kleine und kompakte Gr\u00f6\u00dfe ist er f\u00fcr jede Art von Umgebung und Anforderung geeignet. Elegant und funktionell: Das ist die neue Iperespresso-Maschine f\u00fcr alle. Sie k\u00f6nnen zwischen Espresso und Kaffee nach amerikanischer [&hellip;]<\/p>\n","protected":false},"featured_media":6259773,"template":"","meta":{"_acf_changed":false},"product_cat":[11757,12171,12163,12189],"product_tag":[],"class_list":{"0":"post-48563","1":"product","2":"type-product","3":"status-publish","4":"has-post-thumbnail","6":"product_cat-cialde-e-capsule","7":"product_cat-kaffeemaschinen-espresso","8":"product_cat-kleine-elektrogeraete","9":"product_cat-pads-und-kapseln","11":"first","12":"outofstock","13":"sale","14":"taxable","15":"shipping-taxable","16":"purchasable","17":"product-type-simple","swatches":"rey-swatches","show_selected":"","stretch_labels":"rey-swatches--stretch-labels"},"acf":[],"yoast_head":"<!-- This site is optimized with the Yoast SEO plugin v25.4 - https:\/\/yoast.com\/wordpress\/plugins\/seo\/ -->\n<title>ILLY Iperespresso Y3.3 Schwarz 14 Kapseln inbegriffen - dev6 Erresse<\/title>\n<meta name=\"description\" content=\"Mit der neuen Y3.3 k\u00f6nnen Sie schnell und einfach eine perfekte Tasse Espresso und einen exzellenten Kaffee nach amerikanischer Art zubereiten. Durch\" \/>\n<meta name=\"robots\" content=\"noindex, follow, max-snippet:-1, max-image-preview:large, max-video-preview:-1\" \/>\n<meta property=\"og:locale\" content=\"de_DE\" \/>\n<meta property=\"og:type\" content=\"article\" \/>\n<meta property=\"og:title\" content=\"ILLY Iperespresso Y3.3 Schwarz 14 Kapseln inbegriffen - dev6 Erresse\" \/>\n<meta property=\"og:description\" content=\"Mit der neuen Y3.3 k\u00f6nnen Sie schnell und einfach eine perfekte Tasse Espresso und einen exzellenten Kaffee nach amerikanischer Art zubereiten. Durch\" \/>\n<meta property=\"og:url\" content=\"https:\/\/dev6.erresse-shop.it\/de\/shop\/kleine-elektrogeraete\/kaffeemaschinen-espresso\/pads-und-kapseln\/illy-iperespresso-y3-3-schwarz-14-kapseln-inbegriffen\/\" \/>\n<meta property=\"og:site_name\" content=\"dev6 Erresse\" \/>\n<meta property=\"og:image\" content=\"https:\/\/interpim.erresse-shop.it\/Import\/Prodotti\/illy-macchina-da-caffe-y3.3-nero.jpg\" \/><meta property=\"og:image\" content=\"https:\/\/interpim.erresse-shop.it\/Import\/Prodotti\/illy-macchina-da-caffe-y3.3-nero.jpg\" \/>\n\t<meta property=\"og:image:width\" content=\"1024\" \/>\n\t<meta property=\"og:image:height\" content=\"1024\" \/>\n\t<meta property=\"og:image:type\" content=\"image\/jpeg\" \/>\n<meta name=\"twitter:card\" content=\"summary_large_image\" \/>\n<meta name=\"twitter:image\" content=\"https:\/\/interpim.erresse-shop.it\/Import\/Prodotti\/illy-macchina-da-caffe-y3.3-nero.jpg\" \/>\n<script type=\"application\/ld+json\" class=\"yoast-schema-graph\">{\"@context\":\"https:\/\/schema.org\",\"@graph\":[{\"@type\":\"WebPage\",\"@id\":\"https:\/\/dev6.erresse-shop.it\/de\/shop\/kleine-elektrogeraete\/kaffeemaschinen-espresso\/pads-und-kapseln\/illy-iperespresso-y3-3-schwarz-14-kapseln-inbegriffen\/\",\"url\":\"https:\/\/dev6.erresse-shop.it\/de\/shop\/kleine-elektrogeraete\/kaffeemaschinen-espresso\/pads-und-kapseln\/illy-iperespresso-y3-3-schwarz-14-kapseln-inbegriffen\/\",\"name\":\"ILLY Iperespresso Y3.3 Schwarz 14 Kapseln inbegriffen - dev6 Erresse\",\"isPartOf\":{\"@id\":\"https:\/\/dev6.erresse-shop.it\/#website\"},\"primaryImageOfPage\":{\"@id\":\"https:\/\/dev6.erresse-shop.it\/de\/shop\/kleine-elektrogeraete\/kaffeemaschinen-espresso\/pads-und-kapseln\/illy-iperespresso-y3-3-schwarz-14-kapseln-inbegriffen\/#primaryimage\"},\"image\":{\"@id\":\"https:\/\/dev6.erresse-shop.it\/de\/shop\/kleine-elektrogeraete\/kaffeemaschinen-espresso\/pads-und-kapseln\/illy-iperespresso-y3-3-schwarz-14-kapseln-inbegriffen\/#primaryimage\"},\"thumbnailUrl\":\"https:\/\/i1.wp.com\/interpim.erresse-shop.it\/Import\/Prodotti\/illy-macchina-da-caffe-y3.3-nero.jpg?ssl=1\",\"datePublished\":\"2026-04-04T06:11:18+00:00\",\"description\":\"Mit der neuen Y3.3 k\u00f6nnen Sie schnell und einfach eine perfekte Tasse Espresso und einen exzellenten Kaffee nach amerikanischer Art zubereiten. Durch\",\"breadcrumb\":{\"@id\":\"https:\/\/dev6.erresse-shop.it\/de\/shop\/kleine-elektrogeraete\/kaffeemaschinen-espresso\/pads-und-kapseln\/illy-iperespresso-y3-3-schwarz-14-kapseln-inbegriffen\/#breadcrumb\"},\"inLanguage\":\"de\",\"potentialAction\":[{\"@type\":\"ReadAction\",\"target\":[\"https:\/\/dev6.erresse-shop.it\/de\/shop\/kleine-elektrogeraete\/kaffeemaschinen-espresso\/pads-und-kapseln\/illy-iperespresso-y3-3-schwarz-14-kapseln-inbegriffen\/\"]}]},{\"@type\":\"ImageObject\",\"inLanguage\":\"de\",\"@id\":\"https:\/\/dev6.erresse-shop.it\/de\/shop\/kleine-elektrogeraete\/kaffeemaschinen-espresso\/pads-und-kapseln\/illy-iperespresso-y3-3-schwarz-14-kapseln-inbegriffen\/#primaryimage\",\"url\":\"https:\/\/i1.wp.com\/interpim.erresse-shop.it\/Import\/Prodotti\/illy-macchina-da-caffe-y3.3-nero.jpg?ssl=1\",\"contentUrl\":\"https:\/\/i1.wp.com\/interpim.erresse-shop.it\/Import\/Prodotti\/illy-macchina-da-caffe-y3.3-nero.jpg?ssl=1\"},{\"@type\":\"BreadcrumbList\",\"@id\":\"https:\/\/dev6.erresse-shop.it\/de\/shop\/kleine-elektrogeraete\/kaffeemaschinen-espresso\/pads-und-kapseln\/illy-iperespresso-y3-3-schwarz-14-kapseln-inbegriffen\/#breadcrumb\",\"itemListElement\":[{\"@type\":\"ListItem\",\"position\":1,\"name\":\"Home\",\"item\":\"https:\/\/dev6.erresse-shop.it\/\"},{\"@type\":\"ListItem\",\"position\":2,\"name\":\"Shop\",\"item\":\"https:\/\/dev6.erresse-shop.it\/shop\/\"},{\"@type\":\"ListItem\",\"position\":3,\"name\":\"ILLY Iperespresso Y3.3 Schwarz 14 Kapseln inbegriffen\"}]},{\"@type\":\"WebSite\",\"@id\":\"https:\/\/dev6.erresse-shop.it\/#website\",\"url\":\"https:\/\/dev6.erresse-shop.it\/\",\"name\":\"Erresse Shop\",\"description\":\"\",\"publisher\":{\"@id\":\"https:\/\/dev6.erresse-shop.it\/#organization\"},\"potentialAction\":[{\"@type\":\"SearchAction\",\"target\":{\"@type\":\"EntryPoint\",\"urlTemplate\":\"https:\/\/dev6.erresse-shop.it\/?s={search_term_string}\"},\"query-input\":{\"@type\":\"PropertyValueSpecification\",\"valueRequired\":true,\"valueName\":\"search_term_string\"}}],\"inLanguage\":\"de\"},{\"@type\":\"Organization\",\"@id\":\"https:\/\/dev6.erresse-shop.it\/#organization\",\"name\":\"Erresse Shop\",\"url\":\"https:\/\/dev6.erresse-shop.it\/\",\"logo\":{\"@type\":\"ImageObject\",\"inLanguage\":\"de\",\"@id\":\"https:\/\/dev6.erresse-shop.it\/#\/schema\/logo\/image\/\",\"url\":\"https:\/\/dev6.erresse-shop.it\/wp-content\/uploads\/2025\/01\/LOGO-ERRESSE-CLASSICO.svg\",\"contentUrl\":\"https:\/\/dev6.erresse-shop.it\/wp-content\/uploads\/2025\/01\/LOGO-ERRESSE-CLASSICO.svg\",\"caption\":\"Erresse Shop\"},\"image\":{\"@id\":\"https:\/\/dev6.erresse-shop.it\/#\/schema\/logo\/image\/\"}}]}<\/script>\n<!-- \/ Yoast SEO plugin. -->","yoast_head_json":{"title":"ILLY Iperespresso Y3.3 Schwarz 14 Kapseln inbegriffen - dev6 Erresse","description":"Mit der neuen Y3.3 k\u00f6nnen Sie schnell und einfach eine perfekte Tasse Espresso und einen exzellenten Kaffee nach amerikanischer Art zubereiten. Durch","robots":{"index":"noindex","follow":"follow","max-snippet":"max-snippet:-1","max-image-preview":"max-image-preview:large","max-video-preview":"max-video-preview:-1"},"og_locale":"de_DE","og_type":"article","og_title":"ILLY Iperespresso Y3.3 Schwarz 14 Kapseln inbegriffen - dev6 Erresse","og_description":"Mit der neuen Y3.3 k\u00f6nnen Sie schnell und einfach eine perfekte Tasse Espresso und einen exzellenten Kaffee nach amerikanischer Art zubereiten. Durch","og_url":"https:\/\/dev6.erresse-shop.it\/de\/shop\/kleine-elektrogeraete\/kaffeemaschinen-espresso\/pads-und-kapseln\/illy-iperespresso-y3-3-schwarz-14-kapseln-inbegriffen\/","og_site_name":"dev6 Erresse","og_image":[{"url":"https:\/\/interpim.erresse-shop.it\/Import\/Prodotti\/illy-macchina-da-caffe-y3.3-nero.jpg","type":"","width":"","height":""},{"url":"https:\/\/interpim.erresse-shop.it\/Import\/Prodotti\/illy-macchina-da-caffe-y3.3-nero.jpg","width":1024,"height":1024,"type":"image\/jpeg"}],"twitter_card":"summary_large_image","twitter_image":"https:\/\/interpim.erresse-shop.it\/Import\/Prodotti\/illy-macchina-da-caffe-y3.3-nero.jpg","schema":{"@context":"https:\/\/schema.org","@graph":[{"@type":"WebPage","@id":"https:\/\/dev6.erresse-shop.it\/de\/shop\/kleine-elektrogeraete\/kaffeemaschinen-espresso\/pads-und-kapseln\/illy-iperespresso-y3-3-schwarz-14-kapseln-inbegriffen\/","url":"https:\/\/dev6.erresse-shop.it\/de\/shop\/kleine-elektrogeraete\/kaffeemaschinen-espresso\/pads-und-kapseln\/illy-iperespresso-y3-3-schwarz-14-kapseln-inbegriffen\/","name":"ILLY Iperespresso Y3.3 Schwarz 14 Kapseln inbegriffen - dev6 Erresse","isPartOf":{"@id":"https:\/\/dev6.erresse-shop.it\/#website"},"primaryImageOfPage":{"@id":"https:\/\/dev6.erresse-shop.it\/de\/shop\/kleine-elektrogeraete\/kaffeemaschinen-espresso\/pads-und-kapseln\/illy-iperespresso-y3-3-schwarz-14-kapseln-inbegriffen\/#primaryimage"},"image":{"@id":"https:\/\/dev6.erresse-shop.it\/de\/shop\/kleine-elektrogeraete\/kaffeemaschinen-espresso\/pads-und-kapseln\/illy-iperespresso-y3-3-schwarz-14-kapseln-inbegriffen\/#primaryimage"},"thumbnailUrl":"https:\/\/i1.wp.com\/interpim.erresse-shop.it\/Import\/Prodotti\/illy-macchina-da-caffe-y3.3-nero.jpg?ssl=1","datePublished":"2026-04-04T06:11:18+00:00","description":"Mit der neuen Y3.3 k\u00f6nnen Sie schnell und einfach eine perfekte Tasse Espresso und einen exzellenten Kaffee nach amerikanischer Art zubereiten. Durch","breadcrumb":{"@id":"https:\/\/dev6.erresse-shop.it\/de\/shop\/kleine-elektrogeraete\/kaffeemaschinen-espresso\/pads-und-kapseln\/illy-iperespresso-y3-3-schwarz-14-kapseln-inbegriffen\/#breadcrumb"},"inLanguage":"de","potentialAction":[{"@type":"ReadAction","target":["https:\/\/dev6.erresse-shop.it\/de\/shop\/kleine-elektrogeraete\/kaffeemaschinen-espresso\/pads-und-kapseln\/illy-iperespresso-y3-3-schwarz-14-kapseln-inbegriffen\/"]}]},{"@type":"ImageObject","inLanguage":"de","@id":"https:\/\/dev6.erresse-shop.it\/de\/shop\/kleine-elektrogeraete\/kaffeemaschinen-espresso\/pads-und-kapseln\/illy-iperespresso-y3-3-schwarz-14-kapseln-inbegriffen\/#primaryimage","url":"https:\/\/i1.wp.com\/interpim.erresse-shop.it\/Import\/Prodotti\/illy-macchina-da-caffe-y3.3-nero.jpg?ssl=1","contentUrl":"https:\/\/i1.wp.com\/interpim.erresse-shop.it\/Import\/Prodotti\/illy-macchina-da-caffe-y3.3-nero.jpg?ssl=1"},{"@type":"BreadcrumbList","@id":"https:\/\/dev6.erresse-shop.it\/de\/shop\/kleine-elektrogeraete\/kaffeemaschinen-espresso\/pads-und-kapseln\/illy-iperespresso-y3-3-schwarz-14-kapseln-inbegriffen\/#breadcrumb","itemListElement":[{"@type":"ListItem","position":1,"name":"Home","item":"https:\/\/dev6.erresse-shop.it\/"},{"@type":"ListItem","position":2,"name":"Shop","item":"https:\/\/dev6.erresse-shop.it\/shop\/"},{"@type":"ListItem","position":3,"name":"ILLY Iperespresso Y3.3 Schwarz 14 Kapseln inbegriffen"}]},{"@type":"WebSite","@id":"https:\/\/dev6.erresse-shop.it\/#website","url":"https:\/\/dev6.erresse-shop.it\/","name":"Erresse Shop","description":"","publisher":{"@id":"https:\/\/dev6.erresse-shop.it\/#organization"},"potentialAction":[{"@type":"SearchAction","target":{"@type":"EntryPoint","urlTemplate":"https:\/\/dev6.erresse-shop.it\/?s={search_term_string}"},"query-input":{"@type":"PropertyValueSpecification","valueRequired":true,"valueName":"search_term_string"}}],"inLanguage":"de"},{"@type":"Organization","@id":"https:\/\/dev6.erresse-shop.it\/#organization","name":"Erresse Shop","url":"https:\/\/dev6.erresse-shop.it\/","logo":{"@type":"ImageObject","inLanguage":"de","@id":"https:\/\/dev6.erresse-shop.it\/#\/schema\/logo\/image\/","url":"https:\/\/dev6.erresse-shop.it\/wp-content\/uploads\/2025\/01\/LOGO-ERRESSE-CLASSICO.svg","contentUrl":"https:\/\/dev6.erresse-shop.it\/wp-content\/uploads\/2025\/01\/LOGO-ERRESSE-CLASSICO.svg","caption":"Erresse Shop"},"image":{"@id":"https:\/\/dev6.erresse-shop.it\/#\/schema\/logo\/image\/"}}]}},"df_price":59.95,"df_sale_price":59.95,"df_regular_price":99,"df_image_link":"https:\/\/i1.wp.com\/interpim.erresse-shop.it\/Import\/Prodotti\/illy-macchina-da-caffe-y3.3-nero.jpg?resize=300,300&ssl=1","fifu_image_url":"https:\/\/interpim.erresse-shop.it\/Import\/Prodotti\/illy-macchina-da-caffe-y3.3-nero.jpg","_links":{"self":[{"href":"https:\/\/dev6.erresse-shop.it\/de\/wp-json\/wp\/v2\/product\/48563","targetHints":{"allow":["GET"]}}],"collection":[{"href":"https:\/\/dev6.erresse-shop.it\/de\/wp-json\/wp\/v2\/product"}],"about":[{"href":"https:\/\/dev6.erresse-shop.it\/de\/wp-json\/wp\/v2\/types\/product"}],"wp:featuredmedia":[{"embeddable":true,"href":"https:\/\/dev6.erresse-shop.it\/de\/wp-json\/wp\/v2\/media\/6259773"}],"wp:attachment":[{"href":"https:\/\/dev6.erresse-shop.it\/de\/wp-json\/wp\/v2\/media?parent=48563"}],"wp:term":[{"taxonomy":"product_cat","embeddable":true,"href":"https:\/\/dev6.erresse-shop.it\/de\/wp-json\/wp\/v2\/product_cat?post=48563"},{"taxonomy":"product_tag","embeddable":true,"href":"https:\/\/dev6.erresse-shop.it\/de\/wp-json\/wp\/v2\/product_tag?post=48563"}],"curies":[{"name":"wp","href":"https:\/\/api.w.org\/{rel}","templated":true}]}}