{"id":48533,"date":"2026-04-15T08:11:13","date_gmt":"2026-04-15T06:11:13","guid":{"rendered":"https:\/\/dev6.erresse-shop.it\/shop\/unkategorisiert\/smeg-kessel-pink-variable-temperatur-serie-50-jahre\/"},"modified":"2025-09-14T00:19:20","modified_gmt":"2025-09-13T22:19:20","slug":"smeg-kessel-pink-variable-temperatur-serie-50-jahre","status":"publish","type":"product","link":"https:\/\/dev6.erresse-shop.it\/de\/shop\/kleine-elektrogeraete\/elektrische-wasserkocher\/smeg-kessel-pink-variable-temperatur-serie-50-jahre\/","title":{"rendered":"SMEG Kessel Pink variable Temperatur Serie 50 Jahre"},"content":{"rendered":"<p>SMEG Serie 50 Jahre<\/p>\n<p>Ein symbolisches Treffen, Symbole, die den Raum, den sie einnehmen, die neue kleine Linie von 50 Jahren drehen, die in Zusammenarbeit mit Matthew Bazzicalupo und Raffaella Mangiarotti von deepdesign, die Vergangenheit evozieren und die Orte, an jedem Tag zu gestalten, auf eine neue Weise zu investieren, was bereits existiert oder existiert hat, wie es in der Kunst und Ged\u00e4chtnis geschieht.<br \/>\nProduziert von abgerundeten und kompakten Formen, sind die Protagonisten der K\u00fcche, f\u00fcr diejenigen, die eine Erfahrung Koch leben wollen aber nicht nur. F\u00fcr diejenigen, die sich mit Objekten mit einer starken \u00e4sthetischen Charakter zu umgeben, wie ohne den Blick f\u00fcr die qualitativ hochwertige Leistung zu verlieren.<\/p>\n<p>\u00c4sthetik<br \/>\n\u2013 Gl\u00e4nzender Edelstahlk\u00f6rper<br \/>\n\u2013 3D Logo<br \/>\n\u2013 Verchromte matte Basis<br \/>\n\u2013 Edelstahl-W\u00e4hlhebelknopf<br \/>\n\u2013 Beleuchtete Funktionstasten<br \/>\n\u2013 LED-Anzeigetemperatur<br \/>\n\u2013 Edelstahlauslauf<br \/>\n\u2013 Chromgriff<\/p>\n<p>Technische Eigenschaften<br \/>\n\u2013 Karaffenkapazit\u00e4t 1.7 Lt \/ 7 Schalen<br \/>\n\u2013 \u00d6ffnen mit Soft-Opening-System<br \/>\n\u2013 Doppelte Wasserstandsanzeige Lt \/ Cups<br \/>\n\u2013 Anti-Kalk-Filter aus Edelstahl, abnehmbar<br \/>\n\u2013 Automatische Abschaltung bei erreichter Temperatur<br \/>\n\u2013 Automatische Abschaltung in Abwesenheit von Wasser<br \/>\n\u2013 Basis mit 360 \u00b0 Anschluss<br \/>\n\u2013 Verborgener Widerstand<br \/>\n\u2013 Integriertes Windschutzscheibenfach<br \/>\n\u2013 rutschfeste F\u00fc\u00dfe<br \/>\n\u2013 Leistung 2400 W<\/p>\n<p>Funktionen<br \/>\n\u2013 7 Temperaturniveaus: 50 \u00b0 C, 60 \u00b0 C, 70 \u00b0 C, 80 \u00b0 C, 90 \u00b0 C, 95 \u00b0 C, 100 \u00b0 C<br \/>\n\u2013 Haltetemperatur bis zu 20 Minuten erreicht<br \/>\n\u2013 Akustisches Signal f\u00fcr Z\u00fcndung, Abschaltung, Zyklusstart, Zyklusende<br \/>\n\u2013 T\u00f6ne deaktivieren<\/p>\n<p>Allgemeine Spezifikation<br \/>\n\u2013 Abmessungen HxLxP 275x226x171 mm<br \/>\n\u2013 Nettogewicht 1,8 Kg<br \/>\n\u2013 Kabell\u00e4nge 1 m<\/p>\n<p>Elektronische Spezifikationen<br \/>\n\u2013 Spannung 220-240 V<br \/>\n\u2013 Frequenz 50\/60 Hz<br \/>\n\u2013 Stecker schuko<\/p>\n<p>Not for sale outside from Europe<\/p>\n","protected":false},"excerpt":{"rendered":"<p>SMEG Serie 50 Jahre Ein symbolisches Treffen, Symbole, die den Raum, den sie einnehmen, die neue kleine Linie von 50 Jahren drehen, die in Zusammenarbeit mit Matthew Bazzicalupo und Raffaella Mangiarotti von deepdesign, die Vergangenheit evozieren und die Orte, an jedem Tag zu gestalten, auf eine neue Weise zu investieren, was bereits existiert oder existiert [&hellip;]<\/p>\n","protected":false},"featured_media":6384582,"template":"","meta":{"_acf_changed":false},"product_cat":[11734,12166,12163],"product_tag":[],"class_list":{"0":"post-48533","1":"product","2":"type-product","3":"status-publish","4":"has-post-thumbnail","6":"product_cat-bollitori-elettrici","7":"product_cat-elektrische-wasserkocher","8":"product_cat-kleine-elektrogeraete","10":"first","11":"outofstock","12":"sale","13":"taxable","14":"shipping-taxable","15":"purchasable","16":"product-type-simple","swatches":"rey-swatches","show_selected":"","stretch_labels":"rey-swatches--stretch-labels"},"acf":[],"yoast_head":"<!-- This site is optimized with the Yoast SEO plugin v25.4 - https:\/\/yoast.com\/wordpress\/plugins\/seo\/ -->\n<title>SMEG Kessel Pink variable Temperatur Serie 50 Jahre - dev6 Erresse<\/title>\n<meta name=\"description\" content=\"SMEG Serie 50 Jahre Ein symbolisches Treffen, Symbole, die den Raum, den sie einnehmen, die neue kleine Linie von 50 Jahren drehen, die in Zusammenarbeit\" \/>\n<meta name=\"robots\" content=\"noindex, follow, max-snippet:-1, max-image-preview:large, max-video-preview:-1\" \/>\n<meta property=\"og:locale\" content=\"de_DE\" \/>\n<meta property=\"og:type\" content=\"article\" \/>\n<meta property=\"og:title\" content=\"SMEG Kessel Pink variable Temperatur Serie 50 Jahre - dev6 Erresse\" \/>\n<meta property=\"og:description\" content=\"SMEG Serie 50 Jahre Ein symbolisches Treffen, Symbole, die den Raum, den sie einnehmen, die neue kleine Linie von 50 Jahren drehen, die in Zusammenarbeit\" \/>\n<meta property=\"og:url\" content=\"https:\/\/dev6.erresse-shop.it\/de\/shop\/kleine-elektrogeraete\/elektrische-wasserkocher\/smeg-kessel-pink-variable-temperatur-serie-50-jahre\/\" \/>\n<meta property=\"og:site_name\" content=\"dev6 Erresse\" \/>\n<meta property=\"og:image\" content=\"https:\/\/interpim.erresse-shop.it\/wp-content\/uploads\/2017\/09\/SMEG-Estetica-Anni-50-Bollitore-Rosa-\u2013-Temperatura-variabile.jpg\/smeg-estetica-anni-50-bollitore-rosa--e2-80-93-temperatura-variabile.jpg\" \/><meta property=\"og:image\" content=\"https:\/\/interpim.erresse-shop.it\/wp-content\/uploads\/2017\/09\/SMEG-Estetica-Anni-50-Bollitore-Rosa-\u2013-Temperatura-variabile.jpg\/smeg-estetica-anni-50-bollitore-rosa--e2-80-93-temperatura-variabile.jpg\" \/>\n\t<meta property=\"og:image:width\" content=\"1024\" \/>\n\t<meta property=\"og:image:height\" content=\"1024\" \/>\n\t<meta property=\"og:image:type\" content=\"image\/jpeg\" \/>\n<meta name=\"twitter:card\" content=\"summary_large_image\" \/>\n<meta name=\"twitter:image\" content=\"https:\/\/interpim.erresse-shop.it\/wp-content\/uploads\/2017\/09\/SMEG-Estetica-Anni-50-Bollitore-Rosa-\u2013-Temperatura-variabile.jpg\/smeg-estetica-anni-50-bollitore-rosa--e2-80-93-temperatura-variabile.jpg\" \/>\n<script type=\"application\/ld+json\" class=\"yoast-schema-graph\">{\"@context\":\"https:\/\/schema.org\",\"@graph\":[{\"@type\":\"WebPage\",\"@id\":\"https:\/\/dev6.erresse-shop.it\/de\/shop\/kleine-elektrogeraete\/elektrische-wasserkocher\/smeg-kessel-pink-variable-temperatur-serie-50-jahre\/\",\"url\":\"https:\/\/dev6.erresse-shop.it\/de\/shop\/kleine-elektrogeraete\/elektrische-wasserkocher\/smeg-kessel-pink-variable-temperatur-serie-50-jahre\/\",\"name\":\"SMEG Kessel Pink variable Temperatur Serie 50 Jahre - dev6 Erresse\",\"isPartOf\":{\"@id\":\"https:\/\/dev6.erresse-shop.it\/#website\"},\"primaryImageOfPage\":{\"@id\":\"https:\/\/dev6.erresse-shop.it\/de\/shop\/kleine-elektrogeraete\/elektrische-wasserkocher\/smeg-kessel-pink-variable-temperatur-serie-50-jahre\/#primaryimage\"},\"image\":{\"@id\":\"https:\/\/dev6.erresse-shop.it\/de\/shop\/kleine-elektrogeraete\/elektrische-wasserkocher\/smeg-kessel-pink-variable-temperatur-serie-50-jahre\/#primaryimage\"},\"thumbnailUrl\":\"https:\/\/i3.wp.com\/interpim.erresse-shop.it\/wp-content\/uploads\/2017\/09\/SMEG-Estetica-Anni-50-Bollitore-Rosa-\u2013-Temperatura-variabile.jpg\/smeg-estetica-anni-50-bollitore-rosa--e2-80-93-temperatura-variabile.jpg?ssl=1\",\"datePublished\":\"2026-04-15T06:11:13+00:00\",\"description\":\"SMEG Serie 50 Jahre Ein symbolisches Treffen, Symbole, die den Raum, den sie einnehmen, die neue kleine Linie von 50 Jahren drehen, die in Zusammenarbeit\",\"breadcrumb\":{\"@id\":\"https:\/\/dev6.erresse-shop.it\/de\/shop\/kleine-elektrogeraete\/elektrische-wasserkocher\/smeg-kessel-pink-variable-temperatur-serie-50-jahre\/#breadcrumb\"},\"inLanguage\":\"de\",\"potentialAction\":[{\"@type\":\"ReadAction\",\"target\":[\"https:\/\/dev6.erresse-shop.it\/de\/shop\/kleine-elektrogeraete\/elektrische-wasserkocher\/smeg-kessel-pink-variable-temperatur-serie-50-jahre\/\"]}]},{\"@type\":\"ImageObject\",\"inLanguage\":\"de\",\"@id\":\"https:\/\/dev6.erresse-shop.it\/de\/shop\/kleine-elektrogeraete\/elektrische-wasserkocher\/smeg-kessel-pink-variable-temperatur-serie-50-jahre\/#primaryimage\",\"url\":\"https:\/\/i3.wp.com\/interpim.erresse-shop.it\/wp-content\/uploads\/2017\/09\/SMEG-Estetica-Anni-50-Bollitore-Rosa-\u2013-Temperatura-variabile.jpg\/smeg-estetica-anni-50-bollitore-rosa--e2-80-93-temperatura-variabile.jpg?ssl=1\",\"contentUrl\":\"https:\/\/i3.wp.com\/interpim.erresse-shop.it\/wp-content\/uploads\/2017\/09\/SMEG-Estetica-Anni-50-Bollitore-Rosa-\u2013-Temperatura-variabile.jpg\/smeg-estetica-anni-50-bollitore-rosa--e2-80-93-temperatura-variabile.jpg?ssl=1\"},{\"@type\":\"BreadcrumbList\",\"@id\":\"https:\/\/dev6.erresse-shop.it\/de\/shop\/kleine-elektrogeraete\/elektrische-wasserkocher\/smeg-kessel-pink-variable-temperatur-serie-50-jahre\/#breadcrumb\",\"itemListElement\":[{\"@type\":\"ListItem\",\"position\":1,\"name\":\"Home\",\"item\":\"https:\/\/dev6.erresse-shop.it\/\"},{\"@type\":\"ListItem\",\"position\":2,\"name\":\"Shop\",\"item\":\"https:\/\/dev6.erresse-shop.it\/shop\/\"},{\"@type\":\"ListItem\",\"position\":3,\"name\":\"SMEG Kessel Pink variable Temperatur Serie 50 Jahre\"}]},{\"@type\":\"WebSite\",\"@id\":\"https:\/\/dev6.erresse-shop.it\/#website\",\"url\":\"https:\/\/dev6.erresse-shop.it\/\",\"name\":\"Erresse Shop\",\"description\":\"\",\"publisher\":{\"@id\":\"https:\/\/dev6.erresse-shop.it\/#organization\"},\"potentialAction\":[{\"@type\":\"SearchAction\",\"target\":{\"@type\":\"EntryPoint\",\"urlTemplate\":\"https:\/\/dev6.erresse-shop.it\/?s={search_term_string}\"},\"query-input\":{\"@type\":\"PropertyValueSpecification\",\"valueRequired\":true,\"valueName\":\"search_term_string\"}}],\"inLanguage\":\"de\"},{\"@type\":\"Organization\",\"@id\":\"https:\/\/dev6.erresse-shop.it\/#organization\",\"name\":\"Erresse Shop\",\"url\":\"https:\/\/dev6.erresse-shop.it\/\",\"logo\":{\"@type\":\"ImageObject\",\"inLanguage\":\"de\",\"@id\":\"https:\/\/dev6.erresse-shop.it\/#\/schema\/logo\/image\/\",\"url\":\"https:\/\/dev6.erresse-shop.it\/wp-content\/uploads\/2025\/01\/LOGO-ERRESSE-CLASSICO.svg\",\"contentUrl\":\"https:\/\/dev6.erresse-shop.it\/wp-content\/uploads\/2025\/01\/LOGO-ERRESSE-CLASSICO.svg\",\"caption\":\"Erresse Shop\"},\"image\":{\"@id\":\"https:\/\/dev6.erresse-shop.it\/#\/schema\/logo\/image\/\"}}]}<\/script>\n<!-- \/ Yoast SEO plugin. -->","yoast_head_json":{"title":"SMEG Kessel Pink variable Temperatur Serie 50 Jahre - dev6 Erresse","description":"SMEG Serie 50 Jahre Ein symbolisches Treffen, Symbole, die den Raum, den sie einnehmen, die neue kleine Linie von 50 Jahren drehen, die in Zusammenarbeit","robots":{"index":"noindex","follow":"follow","max-snippet":"max-snippet:-1","max-image-preview":"max-image-preview:large","max-video-preview":"max-video-preview:-1"},"og_locale":"de_DE","og_type":"article","og_title":"SMEG Kessel Pink variable Temperatur Serie 50 Jahre - dev6 Erresse","og_description":"SMEG Serie 50 Jahre Ein symbolisches Treffen, Symbole, die den Raum, den sie einnehmen, die neue kleine Linie von 50 Jahren drehen, die in Zusammenarbeit","og_url":"https:\/\/dev6.erresse-shop.it\/de\/shop\/kleine-elektrogeraete\/elektrische-wasserkocher\/smeg-kessel-pink-variable-temperatur-serie-50-jahre\/","og_site_name":"dev6 Erresse","og_image":[{"url":"https:\/\/interpim.erresse-shop.it\/wp-content\/uploads\/2017\/09\/SMEG-Estetica-Anni-50-Bollitore-Rosa-\u2013-Temperatura-variabile.jpg\/smeg-estetica-anni-50-bollitore-rosa--e2-80-93-temperatura-variabile.jpg","type":"","width":"","height":""},{"url":"https:\/\/interpim.erresse-shop.it\/wp-content\/uploads\/2017\/09\/SMEG-Estetica-Anni-50-Bollitore-Rosa-\u2013-Temperatura-variabile.jpg\/smeg-estetica-anni-50-bollitore-rosa--e2-80-93-temperatura-variabile.jpg","width":1024,"height":1024,"type":"image\/jpeg"}],"twitter_card":"summary_large_image","twitter_image":"https:\/\/interpim.erresse-shop.it\/wp-content\/uploads\/2017\/09\/SMEG-Estetica-Anni-50-Bollitore-Rosa-\u2013-Temperatura-variabile.jpg\/smeg-estetica-anni-50-bollitore-rosa--e2-80-93-temperatura-variabile.jpg","schema":{"@context":"https:\/\/schema.org","@graph":[{"@type":"WebPage","@id":"https:\/\/dev6.erresse-shop.it\/de\/shop\/kleine-elektrogeraete\/elektrische-wasserkocher\/smeg-kessel-pink-variable-temperatur-serie-50-jahre\/","url":"https:\/\/dev6.erresse-shop.it\/de\/shop\/kleine-elektrogeraete\/elektrische-wasserkocher\/smeg-kessel-pink-variable-temperatur-serie-50-jahre\/","name":"SMEG Kessel Pink variable Temperatur Serie 50 Jahre - dev6 Erresse","isPartOf":{"@id":"https:\/\/dev6.erresse-shop.it\/#website"},"primaryImageOfPage":{"@id":"https:\/\/dev6.erresse-shop.it\/de\/shop\/kleine-elektrogeraete\/elektrische-wasserkocher\/smeg-kessel-pink-variable-temperatur-serie-50-jahre\/#primaryimage"},"image":{"@id":"https:\/\/dev6.erresse-shop.it\/de\/shop\/kleine-elektrogeraete\/elektrische-wasserkocher\/smeg-kessel-pink-variable-temperatur-serie-50-jahre\/#primaryimage"},"thumbnailUrl":"https:\/\/i3.wp.com\/interpim.erresse-shop.it\/wp-content\/uploads\/2017\/09\/SMEG-Estetica-Anni-50-Bollitore-Rosa-\u2013-Temperatura-variabile.jpg\/smeg-estetica-anni-50-bollitore-rosa--e2-80-93-temperatura-variabile.jpg?ssl=1","datePublished":"2026-04-15T06:11:13+00:00","description":"SMEG Serie 50 Jahre Ein symbolisches Treffen, Symbole, die den Raum, den sie einnehmen, die neue kleine Linie von 50 Jahren drehen, die in Zusammenarbeit","breadcrumb":{"@id":"https:\/\/dev6.erresse-shop.it\/de\/shop\/kleine-elektrogeraete\/elektrische-wasserkocher\/smeg-kessel-pink-variable-temperatur-serie-50-jahre\/#breadcrumb"},"inLanguage":"de","potentialAction":[{"@type":"ReadAction","target":["https:\/\/dev6.erresse-shop.it\/de\/shop\/kleine-elektrogeraete\/elektrische-wasserkocher\/smeg-kessel-pink-variable-temperatur-serie-50-jahre\/"]}]},{"@type":"ImageObject","inLanguage":"de","@id":"https:\/\/dev6.erresse-shop.it\/de\/shop\/kleine-elektrogeraete\/elektrische-wasserkocher\/smeg-kessel-pink-variable-temperatur-serie-50-jahre\/#primaryimage","url":"https:\/\/i3.wp.com\/interpim.erresse-shop.it\/wp-content\/uploads\/2017\/09\/SMEG-Estetica-Anni-50-Bollitore-Rosa-\u2013-Temperatura-variabile.jpg\/smeg-estetica-anni-50-bollitore-rosa--e2-80-93-temperatura-variabile.jpg?ssl=1","contentUrl":"https:\/\/i3.wp.com\/interpim.erresse-shop.it\/wp-content\/uploads\/2017\/09\/SMEG-Estetica-Anni-50-Bollitore-Rosa-\u2013-Temperatura-variabile.jpg\/smeg-estetica-anni-50-bollitore-rosa--e2-80-93-temperatura-variabile.jpg?ssl=1"},{"@type":"BreadcrumbList","@id":"https:\/\/dev6.erresse-shop.it\/de\/shop\/kleine-elektrogeraete\/elektrische-wasserkocher\/smeg-kessel-pink-variable-temperatur-serie-50-jahre\/#breadcrumb","itemListElement":[{"@type":"ListItem","position":1,"name":"Home","item":"https:\/\/dev6.erresse-shop.it\/"},{"@type":"ListItem","position":2,"name":"Shop","item":"https:\/\/dev6.erresse-shop.it\/shop\/"},{"@type":"ListItem","position":3,"name":"SMEG Kessel Pink variable Temperatur Serie 50 Jahre"}]},{"@type":"WebSite","@id":"https:\/\/dev6.erresse-shop.it\/#website","url":"https:\/\/dev6.erresse-shop.it\/","name":"Erresse Shop","description":"","publisher":{"@id":"https:\/\/dev6.erresse-shop.it\/#organization"},"potentialAction":[{"@type":"SearchAction","target":{"@type":"EntryPoint","urlTemplate":"https:\/\/dev6.erresse-shop.it\/?s={search_term_string}"},"query-input":{"@type":"PropertyValueSpecification","valueRequired":true,"valueName":"search_term_string"}}],"inLanguage":"de"},{"@type":"Organization","@id":"https:\/\/dev6.erresse-shop.it\/#organization","name":"Erresse Shop","url":"https:\/\/dev6.erresse-shop.it\/","logo":{"@type":"ImageObject","inLanguage":"de","@id":"https:\/\/dev6.erresse-shop.it\/#\/schema\/logo\/image\/","url":"https:\/\/dev6.erresse-shop.it\/wp-content\/uploads\/2025\/01\/LOGO-ERRESSE-CLASSICO.svg","contentUrl":"https:\/\/dev6.erresse-shop.it\/wp-content\/uploads\/2025\/01\/LOGO-ERRESSE-CLASSICO.svg","caption":"Erresse Shop"},"image":{"@id":"https:\/\/dev6.erresse-shop.it\/#\/schema\/logo\/image\/"}}]}},"df_price":179.95,"df_sale_price":179.95,"df_regular_price":199,"df_image_link":"https:\/\/i3.wp.com\/interpim.erresse-shop.it\/wp-content\/uploads\/2017\/09\/SMEG-Estetica-Anni-50-Bollitore-Rosa-\u2013-Temperatura-variabile.jpg\/smeg-estetica-anni-50-bollitore-rosa--e2-80-93-temperatura-variabile.jpg?resize=300,300&ssl=1","fifu_image_url":"https:\/\/interpim.erresse-shop.it\/wp-content\/uploads\/2017\/09\/SMEG-Estetica-Anni-50-Bollitore-Rosa-\u2013-Temperatura-variabile.jpg\/smeg-estetica-anni-50-bollitore-rosa--e2-80-93-temperatura-variabile.jpg","_links":{"self":[{"href":"https:\/\/dev6.erresse-shop.it\/de\/wp-json\/wp\/v2\/product\/48533","targetHints":{"allow":["GET"]}}],"collection":[{"href":"https:\/\/dev6.erresse-shop.it\/de\/wp-json\/wp\/v2\/product"}],"about":[{"href":"https:\/\/dev6.erresse-shop.it\/de\/wp-json\/wp\/v2\/types\/product"}],"wp:featuredmedia":[{"embeddable":true,"href":"https:\/\/dev6.erresse-shop.it\/de\/wp-json\/wp\/v2\/media\/6384582"}],"wp:attachment":[{"href":"https:\/\/dev6.erresse-shop.it\/de\/wp-json\/wp\/v2\/media?parent=48533"}],"wp:term":[{"taxonomy":"product_cat","embeddable":true,"href":"https:\/\/dev6.erresse-shop.it\/de\/wp-json\/wp\/v2\/product_cat?post=48533"},{"taxonomy":"product_tag","embeddable":true,"href":"https:\/\/dev6.erresse-shop.it\/de\/wp-json\/wp\/v2\/product_tag?post=48533"}],"curies":[{"name":"wp","href":"https:\/\/api.w.org\/{rel}","templated":true}]}}