{"id":48473,"date":"2026-04-23T02:18:50","date_gmt":"2026-04-23T00:18:50","guid":{"rendered":"https:\/\/dev6.erresse-shop.it\/shop\/unkategorisiert\/miyabi-4000-fc-sujihiki-240mm\/"},"modified":"2025-09-14T00:18:39","modified_gmt":"2025-09-13T22:18:39","slug":"miyabi-4000-fc-sujihiki-240mm","status":"publish","type":"product","link":"https:\/\/dev6.erresse-shop.it\/de\/shop\/kuche\/messer\/kuechenmesser\/miyabi-4000-fc-sujihiki-240mm\/","title":{"rendered":"MIYABI 4000 FC Sujihiki 240mm"},"content":{"rendered":"<p>Die Marke Miyabi mit ihrem Statement \u201eThe Beauty of Sharpness\u201c spiegelt Werte wider, die in der japanischen Kultur besonders hoch gesch\u00e4tzt werden. Sie steht f\u00fcr Reinheit, Anmut und Eleganz. Die Messer von Miyabi vereinen Sch\u00f6nheit und au\u00dfergew\u00f6hnliche Sch\u00e4rfe zugleich. Sie folgen damit der uralten Tradition der Meister, die einst die besten japanischen Schwerter gefertigt haben. Miyabi Messer sind authentisch. Sie werden von Japanern entworfen und in ZWILLING eigenen Fabriken in Japan hergestellt.<\/p>\n<p>Die MIYABI 4000FC Messerserie bringt Ihnen eine traditionsreiche japanische Handwerkskunst n\u00e4her, in der sich jedes Messer durch Sch\u00f6nheit und Sch\u00e4rfe auszeichnet. Dazu z\u00e4hlt auch dieses Sujihiki mit einer Klingenl\u00e4nge von 240 mm und beidseitig abgezogener, langer schmaler Klinge. Mit seiner Form und Flexibilit\u00e4t eignet es sich hervorragend zum Schneiden und Tranchieren aller Fisch- und Fleischarten.<br \/>\nDie FRIODUR Messerklinge ist aus FC61-Stahl gefertigt. Dieser wurde zweifach eisgeh\u00e4rtet, um ihm hohe H\u00e4rte und Haltbarkeit zu verleihen. Eine weitere Besonderheit ist der extrem feine Katana-Edge-Schliff. Kenner sch\u00e4tzen diesen Schliff wegen seiner hohen Sch\u00e4rfe und Schnitthaltigkeit, den man \u00fcbrigens auch bei japanischen Schwertern findet. Mit seiner unverkennbaren Optik gilt der Katana-Edge-Schliff als Zeichen meisterlichen Messerhandwerks.\u00a0<br \/>\nNicht nur aus \u00e4sthetischen Gr\u00fcnden ist das MIYABI 4000FC mit einem achteckig geformten Griff und Kropf ausgestattet: Schon beim ersten Schnitt sp\u00fcren Sie, wie komfortabel und sicher das japanische Kochmesser in der Hand liegt. Und auch l\u00e4ngeres Arbeiten in der K\u00fcche gelingt erm\u00fcdungsfrei. Beim Holzgriff handelt es sich \u00fcbrigens um impr\u00e4gniertes, formstabiles Pakkaholz, veredelt mit einem Mosaikpin.<br \/>\nF\u00fcr alle MIYABI Messer gilt \u201emade in Japan\u201c. ZWILLING l\u00e4sst in einer eigenen Manufaktur im japanischen Seki fertigen und bringt dabei die deutsche Ingenieurskunst aus Solingen ein.<\/p>\n<p>\u2013 Sujihiki mit 240 mm Klingenl\u00e4nge<br \/>\n\u2013 FRIODUR Messerklinge aus FC61-Spezialstahl mit zweifacher Eish\u00e4rtung<br \/>\n\u2013 Katana-Edge-Schliff, sehr scharf und lange schnitthaltig<br \/>\n\u2013 Achteckig geformter Pakkaholzgriff und Kropf \u2013 funktional und edel<br \/>\n\u2013 Eingraviertes MIYABI Logo als Qualit\u00e4tsmerkmal<\/p>\n","protected":false},"excerpt":{"rendered":"<p>Die Marke Miyabi mit ihrem Statement \u201eThe Beauty of Sharpness\u201c spiegelt Werte wider, die in der japanischen Kultur besonders hoch gesch\u00e4tzt werden. Sie steht f\u00fcr Reinheit, Anmut und Eleganz. Die Messer von Miyabi vereinen Sch\u00f6nheit und au\u00dfergew\u00f6hnliche Sch\u00e4rfe zugleich. Sie folgen damit der uralten Tradition der Meister, die einst die besten japanischen Schwerter gefertigt haben. [&hellip;]<\/p>\n","protected":false},"featured_media":6840259,"template":"","meta":{"_acf_changed":false},"product_cat":[12100,12105],"product_tag":[],"class_list":{"0":"post-48473","1":"product","2":"type-product","3":"status-publish","4":"has-post-thumbnail","6":"product_cat-kuche","7":"product_cat-kuechenmesser","9":"first","10":"outofstock","11":"sale","12":"taxable","13":"shipping-taxable","14":"purchasable","15":"product-type-simple","swatches":"rey-swatches","show_selected":"","stretch_labels":"rey-swatches--stretch-labels"},"acf":[],"yoast_head":"<!-- This site is optimized with the Yoast SEO plugin v25.4 - https:\/\/yoast.com\/wordpress\/plugins\/seo\/ -->\n<title>MIYABI 4000 FC Sujihiki 240mm - dev6 Erresse<\/title>\n<meta name=\"description\" content=\"Die Marke Miyabi mit ihrem Statement \u201eThe Beauty of Sharpness\u201c spiegelt Werte wider, die in der japanischen Kultur besonders hoch gesch\u00e4tzt werden. Sie\" \/>\n<meta name=\"robots\" content=\"noindex, follow, max-snippet:-1, max-image-preview:large, max-video-preview:-1\" \/>\n<meta property=\"og:locale\" content=\"de_DE\" \/>\n<meta property=\"og:type\" content=\"article\" \/>\n<meta property=\"og:title\" content=\"MIYABI 4000 FC Sujihiki 240mm - dev6 Erresse\" \/>\n<meta property=\"og:description\" content=\"Die Marke Miyabi mit ihrem Statement \u201eThe Beauty of Sharpness\u201c spiegelt Werte wider, die in der japanischen Kultur besonders hoch gesch\u00e4tzt werden. Sie\" \/>\n<meta property=\"og:url\" content=\"https:\/\/dev6.erresse-shop.it\/de\/shop\/kuche\/messer\/kuechenmesser\/miyabi-4000-fc-sujihiki-240mm\/\" \/>\n<meta property=\"og:site_name\" content=\"dev6 Erresse\" \/>\n<meta property=\"og:image\" content=\"https:\/\/interpim.erresse-shop.it\/Import\/Prodotti\/products-33950-241.jpg\" \/><meta property=\"og:image\" content=\"https:\/\/interpim.erresse-shop.it\/Import\/Prodotti\/products-33950-241.jpg\" \/>\n\t<meta property=\"og:image:width\" content=\"1024\" \/>\n\t<meta property=\"og:image:height\" content=\"1024\" \/>\n\t<meta property=\"og:image:type\" content=\"image\/jpeg\" \/>\n<meta name=\"twitter:card\" content=\"summary_large_image\" \/>\n<meta name=\"twitter:image\" content=\"https:\/\/interpim.erresse-shop.it\/Import\/Prodotti\/products-33950-241.jpg\" \/>\n<script type=\"application\/ld+json\" class=\"yoast-schema-graph\">{\"@context\":\"https:\/\/schema.org\",\"@graph\":[{\"@type\":\"WebPage\",\"@id\":\"https:\/\/dev6.erresse-shop.it\/de\/shop\/kuche\/messer\/kuechenmesser\/miyabi-4000-fc-sujihiki-240mm\/\",\"url\":\"https:\/\/dev6.erresse-shop.it\/de\/shop\/kuche\/messer\/kuechenmesser\/miyabi-4000-fc-sujihiki-240mm\/\",\"name\":\"MIYABI 4000 FC Sujihiki 240mm - dev6 Erresse\",\"isPartOf\":{\"@id\":\"https:\/\/dev6.erresse-shop.it\/#website\"},\"primaryImageOfPage\":{\"@id\":\"https:\/\/dev6.erresse-shop.it\/de\/shop\/kuche\/messer\/kuechenmesser\/miyabi-4000-fc-sujihiki-240mm\/#primaryimage\"},\"image\":{\"@id\":\"https:\/\/dev6.erresse-shop.it\/de\/shop\/kuche\/messer\/kuechenmesser\/miyabi-4000-fc-sujihiki-240mm\/#primaryimage\"},\"thumbnailUrl\":\"https:\/\/i1.wp.com\/interpim.erresse-shop.it\/Import\/Prodotti\/products-33950-241.jpg?ssl=1\",\"datePublished\":\"2026-04-23T00:18:50+00:00\",\"description\":\"Die Marke Miyabi mit ihrem Statement \u201eThe Beauty of Sharpness\u201c spiegelt Werte wider, die in der japanischen Kultur besonders hoch gesch\u00e4tzt werden. Sie\",\"breadcrumb\":{\"@id\":\"https:\/\/dev6.erresse-shop.it\/de\/shop\/kuche\/messer\/kuechenmesser\/miyabi-4000-fc-sujihiki-240mm\/#breadcrumb\"},\"inLanguage\":\"de\",\"potentialAction\":[{\"@type\":\"ReadAction\",\"target\":[\"https:\/\/dev6.erresse-shop.it\/de\/shop\/kuche\/messer\/kuechenmesser\/miyabi-4000-fc-sujihiki-240mm\/\"]}]},{\"@type\":\"ImageObject\",\"inLanguage\":\"de\",\"@id\":\"https:\/\/dev6.erresse-shop.it\/de\/shop\/kuche\/messer\/kuechenmesser\/miyabi-4000-fc-sujihiki-240mm\/#primaryimage\",\"url\":\"https:\/\/i1.wp.com\/interpim.erresse-shop.it\/Import\/Prodotti\/products-33950-241.jpg?ssl=1\",\"contentUrl\":\"https:\/\/i1.wp.com\/interpim.erresse-shop.it\/Import\/Prodotti\/products-33950-241.jpg?ssl=1\"},{\"@type\":\"BreadcrumbList\",\"@id\":\"https:\/\/dev6.erresse-shop.it\/de\/shop\/kuche\/messer\/kuechenmesser\/miyabi-4000-fc-sujihiki-240mm\/#breadcrumb\",\"itemListElement\":[{\"@type\":\"ListItem\",\"position\":1,\"name\":\"Home\",\"item\":\"https:\/\/dev6.erresse-shop.it\/\"},{\"@type\":\"ListItem\",\"position\":2,\"name\":\"Shop\",\"item\":\"https:\/\/dev6.erresse-shop.it\/shop\/\"},{\"@type\":\"ListItem\",\"position\":3,\"name\":\"MIYABI 4000 FC Sujihiki 240mm\"}]},{\"@type\":\"WebSite\",\"@id\":\"https:\/\/dev6.erresse-shop.it\/#website\",\"url\":\"https:\/\/dev6.erresse-shop.it\/\",\"name\":\"Erresse Shop\",\"description\":\"\",\"publisher\":{\"@id\":\"https:\/\/dev6.erresse-shop.it\/#organization\"},\"potentialAction\":[{\"@type\":\"SearchAction\",\"target\":{\"@type\":\"EntryPoint\",\"urlTemplate\":\"https:\/\/dev6.erresse-shop.it\/?s={search_term_string}\"},\"query-input\":{\"@type\":\"PropertyValueSpecification\",\"valueRequired\":true,\"valueName\":\"search_term_string\"}}],\"inLanguage\":\"de\"},{\"@type\":\"Organization\",\"@id\":\"https:\/\/dev6.erresse-shop.it\/#organization\",\"name\":\"Erresse Shop\",\"url\":\"https:\/\/dev6.erresse-shop.it\/\",\"logo\":{\"@type\":\"ImageObject\",\"inLanguage\":\"de\",\"@id\":\"https:\/\/dev6.erresse-shop.it\/#\/schema\/logo\/image\/\",\"url\":\"https:\/\/dev6.erresse-shop.it\/wp-content\/uploads\/2025\/01\/LOGO-ERRESSE-CLASSICO.svg\",\"contentUrl\":\"https:\/\/dev6.erresse-shop.it\/wp-content\/uploads\/2025\/01\/LOGO-ERRESSE-CLASSICO.svg\",\"caption\":\"Erresse Shop\"},\"image\":{\"@id\":\"https:\/\/dev6.erresse-shop.it\/#\/schema\/logo\/image\/\"}}]}<\/script>\n<!-- \/ Yoast SEO plugin. -->","yoast_head_json":{"title":"MIYABI 4000 FC Sujihiki 240mm - dev6 Erresse","description":"Die Marke Miyabi mit ihrem Statement \u201eThe Beauty of Sharpness\u201c spiegelt Werte wider, die in der japanischen Kultur besonders hoch gesch\u00e4tzt werden. Sie","robots":{"index":"noindex","follow":"follow","max-snippet":"max-snippet:-1","max-image-preview":"max-image-preview:large","max-video-preview":"max-video-preview:-1"},"og_locale":"de_DE","og_type":"article","og_title":"MIYABI 4000 FC Sujihiki 240mm - dev6 Erresse","og_description":"Die Marke Miyabi mit ihrem Statement \u201eThe Beauty of Sharpness\u201c spiegelt Werte wider, die in der japanischen Kultur besonders hoch gesch\u00e4tzt werden. Sie","og_url":"https:\/\/dev6.erresse-shop.it\/de\/shop\/kuche\/messer\/kuechenmesser\/miyabi-4000-fc-sujihiki-240mm\/","og_site_name":"dev6 Erresse","og_image":[{"url":"https:\/\/interpim.erresse-shop.it\/Import\/Prodotti\/products-33950-241.jpg","type":"","width":"","height":""},{"url":"https:\/\/interpim.erresse-shop.it\/Import\/Prodotti\/products-33950-241.jpg","width":1024,"height":1024,"type":"image\/jpeg"}],"twitter_card":"summary_large_image","twitter_image":"https:\/\/interpim.erresse-shop.it\/Import\/Prodotti\/products-33950-241.jpg","schema":{"@context":"https:\/\/schema.org","@graph":[{"@type":"WebPage","@id":"https:\/\/dev6.erresse-shop.it\/de\/shop\/kuche\/messer\/kuechenmesser\/miyabi-4000-fc-sujihiki-240mm\/","url":"https:\/\/dev6.erresse-shop.it\/de\/shop\/kuche\/messer\/kuechenmesser\/miyabi-4000-fc-sujihiki-240mm\/","name":"MIYABI 4000 FC Sujihiki 240mm - dev6 Erresse","isPartOf":{"@id":"https:\/\/dev6.erresse-shop.it\/#website"},"primaryImageOfPage":{"@id":"https:\/\/dev6.erresse-shop.it\/de\/shop\/kuche\/messer\/kuechenmesser\/miyabi-4000-fc-sujihiki-240mm\/#primaryimage"},"image":{"@id":"https:\/\/dev6.erresse-shop.it\/de\/shop\/kuche\/messer\/kuechenmesser\/miyabi-4000-fc-sujihiki-240mm\/#primaryimage"},"thumbnailUrl":"https:\/\/i1.wp.com\/interpim.erresse-shop.it\/Import\/Prodotti\/products-33950-241.jpg?ssl=1","datePublished":"2026-04-23T00:18:50+00:00","description":"Die Marke Miyabi mit ihrem Statement \u201eThe Beauty of Sharpness\u201c spiegelt Werte wider, die in der japanischen Kultur besonders hoch gesch\u00e4tzt werden. Sie","breadcrumb":{"@id":"https:\/\/dev6.erresse-shop.it\/de\/shop\/kuche\/messer\/kuechenmesser\/miyabi-4000-fc-sujihiki-240mm\/#breadcrumb"},"inLanguage":"de","potentialAction":[{"@type":"ReadAction","target":["https:\/\/dev6.erresse-shop.it\/de\/shop\/kuche\/messer\/kuechenmesser\/miyabi-4000-fc-sujihiki-240mm\/"]}]},{"@type":"ImageObject","inLanguage":"de","@id":"https:\/\/dev6.erresse-shop.it\/de\/shop\/kuche\/messer\/kuechenmesser\/miyabi-4000-fc-sujihiki-240mm\/#primaryimage","url":"https:\/\/i1.wp.com\/interpim.erresse-shop.it\/Import\/Prodotti\/products-33950-241.jpg?ssl=1","contentUrl":"https:\/\/i1.wp.com\/interpim.erresse-shop.it\/Import\/Prodotti\/products-33950-241.jpg?ssl=1"},{"@type":"BreadcrumbList","@id":"https:\/\/dev6.erresse-shop.it\/de\/shop\/kuche\/messer\/kuechenmesser\/miyabi-4000-fc-sujihiki-240mm\/#breadcrumb","itemListElement":[{"@type":"ListItem","position":1,"name":"Home","item":"https:\/\/dev6.erresse-shop.it\/"},{"@type":"ListItem","position":2,"name":"Shop","item":"https:\/\/dev6.erresse-shop.it\/shop\/"},{"@type":"ListItem","position":3,"name":"MIYABI 4000 FC Sujihiki 240mm"}]},{"@type":"WebSite","@id":"https:\/\/dev6.erresse-shop.it\/#website","url":"https:\/\/dev6.erresse-shop.it\/","name":"Erresse Shop","description":"","publisher":{"@id":"https:\/\/dev6.erresse-shop.it\/#organization"},"potentialAction":[{"@type":"SearchAction","target":{"@type":"EntryPoint","urlTemplate":"https:\/\/dev6.erresse-shop.it\/?s={search_term_string}"},"query-input":{"@type":"PropertyValueSpecification","valueRequired":true,"valueName":"search_term_string"}}],"inLanguage":"de"},{"@type":"Organization","@id":"https:\/\/dev6.erresse-shop.it\/#organization","name":"Erresse Shop","url":"https:\/\/dev6.erresse-shop.it\/","logo":{"@type":"ImageObject","inLanguage":"de","@id":"https:\/\/dev6.erresse-shop.it\/#\/schema\/logo\/image\/","url":"https:\/\/dev6.erresse-shop.it\/wp-content\/uploads\/2025\/01\/LOGO-ERRESSE-CLASSICO.svg","contentUrl":"https:\/\/dev6.erresse-shop.it\/wp-content\/uploads\/2025\/01\/LOGO-ERRESSE-CLASSICO.svg","caption":"Erresse Shop"},"image":{"@id":"https:\/\/dev6.erresse-shop.it\/#\/schema\/logo\/image\/"}}]}},"df_price":139,"df_sale_price":139,"df_regular_price":184,"df_image_link":"https:\/\/i1.wp.com\/interpim.erresse-shop.it\/Import\/Prodotti\/products-33950-241.jpg?resize=300,300&ssl=1","fifu_image_url":"https:\/\/interpim.erresse-shop.it\/Import\/Prodotti\/products-33950-241.jpg","_links":{"self":[{"href":"https:\/\/dev6.erresse-shop.it\/de\/wp-json\/wp\/v2\/product\/48473","targetHints":{"allow":["GET"]}}],"collection":[{"href":"https:\/\/dev6.erresse-shop.it\/de\/wp-json\/wp\/v2\/product"}],"about":[{"href":"https:\/\/dev6.erresse-shop.it\/de\/wp-json\/wp\/v2\/types\/product"}],"wp:featuredmedia":[{"embeddable":true,"href":"https:\/\/dev6.erresse-shop.it\/de\/wp-json\/wp\/v2\/media\/6840259"}],"wp:attachment":[{"href":"https:\/\/dev6.erresse-shop.it\/de\/wp-json\/wp\/v2\/media?parent=48473"}],"wp:term":[{"taxonomy":"product_cat","embeddable":true,"href":"https:\/\/dev6.erresse-shop.it\/de\/wp-json\/wp\/v2\/product_cat?post=48473"},{"taxonomy":"product_tag","embeddable":true,"href":"https:\/\/dev6.erresse-shop.it\/de\/wp-json\/wp\/v2\/product_tag?post=48473"}],"curies":[{"name":"wp","href":"https:\/\/api.w.org\/{rel}","templated":true}]}}