{"id":48463,"date":"2026-04-16T17:09:00","date_gmt":"2026-04-16T15:09:00","guid":{"rendered":"https:\/\/dev6.erresse-shop.it\/shop\/unkategorisiert\/ruffoni-historia-decor-set-5-stk\/"},"modified":"2025-09-14T00:18:33","modified_gmt":"2025-09-13T22:18:33","slug":"ruffoni-historia-decor-set-5-stk","status":"publish","type":"product","link":"https:\/\/dev6.erresse-shop.it\/de\/shop\/toepfe-pfannen\/topfsets\/ruffoni-historia-decor-set-5-stk\/","title":{"rendered":"RUFFONI Historia Decor Set 5 stk"},"content":{"rendered":"<p>HISTORIA DECOR<\/p>\n<p>Eine Reihe von au\u00dfergew\u00f6hnlichen Kochen Gegenst\u00e4nde Obst der Kombination aus einer fortschrittlichen Technologie und eine Verarbeitung tausendj\u00e4hrigen Ursprungs noch von unseren Meister Handwerker gesichert.Die Zinn gezeichneten legend\u00e4ren geh\u00e4mmerten Kupfer Kochgeschirr, mit denen wir leben Jahrhunderte der Geschichte, Erfahrung und Traditionen. Geh\u00e4mmert aus einem einzigen Kupferblech in der Werkstatt der Ruffoni-Familie in den italienischen Alpen sorgen diese Kochgeschirr f\u00fcr maximale W\u00e4rmeleitf\u00e4higkeit und Temperaturkontrolle. Der Innenraum ist von Hand auf Feuer mit der reinsten, haltbaren, nicht reaktiven Zinn gef\u00fcttert. Riveted handgegossene Bronzegriffe und Deckelkn\u00f6pfe verleihen der einzigartigen Qualit\u00e4t dieser Objekte eine kr\u00f6nende Note. Empfohlen zum Kochen auf dem Gasherd oder im Ofen und f\u00fcr eine atemberaubende Pr\u00e4sentation am Tisch.<\/p>\n<p>Der Satz setzt sich wie folgt zusammen:<\/p>\n<p>\u2013 Deckel 16 cm (3101B-16)<br \/>\n\u2013 Deckel 24 cm (3101B-24)<br \/>\n\u2013 Auflauf 2 mgl 24 cm (3103B-24)<br \/>\n\u2013 Auflauf 1 Mann 16 cm (3104B-16)<br \/>\n\u2013 Pfanne\u00a024cm (3106B-24)<\/p>\n<p>Made in Italy<\/p>\n","protected":false},"excerpt":{"rendered":"<p>HISTORIA DECOR Eine Reihe von au\u00dfergew\u00f6hnlichen Kochen Gegenst\u00e4nde Obst der Kombination aus einer fortschrittlichen Technologie und eine Verarbeitung tausendj\u00e4hrigen Ursprungs noch von unseren Meister Handwerker gesichert.Die Zinn gezeichneten legend\u00e4ren geh\u00e4mmerten Kupfer Kochgeschirr, mit denen wir leben Jahrhunderte der Geschichte, Erfahrung und Traditionen. Geh\u00e4mmert aus einem einzigen Kupferblech in der Werkstatt der Ruffoni-Familie in den italienischen [&hellip;]<\/p>\n","protected":false},"featured_media":6465641,"template":"","meta":{"_acf_changed":false},"product_cat":[11667,12099,12132],"product_tag":[],"class_list":{"0":"post-48463","1":"product","2":"type-product","3":"status-publish","4":"has-post-thumbnail","6":"product_cat-padelle-pentole","7":"product_cat-toepfe-pfannen","8":"product_cat-topfsets","10":"first","11":"outofstock","12":"sale","13":"taxable","14":"shipping-taxable","15":"purchasable","16":"product-type-simple","swatches":"rey-swatches","show_selected":"","stretch_labels":"rey-swatches--stretch-labels"},"acf":[],"yoast_head":"<!-- This site is optimized with the Yoast SEO plugin v25.4 - https:\/\/yoast.com\/wordpress\/plugins\/seo\/ -->\n<title>RUFFONI Historia Decor Set 5 stk - dev6 Erresse<\/title>\n<meta name=\"description\" content=\"HISTORIA DECOR Eine Reihe von au\u00dfergew\u00f6hnlichen Kochen Gegenst\u00e4nde Obst der Kombination aus einer fortschrittlichen Technologie und eine Verarbeitung\" \/>\n<meta name=\"robots\" content=\"noindex, follow, max-snippet:-1, max-image-preview:large, max-video-preview:-1\" \/>\n<meta property=\"og:locale\" content=\"de_DE\" \/>\n<meta property=\"og:type\" content=\"article\" \/>\n<meta property=\"og:title\" content=\"RUFFONI Historia Decor Set 5 stk - dev6 Erresse\" \/>\n<meta property=\"og:description\" content=\"HISTORIA DECOR Eine Reihe von au\u00dfergew\u00f6hnlichen Kochen Gegenst\u00e4nde Obst der Kombination aus einer fortschrittlichen Technologie und eine Verarbeitung\" \/>\n<meta property=\"og:url\" content=\"https:\/\/dev6.erresse-shop.it\/de\/shop\/toepfe-pfannen\/topfsets\/ruffoni-historia-decor-set-5-stk\/\" \/>\n<meta property=\"og:site_name\" content=\"dev6 Erresse\" \/>\n<meta property=\"og:image\" content=\"https:\/\/interpim.erresse-shop.it\/Import\/Prodotti\/products-3305b.jpg\" \/><meta property=\"og:image\" content=\"https:\/\/interpim.erresse-shop.it\/Import\/Prodotti\/products-3305b.jpg\" \/>\n\t<meta property=\"og:image:width\" content=\"1024\" \/>\n\t<meta property=\"og:image:height\" content=\"1024\" \/>\n\t<meta property=\"og:image:type\" content=\"image\/jpeg\" \/>\n<meta name=\"twitter:card\" content=\"summary_large_image\" \/>\n<meta name=\"twitter:image\" content=\"https:\/\/interpim.erresse-shop.it\/Import\/Prodotti\/products-3305b.jpg\" \/>\n<script type=\"application\/ld+json\" class=\"yoast-schema-graph\">{\"@context\":\"https:\/\/schema.org\",\"@graph\":[{\"@type\":\"WebPage\",\"@id\":\"https:\/\/dev6.erresse-shop.it\/de\/shop\/toepfe-pfannen\/topfsets\/ruffoni-historia-decor-set-5-stk\/\",\"url\":\"https:\/\/dev6.erresse-shop.it\/de\/shop\/toepfe-pfannen\/topfsets\/ruffoni-historia-decor-set-5-stk\/\",\"name\":\"RUFFONI Historia Decor Set 5 stk - dev6 Erresse\",\"isPartOf\":{\"@id\":\"https:\/\/dev6.erresse-shop.it\/#website\"},\"primaryImageOfPage\":{\"@id\":\"https:\/\/dev6.erresse-shop.it\/de\/shop\/toepfe-pfannen\/topfsets\/ruffoni-historia-decor-set-5-stk\/#primaryimage\"},\"image\":{\"@id\":\"https:\/\/dev6.erresse-shop.it\/de\/shop\/toepfe-pfannen\/topfsets\/ruffoni-historia-decor-set-5-stk\/#primaryimage\"},\"thumbnailUrl\":\"https:\/\/i1.wp.com\/interpim.erresse-shop.it\/Import\/Prodotti\/products-3305b.jpg?ssl=1\",\"datePublished\":\"2026-04-16T15:09:00+00:00\",\"description\":\"HISTORIA DECOR Eine Reihe von au\u00dfergew\u00f6hnlichen Kochen Gegenst\u00e4nde Obst der Kombination aus einer fortschrittlichen Technologie und eine Verarbeitung\",\"breadcrumb\":{\"@id\":\"https:\/\/dev6.erresse-shop.it\/de\/shop\/toepfe-pfannen\/topfsets\/ruffoni-historia-decor-set-5-stk\/#breadcrumb\"},\"inLanguage\":\"de\",\"potentialAction\":[{\"@type\":\"ReadAction\",\"target\":[\"https:\/\/dev6.erresse-shop.it\/de\/shop\/toepfe-pfannen\/topfsets\/ruffoni-historia-decor-set-5-stk\/\"]}]},{\"@type\":\"ImageObject\",\"inLanguage\":\"de\",\"@id\":\"https:\/\/dev6.erresse-shop.it\/de\/shop\/toepfe-pfannen\/topfsets\/ruffoni-historia-decor-set-5-stk\/#primaryimage\",\"url\":\"https:\/\/i1.wp.com\/interpim.erresse-shop.it\/Import\/Prodotti\/products-3305b.jpg?ssl=1\",\"contentUrl\":\"https:\/\/i1.wp.com\/interpim.erresse-shop.it\/Import\/Prodotti\/products-3305b.jpg?ssl=1\"},{\"@type\":\"BreadcrumbList\",\"@id\":\"https:\/\/dev6.erresse-shop.it\/de\/shop\/toepfe-pfannen\/topfsets\/ruffoni-historia-decor-set-5-stk\/#breadcrumb\",\"itemListElement\":[{\"@type\":\"ListItem\",\"position\":1,\"name\":\"Home\",\"item\":\"https:\/\/dev6.erresse-shop.it\/\"},{\"@type\":\"ListItem\",\"position\":2,\"name\":\"Shop\",\"item\":\"https:\/\/dev6.erresse-shop.it\/shop\/\"},{\"@type\":\"ListItem\",\"position\":3,\"name\":\"RUFFONI Historia Decor Set 5 stk\"}]},{\"@type\":\"WebSite\",\"@id\":\"https:\/\/dev6.erresse-shop.it\/#website\",\"url\":\"https:\/\/dev6.erresse-shop.it\/\",\"name\":\"Erresse Shop\",\"description\":\"\",\"publisher\":{\"@id\":\"https:\/\/dev6.erresse-shop.it\/#organization\"},\"potentialAction\":[{\"@type\":\"SearchAction\",\"target\":{\"@type\":\"EntryPoint\",\"urlTemplate\":\"https:\/\/dev6.erresse-shop.it\/?s={search_term_string}\"},\"query-input\":{\"@type\":\"PropertyValueSpecification\",\"valueRequired\":true,\"valueName\":\"search_term_string\"}}],\"inLanguage\":\"de\"},{\"@type\":\"Organization\",\"@id\":\"https:\/\/dev6.erresse-shop.it\/#organization\",\"name\":\"Erresse Shop\",\"url\":\"https:\/\/dev6.erresse-shop.it\/\",\"logo\":{\"@type\":\"ImageObject\",\"inLanguage\":\"de\",\"@id\":\"https:\/\/dev6.erresse-shop.it\/#\/schema\/logo\/image\/\",\"url\":\"https:\/\/dev6.erresse-shop.it\/wp-content\/uploads\/2025\/01\/LOGO-ERRESSE-CLASSICO.svg\",\"contentUrl\":\"https:\/\/dev6.erresse-shop.it\/wp-content\/uploads\/2025\/01\/LOGO-ERRESSE-CLASSICO.svg\",\"caption\":\"Erresse Shop\"},\"image\":{\"@id\":\"https:\/\/dev6.erresse-shop.it\/#\/schema\/logo\/image\/\"}}]}<\/script>\n<!-- \/ Yoast SEO plugin. -->","yoast_head_json":{"title":"RUFFONI Historia Decor Set 5 stk - dev6 Erresse","description":"HISTORIA DECOR Eine Reihe von au\u00dfergew\u00f6hnlichen Kochen Gegenst\u00e4nde Obst der Kombination aus einer fortschrittlichen Technologie und eine Verarbeitung","robots":{"index":"noindex","follow":"follow","max-snippet":"max-snippet:-1","max-image-preview":"max-image-preview:large","max-video-preview":"max-video-preview:-1"},"og_locale":"de_DE","og_type":"article","og_title":"RUFFONI Historia Decor Set 5 stk - dev6 Erresse","og_description":"HISTORIA DECOR Eine Reihe von au\u00dfergew\u00f6hnlichen Kochen Gegenst\u00e4nde Obst der Kombination aus einer fortschrittlichen Technologie und eine Verarbeitung","og_url":"https:\/\/dev6.erresse-shop.it\/de\/shop\/toepfe-pfannen\/topfsets\/ruffoni-historia-decor-set-5-stk\/","og_site_name":"dev6 Erresse","og_image":[{"url":"https:\/\/interpim.erresse-shop.it\/Import\/Prodotti\/products-3305b.jpg","type":"","width":"","height":""},{"url":"https:\/\/interpim.erresse-shop.it\/Import\/Prodotti\/products-3305b.jpg","width":1024,"height":1024,"type":"image\/jpeg"}],"twitter_card":"summary_large_image","twitter_image":"https:\/\/interpim.erresse-shop.it\/Import\/Prodotti\/products-3305b.jpg","schema":{"@context":"https:\/\/schema.org","@graph":[{"@type":"WebPage","@id":"https:\/\/dev6.erresse-shop.it\/de\/shop\/toepfe-pfannen\/topfsets\/ruffoni-historia-decor-set-5-stk\/","url":"https:\/\/dev6.erresse-shop.it\/de\/shop\/toepfe-pfannen\/topfsets\/ruffoni-historia-decor-set-5-stk\/","name":"RUFFONI Historia Decor Set 5 stk - dev6 Erresse","isPartOf":{"@id":"https:\/\/dev6.erresse-shop.it\/#website"},"primaryImageOfPage":{"@id":"https:\/\/dev6.erresse-shop.it\/de\/shop\/toepfe-pfannen\/topfsets\/ruffoni-historia-decor-set-5-stk\/#primaryimage"},"image":{"@id":"https:\/\/dev6.erresse-shop.it\/de\/shop\/toepfe-pfannen\/topfsets\/ruffoni-historia-decor-set-5-stk\/#primaryimage"},"thumbnailUrl":"https:\/\/i1.wp.com\/interpim.erresse-shop.it\/Import\/Prodotti\/products-3305b.jpg?ssl=1","datePublished":"2026-04-16T15:09:00+00:00","description":"HISTORIA DECOR Eine Reihe von au\u00dfergew\u00f6hnlichen Kochen Gegenst\u00e4nde Obst der Kombination aus einer fortschrittlichen Technologie und eine Verarbeitung","breadcrumb":{"@id":"https:\/\/dev6.erresse-shop.it\/de\/shop\/toepfe-pfannen\/topfsets\/ruffoni-historia-decor-set-5-stk\/#breadcrumb"},"inLanguage":"de","potentialAction":[{"@type":"ReadAction","target":["https:\/\/dev6.erresse-shop.it\/de\/shop\/toepfe-pfannen\/topfsets\/ruffoni-historia-decor-set-5-stk\/"]}]},{"@type":"ImageObject","inLanguage":"de","@id":"https:\/\/dev6.erresse-shop.it\/de\/shop\/toepfe-pfannen\/topfsets\/ruffoni-historia-decor-set-5-stk\/#primaryimage","url":"https:\/\/i1.wp.com\/interpim.erresse-shop.it\/Import\/Prodotti\/products-3305b.jpg?ssl=1","contentUrl":"https:\/\/i1.wp.com\/interpim.erresse-shop.it\/Import\/Prodotti\/products-3305b.jpg?ssl=1"},{"@type":"BreadcrumbList","@id":"https:\/\/dev6.erresse-shop.it\/de\/shop\/toepfe-pfannen\/topfsets\/ruffoni-historia-decor-set-5-stk\/#breadcrumb","itemListElement":[{"@type":"ListItem","position":1,"name":"Home","item":"https:\/\/dev6.erresse-shop.it\/"},{"@type":"ListItem","position":2,"name":"Shop","item":"https:\/\/dev6.erresse-shop.it\/shop\/"},{"@type":"ListItem","position":3,"name":"RUFFONI Historia Decor Set 5 stk"}]},{"@type":"WebSite","@id":"https:\/\/dev6.erresse-shop.it\/#website","url":"https:\/\/dev6.erresse-shop.it\/","name":"Erresse Shop","description":"","publisher":{"@id":"https:\/\/dev6.erresse-shop.it\/#organization"},"potentialAction":[{"@type":"SearchAction","target":{"@type":"EntryPoint","urlTemplate":"https:\/\/dev6.erresse-shop.it\/?s={search_term_string}"},"query-input":{"@type":"PropertyValueSpecification","valueRequired":true,"valueName":"search_term_string"}}],"inLanguage":"de"},{"@type":"Organization","@id":"https:\/\/dev6.erresse-shop.it\/#organization","name":"Erresse Shop","url":"https:\/\/dev6.erresse-shop.it\/","logo":{"@type":"ImageObject","inLanguage":"de","@id":"https:\/\/dev6.erresse-shop.it\/#\/schema\/logo\/image\/","url":"https:\/\/dev6.erresse-shop.it\/wp-content\/uploads\/2025\/01\/LOGO-ERRESSE-CLASSICO.svg","contentUrl":"https:\/\/dev6.erresse-shop.it\/wp-content\/uploads\/2025\/01\/LOGO-ERRESSE-CLASSICO.svg","caption":"Erresse Shop"},"image":{"@id":"https:\/\/dev6.erresse-shop.it\/#\/schema\/logo\/image\/"}}]}},"df_price":649.95,"df_sale_price":649.95,"df_regular_price":949,"df_image_link":"https:\/\/i1.wp.com\/interpim.erresse-shop.it\/Import\/Prodotti\/products-3305b.jpg?resize=300,300&ssl=1","fifu_image_url":"https:\/\/interpim.erresse-shop.it\/Import\/Prodotti\/products-3305b.jpg","_links":{"self":[{"href":"https:\/\/dev6.erresse-shop.it\/de\/wp-json\/wp\/v2\/product\/48463","targetHints":{"allow":["GET"]}}],"collection":[{"href":"https:\/\/dev6.erresse-shop.it\/de\/wp-json\/wp\/v2\/product"}],"about":[{"href":"https:\/\/dev6.erresse-shop.it\/de\/wp-json\/wp\/v2\/types\/product"}],"wp:featuredmedia":[{"embeddable":true,"href":"https:\/\/dev6.erresse-shop.it\/de\/wp-json\/wp\/v2\/media\/6465641"}],"wp:attachment":[{"href":"https:\/\/dev6.erresse-shop.it\/de\/wp-json\/wp\/v2\/media?parent=48463"}],"wp:term":[{"taxonomy":"product_cat","embeddable":true,"href":"https:\/\/dev6.erresse-shop.it\/de\/wp-json\/wp\/v2\/product_cat?post=48463"},{"taxonomy":"product_tag","embeddable":true,"href":"https:\/\/dev6.erresse-shop.it\/de\/wp-json\/wp\/v2\/product_tag?post=48463"}],"curies":[{"name":"wp","href":"https:\/\/api.w.org\/{rel}","templated":true}]}}