{"id":48445,"date":"2026-04-27T09:48:26","date_gmt":"2026-04-27T07:48:26","guid":{"rendered":"https:\/\/dev6.erresse-shop.it\/shop\/unkategorisiert\/ruffoni-kupfer-cleaner-gr-400\/"},"modified":"2025-09-14T00:18:24","modified_gmt":"2025-09-13T22:18:24","slug":"ruffoni-kupfer-cleaner-gr-400","status":"publish","type":"product","link":"https:\/\/dev6.erresse-shop.it\/de\/shop\/kuche\/messer\/messerblocke-messer\/ruffoni-kupfer-cleaner-gr-400\/","title":{"rendered":"RUFFONI Kupfer Cleaner gr. 400"},"content":{"rendered":"<p>INTERNE WARTUNG<br \/>\nWir schlagen vor, wie bei den meisten T\u00f6pfen und Pfannen, die Sie zuerst verwenden, indem Sie Wasser zum Kochen bringen, um einige aromatische Kr\u00e4uter wie Rosmarin, Salbei oder Bayleaf oder alternativ etwas gr\u00fcnes Gem\u00fcse hinzuzuf\u00fcgen. Um die Haltbarkeit der Zinn-Futter zu erhalten, f\u00fcllen Sie immer den Topf oder eine Pfanne mit Fl\u00fcssigkeit oder Fett, bevor Sie direkt \u00fcber die Flamme oder W\u00e4rmequelle.<br \/>\nDie Flamme darf niemals zu hoch sein und niemals die Pfanne kochen lassen oder trocken werden.<br \/>\nEs empfiehlt sich, sich mit einem Holz- oder Plastikl\u00f6ffel oder Spatel anstatt Metall zu r\u00fchren oder zu mischen, um das Zinn-Futter nicht zu zerkratzen. Weil Kupfer sehr leitf\u00e4hig ist, ist es unwahrscheinlich, dass das Essen an der Unterseite haftet, also sollte es ausreichen, um in warmem Seifenwasser zu reinigen.<br \/>\nVerwenden Sie niemals abrasive Substanzen.<br \/>\nWenn das Innere des Topfes oder der Pfanne verbrannt wird (wegen der Unaufmerksamkeit oder eines Fehlers beim Kochen), tauchen Sie in warmes, seifiges Wasser ein und lassen Sie es einweichen, bis die Markierung leicht wegkommt. Eventuelle F\u00e4rbung oder Markierungen auf dem Zinn-Futter, verursacht durch hohe Temperaturen oder Speises\u00e4ures\u00e4uren, wird in keiner Weise die Funktionalit\u00e4t und Hygiene des Produktes beeintr\u00e4chtigen.<\/p>\n<p>EXTERNE WARTUNG<br \/>\nReiben Sie z\u00fcgig mit einem weichen Baumwolltuch f\u00fcr Kupferpolieren, in speziellen Gesch\u00e4ften gefunden, um den originalen Glanz auf Kupfer zur\u00fcckzubringen, der seit einer Weile nicht benutzt wurde.<br \/>\nMit regelm\u00e4\u00dfigem Gebrauch und in der Zeit, Kupfer oxidiert und nimmt allm\u00e4hlich eine ganz dunkelrote Farbe, die der anspruchsvolle Kunde sch\u00e4tzt und pflegt.<br \/>\nUm ihre urspr\u00fcngliche Brillanz herauszubringen, verwenden Sie eine traditionelle Methode: reiben Sie mit einem Tuch in einem Salz und Essig oder Salz und Zitronen-L\u00f6sung ged\u00e4mpft; Oder verwenden Sie einfach ein \u201cRUFFONI CLEANER\u201d ein wirksames Metall gl\u00e4nzendes Pulver mit einer atoxischen und biologisch abbaubaren Formel.<br \/>\nDiese wenigen Regeln, die bald Gewohnheit werden, garantieren die perfekte Pflege Ihrer herrlichen T\u00f6pfe und Pfannen f\u00fcr eine sehr lange Zeit, um sicherzustellen, f\u00fcr Sie, die faszinierendsten und erfreulichsten Werte der Kultur und des Gaumens. Unser \u201cClient Assistance\u201d Service bietet Ihnen die Unterf\u00fctterung Ihrer Kupfer T\u00f6pfe und Pfannen, sollte unsachgem\u00e4\u00dfe Verwendung verderben die Dose zu extrem enthaltenen Kosten.<\/p>\n<p>Siehe das Video<\/p>\n","protected":false},"excerpt":{"rendered":"<p>INTERNE WARTUNG Wir schlagen vor, wie bei den meisten T\u00f6pfen und Pfannen, die Sie zuerst verwenden, indem Sie Wasser zum Kochen bringen, um einige aromatische Kr\u00e4uter wie Rosmarin, Salbei oder Bayleaf oder alternativ etwas gr\u00fcnes Gem\u00fcse hinzuzuf\u00fcgen. Um die Haltbarkeit der Zinn-Futter zu erhalten, f\u00fcllen Sie immer den Topf oder eine Pfanne mit Fl\u00fcssigkeit oder [&hellip;]<\/p>\n","protected":false},"featured_media":6917374,"template":"","meta":{"_acf_changed":false},"product_cat":[11667,12159,12099,12107],"product_tag":[],"class_list":{"0":"post-48445","1":"product","2":"type-product","3":"status-publish","4":"has-post-thumbnail","6":"product_cat-padelle-pentole","7":"product_cat-zubehoer-topf-pfanne","8":"product_cat-toepfe-pfannen","9":"product_cat-messerblocke-messer","11":"first","12":"outofstock","13":"taxable","14":"shipping-taxable","15":"purchasable","16":"product-type-simple","swatches":"rey-swatches","show_selected":"","stretch_labels":"rey-swatches--stretch-labels"},"acf":[],"yoast_head":"<!-- This site is optimized with the Yoast SEO plugin v25.4 - https:\/\/yoast.com\/wordpress\/plugins\/seo\/ -->\n<title>RUFFONI Kupfer Cleaner gr. 400 - dev6 Erresse<\/title>\n<meta name=\"description\" content=\"INTERNE WARTUNG Wir schlagen vor, wie bei den meisten T\u00f6pfen und Pfannen, die Sie zuerst verwenden, indem Sie Wasser zum Kochen bringen, um einige\" \/>\n<meta name=\"robots\" content=\"noindex, follow, max-snippet:-1, max-image-preview:large, max-video-preview:-1\" \/>\n<meta property=\"og:locale\" content=\"de_DE\" \/>\n<meta property=\"og:type\" content=\"article\" \/>\n<meta property=\"og:title\" content=\"RUFFONI Kupfer Cleaner gr. 400 - dev6 Erresse\" \/>\n<meta property=\"og:description\" content=\"INTERNE WARTUNG Wir schlagen vor, wie bei den meisten T\u00f6pfen und Pfannen, die Sie zuerst verwenden, indem Sie Wasser zum Kochen bringen, um einige\" \/>\n<meta property=\"og:url\" content=\"https:\/\/dev6.erresse-shop.it\/de\/shop\/kuche\/messer\/messerblocke-messer\/ruffoni-kupfer-cleaner-gr-400\/\" \/>\n<meta property=\"og:site_name\" content=\"dev6 Erresse\" \/>\n<meta property=\"og:image\" content=\"https:\/\/interpim.erresse-shop.it\/Import\/Prodotti\/products-cleaner.jpg\" \/><meta property=\"og:image\" content=\"https:\/\/interpim.erresse-shop.it\/Import\/Prodotti\/products-cleaner.jpg\" \/>\n\t<meta property=\"og:image:width\" content=\"1024\" \/>\n\t<meta property=\"og:image:height\" content=\"1024\" \/>\n\t<meta property=\"og:image:type\" content=\"image\/jpeg\" \/>\n<meta name=\"twitter:card\" content=\"summary_large_image\" \/>\n<meta name=\"twitter:image\" content=\"https:\/\/interpim.erresse-shop.it\/Import\/Prodotti\/products-cleaner.jpg\" \/>\n<script type=\"application\/ld+json\" class=\"yoast-schema-graph\">{\"@context\":\"https:\/\/schema.org\",\"@graph\":[{\"@type\":\"WebPage\",\"@id\":\"https:\/\/dev6.erresse-shop.it\/de\/shop\/kuche\/messer\/messerblocke-messer\/ruffoni-kupfer-cleaner-gr-400\/\",\"url\":\"https:\/\/dev6.erresse-shop.it\/de\/shop\/kuche\/messer\/messerblocke-messer\/ruffoni-kupfer-cleaner-gr-400\/\",\"name\":\"RUFFONI Kupfer Cleaner gr. 400 - dev6 Erresse\",\"isPartOf\":{\"@id\":\"https:\/\/dev6.erresse-shop.it\/#website\"},\"primaryImageOfPage\":{\"@id\":\"https:\/\/dev6.erresse-shop.it\/de\/shop\/kuche\/messer\/messerblocke-messer\/ruffoni-kupfer-cleaner-gr-400\/#primaryimage\"},\"image\":{\"@id\":\"https:\/\/dev6.erresse-shop.it\/de\/shop\/kuche\/messer\/messerblocke-messer\/ruffoni-kupfer-cleaner-gr-400\/#primaryimage\"},\"thumbnailUrl\":\"https:\/\/i1.wp.com\/interpim.erresse-shop.it\/Import\/Prodotti\/products-cleaner.jpg?ssl=1\",\"datePublished\":\"2026-04-27T07:48:26+00:00\",\"description\":\"INTERNE WARTUNG Wir schlagen vor, wie bei den meisten T\u00f6pfen und Pfannen, die Sie zuerst verwenden, indem Sie Wasser zum Kochen bringen, um einige\",\"breadcrumb\":{\"@id\":\"https:\/\/dev6.erresse-shop.it\/de\/shop\/kuche\/messer\/messerblocke-messer\/ruffoni-kupfer-cleaner-gr-400\/#breadcrumb\"},\"inLanguage\":\"de\",\"potentialAction\":[{\"@type\":\"ReadAction\",\"target\":[\"https:\/\/dev6.erresse-shop.it\/de\/shop\/kuche\/messer\/messerblocke-messer\/ruffoni-kupfer-cleaner-gr-400\/\"]}]},{\"@type\":\"ImageObject\",\"inLanguage\":\"de\",\"@id\":\"https:\/\/dev6.erresse-shop.it\/de\/shop\/kuche\/messer\/messerblocke-messer\/ruffoni-kupfer-cleaner-gr-400\/#primaryimage\",\"url\":\"https:\/\/i1.wp.com\/interpim.erresse-shop.it\/Import\/Prodotti\/products-cleaner.jpg?ssl=1\",\"contentUrl\":\"https:\/\/i1.wp.com\/interpim.erresse-shop.it\/Import\/Prodotti\/products-cleaner.jpg?ssl=1\"},{\"@type\":\"BreadcrumbList\",\"@id\":\"https:\/\/dev6.erresse-shop.it\/de\/shop\/kuche\/messer\/messerblocke-messer\/ruffoni-kupfer-cleaner-gr-400\/#breadcrumb\",\"itemListElement\":[{\"@type\":\"ListItem\",\"position\":1,\"name\":\"Home\",\"item\":\"https:\/\/dev6.erresse-shop.it\/\"},{\"@type\":\"ListItem\",\"position\":2,\"name\":\"Shop\",\"item\":\"https:\/\/dev6.erresse-shop.it\/shop\/\"},{\"@type\":\"ListItem\",\"position\":3,\"name\":\"RUFFONI Kupfer Cleaner gr. 400\"}]},{\"@type\":\"WebSite\",\"@id\":\"https:\/\/dev6.erresse-shop.it\/#website\",\"url\":\"https:\/\/dev6.erresse-shop.it\/\",\"name\":\"Erresse Shop\",\"description\":\"\",\"publisher\":{\"@id\":\"https:\/\/dev6.erresse-shop.it\/#organization\"},\"potentialAction\":[{\"@type\":\"SearchAction\",\"target\":{\"@type\":\"EntryPoint\",\"urlTemplate\":\"https:\/\/dev6.erresse-shop.it\/?s={search_term_string}\"},\"query-input\":{\"@type\":\"PropertyValueSpecification\",\"valueRequired\":true,\"valueName\":\"search_term_string\"}}],\"inLanguage\":\"de\"},{\"@type\":\"Organization\",\"@id\":\"https:\/\/dev6.erresse-shop.it\/#organization\",\"name\":\"Erresse Shop\",\"url\":\"https:\/\/dev6.erresse-shop.it\/\",\"logo\":{\"@type\":\"ImageObject\",\"inLanguage\":\"de\",\"@id\":\"https:\/\/dev6.erresse-shop.it\/#\/schema\/logo\/image\/\",\"url\":\"https:\/\/dev6.erresse-shop.it\/wp-content\/uploads\/2025\/01\/LOGO-ERRESSE-CLASSICO.svg\",\"contentUrl\":\"https:\/\/dev6.erresse-shop.it\/wp-content\/uploads\/2025\/01\/LOGO-ERRESSE-CLASSICO.svg\",\"caption\":\"Erresse Shop\"},\"image\":{\"@id\":\"https:\/\/dev6.erresse-shop.it\/#\/schema\/logo\/image\/\"}}]}<\/script>\n<!-- \/ Yoast SEO plugin. -->","yoast_head_json":{"title":"RUFFONI Kupfer Cleaner gr. 400 - dev6 Erresse","description":"INTERNE WARTUNG Wir schlagen vor, wie bei den meisten T\u00f6pfen und Pfannen, die Sie zuerst verwenden, indem Sie Wasser zum Kochen bringen, um einige","robots":{"index":"noindex","follow":"follow","max-snippet":"max-snippet:-1","max-image-preview":"max-image-preview:large","max-video-preview":"max-video-preview:-1"},"og_locale":"de_DE","og_type":"article","og_title":"RUFFONI Kupfer Cleaner gr. 400 - dev6 Erresse","og_description":"INTERNE WARTUNG Wir schlagen vor, wie bei den meisten T\u00f6pfen und Pfannen, die Sie zuerst verwenden, indem Sie Wasser zum Kochen bringen, um einige","og_url":"https:\/\/dev6.erresse-shop.it\/de\/shop\/kuche\/messer\/messerblocke-messer\/ruffoni-kupfer-cleaner-gr-400\/","og_site_name":"dev6 Erresse","og_image":[{"url":"https:\/\/interpim.erresse-shop.it\/Import\/Prodotti\/products-cleaner.jpg","type":"","width":"","height":""},{"url":"https:\/\/interpim.erresse-shop.it\/Import\/Prodotti\/products-cleaner.jpg","width":1024,"height":1024,"type":"image\/jpeg"}],"twitter_card":"summary_large_image","twitter_image":"https:\/\/interpim.erresse-shop.it\/Import\/Prodotti\/products-cleaner.jpg","schema":{"@context":"https:\/\/schema.org","@graph":[{"@type":"WebPage","@id":"https:\/\/dev6.erresse-shop.it\/de\/shop\/kuche\/messer\/messerblocke-messer\/ruffoni-kupfer-cleaner-gr-400\/","url":"https:\/\/dev6.erresse-shop.it\/de\/shop\/kuche\/messer\/messerblocke-messer\/ruffoni-kupfer-cleaner-gr-400\/","name":"RUFFONI Kupfer Cleaner gr. 400 - dev6 Erresse","isPartOf":{"@id":"https:\/\/dev6.erresse-shop.it\/#website"},"primaryImageOfPage":{"@id":"https:\/\/dev6.erresse-shop.it\/de\/shop\/kuche\/messer\/messerblocke-messer\/ruffoni-kupfer-cleaner-gr-400\/#primaryimage"},"image":{"@id":"https:\/\/dev6.erresse-shop.it\/de\/shop\/kuche\/messer\/messerblocke-messer\/ruffoni-kupfer-cleaner-gr-400\/#primaryimage"},"thumbnailUrl":"https:\/\/i1.wp.com\/interpim.erresse-shop.it\/Import\/Prodotti\/products-cleaner.jpg?ssl=1","datePublished":"2026-04-27T07:48:26+00:00","description":"INTERNE WARTUNG Wir schlagen vor, wie bei den meisten T\u00f6pfen und Pfannen, die Sie zuerst verwenden, indem Sie Wasser zum Kochen bringen, um einige","breadcrumb":{"@id":"https:\/\/dev6.erresse-shop.it\/de\/shop\/kuche\/messer\/messerblocke-messer\/ruffoni-kupfer-cleaner-gr-400\/#breadcrumb"},"inLanguage":"de","potentialAction":[{"@type":"ReadAction","target":["https:\/\/dev6.erresse-shop.it\/de\/shop\/kuche\/messer\/messerblocke-messer\/ruffoni-kupfer-cleaner-gr-400\/"]}]},{"@type":"ImageObject","inLanguage":"de","@id":"https:\/\/dev6.erresse-shop.it\/de\/shop\/kuche\/messer\/messerblocke-messer\/ruffoni-kupfer-cleaner-gr-400\/#primaryimage","url":"https:\/\/i1.wp.com\/interpim.erresse-shop.it\/Import\/Prodotti\/products-cleaner.jpg?ssl=1","contentUrl":"https:\/\/i1.wp.com\/interpim.erresse-shop.it\/Import\/Prodotti\/products-cleaner.jpg?ssl=1"},{"@type":"BreadcrumbList","@id":"https:\/\/dev6.erresse-shop.it\/de\/shop\/kuche\/messer\/messerblocke-messer\/ruffoni-kupfer-cleaner-gr-400\/#breadcrumb","itemListElement":[{"@type":"ListItem","position":1,"name":"Home","item":"https:\/\/dev6.erresse-shop.it\/"},{"@type":"ListItem","position":2,"name":"Shop","item":"https:\/\/dev6.erresse-shop.it\/shop\/"},{"@type":"ListItem","position":3,"name":"RUFFONI Kupfer Cleaner gr. 400"}]},{"@type":"WebSite","@id":"https:\/\/dev6.erresse-shop.it\/#website","url":"https:\/\/dev6.erresse-shop.it\/","name":"Erresse Shop","description":"","publisher":{"@id":"https:\/\/dev6.erresse-shop.it\/#organization"},"potentialAction":[{"@type":"SearchAction","target":{"@type":"EntryPoint","urlTemplate":"https:\/\/dev6.erresse-shop.it\/?s={search_term_string}"},"query-input":{"@type":"PropertyValueSpecification","valueRequired":true,"valueName":"search_term_string"}}],"inLanguage":"de"},{"@type":"Organization","@id":"https:\/\/dev6.erresse-shop.it\/#organization","name":"Erresse Shop","url":"https:\/\/dev6.erresse-shop.it\/","logo":{"@type":"ImageObject","inLanguage":"de","@id":"https:\/\/dev6.erresse-shop.it\/#\/schema\/logo\/image\/","url":"https:\/\/dev6.erresse-shop.it\/wp-content\/uploads\/2025\/01\/LOGO-ERRESSE-CLASSICO.svg","contentUrl":"https:\/\/dev6.erresse-shop.it\/wp-content\/uploads\/2025\/01\/LOGO-ERRESSE-CLASSICO.svg","caption":"Erresse Shop"},"image":{"@id":"https:\/\/dev6.erresse-shop.it\/#\/schema\/logo\/image\/"}}]}},"df_price":16,"df_sale_price":"","df_regular_price":16,"df_image_link":"https:\/\/i1.wp.com\/interpim.erresse-shop.it\/Import\/Prodotti\/products-cleaner.jpg?resize=300,300&ssl=1","fifu_image_url":"https:\/\/interpim.erresse-shop.it\/Import\/Prodotti\/products-cleaner.jpg","_links":{"self":[{"href":"https:\/\/dev6.erresse-shop.it\/de\/wp-json\/wp\/v2\/product\/48445","targetHints":{"allow":["GET"]}}],"collection":[{"href":"https:\/\/dev6.erresse-shop.it\/de\/wp-json\/wp\/v2\/product"}],"about":[{"href":"https:\/\/dev6.erresse-shop.it\/de\/wp-json\/wp\/v2\/types\/product"}],"wp:featuredmedia":[{"embeddable":true,"href":"https:\/\/dev6.erresse-shop.it\/de\/wp-json\/wp\/v2\/media\/6917374"}],"wp:attachment":[{"href":"https:\/\/dev6.erresse-shop.it\/de\/wp-json\/wp\/v2\/media?parent=48445"}],"wp:term":[{"taxonomy":"product_cat","embeddable":true,"href":"https:\/\/dev6.erresse-shop.it\/de\/wp-json\/wp\/v2\/product_cat?post=48445"},{"taxonomy":"product_tag","embeddable":true,"href":"https:\/\/dev6.erresse-shop.it\/de\/wp-json\/wp\/v2\/product_tag?post=48445"}],"curies":[{"name":"wp","href":"https:\/\/api.w.org\/{rel}","templated":true}]}}