{"id":48327,"date":"2026-04-20T16:41:42","date_gmt":"2026-04-20T14:41:42","guid":{"rendered":"https:\/\/dev6.erresse-shop.it\/shop\/unkategorisiert\/smeg-set-fettuccine-pasta-sfoglia-zubehoer-knetmaschine-smf01-serie-50-jahre\/"},"modified":"2025-09-14T00:17:01","modified_gmt":"2025-09-13T22:17:01","slug":"smeg-set-fettuccine-pasta-sfoglia-zubehoer-knetmaschine-smf01-serie-50-jahre","status":"publish","type":"product","link":"https:\/\/dev6.erresse-shop.it\/de\/shop\/kleine-elektrogeraete\/knetmaschinen\/smeg-set-fettuccine-pasta-sfoglia-zubehoer-knetmaschine-smf01-serie-50-jahre\/","title":{"rendered":"SMEG Set Fettuccine, Pasta Sfoglia Zubeh\u00f6r Knetmaschine SMF01 Serie 50 Jahre"},"content":{"rendered":"<p>SMEG Serie 50 Jahre<\/p>\n<p>Ein symbolisches Treffen, Symbole, die den Raum, den sie einnehmen, die neue kleine Linie von 50 Jahren drehen, die in Zusammenarbeit mit Matthew Bazzicalupo und Raffaella Mangiarotti von deepdesign, die Vergangenheit evozieren und die Orte, an jedem Tag zu gestalten, auf eine neue Weise zu investieren, was bereits existiert oder existiert hat, wie es in der Kunst und Ged\u00e4chtnis geschieht.<br \/>\nProduziert von abgerundeten und kompakten Formen, sind die Protagonisten der K\u00fcche, f\u00fcr diejenigen, die eine Erfahrung Koch leben wollen aber nicht nur. F\u00fcr diejenigen, die sich mit Objekten mit einer starken \u00e4sthetischen Charakter zu umgeben, wie ohne den Blick f\u00fcr die qualitativ hochwertige Leistung zu verlieren.<\/p>\n<p>Set Fettuccine, Pasta Sfoglia Zubeh\u00f6r Knetmaschine SMF01<\/p>\n<p>Set bestehend aus:<br \/>\nSMPR01 (Einzel Code Details siehe)<br \/>\nSMTC01 (Einzel Code Details siehe)<br \/>\nSMFC01 (Einzel Code Details siehe)<\/p>\n<p>Nettogewicht : 4,3 kg<\/p>\n","protected":false},"excerpt":{"rendered":"<p>SMEG Serie 50 Jahre Ein symbolisches Treffen, Symbole, die den Raum, den sie einnehmen, die neue kleine Linie von 50 Jahren drehen, die in Zusammenarbeit mit Matthew Bazzicalupo und Raffaella Mangiarotti von deepdesign, die Vergangenheit evozieren und die Orte, an jedem Tag zu gestalten, auf eine neue Weise zu investieren, was bereits existiert oder existiert [&hellip;]<\/p>\n","protected":false},"featured_media":6681201,"template":"","meta":{"_acf_changed":false},"product_cat":[11668,11764,12163,12196,12100,12107],"product_tag":[],"class_list":{"0":"post-48327","1":"product","2":"type-product","3":"status-publish","4":"has-post-thumbnail","6":"product_cat-cucina","7":"product_cat-impastatrici","8":"product_cat-kleine-elektrogeraete","9":"product_cat-knetmaschinen","10":"product_cat-kuche","11":"product_cat-messerblocke-messer","13":"first","14":"outofstock","15":"sale","16":"taxable","17":"shipping-taxable","18":"purchasable","19":"product-type-simple","swatches":"rey-swatches","show_selected":"","stretch_labels":"rey-swatches--stretch-labels"},"acf":[],"yoast_head":"<!-- This site is optimized with the Yoast SEO plugin v25.4 - https:\/\/yoast.com\/wordpress\/plugins\/seo\/ -->\n<title>SMEG Set Fettuccine, Pasta Sfoglia Zubeh\u00f6r Knetmaschine SMF01 Serie 50 Jahre - dev6 Erresse<\/title>\n<meta name=\"description\" content=\"SMEG Serie 50 Jahre Ein symbolisches Treffen, Symbole, die den Raum, den sie einnehmen, die neue kleine Linie von 50 Jahren drehen, die in Zusammenarbeit\" \/>\n<meta name=\"robots\" content=\"noindex, follow, max-snippet:-1, max-image-preview:large, max-video-preview:-1\" \/>\n<meta property=\"og:locale\" content=\"de_DE\" \/>\n<meta property=\"og:type\" content=\"article\" \/>\n<meta property=\"og:title\" content=\"SMEG Set Fettuccine, Pasta Sfoglia Zubeh\u00f6r Knetmaschine SMF01 Serie 50 Jahre - dev6 Erresse\" \/>\n<meta property=\"og:description\" content=\"SMEG Serie 50 Jahre Ein symbolisches Treffen, Symbole, die den Raum, den sie einnehmen, die neue kleine Linie von 50 Jahren drehen, die in Zusammenarbeit\" \/>\n<meta property=\"og:url\" content=\"https:\/\/dev6.erresse-shop.it\/de\/shop\/kleine-elektrogeraete\/knetmaschinen\/smeg-set-fettuccine-pasta-sfoglia-zubehoer-knetmaschine-smf01-serie-50-jahre\/\" \/>\n<meta property=\"og:site_name\" content=\"dev6 Erresse\" \/>\n<meta property=\"og:image\" content=\"https:\/\/interpim.erresse-shop.it\/img-catalogo\/smeg\/smeg-accessori-pasta-impastatrice-2.jpg\" \/><meta property=\"og:image\" content=\"https:\/\/interpim.erresse-shop.it\/img-catalogo\/smeg\/smeg-accessori-pasta-impastatrice-2.jpg\" \/>\n\t<meta property=\"og:image:width\" content=\"1024\" \/>\n\t<meta property=\"og:image:height\" content=\"1024\" \/>\n\t<meta property=\"og:image:type\" content=\"image\/jpeg\" \/>\n<meta name=\"twitter:card\" content=\"summary_large_image\" \/>\n<meta name=\"twitter:image\" content=\"https:\/\/interpim.erresse-shop.it\/img-catalogo\/smeg\/smeg-accessori-pasta-impastatrice-2.jpg\" \/>\n<script type=\"application\/ld+json\" class=\"yoast-schema-graph\">{\"@context\":\"https:\/\/schema.org\",\"@graph\":[{\"@type\":\"WebPage\",\"@id\":\"https:\/\/dev6.erresse-shop.it\/de\/shop\/kleine-elektrogeraete\/knetmaschinen\/smeg-set-fettuccine-pasta-sfoglia-zubehoer-knetmaschine-smf01-serie-50-jahre\/\",\"url\":\"https:\/\/dev6.erresse-shop.it\/de\/shop\/kleine-elektrogeraete\/knetmaschinen\/smeg-set-fettuccine-pasta-sfoglia-zubehoer-knetmaschine-smf01-serie-50-jahre\/\",\"name\":\"SMEG Set Fettuccine, Pasta Sfoglia Zubeh\u00f6r Knetmaschine SMF01 Serie 50 Jahre - dev6 Erresse\",\"isPartOf\":{\"@id\":\"https:\/\/dev6.erresse-shop.it\/#website\"},\"primaryImageOfPage\":{\"@id\":\"https:\/\/dev6.erresse-shop.it\/de\/shop\/kleine-elektrogeraete\/knetmaschinen\/smeg-set-fettuccine-pasta-sfoglia-zubehoer-knetmaschine-smf01-serie-50-jahre\/#primaryimage\"},\"image\":{\"@id\":\"https:\/\/dev6.erresse-shop.it\/de\/shop\/kleine-elektrogeraete\/knetmaschinen\/smeg-set-fettuccine-pasta-sfoglia-zubehoer-knetmaschine-smf01-serie-50-jahre\/#primaryimage\"},\"thumbnailUrl\":\"https:\/\/i2.wp.com\/interpim.erresse-shop.it\/img-catalogo\/smeg\/smeg-accessori-pasta-impastatrice-2.jpg?ssl=1\",\"datePublished\":\"2026-04-20T14:41:42+00:00\",\"description\":\"SMEG Serie 50 Jahre Ein symbolisches Treffen, Symbole, die den Raum, den sie einnehmen, die neue kleine Linie von 50 Jahren drehen, die in Zusammenarbeit\",\"breadcrumb\":{\"@id\":\"https:\/\/dev6.erresse-shop.it\/de\/shop\/kleine-elektrogeraete\/knetmaschinen\/smeg-set-fettuccine-pasta-sfoglia-zubehoer-knetmaschine-smf01-serie-50-jahre\/#breadcrumb\"},\"inLanguage\":\"de\",\"potentialAction\":[{\"@type\":\"ReadAction\",\"target\":[\"https:\/\/dev6.erresse-shop.it\/de\/shop\/kleine-elektrogeraete\/knetmaschinen\/smeg-set-fettuccine-pasta-sfoglia-zubehoer-knetmaschine-smf01-serie-50-jahre\/\"]}]},{\"@type\":\"ImageObject\",\"inLanguage\":\"de\",\"@id\":\"https:\/\/dev6.erresse-shop.it\/de\/shop\/kleine-elektrogeraete\/knetmaschinen\/smeg-set-fettuccine-pasta-sfoglia-zubehoer-knetmaschine-smf01-serie-50-jahre\/#primaryimage\",\"url\":\"https:\/\/i2.wp.com\/interpim.erresse-shop.it\/img-catalogo\/smeg\/smeg-accessori-pasta-impastatrice-2.jpg?ssl=1\",\"contentUrl\":\"https:\/\/i2.wp.com\/interpim.erresse-shop.it\/img-catalogo\/smeg\/smeg-accessori-pasta-impastatrice-2.jpg?ssl=1\"},{\"@type\":\"BreadcrumbList\",\"@id\":\"https:\/\/dev6.erresse-shop.it\/de\/shop\/kleine-elektrogeraete\/knetmaschinen\/smeg-set-fettuccine-pasta-sfoglia-zubehoer-knetmaschine-smf01-serie-50-jahre\/#breadcrumb\",\"itemListElement\":[{\"@type\":\"ListItem\",\"position\":1,\"name\":\"Home\",\"item\":\"https:\/\/dev6.erresse-shop.it\/\"},{\"@type\":\"ListItem\",\"position\":2,\"name\":\"Shop\",\"item\":\"https:\/\/dev6.erresse-shop.it\/shop\/\"},{\"@type\":\"ListItem\",\"position\":3,\"name\":\"SMEG Set Fettuccine, Pasta Sfoglia Zubeh\u00f6r Knetmaschine SMF01 Serie 50 Jahre\"}]},{\"@type\":\"WebSite\",\"@id\":\"https:\/\/dev6.erresse-shop.it\/#website\",\"url\":\"https:\/\/dev6.erresse-shop.it\/\",\"name\":\"Erresse Shop\",\"description\":\"\",\"publisher\":{\"@id\":\"https:\/\/dev6.erresse-shop.it\/#organization\"},\"potentialAction\":[{\"@type\":\"SearchAction\",\"target\":{\"@type\":\"EntryPoint\",\"urlTemplate\":\"https:\/\/dev6.erresse-shop.it\/?s={search_term_string}\"},\"query-input\":{\"@type\":\"PropertyValueSpecification\",\"valueRequired\":true,\"valueName\":\"search_term_string\"}}],\"inLanguage\":\"de\"},{\"@type\":\"Organization\",\"@id\":\"https:\/\/dev6.erresse-shop.it\/#organization\",\"name\":\"Erresse Shop\",\"url\":\"https:\/\/dev6.erresse-shop.it\/\",\"logo\":{\"@type\":\"ImageObject\",\"inLanguage\":\"de\",\"@id\":\"https:\/\/dev6.erresse-shop.it\/#\/schema\/logo\/image\/\",\"url\":\"https:\/\/dev6.erresse-shop.it\/wp-content\/uploads\/2025\/01\/LOGO-ERRESSE-CLASSICO.svg\",\"contentUrl\":\"https:\/\/dev6.erresse-shop.it\/wp-content\/uploads\/2025\/01\/LOGO-ERRESSE-CLASSICO.svg\",\"caption\":\"Erresse Shop\"},\"image\":{\"@id\":\"https:\/\/dev6.erresse-shop.it\/#\/schema\/logo\/image\/\"}}]}<\/script>\n<!-- \/ Yoast SEO plugin. -->","yoast_head_json":{"title":"SMEG Set Fettuccine, Pasta Sfoglia Zubeh\u00f6r Knetmaschine SMF01 Serie 50 Jahre - dev6 Erresse","description":"SMEG Serie 50 Jahre Ein symbolisches Treffen, Symbole, die den Raum, den sie einnehmen, die neue kleine Linie von 50 Jahren drehen, die in Zusammenarbeit","robots":{"index":"noindex","follow":"follow","max-snippet":"max-snippet:-1","max-image-preview":"max-image-preview:large","max-video-preview":"max-video-preview:-1"},"og_locale":"de_DE","og_type":"article","og_title":"SMEG Set Fettuccine, Pasta Sfoglia Zubeh\u00f6r Knetmaschine SMF01 Serie 50 Jahre - dev6 Erresse","og_description":"SMEG Serie 50 Jahre Ein symbolisches Treffen, Symbole, die den Raum, den sie einnehmen, die neue kleine Linie von 50 Jahren drehen, die in Zusammenarbeit","og_url":"https:\/\/dev6.erresse-shop.it\/de\/shop\/kleine-elektrogeraete\/knetmaschinen\/smeg-set-fettuccine-pasta-sfoglia-zubehoer-knetmaschine-smf01-serie-50-jahre\/","og_site_name":"dev6 Erresse","og_image":[{"url":"https:\/\/interpim.erresse-shop.it\/img-catalogo\/smeg\/smeg-accessori-pasta-impastatrice-2.jpg","type":"","width":"","height":""},{"url":"https:\/\/interpim.erresse-shop.it\/img-catalogo\/smeg\/smeg-accessori-pasta-impastatrice-2.jpg","width":1024,"height":1024,"type":"image\/jpeg"}],"twitter_card":"summary_large_image","twitter_image":"https:\/\/interpim.erresse-shop.it\/img-catalogo\/smeg\/smeg-accessori-pasta-impastatrice-2.jpg","schema":{"@context":"https:\/\/schema.org","@graph":[{"@type":"WebPage","@id":"https:\/\/dev6.erresse-shop.it\/de\/shop\/kleine-elektrogeraete\/knetmaschinen\/smeg-set-fettuccine-pasta-sfoglia-zubehoer-knetmaschine-smf01-serie-50-jahre\/","url":"https:\/\/dev6.erresse-shop.it\/de\/shop\/kleine-elektrogeraete\/knetmaschinen\/smeg-set-fettuccine-pasta-sfoglia-zubehoer-knetmaschine-smf01-serie-50-jahre\/","name":"SMEG Set Fettuccine, Pasta Sfoglia Zubeh\u00f6r Knetmaschine SMF01 Serie 50 Jahre - dev6 Erresse","isPartOf":{"@id":"https:\/\/dev6.erresse-shop.it\/#website"},"primaryImageOfPage":{"@id":"https:\/\/dev6.erresse-shop.it\/de\/shop\/kleine-elektrogeraete\/knetmaschinen\/smeg-set-fettuccine-pasta-sfoglia-zubehoer-knetmaschine-smf01-serie-50-jahre\/#primaryimage"},"image":{"@id":"https:\/\/dev6.erresse-shop.it\/de\/shop\/kleine-elektrogeraete\/knetmaschinen\/smeg-set-fettuccine-pasta-sfoglia-zubehoer-knetmaschine-smf01-serie-50-jahre\/#primaryimage"},"thumbnailUrl":"https:\/\/i2.wp.com\/interpim.erresse-shop.it\/img-catalogo\/smeg\/smeg-accessori-pasta-impastatrice-2.jpg?ssl=1","datePublished":"2026-04-20T14:41:42+00:00","description":"SMEG Serie 50 Jahre Ein symbolisches Treffen, Symbole, die den Raum, den sie einnehmen, die neue kleine Linie von 50 Jahren drehen, die in Zusammenarbeit","breadcrumb":{"@id":"https:\/\/dev6.erresse-shop.it\/de\/shop\/kleine-elektrogeraete\/knetmaschinen\/smeg-set-fettuccine-pasta-sfoglia-zubehoer-knetmaschine-smf01-serie-50-jahre\/#breadcrumb"},"inLanguage":"de","potentialAction":[{"@type":"ReadAction","target":["https:\/\/dev6.erresse-shop.it\/de\/shop\/kleine-elektrogeraete\/knetmaschinen\/smeg-set-fettuccine-pasta-sfoglia-zubehoer-knetmaschine-smf01-serie-50-jahre\/"]}]},{"@type":"ImageObject","inLanguage":"de","@id":"https:\/\/dev6.erresse-shop.it\/de\/shop\/kleine-elektrogeraete\/knetmaschinen\/smeg-set-fettuccine-pasta-sfoglia-zubehoer-knetmaschine-smf01-serie-50-jahre\/#primaryimage","url":"https:\/\/i2.wp.com\/interpim.erresse-shop.it\/img-catalogo\/smeg\/smeg-accessori-pasta-impastatrice-2.jpg?ssl=1","contentUrl":"https:\/\/i2.wp.com\/interpim.erresse-shop.it\/img-catalogo\/smeg\/smeg-accessori-pasta-impastatrice-2.jpg?ssl=1"},{"@type":"BreadcrumbList","@id":"https:\/\/dev6.erresse-shop.it\/de\/shop\/kleine-elektrogeraete\/knetmaschinen\/smeg-set-fettuccine-pasta-sfoglia-zubehoer-knetmaschine-smf01-serie-50-jahre\/#breadcrumb","itemListElement":[{"@type":"ListItem","position":1,"name":"Home","item":"https:\/\/dev6.erresse-shop.it\/"},{"@type":"ListItem","position":2,"name":"Shop","item":"https:\/\/dev6.erresse-shop.it\/shop\/"},{"@type":"ListItem","position":3,"name":"SMEG Set Fettuccine, Pasta Sfoglia Zubeh\u00f6r Knetmaschine SMF01 Serie 50 Jahre"}]},{"@type":"WebSite","@id":"https:\/\/dev6.erresse-shop.it\/#website","url":"https:\/\/dev6.erresse-shop.it\/","name":"Erresse Shop","description":"","publisher":{"@id":"https:\/\/dev6.erresse-shop.it\/#organization"},"potentialAction":[{"@type":"SearchAction","target":{"@type":"EntryPoint","urlTemplate":"https:\/\/dev6.erresse-shop.it\/?s={search_term_string}"},"query-input":{"@type":"PropertyValueSpecification","valueRequired":true,"valueName":"search_term_string"}}],"inLanguage":"de"},{"@type":"Organization","@id":"https:\/\/dev6.erresse-shop.it\/#organization","name":"Erresse Shop","url":"https:\/\/dev6.erresse-shop.it\/","logo":{"@type":"ImageObject","inLanguage":"de","@id":"https:\/\/dev6.erresse-shop.it\/#\/schema\/logo\/image\/","url":"https:\/\/dev6.erresse-shop.it\/wp-content\/uploads\/2025\/01\/LOGO-ERRESSE-CLASSICO.svg","contentUrl":"https:\/\/dev6.erresse-shop.it\/wp-content\/uploads\/2025\/01\/LOGO-ERRESSE-CLASSICO.svg","caption":"Erresse Shop"},"image":{"@id":"https:\/\/dev6.erresse-shop.it\/#\/schema\/logo\/image\/"}}]}},"df_price":179.95,"df_sale_price":179.95,"df_regular_price":199,"df_image_link":"https:\/\/i2.wp.com\/interpim.erresse-shop.it\/img-catalogo\/smeg\/smeg-accessori-pasta-impastatrice-2.jpg?resize=300,300&ssl=1","fifu_image_url":"https:\/\/interpim.erresse-shop.it\/img-catalogo\/smeg\/smeg-accessori-pasta-impastatrice-2.jpg","_links":{"self":[{"href":"https:\/\/dev6.erresse-shop.it\/de\/wp-json\/wp\/v2\/product\/48327","targetHints":{"allow":["GET"]}}],"collection":[{"href":"https:\/\/dev6.erresse-shop.it\/de\/wp-json\/wp\/v2\/product"}],"about":[{"href":"https:\/\/dev6.erresse-shop.it\/de\/wp-json\/wp\/v2\/types\/product"}],"wp:featuredmedia":[{"embeddable":true,"href":"https:\/\/dev6.erresse-shop.it\/de\/wp-json\/wp\/v2\/media\/6681201"}],"wp:attachment":[{"href":"https:\/\/dev6.erresse-shop.it\/de\/wp-json\/wp\/v2\/media?parent=48327"}],"wp:term":[{"taxonomy":"product_cat","embeddable":true,"href":"https:\/\/dev6.erresse-shop.it\/de\/wp-json\/wp\/v2\/product_cat?post=48327"},{"taxonomy":"product_tag","embeddable":true,"href":"https:\/\/dev6.erresse-shop.it\/de\/wp-json\/wp\/v2\/product_tag?post=48327"}],"curies":[{"name":"wp","href":"https:\/\/api.w.org\/{rel}","templated":true}]}}