{"id":48317,"date":"2026-04-10T08:47:30","date_gmt":"2026-04-10T06:47:30","guid":{"rendered":"https:\/\/dev6.erresse-shop.it\/shop\/unkategorisiert\/magimix-kuechenmaschine-cuisine-5200xl-premium-chrom\/"},"modified":"2025-09-14T00:16:56","modified_gmt":"2025-09-13T22:16:56","slug":"magimix-kuechenmaschine-cuisine-5200xl-premium-chrom","status":"publish","type":"product","link":"https:\/\/dev6.erresse-shop.it\/de\/shop\/kleine-elektrogeraete\/kuechenmaschinen\/magimix-kuechenmaschine-cuisine-5200xl-premium-chrom\/","title":{"rendered":"MAGIMIX K\u00fcchenmaschine Cuisine 5200XL Premium chrom"},"content":{"rendered":"<p>MAGIMIX.\u00a0Es ist in Frankreich, im Herzen der Region Burgund, ber\u00fchmt f\u00fcr seine Gastronomie, da\u00df Magimix erfunden, vor mehr als vierzig Jahren, die K\u00fcchenmaschine.<br \/>\nHeute Magimix Ger\u00e4te sind die inl\u00e4ndische Version der Ger\u00e4te f\u00fcr Profis gedacht. Die besten Restaurants in der ganzen Welt nutzen die Profi-Version unserer Produkte.<br \/>\nIm Bereich Magimix, werden Sie die gesamte Palette der K\u00fcchenger\u00e4te zu finden.<br \/>\nImmer an der Spitze der Innovation in der K\u00fcche, ist stolz darauf, Magimix ihre neueste Kollektion f\u00fcr das Vergn\u00fcgen des Kochens als gro\u00dfer Koch zu pr\u00e4sentieren.<\/p>\n<p>CUISINE 5200XL PREMIUM<\/p>\n<p>Bowl gro\u00dfe 3,6-Liter-<br \/>\nBowl durchschnittlich 2,6 Liter<br \/>\nMini Sch\u00fcssel 1,2 Liter<br \/>\nKochbuch 40 Rezepte<br \/>\nSpatel 1<br \/>\nPaket einschlie\u00dflich W\u00fcrfel und Sticks<\/p>\n<p>Kapazit\u00e4t:<br \/>\nBrioche 1 kg<br \/>\nBrotteig 1,2 kg<br \/>\nPasta Brise 1,5 kg<br \/>\nSamtig 1,8 Liter<br \/>\nHackfleisch 1,4 kg<br \/>\nKarotten 1,4 kg<br \/>\n8 Eiwei\u00df<\/p>\n<p>Material 0% BPA<br \/>\nMotorleistung 1100 W<br \/>\nGarantie 3 Jahre<br \/>\nMotor Garantie 30 Jahre<br \/>\nMa\u00dfe H445 x L210 x P260 mm<br \/>\nGewicht 11 kg<br \/>\nMade in France<\/p>\n<p>Achtung: Der Netzstecker ist ein europ\u00e4ischer Schuko-Stecker.<\/p>\n<p>Nicht zum Verkauf au\u00dferhalb von Europa<\/p>\n","protected":false},"excerpt":{"rendered":"<p>MAGIMIX.\u00a0Es ist in Frankreich, im Herzen der Region Burgund, ber\u00fchmt f\u00fcr seine Gastronomie, da\u00df Magimix erfunden, vor mehr als vierzig Jahren, die K\u00fcchenmaschine. Heute Magimix Ger\u00e4te sind die inl\u00e4ndische Version der Ger\u00e4te f\u00fcr Profis gedacht. Die besten Restaurants in der ganzen Welt nutzen die Profi-Version unserer Produkte. Im Bereich Magimix, werden Sie die gesamte Palette [&hellip;]<\/p>\n","protected":false},"featured_media":6300381,"template":"","meta":{"_acf_changed":false},"product_cat":[12163,12174,11742],"product_tag":[],"class_list":{"0":"post-48317","1":"product","2":"type-product","3":"status-publish","4":"has-post-thumbnail","6":"product_cat-kleine-elektrogeraete","7":"product_cat-kuechenmaschinen","8":"product_cat-robot-da-cucina-impastatrici","10":"first","11":"instock","12":"sale","13":"taxable","14":"shipping-taxable","15":"purchasable","16":"product-type-simple","swatches":"rey-swatches","show_selected":"","stretch_labels":"rey-swatches--stretch-labels"},"acf":[],"yoast_head":"<!-- This site is optimized with the Yoast SEO plugin v25.4 - https:\/\/yoast.com\/wordpress\/plugins\/seo\/ -->\n<title>MAGIMIX K\u00fcchenmaschine Cuisine 5200XL Premium chrom - dev6 Erresse<\/title>\n<meta name=\"description\" content=\"MAGIMIX.\u00a0Es ist in Frankreich, im Herzen der Region Burgund, ber\u00fchmt f\u00fcr seine Gastronomie, da\u00df Magimix erfunden, vor mehr als vierzig Jahren, die\" \/>\n<meta name=\"robots\" content=\"noindex, follow, max-snippet:-1, max-image-preview:large, max-video-preview:-1\" \/>\n<meta property=\"og:locale\" content=\"de_DE\" \/>\n<meta property=\"og:type\" content=\"article\" \/>\n<meta property=\"og:title\" content=\"MAGIMIX K\u00fcchenmaschine Cuisine 5200XL Premium chrom - dev6 Erresse\" \/>\n<meta property=\"og:description\" content=\"MAGIMIX.\u00a0Es ist in Frankreich, im Herzen der Region Burgund, ber\u00fchmt f\u00fcr seine Gastronomie, da\u00df Magimix erfunden, vor mehr als vierzig Jahren, die\" \/>\n<meta property=\"og:url\" content=\"https:\/\/dev6.erresse-shop.it\/de\/shop\/kleine-elektrogeraete\/kuechenmaschinen\/magimix-kuechenmaschine-cuisine-5200xl-premium-chrom\/\" \/>\n<meta property=\"og:site_name\" content=\"dev6 Erresse\" \/>\n<meta property=\"og:image\" content=\"https:\/\/interpim.erresse-shop.it\/Import\/Prodotti\/magimix-5200xl-premium-grigio-con-accessori.jpg\" \/><meta property=\"og:image\" content=\"https:\/\/interpim.erresse-shop.it\/Import\/Prodotti\/magimix-5200xl-premium-grigio-con-accessori.jpg\" \/>\n\t<meta property=\"og:image:width\" content=\"1024\" \/>\n\t<meta property=\"og:image:height\" content=\"1024\" \/>\n\t<meta property=\"og:image:type\" content=\"image\/jpeg\" \/>\n<meta name=\"twitter:card\" content=\"summary_large_image\" \/>\n<meta name=\"twitter:image\" content=\"https:\/\/interpim.erresse-shop.it\/Import\/Prodotti\/magimix-5200xl-premium-grigio-con-accessori.jpg\" \/>\n<script type=\"application\/ld+json\" class=\"yoast-schema-graph\">{\"@context\":\"https:\/\/schema.org\",\"@graph\":[{\"@type\":\"WebPage\",\"@id\":\"https:\/\/dev6.erresse-shop.it\/de\/shop\/kleine-elektrogeraete\/kuechenmaschinen\/magimix-kuechenmaschine-cuisine-5200xl-premium-chrom\/\",\"url\":\"https:\/\/dev6.erresse-shop.it\/de\/shop\/kleine-elektrogeraete\/kuechenmaschinen\/magimix-kuechenmaschine-cuisine-5200xl-premium-chrom\/\",\"name\":\"MAGIMIX K\u00fcchenmaschine Cuisine 5200XL Premium chrom - dev6 Erresse\",\"isPartOf\":{\"@id\":\"https:\/\/dev6.erresse-shop.it\/#website\"},\"primaryImageOfPage\":{\"@id\":\"https:\/\/dev6.erresse-shop.it\/de\/shop\/kleine-elektrogeraete\/kuechenmaschinen\/magimix-kuechenmaschine-cuisine-5200xl-premium-chrom\/#primaryimage\"},\"image\":{\"@id\":\"https:\/\/dev6.erresse-shop.it\/de\/shop\/kleine-elektrogeraete\/kuechenmaschinen\/magimix-kuechenmaschine-cuisine-5200xl-premium-chrom\/#primaryimage\"},\"thumbnailUrl\":\"https:\/\/i0.wp.com\/interpim.erresse-shop.it\/Import\/Prodotti\/magimix-5200xl-premium-grigio-con-accessori.jpg?ssl=1\",\"datePublished\":\"2026-04-10T06:47:30+00:00\",\"description\":\"MAGIMIX.\u00a0Es ist in Frankreich, im Herzen der Region Burgund, ber\u00fchmt f\u00fcr seine Gastronomie, da\u00df Magimix erfunden, vor mehr als vierzig Jahren, die\",\"breadcrumb\":{\"@id\":\"https:\/\/dev6.erresse-shop.it\/de\/shop\/kleine-elektrogeraete\/kuechenmaschinen\/magimix-kuechenmaschine-cuisine-5200xl-premium-chrom\/#breadcrumb\"},\"inLanguage\":\"de\",\"potentialAction\":[{\"@type\":\"ReadAction\",\"target\":[\"https:\/\/dev6.erresse-shop.it\/de\/shop\/kleine-elektrogeraete\/kuechenmaschinen\/magimix-kuechenmaschine-cuisine-5200xl-premium-chrom\/\"]}]},{\"@type\":\"ImageObject\",\"inLanguage\":\"de\",\"@id\":\"https:\/\/dev6.erresse-shop.it\/de\/shop\/kleine-elektrogeraete\/kuechenmaschinen\/magimix-kuechenmaschine-cuisine-5200xl-premium-chrom\/#primaryimage\",\"url\":\"https:\/\/i0.wp.com\/interpim.erresse-shop.it\/Import\/Prodotti\/magimix-5200xl-premium-grigio-con-accessori.jpg?ssl=1\",\"contentUrl\":\"https:\/\/i0.wp.com\/interpim.erresse-shop.it\/Import\/Prodotti\/magimix-5200xl-premium-grigio-con-accessori.jpg?ssl=1\"},{\"@type\":\"BreadcrumbList\",\"@id\":\"https:\/\/dev6.erresse-shop.it\/de\/shop\/kleine-elektrogeraete\/kuechenmaschinen\/magimix-kuechenmaschine-cuisine-5200xl-premium-chrom\/#breadcrumb\",\"itemListElement\":[{\"@type\":\"ListItem\",\"position\":1,\"name\":\"Home\",\"item\":\"https:\/\/dev6.erresse-shop.it\/\"},{\"@type\":\"ListItem\",\"position\":2,\"name\":\"Shop\",\"item\":\"https:\/\/dev6.erresse-shop.it\/shop\/\"},{\"@type\":\"ListItem\",\"position\":3,\"name\":\"MAGIMIX K\u00fcchenmaschine Cuisine 5200XL Premium chrom\"}]},{\"@type\":\"WebSite\",\"@id\":\"https:\/\/dev6.erresse-shop.it\/#website\",\"url\":\"https:\/\/dev6.erresse-shop.it\/\",\"name\":\"Erresse Shop\",\"description\":\"\",\"publisher\":{\"@id\":\"https:\/\/dev6.erresse-shop.it\/#organization\"},\"potentialAction\":[{\"@type\":\"SearchAction\",\"target\":{\"@type\":\"EntryPoint\",\"urlTemplate\":\"https:\/\/dev6.erresse-shop.it\/?s={search_term_string}\"},\"query-input\":{\"@type\":\"PropertyValueSpecification\",\"valueRequired\":true,\"valueName\":\"search_term_string\"}}],\"inLanguage\":\"de\"},{\"@type\":\"Organization\",\"@id\":\"https:\/\/dev6.erresse-shop.it\/#organization\",\"name\":\"Erresse Shop\",\"url\":\"https:\/\/dev6.erresse-shop.it\/\",\"logo\":{\"@type\":\"ImageObject\",\"inLanguage\":\"de\",\"@id\":\"https:\/\/dev6.erresse-shop.it\/#\/schema\/logo\/image\/\",\"url\":\"https:\/\/dev6.erresse-shop.it\/wp-content\/uploads\/2025\/01\/LOGO-ERRESSE-CLASSICO.svg\",\"contentUrl\":\"https:\/\/dev6.erresse-shop.it\/wp-content\/uploads\/2025\/01\/LOGO-ERRESSE-CLASSICO.svg\",\"caption\":\"Erresse Shop\"},\"image\":{\"@id\":\"https:\/\/dev6.erresse-shop.it\/#\/schema\/logo\/image\/\"}}]}<\/script>\n<!-- \/ Yoast SEO plugin. -->","yoast_head_json":{"title":"MAGIMIX K\u00fcchenmaschine Cuisine 5200XL Premium chrom - dev6 Erresse","description":"MAGIMIX.\u00a0Es ist in Frankreich, im Herzen der Region Burgund, ber\u00fchmt f\u00fcr seine Gastronomie, da\u00df Magimix erfunden, vor mehr als vierzig Jahren, die","robots":{"index":"noindex","follow":"follow","max-snippet":"max-snippet:-1","max-image-preview":"max-image-preview:large","max-video-preview":"max-video-preview:-1"},"og_locale":"de_DE","og_type":"article","og_title":"MAGIMIX K\u00fcchenmaschine Cuisine 5200XL Premium chrom - dev6 Erresse","og_description":"MAGIMIX.\u00a0Es ist in Frankreich, im Herzen der Region Burgund, ber\u00fchmt f\u00fcr seine Gastronomie, da\u00df Magimix erfunden, vor mehr als vierzig Jahren, die","og_url":"https:\/\/dev6.erresse-shop.it\/de\/shop\/kleine-elektrogeraete\/kuechenmaschinen\/magimix-kuechenmaschine-cuisine-5200xl-premium-chrom\/","og_site_name":"dev6 Erresse","og_image":[{"url":"https:\/\/interpim.erresse-shop.it\/Import\/Prodotti\/magimix-5200xl-premium-grigio-con-accessori.jpg","type":"","width":"","height":""},{"url":"https:\/\/interpim.erresse-shop.it\/Import\/Prodotti\/magimix-5200xl-premium-grigio-con-accessori.jpg","width":1024,"height":1024,"type":"image\/jpeg"}],"twitter_card":"summary_large_image","twitter_image":"https:\/\/interpim.erresse-shop.it\/Import\/Prodotti\/magimix-5200xl-premium-grigio-con-accessori.jpg","schema":{"@context":"https:\/\/schema.org","@graph":[{"@type":"WebPage","@id":"https:\/\/dev6.erresse-shop.it\/de\/shop\/kleine-elektrogeraete\/kuechenmaschinen\/magimix-kuechenmaschine-cuisine-5200xl-premium-chrom\/","url":"https:\/\/dev6.erresse-shop.it\/de\/shop\/kleine-elektrogeraete\/kuechenmaschinen\/magimix-kuechenmaschine-cuisine-5200xl-premium-chrom\/","name":"MAGIMIX K\u00fcchenmaschine Cuisine 5200XL Premium chrom - dev6 Erresse","isPartOf":{"@id":"https:\/\/dev6.erresse-shop.it\/#website"},"primaryImageOfPage":{"@id":"https:\/\/dev6.erresse-shop.it\/de\/shop\/kleine-elektrogeraete\/kuechenmaschinen\/magimix-kuechenmaschine-cuisine-5200xl-premium-chrom\/#primaryimage"},"image":{"@id":"https:\/\/dev6.erresse-shop.it\/de\/shop\/kleine-elektrogeraete\/kuechenmaschinen\/magimix-kuechenmaschine-cuisine-5200xl-premium-chrom\/#primaryimage"},"thumbnailUrl":"https:\/\/i0.wp.com\/interpim.erresse-shop.it\/Import\/Prodotti\/magimix-5200xl-premium-grigio-con-accessori.jpg?ssl=1","datePublished":"2026-04-10T06:47:30+00:00","description":"MAGIMIX.\u00a0Es ist in Frankreich, im Herzen der Region Burgund, ber\u00fchmt f\u00fcr seine Gastronomie, da\u00df Magimix erfunden, vor mehr als vierzig Jahren, die","breadcrumb":{"@id":"https:\/\/dev6.erresse-shop.it\/de\/shop\/kleine-elektrogeraete\/kuechenmaschinen\/magimix-kuechenmaschine-cuisine-5200xl-premium-chrom\/#breadcrumb"},"inLanguage":"de","potentialAction":[{"@type":"ReadAction","target":["https:\/\/dev6.erresse-shop.it\/de\/shop\/kleine-elektrogeraete\/kuechenmaschinen\/magimix-kuechenmaschine-cuisine-5200xl-premium-chrom\/"]}]},{"@type":"ImageObject","inLanguage":"de","@id":"https:\/\/dev6.erresse-shop.it\/de\/shop\/kleine-elektrogeraete\/kuechenmaschinen\/magimix-kuechenmaschine-cuisine-5200xl-premium-chrom\/#primaryimage","url":"https:\/\/i0.wp.com\/interpim.erresse-shop.it\/Import\/Prodotti\/magimix-5200xl-premium-grigio-con-accessori.jpg?ssl=1","contentUrl":"https:\/\/i0.wp.com\/interpim.erresse-shop.it\/Import\/Prodotti\/magimix-5200xl-premium-grigio-con-accessori.jpg?ssl=1"},{"@type":"BreadcrumbList","@id":"https:\/\/dev6.erresse-shop.it\/de\/shop\/kleine-elektrogeraete\/kuechenmaschinen\/magimix-kuechenmaschine-cuisine-5200xl-premium-chrom\/#breadcrumb","itemListElement":[{"@type":"ListItem","position":1,"name":"Home","item":"https:\/\/dev6.erresse-shop.it\/"},{"@type":"ListItem","position":2,"name":"Shop","item":"https:\/\/dev6.erresse-shop.it\/shop\/"},{"@type":"ListItem","position":3,"name":"MAGIMIX K\u00fcchenmaschine Cuisine 5200XL Premium chrom"}]},{"@type":"WebSite","@id":"https:\/\/dev6.erresse-shop.it\/#website","url":"https:\/\/dev6.erresse-shop.it\/","name":"Erresse Shop","description":"","publisher":{"@id":"https:\/\/dev6.erresse-shop.it\/#organization"},"potentialAction":[{"@type":"SearchAction","target":{"@type":"EntryPoint","urlTemplate":"https:\/\/dev6.erresse-shop.it\/?s={search_term_string}"},"query-input":{"@type":"PropertyValueSpecification","valueRequired":true,"valueName":"search_term_string"}}],"inLanguage":"de"},{"@type":"Organization","@id":"https:\/\/dev6.erresse-shop.it\/#organization","name":"Erresse Shop","url":"https:\/\/dev6.erresse-shop.it\/","logo":{"@type":"ImageObject","inLanguage":"de","@id":"https:\/\/dev6.erresse-shop.it\/#\/schema\/logo\/image\/","url":"https:\/\/dev6.erresse-shop.it\/wp-content\/uploads\/2025\/01\/LOGO-ERRESSE-CLASSICO.svg","contentUrl":"https:\/\/dev6.erresse-shop.it\/wp-content\/uploads\/2025\/01\/LOGO-ERRESSE-CLASSICO.svg","caption":"Erresse Shop"},"image":{"@id":"https:\/\/dev6.erresse-shop.it\/#\/schema\/logo\/image\/"}}]}},"df_price":599.95,"df_sale_price":599.95,"df_regular_price":740,"df_image_link":"https:\/\/i0.wp.com\/interpim.erresse-shop.it\/Import\/Prodotti\/magimix-5200xl-premium-grigio-con-accessori.jpg?resize=300,300&ssl=1","fifu_image_url":"https:\/\/interpim.erresse-shop.it\/Import\/Prodotti\/magimix-5200xl-premium-grigio-con-accessori.jpg","_links":{"self":[{"href":"https:\/\/dev6.erresse-shop.it\/de\/wp-json\/wp\/v2\/product\/48317","targetHints":{"allow":["GET"]}}],"collection":[{"href":"https:\/\/dev6.erresse-shop.it\/de\/wp-json\/wp\/v2\/product"}],"about":[{"href":"https:\/\/dev6.erresse-shop.it\/de\/wp-json\/wp\/v2\/types\/product"}],"wp:featuredmedia":[{"embeddable":true,"href":"https:\/\/dev6.erresse-shop.it\/de\/wp-json\/wp\/v2\/media\/6300381"}],"wp:attachment":[{"href":"https:\/\/dev6.erresse-shop.it\/de\/wp-json\/wp\/v2\/media?parent=48317"}],"wp:term":[{"taxonomy":"product_cat","embeddable":true,"href":"https:\/\/dev6.erresse-shop.it\/de\/wp-json\/wp\/v2\/product_cat?post=48317"},{"taxonomy":"product_tag","embeddable":true,"href":"https:\/\/dev6.erresse-shop.it\/de\/wp-json\/wp\/v2\/product_tag?post=48317"}],"curies":[{"name":"wp","href":"https:\/\/api.w.org\/{rel}","templated":true}]}}