{"id":48193,"date":"2026-04-03T08:54:28","date_gmt":"2026-04-03T06:54:28","guid":{"rendered":"https:\/\/dev6.erresse-shop.it\/shop\/unkategorisiert\/gastrolux-hohe-bratpfanne-induktion-20-cm-abnehmbarer-griff\/"},"modified":"2025-11-22T17:45:26","modified_gmt":"2025-11-22T16:45:26","slug":"gastrolux-hohe-bratpfanne-induktion-20-cm-abnehmbarer-griff","status":"publish","type":"product","link":"https:\/\/dev6.erresse-shop.it\/de\/shop\/toepfe-pfannen\/gastrolux-hohe-bratpfanne-induktion-20-cm-abnehmbarer-griff\/","title":{"rendered":"GASTROLUX Hohe Bratpfanne Induktion 20 cm Abnehmbarer Griff"},"content":{"rendered":"<p>Die Antihaft-Kochfeste! Jetzt mit patentiertem abnehmbarem Griff. Das Gastrolux-Kochgeschirr ist das erste, das dank der Anwendung der Nano-Technologie hergestellt wird, die bereits in der Astrophysik und seit kurzem auch in der Chirurgie eingesetzt wird. Das brandneue System besteht darin, Mikropartikel mit doppelter Schallgeschwindigkeit und bei extrem hohen Temperaturen auf die zu behandelnde Oberfl\u00e4che zu schie\u00dfen. Diese molekulare Technologie ist mit BIOTAN angereichert: eine Antihaft-Oberfl\u00e4chenbehandlung auf der Basis nat\u00fcrlicher Bioorganismen, die eine au\u00dfergew\u00f6hnliche H\u00e4rte und eine hohe Resistenz gegen die Absorption von \u00d6l garantiert und so ein praktisches und gesundes Kochsystem f\u00fcr eine nahrhafte und schmackhafte K\u00fcche schafft. Antihaft-Gitterrost mit nicht verformbarem Thermoboden zur W\u00e4rmeverteilung und Energieeinsparung. Korpus aus 9 mm dickem Aluminiumguss, mit verst\u00e4rktem sto\u00dffestem Rand und komfortablem Zusatzgriff. Patentierter Griff ohne Schrauben und Nieten, widerstandsf\u00e4hig bis 260\u00b0, geeignet f\u00fcr folgende W\u00e4rmequellen: Gas, Backofen, Elektro, Glaskeramik und Induktion. Der Grill erm\u00f6glicht ein rauchfreies Kochen. Beschichtung garantiert 2 Jahre, Griff und Thermoboden garantiert 10 Jahre.<\/p>\n","protected":false},"excerpt":{"rendered":"<p>Die Antihaft-Kochfeste! Jetzt mit patentiertem abnehmbarem Griff. Das Gastrolux-Kochgeschirr ist das erste, das dank der Anwendung der Nano-Technologie hergestellt wird, die bereits in der Astrophysik und seit kurzem auch in der Chirurgie eingesetzt wird. Das brandneue System besteht darin, Mikropartikel mit doppelter Schallgeschwindigkeit und bei extrem hohen Temperaturen auf die zu behandelnde Oberfl\u00e4che zu schie\u00dfen. [&hellip;]<\/p>\n","protected":false},"featured_media":6216824,"template":"","meta":{"_acf_changed":false},"product_cat":[12099],"product_tag":[],"class_list":{"0":"post-48193","1":"product","2":"type-product","3":"status-publish","4":"has-post-thumbnail","6":"product_cat-toepfe-pfannen","8":"first","9":"outofstock","10":"sale","11":"taxable","12":"shipping-taxable","13":"purchasable","14":"product-type-simple","swatches":"rey-swatches","show_selected":"","stretch_labels":"rey-swatches--stretch-labels"},"acf":[],"yoast_head":"<!-- This site is optimized with the Yoast SEO plugin v25.4 - https:\/\/yoast.com\/wordpress\/plugins\/seo\/ -->\n<title>GASTROLUX Hohe Bratpfanne Induktion 20 cm Abnehmbarer Griff - dev6 Erresse<\/title>\n<meta name=\"description\" content=\"Die Antihaft-Kochfeste! Jetzt mit patentiertem abnehmbarem Griff. Das Gastrolux-Kochgeschirr ist das erste, das dank der Anwendung der Nano-Technologie\" \/>\n<meta name=\"robots\" content=\"noindex, follow, max-snippet:-1, max-image-preview:large, max-video-preview:-1\" \/>\n<meta property=\"og:locale\" content=\"de_DE\" \/>\n<meta property=\"og:type\" content=\"article\" \/>\n<meta property=\"og:title\" content=\"GASTROLUX Hohe Bratpfanne Induktion 20 cm Abnehmbarer Griff - dev6 Erresse\" \/>\n<meta property=\"og:description\" content=\"Die Antihaft-Kochfeste! Jetzt mit patentiertem abnehmbarem Griff. Das Gastrolux-Kochgeschirr ist das erste, das dank der Anwendung der Nano-Technologie\" \/>\n<meta property=\"og:url\" content=\"https:\/\/dev6.erresse-shop.it\/de\/shop\/toepfe-pfannen\/gastrolux-hohe-bratpfanne-induktion-20-cm-abnehmbarer-griff\/\" \/>\n<meta property=\"og:site_name\" content=\"dev6 Erresse\" \/>\n<meta property=\"og:image\" content=\"https:\/\/interpim.erresse-shop.it\/Import\/Prodotti\/gastrolux-padella-alta-induzione-20-cm-manico-removibile.jpg\" \/><meta property=\"og:image\" content=\"https:\/\/interpim.erresse-shop.it\/Import\/Prodotti\/gastrolux-padella-alta-induzione-20-cm-manico-removibile.jpg\" \/>\n\t<meta property=\"og:image:width\" content=\"1024\" \/>\n\t<meta property=\"og:image:height\" content=\"1024\" \/>\n\t<meta property=\"og:image:type\" content=\"image\/jpeg\" \/>\n<meta name=\"twitter:card\" content=\"summary_large_image\" \/>\n<meta name=\"twitter:image\" content=\"https:\/\/interpim.erresse-shop.it\/Import\/Prodotti\/gastrolux-padella-alta-induzione-20-cm-manico-removibile.jpg\" \/>\n<script type=\"application\/ld+json\" class=\"yoast-schema-graph\">{\"@context\":\"https:\/\/schema.org\",\"@graph\":[{\"@type\":\"WebPage\",\"@id\":\"https:\/\/dev6.erresse-shop.it\/de\/shop\/toepfe-pfannen\/gastrolux-hohe-bratpfanne-induktion-20-cm-abnehmbarer-griff\/\",\"url\":\"https:\/\/dev6.erresse-shop.it\/de\/shop\/toepfe-pfannen\/gastrolux-hohe-bratpfanne-induktion-20-cm-abnehmbarer-griff\/\",\"name\":\"GASTROLUX Hohe Bratpfanne Induktion 20 cm Abnehmbarer Griff - dev6 Erresse\",\"isPartOf\":{\"@id\":\"https:\/\/dev6.erresse-shop.it\/#website\"},\"primaryImageOfPage\":{\"@id\":\"https:\/\/dev6.erresse-shop.it\/de\/shop\/toepfe-pfannen\/gastrolux-hohe-bratpfanne-induktion-20-cm-abnehmbarer-griff\/#primaryimage\"},\"image\":{\"@id\":\"https:\/\/dev6.erresse-shop.it\/de\/shop\/toepfe-pfannen\/gastrolux-hohe-bratpfanne-induktion-20-cm-abnehmbarer-griff\/#primaryimage\"},\"thumbnailUrl\":\"https:\/\/i0.wp.com\/interpim.erresse-shop.it\/Import\/Prodotti\/gastrolux-padella-alta-induzione-20-cm-manico-removibile.jpg?ssl=1\",\"datePublished\":\"2026-04-03T06:54:28+00:00\",\"description\":\"Die Antihaft-Kochfeste! Jetzt mit patentiertem abnehmbarem Griff. Das Gastrolux-Kochgeschirr ist das erste, das dank der Anwendung der Nano-Technologie\",\"breadcrumb\":{\"@id\":\"https:\/\/dev6.erresse-shop.it\/de\/shop\/toepfe-pfannen\/gastrolux-hohe-bratpfanne-induktion-20-cm-abnehmbarer-griff\/#breadcrumb\"},\"inLanguage\":\"de\",\"potentialAction\":[{\"@type\":\"ReadAction\",\"target\":[\"https:\/\/dev6.erresse-shop.it\/de\/shop\/toepfe-pfannen\/gastrolux-hohe-bratpfanne-induktion-20-cm-abnehmbarer-griff\/\"]}]},{\"@type\":\"ImageObject\",\"inLanguage\":\"de\",\"@id\":\"https:\/\/dev6.erresse-shop.it\/de\/shop\/toepfe-pfannen\/gastrolux-hohe-bratpfanne-induktion-20-cm-abnehmbarer-griff\/#primaryimage\",\"url\":\"https:\/\/i0.wp.com\/interpim.erresse-shop.it\/Import\/Prodotti\/gastrolux-padella-alta-induzione-20-cm-manico-removibile.jpg?ssl=1\",\"contentUrl\":\"https:\/\/i0.wp.com\/interpim.erresse-shop.it\/Import\/Prodotti\/gastrolux-padella-alta-induzione-20-cm-manico-removibile.jpg?ssl=1\"},{\"@type\":\"BreadcrumbList\",\"@id\":\"https:\/\/dev6.erresse-shop.it\/de\/shop\/toepfe-pfannen\/gastrolux-hohe-bratpfanne-induktion-20-cm-abnehmbarer-griff\/#breadcrumb\",\"itemListElement\":[{\"@type\":\"ListItem\",\"position\":1,\"name\":\"Home\",\"item\":\"https:\/\/dev6.erresse-shop.it\/\"},{\"@type\":\"ListItem\",\"position\":2,\"name\":\"Shop\",\"item\":\"https:\/\/dev6.erresse-shop.it\/shop\/\"},{\"@type\":\"ListItem\",\"position\":3,\"name\":\"GASTROLUX Hohe Bratpfanne Induktion 20 cm Abnehmbarer Griff\"}]},{\"@type\":\"WebSite\",\"@id\":\"https:\/\/dev6.erresse-shop.it\/#website\",\"url\":\"https:\/\/dev6.erresse-shop.it\/\",\"name\":\"Erresse Shop\",\"description\":\"\",\"publisher\":{\"@id\":\"https:\/\/dev6.erresse-shop.it\/#organization\"},\"potentialAction\":[{\"@type\":\"SearchAction\",\"target\":{\"@type\":\"EntryPoint\",\"urlTemplate\":\"https:\/\/dev6.erresse-shop.it\/?s={search_term_string}\"},\"query-input\":{\"@type\":\"PropertyValueSpecification\",\"valueRequired\":true,\"valueName\":\"search_term_string\"}}],\"inLanguage\":\"de\"},{\"@type\":\"Organization\",\"@id\":\"https:\/\/dev6.erresse-shop.it\/#organization\",\"name\":\"Erresse Shop\",\"url\":\"https:\/\/dev6.erresse-shop.it\/\",\"logo\":{\"@type\":\"ImageObject\",\"inLanguage\":\"de\",\"@id\":\"https:\/\/dev6.erresse-shop.it\/#\/schema\/logo\/image\/\",\"url\":\"https:\/\/dev6.erresse-shop.it\/wp-content\/uploads\/2025\/01\/LOGO-ERRESSE-CLASSICO.svg\",\"contentUrl\":\"https:\/\/dev6.erresse-shop.it\/wp-content\/uploads\/2025\/01\/LOGO-ERRESSE-CLASSICO.svg\",\"caption\":\"Erresse Shop\"},\"image\":{\"@id\":\"https:\/\/dev6.erresse-shop.it\/#\/schema\/logo\/image\/\"}}]}<\/script>\n<!-- \/ Yoast SEO plugin. -->","yoast_head_json":{"title":"GASTROLUX Hohe Bratpfanne Induktion 20 cm Abnehmbarer Griff - dev6 Erresse","description":"Die Antihaft-Kochfeste! Jetzt mit patentiertem abnehmbarem Griff. Das Gastrolux-Kochgeschirr ist das erste, das dank der Anwendung der Nano-Technologie","robots":{"index":"noindex","follow":"follow","max-snippet":"max-snippet:-1","max-image-preview":"max-image-preview:large","max-video-preview":"max-video-preview:-1"},"og_locale":"de_DE","og_type":"article","og_title":"GASTROLUX Hohe Bratpfanne Induktion 20 cm Abnehmbarer Griff - dev6 Erresse","og_description":"Die Antihaft-Kochfeste! Jetzt mit patentiertem abnehmbarem Griff. Das Gastrolux-Kochgeschirr ist das erste, das dank der Anwendung der Nano-Technologie","og_url":"https:\/\/dev6.erresse-shop.it\/de\/shop\/toepfe-pfannen\/gastrolux-hohe-bratpfanne-induktion-20-cm-abnehmbarer-griff\/","og_site_name":"dev6 Erresse","og_image":[{"url":"https:\/\/interpim.erresse-shop.it\/Import\/Prodotti\/gastrolux-padella-alta-induzione-20-cm-manico-removibile.jpg","type":"","width":"","height":""},{"url":"https:\/\/interpim.erresse-shop.it\/Import\/Prodotti\/gastrolux-padella-alta-induzione-20-cm-manico-removibile.jpg","width":1024,"height":1024,"type":"image\/jpeg"}],"twitter_card":"summary_large_image","twitter_image":"https:\/\/interpim.erresse-shop.it\/Import\/Prodotti\/gastrolux-padella-alta-induzione-20-cm-manico-removibile.jpg","schema":{"@context":"https:\/\/schema.org","@graph":[{"@type":"WebPage","@id":"https:\/\/dev6.erresse-shop.it\/de\/shop\/toepfe-pfannen\/gastrolux-hohe-bratpfanne-induktion-20-cm-abnehmbarer-griff\/","url":"https:\/\/dev6.erresse-shop.it\/de\/shop\/toepfe-pfannen\/gastrolux-hohe-bratpfanne-induktion-20-cm-abnehmbarer-griff\/","name":"GASTROLUX Hohe Bratpfanne Induktion 20 cm Abnehmbarer Griff - dev6 Erresse","isPartOf":{"@id":"https:\/\/dev6.erresse-shop.it\/#website"},"primaryImageOfPage":{"@id":"https:\/\/dev6.erresse-shop.it\/de\/shop\/toepfe-pfannen\/gastrolux-hohe-bratpfanne-induktion-20-cm-abnehmbarer-griff\/#primaryimage"},"image":{"@id":"https:\/\/dev6.erresse-shop.it\/de\/shop\/toepfe-pfannen\/gastrolux-hohe-bratpfanne-induktion-20-cm-abnehmbarer-griff\/#primaryimage"},"thumbnailUrl":"https:\/\/i0.wp.com\/interpim.erresse-shop.it\/Import\/Prodotti\/gastrolux-padella-alta-induzione-20-cm-manico-removibile.jpg?ssl=1","datePublished":"2026-04-03T06:54:28+00:00","description":"Die Antihaft-Kochfeste! Jetzt mit patentiertem abnehmbarem Griff. Das Gastrolux-Kochgeschirr ist das erste, das dank der Anwendung der Nano-Technologie","breadcrumb":{"@id":"https:\/\/dev6.erresse-shop.it\/de\/shop\/toepfe-pfannen\/gastrolux-hohe-bratpfanne-induktion-20-cm-abnehmbarer-griff\/#breadcrumb"},"inLanguage":"de","potentialAction":[{"@type":"ReadAction","target":["https:\/\/dev6.erresse-shop.it\/de\/shop\/toepfe-pfannen\/gastrolux-hohe-bratpfanne-induktion-20-cm-abnehmbarer-griff\/"]}]},{"@type":"ImageObject","inLanguage":"de","@id":"https:\/\/dev6.erresse-shop.it\/de\/shop\/toepfe-pfannen\/gastrolux-hohe-bratpfanne-induktion-20-cm-abnehmbarer-griff\/#primaryimage","url":"https:\/\/i0.wp.com\/interpim.erresse-shop.it\/Import\/Prodotti\/gastrolux-padella-alta-induzione-20-cm-manico-removibile.jpg?ssl=1","contentUrl":"https:\/\/i0.wp.com\/interpim.erresse-shop.it\/Import\/Prodotti\/gastrolux-padella-alta-induzione-20-cm-manico-removibile.jpg?ssl=1"},{"@type":"BreadcrumbList","@id":"https:\/\/dev6.erresse-shop.it\/de\/shop\/toepfe-pfannen\/gastrolux-hohe-bratpfanne-induktion-20-cm-abnehmbarer-griff\/#breadcrumb","itemListElement":[{"@type":"ListItem","position":1,"name":"Home","item":"https:\/\/dev6.erresse-shop.it\/"},{"@type":"ListItem","position":2,"name":"Shop","item":"https:\/\/dev6.erresse-shop.it\/shop\/"},{"@type":"ListItem","position":3,"name":"GASTROLUX Hohe Bratpfanne Induktion 20 cm Abnehmbarer Griff"}]},{"@type":"WebSite","@id":"https:\/\/dev6.erresse-shop.it\/#website","url":"https:\/\/dev6.erresse-shop.it\/","name":"Erresse Shop","description":"","publisher":{"@id":"https:\/\/dev6.erresse-shop.it\/#organization"},"potentialAction":[{"@type":"SearchAction","target":{"@type":"EntryPoint","urlTemplate":"https:\/\/dev6.erresse-shop.it\/?s={search_term_string}"},"query-input":{"@type":"PropertyValueSpecification","valueRequired":true,"valueName":"search_term_string"}}],"inLanguage":"de"},{"@type":"Organization","@id":"https:\/\/dev6.erresse-shop.it\/#organization","name":"Erresse Shop","url":"https:\/\/dev6.erresse-shop.it\/","logo":{"@type":"ImageObject","inLanguage":"de","@id":"https:\/\/dev6.erresse-shop.it\/#\/schema\/logo\/image\/","url":"https:\/\/dev6.erresse-shop.it\/wp-content\/uploads\/2025\/01\/LOGO-ERRESSE-CLASSICO.svg","contentUrl":"https:\/\/dev6.erresse-shop.it\/wp-content\/uploads\/2025\/01\/LOGO-ERRESSE-CLASSICO.svg","caption":"Erresse Shop"},"image":{"@id":"https:\/\/dev6.erresse-shop.it\/#\/schema\/logo\/image\/"}}]}},"df_price":119,"df_sale_price":119,"df_regular_price":147,"df_image_link":"https:\/\/i0.wp.com\/interpim.erresse-shop.it\/Import\/Prodotti\/gastrolux-padella-alta-induzione-20-cm-manico-removibile.jpg?resize=300,300&ssl=1","fifu_image_url":"https:\/\/interpim.erresse-shop.it\/Import\/Prodotti\/gastrolux-padella-alta-induzione-20-cm-manico-removibile.jpg","_links":{"self":[{"href":"https:\/\/dev6.erresse-shop.it\/de\/wp-json\/wp\/v2\/product\/48193","targetHints":{"allow":["GET"]}}],"collection":[{"href":"https:\/\/dev6.erresse-shop.it\/de\/wp-json\/wp\/v2\/product"}],"about":[{"href":"https:\/\/dev6.erresse-shop.it\/de\/wp-json\/wp\/v2\/types\/product"}],"wp:featuredmedia":[{"embeddable":true,"href":"https:\/\/dev6.erresse-shop.it\/de\/wp-json\/wp\/v2\/media\/6216824"}],"wp:attachment":[{"href":"https:\/\/dev6.erresse-shop.it\/de\/wp-json\/wp\/v2\/media?parent=48193"}],"wp:term":[{"taxonomy":"product_cat","embeddable":true,"href":"https:\/\/dev6.erresse-shop.it\/de\/wp-json\/wp\/v2\/product_cat?post=48193"},{"taxonomy":"product_tag","embeddable":true,"href":"https:\/\/dev6.erresse-shop.it\/de\/wp-json\/wp\/v2\/product_tag?post=48193"}],"curies":[{"name":"wp","href":"https:\/\/api.w.org\/{rel}","templated":true}]}}