{"id":48109,"date":"2026-04-15T08:06:35","date_gmt":"2026-04-15T06:06:35","guid":{"rendered":"https:\/\/dev6.erresse-shop.it\/shop\/unkategorisiert\/magimix-multifunktions-dampfer\/"},"modified":"2025-07-19T03:39:57","modified_gmt":"2025-07-19T01:39:57","slug":"magimix-multifunktions-dampfer","status":"publish","type":"product","link":"https:\/\/dev6.erresse-shop.it\/de\/shop\/kleine-elektrogeraete\/dampfgarer\/magimix-multifunktions-dampfer\/","title":{"rendered":"MAGIMIX Multifunktions-Dampfer"},"content":{"rendered":"<p>MAGIMIX.\u00a0Es ist in Frankreich, im Herzen der Region Burgund, ber\u00fchmt f\u00fcr seine Gastronomie, da\u00df Magimix erfunden, vor mehr als vierzig Jahren, die K\u00fcchenmaschine.<br \/>\nHeute Magimix Ger\u00e4te sind die inl\u00e4ndische Version der Ger\u00e4te f\u00fcr Profis gedacht. Die besten Restaurants in der ganzen Welt nutzen die Profi-Version unserer Produkte.<br \/>\nIm Bereich Magimix, werden Sie die gesamte Palette der K\u00fcchenger\u00e4te zu finden.<br \/>\nImmer an der Spitze der Innovation in der K\u00fcche, ist stolz darauf, Magimix ihre neueste Kollektion f\u00fcr das Vergn\u00fcgen des Kochens als gro\u00dfer Koch zu pr\u00e4sentieren.<\/p>\n<p>Multifunktions-Dampfer<\/p>\n<p>Steaming kombiniert Gesundheit und Geschmack der Speisen! Das Gem\u00fcse ist frisch, das Fleisch gut gekocht bleiben weicher, Fisch ihre Aroma \u2026<br \/>\nResistance extrem leistungsf\u00e4hige (1900 W), um schnell an die Temperatur.<br \/>\n2 K\u00f6rben in Edelstahl 5,5 Liter, um gleichzeitig kochen verschiedene Lebensmittel und die Erhaltung der Vitamine und Aromen der einzelnen Lebensmittel.<br \/>\nVolume maxi: Der Oberkorb hat einen abnehmbaren Boden, um die Kapazit\u00e4t zu variieren und kochen gr\u00f6\u00dfere St\u00fccke (Huhn, Artischocken, \u2026).<br \/>\nGesamtkapazit\u00e4t: 12,2 Liter.<\/p>\n<p>TECHNISCHE BESCHREIBUNG<br \/>\nKapazit\u00e4t 2 K\u00f6rbe mit 5,5 Liter<br \/>\n4 vorprogrammierte Funktionen: Dampf, Fisch, Joghurt, Chafing<br \/>\nDampf \u2013 100 \u00b0 Fleisch, Gem\u00fcse, Reis, Dessert<br \/>\nFish \u2013 80 \u00b0 schonendes Garen die Konsistenz der Fische zu respektieren<br \/>\nChafing \u2013 60 \u00b0 warm zu halten oder zu heizen<br \/>\nYogurt \u2013 40 hausgemachten Joghurt<br \/>\nVolume maxi 12,2 l Korb mit abnehmbaren Boden<br \/>\n1,2-Liter-Edelstahl-Wassertank<br \/>\nDigitale Zeitschaltuhr mit automatischer Abschaltung<br \/>\nMultifunktions-Edelstahl-Basketball<br \/>\nSupport integriert Eier, f\u00fcr 6 Eier<br \/>\nDampfzahnradstahl<br \/>\nDeckglas<br \/>\nAbnehmbares Kabel<br \/>\nSp\u00fclmaschinenfest<br \/>\nSicherheitslastbetrieb, Ton-Anzeige<\/p>\n<p>Material 0% BPA<br \/>\nPower 1900 W<br \/>\nGarantie 3 Jahre<br \/>\nMa\u00dfe H295 x L390 x P261 mm<br \/>\nGewicht 4,3 kg<\/p>\n<p>Please note:\u00a0the power plug is European Schuko<\/p>\n<p>Not for sale outside from Europe<\/p>\n","protected":false},"excerpt":{"rendered":"<p>MAGIMIX.\u00a0Es ist in Frankreich, im Herzen der Region Burgund, ber\u00fchmt f\u00fcr seine Gastronomie, da\u00df Magimix erfunden, vor mehr als vierzig Jahren, die K\u00fcchenmaschine. Heute Magimix Ger\u00e4te sind die inl\u00e4ndische Version der Ger\u00e4te f\u00fcr Profis gedacht. Die besten Restaurants in der ganzen Welt nutzen die Profi-Version unserer Produkte. Im Bereich Magimix, werden Sie die gesamte Palette [&hellip;]<\/p>\n","protected":false},"featured_media":6383136,"template":"","meta":{"_acf_changed":false},"product_cat":[12204,12163,11772],"product_tag":[],"class_list":{"0":"post-48109","1":"product","2":"type-product","3":"status-publish","4":"has-post-thumbnail","6":"product_cat-dampfgarer","7":"product_cat-kleine-elektrogeraete","8":"product_cat-vaporiere","10":"first","11":"instock","12":"sale","13":"taxable","14":"shipping-taxable","15":"purchasable","16":"product-type-simple","swatches":"rey-swatches","show_selected":"","stretch_labels":"rey-swatches--stretch-labels"},"acf":[],"yoast_head":"<!-- This site is optimized with the Yoast SEO plugin v25.4 - https:\/\/yoast.com\/wordpress\/plugins\/seo\/ -->\n<title>MAGIMIX Multifunktions-Dampfer - dev6 Erresse<\/title>\n<meta name=\"description\" content=\"MAGIMIX.\u00a0Es ist in Frankreich, im Herzen der Region Burgund, ber\u00fchmt f\u00fcr seine Gastronomie, da\u00df Magimix erfunden, vor mehr als vierzig Jahren, die\" \/>\n<meta name=\"robots\" content=\"noindex, follow, max-snippet:-1, max-image-preview:large, max-video-preview:-1\" \/>\n<meta property=\"og:locale\" content=\"de_DE\" \/>\n<meta property=\"og:type\" content=\"article\" \/>\n<meta property=\"og:title\" content=\"MAGIMIX Multifunktions-Dampfer - dev6 Erresse\" \/>\n<meta property=\"og:description\" content=\"MAGIMIX.\u00a0Es ist in Frankreich, im Herzen der Region Burgund, ber\u00fchmt f\u00fcr seine Gastronomie, da\u00df Magimix erfunden, vor mehr als vierzig Jahren, die\" \/>\n<meta property=\"og:url\" content=\"https:\/\/dev6.erresse-shop.it\/de\/shop\/kleine-elektrogeraete\/dampfgarer\/magimix-multifunktions-dampfer\/\" \/>\n<meta property=\"og:site_name\" content=\"dev6 Erresse\" \/>\n<meta property=\"og:image\" content=\"https:\/\/interpim.erresse-shop.it\/Import\/Prodotti\/products-63177606111581.jpg\" \/><meta property=\"og:image\" content=\"https:\/\/interpim.erresse-shop.it\/Import\/Prodotti\/products-63177606111581.jpg\" \/>\n\t<meta property=\"og:image:width\" content=\"1024\" \/>\n\t<meta property=\"og:image:height\" content=\"1024\" \/>\n\t<meta property=\"og:image:type\" content=\"image\/jpeg\" \/>\n<meta name=\"twitter:card\" content=\"summary_large_image\" \/>\n<meta name=\"twitter:image\" content=\"https:\/\/interpim.erresse-shop.it\/Import\/Prodotti\/products-63177606111581.jpg\" \/>\n<script type=\"application\/ld+json\" class=\"yoast-schema-graph\">{\"@context\":\"https:\/\/schema.org\",\"@graph\":[{\"@type\":\"WebPage\",\"@id\":\"https:\/\/dev6.erresse-shop.it\/de\/shop\/kleine-elektrogeraete\/dampfgarer\/magimix-multifunktions-dampfer\/\",\"url\":\"https:\/\/dev6.erresse-shop.it\/de\/shop\/kleine-elektrogeraete\/dampfgarer\/magimix-multifunktions-dampfer\/\",\"name\":\"MAGIMIX Multifunktions-Dampfer - dev6 Erresse\",\"isPartOf\":{\"@id\":\"https:\/\/dev6.erresse-shop.it\/#website\"},\"primaryImageOfPage\":{\"@id\":\"https:\/\/dev6.erresse-shop.it\/de\/shop\/kleine-elektrogeraete\/dampfgarer\/magimix-multifunktions-dampfer\/#primaryimage\"},\"image\":{\"@id\":\"https:\/\/dev6.erresse-shop.it\/de\/shop\/kleine-elektrogeraete\/dampfgarer\/magimix-multifunktions-dampfer\/#primaryimage\"},\"thumbnailUrl\":\"https:\/\/i2.wp.com\/interpim.erresse-shop.it\/Import\/Prodotti\/products-63177606111581.jpg?ssl=1\",\"datePublished\":\"2026-04-15T06:06:35+00:00\",\"description\":\"MAGIMIX.\u00a0Es ist in Frankreich, im Herzen der Region Burgund, ber\u00fchmt f\u00fcr seine Gastronomie, da\u00df Magimix erfunden, vor mehr als vierzig Jahren, die\",\"breadcrumb\":{\"@id\":\"https:\/\/dev6.erresse-shop.it\/de\/shop\/kleine-elektrogeraete\/dampfgarer\/magimix-multifunktions-dampfer\/#breadcrumb\"},\"inLanguage\":\"de\",\"potentialAction\":[{\"@type\":\"ReadAction\",\"target\":[\"https:\/\/dev6.erresse-shop.it\/de\/shop\/kleine-elektrogeraete\/dampfgarer\/magimix-multifunktions-dampfer\/\"]}]},{\"@type\":\"ImageObject\",\"inLanguage\":\"de\",\"@id\":\"https:\/\/dev6.erresse-shop.it\/de\/shop\/kleine-elektrogeraete\/dampfgarer\/magimix-multifunktions-dampfer\/#primaryimage\",\"url\":\"https:\/\/i2.wp.com\/interpim.erresse-shop.it\/Import\/Prodotti\/products-63177606111581.jpg?ssl=1\",\"contentUrl\":\"https:\/\/i2.wp.com\/interpim.erresse-shop.it\/Import\/Prodotti\/products-63177606111581.jpg?ssl=1\"},{\"@type\":\"BreadcrumbList\",\"@id\":\"https:\/\/dev6.erresse-shop.it\/de\/shop\/kleine-elektrogeraete\/dampfgarer\/magimix-multifunktions-dampfer\/#breadcrumb\",\"itemListElement\":[{\"@type\":\"ListItem\",\"position\":1,\"name\":\"Home\",\"item\":\"https:\/\/dev6.erresse-shop.it\/\"},{\"@type\":\"ListItem\",\"position\":2,\"name\":\"Shop\",\"item\":\"https:\/\/dev6.erresse-shop.it\/shop\/\"},{\"@type\":\"ListItem\",\"position\":3,\"name\":\"MAGIMIX Multifunktions-Dampfer\"}]},{\"@type\":\"WebSite\",\"@id\":\"https:\/\/dev6.erresse-shop.it\/#website\",\"url\":\"https:\/\/dev6.erresse-shop.it\/\",\"name\":\"Erresse Shop\",\"description\":\"\",\"publisher\":{\"@id\":\"https:\/\/dev6.erresse-shop.it\/#organization\"},\"potentialAction\":[{\"@type\":\"SearchAction\",\"target\":{\"@type\":\"EntryPoint\",\"urlTemplate\":\"https:\/\/dev6.erresse-shop.it\/?s={search_term_string}\"},\"query-input\":{\"@type\":\"PropertyValueSpecification\",\"valueRequired\":true,\"valueName\":\"search_term_string\"}}],\"inLanguage\":\"de\"},{\"@type\":\"Organization\",\"@id\":\"https:\/\/dev6.erresse-shop.it\/#organization\",\"name\":\"Erresse Shop\",\"url\":\"https:\/\/dev6.erresse-shop.it\/\",\"logo\":{\"@type\":\"ImageObject\",\"inLanguage\":\"de\",\"@id\":\"https:\/\/dev6.erresse-shop.it\/#\/schema\/logo\/image\/\",\"url\":\"https:\/\/dev6.erresse-shop.it\/wp-content\/uploads\/2025\/01\/LOGO-ERRESSE-CLASSICO.svg\",\"contentUrl\":\"https:\/\/dev6.erresse-shop.it\/wp-content\/uploads\/2025\/01\/LOGO-ERRESSE-CLASSICO.svg\",\"caption\":\"Erresse Shop\"},\"image\":{\"@id\":\"https:\/\/dev6.erresse-shop.it\/#\/schema\/logo\/image\/\"}}]}<\/script>\n<!-- \/ Yoast SEO plugin. -->","yoast_head_json":{"title":"MAGIMIX Multifunktions-Dampfer - dev6 Erresse","description":"MAGIMIX.\u00a0Es ist in Frankreich, im Herzen der Region Burgund, ber\u00fchmt f\u00fcr seine Gastronomie, da\u00df Magimix erfunden, vor mehr als vierzig Jahren, die","robots":{"index":"noindex","follow":"follow","max-snippet":"max-snippet:-1","max-image-preview":"max-image-preview:large","max-video-preview":"max-video-preview:-1"},"og_locale":"de_DE","og_type":"article","og_title":"MAGIMIX Multifunktions-Dampfer - dev6 Erresse","og_description":"MAGIMIX.\u00a0Es ist in Frankreich, im Herzen der Region Burgund, ber\u00fchmt f\u00fcr seine Gastronomie, da\u00df Magimix erfunden, vor mehr als vierzig Jahren, die","og_url":"https:\/\/dev6.erresse-shop.it\/de\/shop\/kleine-elektrogeraete\/dampfgarer\/magimix-multifunktions-dampfer\/","og_site_name":"dev6 Erresse","og_image":[{"url":"https:\/\/interpim.erresse-shop.it\/Import\/Prodotti\/products-63177606111581.jpg","type":"","width":"","height":""},{"url":"https:\/\/interpim.erresse-shop.it\/Import\/Prodotti\/products-63177606111581.jpg","width":1024,"height":1024,"type":"image\/jpeg"}],"twitter_card":"summary_large_image","twitter_image":"https:\/\/interpim.erresse-shop.it\/Import\/Prodotti\/products-63177606111581.jpg","schema":{"@context":"https:\/\/schema.org","@graph":[{"@type":"WebPage","@id":"https:\/\/dev6.erresse-shop.it\/de\/shop\/kleine-elektrogeraete\/dampfgarer\/magimix-multifunktions-dampfer\/","url":"https:\/\/dev6.erresse-shop.it\/de\/shop\/kleine-elektrogeraete\/dampfgarer\/magimix-multifunktions-dampfer\/","name":"MAGIMIX Multifunktions-Dampfer - dev6 Erresse","isPartOf":{"@id":"https:\/\/dev6.erresse-shop.it\/#website"},"primaryImageOfPage":{"@id":"https:\/\/dev6.erresse-shop.it\/de\/shop\/kleine-elektrogeraete\/dampfgarer\/magimix-multifunktions-dampfer\/#primaryimage"},"image":{"@id":"https:\/\/dev6.erresse-shop.it\/de\/shop\/kleine-elektrogeraete\/dampfgarer\/magimix-multifunktions-dampfer\/#primaryimage"},"thumbnailUrl":"https:\/\/i2.wp.com\/interpim.erresse-shop.it\/Import\/Prodotti\/products-63177606111581.jpg?ssl=1","datePublished":"2026-04-15T06:06:35+00:00","description":"MAGIMIX.\u00a0Es ist in Frankreich, im Herzen der Region Burgund, ber\u00fchmt f\u00fcr seine Gastronomie, da\u00df Magimix erfunden, vor mehr als vierzig Jahren, die","breadcrumb":{"@id":"https:\/\/dev6.erresse-shop.it\/de\/shop\/kleine-elektrogeraete\/dampfgarer\/magimix-multifunktions-dampfer\/#breadcrumb"},"inLanguage":"de","potentialAction":[{"@type":"ReadAction","target":["https:\/\/dev6.erresse-shop.it\/de\/shop\/kleine-elektrogeraete\/dampfgarer\/magimix-multifunktions-dampfer\/"]}]},{"@type":"ImageObject","inLanguage":"de","@id":"https:\/\/dev6.erresse-shop.it\/de\/shop\/kleine-elektrogeraete\/dampfgarer\/magimix-multifunktions-dampfer\/#primaryimage","url":"https:\/\/i2.wp.com\/interpim.erresse-shop.it\/Import\/Prodotti\/products-63177606111581.jpg?ssl=1","contentUrl":"https:\/\/i2.wp.com\/interpim.erresse-shop.it\/Import\/Prodotti\/products-63177606111581.jpg?ssl=1"},{"@type":"BreadcrumbList","@id":"https:\/\/dev6.erresse-shop.it\/de\/shop\/kleine-elektrogeraete\/dampfgarer\/magimix-multifunktions-dampfer\/#breadcrumb","itemListElement":[{"@type":"ListItem","position":1,"name":"Home","item":"https:\/\/dev6.erresse-shop.it\/"},{"@type":"ListItem","position":2,"name":"Shop","item":"https:\/\/dev6.erresse-shop.it\/shop\/"},{"@type":"ListItem","position":3,"name":"MAGIMIX Multifunktions-Dampfer"}]},{"@type":"WebSite","@id":"https:\/\/dev6.erresse-shop.it\/#website","url":"https:\/\/dev6.erresse-shop.it\/","name":"Erresse Shop","description":"","publisher":{"@id":"https:\/\/dev6.erresse-shop.it\/#organization"},"potentialAction":[{"@type":"SearchAction","target":{"@type":"EntryPoint","urlTemplate":"https:\/\/dev6.erresse-shop.it\/?s={search_term_string}"},"query-input":{"@type":"PropertyValueSpecification","valueRequired":true,"valueName":"search_term_string"}}],"inLanguage":"de"},{"@type":"Organization","@id":"https:\/\/dev6.erresse-shop.it\/#organization","name":"Erresse Shop","url":"https:\/\/dev6.erresse-shop.it\/","logo":{"@type":"ImageObject","inLanguage":"de","@id":"https:\/\/dev6.erresse-shop.it\/#\/schema\/logo\/image\/","url":"https:\/\/dev6.erresse-shop.it\/wp-content\/uploads\/2025\/01\/LOGO-ERRESSE-CLASSICO.svg","contentUrl":"https:\/\/dev6.erresse-shop.it\/wp-content\/uploads\/2025\/01\/LOGO-ERRESSE-CLASSICO.svg","caption":"Erresse Shop"},"image":{"@id":"https:\/\/dev6.erresse-shop.it\/#\/schema\/logo\/image\/"}}]}},"df_price":269.95,"df_sale_price":269.95,"df_regular_price":320,"df_image_link":"https:\/\/i2.wp.com\/interpim.erresse-shop.it\/Import\/Prodotti\/products-63177606111581.jpg?resize=300,300&ssl=1","fifu_image_url":"https:\/\/interpim.erresse-shop.it\/Import\/Prodotti\/products-63177606111581.jpg","_links":{"self":[{"href":"https:\/\/dev6.erresse-shop.it\/de\/wp-json\/wp\/v2\/product\/48109","targetHints":{"allow":["GET"]}}],"collection":[{"href":"https:\/\/dev6.erresse-shop.it\/de\/wp-json\/wp\/v2\/product"}],"about":[{"href":"https:\/\/dev6.erresse-shop.it\/de\/wp-json\/wp\/v2\/types\/product"}],"wp:featuredmedia":[{"embeddable":true,"href":"https:\/\/dev6.erresse-shop.it\/de\/wp-json\/wp\/v2\/media\/6383136"}],"wp:attachment":[{"href":"https:\/\/dev6.erresse-shop.it\/de\/wp-json\/wp\/v2\/media?parent=48109"}],"wp:term":[{"taxonomy":"product_cat","embeddable":true,"href":"https:\/\/dev6.erresse-shop.it\/de\/wp-json\/wp\/v2\/product_cat?post=48109"},{"taxonomy":"product_tag","embeddable":true,"href":"https:\/\/dev6.erresse-shop.it\/de\/wp-json\/wp\/v2\/product_tag?post=48109"}],"curies":[{"name":"wp","href":"https:\/\/api.w.org\/{rel}","templated":true}]}}