{"id":48031,"date":"2026-04-12T08:06:51","date_gmt":"2026-04-12T06:06:51","guid":{"rendered":"https:\/\/dev6.erresse-shop.it\/shop\/unkategorisiert\/seletti-hybrid-obstteller-valdrada-20-cm\/"},"modified":"2025-09-14T00:14:21","modified_gmt":"2025-09-13T22:14:21","slug":"seletti-hybrid-obstteller-valdrada-20-cm","status":"publish","type":"product","link":"https:\/\/dev6.erresse-shop.it\/de\/shop\/tisch\/teller-geschirr\/seletti-hybrid-obstteller-valdrada-20-cm\/","title":{"rendered":"SELETTI Hybrid Obstteller VALDRADA 20 cm"},"content":{"rendered":"<p>Wenn sich Ost und West verbinden. Eine Sammlung, die die alte historische westliche und \u00f6stliche Keramikproduktion widerspiegelt. Hybride Dekore, die aus einer komplexen Vergangenheit stammen und sich zu zeitgen\u00f6ssischen Formen entwickeln.<\/p>\n<p>Entwurf: STRGZAK<br \/>\nMaterial: Porzellan<br \/>\nGr\u00f6\u00dfe: \u00f8 cm 20 h 1,6<\/p>\n","protected":false},"excerpt":{"rendered":"<p>Wenn sich Ost und West verbinden. Eine Sammlung, die die alte historische westliche und \u00f6stliche Keramikproduktion widerspiegelt. Hybride Dekore, die aus einer komplexen Vergangenheit stammen und sich zu zeitgen\u00f6ssischen Formen entwickeln. Entwurf: STRGZAK Material: Porzellan Gr\u00f6\u00dfe: \u00f8 cm 20 h 1,6<\/p>\n","protected":false},"featured_media":6341233,"template":"","meta":{"_acf_changed":false},"product_cat":[11671,12122,12103],"product_tag":[],"class_list":{"0":"post-48031","1":"product","2":"type-product","3":"status-publish","4":"has-post-thumbnail","6":"product_cat-tavola","7":"product_cat-teller-geschirr","8":"product_cat-tisch","10":"first","11":"outofstock","12":"taxable","13":"shipping-taxable","14":"purchasable","15":"product-type-simple","swatches":"rey-swatches","show_selected":"","stretch_labels":"rey-swatches--stretch-labels"},"acf":[],"yoast_head":"<!-- This site is optimized with the Yoast SEO plugin v25.4 - https:\/\/yoast.com\/wordpress\/plugins\/seo\/ -->\n<title>SELETTI Hybrid Obstteller VALDRADA 20 cm - dev6 Erresse<\/title>\n<meta name=\"description\" content=\"Wenn sich Ost und West verbinden. Eine Sammlung, die die alte historische westliche und \u00f6stliche Keramikproduktion widerspiegelt. Hybride Dekore, die aus\" \/>\n<meta name=\"robots\" content=\"noindex, follow, max-snippet:-1, max-image-preview:large, max-video-preview:-1\" \/>\n<meta property=\"og:locale\" content=\"de_DE\" \/>\n<meta property=\"og:type\" content=\"article\" \/>\n<meta property=\"og:title\" content=\"SELETTI Hybrid Obstteller VALDRADA 20 cm - dev6 Erresse\" \/>\n<meta property=\"og:description\" content=\"Wenn sich Ost und West verbinden. Eine Sammlung, die die alte historische westliche und \u00f6stliche Keramikproduktion widerspiegelt. Hybride Dekore, die aus\" \/>\n<meta property=\"og:url\" content=\"https:\/\/dev6.erresse-shop.it\/de\/shop\/tisch\/teller-geschirr\/seletti-hybrid-obstteller-valdrada-20-cm\/\" \/>\n<meta property=\"og:site_name\" content=\"dev6 Erresse\" \/>\n<meta property=\"og:image\" content=\"https:\/\/interpim.erresse-shop.it\/Import\/Prodotti\/products-valdrada-h.jpg\" \/><meta property=\"og:image\" content=\"https:\/\/interpim.erresse-shop.it\/Import\/Prodotti\/products-valdrada-h.jpg\" \/>\n\t<meta property=\"og:image:width\" content=\"1024\" \/>\n\t<meta property=\"og:image:height\" content=\"1024\" \/>\n\t<meta property=\"og:image:type\" content=\"image\/jpeg\" \/>\n<meta name=\"twitter:card\" content=\"summary_large_image\" \/>\n<meta name=\"twitter:image\" content=\"https:\/\/interpim.erresse-shop.it\/Import\/Prodotti\/products-valdrada-h.jpg\" \/>\n<script type=\"application\/ld+json\" class=\"yoast-schema-graph\">{\"@context\":\"https:\/\/schema.org\",\"@graph\":[{\"@type\":\"WebPage\",\"@id\":\"https:\/\/dev6.erresse-shop.it\/de\/shop\/tisch\/teller-geschirr\/seletti-hybrid-obstteller-valdrada-20-cm\/\",\"url\":\"https:\/\/dev6.erresse-shop.it\/de\/shop\/tisch\/teller-geschirr\/seletti-hybrid-obstteller-valdrada-20-cm\/\",\"name\":\"SELETTI Hybrid Obstteller VALDRADA 20 cm - dev6 Erresse\",\"isPartOf\":{\"@id\":\"https:\/\/dev6.erresse-shop.it\/#website\"},\"primaryImageOfPage\":{\"@id\":\"https:\/\/dev6.erresse-shop.it\/de\/shop\/tisch\/teller-geschirr\/seletti-hybrid-obstteller-valdrada-20-cm\/#primaryimage\"},\"image\":{\"@id\":\"https:\/\/dev6.erresse-shop.it\/de\/shop\/tisch\/teller-geschirr\/seletti-hybrid-obstteller-valdrada-20-cm\/#primaryimage\"},\"thumbnailUrl\":\"https:\/\/i2.wp.com\/interpim.erresse-shop.it\/Import\/Prodotti\/products-valdrada-h.jpg?ssl=1\",\"datePublished\":\"2026-04-12T06:06:51+00:00\",\"description\":\"Wenn sich Ost und West verbinden. Eine Sammlung, die die alte historische westliche und \u00f6stliche Keramikproduktion widerspiegelt. Hybride Dekore, die aus\",\"breadcrumb\":{\"@id\":\"https:\/\/dev6.erresse-shop.it\/de\/shop\/tisch\/teller-geschirr\/seletti-hybrid-obstteller-valdrada-20-cm\/#breadcrumb\"},\"inLanguage\":\"de\",\"potentialAction\":[{\"@type\":\"ReadAction\",\"target\":[\"https:\/\/dev6.erresse-shop.it\/de\/shop\/tisch\/teller-geschirr\/seletti-hybrid-obstteller-valdrada-20-cm\/\"]}]},{\"@type\":\"ImageObject\",\"inLanguage\":\"de\",\"@id\":\"https:\/\/dev6.erresse-shop.it\/de\/shop\/tisch\/teller-geschirr\/seletti-hybrid-obstteller-valdrada-20-cm\/#primaryimage\",\"url\":\"https:\/\/i2.wp.com\/interpim.erresse-shop.it\/Import\/Prodotti\/products-valdrada-h.jpg?ssl=1\",\"contentUrl\":\"https:\/\/i2.wp.com\/interpim.erresse-shop.it\/Import\/Prodotti\/products-valdrada-h.jpg?ssl=1\"},{\"@type\":\"BreadcrumbList\",\"@id\":\"https:\/\/dev6.erresse-shop.it\/de\/shop\/tisch\/teller-geschirr\/seletti-hybrid-obstteller-valdrada-20-cm\/#breadcrumb\",\"itemListElement\":[{\"@type\":\"ListItem\",\"position\":1,\"name\":\"Home\",\"item\":\"https:\/\/dev6.erresse-shop.it\/\"},{\"@type\":\"ListItem\",\"position\":2,\"name\":\"Shop\",\"item\":\"https:\/\/dev6.erresse-shop.it\/shop\/\"},{\"@type\":\"ListItem\",\"position\":3,\"name\":\"SELETTI Hybrid Obstteller VALDRADA 20 cm\"}]},{\"@type\":\"WebSite\",\"@id\":\"https:\/\/dev6.erresse-shop.it\/#website\",\"url\":\"https:\/\/dev6.erresse-shop.it\/\",\"name\":\"Erresse Shop\",\"description\":\"\",\"publisher\":{\"@id\":\"https:\/\/dev6.erresse-shop.it\/#organization\"},\"potentialAction\":[{\"@type\":\"SearchAction\",\"target\":{\"@type\":\"EntryPoint\",\"urlTemplate\":\"https:\/\/dev6.erresse-shop.it\/?s={search_term_string}\"},\"query-input\":{\"@type\":\"PropertyValueSpecification\",\"valueRequired\":true,\"valueName\":\"search_term_string\"}}],\"inLanguage\":\"de\"},{\"@type\":\"Organization\",\"@id\":\"https:\/\/dev6.erresse-shop.it\/#organization\",\"name\":\"Erresse Shop\",\"url\":\"https:\/\/dev6.erresse-shop.it\/\",\"logo\":{\"@type\":\"ImageObject\",\"inLanguage\":\"de\",\"@id\":\"https:\/\/dev6.erresse-shop.it\/#\/schema\/logo\/image\/\",\"url\":\"https:\/\/dev6.erresse-shop.it\/wp-content\/uploads\/2025\/01\/LOGO-ERRESSE-CLASSICO.svg\",\"contentUrl\":\"https:\/\/dev6.erresse-shop.it\/wp-content\/uploads\/2025\/01\/LOGO-ERRESSE-CLASSICO.svg\",\"caption\":\"Erresse Shop\"},\"image\":{\"@id\":\"https:\/\/dev6.erresse-shop.it\/#\/schema\/logo\/image\/\"}}]}<\/script>\n<!-- \/ Yoast SEO plugin. -->","yoast_head_json":{"title":"SELETTI Hybrid Obstteller VALDRADA 20 cm - dev6 Erresse","description":"Wenn sich Ost und West verbinden. Eine Sammlung, die die alte historische westliche und \u00f6stliche Keramikproduktion widerspiegelt. Hybride Dekore, die aus","robots":{"index":"noindex","follow":"follow","max-snippet":"max-snippet:-1","max-image-preview":"max-image-preview:large","max-video-preview":"max-video-preview:-1"},"og_locale":"de_DE","og_type":"article","og_title":"SELETTI Hybrid Obstteller VALDRADA 20 cm - dev6 Erresse","og_description":"Wenn sich Ost und West verbinden. Eine Sammlung, die die alte historische westliche und \u00f6stliche Keramikproduktion widerspiegelt. Hybride Dekore, die aus","og_url":"https:\/\/dev6.erresse-shop.it\/de\/shop\/tisch\/teller-geschirr\/seletti-hybrid-obstteller-valdrada-20-cm\/","og_site_name":"dev6 Erresse","og_image":[{"url":"https:\/\/interpim.erresse-shop.it\/Import\/Prodotti\/products-valdrada-h.jpg","type":"","width":"","height":""},{"url":"https:\/\/interpim.erresse-shop.it\/Import\/Prodotti\/products-valdrada-h.jpg","width":1024,"height":1024,"type":"image\/jpeg"}],"twitter_card":"summary_large_image","twitter_image":"https:\/\/interpim.erresse-shop.it\/Import\/Prodotti\/products-valdrada-h.jpg","schema":{"@context":"https:\/\/schema.org","@graph":[{"@type":"WebPage","@id":"https:\/\/dev6.erresse-shop.it\/de\/shop\/tisch\/teller-geschirr\/seletti-hybrid-obstteller-valdrada-20-cm\/","url":"https:\/\/dev6.erresse-shop.it\/de\/shop\/tisch\/teller-geschirr\/seletti-hybrid-obstteller-valdrada-20-cm\/","name":"SELETTI Hybrid Obstteller VALDRADA 20 cm - dev6 Erresse","isPartOf":{"@id":"https:\/\/dev6.erresse-shop.it\/#website"},"primaryImageOfPage":{"@id":"https:\/\/dev6.erresse-shop.it\/de\/shop\/tisch\/teller-geschirr\/seletti-hybrid-obstteller-valdrada-20-cm\/#primaryimage"},"image":{"@id":"https:\/\/dev6.erresse-shop.it\/de\/shop\/tisch\/teller-geschirr\/seletti-hybrid-obstteller-valdrada-20-cm\/#primaryimage"},"thumbnailUrl":"https:\/\/i2.wp.com\/interpim.erresse-shop.it\/Import\/Prodotti\/products-valdrada-h.jpg?ssl=1","datePublished":"2026-04-12T06:06:51+00:00","description":"Wenn sich Ost und West verbinden. Eine Sammlung, die die alte historische westliche und \u00f6stliche Keramikproduktion widerspiegelt. Hybride Dekore, die aus","breadcrumb":{"@id":"https:\/\/dev6.erresse-shop.it\/de\/shop\/tisch\/teller-geschirr\/seletti-hybrid-obstteller-valdrada-20-cm\/#breadcrumb"},"inLanguage":"de","potentialAction":[{"@type":"ReadAction","target":["https:\/\/dev6.erresse-shop.it\/de\/shop\/tisch\/teller-geschirr\/seletti-hybrid-obstteller-valdrada-20-cm\/"]}]},{"@type":"ImageObject","inLanguage":"de","@id":"https:\/\/dev6.erresse-shop.it\/de\/shop\/tisch\/teller-geschirr\/seletti-hybrid-obstteller-valdrada-20-cm\/#primaryimage","url":"https:\/\/i2.wp.com\/interpim.erresse-shop.it\/Import\/Prodotti\/products-valdrada-h.jpg?ssl=1","contentUrl":"https:\/\/i2.wp.com\/interpim.erresse-shop.it\/Import\/Prodotti\/products-valdrada-h.jpg?ssl=1"},{"@type":"BreadcrumbList","@id":"https:\/\/dev6.erresse-shop.it\/de\/shop\/tisch\/teller-geschirr\/seletti-hybrid-obstteller-valdrada-20-cm\/#breadcrumb","itemListElement":[{"@type":"ListItem","position":1,"name":"Home","item":"https:\/\/dev6.erresse-shop.it\/"},{"@type":"ListItem","position":2,"name":"Shop","item":"https:\/\/dev6.erresse-shop.it\/shop\/"},{"@type":"ListItem","position":3,"name":"SELETTI Hybrid Obstteller VALDRADA 20 cm"}]},{"@type":"WebSite","@id":"https:\/\/dev6.erresse-shop.it\/#website","url":"https:\/\/dev6.erresse-shop.it\/","name":"Erresse Shop","description":"","publisher":{"@id":"https:\/\/dev6.erresse-shop.it\/#organization"},"potentialAction":[{"@type":"SearchAction","target":{"@type":"EntryPoint","urlTemplate":"https:\/\/dev6.erresse-shop.it\/?s={search_term_string}"},"query-input":{"@type":"PropertyValueSpecification","valueRequired":true,"valueName":"search_term_string"}}],"inLanguage":"de"},{"@type":"Organization","@id":"https:\/\/dev6.erresse-shop.it\/#organization","name":"Erresse Shop","url":"https:\/\/dev6.erresse-shop.it\/","logo":{"@type":"ImageObject","inLanguage":"de","@id":"https:\/\/dev6.erresse-shop.it\/#\/schema\/logo\/image\/","url":"https:\/\/dev6.erresse-shop.it\/wp-content\/uploads\/2025\/01\/LOGO-ERRESSE-CLASSICO.svg","contentUrl":"https:\/\/dev6.erresse-shop.it\/wp-content\/uploads\/2025\/01\/LOGO-ERRESSE-CLASSICO.svg","caption":"Erresse Shop"},"image":{"@id":"https:\/\/dev6.erresse-shop.it\/#\/schema\/logo\/image\/"}}]}},"df_price":43,"df_sale_price":"","df_regular_price":43,"df_image_link":"https:\/\/i2.wp.com\/interpim.erresse-shop.it\/Import\/Prodotti\/products-valdrada-h.jpg?resize=300,300&ssl=1","fifu_image_url":"https:\/\/interpim.erresse-shop.it\/Import\/Prodotti\/products-valdrada-h.jpg","_links":{"self":[{"href":"https:\/\/dev6.erresse-shop.it\/de\/wp-json\/wp\/v2\/product\/48031","targetHints":{"allow":["GET"]}}],"collection":[{"href":"https:\/\/dev6.erresse-shop.it\/de\/wp-json\/wp\/v2\/product"}],"about":[{"href":"https:\/\/dev6.erresse-shop.it\/de\/wp-json\/wp\/v2\/types\/product"}],"wp:featuredmedia":[{"embeddable":true,"href":"https:\/\/dev6.erresse-shop.it\/de\/wp-json\/wp\/v2\/media\/6341233"}],"wp:attachment":[{"href":"https:\/\/dev6.erresse-shop.it\/de\/wp-json\/wp\/v2\/media?parent=48031"}],"wp:term":[{"taxonomy":"product_cat","embeddable":true,"href":"https:\/\/dev6.erresse-shop.it\/de\/wp-json\/wp\/v2\/product_cat?post=48031"},{"taxonomy":"product_tag","embeddable":true,"href":"https:\/\/dev6.erresse-shop.it\/de\/wp-json\/wp\/v2\/product_tag?post=48031"}],"curies":[{"name":"wp","href":"https:\/\/api.w.org\/{rel}","templated":true}]}}