{"id":48007,"date":"2026-04-19T01:32:29","date_gmt":"2026-04-18T23:32:29","guid":{"rendered":"https:\/\/dev6.erresse-shop.it\/shop\/unkategorisiert\/miyabi-shotoh-messer-6000mct-130mm\/"},"modified":"2025-09-14T00:14:02","modified_gmt":"2025-09-13T22:14:02","slug":"miyabi-shotoh-messer-6000mct-130mm","status":"publish","type":"product","link":"https:\/\/dev6.erresse-shop.it\/de\/shop\/kuche\/messer\/kuechenmesser\/miyabi-shotoh-messer-6000mct-130mm\/","title":{"rendered":"MIYABI Shotoh Messer 6000MCT 130mm"},"content":{"rendered":"<p>Die Herstellung von hochwertigen Messern hat in Japan eine lange Tradition.\u00a0<\/p>\n<p>\t\u00a0<\/p>\n<p>\tJapanische Messer sind das Synonym f\u00fcr Sch\u00e4rfe, Pr\u00e4zision und die Eleganz des kunstvollen Schnitts.\u00a0<\/p>\n<p>\tDie Marke MIYABI von ZWILLING setzt diese Werte immer wieder in charaktervolle Messer f\u00fcr die anspruchsvolle K\u00fcche um.<\/p>\n<p>\tDie Messer der Serie MIYABI 6000MCT \u00fcberzeugen durch ihre fern\u00f6stliche Eleganz. Klinge und Griff bilden eine harmonische Einheit mit besonderer Eigenst\u00e4ndigkeit.\u00a0<\/p>\n<p>\tDer ultraharte Kern der Klinge ist bei diesen Messern von zwei weiteren Stahllagen umgeben. Das spezielle H\u00e4rteverfahren und der in Handarbeit ausgef\u00fchrte original japanische Schliff, der sogenannte Honbazuke Abzug, verleihen diesen Klingen eine enorme Sch\u00e4rfe.\u00a0<\/p>\n<p>\tSie werden in der Pro-duktion einer Hammerschlagbehandlung (Tsuchime) unterzogen. Dies ergibt eine optisch sehr reizvolle Oberfl\u00e4che.<\/p>\n<p>\tDer ballige Griff aus langlebigem und pflegeleichtem Palisander-Pakkaholz liegt angenehm und sicher in der Hand.\u00a0<\/p>\n<p>\tDie hochwertige Ausstrahlung des Natur-materials wird durch einen Mosaik-Pin in der Griff-mitte und die dekorative Endkappe aus Stahl zus\u00e4tz-lich unterstrichen.\u00a0<\/p>\n<p>\tDie Harmonie von \u00c4sthetik und Funktionalit\u00e4t wird in dieser Messerserie perfekt umgesetzt.<\/p>\n<p>\t\u00a0<\/p>\n<p>\t\tSHOTOH &#61; kleines Messer\u00a0<\/p>\n<p>\t\tSymmetrische Klinge\u00a0<\/p>\n<p>\t\tKlingenl\u00e4nge: 90mm oder 130mm\u00a0<\/p>\n<p>\t\tZum Waschen, sch\u00e4len und schneiden Gem\u00fcse und Fr\u00fcchte.<\/p>\n<p>\n\t\u00a0<\/p>\n","protected":false},"excerpt":{"rendered":"<p>Die Herstellung von hochwertigen Messern hat in Japan eine lange Tradition.\u00a0 \u00a0 Japanische Messer sind das Synonym f\u00fcr Sch\u00e4rfe, Pr\u00e4zision und die Eleganz des kunstvollen Schnitts.\u00a0 Die Marke MIYABI von ZWILLING setzt diese Werte immer wieder in charaktervolle Messer f\u00fcr die anspruchsvolle K\u00fcche um. Die Messer der Serie MIYABI 6000MCT \u00fcberzeugen durch ihre fern\u00f6stliche Eleganz. [&hellip;]<\/p>\n","protected":false},"featured_media":6590541,"template":"","meta":{"_acf_changed":false},"product_cat":[12100,12105],"product_tag":[],"class_list":{"0":"post-48007","1":"product","2":"type-product","3":"status-publish","4":"has-post-thumbnail","6":"product_cat-kuche","7":"product_cat-kuechenmesser","9":"first","10":"outofstock","11":"sale","12":"taxable","13":"shipping-taxable","14":"purchasable","15":"product-type-simple","swatches":"rey-swatches","show_selected":"","stretch_labels":"rey-swatches--stretch-labels"},"acf":[],"yoast_head":"<!-- This site is optimized with the Yoast SEO plugin v25.4 - https:\/\/yoast.com\/wordpress\/plugins\/seo\/ -->\n<title>MIYABI Shotoh Messer 6000MCT 130mm - dev6 Erresse<\/title>\n<meta name=\"description\" content=\"Die Herstellung von hochwertigen Messern hat in Japan eine lange Tradition.\u00a0 \u00a0 Japanische Messer sind das Synonym f\u00fcr Sch\u00e4rfe, Pr\u00e4zision und die Eleganz\" \/>\n<meta name=\"robots\" content=\"noindex, follow, max-snippet:-1, max-image-preview:large, max-video-preview:-1\" \/>\n<meta property=\"og:locale\" content=\"de_DE\" \/>\n<meta property=\"og:type\" content=\"article\" \/>\n<meta property=\"og:title\" content=\"MIYABI Shotoh Messer 6000MCT 130mm - dev6 Erresse\" \/>\n<meta property=\"og:description\" content=\"Die Herstellung von hochwertigen Messern hat in Japan eine lange Tradition.\u00a0 \u00a0 Japanische Messer sind das Synonym f\u00fcr Sch\u00e4rfe, Pr\u00e4zision und die Eleganz\" \/>\n<meta property=\"og:url\" content=\"https:\/\/dev6.erresse-shop.it\/de\/shop\/kuche\/messer\/kuechenmesser\/miyabi-shotoh-messer-6000mct-130mm\/\" \/>\n<meta property=\"og:site_name\" content=\"dev6 Erresse\" \/>\n<meta property=\"og:image\" content=\"https:\/\/interpim.erresse-shop.it\/Import\/Prodotti\/products-miyabi-6000mct-shotoh-130mm.jpg\" \/><meta property=\"og:image\" content=\"https:\/\/interpim.erresse-shop.it\/Import\/Prodotti\/products-miyabi-6000mct-shotoh-130mm.jpg\" \/>\n\t<meta property=\"og:image:width\" content=\"1024\" \/>\n\t<meta property=\"og:image:height\" content=\"1024\" \/>\n\t<meta property=\"og:image:type\" content=\"image\/jpeg\" \/>\n<meta name=\"twitter:card\" content=\"summary_large_image\" \/>\n<meta name=\"twitter:image\" content=\"https:\/\/interpim.erresse-shop.it\/Import\/Prodotti\/products-miyabi-6000mct-shotoh-130mm.jpg\" \/>\n<script type=\"application\/ld+json\" class=\"yoast-schema-graph\">{\"@context\":\"https:\/\/schema.org\",\"@graph\":[{\"@type\":\"WebPage\",\"@id\":\"https:\/\/dev6.erresse-shop.it\/de\/shop\/kuche\/messer\/kuechenmesser\/miyabi-shotoh-messer-6000mct-130mm\/\",\"url\":\"https:\/\/dev6.erresse-shop.it\/de\/shop\/kuche\/messer\/kuechenmesser\/miyabi-shotoh-messer-6000mct-130mm\/\",\"name\":\"MIYABI Shotoh Messer 6000MCT 130mm - dev6 Erresse\",\"isPartOf\":{\"@id\":\"https:\/\/dev6.erresse-shop.it\/#website\"},\"primaryImageOfPage\":{\"@id\":\"https:\/\/dev6.erresse-shop.it\/de\/shop\/kuche\/messer\/kuechenmesser\/miyabi-shotoh-messer-6000mct-130mm\/#primaryimage\"},\"image\":{\"@id\":\"https:\/\/dev6.erresse-shop.it\/de\/shop\/kuche\/messer\/kuechenmesser\/miyabi-shotoh-messer-6000mct-130mm\/#primaryimage\"},\"thumbnailUrl\":\"https:\/\/i2.wp.com\/interpim.erresse-shop.it\/Import\/Prodotti\/products-miyabi-6000mct-shotoh-130mm.jpg?ssl=1\",\"datePublished\":\"2026-04-18T23:32:29+00:00\",\"description\":\"Die Herstellung von hochwertigen Messern hat in Japan eine lange Tradition.\u00a0 \u00a0 Japanische Messer sind das Synonym f\u00fcr Sch\u00e4rfe, Pr\u00e4zision und die Eleganz\",\"breadcrumb\":{\"@id\":\"https:\/\/dev6.erresse-shop.it\/de\/shop\/kuche\/messer\/kuechenmesser\/miyabi-shotoh-messer-6000mct-130mm\/#breadcrumb\"},\"inLanguage\":\"de\",\"potentialAction\":[{\"@type\":\"ReadAction\",\"target\":[\"https:\/\/dev6.erresse-shop.it\/de\/shop\/kuche\/messer\/kuechenmesser\/miyabi-shotoh-messer-6000mct-130mm\/\"]}]},{\"@type\":\"ImageObject\",\"inLanguage\":\"de\",\"@id\":\"https:\/\/dev6.erresse-shop.it\/de\/shop\/kuche\/messer\/kuechenmesser\/miyabi-shotoh-messer-6000mct-130mm\/#primaryimage\",\"url\":\"https:\/\/i2.wp.com\/interpim.erresse-shop.it\/Import\/Prodotti\/products-miyabi-6000mct-shotoh-130mm.jpg?ssl=1\",\"contentUrl\":\"https:\/\/i2.wp.com\/interpim.erresse-shop.it\/Import\/Prodotti\/products-miyabi-6000mct-shotoh-130mm.jpg?ssl=1\"},{\"@type\":\"BreadcrumbList\",\"@id\":\"https:\/\/dev6.erresse-shop.it\/de\/shop\/kuche\/messer\/kuechenmesser\/miyabi-shotoh-messer-6000mct-130mm\/#breadcrumb\",\"itemListElement\":[{\"@type\":\"ListItem\",\"position\":1,\"name\":\"Home\",\"item\":\"https:\/\/dev6.erresse-shop.it\/\"},{\"@type\":\"ListItem\",\"position\":2,\"name\":\"Shop\",\"item\":\"https:\/\/dev6.erresse-shop.it\/shop\/\"},{\"@type\":\"ListItem\",\"position\":3,\"name\":\"MIYABI Shotoh Messer 6000MCT 130mm\"}]},{\"@type\":\"WebSite\",\"@id\":\"https:\/\/dev6.erresse-shop.it\/#website\",\"url\":\"https:\/\/dev6.erresse-shop.it\/\",\"name\":\"Erresse Shop\",\"description\":\"\",\"publisher\":{\"@id\":\"https:\/\/dev6.erresse-shop.it\/#organization\"},\"potentialAction\":[{\"@type\":\"SearchAction\",\"target\":{\"@type\":\"EntryPoint\",\"urlTemplate\":\"https:\/\/dev6.erresse-shop.it\/?s={search_term_string}\"},\"query-input\":{\"@type\":\"PropertyValueSpecification\",\"valueRequired\":true,\"valueName\":\"search_term_string\"}}],\"inLanguage\":\"de\"},{\"@type\":\"Organization\",\"@id\":\"https:\/\/dev6.erresse-shop.it\/#organization\",\"name\":\"Erresse Shop\",\"url\":\"https:\/\/dev6.erresse-shop.it\/\",\"logo\":{\"@type\":\"ImageObject\",\"inLanguage\":\"de\",\"@id\":\"https:\/\/dev6.erresse-shop.it\/#\/schema\/logo\/image\/\",\"url\":\"https:\/\/dev6.erresse-shop.it\/wp-content\/uploads\/2025\/01\/LOGO-ERRESSE-CLASSICO.svg\",\"contentUrl\":\"https:\/\/dev6.erresse-shop.it\/wp-content\/uploads\/2025\/01\/LOGO-ERRESSE-CLASSICO.svg\",\"caption\":\"Erresse Shop\"},\"image\":{\"@id\":\"https:\/\/dev6.erresse-shop.it\/#\/schema\/logo\/image\/\"}}]}<\/script>\n<!-- \/ Yoast SEO plugin. -->","yoast_head_json":{"title":"MIYABI Shotoh Messer 6000MCT 130mm - dev6 Erresse","description":"Die Herstellung von hochwertigen Messern hat in Japan eine lange Tradition.\u00a0 \u00a0 Japanische Messer sind das Synonym f\u00fcr Sch\u00e4rfe, Pr\u00e4zision und die Eleganz","robots":{"index":"noindex","follow":"follow","max-snippet":"max-snippet:-1","max-image-preview":"max-image-preview:large","max-video-preview":"max-video-preview:-1"},"og_locale":"de_DE","og_type":"article","og_title":"MIYABI Shotoh Messer 6000MCT 130mm - dev6 Erresse","og_description":"Die Herstellung von hochwertigen Messern hat in Japan eine lange Tradition.\u00a0 \u00a0 Japanische Messer sind das Synonym f\u00fcr Sch\u00e4rfe, Pr\u00e4zision und die Eleganz","og_url":"https:\/\/dev6.erresse-shop.it\/de\/shop\/kuche\/messer\/kuechenmesser\/miyabi-shotoh-messer-6000mct-130mm\/","og_site_name":"dev6 Erresse","og_image":[{"url":"https:\/\/interpim.erresse-shop.it\/Import\/Prodotti\/products-miyabi-6000mct-shotoh-130mm.jpg","type":"","width":"","height":""},{"url":"https:\/\/interpim.erresse-shop.it\/Import\/Prodotti\/products-miyabi-6000mct-shotoh-130mm.jpg","width":1024,"height":1024,"type":"image\/jpeg"}],"twitter_card":"summary_large_image","twitter_image":"https:\/\/interpim.erresse-shop.it\/Import\/Prodotti\/products-miyabi-6000mct-shotoh-130mm.jpg","schema":{"@context":"https:\/\/schema.org","@graph":[{"@type":"WebPage","@id":"https:\/\/dev6.erresse-shop.it\/de\/shop\/kuche\/messer\/kuechenmesser\/miyabi-shotoh-messer-6000mct-130mm\/","url":"https:\/\/dev6.erresse-shop.it\/de\/shop\/kuche\/messer\/kuechenmesser\/miyabi-shotoh-messer-6000mct-130mm\/","name":"MIYABI Shotoh Messer 6000MCT 130mm - dev6 Erresse","isPartOf":{"@id":"https:\/\/dev6.erresse-shop.it\/#website"},"primaryImageOfPage":{"@id":"https:\/\/dev6.erresse-shop.it\/de\/shop\/kuche\/messer\/kuechenmesser\/miyabi-shotoh-messer-6000mct-130mm\/#primaryimage"},"image":{"@id":"https:\/\/dev6.erresse-shop.it\/de\/shop\/kuche\/messer\/kuechenmesser\/miyabi-shotoh-messer-6000mct-130mm\/#primaryimage"},"thumbnailUrl":"https:\/\/i2.wp.com\/interpim.erresse-shop.it\/Import\/Prodotti\/products-miyabi-6000mct-shotoh-130mm.jpg?ssl=1","datePublished":"2026-04-18T23:32:29+00:00","description":"Die Herstellung von hochwertigen Messern hat in Japan eine lange Tradition.\u00a0 \u00a0 Japanische Messer sind das Synonym f\u00fcr Sch\u00e4rfe, Pr\u00e4zision und die Eleganz","breadcrumb":{"@id":"https:\/\/dev6.erresse-shop.it\/de\/shop\/kuche\/messer\/kuechenmesser\/miyabi-shotoh-messer-6000mct-130mm\/#breadcrumb"},"inLanguage":"de","potentialAction":[{"@type":"ReadAction","target":["https:\/\/dev6.erresse-shop.it\/de\/shop\/kuche\/messer\/kuechenmesser\/miyabi-shotoh-messer-6000mct-130mm\/"]}]},{"@type":"ImageObject","inLanguage":"de","@id":"https:\/\/dev6.erresse-shop.it\/de\/shop\/kuche\/messer\/kuechenmesser\/miyabi-shotoh-messer-6000mct-130mm\/#primaryimage","url":"https:\/\/i2.wp.com\/interpim.erresse-shop.it\/Import\/Prodotti\/products-miyabi-6000mct-shotoh-130mm.jpg?ssl=1","contentUrl":"https:\/\/i2.wp.com\/interpim.erresse-shop.it\/Import\/Prodotti\/products-miyabi-6000mct-shotoh-130mm.jpg?ssl=1"},{"@type":"BreadcrumbList","@id":"https:\/\/dev6.erresse-shop.it\/de\/shop\/kuche\/messer\/kuechenmesser\/miyabi-shotoh-messer-6000mct-130mm\/#breadcrumb","itemListElement":[{"@type":"ListItem","position":1,"name":"Home","item":"https:\/\/dev6.erresse-shop.it\/"},{"@type":"ListItem","position":2,"name":"Shop","item":"https:\/\/dev6.erresse-shop.it\/shop\/"},{"@type":"ListItem","position":3,"name":"MIYABI Shotoh Messer 6000MCT 130mm"}]},{"@type":"WebSite","@id":"https:\/\/dev6.erresse-shop.it\/#website","url":"https:\/\/dev6.erresse-shop.it\/","name":"Erresse Shop","description":"","publisher":{"@id":"https:\/\/dev6.erresse-shop.it\/#organization"},"potentialAction":[{"@type":"SearchAction","target":{"@type":"EntryPoint","urlTemplate":"https:\/\/dev6.erresse-shop.it\/?s={search_term_string}"},"query-input":{"@type":"PropertyValueSpecification","valueRequired":true,"valueName":"search_term_string"}}],"inLanguage":"de"},{"@type":"Organization","@id":"https:\/\/dev6.erresse-shop.it\/#organization","name":"Erresse Shop","url":"https:\/\/dev6.erresse-shop.it\/","logo":{"@type":"ImageObject","inLanguage":"de","@id":"https:\/\/dev6.erresse-shop.it\/#\/schema\/logo\/image\/","url":"https:\/\/dev6.erresse-shop.it\/wp-content\/uploads\/2025\/01\/LOGO-ERRESSE-CLASSICO.svg","contentUrl":"https:\/\/dev6.erresse-shop.it\/wp-content\/uploads\/2025\/01\/LOGO-ERRESSE-CLASSICO.svg","caption":"Erresse Shop"},"image":{"@id":"https:\/\/dev6.erresse-shop.it\/#\/schema\/logo\/image\/"}}]}},"df_price":149,"df_sale_price":149,"df_regular_price":199,"df_image_link":"https:\/\/i2.wp.com\/interpim.erresse-shop.it\/Import\/Prodotti\/products-miyabi-6000mct-shotoh-130mm.jpg?resize=300,300&ssl=1","fifu_image_url":"https:\/\/interpim.erresse-shop.it\/Import\/Prodotti\/products-miyabi-6000mct-shotoh-130mm.jpg","_links":{"self":[{"href":"https:\/\/dev6.erresse-shop.it\/de\/wp-json\/wp\/v2\/product\/48007","targetHints":{"allow":["GET"]}}],"collection":[{"href":"https:\/\/dev6.erresse-shop.it\/de\/wp-json\/wp\/v2\/product"}],"about":[{"href":"https:\/\/dev6.erresse-shop.it\/de\/wp-json\/wp\/v2\/types\/product"}],"wp:featuredmedia":[{"embeddable":true,"href":"https:\/\/dev6.erresse-shop.it\/de\/wp-json\/wp\/v2\/media\/6590541"}],"wp:attachment":[{"href":"https:\/\/dev6.erresse-shop.it\/de\/wp-json\/wp\/v2\/media?parent=48007"}],"wp:term":[{"taxonomy":"product_cat","embeddable":true,"href":"https:\/\/dev6.erresse-shop.it\/de\/wp-json\/wp\/v2\/product_cat?post=48007"},{"taxonomy":"product_tag","embeddable":true,"href":"https:\/\/dev6.erresse-shop.it\/de\/wp-json\/wp\/v2\/product_tag?post=48007"}],"curies":[{"name":"wp","href":"https:\/\/api.w.org\/{rel}","templated":true}]}}