{"id":47997,"date":"2026-04-30T12:36:32","date_gmt":"2026-04-30T10:36:32","guid":{"rendered":"https:\/\/dev6.erresse-shop.it\/shop\/unkategorisiert\/zafferano-vem-4300b-set-6-sekt-und-weissweine\/"},"modified":"2025-07-03T19:25:55","modified_gmt":"2025-07-03T17:25:55","slug":"zafferano-vem-4300b-set-6-sekt-und-weissweine","status":"publish","type":"product","link":"https:\/\/dev6.erresse-shop.it\/de\/shop\/tisch\/weinbar-korkenzieher-dekanter-eiskubel\/weinglaeser\/zafferano-vem-4300b-set-6-sekt-und-weissweine\/","title":{"rendered":"ZAFFERANO VEM 4300B set 6 Sekt-und Wei\u00dfweine"},"content":{"rendered":"<p>Zafferano. Abgesehen von diesem Ort der Behauptung, die Entwicklung und Fertigstellung der Wein, ist der Kelch ein Kunstwerk.\u00a0<\/p>\n<p>\tDesign und Funktionalit\u00e4t inspiriert durch die Arbeit von Federico de Majo.Le Seine Kreationen reichen von den mehr traditionellen Linien zu anderen hohen technischen Inhalt, wo sie eine Vorliebe f\u00fcr Innovation und Produktforschung auszudr\u00fccken.\u00a0<\/p>\n<p>\t\u00a0<\/p>\n<p>\tMit Zafferano Erfahrung von Glas trifft sich die Kultur des Weines. Die Geschichte von Federico de Majo Murano Glash\u00fctte beginnt in der Familie. Und \u201chier, dass in der Mitte der siebziger Jahre beginnt Federico de Majo, seine Zeit, um mundgeblasenes Glas und k\u00fcnstlerischen widmen. Dadurch wird die Aufmerksamkeit, und eine Vorliebe f\u00fcr guten Wein in ihm wachsen den Wunsch, ein Unternehmen spezialisiert auf die Forschung und Produktion von Verkostungsgl\u00e4ser gewidmet starten.<\/p>\n<p>\t\u00a0<\/p>\n<p>\n\tVEM<\/p>\n<p>\n\tDiese Linie kennzeichnet eine technische sinuosity in der Form, dass f\u00fcr die Probenahme weiter verfeinert die sensorischen Aspekte: ausgehend von den kleineren Gr\u00f6\u00dfen, die sich f\u00fcr Schaumweine mit Prim\u00e4raromen sind und Verschieben auf den capaciousness der Fl\u00f6te Gl\u00e4ser, die die Heftigkeit der Champagner verbessert, von den klassischen Methoden der Weinlese und alten Weinen.\u00a0<\/p>\n<p>\tSchlie\u00dflich werden die letzten beiden Gr\u00f6\u00dfen f\u00fcr die wichtigeren Alter Rotweine ausgelegt, Verst\u00e4rken der D\u00fcften mittels ihrer Kapazit\u00e4t und gen\u00fcgend Fl\u00e4che.<\/p>\n<p>\n\t\u00a0<\/p>\n","protected":false},"excerpt":{"rendered":"<p>Zafferano. Abgesehen von diesem Ort der Behauptung, die Entwicklung und Fertigstellung der Wein, ist der Kelch ein Kunstwerk.\u00a0 Design und Funktionalit\u00e4t inspiriert durch die Arbeit von Federico de Majo.Le Seine Kreationen reichen von den mehr traditionellen Linien zu anderen hohen technischen Inhalt, wo sie eine Vorliebe f\u00fcr Innovation und Produktforschung auszudr\u00fccken.\u00a0 \u00a0 Mit Zafferano Erfahrung [&hellip;]<\/p>\n","protected":false},"featured_media":6956701,"template":"","meta":{"_acf_changed":false},"product_cat":[11754,12103,12177,12186],"product_tag":[],"class_list":{"0":"post-47997","1":"product","2":"type-product","3":"status-publish","4":"has-post-thumbnail","6":"product_cat-calici","7":"product_cat-tisch","8":"product_cat-weinbar-korkenzieher-dekanter-eiskubel","9":"product_cat-weinglaeser","11":"first","12":"outofstock","13":"taxable","14":"shipping-taxable","15":"purchasable","16":"product-type-simple","swatches":"rey-swatches","show_selected":"","stretch_labels":"rey-swatches--stretch-labels"},"acf":[],"yoast_head":"<!-- This site is optimized with the Yoast SEO plugin v25.4 - https:\/\/yoast.com\/wordpress\/plugins\/seo\/ -->\n<title>ZAFFERANO VEM 4300B set 6 Sekt-und Wei\u00dfweine - dev6 Erresse<\/title>\n<meta name=\"description\" content=\"Zafferano. Abgesehen von diesem Ort der Behauptung, die Entwicklung und Fertigstellung der Wein, ist der Kelch ein Kunstwerk.\u00a0 Design und Funktionalit\u00e4t\" \/>\n<meta name=\"robots\" content=\"noindex, follow, max-snippet:-1, max-image-preview:large, max-video-preview:-1\" \/>\n<meta property=\"og:locale\" content=\"de_DE\" \/>\n<meta property=\"og:type\" content=\"article\" \/>\n<meta property=\"og:title\" content=\"ZAFFERANO VEM 4300B set 6 Sekt-und Wei\u00dfweine - dev6 Erresse\" \/>\n<meta property=\"og:description\" content=\"Zafferano. Abgesehen von diesem Ort der Behauptung, die Entwicklung und Fertigstellung der Wein, ist der Kelch ein Kunstwerk.\u00a0 Design und Funktionalit\u00e4t\" \/>\n<meta property=\"og:url\" content=\"https:\/\/dev6.erresse-shop.it\/de\/shop\/tisch\/weinbar-korkenzieher-dekanter-eiskubel\/weinglaeser\/zafferano-vem-4300b-set-6-sekt-und-weissweine\/\" \/>\n<meta property=\"og:site_name\" content=\"dev6 Erresse\" \/>\n<meta property=\"og:image\" content=\"https:\/\/interpim.erresse-shop.it\/img-catalogo\/zafferano\/zafferano-vem-4300b-set-6-bicchieri-spumanti-e-bianchi.jpg\" \/><meta property=\"og:image\" content=\"https:\/\/interpim.erresse-shop.it\/img-catalogo\/zafferano\/zafferano-vem-4300b-set-6-bicchieri-spumanti-e-bianchi.jpg\" \/>\n\t<meta property=\"og:image:width\" content=\"1024\" \/>\n\t<meta property=\"og:image:height\" content=\"1024\" \/>\n\t<meta property=\"og:image:type\" content=\"image\/jpeg\" \/>\n<meta name=\"twitter:card\" content=\"summary_large_image\" \/>\n<meta name=\"twitter:image\" content=\"https:\/\/interpim.erresse-shop.it\/img-catalogo\/zafferano\/zafferano-vem-4300b-set-6-bicchieri-spumanti-e-bianchi.jpg\" \/>\n<script type=\"application\/ld+json\" class=\"yoast-schema-graph\">{\"@context\":\"https:\/\/schema.org\",\"@graph\":[{\"@type\":\"WebPage\",\"@id\":\"https:\/\/dev6.erresse-shop.it\/de\/shop\/tisch\/weinbar-korkenzieher-dekanter-eiskubel\/weinglaeser\/zafferano-vem-4300b-set-6-sekt-und-weissweine\/\",\"url\":\"https:\/\/dev6.erresse-shop.it\/de\/shop\/tisch\/weinbar-korkenzieher-dekanter-eiskubel\/weinglaeser\/zafferano-vem-4300b-set-6-sekt-und-weissweine\/\",\"name\":\"ZAFFERANO VEM 4300B set 6 Sekt-und Wei\u00dfweine - dev6 Erresse\",\"isPartOf\":{\"@id\":\"https:\/\/dev6.erresse-shop.it\/#website\"},\"primaryImageOfPage\":{\"@id\":\"https:\/\/dev6.erresse-shop.it\/de\/shop\/tisch\/weinbar-korkenzieher-dekanter-eiskubel\/weinglaeser\/zafferano-vem-4300b-set-6-sekt-und-weissweine\/#primaryimage\"},\"image\":{\"@id\":\"https:\/\/dev6.erresse-shop.it\/de\/shop\/tisch\/weinbar-korkenzieher-dekanter-eiskubel\/weinglaeser\/zafferano-vem-4300b-set-6-sekt-und-weissweine\/#primaryimage\"},\"thumbnailUrl\":\"https:\/\/i3.wp.com\/interpim.erresse-shop.it\/img-catalogo\/zafferano\/zafferano-vem-4300b-set-6-bicchieri-spumanti-e-bianchi.jpg?ssl=1\",\"datePublished\":\"2026-04-30T10:36:32+00:00\",\"description\":\"Zafferano. Abgesehen von diesem Ort der Behauptung, die Entwicklung und Fertigstellung der Wein, ist der Kelch ein Kunstwerk.\u00a0 Design und Funktionalit\u00e4t\",\"breadcrumb\":{\"@id\":\"https:\/\/dev6.erresse-shop.it\/de\/shop\/tisch\/weinbar-korkenzieher-dekanter-eiskubel\/weinglaeser\/zafferano-vem-4300b-set-6-sekt-und-weissweine\/#breadcrumb\"},\"inLanguage\":\"de\",\"potentialAction\":[{\"@type\":\"ReadAction\",\"target\":[\"https:\/\/dev6.erresse-shop.it\/de\/shop\/tisch\/weinbar-korkenzieher-dekanter-eiskubel\/weinglaeser\/zafferano-vem-4300b-set-6-sekt-und-weissweine\/\"]}]},{\"@type\":\"ImageObject\",\"inLanguage\":\"de\",\"@id\":\"https:\/\/dev6.erresse-shop.it\/de\/shop\/tisch\/weinbar-korkenzieher-dekanter-eiskubel\/weinglaeser\/zafferano-vem-4300b-set-6-sekt-und-weissweine\/#primaryimage\",\"url\":\"https:\/\/i3.wp.com\/interpim.erresse-shop.it\/img-catalogo\/zafferano\/zafferano-vem-4300b-set-6-bicchieri-spumanti-e-bianchi.jpg?ssl=1\",\"contentUrl\":\"https:\/\/i3.wp.com\/interpim.erresse-shop.it\/img-catalogo\/zafferano\/zafferano-vem-4300b-set-6-bicchieri-spumanti-e-bianchi.jpg?ssl=1\"},{\"@type\":\"BreadcrumbList\",\"@id\":\"https:\/\/dev6.erresse-shop.it\/de\/shop\/tisch\/weinbar-korkenzieher-dekanter-eiskubel\/weinglaeser\/zafferano-vem-4300b-set-6-sekt-und-weissweine\/#breadcrumb\",\"itemListElement\":[{\"@type\":\"ListItem\",\"position\":1,\"name\":\"Home\",\"item\":\"https:\/\/dev6.erresse-shop.it\/\"},{\"@type\":\"ListItem\",\"position\":2,\"name\":\"Shop\",\"item\":\"https:\/\/dev6.erresse-shop.it\/shop\/\"},{\"@type\":\"ListItem\",\"position\":3,\"name\":\"ZAFFERANO VEM 4300B set 6 Sekt-und Wei\u00dfweine\"}]},{\"@type\":\"WebSite\",\"@id\":\"https:\/\/dev6.erresse-shop.it\/#website\",\"url\":\"https:\/\/dev6.erresse-shop.it\/\",\"name\":\"Erresse Shop\",\"description\":\"\",\"publisher\":{\"@id\":\"https:\/\/dev6.erresse-shop.it\/#organization\"},\"potentialAction\":[{\"@type\":\"SearchAction\",\"target\":{\"@type\":\"EntryPoint\",\"urlTemplate\":\"https:\/\/dev6.erresse-shop.it\/?s={search_term_string}\"},\"query-input\":{\"@type\":\"PropertyValueSpecification\",\"valueRequired\":true,\"valueName\":\"search_term_string\"}}],\"inLanguage\":\"de\"},{\"@type\":\"Organization\",\"@id\":\"https:\/\/dev6.erresse-shop.it\/#organization\",\"name\":\"Erresse Shop\",\"url\":\"https:\/\/dev6.erresse-shop.it\/\",\"logo\":{\"@type\":\"ImageObject\",\"inLanguage\":\"de\",\"@id\":\"https:\/\/dev6.erresse-shop.it\/#\/schema\/logo\/image\/\",\"url\":\"https:\/\/dev6.erresse-shop.it\/wp-content\/uploads\/2025\/01\/LOGO-ERRESSE-CLASSICO.svg\",\"contentUrl\":\"https:\/\/dev6.erresse-shop.it\/wp-content\/uploads\/2025\/01\/LOGO-ERRESSE-CLASSICO.svg\",\"caption\":\"Erresse Shop\"},\"image\":{\"@id\":\"https:\/\/dev6.erresse-shop.it\/#\/schema\/logo\/image\/\"}}]}<\/script>\n<!-- \/ Yoast SEO plugin. -->","yoast_head_json":{"title":"ZAFFERANO VEM 4300B set 6 Sekt-und Wei\u00dfweine - dev6 Erresse","description":"Zafferano. Abgesehen von diesem Ort der Behauptung, die Entwicklung und Fertigstellung der Wein, ist der Kelch ein Kunstwerk.\u00a0 Design und Funktionalit\u00e4t","robots":{"index":"noindex","follow":"follow","max-snippet":"max-snippet:-1","max-image-preview":"max-image-preview:large","max-video-preview":"max-video-preview:-1"},"og_locale":"de_DE","og_type":"article","og_title":"ZAFFERANO VEM 4300B set 6 Sekt-und Wei\u00dfweine - dev6 Erresse","og_description":"Zafferano. Abgesehen von diesem Ort der Behauptung, die Entwicklung und Fertigstellung der Wein, ist der Kelch ein Kunstwerk.\u00a0 Design und Funktionalit\u00e4t","og_url":"https:\/\/dev6.erresse-shop.it\/de\/shop\/tisch\/weinbar-korkenzieher-dekanter-eiskubel\/weinglaeser\/zafferano-vem-4300b-set-6-sekt-und-weissweine\/","og_site_name":"dev6 Erresse","og_image":[{"url":"https:\/\/interpim.erresse-shop.it\/img-catalogo\/zafferano\/zafferano-vem-4300b-set-6-bicchieri-spumanti-e-bianchi.jpg","type":"","width":"","height":""},{"url":"https:\/\/interpim.erresse-shop.it\/img-catalogo\/zafferano\/zafferano-vem-4300b-set-6-bicchieri-spumanti-e-bianchi.jpg","width":1024,"height":1024,"type":"image\/jpeg"}],"twitter_card":"summary_large_image","twitter_image":"https:\/\/interpim.erresse-shop.it\/img-catalogo\/zafferano\/zafferano-vem-4300b-set-6-bicchieri-spumanti-e-bianchi.jpg","schema":{"@context":"https:\/\/schema.org","@graph":[{"@type":"WebPage","@id":"https:\/\/dev6.erresse-shop.it\/de\/shop\/tisch\/weinbar-korkenzieher-dekanter-eiskubel\/weinglaeser\/zafferano-vem-4300b-set-6-sekt-und-weissweine\/","url":"https:\/\/dev6.erresse-shop.it\/de\/shop\/tisch\/weinbar-korkenzieher-dekanter-eiskubel\/weinglaeser\/zafferano-vem-4300b-set-6-sekt-und-weissweine\/","name":"ZAFFERANO VEM 4300B set 6 Sekt-und Wei\u00dfweine - dev6 Erresse","isPartOf":{"@id":"https:\/\/dev6.erresse-shop.it\/#website"},"primaryImageOfPage":{"@id":"https:\/\/dev6.erresse-shop.it\/de\/shop\/tisch\/weinbar-korkenzieher-dekanter-eiskubel\/weinglaeser\/zafferano-vem-4300b-set-6-sekt-und-weissweine\/#primaryimage"},"image":{"@id":"https:\/\/dev6.erresse-shop.it\/de\/shop\/tisch\/weinbar-korkenzieher-dekanter-eiskubel\/weinglaeser\/zafferano-vem-4300b-set-6-sekt-und-weissweine\/#primaryimage"},"thumbnailUrl":"https:\/\/i3.wp.com\/interpim.erresse-shop.it\/img-catalogo\/zafferano\/zafferano-vem-4300b-set-6-bicchieri-spumanti-e-bianchi.jpg?ssl=1","datePublished":"2026-04-30T10:36:32+00:00","description":"Zafferano. Abgesehen von diesem Ort der Behauptung, die Entwicklung und Fertigstellung der Wein, ist der Kelch ein Kunstwerk.\u00a0 Design und Funktionalit\u00e4t","breadcrumb":{"@id":"https:\/\/dev6.erresse-shop.it\/de\/shop\/tisch\/weinbar-korkenzieher-dekanter-eiskubel\/weinglaeser\/zafferano-vem-4300b-set-6-sekt-und-weissweine\/#breadcrumb"},"inLanguage":"de","potentialAction":[{"@type":"ReadAction","target":["https:\/\/dev6.erresse-shop.it\/de\/shop\/tisch\/weinbar-korkenzieher-dekanter-eiskubel\/weinglaeser\/zafferano-vem-4300b-set-6-sekt-und-weissweine\/"]}]},{"@type":"ImageObject","inLanguage":"de","@id":"https:\/\/dev6.erresse-shop.it\/de\/shop\/tisch\/weinbar-korkenzieher-dekanter-eiskubel\/weinglaeser\/zafferano-vem-4300b-set-6-sekt-und-weissweine\/#primaryimage","url":"https:\/\/i3.wp.com\/interpim.erresse-shop.it\/img-catalogo\/zafferano\/zafferano-vem-4300b-set-6-bicchieri-spumanti-e-bianchi.jpg?ssl=1","contentUrl":"https:\/\/i3.wp.com\/interpim.erresse-shop.it\/img-catalogo\/zafferano\/zafferano-vem-4300b-set-6-bicchieri-spumanti-e-bianchi.jpg?ssl=1"},{"@type":"BreadcrumbList","@id":"https:\/\/dev6.erresse-shop.it\/de\/shop\/tisch\/weinbar-korkenzieher-dekanter-eiskubel\/weinglaeser\/zafferano-vem-4300b-set-6-sekt-und-weissweine\/#breadcrumb","itemListElement":[{"@type":"ListItem","position":1,"name":"Home","item":"https:\/\/dev6.erresse-shop.it\/"},{"@type":"ListItem","position":2,"name":"Shop","item":"https:\/\/dev6.erresse-shop.it\/shop\/"},{"@type":"ListItem","position":3,"name":"ZAFFERANO VEM 4300B set 6 Sekt-und Wei\u00dfweine"}]},{"@type":"WebSite","@id":"https:\/\/dev6.erresse-shop.it\/#website","url":"https:\/\/dev6.erresse-shop.it\/","name":"Erresse Shop","description":"","publisher":{"@id":"https:\/\/dev6.erresse-shop.it\/#organization"},"potentialAction":[{"@type":"SearchAction","target":{"@type":"EntryPoint","urlTemplate":"https:\/\/dev6.erresse-shop.it\/?s={search_term_string}"},"query-input":{"@type":"PropertyValueSpecification","valueRequired":true,"valueName":"search_term_string"}}],"inLanguage":"de"},{"@type":"Organization","@id":"https:\/\/dev6.erresse-shop.it\/#organization","name":"Erresse Shop","url":"https:\/\/dev6.erresse-shop.it\/","logo":{"@type":"ImageObject","inLanguage":"de","@id":"https:\/\/dev6.erresse-shop.it\/#\/schema\/logo\/image\/","url":"https:\/\/dev6.erresse-shop.it\/wp-content\/uploads\/2025\/01\/LOGO-ERRESSE-CLASSICO.svg","contentUrl":"https:\/\/dev6.erresse-shop.it\/wp-content\/uploads\/2025\/01\/LOGO-ERRESSE-CLASSICO.svg","caption":"Erresse Shop"},"image":{"@id":"https:\/\/dev6.erresse-shop.it\/#\/schema\/logo\/image\/"}}]}},"df_price":54,"df_sale_price":"","df_regular_price":54,"df_image_link":"https:\/\/i3.wp.com\/interpim.erresse-shop.it\/img-catalogo\/zafferano\/zafferano-vem-4300b-set-6-bicchieri-spumanti-e-bianchi.jpg?resize=300,300&ssl=1","fifu_image_url":"https:\/\/interpim.erresse-shop.it\/img-catalogo\/zafferano\/zafferano-vem-4300b-set-6-bicchieri-spumanti-e-bianchi.jpg","_links":{"self":[{"href":"https:\/\/dev6.erresse-shop.it\/de\/wp-json\/wp\/v2\/product\/47997","targetHints":{"allow":["GET"]}}],"collection":[{"href":"https:\/\/dev6.erresse-shop.it\/de\/wp-json\/wp\/v2\/product"}],"about":[{"href":"https:\/\/dev6.erresse-shop.it\/de\/wp-json\/wp\/v2\/types\/product"}],"wp:featuredmedia":[{"embeddable":true,"href":"https:\/\/dev6.erresse-shop.it\/de\/wp-json\/wp\/v2\/media\/6956701"}],"wp:attachment":[{"href":"https:\/\/dev6.erresse-shop.it\/de\/wp-json\/wp\/v2\/media?parent=47997"}],"wp:term":[{"taxonomy":"product_cat","embeddable":true,"href":"https:\/\/dev6.erresse-shop.it\/de\/wp-json\/wp\/v2\/product_cat?post=47997"},{"taxonomy":"product_tag","embeddable":true,"href":"https:\/\/dev6.erresse-shop.it\/de\/wp-json\/wp\/v2\/product_tag?post=47997"}],"curies":[{"name":"wp","href":"https:\/\/api.w.org\/{rel}","templated":true}]}}