{"id":47945,"date":"2026-04-04T08:04:52","date_gmt":"2026-04-04T06:04:52","guid":{"rendered":"https:\/\/dev6.erresse-shop.it\/shop\/unkategorisiert\/ruffoni-opus-cupra-kupfer-auflauf-2-griff-20-cm\/"},"modified":"2025-09-14T00:13:47","modified_gmt":"2025-09-13T22:13:47","slug":"ruffoni-opus-cupra-kupfer-auflauf-2-griff-20-cm","status":"publish","type":"product","link":"https:\/\/dev6.erresse-shop.it\/de\/shop\/toepfe-pfannen\/schalldaempfer-und-kokotten\/ruffoni-opus-cupra-kupfer-auflauf-2-griff-20-cm\/","title":{"rendered":"RUFFONI Opus Cupra Kupfer-Auflauf 2 Griff 20 cm"},"content":{"rendered":"<p>Die Verarbeitung von Kupfer ist nun Ruffoni eine echte Leidenschaft , die Verwirklichung der hohen Qualit\u00e4tsstandards der Hauptzweck ist , ist die \u00dcberwindung aller Welt Ma\u00dfst\u00e4be in puncto Sicherheit f\u00fcr den Verkauf von Blei in Lebensmitteln eine grundlegende Pflicht, dem hat immer eingehalten starr . Das hohe Ansehen , dass das Team Ruffoni Feeds, um ihre Arbeit sie in v\u00f6lliger Gr\u00fcndlichkeit Verwendung von wiederverwertbaren Materialien sowohl f\u00fcr Produkte als auch f\u00fcr Verpackung und lieber manuelle Techniken auf g\u00fcnstigere chemische Prozesse und mechanische Bearbeitung erfordert handeln . Made in Italy<\/p>\n<p>DAS PRODUKT<br \/>\nUnsere Philosophie ist es, professionelle Produkte zu produzieren , ohne Schn\u00f6rkel , wie wir Privileg N\u00fctzlichkeit , Benutzerfreundlichkeit und pr\u00e4zise Verarbeitung zu erleichtern. Als f\u00fcr den Erfolg des Kochens , jedem dieser St\u00fccke machen wir als wesentlich f\u00fcr die Auswahl der Zutaten und der Arbeitsweise .<\/p>\n<p>KUPFER<br \/>\nDa wir nur gekauft bei zertifizierten Anbietern und die Dicke verwendet wird je nach Produkt und Art der K\u00fcche bestimmt.<\/p>\n<p>OPUS CUPRA<\/p>\n<p>Das Erbst\u00fcck Qualit\u00e4t Kochgeschirr vereint Hand gearbeiteten Details mit den neuesten Technologien, um Metallverkleidung state-of-the-Art-Leistung zu gew\u00e4hrleisten.<br \/>\nJedes St\u00fcck ist 2,3 mm dick aus massivem Kupfer mit einer d\u00fcnnen Aluminium-Kern und einer Schicht von rostfreiem Stahl im Inneren.<br \/>\nDas Kupfer kann W\u00e4rme gleichm\u00e4\u00dfig \u00fcber den Boden und an den Seiten der Wanne, wie die Profi-K\u00f6che ben\u00f6tigen zu verbreiten, w\u00e4hrend die innere Schicht aus Edelstahl macht eine blendende, solide, praktisch, hygienisch und leicht zu reinigen Objekt. Die speziell entwickelte Edelstahlgriffe sind robust vernietet.<br \/>\nDie geh\u00e4mmert Fertig Hand von unserem Meister Kupferschmiede in Mailand gemacht drehen Sie den Artikel in einem Kunstwerk, passend sowohl den t\u00e4glichen Bedarf und besondere Abendessen.<br \/>\nDie Edelstahl-Griffe sind mit Bl\u00e4ttern und den einzigartigen versilberten Kn\u00f6pfe verziert sind Hand in der Form von verschiedenen Gem\u00fcse gemei\u00dfelt.<br \/>\nDiese sch\u00f6nen St\u00fccke, f\u00fcr perfekte Kochergebnisse erstellt, sind elegant genug, um jeden Esstisch zieren.<br \/>\nGeeignet f\u00fcr den Einsatz auf allen Brennern ( au\u00dfer Induktion ) .<\/p>\n","protected":false},"excerpt":{"rendered":"<p>Die Verarbeitung von Kupfer ist nun Ruffoni eine echte Leidenschaft , die Verwirklichung der hohen Qualit\u00e4tsstandards der Hauptzweck ist , ist die \u00dcberwindung aller Welt Ma\u00dfst\u00e4be in puncto Sicherheit f\u00fcr den Verkauf von Blei in Lebensmitteln eine grundlegende Pflicht, dem hat immer eingehalten starr . Das hohe Ansehen , dass das Team Ruffoni Feeds, um [&hellip;]<\/p>\n","protected":false},"featured_media":6257657,"template":"","meta":{"_acf_changed":false},"product_cat":[11667,12108,12099],"product_tag":[],"class_list":{"0":"post-47945","1":"product","2":"type-product","3":"status-publish","4":"has-post-thumbnail","6":"product_cat-padelle-pentole","7":"product_cat-schalldaempfer-und-kokotten","8":"product_cat-toepfe-pfannen","10":"first","11":"outofstock","12":"sale","13":"taxable","14":"shipping-taxable","15":"purchasable","16":"product-type-simple","swatches":"rey-swatches","show_selected":"","stretch_labels":"rey-swatches--stretch-labels"},"acf":[],"yoast_head":"<!-- This site is optimized with the Yoast SEO plugin v25.4 - https:\/\/yoast.com\/wordpress\/plugins\/seo\/ -->\n<title>RUFFONI Opus Cupra Kupfer-Auflauf 2 Griff 20 cm - dev6 Erresse<\/title>\n<meta name=\"description\" content=\"Die Verarbeitung von Kupfer ist nun Ruffoni eine echte Leidenschaft , die Verwirklichung der hohen Qualit\u00e4tsstandards der Hauptzweck ist , ist die\" \/>\n<meta name=\"robots\" content=\"noindex, follow, max-snippet:-1, max-image-preview:large, max-video-preview:-1\" \/>\n<meta property=\"og:locale\" content=\"de_DE\" \/>\n<meta property=\"og:type\" content=\"article\" \/>\n<meta property=\"og:title\" content=\"RUFFONI Opus Cupra Kupfer-Auflauf 2 Griff 20 cm - dev6 Erresse\" \/>\n<meta property=\"og:description\" content=\"Die Verarbeitung von Kupfer ist nun Ruffoni eine echte Leidenschaft , die Verwirklichung der hohen Qualit\u00e4tsstandards der Hauptzweck ist , ist die\" \/>\n<meta property=\"og:url\" content=\"https:\/\/dev6.erresse-shop.it\/de\/shop\/toepfe-pfannen\/schalldaempfer-und-kokotten\/ruffoni-opus-cupra-kupfer-auflauf-2-griff-20-cm\/\" \/>\n<meta property=\"og:site_name\" content=\"dev6 Erresse\" \/>\n<meta property=\"og:image\" content=\"https:\/\/interpim.erresse-shop.it\/Import\/Prodotti\/products-cg2020.jpg\" \/><meta property=\"og:image\" content=\"https:\/\/interpim.erresse-shop.it\/Import\/Prodotti\/products-cg2020.jpg\" \/>\n\t<meta property=\"og:image:width\" content=\"1024\" \/>\n\t<meta property=\"og:image:height\" content=\"1024\" \/>\n\t<meta property=\"og:image:type\" content=\"image\/jpeg\" \/>\n<meta name=\"twitter:card\" content=\"summary_large_image\" \/>\n<meta name=\"twitter:image\" content=\"https:\/\/interpim.erresse-shop.it\/Import\/Prodotti\/products-cg2020.jpg\" \/>\n<script type=\"application\/ld+json\" class=\"yoast-schema-graph\">{\"@context\":\"https:\/\/schema.org\",\"@graph\":[{\"@type\":\"WebPage\",\"@id\":\"https:\/\/dev6.erresse-shop.it\/de\/shop\/toepfe-pfannen\/schalldaempfer-und-kokotten\/ruffoni-opus-cupra-kupfer-auflauf-2-griff-20-cm\/\",\"url\":\"https:\/\/dev6.erresse-shop.it\/de\/shop\/toepfe-pfannen\/schalldaempfer-und-kokotten\/ruffoni-opus-cupra-kupfer-auflauf-2-griff-20-cm\/\",\"name\":\"RUFFONI Opus Cupra Kupfer-Auflauf 2 Griff 20 cm - dev6 Erresse\",\"isPartOf\":{\"@id\":\"https:\/\/dev6.erresse-shop.it\/#website\"},\"primaryImageOfPage\":{\"@id\":\"https:\/\/dev6.erresse-shop.it\/de\/shop\/toepfe-pfannen\/schalldaempfer-und-kokotten\/ruffoni-opus-cupra-kupfer-auflauf-2-griff-20-cm\/#primaryimage\"},\"image\":{\"@id\":\"https:\/\/dev6.erresse-shop.it\/de\/shop\/toepfe-pfannen\/schalldaempfer-und-kokotten\/ruffoni-opus-cupra-kupfer-auflauf-2-griff-20-cm\/#primaryimage\"},\"thumbnailUrl\":\"https:\/\/i0.wp.com\/interpim.erresse-shop.it\/Import\/Prodotti\/products-cg2020.jpg?ssl=1\",\"datePublished\":\"2026-04-04T06:04:52+00:00\",\"description\":\"Die Verarbeitung von Kupfer ist nun Ruffoni eine echte Leidenschaft , die Verwirklichung der hohen Qualit\u00e4tsstandards der Hauptzweck ist , ist die\",\"breadcrumb\":{\"@id\":\"https:\/\/dev6.erresse-shop.it\/de\/shop\/toepfe-pfannen\/schalldaempfer-und-kokotten\/ruffoni-opus-cupra-kupfer-auflauf-2-griff-20-cm\/#breadcrumb\"},\"inLanguage\":\"de\",\"potentialAction\":[{\"@type\":\"ReadAction\",\"target\":[\"https:\/\/dev6.erresse-shop.it\/de\/shop\/toepfe-pfannen\/schalldaempfer-und-kokotten\/ruffoni-opus-cupra-kupfer-auflauf-2-griff-20-cm\/\"]}]},{\"@type\":\"ImageObject\",\"inLanguage\":\"de\",\"@id\":\"https:\/\/dev6.erresse-shop.it\/de\/shop\/toepfe-pfannen\/schalldaempfer-und-kokotten\/ruffoni-opus-cupra-kupfer-auflauf-2-griff-20-cm\/#primaryimage\",\"url\":\"https:\/\/i0.wp.com\/interpim.erresse-shop.it\/Import\/Prodotti\/products-cg2020.jpg?ssl=1\",\"contentUrl\":\"https:\/\/i0.wp.com\/interpim.erresse-shop.it\/Import\/Prodotti\/products-cg2020.jpg?ssl=1\"},{\"@type\":\"BreadcrumbList\",\"@id\":\"https:\/\/dev6.erresse-shop.it\/de\/shop\/toepfe-pfannen\/schalldaempfer-und-kokotten\/ruffoni-opus-cupra-kupfer-auflauf-2-griff-20-cm\/#breadcrumb\",\"itemListElement\":[{\"@type\":\"ListItem\",\"position\":1,\"name\":\"Home\",\"item\":\"https:\/\/dev6.erresse-shop.it\/\"},{\"@type\":\"ListItem\",\"position\":2,\"name\":\"Shop\",\"item\":\"https:\/\/dev6.erresse-shop.it\/shop\/\"},{\"@type\":\"ListItem\",\"position\":3,\"name\":\"RUFFONI Opus Cupra Kupfer-Auflauf 2 Griff 20 cm\"}]},{\"@type\":\"WebSite\",\"@id\":\"https:\/\/dev6.erresse-shop.it\/#website\",\"url\":\"https:\/\/dev6.erresse-shop.it\/\",\"name\":\"Erresse Shop\",\"description\":\"\",\"publisher\":{\"@id\":\"https:\/\/dev6.erresse-shop.it\/#organization\"},\"potentialAction\":[{\"@type\":\"SearchAction\",\"target\":{\"@type\":\"EntryPoint\",\"urlTemplate\":\"https:\/\/dev6.erresse-shop.it\/?s={search_term_string}\"},\"query-input\":{\"@type\":\"PropertyValueSpecification\",\"valueRequired\":true,\"valueName\":\"search_term_string\"}}],\"inLanguage\":\"de\"},{\"@type\":\"Organization\",\"@id\":\"https:\/\/dev6.erresse-shop.it\/#organization\",\"name\":\"Erresse Shop\",\"url\":\"https:\/\/dev6.erresse-shop.it\/\",\"logo\":{\"@type\":\"ImageObject\",\"inLanguage\":\"de\",\"@id\":\"https:\/\/dev6.erresse-shop.it\/#\/schema\/logo\/image\/\",\"url\":\"https:\/\/dev6.erresse-shop.it\/wp-content\/uploads\/2025\/01\/LOGO-ERRESSE-CLASSICO.svg\",\"contentUrl\":\"https:\/\/dev6.erresse-shop.it\/wp-content\/uploads\/2025\/01\/LOGO-ERRESSE-CLASSICO.svg\",\"caption\":\"Erresse Shop\"},\"image\":{\"@id\":\"https:\/\/dev6.erresse-shop.it\/#\/schema\/logo\/image\/\"}}]}<\/script>\n<!-- \/ Yoast SEO plugin. -->","yoast_head_json":{"title":"RUFFONI Opus Cupra Kupfer-Auflauf 2 Griff 20 cm - dev6 Erresse","description":"Die Verarbeitung von Kupfer ist nun Ruffoni eine echte Leidenschaft , die Verwirklichung der hohen Qualit\u00e4tsstandards der Hauptzweck ist , ist die","robots":{"index":"noindex","follow":"follow","max-snippet":"max-snippet:-1","max-image-preview":"max-image-preview:large","max-video-preview":"max-video-preview:-1"},"og_locale":"de_DE","og_type":"article","og_title":"RUFFONI Opus Cupra Kupfer-Auflauf 2 Griff 20 cm - dev6 Erresse","og_description":"Die Verarbeitung von Kupfer ist nun Ruffoni eine echte Leidenschaft , die Verwirklichung der hohen Qualit\u00e4tsstandards der Hauptzweck ist , ist die","og_url":"https:\/\/dev6.erresse-shop.it\/de\/shop\/toepfe-pfannen\/schalldaempfer-und-kokotten\/ruffoni-opus-cupra-kupfer-auflauf-2-griff-20-cm\/","og_site_name":"dev6 Erresse","og_image":[{"url":"https:\/\/interpim.erresse-shop.it\/Import\/Prodotti\/products-cg2020.jpg","type":"","width":"","height":""},{"url":"https:\/\/interpim.erresse-shop.it\/Import\/Prodotti\/products-cg2020.jpg","width":1024,"height":1024,"type":"image\/jpeg"}],"twitter_card":"summary_large_image","twitter_image":"https:\/\/interpim.erresse-shop.it\/Import\/Prodotti\/products-cg2020.jpg","schema":{"@context":"https:\/\/schema.org","@graph":[{"@type":"WebPage","@id":"https:\/\/dev6.erresse-shop.it\/de\/shop\/toepfe-pfannen\/schalldaempfer-und-kokotten\/ruffoni-opus-cupra-kupfer-auflauf-2-griff-20-cm\/","url":"https:\/\/dev6.erresse-shop.it\/de\/shop\/toepfe-pfannen\/schalldaempfer-und-kokotten\/ruffoni-opus-cupra-kupfer-auflauf-2-griff-20-cm\/","name":"RUFFONI Opus Cupra Kupfer-Auflauf 2 Griff 20 cm - dev6 Erresse","isPartOf":{"@id":"https:\/\/dev6.erresse-shop.it\/#website"},"primaryImageOfPage":{"@id":"https:\/\/dev6.erresse-shop.it\/de\/shop\/toepfe-pfannen\/schalldaempfer-und-kokotten\/ruffoni-opus-cupra-kupfer-auflauf-2-griff-20-cm\/#primaryimage"},"image":{"@id":"https:\/\/dev6.erresse-shop.it\/de\/shop\/toepfe-pfannen\/schalldaempfer-und-kokotten\/ruffoni-opus-cupra-kupfer-auflauf-2-griff-20-cm\/#primaryimage"},"thumbnailUrl":"https:\/\/i0.wp.com\/interpim.erresse-shop.it\/Import\/Prodotti\/products-cg2020.jpg?ssl=1","datePublished":"2026-04-04T06:04:52+00:00","description":"Die Verarbeitung von Kupfer ist nun Ruffoni eine echte Leidenschaft , die Verwirklichung der hohen Qualit\u00e4tsstandards der Hauptzweck ist , ist die","breadcrumb":{"@id":"https:\/\/dev6.erresse-shop.it\/de\/shop\/toepfe-pfannen\/schalldaempfer-und-kokotten\/ruffoni-opus-cupra-kupfer-auflauf-2-griff-20-cm\/#breadcrumb"},"inLanguage":"de","potentialAction":[{"@type":"ReadAction","target":["https:\/\/dev6.erresse-shop.it\/de\/shop\/toepfe-pfannen\/schalldaempfer-und-kokotten\/ruffoni-opus-cupra-kupfer-auflauf-2-griff-20-cm\/"]}]},{"@type":"ImageObject","inLanguage":"de","@id":"https:\/\/dev6.erresse-shop.it\/de\/shop\/toepfe-pfannen\/schalldaempfer-und-kokotten\/ruffoni-opus-cupra-kupfer-auflauf-2-griff-20-cm\/#primaryimage","url":"https:\/\/i0.wp.com\/interpim.erresse-shop.it\/Import\/Prodotti\/products-cg2020.jpg?ssl=1","contentUrl":"https:\/\/i0.wp.com\/interpim.erresse-shop.it\/Import\/Prodotti\/products-cg2020.jpg?ssl=1"},{"@type":"BreadcrumbList","@id":"https:\/\/dev6.erresse-shop.it\/de\/shop\/toepfe-pfannen\/schalldaempfer-und-kokotten\/ruffoni-opus-cupra-kupfer-auflauf-2-griff-20-cm\/#breadcrumb","itemListElement":[{"@type":"ListItem","position":1,"name":"Home","item":"https:\/\/dev6.erresse-shop.it\/"},{"@type":"ListItem","position":2,"name":"Shop","item":"https:\/\/dev6.erresse-shop.it\/shop\/"},{"@type":"ListItem","position":3,"name":"RUFFONI Opus Cupra Kupfer-Auflauf 2 Griff 20 cm"}]},{"@type":"WebSite","@id":"https:\/\/dev6.erresse-shop.it\/#website","url":"https:\/\/dev6.erresse-shop.it\/","name":"Erresse Shop","description":"","publisher":{"@id":"https:\/\/dev6.erresse-shop.it\/#organization"},"potentialAction":[{"@type":"SearchAction","target":{"@type":"EntryPoint","urlTemplate":"https:\/\/dev6.erresse-shop.it\/?s={search_term_string}"},"query-input":{"@type":"PropertyValueSpecification","valueRequired":true,"valueName":"search_term_string"}}],"inLanguage":"de"},{"@type":"Organization","@id":"https:\/\/dev6.erresse-shop.it\/#organization","name":"Erresse Shop","url":"https:\/\/dev6.erresse-shop.it\/","logo":{"@type":"ImageObject","inLanguage":"de","@id":"https:\/\/dev6.erresse-shop.it\/#\/schema\/logo\/image\/","url":"https:\/\/dev6.erresse-shop.it\/wp-content\/uploads\/2025\/01\/LOGO-ERRESSE-CLASSICO.svg","contentUrl":"https:\/\/dev6.erresse-shop.it\/wp-content\/uploads\/2025\/01\/LOGO-ERRESSE-CLASSICO.svg","caption":"Erresse Shop"},"image":{"@id":"https:\/\/dev6.erresse-shop.it\/#\/schema\/logo\/image\/"}}]}},"df_price":389.95,"df_sale_price":389.95,"df_regular_price":561,"df_image_link":"https:\/\/i0.wp.com\/interpim.erresse-shop.it\/Import\/Prodotti\/products-cg2020.jpg?resize=300,300&ssl=1","fifu_image_url":"https:\/\/interpim.erresse-shop.it\/Import\/Prodotti\/products-cg2020.jpg","_links":{"self":[{"href":"https:\/\/dev6.erresse-shop.it\/de\/wp-json\/wp\/v2\/product\/47945","targetHints":{"allow":["GET"]}}],"collection":[{"href":"https:\/\/dev6.erresse-shop.it\/de\/wp-json\/wp\/v2\/product"}],"about":[{"href":"https:\/\/dev6.erresse-shop.it\/de\/wp-json\/wp\/v2\/types\/product"}],"wp:featuredmedia":[{"embeddable":true,"href":"https:\/\/dev6.erresse-shop.it\/de\/wp-json\/wp\/v2\/media\/6257657"}],"wp:attachment":[{"href":"https:\/\/dev6.erresse-shop.it\/de\/wp-json\/wp\/v2\/media?parent=47945"}],"wp:term":[{"taxonomy":"product_cat","embeddable":true,"href":"https:\/\/dev6.erresse-shop.it\/de\/wp-json\/wp\/v2\/product_cat?post=47945"},{"taxonomy":"product_tag","embeddable":true,"href":"https:\/\/dev6.erresse-shop.it\/de\/wp-json\/wp\/v2\/product_tag?post=47945"}],"curies":[{"name":"wp","href":"https:\/\/api.w.org\/{rel}","templated":true}]}}