{"id":47875,"date":"2026-04-17T17:05:50","date_gmt":"2026-04-17T15:05:50","guid":{"rendered":"https:\/\/dev6.erresse-shop.it\/shop\/unkategorisiert\/demeyere-wok-32-cm\/"},"modified":"2025-09-14T00:13:24","modified_gmt":"2025-09-13T22:13:24","slug":"demeyere-wok-32-cm","status":"publish","type":"product","link":"https:\/\/dev6.erresse-shop.it\/de\/shop\/toepfe-pfannen\/wok-topf-pfanne\/demeyere-wok-32-cm\/","title":{"rendered":"DEMEYERE Wok 32 cm"},"content":{"rendered":"<p>D\u00e4mpfen, Frittieren und Kochen \u2013 all das macht der Wok von Demeyere in Ihrer K\u00fcche m\u00f6glich. Er eignet sich vor allem, wenn das Gem\u00fcse frisch und knackig und die Vitamine aufgrund der kurzen und schonenden Garzeit erhalten bleiben sollen. Mit seinem Volumen von 5,5 l ist er sich auch f\u00fcr die Zubereitung gr\u00f6\u00dferer Portionen nutzbar. Mit diesem Wok mit flachem Boden gelingen Ihnen klassische Wokgerichte wie das thail\u00e4ndische Nationalgericht Pad Thai kinderleicht. Egal, ob Meeresfr\u00fcchte, Rindfleisch, Schweinefleisch oder Gefl\u00fcgel, all das l\u00e4sst sich schonend und gleichm\u00e4\u00dfig braten. Der Wok von Demeyere besteht aus einem speziellen 7-Ply-Material, das sich aus mehreren Schichten von Edelstahl und Aluminium zusammensetzt. Dank des mehrschichtigen Bodens wird die W\u00e4rme schnell und gleichm\u00e4\u00dfig \u00fcber den gesamten Boden bis an den Rand des Woks verteilt. So werden alle Zutaten schonend und gleichm\u00e4\u00dfig gegart. Der flache Boden erm\u00f6glicht den Einsatz des K\u00fcchenger\u00e4tes auf allen Arten von Herden. Ob gem\u00fctlicher Gelegenheitskoch, passionierter Hobbykoch oder Profi, dieser Wok von Demeyere ist aufgrund seiner vielf\u00e4ltigen Einsetzbarkeit f\u00fcr jedermann geeignet.<\/p>\n<p>\u2013 Edelstahl 18\/10 mit Silvinox\u00ae: hygienisch und pflegeleicht<br \/>\n\u2013 7-Schicht-Material bis zum Rand (2,3 mm): perfekte W\u00e4rmeverteilung zum Wokken<br \/>\n\u2013 Geschwei\u00dfte Edelstahlgriffe: sehr stabil und hygienisch \u2013 mit Gegengriff<br \/>\n\u2013 Geeignet f\u00fcr den Ofen und alle Herdarten, einschlie\u00dflich Induktion<\/p>\n<p>Eigenschaften<br \/>\nFarbe: Silber<br \/>\nMaterial: 18\/10 Edelstahl<br \/>\nGriffart: Stielgriff<br \/>\nVeredelung: poliert<br \/>\nDeckel vorhanden: Nein<br \/>\nInduktion: Ja<br \/>\nBackofen geeignet: Ja<br \/>\nGrillvorrichtung geeignet: Ja<\/p>\n<p>Abmessungen<br \/>\nGewicht netto: 1,68 kg<br \/>\nFassungsverm\u00f6gen: 5,50 l<br \/>\nProduktl\u00e4nge: 57,80 cm<br \/>\nProduktbreite: 33,70 cm<br \/>\nProdukth\u00f6he: 8,20 cm<br \/>\nOberer Durchmesser: 32,00 cm<br \/>\nBodendurchmesser: 13,00 cm<\/p>\n","protected":false},"excerpt":{"rendered":"<p>D\u00e4mpfen, Frittieren und Kochen \u2013 all das macht der Wok von Demeyere in Ihrer K\u00fcche m\u00f6glich. Er eignet sich vor allem, wenn das Gem\u00fcse frisch und knackig und die Vitamine aufgrund der kurzen und schonenden Garzeit erhalten bleiben sollen. Mit seinem Volumen von 5,5 l ist er sich auch f\u00fcr die Zubereitung gr\u00f6\u00dferer Portionen nutzbar. [&hellip;]<\/p>\n","protected":false},"featured_media":6512360,"template":"","meta":{"_acf_changed":false},"product_cat":[11667,12099,12111],"product_tag":[],"class_list":{"0":"post-47875","1":"product","2":"type-product","3":"status-publish","4":"has-post-thumbnail","6":"product_cat-padelle-pentole","7":"product_cat-toepfe-pfannen","8":"product_cat-wok-topf-pfanne","10":"first","11":"outofstock","12":"sale","13":"taxable","14":"shipping-taxable","15":"purchasable","16":"product-type-simple","swatches":"rey-swatches","show_selected":"","stretch_labels":"rey-swatches--stretch-labels"},"acf":[],"yoast_head":"<!-- This site is optimized with the Yoast SEO plugin v25.4 - https:\/\/yoast.com\/wordpress\/plugins\/seo\/ -->\n<title>DEMEYERE Wok 32 cm - dev6 Erresse<\/title>\n<meta name=\"description\" content=\"D\u00e4mpfen, Frittieren und Kochen \u2013 all das macht der Wok von Demeyere in Ihrer K\u00fcche m\u00f6glich. Er eignet sich vor allem, wenn das Gem\u00fcse frisch und knackig\" \/>\n<meta name=\"robots\" content=\"noindex, follow, max-snippet:-1, max-image-preview:large, max-video-preview:-1\" \/>\n<meta property=\"og:locale\" content=\"de_DE\" \/>\n<meta property=\"og:type\" content=\"article\" \/>\n<meta property=\"og:title\" content=\"DEMEYERE Wok 32 cm - dev6 Erresse\" \/>\n<meta property=\"og:description\" content=\"D\u00e4mpfen, Frittieren und Kochen \u2013 all das macht der Wok von Demeyere in Ihrer K\u00fcche m\u00f6glich. Er eignet sich vor allem, wenn das Gem\u00fcse frisch und knackig\" \/>\n<meta property=\"og:url\" content=\"https:\/\/dev6.erresse-shop.it\/de\/shop\/toepfe-pfannen\/wok-topf-pfanne\/demeyere-wok-32-cm\/\" \/>\n<meta property=\"og:site_name\" content=\"dev6 Erresse\" \/>\n<meta property=\"og:image\" content=\"https:\/\/interpim.erresse-shop.it\/Import\/Prodotti\/demeyere-wok-32-cm.jpg\" \/><meta property=\"og:image\" content=\"https:\/\/interpim.erresse-shop.it\/Import\/Prodotti\/demeyere-wok-32-cm.jpg\" \/>\n\t<meta property=\"og:image:width\" content=\"1024\" \/>\n\t<meta property=\"og:image:height\" content=\"1024\" \/>\n\t<meta property=\"og:image:type\" content=\"image\/jpeg\" \/>\n<meta name=\"twitter:card\" content=\"summary_large_image\" \/>\n<meta name=\"twitter:image\" content=\"https:\/\/interpim.erresse-shop.it\/Import\/Prodotti\/demeyere-wok-32-cm.jpg\" \/>\n<script type=\"application\/ld+json\" class=\"yoast-schema-graph\">{\"@context\":\"https:\/\/schema.org\",\"@graph\":[{\"@type\":\"WebPage\",\"@id\":\"https:\/\/dev6.erresse-shop.it\/de\/shop\/toepfe-pfannen\/wok-topf-pfanne\/demeyere-wok-32-cm\/\",\"url\":\"https:\/\/dev6.erresse-shop.it\/de\/shop\/toepfe-pfannen\/wok-topf-pfanne\/demeyere-wok-32-cm\/\",\"name\":\"DEMEYERE Wok 32 cm - dev6 Erresse\",\"isPartOf\":{\"@id\":\"https:\/\/dev6.erresse-shop.it\/#website\"},\"primaryImageOfPage\":{\"@id\":\"https:\/\/dev6.erresse-shop.it\/de\/shop\/toepfe-pfannen\/wok-topf-pfanne\/demeyere-wok-32-cm\/#primaryimage\"},\"image\":{\"@id\":\"https:\/\/dev6.erresse-shop.it\/de\/shop\/toepfe-pfannen\/wok-topf-pfanne\/demeyere-wok-32-cm\/#primaryimage\"},\"thumbnailUrl\":\"https:\/\/i2.wp.com\/interpim.erresse-shop.it\/Import\/Prodotti\/demeyere-wok-32-cm.jpg?ssl=1\",\"datePublished\":\"2026-04-17T15:05:50+00:00\",\"description\":\"D\u00e4mpfen, Frittieren und Kochen \u2013 all das macht der Wok von Demeyere in Ihrer K\u00fcche m\u00f6glich. Er eignet sich vor allem, wenn das Gem\u00fcse frisch und knackig\",\"breadcrumb\":{\"@id\":\"https:\/\/dev6.erresse-shop.it\/de\/shop\/toepfe-pfannen\/wok-topf-pfanne\/demeyere-wok-32-cm\/#breadcrumb\"},\"inLanguage\":\"de\",\"potentialAction\":[{\"@type\":\"ReadAction\",\"target\":[\"https:\/\/dev6.erresse-shop.it\/de\/shop\/toepfe-pfannen\/wok-topf-pfanne\/demeyere-wok-32-cm\/\"]}]},{\"@type\":\"ImageObject\",\"inLanguage\":\"de\",\"@id\":\"https:\/\/dev6.erresse-shop.it\/de\/shop\/toepfe-pfannen\/wok-topf-pfanne\/demeyere-wok-32-cm\/#primaryimage\",\"url\":\"https:\/\/i2.wp.com\/interpim.erresse-shop.it\/Import\/Prodotti\/demeyere-wok-32-cm.jpg?ssl=1\",\"contentUrl\":\"https:\/\/i2.wp.com\/interpim.erresse-shop.it\/Import\/Prodotti\/demeyere-wok-32-cm.jpg?ssl=1\"},{\"@type\":\"BreadcrumbList\",\"@id\":\"https:\/\/dev6.erresse-shop.it\/de\/shop\/toepfe-pfannen\/wok-topf-pfanne\/demeyere-wok-32-cm\/#breadcrumb\",\"itemListElement\":[{\"@type\":\"ListItem\",\"position\":1,\"name\":\"Home\",\"item\":\"https:\/\/dev6.erresse-shop.it\/\"},{\"@type\":\"ListItem\",\"position\":2,\"name\":\"Shop\",\"item\":\"https:\/\/dev6.erresse-shop.it\/shop\/\"},{\"@type\":\"ListItem\",\"position\":3,\"name\":\"DEMEYERE Wok 32 cm\"}]},{\"@type\":\"WebSite\",\"@id\":\"https:\/\/dev6.erresse-shop.it\/#website\",\"url\":\"https:\/\/dev6.erresse-shop.it\/\",\"name\":\"Erresse Shop\",\"description\":\"\",\"publisher\":{\"@id\":\"https:\/\/dev6.erresse-shop.it\/#organization\"},\"potentialAction\":[{\"@type\":\"SearchAction\",\"target\":{\"@type\":\"EntryPoint\",\"urlTemplate\":\"https:\/\/dev6.erresse-shop.it\/?s={search_term_string}\"},\"query-input\":{\"@type\":\"PropertyValueSpecification\",\"valueRequired\":true,\"valueName\":\"search_term_string\"}}],\"inLanguage\":\"de\"},{\"@type\":\"Organization\",\"@id\":\"https:\/\/dev6.erresse-shop.it\/#organization\",\"name\":\"Erresse Shop\",\"url\":\"https:\/\/dev6.erresse-shop.it\/\",\"logo\":{\"@type\":\"ImageObject\",\"inLanguage\":\"de\",\"@id\":\"https:\/\/dev6.erresse-shop.it\/#\/schema\/logo\/image\/\",\"url\":\"https:\/\/dev6.erresse-shop.it\/wp-content\/uploads\/2025\/01\/LOGO-ERRESSE-CLASSICO.svg\",\"contentUrl\":\"https:\/\/dev6.erresse-shop.it\/wp-content\/uploads\/2025\/01\/LOGO-ERRESSE-CLASSICO.svg\",\"caption\":\"Erresse Shop\"},\"image\":{\"@id\":\"https:\/\/dev6.erresse-shop.it\/#\/schema\/logo\/image\/\"}}]}<\/script>\n<!-- \/ Yoast SEO plugin. -->","yoast_head_json":{"title":"DEMEYERE Wok 32 cm - dev6 Erresse","description":"D\u00e4mpfen, Frittieren und Kochen \u2013 all das macht der Wok von Demeyere in Ihrer K\u00fcche m\u00f6glich. Er eignet sich vor allem, wenn das Gem\u00fcse frisch und knackig","robots":{"index":"noindex","follow":"follow","max-snippet":"max-snippet:-1","max-image-preview":"max-image-preview:large","max-video-preview":"max-video-preview:-1"},"og_locale":"de_DE","og_type":"article","og_title":"DEMEYERE Wok 32 cm - dev6 Erresse","og_description":"D\u00e4mpfen, Frittieren und Kochen \u2013 all das macht der Wok von Demeyere in Ihrer K\u00fcche m\u00f6glich. Er eignet sich vor allem, wenn das Gem\u00fcse frisch und knackig","og_url":"https:\/\/dev6.erresse-shop.it\/de\/shop\/toepfe-pfannen\/wok-topf-pfanne\/demeyere-wok-32-cm\/","og_site_name":"dev6 Erresse","og_image":[{"url":"https:\/\/interpim.erresse-shop.it\/Import\/Prodotti\/demeyere-wok-32-cm.jpg","type":"","width":"","height":""},{"url":"https:\/\/interpim.erresse-shop.it\/Import\/Prodotti\/demeyere-wok-32-cm.jpg","width":1024,"height":1024,"type":"image\/jpeg"}],"twitter_card":"summary_large_image","twitter_image":"https:\/\/interpim.erresse-shop.it\/Import\/Prodotti\/demeyere-wok-32-cm.jpg","schema":{"@context":"https:\/\/schema.org","@graph":[{"@type":"WebPage","@id":"https:\/\/dev6.erresse-shop.it\/de\/shop\/toepfe-pfannen\/wok-topf-pfanne\/demeyere-wok-32-cm\/","url":"https:\/\/dev6.erresse-shop.it\/de\/shop\/toepfe-pfannen\/wok-topf-pfanne\/demeyere-wok-32-cm\/","name":"DEMEYERE Wok 32 cm - dev6 Erresse","isPartOf":{"@id":"https:\/\/dev6.erresse-shop.it\/#website"},"primaryImageOfPage":{"@id":"https:\/\/dev6.erresse-shop.it\/de\/shop\/toepfe-pfannen\/wok-topf-pfanne\/demeyere-wok-32-cm\/#primaryimage"},"image":{"@id":"https:\/\/dev6.erresse-shop.it\/de\/shop\/toepfe-pfannen\/wok-topf-pfanne\/demeyere-wok-32-cm\/#primaryimage"},"thumbnailUrl":"https:\/\/i2.wp.com\/interpim.erresse-shop.it\/Import\/Prodotti\/demeyere-wok-32-cm.jpg?ssl=1","datePublished":"2026-04-17T15:05:50+00:00","description":"D\u00e4mpfen, Frittieren und Kochen \u2013 all das macht der Wok von Demeyere in Ihrer K\u00fcche m\u00f6glich. Er eignet sich vor allem, wenn das Gem\u00fcse frisch und knackig","breadcrumb":{"@id":"https:\/\/dev6.erresse-shop.it\/de\/shop\/toepfe-pfannen\/wok-topf-pfanne\/demeyere-wok-32-cm\/#breadcrumb"},"inLanguage":"de","potentialAction":[{"@type":"ReadAction","target":["https:\/\/dev6.erresse-shop.it\/de\/shop\/toepfe-pfannen\/wok-topf-pfanne\/demeyere-wok-32-cm\/"]}]},{"@type":"ImageObject","inLanguage":"de","@id":"https:\/\/dev6.erresse-shop.it\/de\/shop\/toepfe-pfannen\/wok-topf-pfanne\/demeyere-wok-32-cm\/#primaryimage","url":"https:\/\/i2.wp.com\/interpim.erresse-shop.it\/Import\/Prodotti\/demeyere-wok-32-cm.jpg?ssl=1","contentUrl":"https:\/\/i2.wp.com\/interpim.erresse-shop.it\/Import\/Prodotti\/demeyere-wok-32-cm.jpg?ssl=1"},{"@type":"BreadcrumbList","@id":"https:\/\/dev6.erresse-shop.it\/de\/shop\/toepfe-pfannen\/wok-topf-pfanne\/demeyere-wok-32-cm\/#breadcrumb","itemListElement":[{"@type":"ListItem","position":1,"name":"Home","item":"https:\/\/dev6.erresse-shop.it\/"},{"@type":"ListItem","position":2,"name":"Shop","item":"https:\/\/dev6.erresse-shop.it\/shop\/"},{"@type":"ListItem","position":3,"name":"DEMEYERE Wok 32 cm"}]},{"@type":"WebSite","@id":"https:\/\/dev6.erresse-shop.it\/#website","url":"https:\/\/dev6.erresse-shop.it\/","name":"Erresse Shop","description":"","publisher":{"@id":"https:\/\/dev6.erresse-shop.it\/#organization"},"potentialAction":[{"@type":"SearchAction","target":{"@type":"EntryPoint","urlTemplate":"https:\/\/dev6.erresse-shop.it\/?s={search_term_string}"},"query-input":{"@type":"PropertyValueSpecification","valueRequired":true,"valueName":"search_term_string"}}],"inLanguage":"de"},{"@type":"Organization","@id":"https:\/\/dev6.erresse-shop.it\/#organization","name":"Erresse Shop","url":"https:\/\/dev6.erresse-shop.it\/","logo":{"@type":"ImageObject","inLanguage":"de","@id":"https:\/\/dev6.erresse-shop.it\/#\/schema\/logo\/image\/","url":"https:\/\/dev6.erresse-shop.it\/wp-content\/uploads\/2025\/01\/LOGO-ERRESSE-CLASSICO.svg","contentUrl":"https:\/\/dev6.erresse-shop.it\/wp-content\/uploads\/2025\/01\/LOGO-ERRESSE-CLASSICO.svg","caption":"Erresse Shop"},"image":{"@id":"https:\/\/dev6.erresse-shop.it\/#\/schema\/logo\/image\/"}}]}},"df_price":199.95,"df_sale_price":199.95,"df_regular_price":249,"df_image_link":"https:\/\/i2.wp.com\/interpim.erresse-shop.it\/Import\/Prodotti\/demeyere-wok-32-cm.jpg?resize=300,300&ssl=1","fifu_image_url":"https:\/\/interpim.erresse-shop.it\/Import\/Prodotti\/demeyere-wok-32-cm.jpg","_links":{"self":[{"href":"https:\/\/dev6.erresse-shop.it\/de\/wp-json\/wp\/v2\/product\/47875","targetHints":{"allow":["GET"]}}],"collection":[{"href":"https:\/\/dev6.erresse-shop.it\/de\/wp-json\/wp\/v2\/product"}],"about":[{"href":"https:\/\/dev6.erresse-shop.it\/de\/wp-json\/wp\/v2\/types\/product"}],"wp:featuredmedia":[{"embeddable":true,"href":"https:\/\/dev6.erresse-shop.it\/de\/wp-json\/wp\/v2\/media\/6512360"}],"wp:attachment":[{"href":"https:\/\/dev6.erresse-shop.it\/de\/wp-json\/wp\/v2\/media?parent=47875"}],"wp:term":[{"taxonomy":"product_cat","embeddable":true,"href":"https:\/\/dev6.erresse-shop.it\/de\/wp-json\/wp\/v2\/product_cat?post=47875"},{"taxonomy":"product_tag","embeddable":true,"href":"https:\/\/dev6.erresse-shop.it\/de\/wp-json\/wp\/v2\/product_tag?post=47875"}],"curies":[{"name":"wp","href":"https:\/\/api.w.org\/{rel}","templated":true}]}}