{"id":47873,"date":"2026-04-12T08:05:52","date_gmt":"2026-04-12T06:05:52","guid":{"rendered":"https:\/\/dev6.erresse-shop.it\/shop\/unkategorisiert\/demeyere-teppanyaki-gross\/"},"modified":"2025-07-03T19:25:17","modified_gmt":"2025-07-03T17:25:17","slug":"demeyere-teppanyaki-gross","status":"publish","type":"product","link":"https:\/\/dev6.erresse-shop.it\/de\/shop\/toepfe-pfannen\/teppanyaki-grillpfannen\/demeyere-teppanyaki-gross\/","title":{"rendered":"DEMEYERE Teppanyaki Gro\u00df"},"content":{"rendered":"<p>Die Teppanyaki-Grillplatte aus der Reihe Specialties erweist sich bei vielen Zubereitungsschritten und Rezepten als praktisch. Wenn Sie beispielsweise zahlreichen G\u00e4sten zeitgleich Steaks servieren oder mediterran gegrilltes Gem\u00fcse vorbereiten m\u00f6chten, lernen Sie das spezielle Kochzubeh\u00f6r lieben. Selbstverst\u00e4ndlich k\u00f6nnen Sie mit der Grillplatte auch traditionelle Gerichte der japanischen und spanischen K\u00fcche originalgetreu zubereiten. Das Bratgeschirr verf\u00fcgt \u00fcber eine Gr\u00f6\u00dfe von 53 cm x 32,5 cm. Dank der Tripllnduc\u00ae-Technologie ist das Bratgeschirr f\u00fcr alle Herdarten inklusive Induktion geeignet und \u00fcberzeugt mit einer hohen Effizienz. Das mehrschichtige 7-Ply-Material sorgt daf\u00fcr, dass sich die W\u00e4rme gleichm\u00e4\u00dfig verteilt und gespeichert wird. Die gro\u00dfe Teppanyaki- beziehungsweise Plancha-Grillplatte k\u00f6nnen Sie zudem in zwei Kochzonen mit verschiedenen Temperaturen unterteilen. Beispielsweise k\u00f6nnen Sie Fleischst\u00fccke scharf anbraten und auf dem identischen Bratgeschirr bis zum Servieren warmhalten. So erleichtert Ihnen die Grillplatte bei einigen Gerichten und Men\u00fcs die Zubereitung. Diese Platte von Demeyere wertet Ihre K\u00fcchenausstattung um ein besonderes Produkt auf.<\/p>\n<p>\u2013 Edelstahl 18\/10 mit Silvinox\u00ae: hygienisch und pflegeleicht<br \/>\n\u2013 7-Schicht-Material bis zum Rand (4 mm): optimale W\u00e4rmeverteilung<br \/>\n\u2013 Geschwei\u00dfte Edelstahlgriffe: sehr stabil und hygienisch<br \/>\n\u2013 Geeignet f\u00fcr den Ofen und alle Herdarten, einschlie\u00dflich Induktion<\/p>\n<p>Eigenschaften<br \/>\nFarbe: Silber<br \/>\nMaterial: 18\/10 Edelstahl<br \/>\nInduktion: Ja<br \/>\nBackofen geeignet: Ja<br \/>\nGrillvorrichtung geeignet: Ja<\/p>\n<p>Abmessungen<br \/>\nGewicht netto: 3,12 kg<br \/>\nProduktl\u00e4nge: 53,00 cm<br \/>\nProduktbreite: 32,50 cm<br \/>\nProdukth\u00f6he: 6,00 cm<br \/>\nProdukth\u00f6he ohne Deckel: 0,00 cm<br \/>\nBodenst\u00e4rke: 0,00 cm<br \/>\nOberer Durchmesser: 53,00 cm<br \/>\nOberer Durchmesser 2: 3,30 cm<br \/>\nBodendurchmesser: 0,00 cm<br \/>\nBodendurchmesser 2: 0,00 cm<\/p>\n","protected":false},"excerpt":{"rendered":"<p>Die Teppanyaki-Grillplatte aus der Reihe Specialties erweist sich bei vielen Zubereitungsschritten und Rezepten als praktisch. Wenn Sie beispielsweise zahlreichen G\u00e4sten zeitgleich Steaks servieren oder mediterran gegrilltes Gem\u00fcse vorbereiten m\u00f6chten, lernen Sie das spezielle Kochzubeh\u00f6r lieben. Selbstverst\u00e4ndlich k\u00f6nnen Sie mit der Grillplatte auch traditionelle Gerichte der japanischen und spanischen K\u00fcche originalgetreu zubereiten. Das Bratgeschirr verf\u00fcgt \u00fcber [&hellip;]<\/p>\n","protected":false},"featured_media":6340884,"template":"","meta":{"_acf_changed":false},"product_cat":[12128,12118,11686,12099],"product_tag":[],"class_list":{"0":"post-47873","1":"product","2":"type-product","3":"status-publish","4":"has-post-thumbnail","6":"product_cat-grillpfannen","7":"product_cat-teppanyaki-grillpfannen","8":"product_cat-teppanyaki-padelle-pentole","9":"product_cat-toepfe-pfannen","11":"first","12":"instock","13":"taxable","14":"shipping-taxable","15":"product-type-simple","swatches":"rey-swatches","show_selected":"","stretch_labels":"rey-swatches--stretch-labels"},"acf":[],"yoast_head":"<!-- This site is optimized with the Yoast SEO plugin v25.4 - https:\/\/yoast.com\/wordpress\/plugins\/seo\/ -->\n<title>DEMEYERE Teppanyaki Gro\u00df - dev6 Erresse<\/title>\n<meta name=\"description\" content=\"Die Teppanyaki-Grillplatte aus der Reihe Specialties erweist sich bei vielen Zubereitungsschritten und Rezepten als praktisch. Wenn Sie beispielsweise\" \/>\n<meta name=\"robots\" content=\"noindex, follow, max-snippet:-1, max-image-preview:large, max-video-preview:-1\" \/>\n<meta property=\"og:locale\" content=\"de_DE\" \/>\n<meta property=\"og:type\" content=\"article\" \/>\n<meta property=\"og:title\" content=\"DEMEYERE Teppanyaki Gro\u00df - dev6 Erresse\" \/>\n<meta property=\"og:description\" content=\"Die Teppanyaki-Grillplatte aus der Reihe Specialties erweist sich bei vielen Zubereitungsschritten und Rezepten als praktisch. Wenn Sie beispielsweise\" \/>\n<meta property=\"og:url\" content=\"https:\/\/dev6.erresse-shop.it\/de\/shop\/toepfe-pfannen\/teppanyaki-grillpfannen\/demeyere-teppanyaki-gross\/\" \/>\n<meta property=\"og:site_name\" content=\"dev6 Erresse\" \/>\n<meta property=\"og:image\" content=\"https:\/\/interpim.erresse-shop.it\/Import\/Prodotti\/demeyere-teppanyaki-grande.png\" \/><meta property=\"og:image\" content=\"https:\/\/interpim.erresse-shop.it\/Import\/Prodotti\/demeyere-teppanyaki-grande.png\" \/>\n\t<meta property=\"og:image:width\" content=\"1024\" \/>\n\t<meta property=\"og:image:height\" content=\"1024\" \/>\n\t<meta property=\"og:image:type\" content=\"image\/jpeg\" \/>\n<meta name=\"twitter:card\" content=\"summary_large_image\" \/>\n<meta name=\"twitter:image\" content=\"https:\/\/interpim.erresse-shop.it\/Import\/Prodotti\/demeyere-teppanyaki-grande.png\" \/>\n<script type=\"application\/ld+json\" class=\"yoast-schema-graph\">{\"@context\":\"https:\/\/schema.org\",\"@graph\":[{\"@type\":\"WebPage\",\"@id\":\"https:\/\/dev6.erresse-shop.it\/de\/shop\/toepfe-pfannen\/teppanyaki-grillpfannen\/demeyere-teppanyaki-gross\/\",\"url\":\"https:\/\/dev6.erresse-shop.it\/de\/shop\/toepfe-pfannen\/teppanyaki-grillpfannen\/demeyere-teppanyaki-gross\/\",\"name\":\"DEMEYERE Teppanyaki Gro\u00df - dev6 Erresse\",\"isPartOf\":{\"@id\":\"https:\/\/dev6.erresse-shop.it\/#website\"},\"primaryImageOfPage\":{\"@id\":\"https:\/\/dev6.erresse-shop.it\/de\/shop\/toepfe-pfannen\/teppanyaki-grillpfannen\/demeyere-teppanyaki-gross\/#primaryimage\"},\"image\":{\"@id\":\"https:\/\/dev6.erresse-shop.it\/de\/shop\/toepfe-pfannen\/teppanyaki-grillpfannen\/demeyere-teppanyaki-gross\/#primaryimage\"},\"thumbnailUrl\":\"https:\/\/i3.wp.com\/interpim.erresse-shop.it\/Import\/Prodotti\/demeyere-teppanyaki-grande.png?ssl=1\",\"datePublished\":\"2026-04-12T06:05:52+00:00\",\"description\":\"Die Teppanyaki-Grillplatte aus der Reihe Specialties erweist sich bei vielen Zubereitungsschritten und Rezepten als praktisch. Wenn Sie beispielsweise\",\"breadcrumb\":{\"@id\":\"https:\/\/dev6.erresse-shop.it\/de\/shop\/toepfe-pfannen\/teppanyaki-grillpfannen\/demeyere-teppanyaki-gross\/#breadcrumb\"},\"inLanguage\":\"de\",\"potentialAction\":[{\"@type\":\"ReadAction\",\"target\":[\"https:\/\/dev6.erresse-shop.it\/de\/shop\/toepfe-pfannen\/teppanyaki-grillpfannen\/demeyere-teppanyaki-gross\/\"]}]},{\"@type\":\"ImageObject\",\"inLanguage\":\"de\",\"@id\":\"https:\/\/dev6.erresse-shop.it\/de\/shop\/toepfe-pfannen\/teppanyaki-grillpfannen\/demeyere-teppanyaki-gross\/#primaryimage\",\"url\":\"https:\/\/i3.wp.com\/interpim.erresse-shop.it\/Import\/Prodotti\/demeyere-teppanyaki-grande.png?ssl=1\",\"contentUrl\":\"https:\/\/i3.wp.com\/interpim.erresse-shop.it\/Import\/Prodotti\/demeyere-teppanyaki-grande.png?ssl=1\"},{\"@type\":\"BreadcrumbList\",\"@id\":\"https:\/\/dev6.erresse-shop.it\/de\/shop\/toepfe-pfannen\/teppanyaki-grillpfannen\/demeyere-teppanyaki-gross\/#breadcrumb\",\"itemListElement\":[{\"@type\":\"ListItem\",\"position\":1,\"name\":\"Home\",\"item\":\"https:\/\/dev6.erresse-shop.it\/\"},{\"@type\":\"ListItem\",\"position\":2,\"name\":\"Shop\",\"item\":\"https:\/\/dev6.erresse-shop.it\/shop\/\"},{\"@type\":\"ListItem\",\"position\":3,\"name\":\"DEMEYERE Teppanyaki Gro\u00df\"}]},{\"@type\":\"WebSite\",\"@id\":\"https:\/\/dev6.erresse-shop.it\/#website\",\"url\":\"https:\/\/dev6.erresse-shop.it\/\",\"name\":\"Erresse Shop\",\"description\":\"\",\"publisher\":{\"@id\":\"https:\/\/dev6.erresse-shop.it\/#organization\"},\"potentialAction\":[{\"@type\":\"SearchAction\",\"target\":{\"@type\":\"EntryPoint\",\"urlTemplate\":\"https:\/\/dev6.erresse-shop.it\/?s={search_term_string}\"},\"query-input\":{\"@type\":\"PropertyValueSpecification\",\"valueRequired\":true,\"valueName\":\"search_term_string\"}}],\"inLanguage\":\"de\"},{\"@type\":\"Organization\",\"@id\":\"https:\/\/dev6.erresse-shop.it\/#organization\",\"name\":\"Erresse Shop\",\"url\":\"https:\/\/dev6.erresse-shop.it\/\",\"logo\":{\"@type\":\"ImageObject\",\"inLanguage\":\"de\",\"@id\":\"https:\/\/dev6.erresse-shop.it\/#\/schema\/logo\/image\/\",\"url\":\"https:\/\/dev6.erresse-shop.it\/wp-content\/uploads\/2025\/01\/LOGO-ERRESSE-CLASSICO.svg\",\"contentUrl\":\"https:\/\/dev6.erresse-shop.it\/wp-content\/uploads\/2025\/01\/LOGO-ERRESSE-CLASSICO.svg\",\"caption\":\"Erresse Shop\"},\"image\":{\"@id\":\"https:\/\/dev6.erresse-shop.it\/#\/schema\/logo\/image\/\"}}]}<\/script>\n<!-- \/ Yoast SEO plugin. -->","yoast_head_json":{"title":"DEMEYERE Teppanyaki Gro\u00df - dev6 Erresse","description":"Die Teppanyaki-Grillplatte aus der Reihe Specialties erweist sich bei vielen Zubereitungsschritten und Rezepten als praktisch. Wenn Sie beispielsweise","robots":{"index":"noindex","follow":"follow","max-snippet":"max-snippet:-1","max-image-preview":"max-image-preview:large","max-video-preview":"max-video-preview:-1"},"og_locale":"de_DE","og_type":"article","og_title":"DEMEYERE Teppanyaki Gro\u00df - dev6 Erresse","og_description":"Die Teppanyaki-Grillplatte aus der Reihe Specialties erweist sich bei vielen Zubereitungsschritten und Rezepten als praktisch. Wenn Sie beispielsweise","og_url":"https:\/\/dev6.erresse-shop.it\/de\/shop\/toepfe-pfannen\/teppanyaki-grillpfannen\/demeyere-teppanyaki-gross\/","og_site_name":"dev6 Erresse","og_image":[{"url":"https:\/\/interpim.erresse-shop.it\/Import\/Prodotti\/demeyere-teppanyaki-grande.png","type":"","width":"","height":""},{"url":"https:\/\/interpim.erresse-shop.it\/Import\/Prodotti\/demeyere-teppanyaki-grande.png","width":1024,"height":1024,"type":"image\/jpeg"}],"twitter_card":"summary_large_image","twitter_image":"https:\/\/interpim.erresse-shop.it\/Import\/Prodotti\/demeyere-teppanyaki-grande.png","schema":{"@context":"https:\/\/schema.org","@graph":[{"@type":"WebPage","@id":"https:\/\/dev6.erresse-shop.it\/de\/shop\/toepfe-pfannen\/teppanyaki-grillpfannen\/demeyere-teppanyaki-gross\/","url":"https:\/\/dev6.erresse-shop.it\/de\/shop\/toepfe-pfannen\/teppanyaki-grillpfannen\/demeyere-teppanyaki-gross\/","name":"DEMEYERE Teppanyaki Gro\u00df - dev6 Erresse","isPartOf":{"@id":"https:\/\/dev6.erresse-shop.it\/#website"},"primaryImageOfPage":{"@id":"https:\/\/dev6.erresse-shop.it\/de\/shop\/toepfe-pfannen\/teppanyaki-grillpfannen\/demeyere-teppanyaki-gross\/#primaryimage"},"image":{"@id":"https:\/\/dev6.erresse-shop.it\/de\/shop\/toepfe-pfannen\/teppanyaki-grillpfannen\/demeyere-teppanyaki-gross\/#primaryimage"},"thumbnailUrl":"https:\/\/i3.wp.com\/interpim.erresse-shop.it\/Import\/Prodotti\/demeyere-teppanyaki-grande.png?ssl=1","datePublished":"2026-04-12T06:05:52+00:00","description":"Die Teppanyaki-Grillplatte aus der Reihe Specialties erweist sich bei vielen Zubereitungsschritten und Rezepten als praktisch. Wenn Sie beispielsweise","breadcrumb":{"@id":"https:\/\/dev6.erresse-shop.it\/de\/shop\/toepfe-pfannen\/teppanyaki-grillpfannen\/demeyere-teppanyaki-gross\/#breadcrumb"},"inLanguage":"de","potentialAction":[{"@type":"ReadAction","target":["https:\/\/dev6.erresse-shop.it\/de\/shop\/toepfe-pfannen\/teppanyaki-grillpfannen\/demeyere-teppanyaki-gross\/"]}]},{"@type":"ImageObject","inLanguage":"de","@id":"https:\/\/dev6.erresse-shop.it\/de\/shop\/toepfe-pfannen\/teppanyaki-grillpfannen\/demeyere-teppanyaki-gross\/#primaryimage","url":"https:\/\/i3.wp.com\/interpim.erresse-shop.it\/Import\/Prodotti\/demeyere-teppanyaki-grande.png?ssl=1","contentUrl":"https:\/\/i3.wp.com\/interpim.erresse-shop.it\/Import\/Prodotti\/demeyere-teppanyaki-grande.png?ssl=1"},{"@type":"BreadcrumbList","@id":"https:\/\/dev6.erresse-shop.it\/de\/shop\/toepfe-pfannen\/teppanyaki-grillpfannen\/demeyere-teppanyaki-gross\/#breadcrumb","itemListElement":[{"@type":"ListItem","position":1,"name":"Home","item":"https:\/\/dev6.erresse-shop.it\/"},{"@type":"ListItem","position":2,"name":"Shop","item":"https:\/\/dev6.erresse-shop.it\/shop\/"},{"@type":"ListItem","position":3,"name":"DEMEYERE Teppanyaki Gro\u00df"}]},{"@type":"WebSite","@id":"https:\/\/dev6.erresse-shop.it\/#website","url":"https:\/\/dev6.erresse-shop.it\/","name":"Erresse Shop","description":"","publisher":{"@id":"https:\/\/dev6.erresse-shop.it\/#organization"},"potentialAction":[{"@type":"SearchAction","target":{"@type":"EntryPoint","urlTemplate":"https:\/\/dev6.erresse-shop.it\/?s={search_term_string}"},"query-input":{"@type":"PropertyValueSpecification","valueRequired":true,"valueName":"search_term_string"}}],"inLanguage":"de"},{"@type":"Organization","@id":"https:\/\/dev6.erresse-shop.it\/#organization","name":"Erresse Shop","url":"https:\/\/dev6.erresse-shop.it\/","logo":{"@type":"ImageObject","inLanguage":"de","@id":"https:\/\/dev6.erresse-shop.it\/#\/schema\/logo\/image\/","url":"https:\/\/dev6.erresse-shop.it\/wp-content\/uploads\/2025\/01\/LOGO-ERRESSE-CLASSICO.svg","contentUrl":"https:\/\/dev6.erresse-shop.it\/wp-content\/uploads\/2025\/01\/LOGO-ERRESSE-CLASSICO.svg","caption":"Erresse Shop"},"image":{"@id":"https:\/\/dev6.erresse-shop.it\/#\/schema\/logo\/image\/"}}]}},"df_price":"","df_sale_price":"","df_regular_price":"","df_image_link":"https:\/\/i3.wp.com\/interpim.erresse-shop.it\/Import\/Prodotti\/demeyere-teppanyaki-grande.png?resize=300,300&ssl=1","fifu_image_url":"https:\/\/interpim.erresse-shop.it\/Import\/Prodotti\/demeyere-teppanyaki-grande.png","_links":{"self":[{"href":"https:\/\/dev6.erresse-shop.it\/de\/wp-json\/wp\/v2\/product\/47873","targetHints":{"allow":["GET"]}}],"collection":[{"href":"https:\/\/dev6.erresse-shop.it\/de\/wp-json\/wp\/v2\/product"}],"about":[{"href":"https:\/\/dev6.erresse-shop.it\/de\/wp-json\/wp\/v2\/types\/product"}],"wp:featuredmedia":[{"embeddable":true,"href":"https:\/\/dev6.erresse-shop.it\/de\/wp-json\/wp\/v2\/media\/6340884"}],"wp:attachment":[{"href":"https:\/\/dev6.erresse-shop.it\/de\/wp-json\/wp\/v2\/media?parent=47873"}],"wp:term":[{"taxonomy":"product_cat","embeddable":true,"href":"https:\/\/dev6.erresse-shop.it\/de\/wp-json\/wp\/v2\/product_cat?post=47873"},{"taxonomy":"product_tag","embeddable":true,"href":"https:\/\/dev6.erresse-shop.it\/de\/wp-json\/wp\/v2\/product_tag?post=47873"}],"curies":[{"name":"wp","href":"https:\/\/api.w.org\/{rel}","templated":true}]}}