{"id":47869,"date":"2026-04-04T08:04:21","date_gmt":"2026-04-04T06:04:21","guid":{"rendered":"https:\/\/dev6.erresse-shop.it\/shop\/unkategorisiert\/zafferano-nuove-esperienze-set-6-weinglaeser-amarone\/"},"modified":"2025-07-03T19:25:14","modified_gmt":"2025-07-03T17:25:14","slug":"zafferano-nuove-esperienze-set-6-weinglaeser-amarone","status":"publish","type":"product","link":"https:\/\/dev6.erresse-shop.it\/de\/shop\/tisch\/weinbar-korkenzieher-dekanter-eiskubel\/weinglaeser\/zafferano-nuove-esperienze-set-6-weinglaeser-amarone\/","title":{"rendered":"ZAFFERANO Nuove Esperienze Set 6 Weingl\u00e4ser Amarone"},"content":{"rendered":"<p>Zafferano. Ein Weinglas deklamiert, entwickelt und vollst\u00e4ndig erg\u00e4nzt die Fl\u00fcssigkeit h\u00e4lt \u2013 und es ist auch ein Kunstwerk.<\/p>\n<p>Die Arbeit von Federico de Majo inspiriert von der visuellen und traditionsreichsten der Zeilen, die andere mit einem einzigartig technischen Inhalt, was die Begeisterung f\u00fcr Innovation und Forschung.<\/p>\n<p>Zafferano bringt die Kunst der Glasmacher und die Kultur des Weines.<br \/>\nDie Geschichte von Federico de Majo hat seine Anf\u00e4nge in den Familienbetrieb auf der Insel Murano (Venedig). Es war hier, in der Mitte der 1970er Jahre, dass Federico de Majo begann, und k\u00fcnstlerische Glas Allgemeinen. Danach wird ein Gef\u00fchl f\u00fcr die Bedeutung und den Genuss von gutem Wein f\u00fchrte ihn eine Firma auf die Entwicklung und Herstellung von Verkostungsgl\u00e4ser gewidmet.<\/p>\n<p>ESPERIENZE \u2013 NUOVE ESPERIENZE<br \/>\n\u201cUm \u00fcber die Konzeption und Rafting dieser Gl\u00e4ser zu sprechen \u2013 Esperienze \u2013 ist mir eine gro\u00dfe Freude, die ich suchte nach einer Idee, die das Verhalten des Seins nur angenehm f\u00fcr das Auge, die bei so vielen vorhandenen Gl\u00e4ser Wein nicht folgen Die.. . Idee kam mir, w\u00e4hrend ich am Tisch bei Morgan, Madison Avenue sitzen in einem charmanten Zimmer drau\u00dfen regnete es, eine Vielzahl von konzentrischen Ringen vibrierte in den Spiegeln, die durch die Pf\u00fctzen, eine konkrete, unmittelbare erf\u00fcllt Idee \u201c<br \/>\nFederico de Majo<\/p>\n<p>Es ist eine einzigartige Reihe von Erfahrungen, die die Schnupper genie\u00dft beim Trinken aus diesen Gl\u00e4sern, mit ihren gro\u00dfz\u00fcgigen Fl\u00e4che und riss Sch\u00fcssel. Die Oberfl\u00e4che in Kontakt mit Wein wird von den Wellen erh\u00f6ht, so dass der Verkoster zu wirbeln, oxigenate und die Entwicklung der Wein am besten zur Geltung, wenn von den Beschr\u00e4nkungen durch die bootle auferlegt befreit, es zu einem Zustand ideal zum Trinken bringen.<br \/>\nUnd eben diese Wellen zeigen sich die Farben und Reflexionen in der Fl\u00fcssigkeit, ohne das Glas zu kippen. Die \u201cEsperienze\u201d-Kollektion (zum Patent angemeldet) von Federico de Majo entworfen und in Kristallglas gefertigt und in zwei Ausf\u00fchrungen: Mund Schlag (Esperienze) und maschinell hergestellt (Nuove Esperienze). \u201cEsperienze\u201d Weinprobe Gl\u00e4ser sind eine geeignete Gl\u00e4ser Verkostung von Wein-Profis und Kennern gesch\u00e4tzt.<br \/>\nEntwickelt, um die besten zu verbessern distintive Eigenschaften jeder Wein, den sie empfohlen werden, und zweitens, um hervorragende technische Eigenschaften und funktionalen Qualit\u00e4ten von Design zu kombinieren, hat das \u201cEsperienze\u201d-Kollektion von den f\u00fchrenden internationalen Weinproben, wie Vinitaly ausgew\u00e4hlt.<\/p>\n","protected":false},"excerpt":{"rendered":"<p>Zafferano. Ein Weinglas deklamiert, entwickelt und vollst\u00e4ndig erg\u00e4nzt die Fl\u00fcssigkeit h\u00e4lt \u2013 und es ist auch ein Kunstwerk. Die Arbeit von Federico de Majo inspiriert von der visuellen und traditionsreichsten der Zeilen, die andere mit einem einzigartig technischen Inhalt, was die Begeisterung f\u00fcr Innovation und Forschung. Zafferano bringt die Kunst der Glasmacher und die Kultur [&hellip;]<\/p>\n","protected":false},"featured_media":6257542,"template":"","meta":{"_acf_changed":false},"product_cat":[11754,12103,12177,12186],"product_tag":[],"class_list":{"0":"post-47869","1":"product","2":"type-product","3":"status-publish","4":"has-post-thumbnail","6":"product_cat-calici","7":"product_cat-tisch","8":"product_cat-weinbar-korkenzieher-dekanter-eiskubel","9":"product_cat-weinglaeser","11":"first","12":"outofstock","13":"taxable","14":"shipping-taxable","15":"purchasable","16":"product-type-simple","swatches":"rey-swatches","show_selected":"","stretch_labels":"rey-swatches--stretch-labels"},"acf":[],"yoast_head":"<!-- This site is optimized with the Yoast SEO plugin v25.4 - https:\/\/yoast.com\/wordpress\/plugins\/seo\/ -->\n<title>ZAFFERANO Nuove Esperienze Set 6 Weingl\u00e4ser Amarone - dev6 Erresse<\/title>\n<meta name=\"description\" content=\"Zafferano. Ein Weinglas deklamiert, entwickelt und vollst\u00e4ndig erg\u00e4nzt die Fl\u00fcssigkeit h\u00e4lt \u2013 und es ist auch ein Kunstwerk. Die Arbeit von Federico de\" \/>\n<meta name=\"robots\" content=\"noindex, follow, max-snippet:-1, max-image-preview:large, max-video-preview:-1\" \/>\n<meta property=\"og:locale\" content=\"de_DE\" \/>\n<meta property=\"og:type\" content=\"article\" \/>\n<meta property=\"og:title\" content=\"ZAFFERANO Nuove Esperienze Set 6 Weingl\u00e4ser Amarone - dev6 Erresse\" \/>\n<meta property=\"og:description\" content=\"Zafferano. Ein Weinglas deklamiert, entwickelt und vollst\u00e4ndig erg\u00e4nzt die Fl\u00fcssigkeit h\u00e4lt \u2013 und es ist auch ein Kunstwerk. Die Arbeit von Federico de\" \/>\n<meta property=\"og:url\" content=\"https:\/\/dev6.erresse-shop.it\/de\/shop\/tisch\/weinbar-korkenzieher-dekanter-eiskubel\/weinglaeser\/zafferano-nuove-esperienze-set-6-weinglaeser-amarone\/\" \/>\n<meta property=\"og:site_name\" content=\"dev6 Erresse\" \/>\n<meta property=\"og:image\" content=\"https:\/\/interpim.erresse-shop.it\/img-catalogo\/zafferano\/zafferano-6-calici-amarone-esperienze.jpg\" \/><meta property=\"og:image\" content=\"https:\/\/interpim.erresse-shop.it\/img-catalogo\/zafferano\/zafferano-6-calici-amarone-esperienze.jpg\" \/>\n\t<meta property=\"og:image:width\" content=\"1024\" \/>\n\t<meta property=\"og:image:height\" content=\"1024\" \/>\n\t<meta property=\"og:image:type\" content=\"image\/jpeg\" \/>\n<meta name=\"twitter:card\" content=\"summary_large_image\" \/>\n<meta name=\"twitter:image\" content=\"https:\/\/interpim.erresse-shop.it\/img-catalogo\/zafferano\/zafferano-6-calici-amarone-esperienze.jpg\" \/>\n<script type=\"application\/ld+json\" class=\"yoast-schema-graph\">{\"@context\":\"https:\/\/schema.org\",\"@graph\":[{\"@type\":\"WebPage\",\"@id\":\"https:\/\/dev6.erresse-shop.it\/de\/shop\/tisch\/weinbar-korkenzieher-dekanter-eiskubel\/weinglaeser\/zafferano-nuove-esperienze-set-6-weinglaeser-amarone\/\",\"url\":\"https:\/\/dev6.erresse-shop.it\/de\/shop\/tisch\/weinbar-korkenzieher-dekanter-eiskubel\/weinglaeser\/zafferano-nuove-esperienze-set-6-weinglaeser-amarone\/\",\"name\":\"ZAFFERANO Nuove Esperienze Set 6 Weingl\u00e4ser Amarone - dev6 Erresse\",\"isPartOf\":{\"@id\":\"https:\/\/dev6.erresse-shop.it\/#website\"},\"primaryImageOfPage\":{\"@id\":\"https:\/\/dev6.erresse-shop.it\/de\/shop\/tisch\/weinbar-korkenzieher-dekanter-eiskubel\/weinglaeser\/zafferano-nuove-esperienze-set-6-weinglaeser-amarone\/#primaryimage\"},\"image\":{\"@id\":\"https:\/\/dev6.erresse-shop.it\/de\/shop\/tisch\/weinbar-korkenzieher-dekanter-eiskubel\/weinglaeser\/zafferano-nuove-esperienze-set-6-weinglaeser-amarone\/#primaryimage\"},\"thumbnailUrl\":\"https:\/\/i2.wp.com\/interpim.erresse-shop.it\/img-catalogo\/zafferano\/zafferano-6-calici-amarone-esperienze.jpg?ssl=1\",\"datePublished\":\"2026-04-04T06:04:21+00:00\",\"description\":\"Zafferano. Ein Weinglas deklamiert, entwickelt und vollst\u00e4ndig erg\u00e4nzt die Fl\u00fcssigkeit h\u00e4lt \u2013 und es ist auch ein Kunstwerk. Die Arbeit von Federico de\",\"breadcrumb\":{\"@id\":\"https:\/\/dev6.erresse-shop.it\/de\/shop\/tisch\/weinbar-korkenzieher-dekanter-eiskubel\/weinglaeser\/zafferano-nuove-esperienze-set-6-weinglaeser-amarone\/#breadcrumb\"},\"inLanguage\":\"de\",\"potentialAction\":[{\"@type\":\"ReadAction\",\"target\":[\"https:\/\/dev6.erresse-shop.it\/de\/shop\/tisch\/weinbar-korkenzieher-dekanter-eiskubel\/weinglaeser\/zafferano-nuove-esperienze-set-6-weinglaeser-amarone\/\"]}]},{\"@type\":\"ImageObject\",\"inLanguage\":\"de\",\"@id\":\"https:\/\/dev6.erresse-shop.it\/de\/shop\/tisch\/weinbar-korkenzieher-dekanter-eiskubel\/weinglaeser\/zafferano-nuove-esperienze-set-6-weinglaeser-amarone\/#primaryimage\",\"url\":\"https:\/\/i2.wp.com\/interpim.erresse-shop.it\/img-catalogo\/zafferano\/zafferano-6-calici-amarone-esperienze.jpg?ssl=1\",\"contentUrl\":\"https:\/\/i2.wp.com\/interpim.erresse-shop.it\/img-catalogo\/zafferano\/zafferano-6-calici-amarone-esperienze.jpg?ssl=1\"},{\"@type\":\"BreadcrumbList\",\"@id\":\"https:\/\/dev6.erresse-shop.it\/de\/shop\/tisch\/weinbar-korkenzieher-dekanter-eiskubel\/weinglaeser\/zafferano-nuove-esperienze-set-6-weinglaeser-amarone\/#breadcrumb\",\"itemListElement\":[{\"@type\":\"ListItem\",\"position\":1,\"name\":\"Home\",\"item\":\"https:\/\/dev6.erresse-shop.it\/\"},{\"@type\":\"ListItem\",\"position\":2,\"name\":\"Shop\",\"item\":\"https:\/\/dev6.erresse-shop.it\/shop\/\"},{\"@type\":\"ListItem\",\"position\":3,\"name\":\"ZAFFERANO Nuove Esperienze Set 6 Weingl\u00e4ser Amarone\"}]},{\"@type\":\"WebSite\",\"@id\":\"https:\/\/dev6.erresse-shop.it\/#website\",\"url\":\"https:\/\/dev6.erresse-shop.it\/\",\"name\":\"Erresse Shop\",\"description\":\"\",\"publisher\":{\"@id\":\"https:\/\/dev6.erresse-shop.it\/#organization\"},\"potentialAction\":[{\"@type\":\"SearchAction\",\"target\":{\"@type\":\"EntryPoint\",\"urlTemplate\":\"https:\/\/dev6.erresse-shop.it\/?s={search_term_string}\"},\"query-input\":{\"@type\":\"PropertyValueSpecification\",\"valueRequired\":true,\"valueName\":\"search_term_string\"}}],\"inLanguage\":\"de\"},{\"@type\":\"Organization\",\"@id\":\"https:\/\/dev6.erresse-shop.it\/#organization\",\"name\":\"Erresse Shop\",\"url\":\"https:\/\/dev6.erresse-shop.it\/\",\"logo\":{\"@type\":\"ImageObject\",\"inLanguage\":\"de\",\"@id\":\"https:\/\/dev6.erresse-shop.it\/#\/schema\/logo\/image\/\",\"url\":\"https:\/\/dev6.erresse-shop.it\/wp-content\/uploads\/2025\/01\/LOGO-ERRESSE-CLASSICO.svg\",\"contentUrl\":\"https:\/\/dev6.erresse-shop.it\/wp-content\/uploads\/2025\/01\/LOGO-ERRESSE-CLASSICO.svg\",\"caption\":\"Erresse Shop\"},\"image\":{\"@id\":\"https:\/\/dev6.erresse-shop.it\/#\/schema\/logo\/image\/\"}}]}<\/script>\n<!-- \/ Yoast SEO plugin. -->","yoast_head_json":{"title":"ZAFFERANO Nuove Esperienze Set 6 Weingl\u00e4ser Amarone - dev6 Erresse","description":"Zafferano. Ein Weinglas deklamiert, entwickelt und vollst\u00e4ndig erg\u00e4nzt die Fl\u00fcssigkeit h\u00e4lt \u2013 und es ist auch ein Kunstwerk. Die Arbeit von Federico de","robots":{"index":"noindex","follow":"follow","max-snippet":"max-snippet:-1","max-image-preview":"max-image-preview:large","max-video-preview":"max-video-preview:-1"},"og_locale":"de_DE","og_type":"article","og_title":"ZAFFERANO Nuove Esperienze Set 6 Weingl\u00e4ser Amarone - dev6 Erresse","og_description":"Zafferano. Ein Weinglas deklamiert, entwickelt und vollst\u00e4ndig erg\u00e4nzt die Fl\u00fcssigkeit h\u00e4lt \u2013 und es ist auch ein Kunstwerk. Die Arbeit von Federico de","og_url":"https:\/\/dev6.erresse-shop.it\/de\/shop\/tisch\/weinbar-korkenzieher-dekanter-eiskubel\/weinglaeser\/zafferano-nuove-esperienze-set-6-weinglaeser-amarone\/","og_site_name":"dev6 Erresse","og_image":[{"url":"https:\/\/interpim.erresse-shop.it\/img-catalogo\/zafferano\/zafferano-6-calici-amarone-esperienze.jpg","type":"","width":"","height":""},{"url":"https:\/\/interpim.erresse-shop.it\/img-catalogo\/zafferano\/zafferano-6-calici-amarone-esperienze.jpg","width":1024,"height":1024,"type":"image\/jpeg"}],"twitter_card":"summary_large_image","twitter_image":"https:\/\/interpim.erresse-shop.it\/img-catalogo\/zafferano\/zafferano-6-calici-amarone-esperienze.jpg","schema":{"@context":"https:\/\/schema.org","@graph":[{"@type":"WebPage","@id":"https:\/\/dev6.erresse-shop.it\/de\/shop\/tisch\/weinbar-korkenzieher-dekanter-eiskubel\/weinglaeser\/zafferano-nuove-esperienze-set-6-weinglaeser-amarone\/","url":"https:\/\/dev6.erresse-shop.it\/de\/shop\/tisch\/weinbar-korkenzieher-dekanter-eiskubel\/weinglaeser\/zafferano-nuove-esperienze-set-6-weinglaeser-amarone\/","name":"ZAFFERANO Nuove Esperienze Set 6 Weingl\u00e4ser Amarone - dev6 Erresse","isPartOf":{"@id":"https:\/\/dev6.erresse-shop.it\/#website"},"primaryImageOfPage":{"@id":"https:\/\/dev6.erresse-shop.it\/de\/shop\/tisch\/weinbar-korkenzieher-dekanter-eiskubel\/weinglaeser\/zafferano-nuove-esperienze-set-6-weinglaeser-amarone\/#primaryimage"},"image":{"@id":"https:\/\/dev6.erresse-shop.it\/de\/shop\/tisch\/weinbar-korkenzieher-dekanter-eiskubel\/weinglaeser\/zafferano-nuove-esperienze-set-6-weinglaeser-amarone\/#primaryimage"},"thumbnailUrl":"https:\/\/i2.wp.com\/interpim.erresse-shop.it\/img-catalogo\/zafferano\/zafferano-6-calici-amarone-esperienze.jpg?ssl=1","datePublished":"2026-04-04T06:04:21+00:00","description":"Zafferano. Ein Weinglas deklamiert, entwickelt und vollst\u00e4ndig erg\u00e4nzt die Fl\u00fcssigkeit h\u00e4lt \u2013 und es ist auch ein Kunstwerk. Die Arbeit von Federico de","breadcrumb":{"@id":"https:\/\/dev6.erresse-shop.it\/de\/shop\/tisch\/weinbar-korkenzieher-dekanter-eiskubel\/weinglaeser\/zafferano-nuove-esperienze-set-6-weinglaeser-amarone\/#breadcrumb"},"inLanguage":"de","potentialAction":[{"@type":"ReadAction","target":["https:\/\/dev6.erresse-shop.it\/de\/shop\/tisch\/weinbar-korkenzieher-dekanter-eiskubel\/weinglaeser\/zafferano-nuove-esperienze-set-6-weinglaeser-amarone\/"]}]},{"@type":"ImageObject","inLanguage":"de","@id":"https:\/\/dev6.erresse-shop.it\/de\/shop\/tisch\/weinbar-korkenzieher-dekanter-eiskubel\/weinglaeser\/zafferano-nuove-esperienze-set-6-weinglaeser-amarone\/#primaryimage","url":"https:\/\/i2.wp.com\/interpim.erresse-shop.it\/img-catalogo\/zafferano\/zafferano-6-calici-amarone-esperienze.jpg?ssl=1","contentUrl":"https:\/\/i2.wp.com\/interpim.erresse-shop.it\/img-catalogo\/zafferano\/zafferano-6-calici-amarone-esperienze.jpg?ssl=1"},{"@type":"BreadcrumbList","@id":"https:\/\/dev6.erresse-shop.it\/de\/shop\/tisch\/weinbar-korkenzieher-dekanter-eiskubel\/weinglaeser\/zafferano-nuove-esperienze-set-6-weinglaeser-amarone\/#breadcrumb","itemListElement":[{"@type":"ListItem","position":1,"name":"Home","item":"https:\/\/dev6.erresse-shop.it\/"},{"@type":"ListItem","position":2,"name":"Shop","item":"https:\/\/dev6.erresse-shop.it\/shop\/"},{"@type":"ListItem","position":3,"name":"ZAFFERANO Nuove Esperienze Set 6 Weingl\u00e4ser Amarone"}]},{"@type":"WebSite","@id":"https:\/\/dev6.erresse-shop.it\/#website","url":"https:\/\/dev6.erresse-shop.it\/","name":"Erresse Shop","description":"","publisher":{"@id":"https:\/\/dev6.erresse-shop.it\/#organization"},"potentialAction":[{"@type":"SearchAction","target":{"@type":"EntryPoint","urlTemplate":"https:\/\/dev6.erresse-shop.it\/?s={search_term_string}"},"query-input":{"@type":"PropertyValueSpecification","valueRequired":true,"valueName":"search_term_string"}}],"inLanguage":"de"},{"@type":"Organization","@id":"https:\/\/dev6.erresse-shop.it\/#organization","name":"Erresse Shop","url":"https:\/\/dev6.erresse-shop.it\/","logo":{"@type":"ImageObject","inLanguage":"de","@id":"https:\/\/dev6.erresse-shop.it\/#\/schema\/logo\/image\/","url":"https:\/\/dev6.erresse-shop.it\/wp-content\/uploads\/2025\/01\/LOGO-ERRESSE-CLASSICO.svg","contentUrl":"https:\/\/dev6.erresse-shop.it\/wp-content\/uploads\/2025\/01\/LOGO-ERRESSE-CLASSICO.svg","caption":"Erresse Shop"},"image":{"@id":"https:\/\/dev6.erresse-shop.it\/#\/schema\/logo\/image\/"}}]}},"df_price":58,"df_sale_price":"","df_regular_price":58,"df_image_link":"https:\/\/i2.wp.com\/interpim.erresse-shop.it\/img-catalogo\/zafferano\/zafferano-6-calici-amarone-esperienze.jpg?resize=300,300&ssl=1","fifu_image_url":"https:\/\/interpim.erresse-shop.it\/img-catalogo\/zafferano\/zafferano-6-calici-amarone-esperienze.jpg","_links":{"self":[{"href":"https:\/\/dev6.erresse-shop.it\/de\/wp-json\/wp\/v2\/product\/47869","targetHints":{"allow":["GET"]}}],"collection":[{"href":"https:\/\/dev6.erresse-shop.it\/de\/wp-json\/wp\/v2\/product"}],"about":[{"href":"https:\/\/dev6.erresse-shop.it\/de\/wp-json\/wp\/v2\/types\/product"}],"wp:featuredmedia":[{"embeddable":true,"href":"https:\/\/dev6.erresse-shop.it\/de\/wp-json\/wp\/v2\/media\/6257542"}],"wp:attachment":[{"href":"https:\/\/dev6.erresse-shop.it\/de\/wp-json\/wp\/v2\/media?parent=47869"}],"wp:term":[{"taxonomy":"product_cat","embeddable":true,"href":"https:\/\/dev6.erresse-shop.it\/de\/wp-json\/wp\/v2\/product_cat?post=47869"},{"taxonomy":"product_tag","embeddable":true,"href":"https:\/\/dev6.erresse-shop.it\/de\/wp-json\/wp\/v2\/product_tag?post=47869"}],"curies":[{"name":"wp","href":"https:\/\/api.w.org\/{rel}","templated":true}]}}