{"id":47813,"date":"2026-04-15T08:04:06","date_gmt":"2026-04-15T06:04:06","guid":{"rendered":"https:\/\/dev6.erresse-shop.it\/shop\/unkategorisiert\/staub-wok-mit-glassdeckel-37-cm-graphit-grau\/"},"modified":"2025-09-14T00:12:48","modified_gmt":"2025-09-13T22:12:48","slug":"staub-wok-mit-glassdeckel-37-cm-graphit-grau","status":"publish","type":"product","link":"https:\/\/dev6.erresse-shop.it\/de\/shop\/toepfe-pfannen\/wok-topf-pfanne\/staub-wok-mit-glassdeckel-37-cm-graphit-grau\/","title":{"rendered":"STAUB Wok mit Glassdeckel 37 cm Graphit-Grau"},"content":{"rendered":"<p>Mit der Wokpfanne von STAUB gelingen originale sowie originelle Rezepte mit Fisch, Fleisch, Tofu oder Gem\u00fcse aus der asiatischen K\u00fcche: Die Zutaten werden besonders schnell gegart, da sie durch st\u00e4ndiges R\u00fchren und Wenden von allen Seiten mit dem hei\u00dfen Gusseisen in Kontakt kommen. Durch diese Zubereitungsart bleibt das Gem\u00fcse besonders knackig und zugleich enthalten die Gerichte mehr N\u00e4hrstoffe und Vitamine als beim herk\u00f6mmlichen Kochen im Topf. Neben Reisnudel- oder Gem\u00fcse-Pfannengerichten k\u00f6nnen auch Beilagen ohne gro\u00dfen Aufwand zubereitet oder aufgew\u00e4rmt werden. Der Gusseisen-Wok kann auf allen Herdarten sowie im Backofen eingesetzt werden. Das bew\u00e4hrte Material leitet die W\u00e4rme dabei nicht nur optimal, sondern speichert diese auch und ist somit besonders energiesparend. Durch den Majolikaeffekt erstrahlt die Pfanne in einem klassischen Grau, wodurch sie sowohl auf dem Esstisch als auch in der K\u00fcche eine gute Figur macht.<\/p>\n<p>\u2013 F\u00fcr nuancenreiche Gem\u00fcse-, Fisch-, Fleisch- und Tofu-Gerichte der asiatischen K\u00fcche<br \/>\n\u2013 Geeignet f\u00fcr Elektroherd, Gasherd, Halogenherd, Glaskeramikkochfeld, Induktionsherd und Backofen<br \/>\n\u2013 Praktischer Glasdeckel zur \u00dcberwachung des Kochvorgangs<br \/>\n\u2013 Energieeffizientes Kochen<br \/>\n\u2013 Ma\u00dfe mit Griff und Deckel (LxH): 46 x 10,2 cm, Durchmesser: 37 cm, Boden: 14 cm<br \/>\n\u2013 Gewicht mit Deckel: 6,12 kg<\/p>\n<p>Eigenschaften<br \/>\n\u2013 Hitzebest\u00e4ndigkeit: 240,00 \u00baC<br \/>\n\u2013 Material: Gusseisen<br \/>\n\u2013 Griffart: Deckelgriff<br \/>\n\u2013 Griffbefestigung: verschraubt<br \/>\n\u2013 Deckel vorhanden: Ja<br \/>\n\u2013 Induktion: Ja<br \/>\n\u2013 Backofen geeignet: Ja<br \/>\n\u2013 Grillvorrichtung geeignet: Ja<br \/>\n\u2013 Mikrowelle geeignet: Ja<br \/>\n\u2013 Gefrierschrank geeignet: Ja<br \/>\n\u2013 Herdplatten geeignet: Ja<br \/>\n\u2013 F\u00fcr Metallgegenst\u00e4nde geeignet: Ja<br \/>\n\u2013 sp\u00fclmaschinengeeignet: Ja<\/p>\n<p>Abmessungen<br \/>\n\u2013 Gewicht netto: 6,12 kg<br \/>\n\u2013 Volumen: 5,70 l<br \/>\n\u2013 Produktl\u00e4nge: 46,00 cm<br \/>\n\u2013 Produktbreite: 37,00 cm<br \/>\n\u2013 Produkth\u00f6he: 10,20 cm<br \/>\n\u2013 Produkth\u00f6he ohne Deckel: 9,70 cm<br \/>\n\u2013 Oberer Durchmesser: 37,00 cm<br \/>\n\u2013 Bodendurchmesser: 14,00 cm<\/p>\n","protected":false},"excerpt":{"rendered":"<p>Mit der Wokpfanne von STAUB gelingen originale sowie originelle Rezepte mit Fisch, Fleisch, Tofu oder Gem\u00fcse aus der asiatischen K\u00fcche: Die Zutaten werden besonders schnell gegart, da sie durch st\u00e4ndiges R\u00fchren und Wenden von allen Seiten mit dem hei\u00dfen Gusseisen in Kontakt kommen. Durch diese Zubereitungsart bleibt das Gem\u00fcse besonders knackig und zugleich enthalten die [&hellip;]<\/p>\n","protected":false},"featured_media":6382286,"template":"","meta":{"_acf_changed":false},"product_cat":[11667,12099,12111],"product_tag":[],"class_list":{"0":"post-47813","1":"product","2":"type-product","3":"status-publish","4":"has-post-thumbnail","6":"product_cat-padelle-pentole","7":"product_cat-toepfe-pfannen","8":"product_cat-wok-topf-pfanne","10":"first","11":"instock","12":"sale","13":"taxable","14":"shipping-taxable","15":"purchasable","16":"product-type-simple","swatches":"rey-swatches","show_selected":"","stretch_labels":"rey-swatches--stretch-labels"},"acf":[],"yoast_head":"<!-- This site is optimized with the Yoast SEO plugin v25.4 - https:\/\/yoast.com\/wordpress\/plugins\/seo\/ -->\n<title>STAUB Wok mit Glassdeckel 37 cm Graphit-Grau - dev6 Erresse<\/title>\n<meta name=\"description\" content=\"Mit der Wokpfanne von STAUB gelingen originale sowie originelle Rezepte mit Fisch, Fleisch, Tofu oder Gem\u00fcse aus der asiatischen K\u00fcche: Die Zutaten werden\" \/>\n<meta name=\"robots\" content=\"noindex, follow, max-snippet:-1, max-image-preview:large, max-video-preview:-1\" \/>\n<meta property=\"og:locale\" content=\"de_DE\" \/>\n<meta property=\"og:type\" content=\"article\" \/>\n<meta property=\"og:title\" content=\"STAUB Wok mit Glassdeckel 37 cm Graphit-Grau - dev6 Erresse\" \/>\n<meta property=\"og:description\" content=\"Mit der Wokpfanne von STAUB gelingen originale sowie originelle Rezepte mit Fisch, Fleisch, Tofu oder Gem\u00fcse aus der asiatischen K\u00fcche: Die Zutaten werden\" \/>\n<meta property=\"og:url\" content=\"https:\/\/dev6.erresse-shop.it\/de\/shop\/toepfe-pfannen\/wok-topf-pfanne\/staub-wok-mit-glassdeckel-37-cm-graphit-grau\/\" \/>\n<meta property=\"og:site_name\" content=\"dev6 Erresse\" \/>\n<meta property=\"og:image\" content=\"https:\/\/interpim.erresse-shop.it\/Import\/Prodotti\/products-wokgrigia.jpg\" \/><meta property=\"og:image\" content=\"https:\/\/interpim.erresse-shop.it\/Import\/Prodotti\/products-wokgrigia.jpg\" \/>\n\t<meta property=\"og:image:width\" content=\"1024\" \/>\n\t<meta property=\"og:image:height\" content=\"1024\" \/>\n\t<meta property=\"og:image:type\" content=\"image\/jpeg\" \/>\n<meta name=\"twitter:card\" content=\"summary_large_image\" \/>\n<meta name=\"twitter:image\" content=\"https:\/\/interpim.erresse-shop.it\/Import\/Prodotti\/products-wokgrigia.jpg\" \/>\n<script type=\"application\/ld+json\" class=\"yoast-schema-graph\">{\"@context\":\"https:\/\/schema.org\",\"@graph\":[{\"@type\":\"WebPage\",\"@id\":\"https:\/\/dev6.erresse-shop.it\/de\/shop\/toepfe-pfannen\/wok-topf-pfanne\/staub-wok-mit-glassdeckel-37-cm-graphit-grau\/\",\"url\":\"https:\/\/dev6.erresse-shop.it\/de\/shop\/toepfe-pfannen\/wok-topf-pfanne\/staub-wok-mit-glassdeckel-37-cm-graphit-grau\/\",\"name\":\"STAUB Wok mit Glassdeckel 37 cm Graphit-Grau - dev6 Erresse\",\"isPartOf\":{\"@id\":\"https:\/\/dev6.erresse-shop.it\/#website\"},\"primaryImageOfPage\":{\"@id\":\"https:\/\/dev6.erresse-shop.it\/de\/shop\/toepfe-pfannen\/wok-topf-pfanne\/staub-wok-mit-glassdeckel-37-cm-graphit-grau\/#primaryimage\"},\"image\":{\"@id\":\"https:\/\/dev6.erresse-shop.it\/de\/shop\/toepfe-pfannen\/wok-topf-pfanne\/staub-wok-mit-glassdeckel-37-cm-graphit-grau\/#primaryimage\"},\"thumbnailUrl\":\"https:\/\/i1.wp.com\/interpim.erresse-shop.it\/Import\/Prodotti\/products-wokgrigia.jpg?ssl=1\",\"datePublished\":\"2026-04-15T06:04:06+00:00\",\"description\":\"Mit der Wokpfanne von STAUB gelingen originale sowie originelle Rezepte mit Fisch, Fleisch, Tofu oder Gem\u00fcse aus der asiatischen K\u00fcche: Die Zutaten werden\",\"breadcrumb\":{\"@id\":\"https:\/\/dev6.erresse-shop.it\/de\/shop\/toepfe-pfannen\/wok-topf-pfanne\/staub-wok-mit-glassdeckel-37-cm-graphit-grau\/#breadcrumb\"},\"inLanguage\":\"de\",\"potentialAction\":[{\"@type\":\"ReadAction\",\"target\":[\"https:\/\/dev6.erresse-shop.it\/de\/shop\/toepfe-pfannen\/wok-topf-pfanne\/staub-wok-mit-glassdeckel-37-cm-graphit-grau\/\"]}]},{\"@type\":\"ImageObject\",\"inLanguage\":\"de\",\"@id\":\"https:\/\/dev6.erresse-shop.it\/de\/shop\/toepfe-pfannen\/wok-topf-pfanne\/staub-wok-mit-glassdeckel-37-cm-graphit-grau\/#primaryimage\",\"url\":\"https:\/\/i1.wp.com\/interpim.erresse-shop.it\/Import\/Prodotti\/products-wokgrigia.jpg?ssl=1\",\"contentUrl\":\"https:\/\/i1.wp.com\/interpim.erresse-shop.it\/Import\/Prodotti\/products-wokgrigia.jpg?ssl=1\"},{\"@type\":\"BreadcrumbList\",\"@id\":\"https:\/\/dev6.erresse-shop.it\/de\/shop\/toepfe-pfannen\/wok-topf-pfanne\/staub-wok-mit-glassdeckel-37-cm-graphit-grau\/#breadcrumb\",\"itemListElement\":[{\"@type\":\"ListItem\",\"position\":1,\"name\":\"Home\",\"item\":\"https:\/\/dev6.erresse-shop.it\/\"},{\"@type\":\"ListItem\",\"position\":2,\"name\":\"Shop\",\"item\":\"https:\/\/dev6.erresse-shop.it\/shop\/\"},{\"@type\":\"ListItem\",\"position\":3,\"name\":\"STAUB Wok mit Glassdeckel 37 cm Graphit-Grau\"}]},{\"@type\":\"WebSite\",\"@id\":\"https:\/\/dev6.erresse-shop.it\/#website\",\"url\":\"https:\/\/dev6.erresse-shop.it\/\",\"name\":\"Erresse Shop\",\"description\":\"\",\"publisher\":{\"@id\":\"https:\/\/dev6.erresse-shop.it\/#organization\"},\"potentialAction\":[{\"@type\":\"SearchAction\",\"target\":{\"@type\":\"EntryPoint\",\"urlTemplate\":\"https:\/\/dev6.erresse-shop.it\/?s={search_term_string}\"},\"query-input\":{\"@type\":\"PropertyValueSpecification\",\"valueRequired\":true,\"valueName\":\"search_term_string\"}}],\"inLanguage\":\"de\"},{\"@type\":\"Organization\",\"@id\":\"https:\/\/dev6.erresse-shop.it\/#organization\",\"name\":\"Erresse Shop\",\"url\":\"https:\/\/dev6.erresse-shop.it\/\",\"logo\":{\"@type\":\"ImageObject\",\"inLanguage\":\"de\",\"@id\":\"https:\/\/dev6.erresse-shop.it\/#\/schema\/logo\/image\/\",\"url\":\"https:\/\/dev6.erresse-shop.it\/wp-content\/uploads\/2025\/01\/LOGO-ERRESSE-CLASSICO.svg\",\"contentUrl\":\"https:\/\/dev6.erresse-shop.it\/wp-content\/uploads\/2025\/01\/LOGO-ERRESSE-CLASSICO.svg\",\"caption\":\"Erresse Shop\"},\"image\":{\"@id\":\"https:\/\/dev6.erresse-shop.it\/#\/schema\/logo\/image\/\"}}]}<\/script>\n<!-- \/ Yoast SEO plugin. -->","yoast_head_json":{"title":"STAUB Wok mit Glassdeckel 37 cm Graphit-Grau - dev6 Erresse","description":"Mit der Wokpfanne von STAUB gelingen originale sowie originelle Rezepte mit Fisch, Fleisch, Tofu oder Gem\u00fcse aus der asiatischen K\u00fcche: Die Zutaten werden","robots":{"index":"noindex","follow":"follow","max-snippet":"max-snippet:-1","max-image-preview":"max-image-preview:large","max-video-preview":"max-video-preview:-1"},"og_locale":"de_DE","og_type":"article","og_title":"STAUB Wok mit Glassdeckel 37 cm Graphit-Grau - dev6 Erresse","og_description":"Mit der Wokpfanne von STAUB gelingen originale sowie originelle Rezepte mit Fisch, Fleisch, Tofu oder Gem\u00fcse aus der asiatischen K\u00fcche: Die Zutaten werden","og_url":"https:\/\/dev6.erresse-shop.it\/de\/shop\/toepfe-pfannen\/wok-topf-pfanne\/staub-wok-mit-glassdeckel-37-cm-graphit-grau\/","og_site_name":"dev6 Erresse","og_image":[{"url":"https:\/\/interpim.erresse-shop.it\/Import\/Prodotti\/products-wokgrigia.jpg","type":"","width":"","height":""},{"url":"https:\/\/interpim.erresse-shop.it\/Import\/Prodotti\/products-wokgrigia.jpg","width":1024,"height":1024,"type":"image\/jpeg"}],"twitter_card":"summary_large_image","twitter_image":"https:\/\/interpim.erresse-shop.it\/Import\/Prodotti\/products-wokgrigia.jpg","schema":{"@context":"https:\/\/schema.org","@graph":[{"@type":"WebPage","@id":"https:\/\/dev6.erresse-shop.it\/de\/shop\/toepfe-pfannen\/wok-topf-pfanne\/staub-wok-mit-glassdeckel-37-cm-graphit-grau\/","url":"https:\/\/dev6.erresse-shop.it\/de\/shop\/toepfe-pfannen\/wok-topf-pfanne\/staub-wok-mit-glassdeckel-37-cm-graphit-grau\/","name":"STAUB Wok mit Glassdeckel 37 cm Graphit-Grau - dev6 Erresse","isPartOf":{"@id":"https:\/\/dev6.erresse-shop.it\/#website"},"primaryImageOfPage":{"@id":"https:\/\/dev6.erresse-shop.it\/de\/shop\/toepfe-pfannen\/wok-topf-pfanne\/staub-wok-mit-glassdeckel-37-cm-graphit-grau\/#primaryimage"},"image":{"@id":"https:\/\/dev6.erresse-shop.it\/de\/shop\/toepfe-pfannen\/wok-topf-pfanne\/staub-wok-mit-glassdeckel-37-cm-graphit-grau\/#primaryimage"},"thumbnailUrl":"https:\/\/i1.wp.com\/interpim.erresse-shop.it\/Import\/Prodotti\/products-wokgrigia.jpg?ssl=1","datePublished":"2026-04-15T06:04:06+00:00","description":"Mit der Wokpfanne von STAUB gelingen originale sowie originelle Rezepte mit Fisch, Fleisch, Tofu oder Gem\u00fcse aus der asiatischen K\u00fcche: Die Zutaten werden","breadcrumb":{"@id":"https:\/\/dev6.erresse-shop.it\/de\/shop\/toepfe-pfannen\/wok-topf-pfanne\/staub-wok-mit-glassdeckel-37-cm-graphit-grau\/#breadcrumb"},"inLanguage":"de","potentialAction":[{"@type":"ReadAction","target":["https:\/\/dev6.erresse-shop.it\/de\/shop\/toepfe-pfannen\/wok-topf-pfanne\/staub-wok-mit-glassdeckel-37-cm-graphit-grau\/"]}]},{"@type":"ImageObject","inLanguage":"de","@id":"https:\/\/dev6.erresse-shop.it\/de\/shop\/toepfe-pfannen\/wok-topf-pfanne\/staub-wok-mit-glassdeckel-37-cm-graphit-grau\/#primaryimage","url":"https:\/\/i1.wp.com\/interpim.erresse-shop.it\/Import\/Prodotti\/products-wokgrigia.jpg?ssl=1","contentUrl":"https:\/\/i1.wp.com\/interpim.erresse-shop.it\/Import\/Prodotti\/products-wokgrigia.jpg?ssl=1"},{"@type":"BreadcrumbList","@id":"https:\/\/dev6.erresse-shop.it\/de\/shop\/toepfe-pfannen\/wok-topf-pfanne\/staub-wok-mit-glassdeckel-37-cm-graphit-grau\/#breadcrumb","itemListElement":[{"@type":"ListItem","position":1,"name":"Home","item":"https:\/\/dev6.erresse-shop.it\/"},{"@type":"ListItem","position":2,"name":"Shop","item":"https:\/\/dev6.erresse-shop.it\/shop\/"},{"@type":"ListItem","position":3,"name":"STAUB Wok mit Glassdeckel 37 cm Graphit-Grau"}]},{"@type":"WebSite","@id":"https:\/\/dev6.erresse-shop.it\/#website","url":"https:\/\/dev6.erresse-shop.it\/","name":"Erresse Shop","description":"","publisher":{"@id":"https:\/\/dev6.erresse-shop.it\/#organization"},"potentialAction":[{"@type":"SearchAction","target":{"@type":"EntryPoint","urlTemplate":"https:\/\/dev6.erresse-shop.it\/?s={search_term_string}"},"query-input":{"@type":"PropertyValueSpecification","valueRequired":true,"valueName":"search_term_string"}}],"inLanguage":"de"},{"@type":"Organization","@id":"https:\/\/dev6.erresse-shop.it\/#organization","name":"Erresse Shop","url":"https:\/\/dev6.erresse-shop.it\/","logo":{"@type":"ImageObject","inLanguage":"de","@id":"https:\/\/dev6.erresse-shop.it\/#\/schema\/logo\/image\/","url":"https:\/\/dev6.erresse-shop.it\/wp-content\/uploads\/2025\/01\/LOGO-ERRESSE-CLASSICO.svg","contentUrl":"https:\/\/dev6.erresse-shop.it\/wp-content\/uploads\/2025\/01\/LOGO-ERRESSE-CLASSICO.svg","caption":"Erresse Shop"},"image":{"@id":"https:\/\/dev6.erresse-shop.it\/#\/schema\/logo\/image\/"}}]}},"df_price":169,"df_sale_price":169,"df_regular_price":259,"df_image_link":"https:\/\/i1.wp.com\/interpim.erresse-shop.it\/Import\/Prodotti\/products-wokgrigia.jpg?resize=300,300&ssl=1","fifu_image_url":"https:\/\/interpim.erresse-shop.it\/Import\/Prodotti\/products-wokgrigia.jpg","_links":{"self":[{"href":"https:\/\/dev6.erresse-shop.it\/de\/wp-json\/wp\/v2\/product\/47813","targetHints":{"allow":["GET"]}}],"collection":[{"href":"https:\/\/dev6.erresse-shop.it\/de\/wp-json\/wp\/v2\/product"}],"about":[{"href":"https:\/\/dev6.erresse-shop.it\/de\/wp-json\/wp\/v2\/types\/product"}],"wp:featuredmedia":[{"embeddable":true,"href":"https:\/\/dev6.erresse-shop.it\/de\/wp-json\/wp\/v2\/media\/6382286"}],"wp:attachment":[{"href":"https:\/\/dev6.erresse-shop.it\/de\/wp-json\/wp\/v2\/media?parent=47813"}],"wp:term":[{"taxonomy":"product_cat","embeddable":true,"href":"https:\/\/dev6.erresse-shop.it\/de\/wp-json\/wp\/v2\/product_cat?post=47813"},{"taxonomy":"product_tag","embeddable":true,"href":"https:\/\/dev6.erresse-shop.it\/de\/wp-json\/wp\/v2\/product_tag?post=47813"}],"curies":[{"name":"wp","href":"https:\/\/api.w.org\/{rel}","templated":true}]}}